{"id":19106,"date":"2023-03-02T10:09:20","date_gmt":"2023-03-02T09:09:20","guid":{"rendered":"https:\/\/www.la-jonx.ch\/boutique\/unkategorisiert\/cudrefin\/"},"modified":"2026-03-12T17:35:42","modified_gmt":"2026-03-12T16:35:42","slug":"cudrefin","status":"publish","type":"product","link":"https:\/\/www.la-jonx.ch\/de\/shop-de\/poster\/kantone\/waadt\/cudrefin\/","title":{"rendered":"Cudrefin"},"content":{"rendered":"<h3>Cudrefin \u2014 handillustrierte Schweizer Plakat<\/h3>\n<p>Wir haben Cudrefin so gezeichnet, wie wir es lieben: in Blau- und T\u00fcrkist\u00f6nen, mit fr\u00fchlingshafter Sanftheit. Dieses Schweizer Plakat f\u00e4ngt eine Stimmung ein, die wir teilen \u2014 und aufh\u00e4ngen \u2014 wollten.<\/p>\n<p>In der Schweiz auf halbmattem 180g-Papier mit PEFC\/FSC-Zertifizierung gedruckt, ist es ein originelles Schweizer Geschenk oder ein sch\u00f6nes Dekorationselement f\u00fcr Ihr Wohnzimmer, Schlafzimmer oder B\u00fcro.<\/p>\n<h3>Cudrefin in wenigen Worten<\/h3>\n<p>Cudrefin, am Ufer des Neuenburgersees, ist das Tor zur Grande Cari\u00e7aie, dem gr\u00f6\u00dften Seeufer-Sumpfgebiet der Schweiz. Dieses Fischerdorf ist ein Paradies f\u00fcr Ornithologen.<\/p>\n<blockquote><p><em>\u00ab Am Ufer des Neuenburgersees schl\u00e4ft Cudrefin friedlich ein, begleitet vom Ruf der V\u00f6gel der Grande Cari\u00e7aie. \u00bb<\/em><\/p><\/blockquote>\n<h3>Eigenschaften<\/h3>\n<ul>\n<li>Originale, handgezeichnete Illustration \u2014 Atelier La Jonx, Genf<\/li>\n<li>In der Schweiz auf halbmattem 180g-Papier, PEFC\/FSC-zertifiziert, gedruckt<\/li>\n<li>Erh\u00e4ltlich in 30\u00d740 cm, 50\u00d770 cm und 70\u00d7100 cm<\/li>\n<li>Standardformate f\u00fcr einfaches Einrahmen<\/li>\n<li>Geliefert in stabiler Umschlagverpackung (30\u00d740) oder Schutztube (gro\u00dfe Formate)<\/li>\n<\/ul>\n","protected":false},"excerpt":{"rendered":"<p class='product-intro'>Dieses Plakat von Cudrefin ist eine originale Kreation, von Hand gezeichnet und in der Schweiz auf hochwertigem Papier gedruckt. Das Geschenk, das auf Reisen geht.<\/p>\n<p class='poesie'>Am Ufer des Neuenburgersees schl\u00e4ft Cudrefin friedlich unter den Rufen der V\u00f6gel der Grande Cari\u00e7aie ein.<\/p>\n<br\/>\n","protected":false},"featured_media":37278,"template":"","meta":{"_uag_custom_page_level_css":""},"product_brand":[],"product_cat":[2848,2869,2824],"product_tag":[384,902,898,378,377,496],"class_list":{"0":"post-19106","1":"product","2":"type-product","3":"status-publish","4":"has-post-thumbnail","6":"product_cat-poster","7":"product_cat-waadt","8":"product_cat-kooperationen","9":"product_tag-fahrrad","10":"product_tag-frau","11":"product_tag-kirche","12":"product_tag-reise","13":"product_tag-schweiz","14":"product_tag-waadt","16":"first","17":"instock","18":"shipping-taxable","19":"purchasable","20":"product-type-variable","21":"has-default-attributes"},"yoast_head":"<!-- This site is optimized with the Yoast SEO Premium plugin v27.4 (Yoast SEO v27.4) - https:\/\/yoast.com\/product\/yoast-seo-premium-wordpress\/ -->\n<title>Plakat von Cudrefin | Handillustriertes Schweizer Plakat<\/title>\n<meta name=\"description\" content=\"Plakat von Cudrefin, handillustriertes Schweizer Plakat. Gedruckt in der Schweiz auf hochwertigem Papier. Perfektes Schweizer Geschenk oder originelle Wanddekoration.\" \/>\n<meta name=\"robots\" content=\"index, follow, max-snippet:-1, max-image-preview:large, max-video-preview:-1\" \/>\n<link rel=\"canonical\" href=\"https:\/\/www.la-jonx.ch\/de\/shop-de\/poster\/kantone\/waadt\/cudrefin\/\" \/>\n<meta property=\"og:locale\" content=\"de_DE\" \/>\n<meta property=\"og:type\" content=\"article\" \/>\n<meta property=\"og:title\" content=\"Cudrefin\" \/>\n<meta property=\"og:description\" content=\"Plakat von Cudrefin, handillustriertes Schweizer Plakat. Gedruckt in der Schweiz auf hochwertigem Papier. Perfektes Schweizer Geschenk oder originelle Wanddekoration.\" \/>\n<meta property=\"og:url\" content=\"https:\/\/www.la-jonx.ch\/de\/shop-de\/poster\/kantone\/waadt\/cudrefin\/\" \/>\n<meta property=\"og:site_name\" content=\"La Jonx\" \/>\n<meta property=\"article:publisher\" content=\"https:\/\/www.facebook.com\/lajonx.ch\" \/>\n<meta property=\"article:modified_time\" content=\"2026-03-12T16:35:42+00:00\" \/>\n<meta property=\"og:image\" content=\"https:\/\/www.la-jonx.ch\/wp-content\/uploads\/2025\/07\/17-Affiche-Suisse-Poster-La-Jonx-Cudrefin.jpg\" \/>\n\t<meta property=\"og:image:width\" content=\"1400\" \/>\n\t<meta property=\"og:image:height\" content=\"1650\" \/>\n\t<meta property=\"og:image:type\" content=\"image\/jpeg\" \/>\n<meta name=\"twitter:card\" content=\"summary_large_image\" \/>\n<meta name=\"twitter:label1\" content=\"Verf\u00fcgbarkeit\" \/>\n\t<meta name=\"twitter:data1\" content=\"Auf Lager\" \/>\n<script type=\"application\/ld+json\" class=\"yoast-schema-graph\">{\"@context\":\"https:\\\/\\\/schema.org\",\"@graph\":[{\"@type\":\"WebPage\",\"@id\":\"https:\\\/\\\/www.la-jonx.ch\\\/de\\\/shop-de\\\/poster\\\/kantone\\\/waadt\\\/cudrefin\\\/\",\"url\":\"https:\\\/\\\/www.la-jonx.ch\\\/de\\\/shop-de\\\/poster\\\/kantone\\\/waadt\\\/cudrefin\\\/\",\"name\":\"Plakat von Cudrefin | Handillustriertes Schweizer Plakat\",\"isPartOf\":{\"@id\":\"https:\\\/\\\/www.la-jonx.ch\\\/de\\\/#website\"},\"primaryImageOfPage\":{\"@id\":\"https:\\\/\\\/www.la-jonx.ch\\\/de\\\/shop-de\\\/poster\\\/kantone\\\/waadt\\\/cudrefin\\\/#primaryimage\"},\"image\":{\"@id\":\"https:\\\/\\\/www.la-jonx.ch\\\/de\\\/shop-de\\\/poster\\\/kantone\\\/waadt\\\/cudrefin\\\/#primaryimage\"},\"thumbnailUrl\":\"https:\\\/\\\/www.la-jonx.ch\\\/wp-content\\\/uploads\\\/2025\\\/07\\\/17-Affiche-Suisse-Poster-La-Jonx-Cudrefin.jpg\",\"datePublished\":\"2023-03-02T09:09:20+00:00\",\"dateModified\":\"2026-03-12T16:35:42+00:00\",\"description\":\"Plakat von Cudrefin, handillustriertes Schweizer Plakat. Gedruckt in der Schweiz auf hochwertigem Papier. Perfektes Schweizer Geschenk oder originelle Wanddekoration.\",\"breadcrumb\":{\"@id\":\"https:\\\/\\\/www.la-jonx.ch\\\/de\\\/shop-de\\\/poster\\\/kantone\\\/waadt\\\/cudrefin\\\/#breadcrumb\"},\"inLanguage\":\"de\",\"potentialAction\":[{\"@type\":\"ReadAction\",\"target\":[\"https:\\\/\\\/www.la-jonx.ch\\\/de\\\/shop-de\\\/poster\\\/kantone\\\/waadt\\\/cudrefin\\\/\"]}]},{\"@type\":\"ImageObject\",\"inLanguage\":\"de\",\"@id\":\"https:\\\/\\\/www.la-jonx.ch\\\/de\\\/shop-de\\\/poster\\\/kantone\\\/waadt\\\/cudrefin\\\/#primaryimage\",\"url\":\"https:\\\/\\\/www.la-jonx.ch\\\/wp-content\\\/uploads\\\/2025\\\/07\\\/17-Affiche-Suisse-Poster-La-Jonx-Cudrefin.jpg\",\"contentUrl\":\"https:\\\/\\\/www.la-jonx.ch\\\/wp-content\\\/uploads\\\/2025\\\/07\\\/17-Affiche-Suisse-Poster-La-Jonx-Cudrefin.jpg\",\"width\":1400,\"height\":1650,\"caption\":\"Screenshot\"},{\"@type\":\"BreadcrumbList\",\"@id\":\"https:\\\/\\\/www.la-jonx.ch\\\/de\\\/shop-de\\\/poster\\\/kantone\\\/waadt\\\/cudrefin\\\/#breadcrumb\",\"itemListElement\":[{\"@type\":\"ListItem\",\"position\":1,\"name\":\"Accueil\",\"item\":\"https:\\\/\\\/www.la-jonx.ch\\\/de\\\/\"},{\"@type\":\"ListItem\",\"position\":2,\"name\":\"Shop\",\"item\":\"https:\\\/\\\/www.la-jonx.ch\\\/shop\\\/?lang=de\"},{\"@type\":\"ListItem\",\"position\":3,\"name\":\"Poster\",\"item\":\"https:\\\/\\\/www.la-jonx.ch\\\/de\\\/produktkategorie\\\/poster\\\/\"},{\"@type\":\"ListItem\",\"position\":4,\"name\":\"KANTONE\",\"item\":\"https:\\\/\\\/www.la-jonx.ch\\\/de\\\/produktkategorie\\\/poster\\\/kantone\\\/\"},{\"@type\":\"ListItem\",\"position\":5,\"name\":\"Waadt\",\"item\":\"https:\\\/\\\/www.la-jonx.ch\\\/de\\\/produktkategorie\\\/poster\\\/kantone\\\/waadt\\\/\"},{\"@type\":\"ListItem\",\"position\":6,\"name\":\"Cudrefin\"}]},{\"@type\":\"WebSite\",\"@id\":\"https:\\\/\\\/www.la-jonx.ch\\\/de\\\/#website\",\"url\":\"https:\\\/\\\/www.la-jonx.ch\\\/de\\\/\",\"name\":\"La Jonx\",\"description\":\"Schweizer Grafikwerkstatt\",\"publisher\":{\"@id\":\"https:\\\/\\\/www.la-jonx.ch\\\/de\\\/#organization\"},\"potentialAction\":[{\"@type\":\"SearchAction\",\"target\":{\"@type\":\"EntryPoint\",\"urlTemplate\":\"https:\\\/\\\/www.la-jonx.ch\\\/de\\\/?s={search_term_string}\"},\"query-input\":{\"@type\":\"PropertyValueSpecification\",\"valueRequired\":true,\"valueName\":\"search_term_string\"}}],\"inLanguage\":\"de\"},{\"@type\":\"Organization\",\"@id\":\"https:\\\/\\\/www.la-jonx.ch\\\/de\\\/#organization\",\"name\":\"La Jonx\",\"url\":\"https:\\\/\\\/www.la-jonx.ch\\\/de\\\/\",\"logo\":{\"@type\":\"ImageObject\",\"inLanguage\":\"de\",\"@id\":\"https:\\\/\\\/www.la-jonx.ch\\\/de\\\/#\\\/schema\\\/logo\\\/image\\\/\",\"url\":\"https:\\\/\\\/www.la-jonx.ch\\\/wp-content\\\/uploads\\\/2021\\\/09\\\/logo-la-jonx-atzelier-graphique.png\",\"contentUrl\":\"https:\\\/\\\/www.la-jonx.ch\\\/wp-content\\\/uploads\\\/2021\\\/09\\\/logo-la-jonx-atzelier-graphique.png\",\"width\":378,\"height\":129,\"caption\":\"La Jonx\"},\"image\":{\"@id\":\"https:\\\/\\\/www.la-jonx.ch\\\/de\\\/#\\\/schema\\\/logo\\\/image\\\/\"},\"sameAs\":[\"https:\\\/\\\/www.facebook.com\\\/lajonx.ch\",\"https:\\\/\\\/www.instagram.com\\\/lajonx.ch\\\/?hl=fr\"]}]}<\/script>\n<meta property=\"og:availability\" content=\"instock\" \/>\n<meta property=\"product:availability\" content=\"instock\" \/>\n<meta property=\"product:condition\" content=\"new\" \/>\n<!-- \/ Yoast SEO Premium plugin. -->","yoast_head_json":{"title":"Plakat von Cudrefin | Handillustriertes Schweizer Plakat","description":"Plakat von Cudrefin, handillustriertes Schweizer Plakat. Gedruckt in der Schweiz auf hochwertigem Papier. Perfektes Schweizer Geschenk oder originelle Wanddekoration.","robots":{"index":"index","follow":"follow","max-snippet":"max-snippet:-1","max-image-preview":"max-image-preview:large","max-video-preview":"max-video-preview:-1"},"canonical":"https:\/\/www.la-jonx.ch\/de\/shop-de\/poster\/kantone\/waadt\/cudrefin\/","og_locale":"de_DE","og_type":"article","og_title":"Cudrefin","og_description":"Plakat von Cudrefin, handillustriertes Schweizer Plakat. Gedruckt in der Schweiz auf hochwertigem Papier. Perfektes Schweizer Geschenk oder originelle Wanddekoration.","og_url":"https:\/\/www.la-jonx.ch\/de\/shop-de\/poster\/kantone\/waadt\/cudrefin\/","og_site_name":"La Jonx","article_publisher":"https:\/\/www.facebook.com\/lajonx.ch","article_modified_time":"2026-03-12T16:35:42+00:00","og_image":[{"width":1400,"height":1650,"url":"https:\/\/www.la-jonx.ch\/wp-content\/uploads\/2025\/07\/17-Affiche-Suisse-Poster-La-Jonx-Cudrefin.jpg","type":"image\/jpeg"}],"twitter_card":"summary_large_image","twitter_misc":{"Verf\u00fcgbarkeit":"Auf Lager"},"schema":{"@context":"https:\/\/schema.org","@graph":[{"@type":"WebPage","@id":"https:\/\/www.la-jonx.ch\/de\/shop-de\/poster\/kantone\/waadt\/cudrefin\/","url":"https:\/\/www.la-jonx.ch\/de\/shop-de\/poster\/kantone\/waadt\/cudrefin\/","name":"Plakat von Cudrefin | Handillustriertes Schweizer Plakat","isPartOf":{"@id":"https:\/\/www.la-jonx.ch\/de\/#website"},"primaryImageOfPage":{"@id":"https:\/\/www.la-jonx.ch\/de\/shop-de\/poster\/kantone\/waadt\/cudrefin\/#primaryimage"},"image":{"@id":"https:\/\/www.la-jonx.ch\/de\/shop-de\/poster\/kantone\/waadt\/cudrefin\/#primaryimage"},"thumbnailUrl":"https:\/\/www.la-jonx.ch\/wp-content\/uploads\/2025\/07\/17-Affiche-Suisse-Poster-La-Jonx-Cudrefin.jpg","datePublished":"2023-03-02T09:09:20+00:00","dateModified":"2026-03-12T16:35:42+00:00","description":"Plakat von Cudrefin, handillustriertes Schweizer Plakat. Gedruckt in der Schweiz auf hochwertigem Papier. Perfektes Schweizer Geschenk oder originelle Wanddekoration.","breadcrumb":{"@id":"https:\/\/www.la-jonx.ch\/de\/shop-de\/poster\/kantone\/waadt\/cudrefin\/#breadcrumb"},"inLanguage":"de","potentialAction":[{"@type":"ReadAction","target":["https:\/\/www.la-jonx.ch\/de\/shop-de\/poster\/kantone\/waadt\/cudrefin\/"]}]},{"@type":"ImageObject","inLanguage":"de","@id":"https:\/\/www.la-jonx.ch\/de\/shop-de\/poster\/kantone\/waadt\/cudrefin\/#primaryimage","url":"https:\/\/www.la-jonx.ch\/wp-content\/uploads\/2025\/07\/17-Affiche-Suisse-Poster-La-Jonx-Cudrefin.jpg","contentUrl":"https:\/\/www.la-jonx.ch\/wp-content\/uploads\/2025\/07\/17-Affiche-Suisse-Poster-La-Jonx-Cudrefin.jpg","width":1400,"height":1650,"caption":"Screenshot"},{"@type":"BreadcrumbList","@id":"https:\/\/www.la-jonx.ch\/de\/shop-de\/poster\/kantone\/waadt\/cudrefin\/#breadcrumb","itemListElement":[{"@type":"ListItem","position":1,"name":"Accueil","item":"https:\/\/www.la-jonx.ch\/de\/"},{"@type":"ListItem","position":2,"name":"Shop","item":"https:\/\/www.la-jonx.ch\/shop\/?lang=de"},{"@type":"ListItem","position":3,"name":"Poster","item":"https:\/\/www.la-jonx.ch\/de\/produktkategorie\/poster\/"},{"@type":"ListItem","position":4,"name":"KANTONE","item":"https:\/\/www.la-jonx.ch\/de\/produktkategorie\/poster\/kantone\/"},{"@type":"ListItem","position":5,"name":"Waadt","item":"https:\/\/www.la-jonx.ch\/de\/produktkategorie\/poster\/kantone\/waadt\/"},{"@type":"ListItem","position":6,"name":"Cudrefin"}]},{"@type":"WebSite","@id":"https:\/\/www.la-jonx.ch\/de\/#website","url":"https:\/\/www.la-jonx.ch\/de\/","name":"La Jonx","description":"Schweizer Grafikwerkstatt","publisher":{"@id":"https:\/\/www.la-jonx.ch\/de\/#organization"},"potentialAction":[{"@type":"SearchAction","target":{"@type":"EntryPoint","urlTemplate":"https:\/\/www.la-jonx.ch\/de\/?s={search_term_string}"},"query-input":{"@type":"PropertyValueSpecification","valueRequired":true,"valueName":"search_term_string"}}],"inLanguage":"de"},{"@type":"Organization","@id":"https:\/\/www.la-jonx.ch\/de\/#organization","name":"La Jonx","url":"https:\/\/www.la-jonx.ch\/de\/","logo":{"@type":"ImageObject","inLanguage":"de","@id":"https:\/\/www.la-jonx.ch\/de\/#\/schema\/logo\/image\/","url":"https:\/\/www.la-jonx.ch\/wp-content\/uploads\/2021\/09\/logo-la-jonx-atzelier-graphique.png","contentUrl":"https:\/\/www.la-jonx.ch\/wp-content\/uploads\/2021\/09\/logo-la-jonx-atzelier-graphique.png","width":378,"height":129,"caption":"La Jonx"},"image":{"@id":"https:\/\/www.la-jonx.ch\/de\/#\/schema\/logo\/image\/"},"sameAs":["https:\/\/www.facebook.com\/lajonx.ch","https:\/\/www.instagram.com\/lajonx.ch\/?hl=fr"]}]},"og_availability":"instock","product_availability":"instock","product_condition":"new"},"additional_image_1":"https:\/\/www.la-jonx.ch\/wp-content\/uploads\/2025\/07\/51-Enveloppe-avec-Poster-La-Jonx-Cudrefin.jpg","additional_image_2":"https:\/\/www.la-jonx.ch\/wp-content\/uploads\/2025\/07\/51-Poster-on-a-wall-Cudrefin.jpg","uagb_featured_image_src":{"full":["https:\/\/www.la-jonx.ch\/wp-content\/uploads\/2025\/07\/17-Affiche-Suisse-Poster-La-Jonx-Cudrefin.jpg",1400,1650,false],"thumbnail":["https:\/\/www.la-jonx.ch\/wp-content\/uploads\/2025\/07\/17-Affiche-Suisse-Poster-La-Jonx-Cudrefin-150x150.jpg",150,150,true],"medium":["https:\/\/www.la-jonx.ch\/wp-content\/uploads\/2025\/07\/17-Affiche-Suisse-Poster-La-Jonx-Cudrefin-255x300.jpg",255,300,true],"medium_large":["https:\/\/www.la-jonx.ch\/wp-content\/uploads\/2025\/07\/17-Affiche-Suisse-Poster-La-Jonx-Cudrefin-768x905.jpg",768,905,true],"large":["https:\/\/www.la-jonx.ch\/wp-content\/uploads\/2025\/07\/17-Affiche-Suisse-Poster-La-Jonx-Cudrefin-869x1024.jpg",869,1024,true],"1536x1536":["https:\/\/www.la-jonx.ch\/wp-content\/uploads\/2025\/07\/17-Affiche-Suisse-Poster-La-Jonx-Cudrefin-1303x1536.jpg",1303,1536,true],"2048x2048":["https:\/\/www.la-jonx.ch\/wp-content\/uploads\/2025\/07\/17-Affiche-Suisse-Poster-La-Jonx-Cudrefin.jpg",1400,1650,false],"woocommerce_thumbnail":["https:\/\/www.la-jonx.ch\/wp-content\/uploads\/2025\/07\/17-Affiche-Suisse-Poster-La-Jonx-Cudrefin-350x420.jpg",350,420,true],"woocommerce_single":["https:\/\/www.la-jonx.ch\/wp-content\/uploads\/2025\/07\/17-Affiche-Suisse-Poster-La-Jonx-Cudrefin-510x601.jpg",510,601,true],"woocommerce_gallery_thumbnail":["https:\/\/www.la-jonx.ch\/wp-content\/uploads\/2025\/07\/17-Affiche-Suisse-Poster-La-Jonx-Cudrefin-100x100.jpg",100,100,true],"dgwt-wcas-product-suggestion":["https:\/\/www.la-jonx.ch\/wp-content\/uploads\/2025\/07\/17-Affiche-Suisse-Poster-La-Jonx-Cudrefin.jpg",64,75,false]},"uagb_author_info":{"display_name":"L'atelier La Jonx","author_link":"https:\/\/www.la-jonx.ch\/de\/author\/"},"uagb_comment_info":0,"uagb_excerpt":"Dieses Plakat von Cudrefin ist eine originale Kreation, von Hand gezeichnet und in der Schweiz auf hochwertigem Papier gedruckt. Das Geschenk, das auf Reisen geht.Am Ufer des Neuenburgersees schl\u00e4ft Cudrefin friedlich unter den Rufen der V\u00f6gel der Grande Cari\u00e7aie ein.[block id='affiches-short-description-addon']","_links":{"self":[{"href":"https:\/\/www.la-jonx.ch\/de\/wp-json\/wp\/v2\/product\/19106","targetHints":{"allow":["GET"]}}],"collection":[{"href":"https:\/\/www.la-jonx.ch\/de\/wp-json\/wp\/v2\/product"}],"about":[{"href":"https:\/\/www.la-jonx.ch\/de\/wp-json\/wp\/v2\/types\/product"}],"wp:featuredmedia":[{"embeddable":true,"href":"https:\/\/www.la-jonx.ch\/de\/wp-json\/wp\/v2\/media\/37278"}],"wp:attachment":[{"href":"https:\/\/www.la-jonx.ch\/de\/wp-json\/wp\/v2\/media?parent=19106"}],"wp:term":[{"taxonomy":"product_brand","embeddable":true,"href":"https:\/\/www.la-jonx.ch\/de\/wp-json\/wp\/v2\/product_brand?post=19106"},{"taxonomy":"product_cat","embeddable":true,"href":"https:\/\/www.la-jonx.ch\/de\/wp-json\/wp\/v2\/product_cat?post=19106"},{"taxonomy":"product_tag","embeddable":true,"href":"https:\/\/www.la-jonx.ch\/de\/wp-json\/wp\/v2\/product_tag?post=19106"}],"curies":[{"name":"wp","href":"https:\/\/api.w.org\/{rel}","templated":true}]}}