{"id":19306,"date":"2023-03-22T15:24:16","date_gmt":"2023-03-22T14:24:16","guid":{"rendered":"https:\/\/www.la-jonx.ch\/?post_type=product&#038;p=19306"},"modified":"2026-03-12T17:35:56","modified_gmt":"2026-03-12T16:35:56","slug":"dumanfische","status":"publish","type":"product","link":"https:\/\/www.la-jonx.ch\/de\/shop-de\/poster\/themen\/seen-und-flusse\/dumanfische\/","title":{"rendered":"Fische aus dem Genfersee"},"content":{"rendered":"<h3>Fische vom Genfersee \u2014 originale schweizerische Handwerkskunst<\/h3>\n<p>Eine handgefertigte Kreation aus der Schweiz von der Werkstatt La Jonx. Fische vom Genfersee wird mit der gleichen Sorgfalt hergestellt wie alle unsere Kreationen. Ein einzigartiges Schweizer Geschenk, das aus dem Gew\u00f6hnlichen heraussticht.<\/p>\n<blockquote><p><em>\u00ab Sie schweben im Wind, bunt und fr\u00f6hlich, wie Kindertr\u00e4ume, die in der Luft h\u00e4ngen. \u00bb<\/em><\/p><\/blockquote>\n<h3>Eigenschaften<\/h3>\n<ul>\n<li>Originalkreation \u2014 Werkstatt La Jonx, Genf<\/li>\n<li>Handgefertigt in der Schweiz<\/li>\n<\/ul>\n","protected":false},"excerpt":{"rendered":"<p class='product-intro'>Diese handgefertigte Kreation Poissons du L\u00e9man ist eine originelle Kreation, handgefertigt in der Schweiz mit hochwertigen Materialien. Ein originelles Geschenk f\u00fcr alle Liebhaber der Schweiz.<\/p>\n<p class='poesie'>Sie schweben im Wind, bunt und fr\u00f6hlich, wie Kindertr\u00e4ume, die in der Luft h\u00e4ngen.<\/p>\n","protected":false},"featured_media":37210,"template":"","meta":{"_uag_custom_page_level_css":""},"product_brand":[],"product_cat":[2848,2819],"product_tag":[391,387,389,378,388,377,379,380],"class_list":{"0":"post-19306","1":"product","2":"type-product","3":"status-publish","4":"has-post-thumbnail","6":"product_cat-poster","7":"product_cat-seen-und-flusse","8":"product_tag-alpen","9":"product_tag-berg","10":"product_tag-genfersee","11":"product_tag-reise","12":"product_tag-schwane","13":"product_tag-schweiz","14":"product_tag-swizerland-de","15":"product_tag-terrassen","17":"first","18":"instock","19":"shipping-taxable","20":"purchasable","21":"product-type-variable","22":"has-default-attributes"},"yoast_head":"<!-- This site is optimized with the Yoast SEO Premium plugin v27.4 (Yoast SEO v27.4) - https:\/\/yoast.com\/product\/yoast-seo-premium-wordpress\/ -->\n<title>Fische aus dem Genfersee | Schweizer Handwerk Handgemacht \ud83c\udde8\ud83c\udded<\/title>\n<meta name=\"description\" content=\"Fische aus dem Genfersee \u2014 Original Schweizer Design La Jonx. Ein einzigartiges und originelles Schweizer Geschenk. Kreatives Atelier in Genf seit 2018.\" \/>\n<meta name=\"robots\" content=\"index, follow, max-snippet:-1, max-image-preview:large, max-video-preview:-1\" \/>\n<link rel=\"canonical\" href=\"https:\/\/www.la-jonx.ch\/de\/shop-de\/poster\/themen\/seen-und-flusse\/dumanfische\/\" \/>\n<meta property=\"og:locale\" content=\"de_DE\" \/>\n<meta property=\"og:type\" content=\"article\" \/>\n<meta property=\"og:title\" content=\"Fische aus dem Genfersee\" \/>\n<meta property=\"og:description\" content=\"Fische aus dem Genfersee \u2014 Original Schweizer Design La Jonx. Ein einzigartiges und originelles Schweizer Geschenk. Kreatives Atelier in Genf seit 2018.\" \/>\n<meta property=\"og:url\" content=\"https:\/\/www.la-jonx.ch\/de\/shop-de\/poster\/themen\/seen-und-flusse\/dumanfische\/\" \/>\n<meta property=\"og:site_name\" content=\"La Jonx\" \/>\n<meta property=\"article:publisher\" content=\"https:\/\/www.facebook.com\/lajonx.ch\" \/>\n<meta property=\"article:modified_time\" content=\"2026-03-12T16:35:56+00:00\" \/>\n<meta property=\"og:image\" content=\"https:\/\/www.la-jonx.ch\/wp-content\/uploads\/2025\/07\/121-Affiche-Suisse-Poster-La-Jonx-Poissons-du-Leman.jpg\" \/>\n\t<meta property=\"og:image:width\" content=\"1400\" \/>\n\t<meta property=\"og:image:height\" content=\"1650\" \/>\n\t<meta property=\"og:image:type\" content=\"image\/jpeg\" \/>\n<meta name=\"twitter:card\" content=\"summary_large_image\" \/>\n<meta name=\"twitter:label1\" content=\"Verf\u00fcgbarkeit\" \/>\n\t<meta name=\"twitter:data1\" content=\"Auf Lager\" \/>\n<script type=\"application\/ld+json\" class=\"yoast-schema-graph\">{\"@context\":\"https:\\\/\\\/schema.org\",\"@graph\":[{\"@type\":\"WebPage\",\"@id\":\"https:\\\/\\\/www.la-jonx.ch\\\/de\\\/shop-de\\\/poster\\\/themen\\\/seen-und-flusse\\\/dumanfische\\\/\",\"url\":\"https:\\\/\\\/www.la-jonx.ch\\\/de\\\/shop-de\\\/poster\\\/themen\\\/seen-und-flusse\\\/dumanfische\\\/\",\"name\":\"Fische aus dem Genfersee | Schweizer Handwerk Handgemacht \ud83c\udde8\ud83c\udded\",\"isPartOf\":{\"@id\":\"https:\\\/\\\/www.la-jonx.ch\\\/de\\\/#website\"},\"primaryImageOfPage\":{\"@id\":\"https:\\\/\\\/www.la-jonx.ch\\\/de\\\/shop-de\\\/poster\\\/themen\\\/seen-und-flusse\\\/dumanfische\\\/#primaryimage\"},\"image\":{\"@id\":\"https:\\\/\\\/www.la-jonx.ch\\\/de\\\/shop-de\\\/poster\\\/themen\\\/seen-und-flusse\\\/dumanfische\\\/#primaryimage\"},\"thumbnailUrl\":\"https:\\\/\\\/www.la-jonx.ch\\\/wp-content\\\/uploads\\\/2025\\\/07\\\/121-Affiche-Suisse-Poster-La-Jonx-Poissons-du-Leman.jpg\",\"datePublished\":\"2023-03-22T14:24:16+00:00\",\"dateModified\":\"2026-03-12T16:35:56+00:00\",\"description\":\"Fische aus dem Genfersee \u2014 Original Schweizer Design La Jonx. Ein einzigartiges und originelles Schweizer Geschenk. Kreatives Atelier in Genf seit 2018.\",\"breadcrumb\":{\"@id\":\"https:\\\/\\\/www.la-jonx.ch\\\/de\\\/shop-de\\\/poster\\\/themen\\\/seen-und-flusse\\\/dumanfische\\\/#breadcrumb\"},\"inLanguage\":\"de\",\"potentialAction\":[{\"@type\":\"ReadAction\",\"target\":[\"https:\\\/\\\/www.la-jonx.ch\\\/de\\\/shop-de\\\/poster\\\/themen\\\/seen-und-flusse\\\/dumanfische\\\/\"]}]},{\"@type\":\"ImageObject\",\"inLanguage\":\"de\",\"@id\":\"https:\\\/\\\/www.la-jonx.ch\\\/de\\\/shop-de\\\/poster\\\/themen\\\/seen-und-flusse\\\/dumanfische\\\/#primaryimage\",\"url\":\"https:\\\/\\\/www.la-jonx.ch\\\/wp-content\\\/uploads\\\/2025\\\/07\\\/121-Affiche-Suisse-Poster-La-Jonx-Poissons-du-Leman.jpg\",\"contentUrl\":\"https:\\\/\\\/www.la-jonx.ch\\\/wp-content\\\/uploads\\\/2025\\\/07\\\/121-Affiche-Suisse-Poster-La-Jonx-Poissons-du-Leman.jpg\",\"width\":1400,\"height\":1650,\"caption\":\"Screenshot\"},{\"@type\":\"BreadcrumbList\",\"@id\":\"https:\\\/\\\/www.la-jonx.ch\\\/de\\\/shop-de\\\/poster\\\/themen\\\/seen-und-flusse\\\/dumanfische\\\/#breadcrumb\",\"itemListElement\":[{\"@type\":\"ListItem\",\"position\":1,\"name\":\"Accueil\",\"item\":\"https:\\\/\\\/www.la-jonx.ch\\\/de\\\/\"},{\"@type\":\"ListItem\",\"position\":2,\"name\":\"Shop\",\"item\":\"https:\\\/\\\/www.la-jonx.ch\\\/shop\\\/?lang=de\"},{\"@type\":\"ListItem\",\"position\":3,\"name\":\"Poster\",\"item\":\"https:\\\/\\\/www.la-jonx.ch\\\/de\\\/produktkategorie\\\/poster\\\/\"},{\"@type\":\"ListItem\",\"position\":4,\"name\":\"Themen\",\"item\":\"https:\\\/\\\/www.la-jonx.ch\\\/de\\\/produktkategorie\\\/poster\\\/themen\\\/\"},{\"@type\":\"ListItem\",\"position\":5,\"name\":\"Seen und Fl\u00fcsse\",\"item\":\"https:\\\/\\\/www.la-jonx.ch\\\/de\\\/produktkategorie\\\/poster\\\/themen\\\/seen-und-flusse\\\/\"},{\"@type\":\"ListItem\",\"position\":6,\"name\":\"Fische aus dem Genfersee\"}]},{\"@type\":\"WebSite\",\"@id\":\"https:\\\/\\\/www.la-jonx.ch\\\/de\\\/#website\",\"url\":\"https:\\\/\\\/www.la-jonx.ch\\\/de\\\/\",\"name\":\"La Jonx\",\"description\":\"Schweizer Grafikwerkstatt\",\"publisher\":{\"@id\":\"https:\\\/\\\/www.la-jonx.ch\\\/de\\\/#organization\"},\"potentialAction\":[{\"@type\":\"SearchAction\",\"target\":{\"@type\":\"EntryPoint\",\"urlTemplate\":\"https:\\\/\\\/www.la-jonx.ch\\\/de\\\/?s={search_term_string}\"},\"query-input\":{\"@type\":\"PropertyValueSpecification\",\"valueRequired\":true,\"valueName\":\"search_term_string\"}}],\"inLanguage\":\"de\"},{\"@type\":\"Organization\",\"@id\":\"https:\\\/\\\/www.la-jonx.ch\\\/de\\\/#organization\",\"name\":\"La Jonx\",\"url\":\"https:\\\/\\\/www.la-jonx.ch\\\/de\\\/\",\"logo\":{\"@type\":\"ImageObject\",\"inLanguage\":\"de\",\"@id\":\"https:\\\/\\\/www.la-jonx.ch\\\/de\\\/#\\\/schema\\\/logo\\\/image\\\/\",\"url\":\"https:\\\/\\\/www.la-jonx.ch\\\/wp-content\\\/uploads\\\/2021\\\/09\\\/logo-la-jonx-atzelier-graphique.png\",\"contentUrl\":\"https:\\\/\\\/www.la-jonx.ch\\\/wp-content\\\/uploads\\\/2021\\\/09\\\/logo-la-jonx-atzelier-graphique.png\",\"width\":378,\"height\":129,\"caption\":\"La Jonx\"},\"image\":{\"@id\":\"https:\\\/\\\/www.la-jonx.ch\\\/de\\\/#\\\/schema\\\/logo\\\/image\\\/\"},\"sameAs\":[\"https:\\\/\\\/www.facebook.com\\\/lajonx.ch\",\"https:\\\/\\\/www.instagram.com\\\/lajonx.ch\\\/?hl=fr\"]}]}<\/script>\n<meta property=\"og:availability\" content=\"instock\" \/>\n<meta property=\"product:availability\" content=\"instock\" \/>\n<meta property=\"product:condition\" content=\"new\" \/>\n<!-- \/ Yoast SEO Premium plugin. -->","yoast_head_json":{"title":"Fische aus dem Genfersee | Schweizer Handwerk Handgemacht \ud83c\udde8\ud83c\udded","description":"Fische aus dem Genfersee \u2014 Original Schweizer Design La Jonx. Ein einzigartiges und originelles Schweizer Geschenk. Kreatives Atelier in Genf seit 2018.","robots":{"index":"index","follow":"follow","max-snippet":"max-snippet:-1","max-image-preview":"max-image-preview:large","max-video-preview":"max-video-preview:-1"},"canonical":"https:\/\/www.la-jonx.ch\/de\/shop-de\/poster\/themen\/seen-und-flusse\/dumanfische\/","og_locale":"de_DE","og_type":"article","og_title":"Fische aus dem Genfersee","og_description":"Fische aus dem Genfersee \u2014 Original Schweizer Design La Jonx. Ein einzigartiges und originelles Schweizer Geschenk. Kreatives Atelier in Genf seit 2018.","og_url":"https:\/\/www.la-jonx.ch\/de\/shop-de\/poster\/themen\/seen-und-flusse\/dumanfische\/","og_site_name":"La Jonx","article_publisher":"https:\/\/www.facebook.com\/lajonx.ch","article_modified_time":"2026-03-12T16:35:56+00:00","og_image":[{"width":1400,"height":1650,"url":"https:\/\/www.la-jonx.ch\/wp-content\/uploads\/2025\/07\/121-Affiche-Suisse-Poster-La-Jonx-Poissons-du-Leman.jpg","type":"image\/jpeg"}],"twitter_card":"summary_large_image","twitter_misc":{"Verf\u00fcgbarkeit":"Auf Lager"},"schema":{"@context":"https:\/\/schema.org","@graph":[{"@type":"WebPage","@id":"https:\/\/www.la-jonx.ch\/de\/shop-de\/poster\/themen\/seen-und-flusse\/dumanfische\/","url":"https:\/\/www.la-jonx.ch\/de\/shop-de\/poster\/themen\/seen-und-flusse\/dumanfische\/","name":"Fische aus dem Genfersee | Schweizer Handwerk Handgemacht \ud83c\udde8\ud83c\udded","isPartOf":{"@id":"https:\/\/www.la-jonx.ch\/de\/#website"},"primaryImageOfPage":{"@id":"https:\/\/www.la-jonx.ch\/de\/shop-de\/poster\/themen\/seen-und-flusse\/dumanfische\/#primaryimage"},"image":{"@id":"https:\/\/www.la-jonx.ch\/de\/shop-de\/poster\/themen\/seen-und-flusse\/dumanfische\/#primaryimage"},"thumbnailUrl":"https:\/\/www.la-jonx.ch\/wp-content\/uploads\/2025\/07\/121-Affiche-Suisse-Poster-La-Jonx-Poissons-du-Leman.jpg","datePublished":"2023-03-22T14:24:16+00:00","dateModified":"2026-03-12T16:35:56+00:00","description":"Fische aus dem Genfersee \u2014 Original Schweizer Design La Jonx. Ein einzigartiges und originelles Schweizer Geschenk. Kreatives Atelier in Genf seit 2018.","breadcrumb":{"@id":"https:\/\/www.la-jonx.ch\/de\/shop-de\/poster\/themen\/seen-und-flusse\/dumanfische\/#breadcrumb"},"inLanguage":"de","potentialAction":[{"@type":"ReadAction","target":["https:\/\/www.la-jonx.ch\/de\/shop-de\/poster\/themen\/seen-und-flusse\/dumanfische\/"]}]},{"@type":"ImageObject","inLanguage":"de","@id":"https:\/\/www.la-jonx.ch\/de\/shop-de\/poster\/themen\/seen-und-flusse\/dumanfische\/#primaryimage","url":"https:\/\/www.la-jonx.ch\/wp-content\/uploads\/2025\/07\/121-Affiche-Suisse-Poster-La-Jonx-Poissons-du-Leman.jpg","contentUrl":"https:\/\/www.la-jonx.ch\/wp-content\/uploads\/2025\/07\/121-Affiche-Suisse-Poster-La-Jonx-Poissons-du-Leman.jpg","width":1400,"height":1650,"caption":"Screenshot"},{"@type":"BreadcrumbList","@id":"https:\/\/www.la-jonx.ch\/de\/shop-de\/poster\/themen\/seen-und-flusse\/dumanfische\/#breadcrumb","itemListElement":[{"@type":"ListItem","position":1,"name":"Accueil","item":"https:\/\/www.la-jonx.ch\/de\/"},{"@type":"ListItem","position":2,"name":"Shop","item":"https:\/\/www.la-jonx.ch\/shop\/?lang=de"},{"@type":"ListItem","position":3,"name":"Poster","item":"https:\/\/www.la-jonx.ch\/de\/produktkategorie\/poster\/"},{"@type":"ListItem","position":4,"name":"Themen","item":"https:\/\/www.la-jonx.ch\/de\/produktkategorie\/poster\/themen\/"},{"@type":"ListItem","position":5,"name":"Seen und Fl\u00fcsse","item":"https:\/\/www.la-jonx.ch\/de\/produktkategorie\/poster\/themen\/seen-und-flusse\/"},{"@type":"ListItem","position":6,"name":"Fische aus dem Genfersee"}]},{"@type":"WebSite","@id":"https:\/\/www.la-jonx.ch\/de\/#website","url":"https:\/\/www.la-jonx.ch\/de\/","name":"La Jonx","description":"Schweizer Grafikwerkstatt","publisher":{"@id":"https:\/\/www.la-jonx.ch\/de\/#organization"},"potentialAction":[{"@type":"SearchAction","target":{"@type":"EntryPoint","urlTemplate":"https:\/\/www.la-jonx.ch\/de\/?s={search_term_string}"},"query-input":{"@type":"PropertyValueSpecification","valueRequired":true,"valueName":"search_term_string"}}],"inLanguage":"de"},{"@type":"Organization","@id":"https:\/\/www.la-jonx.ch\/de\/#organization","name":"La Jonx","url":"https:\/\/www.la-jonx.ch\/de\/","logo":{"@type":"ImageObject","inLanguage":"de","@id":"https:\/\/www.la-jonx.ch\/de\/#\/schema\/logo\/image\/","url":"https:\/\/www.la-jonx.ch\/wp-content\/uploads\/2021\/09\/logo-la-jonx-atzelier-graphique.png","contentUrl":"https:\/\/www.la-jonx.ch\/wp-content\/uploads\/2021\/09\/logo-la-jonx-atzelier-graphique.png","width":378,"height":129,"caption":"La Jonx"},"image":{"@id":"https:\/\/www.la-jonx.ch\/de\/#\/schema\/logo\/image\/"},"sameAs":["https:\/\/www.facebook.com\/lajonx.ch","https:\/\/www.instagram.com\/lajonx.ch\/?hl=fr"]}]},"og_availability":"instock","product_availability":"instock","product_condition":"new"},"additional_image_1":"https:\/\/www.la-jonx.ch\/wp-content\/uploads\/2025\/07\/121-Enveloppe-avec-Poster-La-Jonx-Poissons-du-Leman.jpg","additional_image_2":"https:\/\/www.la-jonx.ch\/wp-content\/uploads\/2025\/07\/156-Poster-on-a-wall-Poissons-du-Leman.jpg","uagb_featured_image_src":{"full":["https:\/\/www.la-jonx.ch\/wp-content\/uploads\/2025\/07\/121-Affiche-Suisse-Poster-La-Jonx-Poissons-du-Leman.jpg",1400,1650,false],"thumbnail":["https:\/\/www.la-jonx.ch\/wp-content\/uploads\/2025\/07\/121-Affiche-Suisse-Poster-La-Jonx-Poissons-du-Leman-150x150.jpg",150,150,true],"medium":["https:\/\/www.la-jonx.ch\/wp-content\/uploads\/2025\/07\/121-Affiche-Suisse-Poster-La-Jonx-Poissons-du-Leman-255x300.jpg",255,300,true],"medium_large":["https:\/\/www.la-jonx.ch\/wp-content\/uploads\/2025\/07\/121-Affiche-Suisse-Poster-La-Jonx-Poissons-du-Leman-768x905.jpg",768,905,true],"large":["https:\/\/www.la-jonx.ch\/wp-content\/uploads\/2025\/07\/121-Affiche-Suisse-Poster-La-Jonx-Poissons-du-Leman-869x1024.jpg",869,1024,true],"1536x1536":["https:\/\/www.la-jonx.ch\/wp-content\/uploads\/2025\/07\/121-Affiche-Suisse-Poster-La-Jonx-Poissons-du-Leman-1303x1536.jpg",1303,1536,true],"2048x2048":["https:\/\/www.la-jonx.ch\/wp-content\/uploads\/2025\/07\/121-Affiche-Suisse-Poster-La-Jonx-Poissons-du-Leman.jpg",1400,1650,false],"woocommerce_thumbnail":["https:\/\/www.la-jonx.ch\/wp-content\/uploads\/2025\/07\/121-Affiche-Suisse-Poster-La-Jonx-Poissons-du-Leman-350x420.jpg",350,420,true],"woocommerce_single":["https:\/\/www.la-jonx.ch\/wp-content\/uploads\/2025\/07\/121-Affiche-Suisse-Poster-La-Jonx-Poissons-du-Leman-510x601.jpg",510,601,true],"woocommerce_gallery_thumbnail":["https:\/\/www.la-jonx.ch\/wp-content\/uploads\/2025\/07\/121-Affiche-Suisse-Poster-La-Jonx-Poissons-du-Leman-100x100.jpg",100,100,true],"dgwt-wcas-product-suggestion":["https:\/\/www.la-jonx.ch\/wp-content\/uploads\/2025\/07\/121-Affiche-Suisse-Poster-La-Jonx-Poissons-du-Leman.jpg",64,75,false]},"uagb_author_info":{"display_name":"L'atelier La Jonx","author_link":"https:\/\/www.la-jonx.ch\/de\/author\/"},"uagb_comment_info":0,"uagb_excerpt":"Diese handgefertigte Kreation Poissons du L\u00e9man ist eine originelle Kreation, handgefertigt in der Schweiz mit hochwertigen Materialien. Ein originelles Geschenk f\u00fcr alle Liebhaber der Schweiz.Sie schweben im Wind, bunt und fr\u00f6hlich, wie Kindertr\u00e4ume, die in der Luft h\u00e4ngen.","_links":{"self":[{"href":"https:\/\/www.la-jonx.ch\/de\/wp-json\/wp\/v2\/product\/19306","targetHints":{"allow":["GET"]}}],"collection":[{"href":"https:\/\/www.la-jonx.ch\/de\/wp-json\/wp\/v2\/product"}],"about":[{"href":"https:\/\/www.la-jonx.ch\/de\/wp-json\/wp\/v2\/types\/product"}],"wp:featuredmedia":[{"embeddable":true,"href":"https:\/\/www.la-jonx.ch\/de\/wp-json\/wp\/v2\/media\/37210"}],"wp:attachment":[{"href":"https:\/\/www.la-jonx.ch\/de\/wp-json\/wp\/v2\/media?parent=19306"}],"wp:term":[{"taxonomy":"product_brand","embeddable":true,"href":"https:\/\/www.la-jonx.ch\/de\/wp-json\/wp\/v2\/product_brand?post=19306"},{"taxonomy":"product_cat","embeddable":true,"href":"https:\/\/www.la-jonx.ch\/de\/wp-json\/wp\/v2\/product_cat?post=19306"},{"taxonomy":"product_tag","embeddable":true,"href":"https:\/\/www.la-jonx.ch\/de\/wp-json\/wp\/v2\/product_tag?post=19306"}],"curies":[{"name":"wp","href":"https:\/\/api.w.org\/{rel}","templated":true}]}}