{"id":23200,"date":"2022-08-19T22:18:31","date_gmt":"2022-08-19T20:18:31","guid":{"rendered":"https:\/\/www.la-jonx.ch\/boutique\/unkategorisiert\/notizbuch-boot-auf-dem-genfersee\/"},"modified":"2026-03-12T17:45:39","modified_gmt":"2026-03-12T16:45:39","slug":"notizbuch-boot-dem-genfersee","status":"publish","type":"product","link":"https:\/\/www.la-jonx.ch\/de\/shop-de\/papeterie\/notizbucher\/notizbuch-boot-dem-genfersee\/","title":{"rendered":"Notizbuch Boot auf dem Genfersee"},"content":{"rendered":"<h3>Notizbuch Schiff auf dem Genfersee \u2014 illustrierte Schweizer Papeterie<\/h3>\n<p>Genfersee-Schiff auf dem Umschlag, Ihre besten Ideen im Inneren. Dieses Schweizer Notizbuch wird mit Sorgfalt in Genf hergestellt \u2014 96 Seiten hochwertiges Papier zum Schreiben, Zeichnen oder Planen.<\/p>\n<p>In Genf gedruckt und hergestellt \u2014 ein n\u00fctzliches und originelles Schweizer Geschenk oder einfach ein sch\u00f6nes Alltagsobjekt.<\/p>\n<h3>Schiffe auf dem Genfersee in K\u00fcrze<\/h3>\n<p>Der Genfersee, gr\u00f6sster See Westeuropas, erstreckt sich sichelf\u00f6rmig zwischen der Schweiz und Frankreich. Seine 582 km\u00b2 blau-t\u00fcrkisfarbenen Wassers, umgeben von Weinbergen und \u00fcberragt von den Alpen, machen ihn zu einer der sch\u00f6nsten Landschaften des Kontinents.<\/p>\n<blockquote><p><em>\u00ab Ein Genfersee-Schiff auf dem Umschlag, um durch Ihre Notizen und Gedanken zu navigieren. \u00bb<\/em><\/p><\/blockquote>\n<h3>Eigenschaften<\/h3>\n<ul>\n<li>Originalillustration \u2014 Atelier La Jonx, Genf<\/li>\n<li>In Genf gedruckt und hergestellt<\/li>\n<li>96 Seiten hochwertiges Papier<\/li>\n<li>Praktisches Format zum Mitnehmen<\/li>\n<\/ul>\n","protected":false},"excerpt":{"rendered":"<p class='product-intro'>Dieses L\u00e9man-Boot-Notizbuch ist eine originelle Kreation, von Hand gezeichnet und in der Schweiz auf hochwertigem Papier gedruckt. Das perfekte Geschenk, um Freude zu bereiten.<\/p>\n<p class='poesie'>Ein L\u00e9man-Boot auf dem Umschlag, um durch Ihre Notizen und Gedanken zu navigieren.<\/p>\n","protected":false},"featured_media":11621,"template":"","meta":{"_uag_custom_page_level_css":""},"product_brand":[],"product_cat":[2814],"product_tag":[1509,494,501,498,970,499,377,500],"class_list":{"0":"post-23200","1":"product","2":"type-product","3":"status-publish","4":"has-post-thumbnail","6":"product_cat-notizbucher","7":"product_tag-cgn-boot","8":"product_tag-genfersee-de","9":"product_tag-kunst","10":"product_tag-notizbuch","11":"product_tag-schiff-de","12":"product_tag-schreiben","13":"product_tag-schweiz","14":"product_tag-zeichnung","15":"product_shipping_class-letter-de","17":"first","18":"outofstock","19":"shipping-taxable","20":"purchasable","21":"product-type-simple"},"yoast_head":"<!-- This site is optimized with the Yoast SEO Premium plugin v27.3 (Yoast SEO v27.4) - https:\/\/yoast.com\/product\/yoast-seo-premium-wordpress\/ -->\n<title>Notizbuch Boot vom Genfersee | Originelles Schweizer Geschenk \ud83c\udde8\ud83c\udded<\/title>\n<meta name=\"description\" content=\"Notizbuch Boot vom Genfersee, illustriert und gedruckt in der Schweiz. 96 Seiten, hochwertiges Papier. Originelles Schweizer Geschenk oder Alltags-Papeterie. Design La Jonx.\" \/>\n<meta name=\"robots\" content=\"index, follow, max-snippet:-1, max-image-preview:large, max-video-preview:-1\" \/>\n<link rel=\"canonical\" href=\"https:\/\/www.la-jonx.ch\/de\/shop-de\/papeterie\/notizbucher\/notizbuch-boot-dem-genfersee\/\" \/>\n<meta property=\"og:locale\" content=\"de_DE\" \/>\n<meta property=\"og:type\" content=\"article\" \/>\n<meta property=\"og:title\" content=\"Notizbuch Boot auf dem Genfersee\" \/>\n<meta property=\"og:description\" content=\"Notizbuch Boot vom Genfersee, illustriert und gedruckt in der Schweiz. 96 Seiten, hochwertiges Papier. Originelles Schweizer Geschenk oder Alltags-Papeterie. Design La Jonx.\" \/>\n<meta property=\"og:url\" content=\"https:\/\/www.la-jonx.ch\/de\/shop-de\/papeterie\/notizbucher\/notizbuch-boot-dem-genfersee\/\" \/>\n<meta property=\"og:site_name\" content=\"La Jonx\" \/>\n<meta property=\"article:publisher\" content=\"https:\/\/www.facebook.com\/lajonx.ch\" \/>\n<meta property=\"article:modified_time\" content=\"2026-03-12T16:45:39+00:00\" \/>\n<meta property=\"og:image\" content=\"https:\/\/www.la-jonx.ch\/wp-content\/uploads\/2022\/08\/Swissnotes-Boat-of-Leman-Front.webp\" \/>\n\t<meta property=\"og:image:width\" content=\"1500\" \/>\n\t<meta property=\"og:image:height\" content=\"1500\" \/>\n\t<meta property=\"og:image:type\" content=\"image\/webp\" \/>\n<meta name=\"twitter:card\" content=\"summary_large_image\" \/>\n<meta name=\"twitter:label1\" content=\"Preis\" \/>\n\t<meta name=\"twitter:data1\" content=\"&#067;&#072;&#070;&nbsp;15.0\" \/>\n\t<meta name=\"twitter:label2\" content=\"Verf\u00fcgbarkeit\" \/>\n\t<meta name=\"twitter:data2\" content=\"ausverkauft\" \/>\n<script type=\"application\/ld+json\" class=\"yoast-schema-graph\">{\"@context\":\"https:\\\/\\\/schema.org\",\"@graph\":[{\"@type\":\"WebPage\",\"@id\":\"https:\\\/\\\/www.la-jonx.ch\\\/de\\\/shop-de\\\/papeterie\\\/notizbucher\\\/notizbuch-boot-dem-genfersee\\\/\",\"url\":\"https:\\\/\\\/www.la-jonx.ch\\\/de\\\/shop-de\\\/papeterie\\\/notizbucher\\\/notizbuch-boot-dem-genfersee\\\/\",\"name\":\"Notizbuch Boot vom Genfersee | Originelles Schweizer Geschenk \ud83c\udde8\ud83c\udded\",\"isPartOf\":{\"@id\":\"https:\\\/\\\/www.la-jonx.ch\\\/de\\\/#website\"},\"primaryImageOfPage\":{\"@id\":\"https:\\\/\\\/www.la-jonx.ch\\\/de\\\/shop-de\\\/papeterie\\\/notizbucher\\\/notizbuch-boot-dem-genfersee\\\/#primaryimage\"},\"image\":{\"@id\":\"https:\\\/\\\/www.la-jonx.ch\\\/de\\\/shop-de\\\/papeterie\\\/notizbucher\\\/notizbuch-boot-dem-genfersee\\\/#primaryimage\"},\"thumbnailUrl\":\"https:\\\/\\\/www.la-jonx.ch\\\/wp-content\\\/uploads\\\/2022\\\/08\\\/Swissnotes-Boat-of-Leman-Front.webp\",\"datePublished\":\"2022-08-19T20:18:31+00:00\",\"dateModified\":\"2026-03-12T16:45:39+00:00\",\"description\":\"Notizbuch Boot vom Genfersee, illustriert und gedruckt in der Schweiz. 96 Seiten, hochwertiges Papier. Originelles Schweizer Geschenk oder Alltags-Papeterie. Design La Jonx.\",\"breadcrumb\":{\"@id\":\"https:\\\/\\\/www.la-jonx.ch\\\/de\\\/shop-de\\\/papeterie\\\/notizbucher\\\/notizbuch-boot-dem-genfersee\\\/#breadcrumb\"},\"inLanguage\":\"de\",\"potentialAction\":[{\"@type\":\"ReadAction\",\"target\":[\"https:\\\/\\\/www.la-jonx.ch\\\/de\\\/shop-de\\\/papeterie\\\/notizbucher\\\/notizbuch-boot-dem-genfersee\\\/\"]}]},{\"@type\":\"ImageObject\",\"inLanguage\":\"de\",\"@id\":\"https:\\\/\\\/www.la-jonx.ch\\\/de\\\/shop-de\\\/papeterie\\\/notizbucher\\\/notizbuch-boot-dem-genfersee\\\/#primaryimage\",\"url\":\"https:\\\/\\\/www.la-jonx.ch\\\/wp-content\\\/uploads\\\/2022\\\/08\\\/Swissnotes-Boat-of-Leman-Front.webp\",\"contentUrl\":\"https:\\\/\\\/www.la-jonx.ch\\\/wp-content\\\/uploads\\\/2022\\\/08\\\/Swissnotes-Boat-of-Leman-Front.webp\",\"width\":1500,\"height\":1500},{\"@type\":\"BreadcrumbList\",\"@id\":\"https:\\\/\\\/www.la-jonx.ch\\\/de\\\/shop-de\\\/papeterie\\\/notizbucher\\\/notizbuch-boot-dem-genfersee\\\/#breadcrumb\",\"itemListElement\":[{\"@type\":\"ListItem\",\"position\":1,\"name\":\"Accueil\",\"item\":\"https:\\\/\\\/www.la-jonx.ch\\\/de\\\/\"},{\"@type\":\"ListItem\",\"position\":2,\"name\":\"Shop\",\"item\":\"https:\\\/\\\/www.la-jonx.ch\\\/shop\\\/?lang=de\"},{\"@type\":\"ListItem\",\"position\":3,\"name\":\"Papeterie\",\"item\":\"https:\\\/\\\/www.la-jonx.ch\\\/de\\\/produktkategorie\\\/papeterie\\\/\"},{\"@type\":\"ListItem\",\"position\":4,\"name\":\"Notizb\u00fccher\",\"item\":\"https:\\\/\\\/www.la-jonx.ch\\\/de\\\/produktkategorie\\\/papeterie\\\/notizbucher\\\/\"},{\"@type\":\"ListItem\",\"position\":5,\"name\":\"Notizbuch Boot auf dem Genfersee\"}]},{\"@type\":\"WebSite\",\"@id\":\"https:\\\/\\\/www.la-jonx.ch\\\/de\\\/#website\",\"url\":\"https:\\\/\\\/www.la-jonx.ch\\\/de\\\/\",\"name\":\"La Jonx\",\"description\":\"Schweizer Grafikwerkstatt\",\"publisher\":{\"@id\":\"https:\\\/\\\/www.la-jonx.ch\\\/de\\\/#organization\"},\"potentialAction\":[{\"@type\":\"SearchAction\",\"target\":{\"@type\":\"EntryPoint\",\"urlTemplate\":\"https:\\\/\\\/www.la-jonx.ch\\\/de\\\/?s={search_term_string}\"},\"query-input\":{\"@type\":\"PropertyValueSpecification\",\"valueRequired\":true,\"valueName\":\"search_term_string\"}}],\"inLanguage\":\"de\"},{\"@type\":\"Organization\",\"@id\":\"https:\\\/\\\/www.la-jonx.ch\\\/de\\\/#organization\",\"name\":\"La Jonx\",\"url\":\"https:\\\/\\\/www.la-jonx.ch\\\/de\\\/\",\"logo\":{\"@type\":\"ImageObject\",\"inLanguage\":\"de\",\"@id\":\"https:\\\/\\\/www.la-jonx.ch\\\/de\\\/#\\\/schema\\\/logo\\\/image\\\/\",\"url\":\"https:\\\/\\\/www.la-jonx.ch\\\/wp-content\\\/uploads\\\/2021\\\/09\\\/logo-la-jonx-atzelier-graphique.png\",\"contentUrl\":\"https:\\\/\\\/www.la-jonx.ch\\\/wp-content\\\/uploads\\\/2021\\\/09\\\/logo-la-jonx-atzelier-graphique.png\",\"width\":378,\"height\":129,\"caption\":\"La Jonx\"},\"image\":{\"@id\":\"https:\\\/\\\/www.la-jonx.ch\\\/de\\\/#\\\/schema\\\/logo\\\/image\\\/\"},\"sameAs\":[\"https:\\\/\\\/www.facebook.com\\\/lajonx.ch\",\"https:\\\/\\\/www.instagram.com\\\/lajonx.ch\\\/?hl=fr\"]}]}<\/script>\n<meta property=\"product:price:amount\" content=\"15.0\" \/>\n<meta property=\"product:price:currency\" content=\"CHF\" \/>\n<meta property=\"og:availability\" content=\"out of stock\" \/>\n<meta property=\"product:availability\" content=\"out of stock\" \/>\n<meta property=\"product:retailer_item_id\" content=\"ID_11545\" \/>\n<meta property=\"product:condition\" content=\"new\" \/>\n<!-- \/ Yoast SEO Premium plugin. -->","yoast_head_json":{"title":"Notizbuch Boot vom Genfersee | Originelles Schweizer Geschenk \ud83c\udde8\ud83c\udded","description":"Notizbuch Boot vom Genfersee, illustriert und gedruckt in der Schweiz. 96 Seiten, hochwertiges Papier. Originelles Schweizer Geschenk oder Alltags-Papeterie. Design La Jonx.","robots":{"index":"index","follow":"follow","max-snippet":"max-snippet:-1","max-image-preview":"max-image-preview:large","max-video-preview":"max-video-preview:-1"},"canonical":"https:\/\/www.la-jonx.ch\/de\/shop-de\/papeterie\/notizbucher\/notizbuch-boot-dem-genfersee\/","og_locale":"de_DE","og_type":"article","og_title":"Notizbuch Boot auf dem Genfersee","og_description":"Notizbuch Boot vom Genfersee, illustriert und gedruckt in der Schweiz. 96 Seiten, hochwertiges Papier. Originelles Schweizer Geschenk oder Alltags-Papeterie. Design La Jonx.","og_url":"https:\/\/www.la-jonx.ch\/de\/shop-de\/papeterie\/notizbucher\/notizbuch-boot-dem-genfersee\/","og_site_name":"La Jonx","article_publisher":"https:\/\/www.facebook.com\/lajonx.ch","article_modified_time":"2026-03-12T16:45:39+00:00","og_image":[{"width":1500,"height":1500,"url":"https:\/\/www.la-jonx.ch\/wp-content\/uploads\/2022\/08\/Swissnotes-Boat-of-Leman-Front.webp","type":"image\/webp"}],"twitter_card":"summary_large_image","twitter_misc":{"Preis":"&#67;&#72;&#70;&nbsp;15.0","Verf\u00fcgbarkeit":"ausverkauft"},"schema":{"@context":"https:\/\/schema.org","@graph":[{"@type":"WebPage","@id":"https:\/\/www.la-jonx.ch\/de\/shop-de\/papeterie\/notizbucher\/notizbuch-boot-dem-genfersee\/","url":"https:\/\/www.la-jonx.ch\/de\/shop-de\/papeterie\/notizbucher\/notizbuch-boot-dem-genfersee\/","name":"Notizbuch Boot vom Genfersee | Originelles Schweizer Geschenk \ud83c\udde8\ud83c\udded","isPartOf":{"@id":"https:\/\/www.la-jonx.ch\/de\/#website"},"primaryImageOfPage":{"@id":"https:\/\/www.la-jonx.ch\/de\/shop-de\/papeterie\/notizbucher\/notizbuch-boot-dem-genfersee\/#primaryimage"},"image":{"@id":"https:\/\/www.la-jonx.ch\/de\/shop-de\/papeterie\/notizbucher\/notizbuch-boot-dem-genfersee\/#primaryimage"},"thumbnailUrl":"https:\/\/www.la-jonx.ch\/wp-content\/uploads\/2022\/08\/Swissnotes-Boat-of-Leman-Front.webp","datePublished":"2022-08-19T20:18:31+00:00","dateModified":"2026-03-12T16:45:39+00:00","description":"Notizbuch Boot vom Genfersee, illustriert und gedruckt in der Schweiz. 96 Seiten, hochwertiges Papier. Originelles Schweizer Geschenk oder Alltags-Papeterie. Design La Jonx.","breadcrumb":{"@id":"https:\/\/www.la-jonx.ch\/de\/shop-de\/papeterie\/notizbucher\/notizbuch-boot-dem-genfersee\/#breadcrumb"},"inLanguage":"de","potentialAction":[{"@type":"ReadAction","target":["https:\/\/www.la-jonx.ch\/de\/shop-de\/papeterie\/notizbucher\/notizbuch-boot-dem-genfersee\/"]}]},{"@type":"ImageObject","inLanguage":"de","@id":"https:\/\/www.la-jonx.ch\/de\/shop-de\/papeterie\/notizbucher\/notizbuch-boot-dem-genfersee\/#primaryimage","url":"https:\/\/www.la-jonx.ch\/wp-content\/uploads\/2022\/08\/Swissnotes-Boat-of-Leman-Front.webp","contentUrl":"https:\/\/www.la-jonx.ch\/wp-content\/uploads\/2022\/08\/Swissnotes-Boat-of-Leman-Front.webp","width":1500,"height":1500},{"@type":"BreadcrumbList","@id":"https:\/\/www.la-jonx.ch\/de\/shop-de\/papeterie\/notizbucher\/notizbuch-boot-dem-genfersee\/#breadcrumb","itemListElement":[{"@type":"ListItem","position":1,"name":"Accueil","item":"https:\/\/www.la-jonx.ch\/de\/"},{"@type":"ListItem","position":2,"name":"Shop","item":"https:\/\/www.la-jonx.ch\/shop\/?lang=de"},{"@type":"ListItem","position":3,"name":"Papeterie","item":"https:\/\/www.la-jonx.ch\/de\/produktkategorie\/papeterie\/"},{"@type":"ListItem","position":4,"name":"Notizb\u00fccher","item":"https:\/\/www.la-jonx.ch\/de\/produktkategorie\/papeterie\/notizbucher\/"},{"@type":"ListItem","position":5,"name":"Notizbuch Boot auf dem Genfersee"}]},{"@type":"WebSite","@id":"https:\/\/www.la-jonx.ch\/de\/#website","url":"https:\/\/www.la-jonx.ch\/de\/","name":"La Jonx","description":"Schweizer Grafikwerkstatt","publisher":{"@id":"https:\/\/www.la-jonx.ch\/de\/#organization"},"potentialAction":[{"@type":"SearchAction","target":{"@type":"EntryPoint","urlTemplate":"https:\/\/www.la-jonx.ch\/de\/?s={search_term_string}"},"query-input":{"@type":"PropertyValueSpecification","valueRequired":true,"valueName":"search_term_string"}}],"inLanguage":"de"},{"@type":"Organization","@id":"https:\/\/www.la-jonx.ch\/de\/#organization","name":"La Jonx","url":"https:\/\/www.la-jonx.ch\/de\/","logo":{"@type":"ImageObject","inLanguage":"de","@id":"https:\/\/www.la-jonx.ch\/de\/#\/schema\/logo\/image\/","url":"https:\/\/www.la-jonx.ch\/wp-content\/uploads\/2021\/09\/logo-la-jonx-atzelier-graphique.png","contentUrl":"https:\/\/www.la-jonx.ch\/wp-content\/uploads\/2021\/09\/logo-la-jonx-atzelier-graphique.png","width":378,"height":129,"caption":"La Jonx"},"image":{"@id":"https:\/\/www.la-jonx.ch\/de\/#\/schema\/logo\/image\/"},"sameAs":["https:\/\/www.facebook.com\/lajonx.ch","https:\/\/www.instagram.com\/lajonx.ch\/?hl=fr"]}]},"product_price_amount":"15.0","product_price_currency":"CHF","og_availability":"out of stock","product_availability":"out of stock","product_retailer_item_id":"ID_11545","product_condition":"new"},"additional_image_1":"https:\/\/www.la-jonx.ch\/wp-content\/uploads\/2022\/08\/Swissnotes-Boat-Of-Leman-Pile.webp","additional_image_2":null,"uagb_featured_image_src":{"full":["https:\/\/www.la-jonx.ch\/wp-content\/uploads\/2022\/08\/Swissnotes-Boat-of-Leman-Front.webp",1500,1500,false],"thumbnail":["https:\/\/www.la-jonx.ch\/wp-content\/uploads\/2022\/08\/Swissnotes-Boat-of-Leman-Front-150x150.webp",150,150,true],"medium":["https:\/\/www.la-jonx.ch\/wp-content\/uploads\/2022\/08\/Swissnotes-Boat-of-Leman-Front-300x300.webp",300,300,true],"medium_large":["https:\/\/www.la-jonx.ch\/wp-content\/uploads\/2022\/08\/Swissnotes-Boat-of-Leman-Front-768x768.webp",768,768,true],"large":["https:\/\/www.la-jonx.ch\/wp-content\/uploads\/2022\/08\/Swissnotes-Boat-of-Leman-Front-1024x1024.webp",1020,1020,true],"1536x1536":["https:\/\/www.la-jonx.ch\/wp-content\/uploads\/2022\/08\/Swissnotes-Boat-of-Leman-Front.webp",1500,1500,false],"2048x2048":["https:\/\/www.la-jonx.ch\/wp-content\/uploads\/2022\/08\/Swissnotes-Boat-of-Leman-Front.webp",1500,1500,false],"woocommerce_thumbnail":["https:\/\/www.la-jonx.ch\/wp-content\/uploads\/2022\/08\/Swissnotes-Boat-of-Leman-Front-350x420.webp",350,420,true],"woocommerce_single":["https:\/\/www.la-jonx.ch\/wp-content\/uploads\/2022\/08\/Swissnotes-Boat-of-Leman-Front-510x510.webp",510,510,true],"woocommerce_gallery_thumbnail":["https:\/\/www.la-jonx.ch\/wp-content\/uploads\/2022\/08\/Swissnotes-Boat-of-Leman-Front-100x100.webp",100,100,true],"dgwt-wcas-product-suggestion":["https:\/\/www.la-jonx.ch\/wp-content\/uploads\/2022\/08\/Swissnotes-Boat-of-Leman-Front.webp",64,64,false]},"uagb_author_info":{"display_name":"L'atelier La Jonx","author_link":"https:\/\/www.la-jonx.ch\/de\/author\/"},"uagb_comment_info":0,"uagb_excerpt":"Dieses L\u00e9man-Boot-Notizbuch ist eine originelle Kreation, von Hand gezeichnet und in der Schweiz auf hochwertigem Papier gedruckt. Das perfekte Geschenk, um Freude zu bereiten.Ein L\u00e9man-Boot auf dem Umschlag, um durch Ihre Notizen und Gedanken zu navigieren.","_links":{"self":[{"href":"https:\/\/www.la-jonx.ch\/de\/wp-json\/wp\/v2\/product\/23200","targetHints":{"allow":["GET"]}}],"collection":[{"href":"https:\/\/www.la-jonx.ch\/de\/wp-json\/wp\/v2\/product"}],"about":[{"href":"https:\/\/www.la-jonx.ch\/de\/wp-json\/wp\/v2\/types\/product"}],"wp:featuredmedia":[{"embeddable":true,"href":"https:\/\/www.la-jonx.ch\/de\/wp-json\/wp\/v2\/media\/11621"}],"wp:attachment":[{"href":"https:\/\/www.la-jonx.ch\/de\/wp-json\/wp\/v2\/media?parent=23200"}],"wp:term":[{"taxonomy":"product_brand","embeddable":true,"href":"https:\/\/www.la-jonx.ch\/de\/wp-json\/wp\/v2\/product_brand?post=23200"},{"taxonomy":"product_cat","embeddable":true,"href":"https:\/\/www.la-jonx.ch\/de\/wp-json\/wp\/v2\/product_cat?post=23200"},{"taxonomy":"product_tag","embeddable":true,"href":"https:\/\/www.la-jonx.ch\/de\/wp-json\/wp\/v2\/product_tag?post=23200"}],"curies":[{"name":"wp","href":"https:\/\/api.w.org\/{rel}","templated":true}]}}