{"id":23204,"date":"2022-08-19T22:18:29","date_gmt":"2022-08-19T20:18:29","guid":{"rendered":"https:\/\/www.la-jonx.ch\/boutique\/unkategorisiert\/notizbuch-bains-des-paquis\/"},"modified":"2026-03-12T17:38:30","modified_gmt":"2026-03-12T16:38:30","slug":"notizbuch-bains-des-paquis","status":"publish","type":"product","link":"https:\/\/www.la-jonx.ch\/de\/shop-de\/papeterie\/notizbucher\/notizbuch-bains-des-paquis\/","title":{"rendered":"Notizbuch Bains des Paquis"},"content":{"rendered":"<h3>Notebook Bains des Paquis \u2014 illustrierte Schweizer Papeterie<\/h3>\n<p>Ein Notebook mit Bains des Paquis auf dem Cover, 96 Seiten zum Ausf\u00fcllen im Inneren. Von Hand illustriert in unserem Atelier in Genf, begleitet es Ihre Ideen, Skizzen und Listen mit einem Hauch Schweiz.<\/p>\n<p>Gedruckt und hergestellt in Genf, ist es ein n\u00fctzliches und originelles Schweizer Geschenk \u2014 oder einfach ein sch\u00f6nes Alltagsobjekt.<\/p>\n<h3>Bains des Paquis in wenigen Worten<\/h3>\n<p>Die Bains des P\u00e2quis, eine Genfer Institution seit 1872, sind ein beliebter Treffpunkt, der das ganze Jahr \u00fcber ge\u00f6ffnet ist. Man badet im Genfersee, isst im Winter ein Fondue und genie\u00dft im Sommer die Sonne.<\/p>\n<blockquote><p><em>\u00ab Die Bains des P\u00e2quis auf dem Cover illustriert. Ein Notebook, um seine Sommertr\u00e4ume am Seeufer festzuhalten. \u00bb<\/em><\/p><\/blockquote>\n<h3>Eigenschaften<\/h3>\n<ul>\n<li>Originalillustration \u2014 Atelier La Jonx, Genf<\/li>\n<li>Gedruckt und hergestellt in Genf<\/li>\n<li>96 Seiten hochwertiges Papier<\/li>\n<li>Praktisches Format zum Mitnehmen<\/li>\n<\/ul>\n","protected":false},"excerpt":{"rendered":"<p class='product-intro'>Dieses Bains des Paquis Notizbuch ist eine originelle Kreation, von Hand gezeichnet und in der Schweiz auf hochwertigem Papier gedruckt. Ein sinnvolles Schweizer Geschenk.<\/p>\n<p class='poesie'>Die Bains des P\u00e2quis auf dem Umschlag illustriert. Ein Notizbuch, um seine Sommertr\u00e4ume am Seeufer festzuhalten.<\/p>\n","protected":false},"featured_media":11605,"template":"","meta":{"_uag_custom_page_level_css":""},"product_brand":[],"product_cat":[2814],"product_tag":[1514,493,501,1513,498,499,377,500],"class_list":{"0":"post-23204","1":"product","2":"type-product","3":"status-publish","4":"has-post-thumbnail","6":"product_cat-notizbucher","7":"product_tag-bains-des-paquis-de","8":"product_tag-genf","9":"product_tag-kunst","10":"product_tag-musikalische-auben","11":"product_tag-notizbuch","12":"product_tag-schreiben","13":"product_tag-schweiz","14":"product_tag-zeichnung","15":"product_shipping_class-letter-de","17":"first","18":"outofstock","19":"shipping-taxable","20":"purchasable","21":"product-type-simple"},"yoast_head":"<!-- This site is optimized with the Yoast SEO Premium plugin v27.4 (Yoast SEO v27.4) - https:\/\/yoast.com\/product\/yoast-seo-premium-wordpress\/ -->\n<title>Notizbuch Bains des Paquis | Originales Schweizer Geschenk \ud83c\udde8\ud83c\udded<\/title>\n<meta name=\"description\" content=\"Notizbuch Bains des Paquis, illustriert und gedruckt in der Schweiz. 96 Seiten, hochwertiges Papier. Originelles Schweizer Geschenk oder Alltags-Papeterie. Design La Jonx.\" \/>\n<meta name=\"robots\" content=\"index, follow, max-snippet:-1, max-image-preview:large, max-video-preview:-1\" \/>\n<link rel=\"canonical\" href=\"https:\/\/www.la-jonx.ch\/de\/shop-de\/papeterie\/notizbucher\/notizbuch-bains-des-paquis\/\" \/>\n<meta property=\"og:locale\" content=\"de_DE\" \/>\n<meta property=\"og:type\" content=\"article\" \/>\n<meta property=\"og:title\" content=\"Notizbuch Bains des Paquis\" \/>\n<meta property=\"og:description\" content=\"Notizbuch Bains des Paquis, illustriert und gedruckt in der Schweiz. 96 Seiten, hochwertiges Papier. Originelles Schweizer Geschenk oder Alltags-Papeterie. Design La Jonx.\" \/>\n<meta property=\"og:url\" content=\"https:\/\/www.la-jonx.ch\/de\/shop-de\/papeterie\/notizbucher\/notizbuch-bains-des-paquis\/\" \/>\n<meta property=\"og:site_name\" content=\"La Jonx\" \/>\n<meta property=\"article:publisher\" content=\"https:\/\/www.facebook.com\/lajonx.ch\" \/>\n<meta property=\"article:modified_time\" content=\"2026-03-12T16:38:30+00:00\" \/>\n<meta property=\"og:image\" content=\"https:\/\/www.la-jonx.ch\/wp-content\/uploads\/2022\/08\/Swissnotes-Bains-des-paquis-Front.webp\" \/>\n\t<meta property=\"og:image:width\" content=\"1500\" \/>\n\t<meta property=\"og:image:height\" content=\"1500\" \/>\n\t<meta property=\"og:image:type\" content=\"image\/webp\" \/>\n<meta name=\"twitter:card\" content=\"summary_large_image\" \/>\n<meta name=\"twitter:label1\" content=\"Preis\" \/>\n\t<meta name=\"twitter:data1\" content=\"&#067;&#072;&#070;&nbsp;15.0\" \/>\n\t<meta name=\"twitter:label2\" content=\"Verf\u00fcgbarkeit\" \/>\n\t<meta name=\"twitter:data2\" content=\"ausverkauft\" \/>\n<script type=\"application\/ld+json\" class=\"yoast-schema-graph\">{\"@context\":\"https:\\\/\\\/schema.org\",\"@graph\":[{\"@type\":\"WebPage\",\"@id\":\"https:\\\/\\\/www.la-jonx.ch\\\/de\\\/shop-de\\\/papeterie\\\/notizbucher\\\/notizbuch-bains-des-paquis\\\/\",\"url\":\"https:\\\/\\\/www.la-jonx.ch\\\/de\\\/shop-de\\\/papeterie\\\/notizbucher\\\/notizbuch-bains-des-paquis\\\/\",\"name\":\"Notizbuch Bains des Paquis | Originales Schweizer Geschenk \ud83c\udde8\ud83c\udded\",\"isPartOf\":{\"@id\":\"https:\\\/\\\/www.la-jonx.ch\\\/de\\\/#website\"},\"primaryImageOfPage\":{\"@id\":\"https:\\\/\\\/www.la-jonx.ch\\\/de\\\/shop-de\\\/papeterie\\\/notizbucher\\\/notizbuch-bains-des-paquis\\\/#primaryimage\"},\"image\":{\"@id\":\"https:\\\/\\\/www.la-jonx.ch\\\/de\\\/shop-de\\\/papeterie\\\/notizbucher\\\/notizbuch-bains-des-paquis\\\/#primaryimage\"},\"thumbnailUrl\":\"https:\\\/\\\/www.la-jonx.ch\\\/wp-content\\\/uploads\\\/2022\\\/08\\\/Swissnotes-Bains-des-paquis-Front.webp\",\"datePublished\":\"2022-08-19T20:18:29+00:00\",\"dateModified\":\"2026-03-12T16:38:30+00:00\",\"description\":\"Notizbuch Bains des Paquis, illustriert und gedruckt in der Schweiz. 96 Seiten, hochwertiges Papier. Originelles Schweizer Geschenk oder Alltags-Papeterie. Design La Jonx.\",\"breadcrumb\":{\"@id\":\"https:\\\/\\\/www.la-jonx.ch\\\/de\\\/shop-de\\\/papeterie\\\/notizbucher\\\/notizbuch-bains-des-paquis\\\/#breadcrumb\"},\"inLanguage\":\"de\",\"potentialAction\":[{\"@type\":\"ReadAction\",\"target\":[\"https:\\\/\\\/www.la-jonx.ch\\\/de\\\/shop-de\\\/papeterie\\\/notizbucher\\\/notizbuch-bains-des-paquis\\\/\"]}]},{\"@type\":\"ImageObject\",\"inLanguage\":\"de\",\"@id\":\"https:\\\/\\\/www.la-jonx.ch\\\/de\\\/shop-de\\\/papeterie\\\/notizbucher\\\/notizbuch-bains-des-paquis\\\/#primaryimage\",\"url\":\"https:\\\/\\\/www.la-jonx.ch\\\/wp-content\\\/uploads\\\/2022\\\/08\\\/Swissnotes-Bains-des-paquis-Front.webp\",\"contentUrl\":\"https:\\\/\\\/www.la-jonx.ch\\\/wp-content\\\/uploads\\\/2022\\\/08\\\/Swissnotes-Bains-des-paquis-Front.webp\",\"width\":1500,\"height\":1500},{\"@type\":\"BreadcrumbList\",\"@id\":\"https:\\\/\\\/www.la-jonx.ch\\\/de\\\/shop-de\\\/papeterie\\\/notizbucher\\\/notizbuch-bains-des-paquis\\\/#breadcrumb\",\"itemListElement\":[{\"@type\":\"ListItem\",\"position\":1,\"name\":\"Accueil\",\"item\":\"https:\\\/\\\/www.la-jonx.ch\\\/de\\\/\"},{\"@type\":\"ListItem\",\"position\":2,\"name\":\"Shop\",\"item\":\"https:\\\/\\\/www.la-jonx.ch\\\/shop\\\/?lang=de\"},{\"@type\":\"ListItem\",\"position\":3,\"name\":\"Papeterie\",\"item\":\"https:\\\/\\\/www.la-jonx.ch\\\/de\\\/produktkategorie\\\/papeterie\\\/\"},{\"@type\":\"ListItem\",\"position\":4,\"name\":\"Notizb\u00fccher\",\"item\":\"https:\\\/\\\/www.la-jonx.ch\\\/de\\\/produktkategorie\\\/papeterie\\\/notizbucher\\\/\"},{\"@type\":\"ListItem\",\"position\":5,\"name\":\"Notizbuch Bains des Paquis\"}]},{\"@type\":\"WebSite\",\"@id\":\"https:\\\/\\\/www.la-jonx.ch\\\/de\\\/#website\",\"url\":\"https:\\\/\\\/www.la-jonx.ch\\\/de\\\/\",\"name\":\"La Jonx\",\"description\":\"Schweizer Grafikwerkstatt\",\"publisher\":{\"@id\":\"https:\\\/\\\/www.la-jonx.ch\\\/de\\\/#organization\"},\"potentialAction\":[{\"@type\":\"SearchAction\",\"target\":{\"@type\":\"EntryPoint\",\"urlTemplate\":\"https:\\\/\\\/www.la-jonx.ch\\\/de\\\/?s={search_term_string}\"},\"query-input\":{\"@type\":\"PropertyValueSpecification\",\"valueRequired\":true,\"valueName\":\"search_term_string\"}}],\"inLanguage\":\"de\"},{\"@type\":\"Organization\",\"@id\":\"https:\\\/\\\/www.la-jonx.ch\\\/de\\\/#organization\",\"name\":\"La Jonx\",\"url\":\"https:\\\/\\\/www.la-jonx.ch\\\/de\\\/\",\"logo\":{\"@type\":\"ImageObject\",\"inLanguage\":\"de\",\"@id\":\"https:\\\/\\\/www.la-jonx.ch\\\/de\\\/#\\\/schema\\\/logo\\\/image\\\/\",\"url\":\"https:\\\/\\\/www.la-jonx.ch\\\/wp-content\\\/uploads\\\/2021\\\/09\\\/logo-la-jonx-atzelier-graphique.png\",\"contentUrl\":\"https:\\\/\\\/www.la-jonx.ch\\\/wp-content\\\/uploads\\\/2021\\\/09\\\/logo-la-jonx-atzelier-graphique.png\",\"width\":378,\"height\":129,\"caption\":\"La Jonx\"},\"image\":{\"@id\":\"https:\\\/\\\/www.la-jonx.ch\\\/de\\\/#\\\/schema\\\/logo\\\/image\\\/\"},\"sameAs\":[\"https:\\\/\\\/www.facebook.com\\\/lajonx.ch\",\"https:\\\/\\\/www.instagram.com\\\/lajonx.ch\\\/?hl=fr\"]}]}<\/script>\n<meta property=\"product:price:amount\" content=\"15.0\" \/>\n<meta property=\"product:price:currency\" content=\"CHF\" \/>\n<meta property=\"og:availability\" content=\"out of stock\" \/>\n<meta property=\"product:availability\" content=\"out of stock\" \/>\n<meta property=\"product:retailer_item_id\" content=\"3760364460137\" \/>\n<meta property=\"product:condition\" content=\"new\" \/>\n<!-- \/ Yoast SEO Premium plugin. -->","yoast_head_json":{"title":"Notizbuch Bains des Paquis | Originales Schweizer Geschenk \ud83c\udde8\ud83c\udded","description":"Notizbuch Bains des Paquis, illustriert und gedruckt in der Schweiz. 96 Seiten, hochwertiges Papier. Originelles Schweizer Geschenk oder Alltags-Papeterie. Design La Jonx.","robots":{"index":"index","follow":"follow","max-snippet":"max-snippet:-1","max-image-preview":"max-image-preview:large","max-video-preview":"max-video-preview:-1"},"canonical":"https:\/\/www.la-jonx.ch\/de\/shop-de\/papeterie\/notizbucher\/notizbuch-bains-des-paquis\/","og_locale":"de_DE","og_type":"article","og_title":"Notizbuch Bains des Paquis","og_description":"Notizbuch Bains des Paquis, illustriert und gedruckt in der Schweiz. 96 Seiten, hochwertiges Papier. Originelles Schweizer Geschenk oder Alltags-Papeterie. Design La Jonx.","og_url":"https:\/\/www.la-jonx.ch\/de\/shop-de\/papeterie\/notizbucher\/notizbuch-bains-des-paquis\/","og_site_name":"La Jonx","article_publisher":"https:\/\/www.facebook.com\/lajonx.ch","article_modified_time":"2026-03-12T16:38:30+00:00","og_image":[{"width":1500,"height":1500,"url":"https:\/\/www.la-jonx.ch\/wp-content\/uploads\/2022\/08\/Swissnotes-Bains-des-paquis-Front.webp","type":"image\/webp"}],"twitter_card":"summary_large_image","twitter_misc":{"Preis":"&#67;&#72;&#70;&nbsp;15.0","Verf\u00fcgbarkeit":"ausverkauft"},"schema":{"@context":"https:\/\/schema.org","@graph":[{"@type":"WebPage","@id":"https:\/\/www.la-jonx.ch\/de\/shop-de\/papeterie\/notizbucher\/notizbuch-bains-des-paquis\/","url":"https:\/\/www.la-jonx.ch\/de\/shop-de\/papeterie\/notizbucher\/notizbuch-bains-des-paquis\/","name":"Notizbuch Bains des Paquis | Originales Schweizer Geschenk \ud83c\udde8\ud83c\udded","isPartOf":{"@id":"https:\/\/www.la-jonx.ch\/de\/#website"},"primaryImageOfPage":{"@id":"https:\/\/www.la-jonx.ch\/de\/shop-de\/papeterie\/notizbucher\/notizbuch-bains-des-paquis\/#primaryimage"},"image":{"@id":"https:\/\/www.la-jonx.ch\/de\/shop-de\/papeterie\/notizbucher\/notizbuch-bains-des-paquis\/#primaryimage"},"thumbnailUrl":"https:\/\/www.la-jonx.ch\/wp-content\/uploads\/2022\/08\/Swissnotes-Bains-des-paquis-Front.webp","datePublished":"2022-08-19T20:18:29+00:00","dateModified":"2026-03-12T16:38:30+00:00","description":"Notizbuch Bains des Paquis, illustriert und gedruckt in der Schweiz. 96 Seiten, hochwertiges Papier. Originelles Schweizer Geschenk oder Alltags-Papeterie. Design La Jonx.","breadcrumb":{"@id":"https:\/\/www.la-jonx.ch\/de\/shop-de\/papeterie\/notizbucher\/notizbuch-bains-des-paquis\/#breadcrumb"},"inLanguage":"de","potentialAction":[{"@type":"ReadAction","target":["https:\/\/www.la-jonx.ch\/de\/shop-de\/papeterie\/notizbucher\/notizbuch-bains-des-paquis\/"]}]},{"@type":"ImageObject","inLanguage":"de","@id":"https:\/\/www.la-jonx.ch\/de\/shop-de\/papeterie\/notizbucher\/notizbuch-bains-des-paquis\/#primaryimage","url":"https:\/\/www.la-jonx.ch\/wp-content\/uploads\/2022\/08\/Swissnotes-Bains-des-paquis-Front.webp","contentUrl":"https:\/\/www.la-jonx.ch\/wp-content\/uploads\/2022\/08\/Swissnotes-Bains-des-paquis-Front.webp","width":1500,"height":1500},{"@type":"BreadcrumbList","@id":"https:\/\/www.la-jonx.ch\/de\/shop-de\/papeterie\/notizbucher\/notizbuch-bains-des-paquis\/#breadcrumb","itemListElement":[{"@type":"ListItem","position":1,"name":"Accueil","item":"https:\/\/www.la-jonx.ch\/de\/"},{"@type":"ListItem","position":2,"name":"Shop","item":"https:\/\/www.la-jonx.ch\/shop\/?lang=de"},{"@type":"ListItem","position":3,"name":"Papeterie","item":"https:\/\/www.la-jonx.ch\/de\/produktkategorie\/papeterie\/"},{"@type":"ListItem","position":4,"name":"Notizb\u00fccher","item":"https:\/\/www.la-jonx.ch\/de\/produktkategorie\/papeterie\/notizbucher\/"},{"@type":"ListItem","position":5,"name":"Notizbuch Bains des Paquis"}]},{"@type":"WebSite","@id":"https:\/\/www.la-jonx.ch\/de\/#website","url":"https:\/\/www.la-jonx.ch\/de\/","name":"La Jonx","description":"Schweizer Grafikwerkstatt","publisher":{"@id":"https:\/\/www.la-jonx.ch\/de\/#organization"},"potentialAction":[{"@type":"SearchAction","target":{"@type":"EntryPoint","urlTemplate":"https:\/\/www.la-jonx.ch\/de\/?s={search_term_string}"},"query-input":{"@type":"PropertyValueSpecification","valueRequired":true,"valueName":"search_term_string"}}],"inLanguage":"de"},{"@type":"Organization","@id":"https:\/\/www.la-jonx.ch\/de\/#organization","name":"La Jonx","url":"https:\/\/www.la-jonx.ch\/de\/","logo":{"@type":"ImageObject","inLanguage":"de","@id":"https:\/\/www.la-jonx.ch\/de\/#\/schema\/logo\/image\/","url":"https:\/\/www.la-jonx.ch\/wp-content\/uploads\/2021\/09\/logo-la-jonx-atzelier-graphique.png","contentUrl":"https:\/\/www.la-jonx.ch\/wp-content\/uploads\/2021\/09\/logo-la-jonx-atzelier-graphique.png","width":378,"height":129,"caption":"La Jonx"},"image":{"@id":"https:\/\/www.la-jonx.ch\/de\/#\/schema\/logo\/image\/"},"sameAs":["https:\/\/www.facebook.com\/lajonx.ch","https:\/\/www.instagram.com\/lajonx.ch\/?hl=fr"]}]},"product_price_amount":"15.0","product_price_currency":"CHF","og_availability":"out of stock","product_availability":"out of stock","product_retailer_item_id":"3760364460137","product_condition":"new"},"additional_image_1":"https:\/\/www.la-jonx.ch\/wp-content\/uploads\/2022\/08\/Swissnotes-Bains-des-paquis-Pile.webp","additional_image_2":null,"uagb_featured_image_src":{"full":["https:\/\/www.la-jonx.ch\/wp-content\/uploads\/2022\/08\/Swissnotes-Bains-des-paquis-Front.webp",1500,1500,false],"thumbnail":["https:\/\/www.la-jonx.ch\/wp-content\/uploads\/2022\/08\/Swissnotes-Bains-des-paquis-Front-150x150.webp",150,150,true],"medium":["https:\/\/www.la-jonx.ch\/wp-content\/uploads\/2022\/08\/Swissnotes-Bains-des-paquis-Front-300x300.webp",300,300,true],"medium_large":["https:\/\/www.la-jonx.ch\/wp-content\/uploads\/2022\/08\/Swissnotes-Bains-des-paquis-Front-768x768.webp",768,768,true],"large":["https:\/\/www.la-jonx.ch\/wp-content\/uploads\/2022\/08\/Swissnotes-Bains-des-paquis-Front-1024x1024.webp",1020,1020,true],"1536x1536":["https:\/\/www.la-jonx.ch\/wp-content\/uploads\/2022\/08\/Swissnotes-Bains-des-paquis-Front.webp",1500,1500,false],"2048x2048":["https:\/\/www.la-jonx.ch\/wp-content\/uploads\/2022\/08\/Swissnotes-Bains-des-paquis-Front.webp",1500,1500,false],"woocommerce_thumbnail":["https:\/\/www.la-jonx.ch\/wp-content\/uploads\/2022\/08\/Swissnotes-Bains-des-paquis-Front-350x420.webp",350,420,true],"woocommerce_single":["https:\/\/www.la-jonx.ch\/wp-content\/uploads\/2022\/08\/Swissnotes-Bains-des-paquis-Front-510x510.webp",510,510,true],"woocommerce_gallery_thumbnail":["https:\/\/www.la-jonx.ch\/wp-content\/uploads\/2022\/08\/Swissnotes-Bains-des-paquis-Front-100x100.webp",100,100,true],"dgwt-wcas-product-suggestion":["https:\/\/www.la-jonx.ch\/wp-content\/uploads\/2022\/08\/Swissnotes-Bains-des-paquis-Front.webp",64,64,false]},"uagb_author_info":{"display_name":"L'atelier La Jonx","author_link":"https:\/\/www.la-jonx.ch\/de\/author\/"},"uagb_comment_info":0,"uagb_excerpt":"Dieses Bains des Paquis Notizbuch ist eine originelle Kreation, von Hand gezeichnet und in der Schweiz auf hochwertigem Papier gedruckt. Ein sinnvolles Schweizer Geschenk.Die Bains des P\u00e2quis auf dem Umschlag illustriert. Ein Notizbuch, um seine Sommertr\u00e4ume am Seeufer festzuhalten.","_links":{"self":[{"href":"https:\/\/www.la-jonx.ch\/de\/wp-json\/wp\/v2\/product\/23204","targetHints":{"allow":["GET"]}}],"collection":[{"href":"https:\/\/www.la-jonx.ch\/de\/wp-json\/wp\/v2\/product"}],"about":[{"href":"https:\/\/www.la-jonx.ch\/de\/wp-json\/wp\/v2\/types\/product"}],"wp:featuredmedia":[{"embeddable":true,"href":"https:\/\/www.la-jonx.ch\/de\/wp-json\/wp\/v2\/media\/11605"}],"wp:attachment":[{"href":"https:\/\/www.la-jonx.ch\/de\/wp-json\/wp\/v2\/media?parent=23204"}],"wp:term":[{"taxonomy":"product_brand","embeddable":true,"href":"https:\/\/www.la-jonx.ch\/de\/wp-json\/wp\/v2\/product_brand?post=23204"},{"taxonomy":"product_cat","embeddable":true,"href":"https:\/\/www.la-jonx.ch\/de\/wp-json\/wp\/v2\/product_cat?post=23204"},{"taxonomy":"product_tag","embeddable":true,"href":"https:\/\/www.la-jonx.ch\/de\/wp-json\/wp\/v2\/product_tag?post=23204"}],"curies":[{"name":"wp","href":"https:\/\/api.w.org\/{rel}","templated":true}]}}