{"id":23898,"date":"2023-11-10T16:59:36","date_gmt":"2023-11-10T15:59:36","guid":{"rendered":"https:\/\/www.la-jonx.ch\/?post_type=product&#038;p=23898"},"modified":"2026-03-12T17:43:54","modified_gmt":"2026-03-12T16:43:54","slug":"tauchen","status":"publish","type":"product","link":"https:\/\/www.la-jonx.ch\/de\/shop-de\/poster\/kantone\/genf\/tauchen\/","title":{"rendered":"Der Taucher"},"content":{"rendered":"<h3>Le Plongeon als Poster \u2014 Schweizer Plakat, gezeichnet in Genf<\/h3>\n<p>Le Plongeon verdiente ein Poster, das ihm gerecht wird. Wir haben es von Hand in unserem Atelier in Genf gezeichnet, mit Blau- und T\u00fcrkist\u00f6nen und viel Liebe f\u00fcr diese Ecke der Schweiz.<\/p>\n<p>In der Schweiz auf halbmattem 180g-Papier mit PEFC\/FSC-Zertifizierung gedruckt, ist es ein originelles Schweizer Geschenk oder ein sch\u00f6nes Wanddeko-Element f\u00fcr Ihr Wohnzimmer, Schlafzimmer oder B\u00fcro.<\/p>\n<blockquote><p><em>\u00ab Tauchen Sie ein in die Bucht mit unserem Poster &#8222;Le Plongeon&#8220;. 3m, 5m oder 10m? Seit Jahren folgen sich Liebhaber des Nervenkitzels und Perfektionisten der Sprungkunst, um sich von diesem Betondorn, den man aus der Ferne sieht, in die Genfer Bucht zu st\u00fcrzen. \u00bb<\/em><\/p><\/blockquote>\n<h3>Eigenschaften<\/h3>\n<ul>\n<li>Originalillustration, von Hand gezeichnet \u2014 Atelier La Jonx, Genf<\/li>\n<li>In der Schweiz auf halbmattem 180g-Papier, PEFC\/FSC-zertifiziert, gedruckt<\/li>\n<li>Erh\u00e4ltlich in 30\u00d740 cm, 50\u00d770 cm und 70\u00d7100 cm<\/li>\n<li>Standardformate f\u00fcr einfaches Einrahmen<\/li>\n<li>Geliefert in stabiler Umschlagverpackung (30\u00d740) oder Schutztube (gro\u00dfe Formate)<\/li>\n<\/ul>\n","protected":false},"excerpt":{"rendered":"<p class='product-intro'>Dieses Plakat von Le Plongeon ist eine Originalkreation, von Hand gezeichnet und in der Schweiz auf hochwertigem Papier gedruckt. Das ideale kleine Schweizer Geschenk.<\/p>\n<p class='poesie'>Tauchen Sie in die Bucht mit unserem Poster &#8222;Le Plongeon&#8220; ein. 3m, 5m oder 10m? Seit Jahren folgen sich Liebhaber von Nervenkitzel und Perfektionisten der Kunst des Tauchens, um von diesem Betondorn zu springen, den man in der Ferne sieht und der die Genfer Bucht \u00fcberragt.<\/p>\n<br\/>\n","protected":false},"featured_media":36630,"template":"","meta":{"_uag_custom_page_level_css":""},"product_brand":[],"product_cat":[2848,2855,2819],"product_tag":[1700,493,399,1699,1482],"class_list":{"0":"post-23898","1":"product","2":"type-product","3":"status-publish","4":"has-post-thumbnail","6":"product_cat-poster","7":"product_cat-genf","8":"product_cat-seen-und-flusse","9":"product_tag-bain-des-paquis-de","10":"product_tag-genf","11":"product_tag-see","12":"product_tag-taucher","13":"product_tag-wasserstrahl","15":"first","16":"instock","17":"shipping-taxable","18":"purchasable","19":"product-type-variable","20":"has-default-attributes"},"yoast_head":"<!-- This site is optimized with the Yoast SEO Premium plugin v27.3 (Yoast SEO v27.4) - https:\/\/yoast.com\/product\/yoast-seo-premium-wordpress\/ -->\n<title>Plakat der Tauchens | Handillustriertes Schweizer Plakat<\/title>\n<meta name=\"description\" content=\"Plakat der Tauchens, handillustriertes Schweizer Plakat. In der Schweiz auf Qualit\u00e4tspapier gedruckt. Perfektes Schweizer Geschenk oder originelle Wanddekoration.\" \/>\n<meta name=\"robots\" content=\"index, follow, max-snippet:-1, max-image-preview:large, max-video-preview:-1\" \/>\n<link rel=\"canonical\" href=\"https:\/\/www.la-jonx.ch\/de\/shop-de\/poster\/kantone\/genf\/tauchen\/\" \/>\n<meta property=\"og:locale\" content=\"de_DE\" \/>\n<meta property=\"og:type\" content=\"article\" \/>\n<meta property=\"og:title\" content=\"Der Taucher\" \/>\n<meta property=\"og:description\" content=\"Plakat der Tauchens, handillustriertes Schweizer Plakat. In der Schweiz auf Qualit\u00e4tspapier gedruckt. Perfektes Schweizer Geschenk oder originelle Wanddekoration.\" \/>\n<meta property=\"og:url\" content=\"https:\/\/www.la-jonx.ch\/de\/shop-de\/poster\/kantone\/genf\/tauchen\/\" \/>\n<meta property=\"og:site_name\" content=\"La Jonx\" \/>\n<meta property=\"article:publisher\" content=\"https:\/\/www.facebook.com\/lajonx.ch\" \/>\n<meta property=\"article:modified_time\" content=\"2026-03-12T16:43:54+00:00\" \/>\n<meta property=\"og:image\" content=\"https:\/\/www.la-jonx.ch\/wp-content\/uploads\/2025\/07\/74-Affiche-Suisse-Poster-La-Jonx-Le-Plongeon.jpg\" \/>\n\t<meta property=\"og:image:width\" content=\"1400\" \/>\n\t<meta property=\"og:image:height\" content=\"1650\" \/>\n\t<meta property=\"og:image:type\" content=\"image\/jpeg\" \/>\n<meta name=\"twitter:card\" content=\"summary_large_image\" \/>\n<meta name=\"twitter:label1\" content=\"Verf\u00fcgbarkeit\" \/>\n\t<meta name=\"twitter:data1\" content=\"Auf Lager\" \/>\n<script type=\"application\/ld+json\" class=\"yoast-schema-graph\">{\"@context\":\"https:\\\/\\\/schema.org\",\"@graph\":[{\"@type\":\"WebPage\",\"@id\":\"https:\\\/\\\/www.la-jonx.ch\\\/de\\\/shop-de\\\/poster\\\/kantone\\\/genf\\\/tauchen\\\/\",\"url\":\"https:\\\/\\\/www.la-jonx.ch\\\/de\\\/shop-de\\\/poster\\\/kantone\\\/genf\\\/tauchen\\\/\",\"name\":\"Plakat der Tauchens | Handillustriertes Schweizer Plakat\",\"isPartOf\":{\"@id\":\"https:\\\/\\\/www.la-jonx.ch\\\/de\\\/#website\"},\"primaryImageOfPage\":{\"@id\":\"https:\\\/\\\/www.la-jonx.ch\\\/de\\\/shop-de\\\/poster\\\/kantone\\\/genf\\\/tauchen\\\/#primaryimage\"},\"image\":{\"@id\":\"https:\\\/\\\/www.la-jonx.ch\\\/de\\\/shop-de\\\/poster\\\/kantone\\\/genf\\\/tauchen\\\/#primaryimage\"},\"thumbnailUrl\":\"https:\\\/\\\/www.la-jonx.ch\\\/wp-content\\\/uploads\\\/2025\\\/07\\\/74-Affiche-Suisse-Poster-La-Jonx-Le-Plongeon.jpg\",\"datePublished\":\"2023-11-10T15:59:36+00:00\",\"dateModified\":\"2026-03-12T16:43:54+00:00\",\"description\":\"Plakat der Tauchens, handillustriertes Schweizer Plakat. In der Schweiz auf Qualit\u00e4tspapier gedruckt. Perfektes Schweizer Geschenk oder originelle Wanddekoration.\",\"breadcrumb\":{\"@id\":\"https:\\\/\\\/www.la-jonx.ch\\\/de\\\/shop-de\\\/poster\\\/kantone\\\/genf\\\/tauchen\\\/#breadcrumb\"},\"inLanguage\":\"de\",\"potentialAction\":[{\"@type\":\"ReadAction\",\"target\":[\"https:\\\/\\\/www.la-jonx.ch\\\/de\\\/shop-de\\\/poster\\\/kantone\\\/genf\\\/tauchen\\\/\"]}]},{\"@type\":\"ImageObject\",\"inLanguage\":\"de\",\"@id\":\"https:\\\/\\\/www.la-jonx.ch\\\/de\\\/shop-de\\\/poster\\\/kantone\\\/genf\\\/tauchen\\\/#primaryimage\",\"url\":\"https:\\\/\\\/www.la-jonx.ch\\\/wp-content\\\/uploads\\\/2025\\\/07\\\/74-Affiche-Suisse-Poster-La-Jonx-Le-Plongeon.jpg\",\"contentUrl\":\"https:\\\/\\\/www.la-jonx.ch\\\/wp-content\\\/uploads\\\/2025\\\/07\\\/74-Affiche-Suisse-Poster-La-Jonx-Le-Plongeon.jpg\",\"width\":1400,\"height\":1650,\"caption\":\"Screenshot\"},{\"@type\":\"BreadcrumbList\",\"@id\":\"https:\\\/\\\/www.la-jonx.ch\\\/de\\\/shop-de\\\/poster\\\/kantone\\\/genf\\\/tauchen\\\/#breadcrumb\",\"itemListElement\":[{\"@type\":\"ListItem\",\"position\":1,\"name\":\"Accueil\",\"item\":\"https:\\\/\\\/www.la-jonx.ch\\\/de\\\/\"},{\"@type\":\"ListItem\",\"position\":2,\"name\":\"Shop\",\"item\":\"https:\\\/\\\/www.la-jonx.ch\\\/shop\\\/?lang=de\"},{\"@type\":\"ListItem\",\"position\":3,\"name\":\"Poster\",\"item\":\"https:\\\/\\\/www.la-jonx.ch\\\/de\\\/produktkategorie\\\/poster\\\/\"},{\"@type\":\"ListItem\",\"position\":4,\"name\":\"KANTONE\",\"item\":\"https:\\\/\\\/www.la-jonx.ch\\\/de\\\/produktkategorie\\\/poster\\\/kantone\\\/\"},{\"@type\":\"ListItem\",\"position\":5,\"name\":\"Genf\",\"item\":\"https:\\\/\\\/www.la-jonx.ch\\\/de\\\/produktkategorie\\\/poster\\\/kantone\\\/genf\\\/\"},{\"@type\":\"ListItem\",\"position\":6,\"name\":\"Der Taucher\"}]},{\"@type\":\"WebSite\",\"@id\":\"https:\\\/\\\/www.la-jonx.ch\\\/de\\\/#website\",\"url\":\"https:\\\/\\\/www.la-jonx.ch\\\/de\\\/\",\"name\":\"La Jonx\",\"description\":\"Schweizer Grafikwerkstatt\",\"publisher\":{\"@id\":\"https:\\\/\\\/www.la-jonx.ch\\\/de\\\/#organization\"},\"potentialAction\":[{\"@type\":\"SearchAction\",\"target\":{\"@type\":\"EntryPoint\",\"urlTemplate\":\"https:\\\/\\\/www.la-jonx.ch\\\/de\\\/?s={search_term_string}\"},\"query-input\":{\"@type\":\"PropertyValueSpecification\",\"valueRequired\":true,\"valueName\":\"search_term_string\"}}],\"inLanguage\":\"de\"},{\"@type\":\"Organization\",\"@id\":\"https:\\\/\\\/www.la-jonx.ch\\\/de\\\/#organization\",\"name\":\"La Jonx\",\"url\":\"https:\\\/\\\/www.la-jonx.ch\\\/de\\\/\",\"logo\":{\"@type\":\"ImageObject\",\"inLanguage\":\"de\",\"@id\":\"https:\\\/\\\/www.la-jonx.ch\\\/de\\\/#\\\/schema\\\/logo\\\/image\\\/\",\"url\":\"https:\\\/\\\/www.la-jonx.ch\\\/wp-content\\\/uploads\\\/2021\\\/09\\\/logo-la-jonx-atzelier-graphique.png\",\"contentUrl\":\"https:\\\/\\\/www.la-jonx.ch\\\/wp-content\\\/uploads\\\/2021\\\/09\\\/logo-la-jonx-atzelier-graphique.png\",\"width\":378,\"height\":129,\"caption\":\"La Jonx\"},\"image\":{\"@id\":\"https:\\\/\\\/www.la-jonx.ch\\\/de\\\/#\\\/schema\\\/logo\\\/image\\\/\"},\"sameAs\":[\"https:\\\/\\\/www.facebook.com\\\/lajonx.ch\",\"https:\\\/\\\/www.instagram.com\\\/lajonx.ch\\\/?hl=fr\"]}]}<\/script>\n<meta property=\"og:availability\" content=\"instock\" \/>\n<meta property=\"product:availability\" content=\"instock\" \/>\n<meta property=\"product:condition\" content=\"new\" \/>\n<!-- \/ Yoast SEO Premium plugin. -->","yoast_head_json":{"title":"Plakat der Tauchens | Handillustriertes Schweizer Plakat","description":"Plakat der Tauchens, handillustriertes Schweizer Plakat. In der Schweiz auf Qualit\u00e4tspapier gedruckt. Perfektes Schweizer Geschenk oder originelle Wanddekoration.","robots":{"index":"index","follow":"follow","max-snippet":"max-snippet:-1","max-image-preview":"max-image-preview:large","max-video-preview":"max-video-preview:-1"},"canonical":"https:\/\/www.la-jonx.ch\/de\/shop-de\/poster\/kantone\/genf\/tauchen\/","og_locale":"de_DE","og_type":"article","og_title":"Der Taucher","og_description":"Plakat der Tauchens, handillustriertes Schweizer Plakat. In der Schweiz auf Qualit\u00e4tspapier gedruckt. Perfektes Schweizer Geschenk oder originelle Wanddekoration.","og_url":"https:\/\/www.la-jonx.ch\/de\/shop-de\/poster\/kantone\/genf\/tauchen\/","og_site_name":"La Jonx","article_publisher":"https:\/\/www.facebook.com\/lajonx.ch","article_modified_time":"2026-03-12T16:43:54+00:00","og_image":[{"width":1400,"height":1650,"url":"https:\/\/www.la-jonx.ch\/wp-content\/uploads\/2025\/07\/74-Affiche-Suisse-Poster-La-Jonx-Le-Plongeon.jpg","type":"image\/jpeg"}],"twitter_card":"summary_large_image","twitter_misc":{"Verf\u00fcgbarkeit":"Auf Lager"},"schema":{"@context":"https:\/\/schema.org","@graph":[{"@type":"WebPage","@id":"https:\/\/www.la-jonx.ch\/de\/shop-de\/poster\/kantone\/genf\/tauchen\/","url":"https:\/\/www.la-jonx.ch\/de\/shop-de\/poster\/kantone\/genf\/tauchen\/","name":"Plakat der Tauchens | Handillustriertes Schweizer Plakat","isPartOf":{"@id":"https:\/\/www.la-jonx.ch\/de\/#website"},"primaryImageOfPage":{"@id":"https:\/\/www.la-jonx.ch\/de\/shop-de\/poster\/kantone\/genf\/tauchen\/#primaryimage"},"image":{"@id":"https:\/\/www.la-jonx.ch\/de\/shop-de\/poster\/kantone\/genf\/tauchen\/#primaryimage"},"thumbnailUrl":"https:\/\/www.la-jonx.ch\/wp-content\/uploads\/2025\/07\/74-Affiche-Suisse-Poster-La-Jonx-Le-Plongeon.jpg","datePublished":"2023-11-10T15:59:36+00:00","dateModified":"2026-03-12T16:43:54+00:00","description":"Plakat der Tauchens, handillustriertes Schweizer Plakat. In der Schweiz auf Qualit\u00e4tspapier gedruckt. Perfektes Schweizer Geschenk oder originelle Wanddekoration.","breadcrumb":{"@id":"https:\/\/www.la-jonx.ch\/de\/shop-de\/poster\/kantone\/genf\/tauchen\/#breadcrumb"},"inLanguage":"de","potentialAction":[{"@type":"ReadAction","target":["https:\/\/www.la-jonx.ch\/de\/shop-de\/poster\/kantone\/genf\/tauchen\/"]}]},{"@type":"ImageObject","inLanguage":"de","@id":"https:\/\/www.la-jonx.ch\/de\/shop-de\/poster\/kantone\/genf\/tauchen\/#primaryimage","url":"https:\/\/www.la-jonx.ch\/wp-content\/uploads\/2025\/07\/74-Affiche-Suisse-Poster-La-Jonx-Le-Plongeon.jpg","contentUrl":"https:\/\/www.la-jonx.ch\/wp-content\/uploads\/2025\/07\/74-Affiche-Suisse-Poster-La-Jonx-Le-Plongeon.jpg","width":1400,"height":1650,"caption":"Screenshot"},{"@type":"BreadcrumbList","@id":"https:\/\/www.la-jonx.ch\/de\/shop-de\/poster\/kantone\/genf\/tauchen\/#breadcrumb","itemListElement":[{"@type":"ListItem","position":1,"name":"Accueil","item":"https:\/\/www.la-jonx.ch\/de\/"},{"@type":"ListItem","position":2,"name":"Shop","item":"https:\/\/www.la-jonx.ch\/shop\/?lang=de"},{"@type":"ListItem","position":3,"name":"Poster","item":"https:\/\/www.la-jonx.ch\/de\/produktkategorie\/poster\/"},{"@type":"ListItem","position":4,"name":"KANTONE","item":"https:\/\/www.la-jonx.ch\/de\/produktkategorie\/poster\/kantone\/"},{"@type":"ListItem","position":5,"name":"Genf","item":"https:\/\/www.la-jonx.ch\/de\/produktkategorie\/poster\/kantone\/genf\/"},{"@type":"ListItem","position":6,"name":"Der Taucher"}]},{"@type":"WebSite","@id":"https:\/\/www.la-jonx.ch\/de\/#website","url":"https:\/\/www.la-jonx.ch\/de\/","name":"La Jonx","description":"Schweizer Grafikwerkstatt","publisher":{"@id":"https:\/\/www.la-jonx.ch\/de\/#organization"},"potentialAction":[{"@type":"SearchAction","target":{"@type":"EntryPoint","urlTemplate":"https:\/\/www.la-jonx.ch\/de\/?s={search_term_string}"},"query-input":{"@type":"PropertyValueSpecification","valueRequired":true,"valueName":"search_term_string"}}],"inLanguage":"de"},{"@type":"Organization","@id":"https:\/\/www.la-jonx.ch\/de\/#organization","name":"La Jonx","url":"https:\/\/www.la-jonx.ch\/de\/","logo":{"@type":"ImageObject","inLanguage":"de","@id":"https:\/\/www.la-jonx.ch\/de\/#\/schema\/logo\/image\/","url":"https:\/\/www.la-jonx.ch\/wp-content\/uploads\/2021\/09\/logo-la-jonx-atzelier-graphique.png","contentUrl":"https:\/\/www.la-jonx.ch\/wp-content\/uploads\/2021\/09\/logo-la-jonx-atzelier-graphique.png","width":378,"height":129,"caption":"La Jonx"},"image":{"@id":"https:\/\/www.la-jonx.ch\/de\/#\/schema\/logo\/image\/"},"sameAs":["https:\/\/www.facebook.com\/lajonx.ch","https:\/\/www.instagram.com\/lajonx.ch\/?hl=fr"]}]},"og_availability":"instock","product_availability":"instock","product_condition":"new"},"additional_image_1":"https:\/\/www.la-jonx.ch\/wp-content\/uploads\/2025\/07\/74-Enveloppe-avec-Poster-La-Jonx-Le-Plongeon.jpg","additional_image_2":"https:\/\/www.la-jonx.ch\/wp-content\/uploads\/2025\/07\/109-Poster-on-a-wall-Le-Plongeon.jpg","uagb_featured_image_src":{"full":["https:\/\/www.la-jonx.ch\/wp-content\/uploads\/2025\/07\/74-Affiche-Suisse-Poster-La-Jonx-Le-Plongeon.jpg",1400,1650,false],"thumbnail":["https:\/\/www.la-jonx.ch\/wp-content\/uploads\/2025\/07\/74-Affiche-Suisse-Poster-La-Jonx-Le-Plongeon-150x150.jpg",150,150,true],"medium":["https:\/\/www.la-jonx.ch\/wp-content\/uploads\/2025\/07\/74-Affiche-Suisse-Poster-La-Jonx-Le-Plongeon-255x300.jpg",255,300,true],"medium_large":["https:\/\/www.la-jonx.ch\/wp-content\/uploads\/2025\/07\/74-Affiche-Suisse-Poster-La-Jonx-Le-Plongeon-768x905.jpg",768,905,true],"large":["https:\/\/www.la-jonx.ch\/wp-content\/uploads\/2025\/07\/74-Affiche-Suisse-Poster-La-Jonx-Le-Plongeon-869x1024.jpg",869,1024,true],"1536x1536":["https:\/\/www.la-jonx.ch\/wp-content\/uploads\/2025\/07\/74-Affiche-Suisse-Poster-La-Jonx-Le-Plongeon-1303x1536.jpg",1303,1536,true],"2048x2048":["https:\/\/www.la-jonx.ch\/wp-content\/uploads\/2025\/07\/74-Affiche-Suisse-Poster-La-Jonx-Le-Plongeon.jpg",1400,1650,false],"woocommerce_thumbnail":["https:\/\/www.la-jonx.ch\/wp-content\/uploads\/2025\/07\/74-Affiche-Suisse-Poster-La-Jonx-Le-Plongeon-350x420.jpg",350,420,true],"woocommerce_single":["https:\/\/www.la-jonx.ch\/wp-content\/uploads\/2025\/07\/74-Affiche-Suisse-Poster-La-Jonx-Le-Plongeon-510x601.jpg",510,601,true],"woocommerce_gallery_thumbnail":["https:\/\/www.la-jonx.ch\/wp-content\/uploads\/2025\/07\/74-Affiche-Suisse-Poster-La-Jonx-Le-Plongeon-100x100.jpg",100,100,true],"dgwt-wcas-product-suggestion":["https:\/\/www.la-jonx.ch\/wp-content\/uploads\/2025\/07\/74-Affiche-Suisse-Poster-La-Jonx-Le-Plongeon.jpg",64,75,false]},"uagb_author_info":{"display_name":"L'atelier La Jonx","author_link":"https:\/\/www.la-jonx.ch\/de\/author\/"},"uagb_comment_info":0,"uagb_excerpt":"Dieses Plakat von Le Plongeon ist eine Originalkreation, von Hand gezeichnet und in der Schweiz auf hochwertigem Papier gedruckt. Das ideale kleine Schweizer Geschenk.Tauchen Sie in die Bucht mit unserem Poster \"Le Plongeon\" ein. 3m, 5m oder 10m? Seit Jahren folgen sich Liebhaber von Nervenkitzel und Perfektionisten der Kunst des Tauchens, um von diesem Betondorn&hellip;","_links":{"self":[{"href":"https:\/\/www.la-jonx.ch\/de\/wp-json\/wp\/v2\/product\/23898","targetHints":{"allow":["GET"]}}],"collection":[{"href":"https:\/\/www.la-jonx.ch\/de\/wp-json\/wp\/v2\/product"}],"about":[{"href":"https:\/\/www.la-jonx.ch\/de\/wp-json\/wp\/v2\/types\/product"}],"wp:featuredmedia":[{"embeddable":true,"href":"https:\/\/www.la-jonx.ch\/de\/wp-json\/wp\/v2\/media\/36630"}],"wp:attachment":[{"href":"https:\/\/www.la-jonx.ch\/de\/wp-json\/wp\/v2\/media?parent=23898"}],"wp:term":[{"taxonomy":"product_brand","embeddable":true,"href":"https:\/\/www.la-jonx.ch\/de\/wp-json\/wp\/v2\/product_brand?post=23898"},{"taxonomy":"product_cat","embeddable":true,"href":"https:\/\/www.la-jonx.ch\/de\/wp-json\/wp\/v2\/product_cat?post=23898"},{"taxonomy":"product_tag","embeddable":true,"href":"https:\/\/www.la-jonx.ch\/de\/wp-json\/wp\/v2\/product_tag?post=23898"}],"curies":[{"name":"wp","href":"https:\/\/api.w.org\/{rel}","templated":true}]}}