{"id":26016,"date":"2023-12-13T15:42:37","date_gmt":"2023-12-13T14:42:37","guid":{"rendered":"https:\/\/www.la-jonx.ch\/?post_type=product&#038;p=26016"},"modified":"2026-03-12T17:44:19","modified_gmt":"2026-03-12T16:44:19","slug":"tote-bag-relax","status":"publish","type":"product","link":"https:\/\/www.la-jonx.ch\/de\/shop-de\/lifestyle\/tote-bags\/tote-bag-relax\/","title":{"rendered":"Tote Bag Relax you&#8217;re in the Alps"},"content":{"rendered":"<h3>Tote-Bag \u00ab Relax you&#8217;re in the Alps \u00bb \u2014 Bio-Baumwolle, Schweizer Design<\/h3>\n<p>Ein Tote-Bag mit Charakter. \u00ab Relax you&#8217;re in the Alps \u00bb aus Bio-Baumwolle \u2014 leicht, widerstandsf\u00e4hig und sch\u00f6n genug, um nie wieder eine Plastikt\u00fcte zu verwenden. Originaldesign La Jonx.<\/p>\n<blockquote><p><em>\u00ab Relax, you&#8217;re in the Alps. Der Tote-Bag, der an das Wesentliche erinnert: Wir sind in der Schweiz, alles ist gut. \u00bb<\/em><\/p><\/blockquote>\n<h3>Eigenschaften<\/h3>\n<ul>\n<li>Originaldesign \u2014 La Jonx, Genf<\/li>\n<li>GOTS-zertifizierte Bio-Baumwolle<\/li>\n<li>Widerstandsf\u00e4hig und praktisch f\u00fcr den t\u00e4glichen Gebrauch<\/li>\n<\/ul>\n","protected":false},"excerpt":{"rendered":"<p class='product-intro'>Diese Stoffbeutel Relax you&#8217;re in the Alps ist eine originale Kreation, handgezeichnet in unserem Atelier in Genf. Das Geschenk, das ein L\u00e4cheln zaubert.<\/p>\n<p class='poesie'>Relax, you&#8217;re in the Alps. Die Tote Bag, die an das Wesentliche erinnert: Wir sind in der Schweiz, alles ist gut.<\/p>\n","protected":false},"featured_media":25962,"template":"","meta":{"_uag_custom_page_level_css":""},"product_brand":[],"product_cat":[2833],"product_tag":[391,1623,1996,1995,1994,1972,1970,1971,1813],"class_list":{"0":"post-26016","1":"product","2":"type-product","3":"status-publish","4":"has-post-thumbnail","6":"product_cat-tote-bags","7":"product_tag-alpen","8":"product_tag-hund","9":"product_tag-sonnenbad","10":"product_tag-sunbath-de","11":"product_tag-sunchair-de","12":"product_tag-tasche","13":"product_tag-tote-bag-de","14":"product_tag-totebag-de","15":"product_tag-transat-de","17":"first","18":"outofstock","19":"shipping-taxable","20":"purchasable","21":"product-type-simple"},"yoast_head":"<!-- This site is optimized with the Yoast SEO Premium plugin v27.2 (Yoast SEO v27.3) - https:\/\/yoast.com\/product\/yoast-seo-premium-wordpress\/ -->\n<title>Stoffbeutel Entspannen Sie sich, Sie sind in den Alpen | Bio-Baumwolle, Schweizer Design<\/title>\n<meta name=\"description\" content=\"Tote-Bag Relax you&#039;re in the Alps aus Bio-Baumwolle GOTS. Original Schweizer Design La Jonx. Widerstandsf\u00e4hig, umweltfreundlich und stylisch. Das praktische und einzigartige Schweizer Geschenk.\" \/>\n<meta name=\"robots\" content=\"index, follow, max-snippet:-1, max-image-preview:large, max-video-preview:-1\" \/>\n<link rel=\"canonical\" href=\"https:\/\/www.la-jonx.ch\/de\/shop-de\/lifestyle\/tote-bags\/tote-bag-relax\/\" \/>\n<meta property=\"og:locale\" content=\"de_DE\" \/>\n<meta property=\"og:type\" content=\"article\" \/>\n<meta property=\"og:title\" content=\"Tote Bag Relax you&#039;re in the Alps |Atelier La Jonx\" \/>\n<meta property=\"og:description\" content=\"Tote-Bag Relax you&#039;re in the Alps aus Bio-Baumwolle GOTS. Original Schweizer Design La Jonx. Widerstandsf\u00e4hig, umweltfreundlich und stylisch. Das praktische und einzigartige Schweizer Geschenk.\" \/>\n<meta property=\"og:url\" content=\"https:\/\/www.la-jonx.ch\/de\/shop-de\/lifestyle\/tote-bags\/tote-bag-relax\/\" \/>\n<meta property=\"og:site_name\" content=\"La Jonx\" \/>\n<meta property=\"article:publisher\" content=\"https:\/\/www.facebook.com\/lajonx.ch\" \/>\n<meta property=\"article:modified_time\" content=\"2026-03-12T16:44:19+00:00\" \/>\n<meta property=\"og:image\" content=\"https:\/\/www.la-jonx.ch\/wp-content\/uploads\/2023\/12\/Totebag-suisse-en-cotton-bio-Relax-youre-in-the-Alps.webp\" \/>\n\t<meta property=\"og:image:width\" content=\"1500\" \/>\n\t<meta property=\"og:image:height\" content=\"1764\" \/>\n\t<meta property=\"og:image:type\" content=\"image\/webp\" \/>\n<meta name=\"twitter:card\" content=\"summary_large_image\" \/>\n<meta name=\"twitter:title\" content=\"Tote Bag Relax you&#039;re in the Alps |Atelier La Jonx\" \/>\n<meta name=\"twitter:label1\" content=\"Preis\" \/>\n\t<meta name=\"twitter:data1\" content=\"&#067;&#072;&#070;&nbsp;20.0\" \/>\n\t<meta name=\"twitter:label2\" content=\"Verf\u00fcgbarkeit\" \/>\n\t<meta name=\"twitter:data2\" content=\"ausverkauft\" \/>\n<script type=\"application\/ld+json\" class=\"yoast-schema-graph\">{\"@context\":\"https:\\\/\\\/schema.org\",\"@graph\":[{\"@type\":\"WebPage\",\"@id\":\"https:\\\/\\\/www.la-jonx.ch\\\/de\\\/shop-de\\\/lifestyle\\\/tote-bags\\\/tote-bag-relax\\\/\",\"url\":\"https:\\\/\\\/www.la-jonx.ch\\\/de\\\/shop-de\\\/lifestyle\\\/tote-bags\\\/tote-bag-relax\\\/\",\"name\":\"Stoffbeutel Entspannen Sie sich, Sie sind in den Alpen | Bio-Baumwolle, Schweizer Design\",\"isPartOf\":{\"@id\":\"https:\\\/\\\/www.la-jonx.ch\\\/de\\\/#website\"},\"primaryImageOfPage\":{\"@id\":\"https:\\\/\\\/www.la-jonx.ch\\\/de\\\/shop-de\\\/lifestyle\\\/tote-bags\\\/tote-bag-relax\\\/#primaryimage\"},\"image\":{\"@id\":\"https:\\\/\\\/www.la-jonx.ch\\\/de\\\/shop-de\\\/lifestyle\\\/tote-bags\\\/tote-bag-relax\\\/#primaryimage\"},\"thumbnailUrl\":\"https:\\\/\\\/www.la-jonx.ch\\\/wp-content\\\/uploads\\\/2023\\\/12\\\/Totebag-suisse-en-cotton-bio-Relax-youre-in-the-Alps.webp\",\"datePublished\":\"2023-12-13T14:42:37+00:00\",\"dateModified\":\"2026-03-12T16:44:19+00:00\",\"description\":\"Tote-Bag Relax you're in the Alps aus Bio-Baumwolle GOTS. Original Schweizer Design La Jonx. Widerstandsf\u00e4hig, umweltfreundlich und stylisch. Das praktische und einzigartige Schweizer Geschenk.\",\"breadcrumb\":{\"@id\":\"https:\\\/\\\/www.la-jonx.ch\\\/de\\\/shop-de\\\/lifestyle\\\/tote-bags\\\/tote-bag-relax\\\/#breadcrumb\"},\"inLanguage\":\"de\",\"potentialAction\":[{\"@type\":\"ReadAction\",\"target\":[\"https:\\\/\\\/www.la-jonx.ch\\\/de\\\/shop-de\\\/lifestyle\\\/tote-bags\\\/tote-bag-relax\\\/\"]}]},{\"@type\":\"ImageObject\",\"inLanguage\":\"de\",\"@id\":\"https:\\\/\\\/www.la-jonx.ch\\\/de\\\/shop-de\\\/lifestyle\\\/tote-bags\\\/tote-bag-relax\\\/#primaryimage\",\"url\":\"https:\\\/\\\/www.la-jonx.ch\\\/wp-content\\\/uploads\\\/2023\\\/12\\\/Totebag-suisse-en-cotton-bio-Relax-youre-in-the-Alps.webp\",\"contentUrl\":\"https:\\\/\\\/www.la-jonx.ch\\\/wp-content\\\/uploads\\\/2023\\\/12\\\/Totebag-suisse-en-cotton-bio-Relax-youre-in-the-Alps.webp\",\"width\":1500,\"height\":1764,\"caption\":\"Tote Bag Relax you're in the Alps - K\u00fcnstlerische Tote Bag\"},{\"@type\":\"BreadcrumbList\",\"@id\":\"https:\\\/\\\/www.la-jonx.ch\\\/de\\\/shop-de\\\/lifestyle\\\/tote-bags\\\/tote-bag-relax\\\/#breadcrumb\",\"itemListElement\":[{\"@type\":\"ListItem\",\"position\":1,\"name\":\"Accueil\",\"item\":\"https:\\\/\\\/www.la-jonx.ch\\\/de\\\/\"},{\"@type\":\"ListItem\",\"position\":2,\"name\":\"Shop\",\"item\":\"https:\\\/\\\/www.la-jonx.ch\\\/shop\\\/?lang=de\"},{\"@type\":\"ListItem\",\"position\":3,\"name\":\"Lifestyle\",\"item\":\"https:\\\/\\\/www.la-jonx.ch\\\/de\\\/produktkategorie\\\/lifestyle\\\/\"},{\"@type\":\"ListItem\",\"position\":4,\"name\":\"Tote Bags\",\"item\":\"https:\\\/\\\/www.la-jonx.ch\\\/de\\\/produktkategorie\\\/lifestyle\\\/tote-bags\\\/\"},{\"@type\":\"ListItem\",\"position\":5,\"name\":\"Tote Bag Relax you&rsquo;re in the Alps\"}]},{\"@type\":\"WebSite\",\"@id\":\"https:\\\/\\\/www.la-jonx.ch\\\/de\\\/#website\",\"url\":\"https:\\\/\\\/www.la-jonx.ch\\\/de\\\/\",\"name\":\"La Jonx\",\"description\":\"Schweizer Grafikwerkstatt\",\"publisher\":{\"@id\":\"https:\\\/\\\/www.la-jonx.ch\\\/de\\\/#organization\"},\"potentialAction\":[{\"@type\":\"SearchAction\",\"target\":{\"@type\":\"EntryPoint\",\"urlTemplate\":\"https:\\\/\\\/www.la-jonx.ch\\\/de\\\/?s={search_term_string}\"},\"query-input\":{\"@type\":\"PropertyValueSpecification\",\"valueRequired\":true,\"valueName\":\"search_term_string\"}}],\"inLanguage\":\"de\"},{\"@type\":\"Organization\",\"@id\":\"https:\\\/\\\/www.la-jonx.ch\\\/de\\\/#organization\",\"name\":\"La Jonx\",\"url\":\"https:\\\/\\\/www.la-jonx.ch\\\/de\\\/\",\"logo\":{\"@type\":\"ImageObject\",\"inLanguage\":\"de\",\"@id\":\"https:\\\/\\\/www.la-jonx.ch\\\/de\\\/#\\\/schema\\\/logo\\\/image\\\/\",\"url\":\"https:\\\/\\\/www.la-jonx.ch\\\/wp-content\\\/uploads\\\/2021\\\/09\\\/logo-la-jonx-atzelier-graphique.png\",\"contentUrl\":\"https:\\\/\\\/www.la-jonx.ch\\\/wp-content\\\/uploads\\\/2021\\\/09\\\/logo-la-jonx-atzelier-graphique.png\",\"width\":378,\"height\":129,\"caption\":\"La Jonx\"},\"image\":{\"@id\":\"https:\\\/\\\/www.la-jonx.ch\\\/de\\\/#\\\/schema\\\/logo\\\/image\\\/\"},\"sameAs\":[\"https:\\\/\\\/www.facebook.com\\\/lajonx.ch\",\"https:\\\/\\\/www.instagram.com\\\/lajonx.ch\\\/?hl=fr\"]}]}<\/script>\n<meta property=\"product:price:amount\" content=\"20.0\" \/>\n<meta property=\"product:price:currency\" content=\"CHF\" \/>\n<meta property=\"og:availability\" content=\"out of stock\" \/>\n<meta property=\"product:availability\" content=\"out of stock\" \/>\n<meta property=\"product:retailer_item_id\" content=\"3760442020147\" \/>\n<meta property=\"product:condition\" content=\"new\" \/>\n<!-- \/ Yoast SEO Premium plugin. -->","yoast_head_json":{"title":"Stoffbeutel Entspannen Sie sich, Sie sind in den Alpen | Bio-Baumwolle, Schweizer Design","description":"Tote-Bag Relax you're in the Alps aus Bio-Baumwolle GOTS. Original Schweizer Design La Jonx. Widerstandsf\u00e4hig, umweltfreundlich und stylisch. Das praktische und einzigartige Schweizer Geschenk.","robots":{"index":"index","follow":"follow","max-snippet":"max-snippet:-1","max-image-preview":"max-image-preview:large","max-video-preview":"max-video-preview:-1"},"canonical":"https:\/\/www.la-jonx.ch\/de\/shop-de\/lifestyle\/tote-bags\/tote-bag-relax\/","og_locale":"de_DE","og_type":"article","og_title":"Tote Bag Relax you're in the Alps |Atelier La Jonx","og_description":"Tote-Bag Relax you're in the Alps aus Bio-Baumwolle GOTS. Original Schweizer Design La Jonx. Widerstandsf\u00e4hig, umweltfreundlich und stylisch. Das praktische und einzigartige Schweizer Geschenk.","og_url":"https:\/\/www.la-jonx.ch\/de\/shop-de\/lifestyle\/tote-bags\/tote-bag-relax\/","og_site_name":"La Jonx","article_publisher":"https:\/\/www.facebook.com\/lajonx.ch","article_modified_time":"2026-03-12T16:44:19+00:00","og_image":[{"width":1500,"height":1764,"url":"https:\/\/www.la-jonx.ch\/wp-content\/uploads\/2023\/12\/Totebag-suisse-en-cotton-bio-Relax-youre-in-the-Alps.webp","type":"image\/webp"}],"twitter_card":"summary_large_image","twitter_title":"Tote Bag Relax you're in the Alps |Atelier La Jonx","twitter_misc":{"Preis":"&#67;&#72;&#70;&nbsp;20.0","Verf\u00fcgbarkeit":"ausverkauft"},"schema":{"@context":"https:\/\/schema.org","@graph":[{"@type":"WebPage","@id":"https:\/\/www.la-jonx.ch\/de\/shop-de\/lifestyle\/tote-bags\/tote-bag-relax\/","url":"https:\/\/www.la-jonx.ch\/de\/shop-de\/lifestyle\/tote-bags\/tote-bag-relax\/","name":"Stoffbeutel Entspannen Sie sich, Sie sind in den Alpen | Bio-Baumwolle, Schweizer Design","isPartOf":{"@id":"https:\/\/www.la-jonx.ch\/de\/#website"},"primaryImageOfPage":{"@id":"https:\/\/www.la-jonx.ch\/de\/shop-de\/lifestyle\/tote-bags\/tote-bag-relax\/#primaryimage"},"image":{"@id":"https:\/\/www.la-jonx.ch\/de\/shop-de\/lifestyle\/tote-bags\/tote-bag-relax\/#primaryimage"},"thumbnailUrl":"https:\/\/www.la-jonx.ch\/wp-content\/uploads\/2023\/12\/Totebag-suisse-en-cotton-bio-Relax-youre-in-the-Alps.webp","datePublished":"2023-12-13T14:42:37+00:00","dateModified":"2026-03-12T16:44:19+00:00","description":"Tote-Bag Relax you're in the Alps aus Bio-Baumwolle GOTS. Original Schweizer Design La Jonx. Widerstandsf\u00e4hig, umweltfreundlich und stylisch. Das praktische und einzigartige Schweizer Geschenk.","breadcrumb":{"@id":"https:\/\/www.la-jonx.ch\/de\/shop-de\/lifestyle\/tote-bags\/tote-bag-relax\/#breadcrumb"},"inLanguage":"de","potentialAction":[{"@type":"ReadAction","target":["https:\/\/www.la-jonx.ch\/de\/shop-de\/lifestyle\/tote-bags\/tote-bag-relax\/"]}]},{"@type":"ImageObject","inLanguage":"de","@id":"https:\/\/www.la-jonx.ch\/de\/shop-de\/lifestyle\/tote-bags\/tote-bag-relax\/#primaryimage","url":"https:\/\/www.la-jonx.ch\/wp-content\/uploads\/2023\/12\/Totebag-suisse-en-cotton-bio-Relax-youre-in-the-Alps.webp","contentUrl":"https:\/\/www.la-jonx.ch\/wp-content\/uploads\/2023\/12\/Totebag-suisse-en-cotton-bio-Relax-youre-in-the-Alps.webp","width":1500,"height":1764,"caption":"Tote Bag Relax you're in the Alps - K\u00fcnstlerische Tote Bag"},{"@type":"BreadcrumbList","@id":"https:\/\/www.la-jonx.ch\/de\/shop-de\/lifestyle\/tote-bags\/tote-bag-relax\/#breadcrumb","itemListElement":[{"@type":"ListItem","position":1,"name":"Accueil","item":"https:\/\/www.la-jonx.ch\/de\/"},{"@type":"ListItem","position":2,"name":"Shop","item":"https:\/\/www.la-jonx.ch\/shop\/?lang=de"},{"@type":"ListItem","position":3,"name":"Lifestyle","item":"https:\/\/www.la-jonx.ch\/de\/produktkategorie\/lifestyle\/"},{"@type":"ListItem","position":4,"name":"Tote Bags","item":"https:\/\/www.la-jonx.ch\/de\/produktkategorie\/lifestyle\/tote-bags\/"},{"@type":"ListItem","position":5,"name":"Tote Bag Relax you&rsquo;re in the Alps"}]},{"@type":"WebSite","@id":"https:\/\/www.la-jonx.ch\/de\/#website","url":"https:\/\/www.la-jonx.ch\/de\/","name":"La Jonx","description":"Schweizer Grafikwerkstatt","publisher":{"@id":"https:\/\/www.la-jonx.ch\/de\/#organization"},"potentialAction":[{"@type":"SearchAction","target":{"@type":"EntryPoint","urlTemplate":"https:\/\/www.la-jonx.ch\/de\/?s={search_term_string}"},"query-input":{"@type":"PropertyValueSpecification","valueRequired":true,"valueName":"search_term_string"}}],"inLanguage":"de"},{"@type":"Organization","@id":"https:\/\/www.la-jonx.ch\/de\/#organization","name":"La Jonx","url":"https:\/\/www.la-jonx.ch\/de\/","logo":{"@type":"ImageObject","inLanguage":"de","@id":"https:\/\/www.la-jonx.ch\/de\/#\/schema\/logo\/image\/","url":"https:\/\/www.la-jonx.ch\/wp-content\/uploads\/2021\/09\/logo-la-jonx-atzelier-graphique.png","contentUrl":"https:\/\/www.la-jonx.ch\/wp-content\/uploads\/2021\/09\/logo-la-jonx-atzelier-graphique.png","width":378,"height":129,"caption":"La Jonx"},"image":{"@id":"https:\/\/www.la-jonx.ch\/de\/#\/schema\/logo\/image\/"},"sameAs":["https:\/\/www.facebook.com\/lajonx.ch","https:\/\/www.instagram.com\/lajonx.ch\/?hl=fr"]}]},"product_price_amount":"20.0","product_price_currency":"CHF","og_availability":"out of stock","product_availability":"out of stock","product_retailer_item_id":"3760442020147","product_condition":"new"},"additional_image_1":null,"additional_image_2":null,"uagb_featured_image_src":{"full":["https:\/\/www.la-jonx.ch\/wp-content\/uploads\/2023\/12\/Totebag-suisse-en-cotton-bio-Relax-youre-in-the-Alps.webp",1500,1764,false],"thumbnail":["https:\/\/www.la-jonx.ch\/wp-content\/uploads\/2023\/12\/Totebag-suisse-en-cotton-bio-Relax-youre-in-the-Alps-150x150.webp",150,150,true],"medium":["https:\/\/www.la-jonx.ch\/wp-content\/uploads\/2023\/12\/Totebag-suisse-en-cotton-bio-Relax-youre-in-the-Alps-255x300.webp",255,300,true],"medium_large":["https:\/\/www.la-jonx.ch\/wp-content\/uploads\/2023\/12\/Totebag-suisse-en-cotton-bio-Relax-youre-in-the-Alps-768x903.webp",768,903,true],"large":["https:\/\/www.la-jonx.ch\/wp-content\/uploads\/2023\/12\/Totebag-suisse-en-cotton-bio-Relax-youre-in-the-Alps-871x1024.webp",871,1024,true],"1536x1536":["https:\/\/www.la-jonx.ch\/wp-content\/uploads\/2023\/12\/Totebag-suisse-en-cotton-bio-Relax-youre-in-the-Alps-1306x1536.webp",1306,1536,true],"2048x2048":["https:\/\/www.la-jonx.ch\/wp-content\/uploads\/2023\/12\/Totebag-suisse-en-cotton-bio-Relax-youre-in-the-Alps.webp",1500,1764,false],"woocommerce_thumbnail":["https:\/\/www.la-jonx.ch\/wp-content\/uploads\/2023\/12\/Totebag-suisse-en-cotton-bio-Relax-youre-in-the-Alps-350x420.webp",350,420,true],"woocommerce_single":["https:\/\/www.la-jonx.ch\/wp-content\/uploads\/2023\/12\/Totebag-suisse-en-cotton-bio-Relax-youre-in-the-Alps-510x600.webp",510,600,true],"woocommerce_gallery_thumbnail":["https:\/\/www.la-jonx.ch\/wp-content\/uploads\/2023\/12\/Totebag-suisse-en-cotton-bio-Relax-youre-in-the-Alps-100x100.webp",100,100,true],"dgwt-wcas-product-suggestion":["https:\/\/www.la-jonx.ch\/wp-content\/uploads\/2023\/12\/Totebag-suisse-en-cotton-bio-Relax-youre-in-the-Alps.webp",64,75,false]},"uagb_author_info":{"display_name":"L'atelier La Jonx","author_link":"https:\/\/www.la-jonx.ch\/de\/author\/"},"uagb_comment_info":0,"uagb_excerpt":"Diese Stoffbeutel Relax you're in the Alps ist eine originale Kreation, handgezeichnet in unserem Atelier in Genf. Das Geschenk, das ein L\u00e4cheln zaubert.Relax, you're in the Alps. Die Tote Bag, die an das Wesentliche erinnert: Wir sind in der Schweiz, alles ist gut.","_links":{"self":[{"href":"https:\/\/www.la-jonx.ch\/de\/wp-json\/wp\/v2\/product\/26016","targetHints":{"allow":["GET"]}}],"collection":[{"href":"https:\/\/www.la-jonx.ch\/de\/wp-json\/wp\/v2\/product"}],"about":[{"href":"https:\/\/www.la-jonx.ch\/de\/wp-json\/wp\/v2\/types\/product"}],"wp:featuredmedia":[{"embeddable":true,"href":"https:\/\/www.la-jonx.ch\/de\/wp-json\/wp\/v2\/media\/25962"}],"wp:attachment":[{"href":"https:\/\/www.la-jonx.ch\/de\/wp-json\/wp\/v2\/media?parent=26016"}],"wp:term":[{"taxonomy":"product_brand","embeddable":true,"href":"https:\/\/www.la-jonx.ch\/de\/wp-json\/wp\/v2\/product_brand?post=26016"},{"taxonomy":"product_cat","embeddable":true,"href":"https:\/\/www.la-jonx.ch\/de\/wp-json\/wp\/v2\/product_cat?post=26016"},{"taxonomy":"product_tag","embeddable":true,"href":"https:\/\/www.la-jonx.ch\/de\/wp-json\/wp\/v2\/product_tag?post=26016"}],"curies":[{"name":"wp","href":"https:\/\/api.w.org\/{rel}","templated":true}]}}