{"id":27325,"date":"2024-06-25T14:58:16","date_gmt":"2024-06-25T12:58:16","guid":{"rendered":"https:\/\/www.la-jonx.ch\/?post_type=product&#038;p=27325"},"modified":"2026-03-12T17:41:15","modified_gmt":"2026-03-12T16:41:15","slug":"basel-copie","status":"publish","type":"product","link":"https:\/\/www.la-jonx.ch\/de\/shop-de\/poster\/basel-copie\/","title":{"rendered":"Basel &#8211; Baden"},"content":{"rendered":"<h3>Poster von Basel &#8211; Das Baden \u2014 Schweizer Plakat zwischen Poesie und Farben<\/h3>\n<p>Mit diesem Plakat von Basel &#8211; Das Baden, kommt ein St\u00fcck Schweiz zu Ihnen nach Hause. Ein goldenes Licht am Ende des Tages, Blaut\u00f6ne und T\u00fcrkis, alles von Hand im La Jonx-Stil gezeichnet.<\/p>\n<p>Gedruckt in der Schweiz auf 180g halbmattes Papier, PEFC\/FSC-zertifiziert, ist es ein originelles Schweizer Geschenk oder ein sch\u00f6nes Dekorationselement f\u00fcr Ihr Wohnzimmer, Schlafzimmer oder B\u00fcro.<\/p>\n<h3>Basel &#8211; Das Baden in wenigen Worten<\/h3>\n<p>Basel, eine Grenzstadt am Schnittpunkt von drei L\u00e4ndern, ist das kulturelle Herz der Schweiz. Mit seinen Museen von Weltrang, seiner zeitgen\u00f6ssischen Architektur und seiner Altstadt am Rhein fasziniert es Kunst- und Kulturliebhaber.<\/p>\n<blockquote><p><em>\u00ab Einladung zum Baden in den erfrischenden Gew\u00e4ssern des Rheins an einem Sommerabend. Im Hintergrund erhebt sich das majest\u00e4tische Basler M\u00fcnster und verleiht diesem Moment der Entspannung und Geselligkeit im Herzen der Stadt eine historische und architektonische Note. \u00bb<\/em><\/p><\/blockquote>\n<h3>Eigenschaften<\/h3>\n<ul>\n<li>Originale handgezeichnete Illustration \u2014 Atelier La Jonx, Genf<\/li>\n<li>Gedruckt in der Schweiz auf 180g halbmattes Papier, PEFC\/FSC-zertifiziert<\/li>\n<li>Erh\u00e4ltlich in 30\u00d740 cm, 50\u00d770 cm und 70\u00d7100 cm<\/li>\n<li>Standardformate f\u00fcr eine einfache Rahmung<\/li>\n<li>Geliefert in einem stabilen Umschlag (30\u00d740) oder Schutzrohr (gro\u00dfe Formate)<\/li>\n<\/ul>\n","protected":false},"excerpt":{"rendered":"<p class='product-intro'>Dieses Plakat von Basel &#8211; Das Baden ist eine originale Kreation, von Hand gezeichnet und in der Schweiz auf hochwertigem Papier gedruckt. Ein lokales und authentisches Geschenk.<\/p>\n<p class='poesie'>Einladung zum Baden in den erfrischenden Gew\u00e4ssern des Rheins an einem Sommerabend. Im Hintergrund erhebt sich der majest\u00e4tische Basler M\u00fcnster, der diesem Moment der Entspannung und Geselligkeit im Herzen der Stadt eine historische und architektonische Note verleiht.<\/p>\n<br\/>\n","protected":false},"featured_media":35737,"template":"","meta":{"_uag_custom_page_level_css":""},"product_brand":[],"product_cat":[2848,2852],"product_tag":[930,1036,1037,897,203,490,982,377,491],"class_list":{"0":"post-27325","1":"product","2":"type-product","3":"status-publish","4":"has-post-thumbnail","6":"product_cat-poster","7":"product_cat-basel-stadt","8":"product_tag-baden","9":"product_tag-basel-de","10":"product_tag-basel-de-2","11":"product_tag-kathedrale","12":"product_tag-plakate","13":"product_tag-poster-de","14":"product_tag-rhin-de","15":"product_tag-schweiz","16":"product_tag-vintage-de","18":"first","19":"instock","20":"shipping-taxable","21":"purchasable","22":"product-type-variable","23":"has-default-attributes"},"yoast_head":"<!-- This site is optimized with the Yoast SEO Premium plugin v27.2 (Yoast SEO v27.3) - https:\/\/yoast.com\/product\/yoast-seo-premium-wordpress\/ -->\n<title>Plakat von Basel - Das Baden | Poster Schweiz Handgemacht \ud83c\udde8\ud83c\udded<\/title>\n<meta name=\"description\" content=\"Poster von Basel - Das Baden, handgezeichnetes Schweizer Plakat in Genf. Gedruckt in der Schweiz. Ideal als Schweizer Geschenk oder einzigartige Wanddekoration.\" \/>\n<meta name=\"robots\" content=\"index, follow, max-snippet:-1, max-image-preview:large, max-video-preview:-1\" \/>\n<link rel=\"canonical\" href=\"https:\/\/www.la-jonx.ch\/de\/shop-de\/poster\/basel-copie\/\" \/>\n<meta property=\"og:locale\" content=\"de_DE\" \/>\n<meta property=\"og:type\" content=\"article\" \/>\n<meta property=\"og:title\" content=\"Basel - Baden\" \/>\n<meta property=\"og:description\" content=\"Poster von Basel - Das Baden, handgezeichnetes Schweizer Plakat in Genf. Gedruckt in der Schweiz. Ideal als Schweizer Geschenk oder einzigartige Wanddekoration.\" \/>\n<meta property=\"og:url\" content=\"https:\/\/www.la-jonx.ch\/de\/shop-de\/poster\/basel-copie\/\" \/>\n<meta property=\"og:site_name\" content=\"La Jonx\" \/>\n<meta property=\"article:publisher\" content=\"https:\/\/www.facebook.com\/lajonx.ch\" \/>\n<meta property=\"article:modified_time\" content=\"2026-03-12T16:41:15+00:00\" \/>\n<meta property=\"og:image\" content=\"https:\/\/www.la-jonx.ch\/wp-content\/uploads\/2025\/07\/22-Affiche-Suisse-Poster-La-Jonx-Basel-Summer.jpg\" \/>\n\t<meta property=\"og:image:width\" content=\"1400\" \/>\n\t<meta property=\"og:image:height\" content=\"1650\" \/>\n\t<meta property=\"og:image:type\" content=\"image\/jpeg\" \/>\n<meta name=\"twitter:card\" content=\"summary_large_image\" \/>\n<meta name=\"twitter:label1\" content=\"Verf\u00fcgbarkeit\" \/>\n\t<meta name=\"twitter:data1\" content=\"Auf Lager\" \/>\n<script type=\"application\/ld+json\" class=\"yoast-schema-graph\">{\"@context\":\"https:\\\/\\\/schema.org\",\"@graph\":[{\"@type\":\"WebPage\",\"@id\":\"https:\\\/\\\/www.la-jonx.ch\\\/de\\\/shop-de\\\/poster\\\/basel-copie\\\/\",\"url\":\"https:\\\/\\\/www.la-jonx.ch\\\/de\\\/shop-de\\\/poster\\\/basel-copie\\\/\",\"name\":\"Plakat von Basel - Das Baden | Poster Schweiz Handgemacht \ud83c\udde8\ud83c\udded\",\"isPartOf\":{\"@id\":\"https:\\\/\\\/www.la-jonx.ch\\\/de\\\/#website\"},\"primaryImageOfPage\":{\"@id\":\"https:\\\/\\\/www.la-jonx.ch\\\/de\\\/shop-de\\\/poster\\\/basel-copie\\\/#primaryimage\"},\"image\":{\"@id\":\"https:\\\/\\\/www.la-jonx.ch\\\/de\\\/shop-de\\\/poster\\\/basel-copie\\\/#primaryimage\"},\"thumbnailUrl\":\"https:\\\/\\\/www.la-jonx.ch\\\/wp-content\\\/uploads\\\/2025\\\/07\\\/22-Affiche-Suisse-Poster-La-Jonx-Basel-Summer.jpg\",\"datePublished\":\"2024-06-25T12:58:16+00:00\",\"dateModified\":\"2026-03-12T16:41:15+00:00\",\"description\":\"Poster von Basel - Das Baden, handgezeichnetes Schweizer Plakat in Genf. Gedruckt in der Schweiz. Ideal als Schweizer Geschenk oder einzigartige Wanddekoration.\",\"breadcrumb\":{\"@id\":\"https:\\\/\\\/www.la-jonx.ch\\\/de\\\/shop-de\\\/poster\\\/basel-copie\\\/#breadcrumb\"},\"inLanguage\":\"de\",\"potentialAction\":[{\"@type\":\"ReadAction\",\"target\":[\"https:\\\/\\\/www.la-jonx.ch\\\/de\\\/shop-de\\\/poster\\\/basel-copie\\\/\"]}]},{\"@type\":\"ImageObject\",\"inLanguage\":\"de\",\"@id\":\"https:\\\/\\\/www.la-jonx.ch\\\/de\\\/shop-de\\\/poster\\\/basel-copie\\\/#primaryimage\",\"url\":\"https:\\\/\\\/www.la-jonx.ch\\\/wp-content\\\/uploads\\\/2025\\\/07\\\/22-Affiche-Suisse-Poster-La-Jonx-Basel-Summer.jpg\",\"contentUrl\":\"https:\\\/\\\/www.la-jonx.ch\\\/wp-content\\\/uploads\\\/2025\\\/07\\\/22-Affiche-Suisse-Poster-La-Jonx-Basel-Summer.jpg\",\"width\":1400,\"height\":1650,\"caption\":\"Screenshot\"},{\"@type\":\"BreadcrumbList\",\"@id\":\"https:\\\/\\\/www.la-jonx.ch\\\/de\\\/shop-de\\\/poster\\\/basel-copie\\\/#breadcrumb\",\"itemListElement\":[{\"@type\":\"ListItem\",\"position\":1,\"name\":\"Accueil\",\"item\":\"https:\\\/\\\/www.la-jonx.ch\\\/de\\\/\"},{\"@type\":\"ListItem\",\"position\":2,\"name\":\"Shop\",\"item\":\"https:\\\/\\\/www.la-jonx.ch\\\/shop\\\/?lang=de\"},{\"@type\":\"ListItem\",\"position\":3,\"name\":\"Poster\",\"item\":\"https:\\\/\\\/www.la-jonx.ch\\\/de\\\/produktkategorie\\\/poster\\\/\"},{\"@type\":\"ListItem\",\"position\":4,\"name\":\"Basel &#8211; Baden\"}]},{\"@type\":\"WebSite\",\"@id\":\"https:\\\/\\\/www.la-jonx.ch\\\/de\\\/#website\",\"url\":\"https:\\\/\\\/www.la-jonx.ch\\\/de\\\/\",\"name\":\"La Jonx\",\"description\":\"Schweizer Grafikwerkstatt\",\"publisher\":{\"@id\":\"https:\\\/\\\/www.la-jonx.ch\\\/de\\\/#organization\"},\"potentialAction\":[{\"@type\":\"SearchAction\",\"target\":{\"@type\":\"EntryPoint\",\"urlTemplate\":\"https:\\\/\\\/www.la-jonx.ch\\\/de\\\/?s={search_term_string}\"},\"query-input\":{\"@type\":\"PropertyValueSpecification\",\"valueRequired\":true,\"valueName\":\"search_term_string\"}}],\"inLanguage\":\"de\"},{\"@type\":\"Organization\",\"@id\":\"https:\\\/\\\/www.la-jonx.ch\\\/de\\\/#organization\",\"name\":\"La Jonx\",\"url\":\"https:\\\/\\\/www.la-jonx.ch\\\/de\\\/\",\"logo\":{\"@type\":\"ImageObject\",\"inLanguage\":\"de\",\"@id\":\"https:\\\/\\\/www.la-jonx.ch\\\/de\\\/#\\\/schema\\\/logo\\\/image\\\/\",\"url\":\"https:\\\/\\\/www.la-jonx.ch\\\/wp-content\\\/uploads\\\/2021\\\/09\\\/logo-la-jonx-atzelier-graphique.png\",\"contentUrl\":\"https:\\\/\\\/www.la-jonx.ch\\\/wp-content\\\/uploads\\\/2021\\\/09\\\/logo-la-jonx-atzelier-graphique.png\",\"width\":378,\"height\":129,\"caption\":\"La Jonx\"},\"image\":{\"@id\":\"https:\\\/\\\/www.la-jonx.ch\\\/de\\\/#\\\/schema\\\/logo\\\/image\\\/\"},\"sameAs\":[\"https:\\\/\\\/www.facebook.com\\\/lajonx.ch\",\"https:\\\/\\\/www.instagram.com\\\/lajonx.ch\\\/?hl=fr\"]}]}<\/script>\n<meta property=\"og:availability\" content=\"instock\" \/>\n<meta property=\"product:availability\" content=\"instock\" \/>\n<meta property=\"product:condition\" content=\"new\" \/>\n<!-- \/ Yoast SEO Premium plugin. -->","yoast_head_json":{"title":"Plakat von Basel - Das Baden | Poster Schweiz Handgemacht \ud83c\udde8\ud83c\udded","description":"Poster von Basel - Das Baden, handgezeichnetes Schweizer Plakat in Genf. Gedruckt in der Schweiz. Ideal als Schweizer Geschenk oder einzigartige Wanddekoration.","robots":{"index":"index","follow":"follow","max-snippet":"max-snippet:-1","max-image-preview":"max-image-preview:large","max-video-preview":"max-video-preview:-1"},"canonical":"https:\/\/www.la-jonx.ch\/de\/shop-de\/poster\/basel-copie\/","og_locale":"de_DE","og_type":"article","og_title":"Basel - Baden","og_description":"Poster von Basel - Das Baden, handgezeichnetes Schweizer Plakat in Genf. Gedruckt in der Schweiz. Ideal als Schweizer Geschenk oder einzigartige Wanddekoration.","og_url":"https:\/\/www.la-jonx.ch\/de\/shop-de\/poster\/basel-copie\/","og_site_name":"La Jonx","article_publisher":"https:\/\/www.facebook.com\/lajonx.ch","article_modified_time":"2026-03-12T16:41:15+00:00","og_image":[{"width":1400,"height":1650,"url":"https:\/\/www.la-jonx.ch\/wp-content\/uploads\/2025\/07\/22-Affiche-Suisse-Poster-La-Jonx-Basel-Summer.jpg","type":"image\/jpeg"}],"twitter_card":"summary_large_image","twitter_misc":{"Verf\u00fcgbarkeit":"Auf Lager"},"schema":{"@context":"https:\/\/schema.org","@graph":[{"@type":"WebPage","@id":"https:\/\/www.la-jonx.ch\/de\/shop-de\/poster\/basel-copie\/","url":"https:\/\/www.la-jonx.ch\/de\/shop-de\/poster\/basel-copie\/","name":"Plakat von Basel - Das Baden | Poster Schweiz Handgemacht \ud83c\udde8\ud83c\udded","isPartOf":{"@id":"https:\/\/www.la-jonx.ch\/de\/#website"},"primaryImageOfPage":{"@id":"https:\/\/www.la-jonx.ch\/de\/shop-de\/poster\/basel-copie\/#primaryimage"},"image":{"@id":"https:\/\/www.la-jonx.ch\/de\/shop-de\/poster\/basel-copie\/#primaryimage"},"thumbnailUrl":"https:\/\/www.la-jonx.ch\/wp-content\/uploads\/2025\/07\/22-Affiche-Suisse-Poster-La-Jonx-Basel-Summer.jpg","datePublished":"2024-06-25T12:58:16+00:00","dateModified":"2026-03-12T16:41:15+00:00","description":"Poster von Basel - Das Baden, handgezeichnetes Schweizer Plakat in Genf. Gedruckt in der Schweiz. Ideal als Schweizer Geschenk oder einzigartige Wanddekoration.","breadcrumb":{"@id":"https:\/\/www.la-jonx.ch\/de\/shop-de\/poster\/basel-copie\/#breadcrumb"},"inLanguage":"de","potentialAction":[{"@type":"ReadAction","target":["https:\/\/www.la-jonx.ch\/de\/shop-de\/poster\/basel-copie\/"]}]},{"@type":"ImageObject","inLanguage":"de","@id":"https:\/\/www.la-jonx.ch\/de\/shop-de\/poster\/basel-copie\/#primaryimage","url":"https:\/\/www.la-jonx.ch\/wp-content\/uploads\/2025\/07\/22-Affiche-Suisse-Poster-La-Jonx-Basel-Summer.jpg","contentUrl":"https:\/\/www.la-jonx.ch\/wp-content\/uploads\/2025\/07\/22-Affiche-Suisse-Poster-La-Jonx-Basel-Summer.jpg","width":1400,"height":1650,"caption":"Screenshot"},{"@type":"BreadcrumbList","@id":"https:\/\/www.la-jonx.ch\/de\/shop-de\/poster\/basel-copie\/#breadcrumb","itemListElement":[{"@type":"ListItem","position":1,"name":"Accueil","item":"https:\/\/www.la-jonx.ch\/de\/"},{"@type":"ListItem","position":2,"name":"Shop","item":"https:\/\/www.la-jonx.ch\/shop\/?lang=de"},{"@type":"ListItem","position":3,"name":"Poster","item":"https:\/\/www.la-jonx.ch\/de\/produktkategorie\/poster\/"},{"@type":"ListItem","position":4,"name":"Basel &#8211; Baden"}]},{"@type":"WebSite","@id":"https:\/\/www.la-jonx.ch\/de\/#website","url":"https:\/\/www.la-jonx.ch\/de\/","name":"La Jonx","description":"Schweizer Grafikwerkstatt","publisher":{"@id":"https:\/\/www.la-jonx.ch\/de\/#organization"},"potentialAction":[{"@type":"SearchAction","target":{"@type":"EntryPoint","urlTemplate":"https:\/\/www.la-jonx.ch\/de\/?s={search_term_string}"},"query-input":{"@type":"PropertyValueSpecification","valueRequired":true,"valueName":"search_term_string"}}],"inLanguage":"de"},{"@type":"Organization","@id":"https:\/\/www.la-jonx.ch\/de\/#organization","name":"La Jonx","url":"https:\/\/www.la-jonx.ch\/de\/","logo":{"@type":"ImageObject","inLanguage":"de","@id":"https:\/\/www.la-jonx.ch\/de\/#\/schema\/logo\/image\/","url":"https:\/\/www.la-jonx.ch\/wp-content\/uploads\/2021\/09\/logo-la-jonx-atzelier-graphique.png","contentUrl":"https:\/\/www.la-jonx.ch\/wp-content\/uploads\/2021\/09\/logo-la-jonx-atzelier-graphique.png","width":378,"height":129,"caption":"La Jonx"},"image":{"@id":"https:\/\/www.la-jonx.ch\/de\/#\/schema\/logo\/image\/"},"sameAs":["https:\/\/www.facebook.com\/lajonx.ch","https:\/\/www.instagram.com\/lajonx.ch\/?hl=fr"]}]},"og_availability":"instock","product_availability":"instock","product_condition":"new"},"additional_image_1":"https:\/\/www.la-jonx.ch\/wp-content\/uploads\/2025\/07\/22-Enveloppe-avec-Poster-La-Jonx-Basel-Summer.jpg","additional_image_2":"https:\/\/www.la-jonx.ch\/wp-content\/uploads\/2025\/07\/22-Poster-on-a-wall-Basel-Summer.jpg","uagb_featured_image_src":{"full":["https:\/\/www.la-jonx.ch\/wp-content\/uploads\/2025\/07\/22-Affiche-Suisse-Poster-La-Jonx-Basel-Summer.jpg",1400,1650,false],"thumbnail":["https:\/\/www.la-jonx.ch\/wp-content\/uploads\/2025\/07\/22-Affiche-Suisse-Poster-La-Jonx-Basel-Summer-150x150.jpg",150,150,true],"medium":["https:\/\/www.la-jonx.ch\/wp-content\/uploads\/2025\/07\/22-Affiche-Suisse-Poster-La-Jonx-Basel-Summer-255x300.jpg",255,300,true],"medium_large":["https:\/\/www.la-jonx.ch\/wp-content\/uploads\/2025\/07\/22-Affiche-Suisse-Poster-La-Jonx-Basel-Summer-768x905.jpg",768,905,true],"large":["https:\/\/www.la-jonx.ch\/wp-content\/uploads\/2025\/07\/22-Affiche-Suisse-Poster-La-Jonx-Basel-Summer-869x1024.jpg",869,1024,true],"1536x1536":["https:\/\/www.la-jonx.ch\/wp-content\/uploads\/2025\/07\/22-Affiche-Suisse-Poster-La-Jonx-Basel-Summer-1303x1536.jpg",1303,1536,true],"2048x2048":["https:\/\/www.la-jonx.ch\/wp-content\/uploads\/2025\/07\/22-Affiche-Suisse-Poster-La-Jonx-Basel-Summer.jpg",1400,1650,false],"woocommerce_thumbnail":["https:\/\/www.la-jonx.ch\/wp-content\/uploads\/2025\/07\/22-Affiche-Suisse-Poster-La-Jonx-Basel-Summer-350x420.jpg",350,420,true],"woocommerce_single":["https:\/\/www.la-jonx.ch\/wp-content\/uploads\/2025\/07\/22-Affiche-Suisse-Poster-La-Jonx-Basel-Summer-510x601.jpg",510,601,true],"woocommerce_gallery_thumbnail":["https:\/\/www.la-jonx.ch\/wp-content\/uploads\/2025\/07\/22-Affiche-Suisse-Poster-La-Jonx-Basel-Summer-100x100.jpg",100,100,true],"dgwt-wcas-product-suggestion":["https:\/\/www.la-jonx.ch\/wp-content\/uploads\/2025\/07\/22-Affiche-Suisse-Poster-La-Jonx-Basel-Summer.jpg",64,75,false]},"uagb_author_info":{"display_name":"L'atelier La Jonx","author_link":"https:\/\/www.la-jonx.ch\/de\/author\/"},"uagb_comment_info":0,"uagb_excerpt":"Dieses Plakat von Basel - Das Baden ist eine originale Kreation, von Hand gezeichnet und in der Schweiz auf hochwertigem Papier gedruckt. Ein lokales und authentisches Geschenk.Einladung zum Baden in den erfrischenden Gew\u00e4ssern des Rheins an einem Sommerabend. Im Hintergrund erhebt sich der majest\u00e4tische Basler M\u00fcnster, der diesem Moment der Entspannung und Geselligkeit im Herzen&hellip;","_links":{"self":[{"href":"https:\/\/www.la-jonx.ch\/de\/wp-json\/wp\/v2\/product\/27325","targetHints":{"allow":["GET"]}}],"collection":[{"href":"https:\/\/www.la-jonx.ch\/de\/wp-json\/wp\/v2\/product"}],"about":[{"href":"https:\/\/www.la-jonx.ch\/de\/wp-json\/wp\/v2\/types\/product"}],"wp:featuredmedia":[{"embeddable":true,"href":"https:\/\/www.la-jonx.ch\/de\/wp-json\/wp\/v2\/media\/35737"}],"wp:attachment":[{"href":"https:\/\/www.la-jonx.ch\/de\/wp-json\/wp\/v2\/media?parent=27325"}],"wp:term":[{"taxonomy":"product_brand","embeddable":true,"href":"https:\/\/www.la-jonx.ch\/de\/wp-json\/wp\/v2\/product_brand?post=27325"},{"taxonomy":"product_cat","embeddable":true,"href":"https:\/\/www.la-jonx.ch\/de\/wp-json\/wp\/v2\/product_cat?post=27325"},{"taxonomy":"product_tag","embeddable":true,"href":"https:\/\/www.la-jonx.ch\/de\/wp-json\/wp\/v2\/product_tag?post=27325"}],"curies":[{"name":"wp","href":"https:\/\/api.w.org\/{rel}","templated":true}]}}