{"id":27780,"date":"2024-07-09T15:00:40","date_gmt":"2024-07-09T13:00:40","guid":{"rendered":"https:\/\/www.la-jonx.ch\/?post_type=product&#038;p=27780"},"modified":"2026-03-12T12:27:41","modified_gmt":"2026-03-12T11:27:41","slug":"carte-postale-bains-des-paquis-farniente","status":"publish","type":"product","link":"https:\/\/www.la-jonx.ch\/de\/shop-de\/papeterie\/postkarten-a6\/carte-postale-bains-des-paquis-farniente\/","title":{"rendered":"Carte postale &#8211; Gen\u00e8ve Bains des Paquis Farniente"},"content":{"rendered":"<h3>Carte postale Gen\u00e8ve Bains des Paquis Farniente \u2014 souvenir suisse illustr\u00e9<\/h3>\n<p>Plus qu&#8217;une carte postale, un petit morceau de Suisse en format A6. Notre carte Gen\u00e8ve Bains des Paquis Farniente est dessin\u00e9e \u00e0 la main \u00e0 Gen\u00e8ve \u2014 le genre de souvenir suisse qu&#8217;on aime recevoir.<\/p>\n<blockquote><p><em>\u00ab Le farniente aux P\u00e2quis, captur\u00e9 en carte postale. Ne rien faire n&#8217;a jamais \u00e9t\u00e9 aussi beau. \u00bb<\/em><\/p><\/blockquote>\n<h3>Caract\u00e9ristiques<\/h3>\n<ul>\n<li>Illustration originale \u2014 atelier La Jonx, Gen\u00e8ve<\/li>\n<li>Imprim\u00e9e en Suisse sur papier de qualit\u00e9<\/li>\n<li>Format A6<\/li>\n<\/ul>\n","protected":false},"excerpt":{"rendered":"<p class='product-intro'>Cette carte postale Gen\u00e8ve Bains des Paquis Farniente est une cr\u00e9ation originale, dessin\u00e9e \u00e0 la main et imprim\u00e9e en Suisse sur du papier de qualit\u00e9. Un cadeau original pour tous les amoureux de la Suisse.<\/p>\n<p class='poesie'>Le farniente aux P\u00e2quis, captur\u00e9 en carte postale. Ne rien faire n&#8217;a jamais \u00e9t\u00e9 aussi beau.<\/p>\n","protected":false},"featured_media":27759,"template":"","meta":{"_uag_custom_page_level_css":""},"product_brand":[],"product_cat":[2089],"product_tag":[582,2088,1543,82],"class_list":{"0":"post-27780","1":"product","2":"type-product","3":"status-publish","4":"has-post-thumbnail","6":"product_cat-cartes-postales-a6","7":"product_tag-bains-des-paquis","8":"product_tag-carte-postale","9":"product_tag-farniente","10":"product_tag-geneve","11":"product_shipping_class-lettre","13":"first","14":"instock","15":"shipping-taxable","16":"purchasable","17":"product-type-simple"},"yoast_head":"<!-- This site is optimized with the Yoast SEO Premium plugin v27.4 (Yoast SEO v27.5) - https:\/\/yoast.com\/product\/yoast-seo-premium-wordpress\/ -->\n<title>Carte Postale Gen\u00e8ve Bains des Paquis Farniente | Cadeau Sui<\/title>\n<meta name=\"description\" content=\"Carte postale Gen\u00e8ve Bains des Paquis Farniente, illustr\u00e9e et imprim\u00e9e en Suisse. Souvenir suisse original \u00e0 envoyer, collectionner ou offrir. Design La...\" \/>\n<meta name=\"robots\" content=\"index, follow, max-snippet:-1, max-image-preview:large, max-video-preview:-1\" \/>\n<link rel=\"canonical\" href=\"https:\/\/www.la-jonx.ch\/de\/shop-de\/papeterie\/postkarten-a6\/carte-postale-bains-des-paquis-farniente\/\" \/>\n<meta property=\"og:locale\" content=\"de_DE\" \/>\n<meta property=\"og:type\" content=\"article\" \/>\n<meta property=\"og:title\" content=\"Carte postale - Gen\u00e8ve Bains des Paquis Farniente\" \/>\n<meta property=\"og:description\" content=\"Carte postale Gen\u00e8ve Bains des Paquis Farniente, illustr\u00e9e et imprim\u00e9e en Suisse. Souvenir suisse original \u00e0 envoyer, collectionner ou offrir. Design La...\" \/>\n<meta property=\"og:url\" content=\"https:\/\/www.la-jonx.ch\/de\/shop-de\/papeterie\/postkarten-a6\/carte-postale-bains-des-paquis-farniente\/\" \/>\n<meta property=\"og:site_name\" content=\"La Jonx\" \/>\n<meta property=\"article:publisher\" content=\"https:\/\/www.facebook.com\/lajonx.ch\" \/>\n<meta property=\"article:modified_time\" content=\"2026-03-12T11:27:41+00:00\" \/>\n<meta property=\"og:image\" content=\"https:\/\/www.la-jonx.ch\/wp-content\/uploads\/2024\/07\/Bains-des-paquis-farniente-carte-postale-1-scaled.jpg\" \/>\n\t<meta property=\"og:image:width\" content=\"2177\" \/>\n\t<meta property=\"og:image:height\" content=\"2560\" \/>\n\t<meta property=\"og:image:type\" content=\"image\/jpeg\" \/>\n<meta name=\"twitter:card\" content=\"summary_large_image\" \/>\n<meta name=\"twitter:title\" content=\"Carte postale - Gen\u00e8ve Bains des Paquis Farniente\" \/>\n<meta name=\"twitter:label1\" content=\"Preis\" \/>\n\t<meta name=\"twitter:data1\" content=\"&#067;&#072;&#070;&nbsp;5.0\" \/>\n\t<meta name=\"twitter:label2\" content=\"Verf\u00fcgbarkeit\" \/>\n\t<meta name=\"twitter:data2\" content=\"Auf Lager\" \/>\n<script type=\"application\/ld+json\" class=\"yoast-schema-graph\">{\"@context\":\"https:\\\/\\\/schema.org\",\"@graph\":[{\"@type\":\"WebPage\",\"@id\":\"https:\\\/\\\/www.la-jonx.ch\\\/de\\\/shop-de\\\/papeterie\\\/postkarten-a6\\\/carte-postale-bains-des-paquis-farniente\\\/\",\"url\":\"https:\\\/\\\/www.la-jonx.ch\\\/de\\\/shop-de\\\/papeterie\\\/postkarten-a6\\\/carte-postale-bains-des-paquis-farniente\\\/\",\"name\":\"Carte Postale Gen\u00e8ve Bains des Paquis Farniente | Cadeau Sui\",\"isPartOf\":{\"@id\":\"https:\\\/\\\/www.la-jonx.ch\\\/de\\\/#website\"},\"primaryImageOfPage\":{\"@id\":\"https:\\\/\\\/www.la-jonx.ch\\\/de\\\/shop-de\\\/papeterie\\\/postkarten-a6\\\/carte-postale-bains-des-paquis-farniente\\\/#primaryimage\"},\"image\":{\"@id\":\"https:\\\/\\\/www.la-jonx.ch\\\/de\\\/shop-de\\\/papeterie\\\/postkarten-a6\\\/carte-postale-bains-des-paquis-farniente\\\/#primaryimage\"},\"thumbnailUrl\":\"https:\\\/\\\/www.la-jonx.ch\\\/wp-content\\\/uploads\\\/2024\\\/07\\\/Bains-des-paquis-farniente-carte-postale-1-scaled.jpg\",\"datePublished\":\"2024-07-09T13:00:40+00:00\",\"dateModified\":\"2026-03-12T11:27:41+00:00\",\"description\":\"Carte postale Gen\u00e8ve Bains des Paquis Farniente, illustr\u00e9e et imprim\u00e9e en Suisse. Souvenir suisse original \u00e0 envoyer, collectionner ou offrir. Design La...\",\"breadcrumb\":{\"@id\":\"https:\\\/\\\/www.la-jonx.ch\\\/de\\\/shop-de\\\/papeterie\\\/postkarten-a6\\\/carte-postale-bains-des-paquis-farniente\\\/#breadcrumb\"},\"inLanguage\":\"de\",\"potentialAction\":[{\"@type\":\"ReadAction\",\"target\":[\"https:\\\/\\\/www.la-jonx.ch\\\/de\\\/shop-de\\\/papeterie\\\/postkarten-a6\\\/carte-postale-bains-des-paquis-farniente\\\/\"]}]},{\"@type\":\"ImageObject\",\"inLanguage\":\"de\",\"@id\":\"https:\\\/\\\/www.la-jonx.ch\\\/de\\\/shop-de\\\/papeterie\\\/postkarten-a6\\\/carte-postale-bains-des-paquis-farniente\\\/#primaryimage\",\"url\":\"https:\\\/\\\/www.la-jonx.ch\\\/wp-content\\\/uploads\\\/2024\\\/07\\\/Bains-des-paquis-farniente-carte-postale-1-scaled.jpg\",\"contentUrl\":\"https:\\\/\\\/www.la-jonx.ch\\\/wp-content\\\/uploads\\\/2024\\\/07\\\/Bains-des-paquis-farniente-carte-postale-1-scaled.jpg\",\"width\":2177,\"height\":2560,\"caption\":\"Carte Postale Carte postale - Gen\u00e8ve Bains des Paquis Farniente imprim\u00e9e Suisse, A6\"},{\"@type\":\"BreadcrumbList\",\"@id\":\"https:\\\/\\\/www.la-jonx.ch\\\/de\\\/shop-de\\\/papeterie\\\/postkarten-a6\\\/carte-postale-bains-des-paquis-farniente\\\/#breadcrumb\",\"itemListElement\":[{\"@type\":\"ListItem\",\"position\":1,\"name\":\"Accueil\",\"item\":\"https:\\\/\\\/www.la-jonx.ch\\\/de\\\/\"},{\"@type\":\"ListItem\",\"position\":2,\"name\":\"Shop\",\"item\":\"https:\\\/\\\/www.la-jonx.ch\\\/shop\\\/?lang=de\"},{\"@type\":\"ListItem\",\"position\":3,\"name\":\"Papeterie\",\"item\":\"https:\\\/\\\/www.la-jonx.ch\\\/de\\\/produktkategorie\\\/papeterie\\\/\"},{\"@type\":\"ListItem\",\"position\":4,\"name\":\"Postkarten A6\",\"item\":\"https:\\\/\\\/www.la-jonx.ch\\\/de\\\/produktkategorie\\\/papeterie\\\/postkarten-a6\\\/\"},{\"@type\":\"ListItem\",\"position\":5,\"name\":\"Carte postale &#8211; Gen\u00e8ve Bains des Paquis Farniente\"}]},{\"@type\":\"WebSite\",\"@id\":\"https:\\\/\\\/www.la-jonx.ch\\\/de\\\/#website\",\"url\":\"https:\\\/\\\/www.la-jonx.ch\\\/de\\\/\",\"name\":\"La Jonx\",\"description\":\"Schweizer Grafikwerkstatt\",\"publisher\":{\"@id\":\"https:\\\/\\\/www.la-jonx.ch\\\/de\\\/#organization\"},\"potentialAction\":[{\"@type\":\"SearchAction\",\"target\":{\"@type\":\"EntryPoint\",\"urlTemplate\":\"https:\\\/\\\/www.la-jonx.ch\\\/de\\\/?s={search_term_string}\"},\"query-input\":{\"@type\":\"PropertyValueSpecification\",\"valueRequired\":true,\"valueName\":\"search_term_string\"}}],\"inLanguage\":\"de\"},{\"@type\":\"Organization\",\"@id\":\"https:\\\/\\\/www.la-jonx.ch\\\/de\\\/#organization\",\"name\":\"La Jonx\",\"url\":\"https:\\\/\\\/www.la-jonx.ch\\\/de\\\/\",\"logo\":{\"@type\":\"ImageObject\",\"inLanguage\":\"de\",\"@id\":\"https:\\\/\\\/www.la-jonx.ch\\\/de\\\/#\\\/schema\\\/logo\\\/image\\\/\",\"url\":\"https:\\\/\\\/www.la-jonx.ch\\\/wp-content\\\/uploads\\\/2021\\\/09\\\/logo-la-jonx-atzelier-graphique.png\",\"contentUrl\":\"https:\\\/\\\/www.la-jonx.ch\\\/wp-content\\\/uploads\\\/2021\\\/09\\\/logo-la-jonx-atzelier-graphique.png\",\"width\":378,\"height\":129,\"caption\":\"La Jonx\"},\"image\":{\"@id\":\"https:\\\/\\\/www.la-jonx.ch\\\/de\\\/#\\\/schema\\\/logo\\\/image\\\/\"},\"sameAs\":[\"https:\\\/\\\/www.facebook.com\\\/lajonx.ch\",\"https:\\\/\\\/www.instagram.com\\\/lajonx.ch\\\/?hl=fr\"]}]}<\/script>\n<meta property=\"product:price:amount\" content=\"5.0\" \/>\n<meta property=\"product:price:currency\" content=\"CHF\" \/>\n<meta property=\"og:availability\" content=\"instock\" \/>\n<meta property=\"product:availability\" content=\"instock\" \/>\n<meta property=\"product:condition\" content=\"new\" \/>\n<!-- \/ Yoast SEO Premium plugin. -->","yoast_head_json":{"title":"Carte Postale Gen\u00e8ve Bains des Paquis Farniente | Cadeau Sui","description":"Carte postale Gen\u00e8ve Bains des Paquis Farniente, illustr\u00e9e et imprim\u00e9e en Suisse. Souvenir suisse original \u00e0 envoyer, collectionner ou offrir. Design La...","robots":{"index":"index","follow":"follow","max-snippet":"max-snippet:-1","max-image-preview":"max-image-preview:large","max-video-preview":"max-video-preview:-1"},"canonical":"https:\/\/www.la-jonx.ch\/de\/shop-de\/papeterie\/postkarten-a6\/carte-postale-bains-des-paquis-farniente\/","og_locale":"de_DE","og_type":"article","og_title":"Carte postale - Gen\u00e8ve Bains des Paquis Farniente","og_description":"Carte postale Gen\u00e8ve Bains des Paquis Farniente, illustr\u00e9e et imprim\u00e9e en Suisse. Souvenir suisse original \u00e0 envoyer, collectionner ou offrir. Design La...","og_url":"https:\/\/www.la-jonx.ch\/de\/shop-de\/papeterie\/postkarten-a6\/carte-postale-bains-des-paquis-farniente\/","og_site_name":"La Jonx","article_publisher":"https:\/\/www.facebook.com\/lajonx.ch","article_modified_time":"2026-03-12T11:27:41+00:00","og_image":[{"width":2177,"height":2560,"url":"https:\/\/www.la-jonx.ch\/wp-content\/uploads\/2024\/07\/Bains-des-paquis-farniente-carte-postale-1-scaled.jpg","type":"image\/jpeg"}],"twitter_card":"summary_large_image","twitter_title":"Carte postale - Gen\u00e8ve Bains des Paquis Farniente","twitter_misc":{"Preis":"&#67;&#72;&#70;&nbsp;5.0","Verf\u00fcgbarkeit":"Auf Lager"},"schema":{"@context":"https:\/\/schema.org","@graph":[{"@type":"WebPage","@id":"https:\/\/www.la-jonx.ch\/de\/shop-de\/papeterie\/postkarten-a6\/carte-postale-bains-des-paquis-farniente\/","url":"https:\/\/www.la-jonx.ch\/de\/shop-de\/papeterie\/postkarten-a6\/carte-postale-bains-des-paquis-farniente\/","name":"Carte Postale Gen\u00e8ve Bains des Paquis Farniente | Cadeau Sui","isPartOf":{"@id":"https:\/\/www.la-jonx.ch\/de\/#website"},"primaryImageOfPage":{"@id":"https:\/\/www.la-jonx.ch\/de\/shop-de\/papeterie\/postkarten-a6\/carte-postale-bains-des-paquis-farniente\/#primaryimage"},"image":{"@id":"https:\/\/www.la-jonx.ch\/de\/shop-de\/papeterie\/postkarten-a6\/carte-postale-bains-des-paquis-farniente\/#primaryimage"},"thumbnailUrl":"https:\/\/www.la-jonx.ch\/wp-content\/uploads\/2024\/07\/Bains-des-paquis-farniente-carte-postale-1-scaled.jpg","datePublished":"2024-07-09T13:00:40+00:00","dateModified":"2026-03-12T11:27:41+00:00","description":"Carte postale Gen\u00e8ve Bains des Paquis Farniente, illustr\u00e9e et imprim\u00e9e en Suisse. Souvenir suisse original \u00e0 envoyer, collectionner ou offrir. Design La...","breadcrumb":{"@id":"https:\/\/www.la-jonx.ch\/de\/shop-de\/papeterie\/postkarten-a6\/carte-postale-bains-des-paquis-farniente\/#breadcrumb"},"inLanguage":"de","potentialAction":[{"@type":"ReadAction","target":["https:\/\/www.la-jonx.ch\/de\/shop-de\/papeterie\/postkarten-a6\/carte-postale-bains-des-paquis-farniente\/"]}]},{"@type":"ImageObject","inLanguage":"de","@id":"https:\/\/www.la-jonx.ch\/de\/shop-de\/papeterie\/postkarten-a6\/carte-postale-bains-des-paquis-farniente\/#primaryimage","url":"https:\/\/www.la-jonx.ch\/wp-content\/uploads\/2024\/07\/Bains-des-paquis-farniente-carte-postale-1-scaled.jpg","contentUrl":"https:\/\/www.la-jonx.ch\/wp-content\/uploads\/2024\/07\/Bains-des-paquis-farniente-carte-postale-1-scaled.jpg","width":2177,"height":2560,"caption":"Carte Postale Carte postale - Gen\u00e8ve Bains des Paquis Farniente imprim\u00e9e Suisse, A6"},{"@type":"BreadcrumbList","@id":"https:\/\/www.la-jonx.ch\/de\/shop-de\/papeterie\/postkarten-a6\/carte-postale-bains-des-paquis-farniente\/#breadcrumb","itemListElement":[{"@type":"ListItem","position":1,"name":"Accueil","item":"https:\/\/www.la-jonx.ch\/de\/"},{"@type":"ListItem","position":2,"name":"Shop","item":"https:\/\/www.la-jonx.ch\/shop\/?lang=de"},{"@type":"ListItem","position":3,"name":"Papeterie","item":"https:\/\/www.la-jonx.ch\/de\/produktkategorie\/papeterie\/"},{"@type":"ListItem","position":4,"name":"Postkarten A6","item":"https:\/\/www.la-jonx.ch\/de\/produktkategorie\/papeterie\/postkarten-a6\/"},{"@type":"ListItem","position":5,"name":"Carte postale &#8211; Gen\u00e8ve Bains des Paquis Farniente"}]},{"@type":"WebSite","@id":"https:\/\/www.la-jonx.ch\/de\/#website","url":"https:\/\/www.la-jonx.ch\/de\/","name":"La Jonx","description":"Schweizer Grafikwerkstatt","publisher":{"@id":"https:\/\/www.la-jonx.ch\/de\/#organization"},"potentialAction":[{"@type":"SearchAction","target":{"@type":"EntryPoint","urlTemplate":"https:\/\/www.la-jonx.ch\/de\/?s={search_term_string}"},"query-input":{"@type":"PropertyValueSpecification","valueRequired":true,"valueName":"search_term_string"}}],"inLanguage":"de"},{"@type":"Organization","@id":"https:\/\/www.la-jonx.ch\/de\/#organization","name":"La Jonx","url":"https:\/\/www.la-jonx.ch\/de\/","logo":{"@type":"ImageObject","inLanguage":"de","@id":"https:\/\/www.la-jonx.ch\/de\/#\/schema\/logo\/image\/","url":"https:\/\/www.la-jonx.ch\/wp-content\/uploads\/2021\/09\/logo-la-jonx-atzelier-graphique.png","contentUrl":"https:\/\/www.la-jonx.ch\/wp-content\/uploads\/2021\/09\/logo-la-jonx-atzelier-graphique.png","width":378,"height":129,"caption":"La Jonx"},"image":{"@id":"https:\/\/www.la-jonx.ch\/de\/#\/schema\/logo\/image\/"},"sameAs":["https:\/\/www.facebook.com\/lajonx.ch","https:\/\/www.instagram.com\/lajonx.ch\/?hl=fr"]}]},"product_price_amount":"5.0","product_price_currency":"CHF","og_availability":"instock","product_availability":"instock","product_condition":"new"},"additional_image_1":null,"additional_image_2":null,"uagb_featured_image_src":{"full":["https:\/\/www.la-jonx.ch\/wp-content\/uploads\/2024\/07\/Bains-des-paquis-farniente-carte-postale-1-scaled.jpg",2177,2560,false],"thumbnail":["https:\/\/www.la-jonx.ch\/wp-content\/uploads\/2024\/07\/Bains-des-paquis-farniente-carte-postale-1-150x150.jpg",150,150,true],"medium":["https:\/\/www.la-jonx.ch\/wp-content\/uploads\/2024\/07\/Bains-des-paquis-farniente-carte-postale-1-255x300.jpg",255,300,true],"medium_large":["https:\/\/www.la-jonx.ch\/wp-content\/uploads\/2024\/07\/Bains-des-paquis-farniente-carte-postale-1-768x903.jpg",768,903,true],"large":["https:\/\/www.la-jonx.ch\/wp-content\/uploads\/2024\/07\/Bains-des-paquis-farniente-carte-postale-1-871x1024.jpg",871,1024,true],"1536x1536":["https:\/\/www.la-jonx.ch\/wp-content\/uploads\/2024\/07\/Bains-des-paquis-farniente-carte-postale-1-1306x1536.jpg",1306,1536,true],"2048x2048":["https:\/\/www.la-jonx.ch\/wp-content\/uploads\/2024\/07\/Bains-des-paquis-farniente-carte-postale-1-1742x2048.jpg",1742,2048,true],"woocommerce_thumbnail":["https:\/\/www.la-jonx.ch\/wp-content\/uploads\/2024\/07\/Bains-des-paquis-farniente-carte-postale-1-350x420.jpg",350,420,true],"woocommerce_single":["https:\/\/www.la-jonx.ch\/wp-content\/uploads\/2024\/07\/Bains-des-paquis-farniente-carte-postale-1-510x600.jpg",510,600,true],"woocommerce_gallery_thumbnail":["https:\/\/www.la-jonx.ch\/wp-content\/uploads\/2024\/07\/Bains-des-paquis-farniente-carte-postale-1-100x100.jpg",100,100,true],"dgwt-wcas-product-suggestion":["https:\/\/www.la-jonx.ch\/wp-content\/uploads\/2024\/07\/Bains-des-paquis-farniente-carte-postale-1-scaled.jpg",64,75,false]},"uagb_author_info":{"display_name":"L'atelier La Jonx","author_link":"https:\/\/www.la-jonx.ch\/de\/author\/"},"uagb_comment_info":0,"uagb_excerpt":"Cette carte postale Gen\u00e8ve Bains des Paquis Farniente est une cr\u00e9ation originale, dessin\u00e9e \u00e0 la main et imprim\u00e9e en Suisse sur du papier de qualit\u00e9. Un cadeau original pour tous les amoureux de la Suisse.Le farniente aux P\u00e2quis, captur\u00e9 en carte postale. Ne rien faire n'a jamais \u00e9t\u00e9 aussi beau.","_links":{"self":[{"href":"https:\/\/www.la-jonx.ch\/de\/wp-json\/wp\/v2\/product\/27780","targetHints":{"allow":["GET"]}}],"collection":[{"href":"https:\/\/www.la-jonx.ch\/de\/wp-json\/wp\/v2\/product"}],"about":[{"href":"https:\/\/www.la-jonx.ch\/de\/wp-json\/wp\/v2\/types\/product"}],"wp:featuredmedia":[{"embeddable":true,"href":"https:\/\/www.la-jonx.ch\/de\/wp-json\/wp\/v2\/media\/27759"}],"wp:attachment":[{"href":"https:\/\/www.la-jonx.ch\/de\/wp-json\/wp\/v2\/media?parent=27780"}],"wp:term":[{"taxonomy":"product_brand","embeddable":true,"href":"https:\/\/www.la-jonx.ch\/de\/wp-json\/wp\/v2\/product_brand?post=27780"},{"taxonomy":"product_cat","embeddable":true,"href":"https:\/\/www.la-jonx.ch\/de\/wp-json\/wp\/v2\/product_cat?post=27780"},{"taxonomy":"product_tag","embeddable":true,"href":"https:\/\/www.la-jonx.ch\/de\/wp-json\/wp\/v2\/product_tag?post=27780"}],"curies":[{"name":"wp","href":"https:\/\/api.w.org\/{rel}","templated":true}]}}