{"id":2866,"date":"2021-11-11T08:42:12","date_gmt":"2021-11-11T07:42:12","guid":{"rendered":"https:\/\/www.la-jonx.ch\/?post_type=product&#038;p=2866"},"modified":"2026-03-12T17:38:57","modified_gmt":"2026-03-12T16:38:57","slug":"plakat-schiff-vom-leman","status":"publish","type":"product","link":"https:\/\/www.la-jonx.ch\/de\/shop-de\/poster\/kantone\/waadt\/plakat-schiff-vom-leman\/","title":{"rendered":"Boat of L\u00e9man"},"content":{"rendered":"<h3>Plakat Bateau du L\u00e9man \u2014 Originale Schweizer Dekoration<\/h3>\n<p>Wir wollten das Wesen von Bateau du L\u00e9man in einem Poster einfangen. Ein goldenes Licht am Ende des Tages, Blaut\u00f6ne und T\u00fcrkis, von Hand gezeichnet in unserem Genfer Atelier.<\/p>\n<p>Gedruckt in der Schweiz auf 180g halbmattem Papier, PEFC\/FSC-zertifiziert, ist es ein originelles Schweizer Geschenk oder ein sch\u00f6nes Dekorationselement f\u00fcr Ihr Wohnzimmer, Schlafzimmer oder B\u00fcro.<\/p>\n<h3>Bateau du L\u00e9man in wenigen Worten<\/h3>\n<p>Der Genfersee, der gr\u00f6\u00dfte See Westeuropas, erstreckt sich in einem Halbmond zwischen der Schweiz und Frankreich. Seine 582 km\u00b2 blau-t\u00fcrkisen Gew\u00e4sser, umgeben von Weinbergen und \u00fcberragt von den Alpen, machen ihn zu einer der sch\u00f6nsten Landschaften des Kontinents.<\/p>\n<blockquote><p><em>\u00ab Inmitten der klaren Gew\u00e4sser des Sees breiten sich Wellen aus und verschwinden gegen die Ufer der Waadtl\u00e4nder Weinberge. Es sind die R\u00e4der dieser wei\u00dfen V\u00f6gel, die das Wasser aufwirbeln. Wir sehen sie noch heute den See \u00fcberqueren und reisen in vergangene Jahrhunderte. Das Pl\u00e4tschern der R\u00e4der, die das Wasser schlagen, mischt sich mit der Stille des Sees und dem Flug der V\u00f6gel. \u00bb<\/em><\/p><\/blockquote>\n<h3>Eigenschaften<\/h3>\n<ul>\n<li>Originale handgezeichnete Illustration \u2014 Atelier La Jonx, Genf<\/li>\n<li>Gedruckt in der Schweiz auf 180g halbmattem Papier, PEFC\/FSC-zertifiziert<\/li>\n<li>Erh\u00e4ltlich in 30\u00d740 cm, 50\u00d770 cm und 70\u00d7100 cm<\/li>\n<li>Standardformate f\u00fcr eine einfache Rahmung<\/li>\n<li>Geliefert in einem stabilen Umschlag (30\u00d740) oder Schutzrohr (gro\u00dfe Formate)<\/li>\n<\/ul>\n","protected":false},"excerpt":{"rendered":"<p class='product-intro'>Dieses Plakat des L\u00e9man-Schiffs ist eine Originalkreation, von Hand gezeichnet und in der Schweiz auf hochwertigem Papier gedruckt. Das ideale Geschenk f\u00fcr Liebhaber der Schweiz.<\/p>\n<p class='poesie'>Mitten im klaren Wasser des Sees breiten sich Wellen aus und verschwinden gegen die Ufer der Waadtl\u00e4nder Weinberge. Es sind die R\u00e4der dieser wei\u00dfen V\u00f6gel, die das Wasser aufwirbeln. Wir sehen sie noch heute den See \u00fcberqueren und in vergangene Jahrhunderte reisen. Das Pl\u00e4tschern der R\u00e4der, die das Wasser schlagen, vermischt sich mit der Stille des Sees und dem Flug der V\u00f6gel.<\/p>\n<br\/>\n","protected":false},"featured_media":38394,"template":"","meta":{"_uag_custom_page_level_css":""},"product_brand":[],"product_cat":[2848,2869,2855,2819,2821],"product_tag":[505,506,203,490,377,491],"class_list":{"0":"post-2866","1":"product","2":"type-product","3":"status-publish","4":"has-post-thumbnail","6":"product_cat-poster","7":"product_cat-waadt","8":"product_cat-genf","9":"product_cat-seen-und-flusse","10":"product_cat-transport","11":"product_tag-heritage-de","12":"product_tag-kulturerbe","13":"product_tag-plakate","14":"product_tag-poster-de","15":"product_tag-schweiz","16":"product_tag-vintage-de","18":"first","19":"instock","20":"shipping-taxable","21":"purchasable","22":"product-type-variable","23":"has-default-attributes"},"yoast_head":"<!-- This site is optimized with the Yoast SEO Premium plugin v27.3 (Yoast SEO v27.3) - https:\/\/yoast.com\/product\/yoast-seo-premium-wordpress\/ -->\n<title>Plakat von Bateau du L\u00e9man | Poster Schweiz Handgemacht \ud83c\udde8\ud83c\udded<\/title>\n<meta name=\"description\" content=\"Poster von Boot des Genfersees, handgezeichnetes Schweizer Plakat in Genf. Gedruckt in der Schweiz. Ideal als Schweizer Geschenk oder einzigartige Wanddekoration.\" \/>\n<meta name=\"robots\" content=\"index, follow, max-snippet:-1, max-image-preview:large, max-video-preview:-1\" \/>\n<link rel=\"canonical\" href=\"https:\/\/www.la-jonx.ch\/de\/shop-de\/poster\/kantone\/waadt\/plakat-schiff-vom-leman\/\" \/>\n<meta property=\"og:locale\" content=\"de_DE\" \/>\n<meta property=\"og:type\" content=\"article\" \/>\n<meta property=\"og:title\" content=\"Boat of L\u00e9man\" \/>\n<meta property=\"og:description\" content=\"Poster von Boot des Genfersees, handgezeichnetes Schweizer Plakat in Genf. Gedruckt in der Schweiz. Ideal als Schweizer Geschenk oder einzigartige Wanddekoration.\" \/>\n<meta property=\"og:url\" content=\"https:\/\/www.la-jonx.ch\/de\/shop-de\/poster\/kantone\/waadt\/plakat-schiff-vom-leman\/\" \/>\n<meta property=\"og:site_name\" content=\"La Jonx\" \/>\n<meta property=\"article:publisher\" content=\"https:\/\/www.facebook.com\/lajonx.ch\" \/>\n<meta property=\"article:modified_time\" content=\"2026-03-12T16:38:57+00:00\" \/>\n<meta property=\"og:image\" content=\"https:\/\/www.la-jonx.ch\/wp-content\/uploads\/2025\/07\/24-Affiche-Suisse-Poster-La-Jonx-Bateau-du-Leman.jpg\" \/>\n\t<meta property=\"og:image:width\" content=\"1400\" \/>\n\t<meta property=\"og:image:height\" content=\"1650\" \/>\n\t<meta property=\"og:image:type\" content=\"image\/jpeg\" \/>\n<meta name=\"twitter:card\" content=\"summary_large_image\" \/>\n<meta name=\"twitter:label1\" content=\"Verf\u00fcgbarkeit\" \/>\n\t<meta name=\"twitter:data1\" content=\"Auf Lager\" \/>\n<script type=\"application\/ld+json\" class=\"yoast-schema-graph\">{\"@context\":\"https:\\\/\\\/schema.org\",\"@graph\":[{\"@type\":\"WebPage\",\"@id\":\"https:\\\/\\\/www.la-jonx.ch\\\/de\\\/shop-de\\\/poster\\\/kantone\\\/waadt\\\/plakat-schiff-vom-leman\\\/\",\"url\":\"https:\\\/\\\/www.la-jonx.ch\\\/de\\\/shop-de\\\/poster\\\/kantone\\\/waadt\\\/plakat-schiff-vom-leman\\\/\",\"name\":\"Plakat von Bateau du L\u00e9man | Poster Schweiz Handgemacht \ud83c\udde8\ud83c\udded\",\"isPartOf\":{\"@id\":\"https:\\\/\\\/www.la-jonx.ch\\\/de\\\/#website\"},\"primaryImageOfPage\":{\"@id\":\"https:\\\/\\\/www.la-jonx.ch\\\/de\\\/shop-de\\\/poster\\\/kantone\\\/waadt\\\/plakat-schiff-vom-leman\\\/#primaryimage\"},\"image\":{\"@id\":\"https:\\\/\\\/www.la-jonx.ch\\\/de\\\/shop-de\\\/poster\\\/kantone\\\/waadt\\\/plakat-schiff-vom-leman\\\/#primaryimage\"},\"thumbnailUrl\":\"https:\\\/\\\/www.la-jonx.ch\\\/wp-content\\\/uploads\\\/2025\\\/07\\\/24-Affiche-Suisse-Poster-La-Jonx-Bateau-du-Leman.jpg\",\"datePublished\":\"2021-11-11T07:42:12+00:00\",\"dateModified\":\"2026-03-12T16:38:57+00:00\",\"description\":\"Poster von Boot des Genfersees, handgezeichnetes Schweizer Plakat in Genf. Gedruckt in der Schweiz. Ideal als Schweizer Geschenk oder einzigartige Wanddekoration.\",\"breadcrumb\":{\"@id\":\"https:\\\/\\\/www.la-jonx.ch\\\/de\\\/shop-de\\\/poster\\\/kantone\\\/waadt\\\/plakat-schiff-vom-leman\\\/#breadcrumb\"},\"inLanguage\":\"de\",\"potentialAction\":[{\"@type\":\"ReadAction\",\"target\":[\"https:\\\/\\\/www.la-jonx.ch\\\/de\\\/shop-de\\\/poster\\\/kantone\\\/waadt\\\/plakat-schiff-vom-leman\\\/\"]}]},{\"@type\":\"ImageObject\",\"inLanguage\":\"de\",\"@id\":\"https:\\\/\\\/www.la-jonx.ch\\\/de\\\/shop-de\\\/poster\\\/kantone\\\/waadt\\\/plakat-schiff-vom-leman\\\/#primaryimage\",\"url\":\"https:\\\/\\\/www.la-jonx.ch\\\/wp-content\\\/uploads\\\/2025\\\/07\\\/24-Affiche-Suisse-Poster-La-Jonx-Bateau-du-Leman.jpg\",\"contentUrl\":\"https:\\\/\\\/www.la-jonx.ch\\\/wp-content\\\/uploads\\\/2025\\\/07\\\/24-Affiche-Suisse-Poster-La-Jonx-Bateau-du-Leman.jpg\",\"width\":1400,\"height\":1650,\"caption\":\"Screenshot\"},{\"@type\":\"BreadcrumbList\",\"@id\":\"https:\\\/\\\/www.la-jonx.ch\\\/de\\\/shop-de\\\/poster\\\/kantone\\\/waadt\\\/plakat-schiff-vom-leman\\\/#breadcrumb\",\"itemListElement\":[{\"@type\":\"ListItem\",\"position\":1,\"name\":\"Accueil\",\"item\":\"https:\\\/\\\/www.la-jonx.ch\\\/de\\\/\"},{\"@type\":\"ListItem\",\"position\":2,\"name\":\"Shop\",\"item\":\"https:\\\/\\\/www.la-jonx.ch\\\/shop\\\/?lang=de\"},{\"@type\":\"ListItem\",\"position\":3,\"name\":\"Poster\",\"item\":\"https:\\\/\\\/www.la-jonx.ch\\\/de\\\/produktkategorie\\\/poster\\\/\"},{\"@type\":\"ListItem\",\"position\":4,\"name\":\"Themen\",\"item\":\"https:\\\/\\\/www.la-jonx.ch\\\/de\\\/produktkategorie\\\/poster\\\/themen\\\/\"},{\"@type\":\"ListItem\",\"position\":5,\"name\":\"Seen und Fl\u00fcsse\",\"item\":\"https:\\\/\\\/www.la-jonx.ch\\\/de\\\/produktkategorie\\\/poster\\\/themen\\\/seen-und-flusse\\\/\"},{\"@type\":\"ListItem\",\"position\":6,\"name\":\"Boat of L\u00e9man\"}]},{\"@type\":\"WebSite\",\"@id\":\"https:\\\/\\\/www.la-jonx.ch\\\/de\\\/#website\",\"url\":\"https:\\\/\\\/www.la-jonx.ch\\\/de\\\/\",\"name\":\"La Jonx\",\"description\":\"Schweizer Grafikwerkstatt\",\"publisher\":{\"@id\":\"https:\\\/\\\/www.la-jonx.ch\\\/de\\\/#organization\"},\"potentialAction\":[{\"@type\":\"SearchAction\",\"target\":{\"@type\":\"EntryPoint\",\"urlTemplate\":\"https:\\\/\\\/www.la-jonx.ch\\\/de\\\/?s={search_term_string}\"},\"query-input\":{\"@type\":\"PropertyValueSpecification\",\"valueRequired\":true,\"valueName\":\"search_term_string\"}}],\"inLanguage\":\"de\"},{\"@type\":\"Organization\",\"@id\":\"https:\\\/\\\/www.la-jonx.ch\\\/de\\\/#organization\",\"name\":\"La Jonx\",\"url\":\"https:\\\/\\\/www.la-jonx.ch\\\/de\\\/\",\"logo\":{\"@type\":\"ImageObject\",\"inLanguage\":\"de\",\"@id\":\"https:\\\/\\\/www.la-jonx.ch\\\/de\\\/#\\\/schema\\\/logo\\\/image\\\/\",\"url\":\"https:\\\/\\\/www.la-jonx.ch\\\/wp-content\\\/uploads\\\/2021\\\/09\\\/logo-la-jonx-atzelier-graphique.png\",\"contentUrl\":\"https:\\\/\\\/www.la-jonx.ch\\\/wp-content\\\/uploads\\\/2021\\\/09\\\/logo-la-jonx-atzelier-graphique.png\",\"width\":378,\"height\":129,\"caption\":\"La Jonx\"},\"image\":{\"@id\":\"https:\\\/\\\/www.la-jonx.ch\\\/de\\\/#\\\/schema\\\/logo\\\/image\\\/\"},\"sameAs\":[\"https:\\\/\\\/www.facebook.com\\\/lajonx.ch\",\"https:\\\/\\\/www.instagram.com\\\/lajonx.ch\\\/?hl=fr\"]}]}<\/script>\n<meta property=\"og:availability\" content=\"instock\" \/>\n<meta property=\"product:availability\" content=\"instock\" \/>\n<meta property=\"product:condition\" content=\"new\" \/>\n<!-- \/ Yoast SEO Premium plugin. -->","yoast_head_json":{"title":"Plakat von Bateau du L\u00e9man | Poster Schweiz Handgemacht \ud83c\udde8\ud83c\udded","description":"Poster von Boot des Genfersees, handgezeichnetes Schweizer Plakat in Genf. Gedruckt in der Schweiz. Ideal als Schweizer Geschenk oder einzigartige Wanddekoration.","robots":{"index":"index","follow":"follow","max-snippet":"max-snippet:-1","max-image-preview":"max-image-preview:large","max-video-preview":"max-video-preview:-1"},"canonical":"https:\/\/www.la-jonx.ch\/de\/shop-de\/poster\/kantone\/waadt\/plakat-schiff-vom-leman\/","og_locale":"de_DE","og_type":"article","og_title":"Boat of L\u00e9man","og_description":"Poster von Boot des Genfersees, handgezeichnetes Schweizer Plakat in Genf. Gedruckt in der Schweiz. Ideal als Schweizer Geschenk oder einzigartige Wanddekoration.","og_url":"https:\/\/www.la-jonx.ch\/de\/shop-de\/poster\/kantone\/waadt\/plakat-schiff-vom-leman\/","og_site_name":"La Jonx","article_publisher":"https:\/\/www.facebook.com\/lajonx.ch","article_modified_time":"2026-03-12T16:38:57+00:00","og_image":[{"width":1400,"height":1650,"url":"https:\/\/www.la-jonx.ch\/wp-content\/uploads\/2025\/07\/24-Affiche-Suisse-Poster-La-Jonx-Bateau-du-Leman.jpg","type":"image\/jpeg"}],"twitter_card":"summary_large_image","twitter_misc":{"Verf\u00fcgbarkeit":"Auf Lager"},"schema":{"@context":"https:\/\/schema.org","@graph":[{"@type":"WebPage","@id":"https:\/\/www.la-jonx.ch\/de\/shop-de\/poster\/kantone\/waadt\/plakat-schiff-vom-leman\/","url":"https:\/\/www.la-jonx.ch\/de\/shop-de\/poster\/kantone\/waadt\/plakat-schiff-vom-leman\/","name":"Plakat von Bateau du L\u00e9man | Poster Schweiz Handgemacht \ud83c\udde8\ud83c\udded","isPartOf":{"@id":"https:\/\/www.la-jonx.ch\/de\/#website"},"primaryImageOfPage":{"@id":"https:\/\/www.la-jonx.ch\/de\/shop-de\/poster\/kantone\/waadt\/plakat-schiff-vom-leman\/#primaryimage"},"image":{"@id":"https:\/\/www.la-jonx.ch\/de\/shop-de\/poster\/kantone\/waadt\/plakat-schiff-vom-leman\/#primaryimage"},"thumbnailUrl":"https:\/\/www.la-jonx.ch\/wp-content\/uploads\/2025\/07\/24-Affiche-Suisse-Poster-La-Jonx-Bateau-du-Leman.jpg","datePublished":"2021-11-11T07:42:12+00:00","dateModified":"2026-03-12T16:38:57+00:00","description":"Poster von Boot des Genfersees, handgezeichnetes Schweizer Plakat in Genf. Gedruckt in der Schweiz. Ideal als Schweizer Geschenk oder einzigartige Wanddekoration.","breadcrumb":{"@id":"https:\/\/www.la-jonx.ch\/de\/shop-de\/poster\/kantone\/waadt\/plakat-schiff-vom-leman\/#breadcrumb"},"inLanguage":"de","potentialAction":[{"@type":"ReadAction","target":["https:\/\/www.la-jonx.ch\/de\/shop-de\/poster\/kantone\/waadt\/plakat-schiff-vom-leman\/"]}]},{"@type":"ImageObject","inLanguage":"de","@id":"https:\/\/www.la-jonx.ch\/de\/shop-de\/poster\/kantone\/waadt\/plakat-schiff-vom-leman\/#primaryimage","url":"https:\/\/www.la-jonx.ch\/wp-content\/uploads\/2025\/07\/24-Affiche-Suisse-Poster-La-Jonx-Bateau-du-Leman.jpg","contentUrl":"https:\/\/www.la-jonx.ch\/wp-content\/uploads\/2025\/07\/24-Affiche-Suisse-Poster-La-Jonx-Bateau-du-Leman.jpg","width":1400,"height":1650,"caption":"Screenshot"},{"@type":"BreadcrumbList","@id":"https:\/\/www.la-jonx.ch\/de\/shop-de\/poster\/kantone\/waadt\/plakat-schiff-vom-leman\/#breadcrumb","itemListElement":[{"@type":"ListItem","position":1,"name":"Accueil","item":"https:\/\/www.la-jonx.ch\/de\/"},{"@type":"ListItem","position":2,"name":"Shop","item":"https:\/\/www.la-jonx.ch\/shop\/?lang=de"},{"@type":"ListItem","position":3,"name":"Poster","item":"https:\/\/www.la-jonx.ch\/de\/produktkategorie\/poster\/"},{"@type":"ListItem","position":4,"name":"Themen","item":"https:\/\/www.la-jonx.ch\/de\/produktkategorie\/poster\/themen\/"},{"@type":"ListItem","position":5,"name":"Seen und Fl\u00fcsse","item":"https:\/\/www.la-jonx.ch\/de\/produktkategorie\/poster\/themen\/seen-und-flusse\/"},{"@type":"ListItem","position":6,"name":"Boat of L\u00e9man"}]},{"@type":"WebSite","@id":"https:\/\/www.la-jonx.ch\/de\/#website","url":"https:\/\/www.la-jonx.ch\/de\/","name":"La Jonx","description":"Schweizer Grafikwerkstatt","publisher":{"@id":"https:\/\/www.la-jonx.ch\/de\/#organization"},"potentialAction":[{"@type":"SearchAction","target":{"@type":"EntryPoint","urlTemplate":"https:\/\/www.la-jonx.ch\/de\/?s={search_term_string}"},"query-input":{"@type":"PropertyValueSpecification","valueRequired":true,"valueName":"search_term_string"}}],"inLanguage":"de"},{"@type":"Organization","@id":"https:\/\/www.la-jonx.ch\/de\/#organization","name":"La Jonx","url":"https:\/\/www.la-jonx.ch\/de\/","logo":{"@type":"ImageObject","inLanguage":"de","@id":"https:\/\/www.la-jonx.ch\/de\/#\/schema\/logo\/image\/","url":"https:\/\/www.la-jonx.ch\/wp-content\/uploads\/2021\/09\/logo-la-jonx-atzelier-graphique.png","contentUrl":"https:\/\/www.la-jonx.ch\/wp-content\/uploads\/2021\/09\/logo-la-jonx-atzelier-graphique.png","width":378,"height":129,"caption":"La Jonx"},"image":{"@id":"https:\/\/www.la-jonx.ch\/de\/#\/schema\/logo\/image\/"},"sameAs":["https:\/\/www.facebook.com\/lajonx.ch","https:\/\/www.instagram.com\/lajonx.ch\/?hl=fr"]}]},"og_availability":"instock","product_availability":"instock","product_condition":"new"},"additional_image_1":"https:\/\/www.la-jonx.ch\/wp-content\/uploads\/2025\/07\/24-Enveloppe-avec-Poster-La-Jonx-Bateau-du-Leman.jpg","additional_image_2":"https:\/\/www.la-jonx.ch\/wp-content\/uploads\/2025\/07\/24-Poster-on-a-wall-Bateau-du-Leman.jpg","uagb_featured_image_src":{"full":["https:\/\/www.la-jonx.ch\/wp-content\/uploads\/2025\/07\/24-Affiche-Suisse-Poster-La-Jonx-Bateau-du-Leman.jpg",1400,1650,false],"thumbnail":["https:\/\/www.la-jonx.ch\/wp-content\/uploads\/2025\/07\/24-Affiche-Suisse-Poster-La-Jonx-Bateau-du-Leman-150x150.jpg",150,150,true],"medium":["https:\/\/www.la-jonx.ch\/wp-content\/uploads\/2025\/07\/24-Affiche-Suisse-Poster-La-Jonx-Bateau-du-Leman-255x300.jpg",255,300,true],"medium_large":["https:\/\/www.la-jonx.ch\/wp-content\/uploads\/2025\/07\/24-Affiche-Suisse-Poster-La-Jonx-Bateau-du-Leman-768x905.jpg",768,905,true],"large":["https:\/\/www.la-jonx.ch\/wp-content\/uploads\/2025\/07\/24-Affiche-Suisse-Poster-La-Jonx-Bateau-du-Leman-869x1024.jpg",869,1024,true],"1536x1536":["https:\/\/www.la-jonx.ch\/wp-content\/uploads\/2025\/07\/24-Affiche-Suisse-Poster-La-Jonx-Bateau-du-Leman-1303x1536.jpg",1303,1536,true],"2048x2048":["https:\/\/www.la-jonx.ch\/wp-content\/uploads\/2025\/07\/24-Affiche-Suisse-Poster-La-Jonx-Bateau-du-Leman.jpg",1400,1650,false],"woocommerce_thumbnail":["https:\/\/www.la-jonx.ch\/wp-content\/uploads\/2025\/07\/24-Affiche-Suisse-Poster-La-Jonx-Bateau-du-Leman-350x420.jpg",350,420,true],"woocommerce_single":["https:\/\/www.la-jonx.ch\/wp-content\/uploads\/2025\/07\/24-Affiche-Suisse-Poster-La-Jonx-Bateau-du-Leman-510x601.jpg",510,601,true],"woocommerce_gallery_thumbnail":["https:\/\/www.la-jonx.ch\/wp-content\/uploads\/2025\/07\/24-Affiche-Suisse-Poster-La-Jonx-Bateau-du-Leman-100x100.jpg",100,100,true],"dgwt-wcas-product-suggestion":["https:\/\/www.la-jonx.ch\/wp-content\/uploads\/2025\/07\/24-Affiche-Suisse-Poster-La-Jonx-Bateau-du-Leman.jpg",64,75,false]},"uagb_author_info":{"display_name":"L'atelier La Jonx","author_link":"https:\/\/www.la-jonx.ch\/de\/author\/"},"uagb_comment_info":0,"uagb_excerpt":"Dieses Plakat des L\u00e9man-Schiffs ist eine Originalkreation, von Hand gezeichnet und in der Schweiz auf hochwertigem Papier gedruckt. Das ideale Geschenk f\u00fcr Liebhaber der Schweiz.Mitten im klaren Wasser des Sees breiten sich Wellen aus und verschwinden gegen die Ufer der Waadtl\u00e4nder Weinberge. Es sind die R\u00e4der dieser wei\u00dfen V\u00f6gel, die das Wasser aufwirbeln. Wir sehen&hellip;","_links":{"self":[{"href":"https:\/\/www.la-jonx.ch\/de\/wp-json\/wp\/v2\/product\/2866","targetHints":{"allow":["GET"]}}],"collection":[{"href":"https:\/\/www.la-jonx.ch\/de\/wp-json\/wp\/v2\/product"}],"about":[{"href":"https:\/\/www.la-jonx.ch\/de\/wp-json\/wp\/v2\/types\/product"}],"wp:featuredmedia":[{"embeddable":true,"href":"https:\/\/www.la-jonx.ch\/de\/wp-json\/wp\/v2\/media\/38394"}],"wp:attachment":[{"href":"https:\/\/www.la-jonx.ch\/de\/wp-json\/wp\/v2\/media?parent=2866"}],"wp:term":[{"taxonomy":"product_brand","embeddable":true,"href":"https:\/\/www.la-jonx.ch\/de\/wp-json\/wp\/v2\/product_brand?post=2866"},{"taxonomy":"product_cat","embeddable":true,"href":"https:\/\/www.la-jonx.ch\/de\/wp-json\/wp\/v2\/product_cat?post=2866"},{"taxonomy":"product_tag","embeddable":true,"href":"https:\/\/www.la-jonx.ch\/de\/wp-json\/wp\/v2\/product_tag?post=2866"}],"curies":[{"name":"wp","href":"https:\/\/api.w.org\/{rel}","templated":true}]}}