{"id":29641,"date":"2024-11-02T21:04:47","date_gmt":"2024-11-02T20:04:47","guid":{"rendered":"https:\/\/www.la-jonx.ch\/?post_type=product&#038;p=29641"},"modified":"2026-03-12T17:42:20","modified_gmt":"2026-03-12T16:42:20","slug":"kloster-st-gallen-copie-copie-copie-copie","status":"publish","type":"product","link":"https:\/\/www.la-jonx.ch\/de\/shop-de\/kunsthandwerk\/kloster-st-gallen-copie-copie-copie-copie\/","title":{"rendered":"Rucksack &#8222;Lac&#8220; (See)"},"content":{"rendered":"<h3>Rucksack \u00ab See \u00bb \u2014 illustriertes Schweizer Handwerk<\/h3>\n<p>Dieser Rucksack \u00ab See \u00bb wird in der Schweiz von Hand gefertigt, mit einer Originalillustration aus unserem Atelier in Genf. Leicht, praktisch und einzigartig \u2014 er begleitet Sie an den See, in die Stadt oder auf Spazierg\u00e4nge. Ein handgefertigtes Schweizer Geschenk, das aus dem Rahmen f\u00e4llt.<\/p>\n<blockquote><p><em>\u00ab Der See auf Ihrem R\u00fccken. Ein illustrierter handgefertigter Rucksack f\u00fcr Ihre Ausfl\u00fcge ans Wasser. \u00bb<\/em><\/p><\/blockquote>\n<h3>Eigenschaften<\/h3>\n<ul>\n<li>Originalkreation \u2014 Atelier La Jonx<\/li>\n<li>Handgefertigt in der Schweiz<\/li>\n<\/ul>\n","protected":false},"excerpt":{"rendered":"<p class='product-intro'>Dieser Rucksack Lac ist eine originelle Kreation, handgefertigt in der Schweiz mit hochwertigen Materialien. Zum Verschenken oder f\u00fcr sich selbst.<\/p>\n<p class='poesie'>Der See auf Ihrem R\u00fccken. Ein handgefertigter, illustrierter Rucksack f\u00fcr Ihre Ausfl\u00fcge ans Wasser.<\/p>\n","protected":false},"featured_media":29602,"template":"","meta":{"_uag_custom_page_level_css":""},"product_brand":[2981],"product_cat":[2835,2836],"product_tag":[930,2259,494,2261,2262],"class_list":{"0":"post-29641","1":"product","2":"type-product","3":"status-publish","4":"has-post-thumbnail","6":"product_brand-atelier-la-jonx","7":"product_cat-kunsthandwerk","8":"product_cat-rucksacke","9":"product_tag-baden","10":"product_tag-geist-des-sees","11":"product_tag-genfersee-de","12":"product_tag-schweizer-kunsthandwerk","13":"product_tag-streicherbeutel","15":"first","16":"instock","17":"shipping-taxable","18":"purchasable","19":"product-type-simple"},"yoast_head":"<!-- This site is optimized with the Yoast SEO Premium plugin v27.2 (Yoast SEO v27.3) - https:\/\/yoast.com\/product\/yoast-seo-premium-wordpress\/ -->\n<title>Sac \u00e0 Dos Lac | Handgefertigtes Schweizer Kunsthandwerk<\/title>\n<meta name=\"description\" content=\"Rucksack Lac, handgefertigt in der Schweiz. Original Schweizer Handwerk La Jonx. Leicht, praktisch und einzigartig.\" \/>\n<meta name=\"robots\" content=\"index, follow, max-snippet:-1, max-image-preview:large, max-video-preview:-1\" \/>\n<link rel=\"canonical\" href=\"https:\/\/www.la-jonx.ch\/de\/shop-de\/kunsthandwerk\/kloster-st-gallen-copie-copie-copie-copie\/\" \/>\n<meta property=\"og:locale\" content=\"de_DE\" \/>\n<meta property=\"og:type\" content=\"article\" \/>\n<meta property=\"og:title\" content=\"Rucksack &quot;Lac&quot; (See)\" \/>\n<meta property=\"og:description\" content=\"Rucksack Lac, handgefertigt in der Schweiz. Original Schweizer Handwerk La Jonx. Leicht, praktisch und einzigartig.\" \/>\n<meta property=\"og:url\" content=\"https:\/\/www.la-jonx.ch\/de\/shop-de\/kunsthandwerk\/kloster-st-gallen-copie-copie-copie-copie\/\" \/>\n<meta property=\"og:site_name\" content=\"La Jonx\" \/>\n<meta property=\"article:publisher\" content=\"https:\/\/www.facebook.com\/lajonx.ch\" \/>\n<meta property=\"article:modified_time\" content=\"2026-03-12T16:42:20+00:00\" \/>\n<meta property=\"og:image\" content=\"https:\/\/www.la-jonx.ch\/wp-content\/uploads\/2024\/10\/PREZ_Lac.webp\" \/>\n\t<meta property=\"og:image:width\" content=\"1697\" \/>\n\t<meta property=\"og:image:height\" content=\"2000\" \/>\n\t<meta property=\"og:image:type\" content=\"image\/webp\" \/>\n<meta name=\"twitter:card\" content=\"summary_large_image\" \/>\n<meta name=\"twitter:label1\" content=\"Preis\" \/>\n\t<meta name=\"twitter:data1\" content=\"&#067;&#072;&#070;&nbsp;65.0\" \/>\n\t<meta name=\"twitter:label2\" content=\"Verf\u00fcgbarkeit\" \/>\n\t<meta name=\"twitter:data2\" content=\"Auf Lager\" \/>\n<script type=\"application\/ld+json\" class=\"yoast-schema-graph\">{\"@context\":\"https:\\\/\\\/schema.org\",\"@graph\":[{\"@type\":\"WebPage\",\"@id\":\"https:\\\/\\\/www.la-jonx.ch\\\/de\\\/shop-de\\\/kunsthandwerk\\\/kloster-st-gallen-copie-copie-copie-copie\\\/\",\"url\":\"https:\\\/\\\/www.la-jonx.ch\\\/de\\\/shop-de\\\/kunsthandwerk\\\/kloster-st-gallen-copie-copie-copie-copie\\\/\",\"name\":\"Sac \u00e0 Dos Lac | Handgefertigtes Schweizer Kunsthandwerk\",\"isPartOf\":{\"@id\":\"https:\\\/\\\/www.la-jonx.ch\\\/de\\\/#website\"},\"primaryImageOfPage\":{\"@id\":\"https:\\\/\\\/www.la-jonx.ch\\\/de\\\/shop-de\\\/kunsthandwerk\\\/kloster-st-gallen-copie-copie-copie-copie\\\/#primaryimage\"},\"image\":{\"@id\":\"https:\\\/\\\/www.la-jonx.ch\\\/de\\\/shop-de\\\/kunsthandwerk\\\/kloster-st-gallen-copie-copie-copie-copie\\\/#primaryimage\"},\"thumbnailUrl\":\"https:\\\/\\\/www.la-jonx.ch\\\/wp-content\\\/uploads\\\/2024\\\/10\\\/PREZ_Lac.webp\",\"datePublished\":\"2024-11-02T20:04:47+00:00\",\"dateModified\":\"2026-03-12T16:42:20+00:00\",\"description\":\"Rucksack Lac, handgefertigt in der Schweiz. Original Schweizer Handwerk La Jonx. Leicht, praktisch und einzigartig.\",\"breadcrumb\":{\"@id\":\"https:\\\/\\\/www.la-jonx.ch\\\/de\\\/shop-de\\\/kunsthandwerk\\\/kloster-st-gallen-copie-copie-copie-copie\\\/#breadcrumb\"},\"inLanguage\":\"de\",\"potentialAction\":[{\"@type\":\"ReadAction\",\"target\":[\"https:\\\/\\\/www.la-jonx.ch\\\/de\\\/shop-de\\\/kunsthandwerk\\\/kloster-st-gallen-copie-copie-copie-copie\\\/\"]}]},{\"@type\":\"ImageObject\",\"inLanguage\":\"de\",\"@id\":\"https:\\\/\\\/www.la-jonx.ch\\\/de\\\/shop-de\\\/kunsthandwerk\\\/kloster-st-gallen-copie-copie-copie-copie\\\/#primaryimage\",\"url\":\"https:\\\/\\\/www.la-jonx.ch\\\/wp-content\\\/uploads\\\/2024\\\/10\\\/PREZ_Lac.webp\",\"contentUrl\":\"https:\\\/\\\/www.la-jonx.ch\\\/wp-content\\\/uploads\\\/2024\\\/10\\\/PREZ_Lac.webp\",\"width\":1697,\"height\":2000},{\"@type\":\"BreadcrumbList\",\"@id\":\"https:\\\/\\\/www.la-jonx.ch\\\/de\\\/shop-de\\\/kunsthandwerk\\\/kloster-st-gallen-copie-copie-copie-copie\\\/#breadcrumb\",\"itemListElement\":[{\"@type\":\"ListItem\",\"position\":1,\"name\":\"Accueil\",\"item\":\"https:\\\/\\\/www.la-jonx.ch\\\/de\\\/\"},{\"@type\":\"ListItem\",\"position\":2,\"name\":\"Shop\",\"item\":\"https:\\\/\\\/www.la-jonx.ch\\\/shop\\\/?lang=de\"},{\"@type\":\"ListItem\",\"position\":3,\"name\":\"Kunsthandwerk\",\"item\":\"https:\\\/\\\/www.la-jonx.ch\\\/de\\\/produktkategorie\\\/kunsthandwerk\\\/\"},{\"@type\":\"ListItem\",\"position\":4,\"name\":\"Rucksack \u00ab\u00a0Lac\u00a0\u00bb (See)\"}]},{\"@type\":\"WebSite\",\"@id\":\"https:\\\/\\\/www.la-jonx.ch\\\/de\\\/#website\",\"url\":\"https:\\\/\\\/www.la-jonx.ch\\\/de\\\/\",\"name\":\"La Jonx\",\"description\":\"Schweizer Grafikwerkstatt\",\"publisher\":{\"@id\":\"https:\\\/\\\/www.la-jonx.ch\\\/de\\\/#organization\"},\"potentialAction\":[{\"@type\":\"SearchAction\",\"target\":{\"@type\":\"EntryPoint\",\"urlTemplate\":\"https:\\\/\\\/www.la-jonx.ch\\\/de\\\/?s={search_term_string}\"},\"query-input\":{\"@type\":\"PropertyValueSpecification\",\"valueRequired\":true,\"valueName\":\"search_term_string\"}}],\"inLanguage\":\"de\"},{\"@type\":\"Organization\",\"@id\":\"https:\\\/\\\/www.la-jonx.ch\\\/de\\\/#organization\",\"name\":\"La Jonx\",\"url\":\"https:\\\/\\\/www.la-jonx.ch\\\/de\\\/\",\"logo\":{\"@type\":\"ImageObject\",\"inLanguage\":\"de\",\"@id\":\"https:\\\/\\\/www.la-jonx.ch\\\/de\\\/#\\\/schema\\\/logo\\\/image\\\/\",\"url\":\"https:\\\/\\\/www.la-jonx.ch\\\/wp-content\\\/uploads\\\/2021\\\/09\\\/logo-la-jonx-atzelier-graphique.png\",\"contentUrl\":\"https:\\\/\\\/www.la-jonx.ch\\\/wp-content\\\/uploads\\\/2021\\\/09\\\/logo-la-jonx-atzelier-graphique.png\",\"width\":378,\"height\":129,\"caption\":\"La Jonx\"},\"image\":{\"@id\":\"https:\\\/\\\/www.la-jonx.ch\\\/de\\\/#\\\/schema\\\/logo\\\/image\\\/\"},\"sameAs\":[\"https:\\\/\\\/www.facebook.com\\\/lajonx.ch\",\"https:\\\/\\\/www.instagram.com\\\/lajonx.ch\\\/?hl=fr\"]}]}<\/script>\n<meta property=\"product:price:amount\" content=\"65.0\" \/>\n<meta property=\"product:price:currency\" content=\"CHF\" \/>\n<meta property=\"og:availability\" content=\"instock\" \/>\n<meta property=\"product:availability\" content=\"instock\" \/>\n<meta property=\"product:condition\" content=\"new\" \/>\n<!-- \/ Yoast SEO Premium plugin. -->","yoast_head_json":{"title":"Sac \u00e0 Dos Lac | Handgefertigtes Schweizer Kunsthandwerk","description":"Rucksack Lac, handgefertigt in der Schweiz. Original Schweizer Handwerk La Jonx. Leicht, praktisch und einzigartig.","robots":{"index":"index","follow":"follow","max-snippet":"max-snippet:-1","max-image-preview":"max-image-preview:large","max-video-preview":"max-video-preview:-1"},"canonical":"https:\/\/www.la-jonx.ch\/de\/shop-de\/kunsthandwerk\/kloster-st-gallen-copie-copie-copie-copie\/","og_locale":"de_DE","og_type":"article","og_title":"Rucksack \"Lac\" (See)","og_description":"Rucksack Lac, handgefertigt in der Schweiz. Original Schweizer Handwerk La Jonx. Leicht, praktisch und einzigartig.","og_url":"https:\/\/www.la-jonx.ch\/de\/shop-de\/kunsthandwerk\/kloster-st-gallen-copie-copie-copie-copie\/","og_site_name":"La Jonx","article_publisher":"https:\/\/www.facebook.com\/lajonx.ch","article_modified_time":"2026-03-12T16:42:20+00:00","og_image":[{"width":1697,"height":2000,"url":"https:\/\/www.la-jonx.ch\/wp-content\/uploads\/2024\/10\/PREZ_Lac.webp","type":"image\/webp"}],"twitter_card":"summary_large_image","twitter_misc":{"Preis":"&#67;&#72;&#70;&nbsp;65.0","Verf\u00fcgbarkeit":"Auf Lager"},"schema":{"@context":"https:\/\/schema.org","@graph":[{"@type":"WebPage","@id":"https:\/\/www.la-jonx.ch\/de\/shop-de\/kunsthandwerk\/kloster-st-gallen-copie-copie-copie-copie\/","url":"https:\/\/www.la-jonx.ch\/de\/shop-de\/kunsthandwerk\/kloster-st-gallen-copie-copie-copie-copie\/","name":"Sac \u00e0 Dos Lac | Handgefertigtes Schweizer Kunsthandwerk","isPartOf":{"@id":"https:\/\/www.la-jonx.ch\/de\/#website"},"primaryImageOfPage":{"@id":"https:\/\/www.la-jonx.ch\/de\/shop-de\/kunsthandwerk\/kloster-st-gallen-copie-copie-copie-copie\/#primaryimage"},"image":{"@id":"https:\/\/www.la-jonx.ch\/de\/shop-de\/kunsthandwerk\/kloster-st-gallen-copie-copie-copie-copie\/#primaryimage"},"thumbnailUrl":"https:\/\/www.la-jonx.ch\/wp-content\/uploads\/2024\/10\/PREZ_Lac.webp","datePublished":"2024-11-02T20:04:47+00:00","dateModified":"2026-03-12T16:42:20+00:00","description":"Rucksack Lac, handgefertigt in der Schweiz. Original Schweizer Handwerk La Jonx. Leicht, praktisch und einzigartig.","breadcrumb":{"@id":"https:\/\/www.la-jonx.ch\/de\/shop-de\/kunsthandwerk\/kloster-st-gallen-copie-copie-copie-copie\/#breadcrumb"},"inLanguage":"de","potentialAction":[{"@type":"ReadAction","target":["https:\/\/www.la-jonx.ch\/de\/shop-de\/kunsthandwerk\/kloster-st-gallen-copie-copie-copie-copie\/"]}]},{"@type":"ImageObject","inLanguage":"de","@id":"https:\/\/www.la-jonx.ch\/de\/shop-de\/kunsthandwerk\/kloster-st-gallen-copie-copie-copie-copie\/#primaryimage","url":"https:\/\/www.la-jonx.ch\/wp-content\/uploads\/2024\/10\/PREZ_Lac.webp","contentUrl":"https:\/\/www.la-jonx.ch\/wp-content\/uploads\/2024\/10\/PREZ_Lac.webp","width":1697,"height":2000},{"@type":"BreadcrumbList","@id":"https:\/\/www.la-jonx.ch\/de\/shop-de\/kunsthandwerk\/kloster-st-gallen-copie-copie-copie-copie\/#breadcrumb","itemListElement":[{"@type":"ListItem","position":1,"name":"Accueil","item":"https:\/\/www.la-jonx.ch\/de\/"},{"@type":"ListItem","position":2,"name":"Shop","item":"https:\/\/www.la-jonx.ch\/shop\/?lang=de"},{"@type":"ListItem","position":3,"name":"Kunsthandwerk","item":"https:\/\/www.la-jonx.ch\/de\/produktkategorie\/kunsthandwerk\/"},{"@type":"ListItem","position":4,"name":"Rucksack \u00ab\u00a0Lac\u00a0\u00bb (See)"}]},{"@type":"WebSite","@id":"https:\/\/www.la-jonx.ch\/de\/#website","url":"https:\/\/www.la-jonx.ch\/de\/","name":"La Jonx","description":"Schweizer Grafikwerkstatt","publisher":{"@id":"https:\/\/www.la-jonx.ch\/de\/#organization"},"potentialAction":[{"@type":"SearchAction","target":{"@type":"EntryPoint","urlTemplate":"https:\/\/www.la-jonx.ch\/de\/?s={search_term_string}"},"query-input":{"@type":"PropertyValueSpecification","valueRequired":true,"valueName":"search_term_string"}}],"inLanguage":"de"},{"@type":"Organization","@id":"https:\/\/www.la-jonx.ch\/de\/#organization","name":"La Jonx","url":"https:\/\/www.la-jonx.ch\/de\/","logo":{"@type":"ImageObject","inLanguage":"de","@id":"https:\/\/www.la-jonx.ch\/de\/#\/schema\/logo\/image\/","url":"https:\/\/www.la-jonx.ch\/wp-content\/uploads\/2021\/09\/logo-la-jonx-atzelier-graphique.png","contentUrl":"https:\/\/www.la-jonx.ch\/wp-content\/uploads\/2021\/09\/logo-la-jonx-atzelier-graphique.png","width":378,"height":129,"caption":"La Jonx"},"image":{"@id":"https:\/\/www.la-jonx.ch\/de\/#\/schema\/logo\/image\/"},"sameAs":["https:\/\/www.facebook.com\/lajonx.ch","https:\/\/www.instagram.com\/lajonx.ch\/?hl=fr"]}]},"product_price_amount":"65.0","product_price_currency":"CHF","og_availability":"instock","product_availability":"instock","product_condition":"new"},"additional_image_1":"https:\/\/www.la-jonx.ch\/wp-content\/uploads\/2024\/10\/1_-Lac.webp","additional_image_2":"https:\/\/www.la-jonx.ch\/wp-content\/uploads\/2024\/10\/0_Sacs-a-dos-a-corde-made-in-switzerland.webp","uagb_featured_image_src":{"full":["https:\/\/www.la-jonx.ch\/wp-content\/uploads\/2024\/10\/PREZ_Lac.webp",1697,2000,false],"thumbnail":["https:\/\/www.la-jonx.ch\/wp-content\/uploads\/2024\/10\/PREZ_Lac-150x150.webp",150,150,true],"medium":["https:\/\/www.la-jonx.ch\/wp-content\/uploads\/2024\/10\/PREZ_Lac-255x300.webp",255,300,true],"medium_large":["https:\/\/www.la-jonx.ch\/wp-content\/uploads\/2024\/10\/PREZ_Lac-768x905.webp",768,905,true],"large":["https:\/\/www.la-jonx.ch\/wp-content\/uploads\/2024\/10\/PREZ_Lac-869x1024.webp",869,1024,true],"1536x1536":["https:\/\/www.la-jonx.ch\/wp-content\/uploads\/2024\/10\/PREZ_Lac-1303x1536.webp",1303,1536,true],"2048x2048":["https:\/\/www.la-jonx.ch\/wp-content\/uploads\/2024\/10\/PREZ_Lac.webp",1697,2000,false],"woocommerce_thumbnail":["https:\/\/www.la-jonx.ch\/wp-content\/uploads\/2024\/10\/PREZ_Lac-350x420.webp",350,420,true],"woocommerce_single":["https:\/\/www.la-jonx.ch\/wp-content\/uploads\/2024\/10\/PREZ_Lac-510x601.webp",510,601,true],"woocommerce_gallery_thumbnail":["https:\/\/www.la-jonx.ch\/wp-content\/uploads\/2024\/10\/PREZ_Lac-100x100.webp",100,100,true],"dgwt-wcas-product-suggestion":["https:\/\/www.la-jonx.ch\/wp-content\/uploads\/2024\/10\/PREZ_Lac.webp",64,75,false]},"uagb_author_info":{"display_name":"L'atelier La Jonx","author_link":"https:\/\/www.la-jonx.ch\/de\/author\/"},"uagb_comment_info":0,"uagb_excerpt":"Dieser Rucksack Lac ist eine originelle Kreation, handgefertigt in der Schweiz mit hochwertigen Materialien. Zum Verschenken oder f\u00fcr sich selbst.Der See auf Ihrem R\u00fccken. Ein handgefertigter, illustrierter Rucksack f\u00fcr Ihre Ausfl\u00fcge ans Wasser.","_links":{"self":[{"href":"https:\/\/www.la-jonx.ch\/de\/wp-json\/wp\/v2\/product\/29641","targetHints":{"allow":["GET"]}}],"collection":[{"href":"https:\/\/www.la-jonx.ch\/de\/wp-json\/wp\/v2\/product"}],"about":[{"href":"https:\/\/www.la-jonx.ch\/de\/wp-json\/wp\/v2\/types\/product"}],"wp:featuredmedia":[{"embeddable":true,"href":"https:\/\/www.la-jonx.ch\/de\/wp-json\/wp\/v2\/media\/29602"}],"wp:attachment":[{"href":"https:\/\/www.la-jonx.ch\/de\/wp-json\/wp\/v2\/media?parent=29641"}],"wp:term":[{"taxonomy":"product_brand","embeddable":true,"href":"https:\/\/www.la-jonx.ch\/de\/wp-json\/wp\/v2\/product_brand?post=29641"},{"taxonomy":"product_cat","embeddable":true,"href":"https:\/\/www.la-jonx.ch\/de\/wp-json\/wp\/v2\/product_cat?post=29641"},{"taxonomy":"product_tag","embeddable":true,"href":"https:\/\/www.la-jonx.ch\/de\/wp-json\/wp\/v2\/product_tag?post=29641"}],"curies":[{"name":"wp","href":"https:\/\/api.w.org\/{rel}","templated":true}]}}