{"id":29645,"date":"2024-11-02T21:04:53","date_gmt":"2024-11-02T20:04:53","guid":{"rendered":"https:\/\/www.la-jonx.ch\/?post_type=product&#038;p=29645"},"modified":"2026-03-12T17:34:22","modified_gmt":"2026-03-12T16:34:22","slug":"kloster-st-gallen-copie-copie-copie-copie-5","status":"publish","type":"product","link":"https:\/\/www.la-jonx.ch\/de\/shop-de\/kunsthandwerk\/kloster-st-gallen-copie-copie-copie-copie-5\/","title":{"rendered":"Rucksack &#8222;L\u00e9man, jour de vent&#8220; (Genfersee, Tag des Windes)"},"content":{"rendered":"<h3>Rucksack &#8222;L\u00e9man, Windy Day&#8220; \u2014 Illustrated Swiss Craftsmanship<\/h3>\n<p>This &#8222;L\u00e9man, Windy Day&#8220; Rucksack is handmade in Switzerland, featuring an original illustration from our workshop in Geneva. Lightweight, practical, and unique \u2014 it accompanies you to the lake, in the city, or on a walk. A Swiss artisanal gift that stands out.<\/p>\n<blockquote><p><em>&#8222;Windy day on the L\u00e9man, printed on your Rucksack. To face the breeze with style.&#8220;<\/em><\/p><\/blockquote>\n<h3>Eigenschaften<\/h3>\n<ul>\n<li>Original creation \u2014 La Jonx workshop<\/li>\n<li>Handmade in Switzerland<\/li>\n<\/ul>\n","protected":false},"excerpt":{"rendered":"<p class='product-intro'>Dieser Rucksack L\u00e9man, windiger Tag ist eine Originalkreation, handgefertigt in der Schweiz mit hochwertigen Materialien. Ein sinnvolles Schweizer Geschenk.<\/p>\n<p class='poesie'>Windiger Tag auf dem L\u00e9man, auf Ihrem Rucksack gedruckt. Um der Bise stilvoll zu trotzen.<\/p>\n","protected":false},"featured_media":29606,"template":"","meta":{"_uag_custom_page_level_css":""},"product_brand":[2981],"product_cat":[2835,2836],"product_tag":[930,2259,494,2260,2261,2262],"class_list":{"0":"post-29645","1":"product","2":"type-product","3":"status-publish","4":"has-post-thumbnail","6":"product_brand-atelier-la-jonx","7":"product_cat-kunsthandwerk","8":"product_cat-rucksacke","9":"product_tag-baden","10":"product_tag-geist-des-sees","11":"product_tag-genfersee-de","12":"product_tag-oder","13":"product_tag-schweizer-kunsthandwerk","14":"product_tag-streicherbeutel","16":"first","17":"outofstock","18":"shipping-taxable","19":"purchasable","20":"product-type-simple"},"yoast_head":"<!-- This site is optimized with the Yoast SEO Premium plugin v27.2 (Yoast SEO v27.3) - https:\/\/yoast.com\/product\/yoast-seo-premium-wordpress\/ -->\n<title>Sac \u00e0 Dos L\u00e9man, windiger Tag | Schweizer Handwerkskunst Handgefertigt<\/title>\n<meta name=\"description\" content=\"Rucksack L\u00e9man, windiger Tag, handgefertigt in der Schweiz. Original Schweizer Handwerk La Jonx. Leicht, praktisch und einzigartig.\" \/>\n<meta name=\"robots\" content=\"index, follow, max-snippet:-1, max-image-preview:large, max-video-preview:-1\" \/>\n<link rel=\"canonical\" href=\"https:\/\/www.la-jonx.ch\/de\/shop-de\/kunsthandwerk\/kloster-st-gallen-copie-copie-copie-copie-5\/\" \/>\n<meta property=\"og:locale\" content=\"de_DE\" \/>\n<meta property=\"og:type\" content=\"article\" \/>\n<meta property=\"og:title\" content=\"Rucksack &quot;L\u00e9man, jour de vent&quot; (Genfersee, Tag des Windes)\" \/>\n<meta property=\"og:description\" content=\"Rucksack L\u00e9man, windiger Tag, handgefertigt in der Schweiz. Original Schweizer Handwerk La Jonx. Leicht, praktisch und einzigartig.\" \/>\n<meta property=\"og:url\" content=\"https:\/\/www.la-jonx.ch\/de\/shop-de\/kunsthandwerk\/kloster-st-gallen-copie-copie-copie-copie-5\/\" \/>\n<meta property=\"og:site_name\" content=\"La Jonx\" \/>\n<meta property=\"article:publisher\" content=\"https:\/\/www.facebook.com\/lajonx.ch\" \/>\n<meta property=\"article:modified_time\" content=\"2026-03-12T16:34:22+00:00\" \/>\n<meta property=\"og:image\" content=\"https:\/\/www.la-jonx.ch\/wp-content\/uploads\/2024\/10\/PREZ_Jour-de-vent.webp\" \/>\n\t<meta property=\"og:image:width\" content=\"1697\" \/>\n\t<meta property=\"og:image:height\" content=\"2000\" \/>\n\t<meta property=\"og:image:type\" content=\"image\/webp\" \/>\n<meta name=\"twitter:card\" content=\"summary_large_image\" \/>\n<meta name=\"twitter:label1\" content=\"Preis\" \/>\n\t<meta name=\"twitter:data1\" content=\"&#067;&#072;&#070;&nbsp;65.0\" \/>\n\t<meta name=\"twitter:label2\" content=\"Verf\u00fcgbarkeit\" \/>\n\t<meta name=\"twitter:data2\" content=\"ausverkauft\" \/>\n<script type=\"application\/ld+json\" class=\"yoast-schema-graph\">{\"@context\":\"https:\\\/\\\/schema.org\",\"@graph\":[{\"@type\":\"WebPage\",\"@id\":\"https:\\\/\\\/www.la-jonx.ch\\\/de\\\/shop-de\\\/kunsthandwerk\\\/kloster-st-gallen-copie-copie-copie-copie-5\\\/\",\"url\":\"https:\\\/\\\/www.la-jonx.ch\\\/de\\\/shop-de\\\/kunsthandwerk\\\/kloster-st-gallen-copie-copie-copie-copie-5\\\/\",\"name\":\"Sac \u00e0 Dos L\u00e9man, windiger Tag | Schweizer Handwerkskunst Handgefertigt\",\"isPartOf\":{\"@id\":\"https:\\\/\\\/www.la-jonx.ch\\\/de\\\/#website\"},\"primaryImageOfPage\":{\"@id\":\"https:\\\/\\\/www.la-jonx.ch\\\/de\\\/shop-de\\\/kunsthandwerk\\\/kloster-st-gallen-copie-copie-copie-copie-5\\\/#primaryimage\"},\"image\":{\"@id\":\"https:\\\/\\\/www.la-jonx.ch\\\/de\\\/shop-de\\\/kunsthandwerk\\\/kloster-st-gallen-copie-copie-copie-copie-5\\\/#primaryimage\"},\"thumbnailUrl\":\"https:\\\/\\\/www.la-jonx.ch\\\/wp-content\\\/uploads\\\/2024\\\/10\\\/PREZ_Jour-de-vent.webp\",\"datePublished\":\"2024-11-02T20:04:53+00:00\",\"dateModified\":\"2026-03-12T16:34:22+00:00\",\"description\":\"Rucksack L\u00e9man, windiger Tag, handgefertigt in der Schweiz. Original Schweizer Handwerk La Jonx. Leicht, praktisch und einzigartig.\",\"breadcrumb\":{\"@id\":\"https:\\\/\\\/www.la-jonx.ch\\\/de\\\/shop-de\\\/kunsthandwerk\\\/kloster-st-gallen-copie-copie-copie-copie-5\\\/#breadcrumb\"},\"inLanguage\":\"de\",\"potentialAction\":[{\"@type\":\"ReadAction\",\"target\":[\"https:\\\/\\\/www.la-jonx.ch\\\/de\\\/shop-de\\\/kunsthandwerk\\\/kloster-st-gallen-copie-copie-copie-copie-5\\\/\"]}]},{\"@type\":\"ImageObject\",\"inLanguage\":\"de\",\"@id\":\"https:\\\/\\\/www.la-jonx.ch\\\/de\\\/shop-de\\\/kunsthandwerk\\\/kloster-st-gallen-copie-copie-copie-copie-5\\\/#primaryimage\",\"url\":\"https:\\\/\\\/www.la-jonx.ch\\\/wp-content\\\/uploads\\\/2024\\\/10\\\/PREZ_Jour-de-vent.webp\",\"contentUrl\":\"https:\\\/\\\/www.la-jonx.ch\\\/wp-content\\\/uploads\\\/2024\\\/10\\\/PREZ_Jour-de-vent.webp\",\"width\":1697,\"height\":2000},{\"@type\":\"BreadcrumbList\",\"@id\":\"https:\\\/\\\/www.la-jonx.ch\\\/de\\\/shop-de\\\/kunsthandwerk\\\/kloster-st-gallen-copie-copie-copie-copie-5\\\/#breadcrumb\",\"itemListElement\":[{\"@type\":\"ListItem\",\"position\":1,\"name\":\"Accueil\",\"item\":\"https:\\\/\\\/www.la-jonx.ch\\\/de\\\/\"},{\"@type\":\"ListItem\",\"position\":2,\"name\":\"Shop\",\"item\":\"https:\\\/\\\/www.la-jonx.ch\\\/shop\\\/?lang=de\"},{\"@type\":\"ListItem\",\"position\":3,\"name\":\"Kunsthandwerk\",\"item\":\"https:\\\/\\\/www.la-jonx.ch\\\/de\\\/produktkategorie\\\/kunsthandwerk\\\/\"},{\"@type\":\"ListItem\",\"position\":4,\"name\":\"Rucksack \u00ab\u00a0L\u00e9man, jour de vent\u00a0\u00bb (Genfersee, Tag des Windes)\"}]},{\"@type\":\"WebSite\",\"@id\":\"https:\\\/\\\/www.la-jonx.ch\\\/de\\\/#website\",\"url\":\"https:\\\/\\\/www.la-jonx.ch\\\/de\\\/\",\"name\":\"La Jonx\",\"description\":\"Schweizer Grafikwerkstatt\",\"publisher\":{\"@id\":\"https:\\\/\\\/www.la-jonx.ch\\\/de\\\/#organization\"},\"potentialAction\":[{\"@type\":\"SearchAction\",\"target\":{\"@type\":\"EntryPoint\",\"urlTemplate\":\"https:\\\/\\\/www.la-jonx.ch\\\/de\\\/?s={search_term_string}\"},\"query-input\":{\"@type\":\"PropertyValueSpecification\",\"valueRequired\":true,\"valueName\":\"search_term_string\"}}],\"inLanguage\":\"de\"},{\"@type\":\"Organization\",\"@id\":\"https:\\\/\\\/www.la-jonx.ch\\\/de\\\/#organization\",\"name\":\"La Jonx\",\"url\":\"https:\\\/\\\/www.la-jonx.ch\\\/de\\\/\",\"logo\":{\"@type\":\"ImageObject\",\"inLanguage\":\"de\",\"@id\":\"https:\\\/\\\/www.la-jonx.ch\\\/de\\\/#\\\/schema\\\/logo\\\/image\\\/\",\"url\":\"https:\\\/\\\/www.la-jonx.ch\\\/wp-content\\\/uploads\\\/2021\\\/09\\\/logo-la-jonx-atzelier-graphique.png\",\"contentUrl\":\"https:\\\/\\\/www.la-jonx.ch\\\/wp-content\\\/uploads\\\/2021\\\/09\\\/logo-la-jonx-atzelier-graphique.png\",\"width\":378,\"height\":129,\"caption\":\"La Jonx\"},\"image\":{\"@id\":\"https:\\\/\\\/www.la-jonx.ch\\\/de\\\/#\\\/schema\\\/logo\\\/image\\\/\"},\"sameAs\":[\"https:\\\/\\\/www.facebook.com\\\/lajonx.ch\",\"https:\\\/\\\/www.instagram.com\\\/lajonx.ch\\\/?hl=fr\"]}]}<\/script>\n<meta property=\"product:price:amount\" content=\"65.0\" \/>\n<meta property=\"product:price:currency\" content=\"CHF\" \/>\n<meta property=\"og:availability\" content=\"out of stock\" \/>\n<meta property=\"product:availability\" content=\"out of stock\" \/>\n<meta property=\"product:condition\" content=\"new\" \/>\n<!-- \/ Yoast SEO Premium plugin. -->","yoast_head_json":{"title":"Sac \u00e0 Dos L\u00e9man, windiger Tag | Schweizer Handwerkskunst Handgefertigt","description":"Rucksack L\u00e9man, windiger Tag, handgefertigt in der Schweiz. Original Schweizer Handwerk La Jonx. Leicht, praktisch und einzigartig.","robots":{"index":"index","follow":"follow","max-snippet":"max-snippet:-1","max-image-preview":"max-image-preview:large","max-video-preview":"max-video-preview:-1"},"canonical":"https:\/\/www.la-jonx.ch\/de\/shop-de\/kunsthandwerk\/kloster-st-gallen-copie-copie-copie-copie-5\/","og_locale":"de_DE","og_type":"article","og_title":"Rucksack \"L\u00e9man, jour de vent\" (Genfersee, Tag des Windes)","og_description":"Rucksack L\u00e9man, windiger Tag, handgefertigt in der Schweiz. Original Schweizer Handwerk La Jonx. Leicht, praktisch und einzigartig.","og_url":"https:\/\/www.la-jonx.ch\/de\/shop-de\/kunsthandwerk\/kloster-st-gallen-copie-copie-copie-copie-5\/","og_site_name":"La Jonx","article_publisher":"https:\/\/www.facebook.com\/lajonx.ch","article_modified_time":"2026-03-12T16:34:22+00:00","og_image":[{"width":1697,"height":2000,"url":"https:\/\/www.la-jonx.ch\/wp-content\/uploads\/2024\/10\/PREZ_Jour-de-vent.webp","type":"image\/webp"}],"twitter_card":"summary_large_image","twitter_misc":{"Preis":"&#67;&#72;&#70;&nbsp;65.0","Verf\u00fcgbarkeit":"ausverkauft"},"schema":{"@context":"https:\/\/schema.org","@graph":[{"@type":"WebPage","@id":"https:\/\/www.la-jonx.ch\/de\/shop-de\/kunsthandwerk\/kloster-st-gallen-copie-copie-copie-copie-5\/","url":"https:\/\/www.la-jonx.ch\/de\/shop-de\/kunsthandwerk\/kloster-st-gallen-copie-copie-copie-copie-5\/","name":"Sac \u00e0 Dos L\u00e9man, windiger Tag | Schweizer Handwerkskunst Handgefertigt","isPartOf":{"@id":"https:\/\/www.la-jonx.ch\/de\/#website"},"primaryImageOfPage":{"@id":"https:\/\/www.la-jonx.ch\/de\/shop-de\/kunsthandwerk\/kloster-st-gallen-copie-copie-copie-copie-5\/#primaryimage"},"image":{"@id":"https:\/\/www.la-jonx.ch\/de\/shop-de\/kunsthandwerk\/kloster-st-gallen-copie-copie-copie-copie-5\/#primaryimage"},"thumbnailUrl":"https:\/\/www.la-jonx.ch\/wp-content\/uploads\/2024\/10\/PREZ_Jour-de-vent.webp","datePublished":"2024-11-02T20:04:53+00:00","dateModified":"2026-03-12T16:34:22+00:00","description":"Rucksack L\u00e9man, windiger Tag, handgefertigt in der Schweiz. Original Schweizer Handwerk La Jonx. Leicht, praktisch und einzigartig.","breadcrumb":{"@id":"https:\/\/www.la-jonx.ch\/de\/shop-de\/kunsthandwerk\/kloster-st-gallen-copie-copie-copie-copie-5\/#breadcrumb"},"inLanguage":"de","potentialAction":[{"@type":"ReadAction","target":["https:\/\/www.la-jonx.ch\/de\/shop-de\/kunsthandwerk\/kloster-st-gallen-copie-copie-copie-copie-5\/"]}]},{"@type":"ImageObject","inLanguage":"de","@id":"https:\/\/www.la-jonx.ch\/de\/shop-de\/kunsthandwerk\/kloster-st-gallen-copie-copie-copie-copie-5\/#primaryimage","url":"https:\/\/www.la-jonx.ch\/wp-content\/uploads\/2024\/10\/PREZ_Jour-de-vent.webp","contentUrl":"https:\/\/www.la-jonx.ch\/wp-content\/uploads\/2024\/10\/PREZ_Jour-de-vent.webp","width":1697,"height":2000},{"@type":"BreadcrumbList","@id":"https:\/\/www.la-jonx.ch\/de\/shop-de\/kunsthandwerk\/kloster-st-gallen-copie-copie-copie-copie-5\/#breadcrumb","itemListElement":[{"@type":"ListItem","position":1,"name":"Accueil","item":"https:\/\/www.la-jonx.ch\/de\/"},{"@type":"ListItem","position":2,"name":"Shop","item":"https:\/\/www.la-jonx.ch\/shop\/?lang=de"},{"@type":"ListItem","position":3,"name":"Kunsthandwerk","item":"https:\/\/www.la-jonx.ch\/de\/produktkategorie\/kunsthandwerk\/"},{"@type":"ListItem","position":4,"name":"Rucksack \u00ab\u00a0L\u00e9man, jour de vent\u00a0\u00bb (Genfersee, Tag des Windes)"}]},{"@type":"WebSite","@id":"https:\/\/www.la-jonx.ch\/de\/#website","url":"https:\/\/www.la-jonx.ch\/de\/","name":"La Jonx","description":"Schweizer Grafikwerkstatt","publisher":{"@id":"https:\/\/www.la-jonx.ch\/de\/#organization"},"potentialAction":[{"@type":"SearchAction","target":{"@type":"EntryPoint","urlTemplate":"https:\/\/www.la-jonx.ch\/de\/?s={search_term_string}"},"query-input":{"@type":"PropertyValueSpecification","valueRequired":true,"valueName":"search_term_string"}}],"inLanguage":"de"},{"@type":"Organization","@id":"https:\/\/www.la-jonx.ch\/de\/#organization","name":"La Jonx","url":"https:\/\/www.la-jonx.ch\/de\/","logo":{"@type":"ImageObject","inLanguage":"de","@id":"https:\/\/www.la-jonx.ch\/de\/#\/schema\/logo\/image\/","url":"https:\/\/www.la-jonx.ch\/wp-content\/uploads\/2021\/09\/logo-la-jonx-atzelier-graphique.png","contentUrl":"https:\/\/www.la-jonx.ch\/wp-content\/uploads\/2021\/09\/logo-la-jonx-atzelier-graphique.png","width":378,"height":129,"caption":"La Jonx"},"image":{"@id":"https:\/\/www.la-jonx.ch\/de\/#\/schema\/logo\/image\/"},"sameAs":["https:\/\/www.facebook.com\/lajonx.ch","https:\/\/www.instagram.com\/lajonx.ch\/?hl=fr"]}]},"product_price_amount":"65.0","product_price_currency":"CHF","og_availability":"out of stock","product_availability":"out of stock","product_condition":"new"},"additional_image_1":"https:\/\/www.la-jonx.ch\/wp-content\/uploads\/2024\/10\/FLAT_Jour-de-vent.webp","additional_image_2":"https:\/\/www.la-jonx.ch\/wp-content\/uploads\/2024\/10\/0_Sacs-colores-Swiss-made-fabriques-mains.webp","uagb_featured_image_src":{"full":["https:\/\/www.la-jonx.ch\/wp-content\/uploads\/2024\/10\/PREZ_Jour-de-vent.webp",1697,2000,false],"thumbnail":["https:\/\/www.la-jonx.ch\/wp-content\/uploads\/2024\/10\/PREZ_Jour-de-vent-150x150.webp",150,150,true],"medium":["https:\/\/www.la-jonx.ch\/wp-content\/uploads\/2024\/10\/PREZ_Jour-de-vent-255x300.webp",255,300,true],"medium_large":["https:\/\/www.la-jonx.ch\/wp-content\/uploads\/2024\/10\/PREZ_Jour-de-vent-768x905.webp",768,905,true],"large":["https:\/\/www.la-jonx.ch\/wp-content\/uploads\/2024\/10\/PREZ_Jour-de-vent-869x1024.webp",869,1024,true],"1536x1536":["https:\/\/www.la-jonx.ch\/wp-content\/uploads\/2024\/10\/PREZ_Jour-de-vent-1303x1536.webp",1303,1536,true],"2048x2048":["https:\/\/www.la-jonx.ch\/wp-content\/uploads\/2024\/10\/PREZ_Jour-de-vent.webp",1697,2000,false],"woocommerce_thumbnail":["https:\/\/www.la-jonx.ch\/wp-content\/uploads\/2024\/10\/PREZ_Jour-de-vent-350x420.webp",350,420,true],"woocommerce_single":["https:\/\/www.la-jonx.ch\/wp-content\/uploads\/2024\/10\/PREZ_Jour-de-vent-510x601.webp",510,601,true],"woocommerce_gallery_thumbnail":["https:\/\/www.la-jonx.ch\/wp-content\/uploads\/2024\/10\/PREZ_Jour-de-vent-100x100.webp",100,100,true],"dgwt-wcas-product-suggestion":["https:\/\/www.la-jonx.ch\/wp-content\/uploads\/2024\/10\/PREZ_Jour-de-vent.webp",64,75,false]},"uagb_author_info":{"display_name":"L'atelier La Jonx","author_link":"https:\/\/www.la-jonx.ch\/de\/author\/"},"uagb_comment_info":0,"uagb_excerpt":"Dieser Rucksack L\u00e9man, windiger Tag ist eine Originalkreation, handgefertigt in der Schweiz mit hochwertigen Materialien. Ein sinnvolles Schweizer Geschenk.Windiger Tag auf dem L\u00e9man, auf Ihrem Rucksack gedruckt. Um der Bise stilvoll zu trotzen.","_links":{"self":[{"href":"https:\/\/www.la-jonx.ch\/de\/wp-json\/wp\/v2\/product\/29645","targetHints":{"allow":["GET"]}}],"collection":[{"href":"https:\/\/www.la-jonx.ch\/de\/wp-json\/wp\/v2\/product"}],"about":[{"href":"https:\/\/www.la-jonx.ch\/de\/wp-json\/wp\/v2\/types\/product"}],"wp:featuredmedia":[{"embeddable":true,"href":"https:\/\/www.la-jonx.ch\/de\/wp-json\/wp\/v2\/media\/29606"}],"wp:attachment":[{"href":"https:\/\/www.la-jonx.ch\/de\/wp-json\/wp\/v2\/media?parent=29645"}],"wp:term":[{"taxonomy":"product_brand","embeddable":true,"href":"https:\/\/www.la-jonx.ch\/de\/wp-json\/wp\/v2\/product_brand?post=29645"},{"taxonomy":"product_cat","embeddable":true,"href":"https:\/\/www.la-jonx.ch\/de\/wp-json\/wp\/v2\/product_cat?post=29645"},{"taxonomy":"product_tag","embeddable":true,"href":"https:\/\/www.la-jonx.ch\/de\/wp-json\/wp\/v2\/product_tag?post=29645"}],"curies":[{"name":"wp","href":"https:\/\/api.w.org\/{rel}","templated":true}]}}