{"id":30778,"date":"2024-12-03T15:30:08","date_gmt":"2024-12-03T14:30:08","guid":{"rendered":"https:\/\/www.la-jonx.ch\/boutique\/unkategorisiert\/notizbuch-poesie\/"},"modified":"2026-03-12T17:39:47","modified_gmt":"2026-03-12T16:39:47","slug":"notizbuch-poesie","status":"publish","type":"product","link":"https:\/\/www.la-jonx.ch\/de\/shop-de\/papeterie\/notizbucher\/notizbuch-poesie\/","title":{"rendered":"Notizbuch Poesie"},"content":{"rendered":"<h3>Poesieheft \u2014 illustrierte Schweizer Papeterie<\/h3>\n<p>Poesie auf dem Umschlag, Ihre besten Ideen im Inneren. Dieses Schweizer Heft wird mit Sorgfalt in Genf hergestellt \u2014 96 Seiten Qualit\u00e4tspapier zum Schreiben, Zeichnen oder Planen.<\/p>\n<p>Gedruckt und hergestellt in Genf, ist es ein n\u00fctzliches und originelles Schweizer Geschenk \u2014 oder einfach ein sch\u00f6nes Alltagsobjekt.<\/p>\n<blockquote><p><em>\u00ab Die Poesie der Bains des P\u00e2quis auf dem Umschlag. Ein Heft, um Ihre sch\u00f6nsten Worte zu schreiben. \u00bb<\/em><\/p><\/blockquote>\n<h3>Eigenschaften<\/h3>\n<ul>\n<li>Originalillustration \u2014 Atelier La Jonx, Genf<\/li>\n<li>Gedruckt und hergestellt in Genf<\/li>\n<li>96 Seiten Qualit\u00e4tspapier<\/li>\n<li>Praktisches Format zum Mitnehmen<\/li>\n<\/ul>\n","protected":false},"excerpt":{"rendered":"<p class='product-intro'>Dieses Poesie-Notizbuch ist eine originale Kreation, von Hand gezeichnet und in der Schweiz auf hochwertigem Papier gedruckt. Das Geschenk, das ein L\u00e4cheln zaubert.<\/p>\n<p class='poesie'>Die Poesie der Bains des P\u00e2quis auf dem Umschlag. Ein Notizbuch, um Ihre sch\u00f6nsten Worte zu schreiben.<\/p>\n","protected":false},"featured_media":30736,"template":"","meta":{"_uag_custom_page_level_css":""},"product_brand":[],"product_cat":[2814],"product_tag":[1514,498,2353,1698,499,2352,500],"class_list":{"0":"post-30778","1":"product","2":"type-product","3":"status-publish","4":"has-post-thumbnail","6":"product_cat-notizbucher","7":"product_tag-bains-des-paquis-de","8":"product_tag-notizbuch","9":"product_tag-notizbuch-de","10":"product_tag-poesie-de","11":"product_tag-schreiben","12":"product_tag-swissnotes-de","13":"product_tag-zeichnung","14":"product_shipping_class-letter-de","16":"first","17":"outofstock","18":"shipping-taxable","19":"purchasable","20":"product-type-simple"},"yoast_head":"<!-- This site is optimized with the Yoast SEO Premium plugin v27.4 (Yoast SEO v27.4) - https:\/\/yoast.com\/product\/yoast-seo-premium-wordpress\/ -->\n<title>Notizbuch Poesie | Originales Schweizer Geschenk \ud83c\udde8\ud83c\udded<\/title>\n<meta name=\"description\" content=\"Notizbuch Poesie, illustriert und gedruckt in der Schweiz. 96 Seiten, hochwertiges Papier. Originelles Schweizer Geschenk oder Alltags-Papeterie. Design La Jonx.\" \/>\n<meta name=\"robots\" content=\"index, follow, max-snippet:-1, max-image-preview:large, max-video-preview:-1\" \/>\n<link rel=\"canonical\" href=\"https:\/\/www.la-jonx.ch\/de\/shop-de\/papeterie\/notizbucher\/notizbuch-poesie\/\" \/>\n<meta property=\"og:locale\" content=\"de_DE\" \/>\n<meta property=\"og:type\" content=\"article\" \/>\n<meta property=\"og:title\" content=\"Notizbuch Poesie\" \/>\n<meta property=\"og:description\" content=\"Notizbuch Poesie, illustriert und gedruckt in der Schweiz. 96 Seiten, hochwertiges Papier. Originelles Schweizer Geschenk oder Alltags-Papeterie. Design La Jonx.\" \/>\n<meta property=\"og:url\" content=\"https:\/\/www.la-jonx.ch\/de\/shop-de\/papeterie\/notizbucher\/notizbuch-poesie\/\" \/>\n<meta property=\"og:site_name\" content=\"La Jonx\" \/>\n<meta property=\"article:publisher\" content=\"https:\/\/www.facebook.com\/lajonx.ch\" \/>\n<meta property=\"article:modified_time\" content=\"2026-03-12T16:39:47+00:00\" \/>\n<meta property=\"og:image\" content=\"https:\/\/www.la-jonx.ch\/wp-content\/uploads\/2024\/12\/carnet-poesie.jpg\" \/>\n\t<meta property=\"og:image:width\" content=\"1200\" \/>\n\t<meta property=\"og:image:height\" content=\"1447\" \/>\n\t<meta property=\"og:image:type\" content=\"image\/jpeg\" \/>\n<meta name=\"twitter:card\" content=\"summary_large_image\" \/>\n<meta name=\"twitter:label1\" content=\"Preis\" \/>\n\t<meta name=\"twitter:data1\" content=\"&#067;&#072;&#070;&nbsp;15.0\" \/>\n\t<meta name=\"twitter:label2\" content=\"Verf\u00fcgbarkeit\" \/>\n\t<meta name=\"twitter:data2\" content=\"ausverkauft\" \/>\n<script type=\"application\/ld+json\" class=\"yoast-schema-graph\">{\"@context\":\"https:\\\/\\\/schema.org\",\"@graph\":[{\"@type\":\"WebPage\",\"@id\":\"https:\\\/\\\/www.la-jonx.ch\\\/de\\\/shop-de\\\/papeterie\\\/notizbucher\\\/notizbuch-poesie\\\/\",\"url\":\"https:\\\/\\\/www.la-jonx.ch\\\/de\\\/shop-de\\\/papeterie\\\/notizbucher\\\/notizbuch-poesie\\\/\",\"name\":\"Notizbuch Poesie | Originales Schweizer Geschenk \ud83c\udde8\ud83c\udded\",\"isPartOf\":{\"@id\":\"https:\\\/\\\/www.la-jonx.ch\\\/de\\\/#website\"},\"primaryImageOfPage\":{\"@id\":\"https:\\\/\\\/www.la-jonx.ch\\\/de\\\/shop-de\\\/papeterie\\\/notizbucher\\\/notizbuch-poesie\\\/#primaryimage\"},\"image\":{\"@id\":\"https:\\\/\\\/www.la-jonx.ch\\\/de\\\/shop-de\\\/papeterie\\\/notizbucher\\\/notizbuch-poesie\\\/#primaryimage\"},\"thumbnailUrl\":\"https:\\\/\\\/www.la-jonx.ch\\\/wp-content\\\/uploads\\\/2024\\\/12\\\/carnet-poesie.jpg\",\"datePublished\":\"2024-12-03T14:30:08+00:00\",\"dateModified\":\"2026-03-12T16:39:47+00:00\",\"description\":\"Notizbuch Poesie, illustriert und gedruckt in der Schweiz. 96 Seiten, hochwertiges Papier. Originelles Schweizer Geschenk oder Alltags-Papeterie. Design La Jonx.\",\"breadcrumb\":{\"@id\":\"https:\\\/\\\/www.la-jonx.ch\\\/de\\\/shop-de\\\/papeterie\\\/notizbucher\\\/notizbuch-poesie\\\/#breadcrumb\"},\"inLanguage\":\"de\",\"potentialAction\":[{\"@type\":\"ReadAction\",\"target\":[\"https:\\\/\\\/www.la-jonx.ch\\\/de\\\/shop-de\\\/papeterie\\\/notizbucher\\\/notizbuch-poesie\\\/\"]}]},{\"@type\":\"ImageObject\",\"inLanguage\":\"de\",\"@id\":\"https:\\\/\\\/www.la-jonx.ch\\\/de\\\/shop-de\\\/papeterie\\\/notizbucher\\\/notizbuch-poesie\\\/#primaryimage\",\"url\":\"https:\\\/\\\/www.la-jonx.ch\\\/wp-content\\\/uploads\\\/2024\\\/12\\\/carnet-poesie.jpg\",\"contentUrl\":\"https:\\\/\\\/www.la-jonx.ch\\\/wp-content\\\/uploads\\\/2024\\\/12\\\/carnet-poesie.jpg\",\"width\":1200,\"height\":1447},{\"@type\":\"BreadcrumbList\",\"@id\":\"https:\\\/\\\/www.la-jonx.ch\\\/de\\\/shop-de\\\/papeterie\\\/notizbucher\\\/notizbuch-poesie\\\/#breadcrumb\",\"itemListElement\":[{\"@type\":\"ListItem\",\"position\":1,\"name\":\"Accueil\",\"item\":\"https:\\\/\\\/www.la-jonx.ch\\\/de\\\/\"},{\"@type\":\"ListItem\",\"position\":2,\"name\":\"Shop\",\"item\":\"https:\\\/\\\/www.la-jonx.ch\\\/shop\\\/?lang=de\"},{\"@type\":\"ListItem\",\"position\":3,\"name\":\"Papeterie\",\"item\":\"https:\\\/\\\/www.la-jonx.ch\\\/de\\\/produktkategorie\\\/papeterie\\\/\"},{\"@type\":\"ListItem\",\"position\":4,\"name\":\"Notizb\u00fccher\",\"item\":\"https:\\\/\\\/www.la-jonx.ch\\\/de\\\/produktkategorie\\\/papeterie\\\/notizbucher\\\/\"},{\"@type\":\"ListItem\",\"position\":5,\"name\":\"Notizbuch Poesie\"}]},{\"@type\":\"WebSite\",\"@id\":\"https:\\\/\\\/www.la-jonx.ch\\\/de\\\/#website\",\"url\":\"https:\\\/\\\/www.la-jonx.ch\\\/de\\\/\",\"name\":\"La Jonx\",\"description\":\"Schweizer Grafikwerkstatt\",\"publisher\":{\"@id\":\"https:\\\/\\\/www.la-jonx.ch\\\/de\\\/#organization\"},\"potentialAction\":[{\"@type\":\"SearchAction\",\"target\":{\"@type\":\"EntryPoint\",\"urlTemplate\":\"https:\\\/\\\/www.la-jonx.ch\\\/de\\\/?s={search_term_string}\"},\"query-input\":{\"@type\":\"PropertyValueSpecification\",\"valueRequired\":true,\"valueName\":\"search_term_string\"}}],\"inLanguage\":\"de\"},{\"@type\":\"Organization\",\"@id\":\"https:\\\/\\\/www.la-jonx.ch\\\/de\\\/#organization\",\"name\":\"La Jonx\",\"url\":\"https:\\\/\\\/www.la-jonx.ch\\\/de\\\/\",\"logo\":{\"@type\":\"ImageObject\",\"inLanguage\":\"de\",\"@id\":\"https:\\\/\\\/www.la-jonx.ch\\\/de\\\/#\\\/schema\\\/logo\\\/image\\\/\",\"url\":\"https:\\\/\\\/www.la-jonx.ch\\\/wp-content\\\/uploads\\\/2021\\\/09\\\/logo-la-jonx-atzelier-graphique.png\",\"contentUrl\":\"https:\\\/\\\/www.la-jonx.ch\\\/wp-content\\\/uploads\\\/2021\\\/09\\\/logo-la-jonx-atzelier-graphique.png\",\"width\":378,\"height\":129,\"caption\":\"La Jonx\"},\"image\":{\"@id\":\"https:\\\/\\\/www.la-jonx.ch\\\/de\\\/#\\\/schema\\\/logo\\\/image\\\/\"},\"sameAs\":[\"https:\\\/\\\/www.facebook.com\\\/lajonx.ch\",\"https:\\\/\\\/www.instagram.com\\\/lajonx.ch\\\/?hl=fr\"]}]}<\/script>\n<meta property=\"product:price:amount\" content=\"15.0\" \/>\n<meta property=\"product:price:currency\" content=\"CHF\" \/>\n<meta property=\"og:availability\" content=\"out of stock\" \/>\n<meta property=\"product:availability\" content=\"out of stock\" \/>\n<meta property=\"product:condition\" content=\"new\" \/>\n<!-- \/ Yoast SEO Premium plugin. -->","yoast_head_json":{"title":"Notizbuch Poesie | Originales Schweizer Geschenk \ud83c\udde8\ud83c\udded","description":"Notizbuch Poesie, illustriert und gedruckt in der Schweiz. 96 Seiten, hochwertiges Papier. Originelles Schweizer Geschenk oder Alltags-Papeterie. Design La Jonx.","robots":{"index":"index","follow":"follow","max-snippet":"max-snippet:-1","max-image-preview":"max-image-preview:large","max-video-preview":"max-video-preview:-1"},"canonical":"https:\/\/www.la-jonx.ch\/de\/shop-de\/papeterie\/notizbucher\/notizbuch-poesie\/","og_locale":"de_DE","og_type":"article","og_title":"Notizbuch Poesie","og_description":"Notizbuch Poesie, illustriert und gedruckt in der Schweiz. 96 Seiten, hochwertiges Papier. Originelles Schweizer Geschenk oder Alltags-Papeterie. Design La Jonx.","og_url":"https:\/\/www.la-jonx.ch\/de\/shop-de\/papeterie\/notizbucher\/notizbuch-poesie\/","og_site_name":"La Jonx","article_publisher":"https:\/\/www.facebook.com\/lajonx.ch","article_modified_time":"2026-03-12T16:39:47+00:00","og_image":[{"width":1200,"height":1447,"url":"https:\/\/www.la-jonx.ch\/wp-content\/uploads\/2024\/12\/carnet-poesie.jpg","type":"image\/jpeg"}],"twitter_card":"summary_large_image","twitter_misc":{"Preis":"&#67;&#72;&#70;&nbsp;15.0","Verf\u00fcgbarkeit":"ausverkauft"},"schema":{"@context":"https:\/\/schema.org","@graph":[{"@type":"WebPage","@id":"https:\/\/www.la-jonx.ch\/de\/shop-de\/papeterie\/notizbucher\/notizbuch-poesie\/","url":"https:\/\/www.la-jonx.ch\/de\/shop-de\/papeterie\/notizbucher\/notizbuch-poesie\/","name":"Notizbuch Poesie | Originales Schweizer Geschenk \ud83c\udde8\ud83c\udded","isPartOf":{"@id":"https:\/\/www.la-jonx.ch\/de\/#website"},"primaryImageOfPage":{"@id":"https:\/\/www.la-jonx.ch\/de\/shop-de\/papeterie\/notizbucher\/notizbuch-poesie\/#primaryimage"},"image":{"@id":"https:\/\/www.la-jonx.ch\/de\/shop-de\/papeterie\/notizbucher\/notizbuch-poesie\/#primaryimage"},"thumbnailUrl":"https:\/\/www.la-jonx.ch\/wp-content\/uploads\/2024\/12\/carnet-poesie.jpg","datePublished":"2024-12-03T14:30:08+00:00","dateModified":"2026-03-12T16:39:47+00:00","description":"Notizbuch Poesie, illustriert und gedruckt in der Schweiz. 96 Seiten, hochwertiges Papier. Originelles Schweizer Geschenk oder Alltags-Papeterie. Design La Jonx.","breadcrumb":{"@id":"https:\/\/www.la-jonx.ch\/de\/shop-de\/papeterie\/notizbucher\/notizbuch-poesie\/#breadcrumb"},"inLanguage":"de","potentialAction":[{"@type":"ReadAction","target":["https:\/\/www.la-jonx.ch\/de\/shop-de\/papeterie\/notizbucher\/notizbuch-poesie\/"]}]},{"@type":"ImageObject","inLanguage":"de","@id":"https:\/\/www.la-jonx.ch\/de\/shop-de\/papeterie\/notizbucher\/notizbuch-poesie\/#primaryimage","url":"https:\/\/www.la-jonx.ch\/wp-content\/uploads\/2024\/12\/carnet-poesie.jpg","contentUrl":"https:\/\/www.la-jonx.ch\/wp-content\/uploads\/2024\/12\/carnet-poesie.jpg","width":1200,"height":1447},{"@type":"BreadcrumbList","@id":"https:\/\/www.la-jonx.ch\/de\/shop-de\/papeterie\/notizbucher\/notizbuch-poesie\/#breadcrumb","itemListElement":[{"@type":"ListItem","position":1,"name":"Accueil","item":"https:\/\/www.la-jonx.ch\/de\/"},{"@type":"ListItem","position":2,"name":"Shop","item":"https:\/\/www.la-jonx.ch\/shop\/?lang=de"},{"@type":"ListItem","position":3,"name":"Papeterie","item":"https:\/\/www.la-jonx.ch\/de\/produktkategorie\/papeterie\/"},{"@type":"ListItem","position":4,"name":"Notizb\u00fccher","item":"https:\/\/www.la-jonx.ch\/de\/produktkategorie\/papeterie\/notizbucher\/"},{"@type":"ListItem","position":5,"name":"Notizbuch Poesie"}]},{"@type":"WebSite","@id":"https:\/\/www.la-jonx.ch\/de\/#website","url":"https:\/\/www.la-jonx.ch\/de\/","name":"La Jonx","description":"Schweizer Grafikwerkstatt","publisher":{"@id":"https:\/\/www.la-jonx.ch\/de\/#organization"},"potentialAction":[{"@type":"SearchAction","target":{"@type":"EntryPoint","urlTemplate":"https:\/\/www.la-jonx.ch\/de\/?s={search_term_string}"},"query-input":{"@type":"PropertyValueSpecification","valueRequired":true,"valueName":"search_term_string"}}],"inLanguage":"de"},{"@type":"Organization","@id":"https:\/\/www.la-jonx.ch\/de\/#organization","name":"La Jonx","url":"https:\/\/www.la-jonx.ch\/de\/","logo":{"@type":"ImageObject","inLanguage":"de","@id":"https:\/\/www.la-jonx.ch\/de\/#\/schema\/logo\/image\/","url":"https:\/\/www.la-jonx.ch\/wp-content\/uploads\/2021\/09\/logo-la-jonx-atzelier-graphique.png","contentUrl":"https:\/\/www.la-jonx.ch\/wp-content\/uploads\/2021\/09\/logo-la-jonx-atzelier-graphique.png","width":378,"height":129,"caption":"La Jonx"},"image":{"@id":"https:\/\/www.la-jonx.ch\/de\/#\/schema\/logo\/image\/"},"sameAs":["https:\/\/www.facebook.com\/lajonx.ch","https:\/\/www.instagram.com\/lajonx.ch\/?hl=fr"]}]},"product_price_amount":"15.0","product_price_currency":"CHF","og_availability":"out of stock","product_availability":"out of stock","product_condition":"new"},"additional_image_1":null,"additional_image_2":null,"uagb_featured_image_src":{"full":["https:\/\/www.la-jonx.ch\/wp-content\/uploads\/2024\/12\/carnet-poesie.jpg",1200,1447,false],"thumbnail":["https:\/\/www.la-jonx.ch\/wp-content\/uploads\/2024\/12\/carnet-poesie-150x150.jpg",150,150,true],"medium":["https:\/\/www.la-jonx.ch\/wp-content\/uploads\/2024\/12\/carnet-poesie-249x300.jpg",249,300,true],"medium_large":["https:\/\/www.la-jonx.ch\/wp-content\/uploads\/2024\/12\/carnet-poesie-768x926.jpg",768,926,true],"large":["https:\/\/www.la-jonx.ch\/wp-content\/uploads\/2024\/12\/carnet-poesie-849x1024.jpg",849,1024,true],"1536x1536":["https:\/\/www.la-jonx.ch\/wp-content\/uploads\/2024\/12\/carnet-poesie.jpg",1200,1447,false],"2048x2048":["https:\/\/www.la-jonx.ch\/wp-content\/uploads\/2024\/12\/carnet-poesie.jpg",1200,1447,false],"woocommerce_thumbnail":["https:\/\/www.la-jonx.ch\/wp-content\/uploads\/2024\/12\/carnet-poesie-350x420.jpg",350,420,true],"woocommerce_single":["https:\/\/www.la-jonx.ch\/wp-content\/uploads\/2024\/12\/carnet-poesie-510x615.jpg",510,615,true],"woocommerce_gallery_thumbnail":["https:\/\/www.la-jonx.ch\/wp-content\/uploads\/2024\/12\/carnet-poesie-100x100.jpg",100,100,true],"dgwt-wcas-product-suggestion":["https:\/\/www.la-jonx.ch\/wp-content\/uploads\/2024\/12\/carnet-poesie.jpg",64,77,false]},"uagb_author_info":{"display_name":"L'atelier La Jonx","author_link":"https:\/\/www.la-jonx.ch\/de\/author\/"},"uagb_comment_info":0,"uagb_excerpt":"Dieses Poesie-Notizbuch ist eine originale Kreation, von Hand gezeichnet und in der Schweiz auf hochwertigem Papier gedruckt. Das Geschenk, das ein L\u00e4cheln zaubert.Die Poesie der Bains des P\u00e2quis auf dem Umschlag. Ein Notizbuch, um Ihre sch\u00f6nsten Worte zu schreiben.","_links":{"self":[{"href":"https:\/\/www.la-jonx.ch\/de\/wp-json\/wp\/v2\/product\/30778","targetHints":{"allow":["GET"]}}],"collection":[{"href":"https:\/\/www.la-jonx.ch\/de\/wp-json\/wp\/v2\/product"}],"about":[{"href":"https:\/\/www.la-jonx.ch\/de\/wp-json\/wp\/v2\/types\/product"}],"wp:featuredmedia":[{"embeddable":true,"href":"https:\/\/www.la-jonx.ch\/de\/wp-json\/wp\/v2\/media\/30736"}],"wp:attachment":[{"href":"https:\/\/www.la-jonx.ch\/de\/wp-json\/wp\/v2\/media?parent=30778"}],"wp:term":[{"taxonomy":"product_brand","embeddable":true,"href":"https:\/\/www.la-jonx.ch\/de\/wp-json\/wp\/v2\/product_brand?post=30778"},{"taxonomy":"product_cat","embeddable":true,"href":"https:\/\/www.la-jonx.ch\/de\/wp-json\/wp\/v2\/product_cat?post=30778"},{"taxonomy":"product_tag","embeddable":true,"href":"https:\/\/www.la-jonx.ch\/de\/wp-json\/wp\/v2\/product_tag?post=30778"}],"curies":[{"name":"wp","href":"https:\/\/api.w.org\/{rel}","templated":true}]}}