{"id":32557,"date":"2025-03-26T10:23:57","date_gmt":"2025-03-26T09:23:57","guid":{"rendered":"https:\/\/www.la-jonx.ch\/?post_type=product&#038;p=32557"},"modified":"2026-03-12T12:30:35","modified_gmt":"2026-03-12T11:30:35","slug":"magnet-lausanne-ville-suspendue","status":"publish","type":"product","link":"https:\/\/www.la-jonx.ch\/de\/shop-de\/papeterie\/magneten\/magnet-lausanne-ville-suspendue\/","title":{"rendered":"Magnet &#8211; Lausanne, Ville suspendue"},"content":{"rendered":"<h3>Magnet Lausanne, Ville suspendue \u2014 souvenir suisse en \u00e9co-bois<\/h3>\n<p>Chaque matin devant le frigo, vous croiserez Lausanne, Ville suspendue. Ce magnet suisse en \u00e9co-bois est illustr\u00e9 \u00e0 la main \u00e0 Gen\u00e8ve \u2014 le cadeau suisse parfait, petit par la taille, grand par le charme.<\/p>\n<blockquote><p><em>\u00ab Lausanne suspendue sur votre frigo. La ville en pente, en format miniature. \u00bb<\/em><\/p><\/blockquote>\n<h3>Caract\u00e9ristiques<\/h3>\n<ul>\n<li>Illustration originale \u2014 atelier La Jonx, Gen\u00e8ve<\/li>\n<li>\u00c9co-bois, fabriqu\u00e9 dans le canton de Vaud<\/li>\n<li>Aimant puissant<\/li>\n<\/ul>\n","protected":false},"excerpt":{"rendered":"<p class='product-intro'>Ce magnet Lausanne, Ville suspendue est une cr\u00e9ation originale, dessin\u00e9e \u00e0 la main et imprim\u00e9e en Suisse sur du papier de qualit\u00e9. Le cadeau id\u00e9al pour les amoureux de la Suisse.<\/p>\n<p class='poesie'>Lausanne suspendue sur votre frigo. La ville en pente, en format miniature.<\/p>\n","protected":false},"featured_media":32526,"template":"","meta":{"_uag_custom_page_level_css":""},"product_brand":[],"product_cat":[2480],"product_tag":[2485,2482,2483,2484,129,2481],"class_list":{"0":"post-32557","1":"product","2":"type-product","3":"status-publish","4":"has-post-thumbnail","6":"product_cat-magnets","7":"product_tag-aimant","8":"product_tag-decoration","9":"product_tag-eco-bois","10":"product_tag-frigo","11":"product_tag-lausanne","12":"product_tag-magnet","13":"product_shipping_class-lettre","15":"first","16":"instock","17":"shipping-taxable","18":"purchasable","19":"product-type-simple"},"yoast_head":"<!-- This site is optimized with the Yoast SEO Premium plugin v27.3 (Yoast SEO v27.3) - https:\/\/yoast.com\/product\/yoast-seo-premium-wordpress\/ -->\n<title>Magnet Lausanne, Ville suspendue | Cadeau Suisse Artisanal<\/title>\n<meta name=\"description\" content=\"Magnet Lausanne, Ville suspendue en \u00e9co-bois, fabriqu\u00e9 en Suisse. Souvenir suisse artisanal et original pour votre frigo. Design La Jonx, Gen\u00e8ve.\" \/>\n<meta name=\"robots\" content=\"index, follow, max-snippet:-1, max-image-preview:large, max-video-preview:-1\" \/>\n<link rel=\"canonical\" href=\"https:\/\/www.la-jonx.ch\/de\/shop-de\/papeterie\/magneten\/magnet-lausanne-ville-suspendue\/\" \/>\n<meta property=\"og:locale\" content=\"de_DE\" \/>\n<meta property=\"og:type\" content=\"article\" \/>\n<meta property=\"og:title\" content=\"Helvet Magnet - Lausanne, Ville suspendue - Atelier La Jonx\" \/>\n<meta property=\"og:description\" content=\"Magnet Lausanne, Ville suspendue en \u00e9co-bois, fabriqu\u00e9 en Suisse. Souvenir suisse artisanal et original pour votre frigo. Design La Jonx, Gen\u00e8ve.\" \/>\n<meta property=\"og:url\" content=\"https:\/\/www.la-jonx.ch\/de\/shop-de\/papeterie\/magneten\/magnet-lausanne-ville-suspendue\/\" \/>\n<meta property=\"og:site_name\" content=\"La Jonx\" \/>\n<meta property=\"article:publisher\" content=\"https:\/\/www.facebook.com\/lajonx.ch\" \/>\n<meta property=\"article:modified_time\" content=\"2026-03-12T11:30:35+00:00\" \/>\n<meta property=\"og:image\" content=\"https:\/\/www.la-jonx.ch\/wp-content\/uploads\/2025\/03\/Wood-Magnet-of-Lausanne-for-Fridge-suisse.webp\" \/>\n\t<meta property=\"og:image:width\" content=\"1466\" \/>\n\t<meta property=\"og:image:height\" content=\"1728\" \/>\n\t<meta property=\"og:image:type\" content=\"image\/webp\" \/>\n<meta name=\"twitter:card\" content=\"summary_large_image\" \/>\n<meta name=\"twitter:title\" content=\"Helvet Magnet - Lausanne, Ville suspendue - Atelier La Jonx\" \/>\n<meta name=\"twitter:label1\" content=\"Preis\" \/>\n\t<meta name=\"twitter:data1\" content=\"&#067;&#072;&#070;&nbsp;10.0\" \/>\n\t<meta name=\"twitter:label2\" content=\"Verf\u00fcgbarkeit\" \/>\n\t<meta name=\"twitter:data2\" content=\"Auf Lager\" \/>\n<script type=\"application\/ld+json\" class=\"yoast-schema-graph\">{\"@context\":\"https:\\\/\\\/schema.org\",\"@graph\":[{\"@type\":\"WebPage\",\"@id\":\"https:\\\/\\\/www.la-jonx.ch\\\/de\\\/shop-de\\\/papeterie\\\/magneten\\\/magnet-lausanne-ville-suspendue\\\/\",\"url\":\"https:\\\/\\\/www.la-jonx.ch\\\/de\\\/shop-de\\\/papeterie\\\/magneten\\\/magnet-lausanne-ville-suspendue\\\/\",\"name\":\"Magnet Lausanne, Ville suspendue | Cadeau Suisse Artisanal\",\"isPartOf\":{\"@id\":\"https:\\\/\\\/www.la-jonx.ch\\\/de\\\/#website\"},\"primaryImageOfPage\":{\"@id\":\"https:\\\/\\\/www.la-jonx.ch\\\/de\\\/shop-de\\\/papeterie\\\/magneten\\\/magnet-lausanne-ville-suspendue\\\/#primaryimage\"},\"image\":{\"@id\":\"https:\\\/\\\/www.la-jonx.ch\\\/de\\\/shop-de\\\/papeterie\\\/magneten\\\/magnet-lausanne-ville-suspendue\\\/#primaryimage\"},\"thumbnailUrl\":\"https:\\\/\\\/www.la-jonx.ch\\\/wp-content\\\/uploads\\\/2025\\\/03\\\/Wood-Magnet-of-Lausanne-for-Fridge-suisse.webp\",\"datePublished\":\"2025-03-26T09:23:57+00:00\",\"dateModified\":\"2026-03-12T11:30:35+00:00\",\"description\":\"Magnet Lausanne, Ville suspendue en \u00e9co-bois, fabriqu\u00e9 en Suisse. Souvenir suisse artisanal et original pour votre frigo. Design La Jonx, Gen\u00e8ve.\",\"breadcrumb\":{\"@id\":\"https:\\\/\\\/www.la-jonx.ch\\\/de\\\/shop-de\\\/papeterie\\\/magneten\\\/magnet-lausanne-ville-suspendue\\\/#breadcrumb\"},\"inLanguage\":\"de\",\"potentialAction\":[{\"@type\":\"ReadAction\",\"target\":[\"https:\\\/\\\/www.la-jonx.ch\\\/de\\\/shop-de\\\/papeterie\\\/magneten\\\/magnet-lausanne-ville-suspendue\\\/\"]}]},{\"@type\":\"ImageObject\",\"inLanguage\":\"de\",\"@id\":\"https:\\\/\\\/www.la-jonx.ch\\\/de\\\/shop-de\\\/papeterie\\\/magneten\\\/magnet-lausanne-ville-suspendue\\\/#primaryimage\",\"url\":\"https:\\\/\\\/www.la-jonx.ch\\\/wp-content\\\/uploads\\\/2025\\\/03\\\/Wood-Magnet-of-Lausanne-for-Fridge-suisse.webp\",\"contentUrl\":\"https:\\\/\\\/www.la-jonx.ch\\\/wp-content\\\/uploads\\\/2025\\\/03\\\/Wood-Magnet-of-Lausanne-for-Fridge-suisse.webp\",\"width\":1466,\"height\":1728},{\"@type\":\"BreadcrumbList\",\"@id\":\"https:\\\/\\\/www.la-jonx.ch\\\/de\\\/shop-de\\\/papeterie\\\/magneten\\\/magnet-lausanne-ville-suspendue\\\/#breadcrumb\",\"itemListElement\":[{\"@type\":\"ListItem\",\"position\":1,\"name\":\"Accueil\",\"item\":\"https:\\\/\\\/www.la-jonx.ch\\\/de\\\/\"},{\"@type\":\"ListItem\",\"position\":2,\"name\":\"Shop\",\"item\":\"https:\\\/\\\/www.la-jonx.ch\\\/shop\\\/?lang=de\"},{\"@type\":\"ListItem\",\"position\":3,\"name\":\"Papeterie\",\"item\":\"https:\\\/\\\/www.la-jonx.ch\\\/de\\\/produktkategorie\\\/papeterie\\\/\"},{\"@type\":\"ListItem\",\"position\":4,\"name\":\"Magneten\",\"item\":\"https:\\\/\\\/www.la-jonx.ch\\\/de\\\/produktkategorie\\\/papeterie\\\/magneten\\\/\"},{\"@type\":\"ListItem\",\"position\":5,\"name\":\"Magnet &#8211; Lausanne, Ville suspendue\"}]},{\"@type\":\"WebSite\",\"@id\":\"https:\\\/\\\/www.la-jonx.ch\\\/de\\\/#website\",\"url\":\"https:\\\/\\\/www.la-jonx.ch\\\/de\\\/\",\"name\":\"La Jonx\",\"description\":\"Schweizer Grafikwerkstatt\",\"publisher\":{\"@id\":\"https:\\\/\\\/www.la-jonx.ch\\\/de\\\/#organization\"},\"potentialAction\":[{\"@type\":\"SearchAction\",\"target\":{\"@type\":\"EntryPoint\",\"urlTemplate\":\"https:\\\/\\\/www.la-jonx.ch\\\/de\\\/?s={search_term_string}\"},\"query-input\":{\"@type\":\"PropertyValueSpecification\",\"valueRequired\":true,\"valueName\":\"search_term_string\"}}],\"inLanguage\":\"de\"},{\"@type\":\"Organization\",\"@id\":\"https:\\\/\\\/www.la-jonx.ch\\\/de\\\/#organization\",\"name\":\"La Jonx\",\"url\":\"https:\\\/\\\/www.la-jonx.ch\\\/de\\\/\",\"logo\":{\"@type\":\"ImageObject\",\"inLanguage\":\"de\",\"@id\":\"https:\\\/\\\/www.la-jonx.ch\\\/de\\\/#\\\/schema\\\/logo\\\/image\\\/\",\"url\":\"https:\\\/\\\/www.la-jonx.ch\\\/wp-content\\\/uploads\\\/2021\\\/09\\\/logo-la-jonx-atzelier-graphique.png\",\"contentUrl\":\"https:\\\/\\\/www.la-jonx.ch\\\/wp-content\\\/uploads\\\/2021\\\/09\\\/logo-la-jonx-atzelier-graphique.png\",\"width\":378,\"height\":129,\"caption\":\"La Jonx\"},\"image\":{\"@id\":\"https:\\\/\\\/www.la-jonx.ch\\\/de\\\/#\\\/schema\\\/logo\\\/image\\\/\"},\"sameAs\":[\"https:\\\/\\\/www.facebook.com\\\/lajonx.ch\",\"https:\\\/\\\/www.instagram.com\\\/lajonx.ch\\\/?hl=fr\"]}]}<\/script>\n<meta property=\"product:price:amount\" content=\"10.0\" \/>\n<meta property=\"product:price:currency\" content=\"CHF\" \/>\n<meta property=\"og:availability\" content=\"instock\" \/>\n<meta property=\"product:availability\" content=\"instock\" \/>\n<meta property=\"product:retailer_item_id\" content=\"3760364467303\" \/>\n<meta property=\"product:condition\" content=\"new\" \/>\n<!-- \/ Yoast SEO Premium plugin. -->","yoast_head_json":{"title":"Magnet Lausanne, Ville suspendue | Cadeau Suisse Artisanal","description":"Magnet Lausanne, Ville suspendue en \u00e9co-bois, fabriqu\u00e9 en Suisse. Souvenir suisse artisanal et original pour votre frigo. Design La Jonx, Gen\u00e8ve.","robots":{"index":"index","follow":"follow","max-snippet":"max-snippet:-1","max-image-preview":"max-image-preview:large","max-video-preview":"max-video-preview:-1"},"canonical":"https:\/\/www.la-jonx.ch\/de\/shop-de\/papeterie\/magneten\/magnet-lausanne-ville-suspendue\/","og_locale":"de_DE","og_type":"article","og_title":"Helvet Magnet - Lausanne, Ville suspendue - Atelier La Jonx","og_description":"Magnet Lausanne, Ville suspendue en \u00e9co-bois, fabriqu\u00e9 en Suisse. Souvenir suisse artisanal et original pour votre frigo. Design La Jonx, Gen\u00e8ve.","og_url":"https:\/\/www.la-jonx.ch\/de\/shop-de\/papeterie\/magneten\/magnet-lausanne-ville-suspendue\/","og_site_name":"La Jonx","article_publisher":"https:\/\/www.facebook.com\/lajonx.ch","article_modified_time":"2026-03-12T11:30:35+00:00","og_image":[{"width":1466,"height":1728,"url":"https:\/\/www.la-jonx.ch\/wp-content\/uploads\/2025\/03\/Wood-Magnet-of-Lausanne-for-Fridge-suisse.webp","type":"image\/webp"}],"twitter_card":"summary_large_image","twitter_title":"Helvet Magnet - Lausanne, Ville suspendue - Atelier La Jonx","twitter_misc":{"Preis":"&#67;&#72;&#70;&nbsp;10.0","Verf\u00fcgbarkeit":"Auf Lager"},"schema":{"@context":"https:\/\/schema.org","@graph":[{"@type":"WebPage","@id":"https:\/\/www.la-jonx.ch\/de\/shop-de\/papeterie\/magneten\/magnet-lausanne-ville-suspendue\/","url":"https:\/\/www.la-jonx.ch\/de\/shop-de\/papeterie\/magneten\/magnet-lausanne-ville-suspendue\/","name":"Magnet Lausanne, Ville suspendue | Cadeau Suisse Artisanal","isPartOf":{"@id":"https:\/\/www.la-jonx.ch\/de\/#website"},"primaryImageOfPage":{"@id":"https:\/\/www.la-jonx.ch\/de\/shop-de\/papeterie\/magneten\/magnet-lausanne-ville-suspendue\/#primaryimage"},"image":{"@id":"https:\/\/www.la-jonx.ch\/de\/shop-de\/papeterie\/magneten\/magnet-lausanne-ville-suspendue\/#primaryimage"},"thumbnailUrl":"https:\/\/www.la-jonx.ch\/wp-content\/uploads\/2025\/03\/Wood-Magnet-of-Lausanne-for-Fridge-suisse.webp","datePublished":"2025-03-26T09:23:57+00:00","dateModified":"2026-03-12T11:30:35+00:00","description":"Magnet Lausanne, Ville suspendue en \u00e9co-bois, fabriqu\u00e9 en Suisse. Souvenir suisse artisanal et original pour votre frigo. Design La Jonx, Gen\u00e8ve.","breadcrumb":{"@id":"https:\/\/www.la-jonx.ch\/de\/shop-de\/papeterie\/magneten\/magnet-lausanne-ville-suspendue\/#breadcrumb"},"inLanguage":"de","potentialAction":[{"@type":"ReadAction","target":["https:\/\/www.la-jonx.ch\/de\/shop-de\/papeterie\/magneten\/magnet-lausanne-ville-suspendue\/"]}]},{"@type":"ImageObject","inLanguage":"de","@id":"https:\/\/www.la-jonx.ch\/de\/shop-de\/papeterie\/magneten\/magnet-lausanne-ville-suspendue\/#primaryimage","url":"https:\/\/www.la-jonx.ch\/wp-content\/uploads\/2025\/03\/Wood-Magnet-of-Lausanne-for-Fridge-suisse.webp","contentUrl":"https:\/\/www.la-jonx.ch\/wp-content\/uploads\/2025\/03\/Wood-Magnet-of-Lausanne-for-Fridge-suisse.webp","width":1466,"height":1728},{"@type":"BreadcrumbList","@id":"https:\/\/www.la-jonx.ch\/de\/shop-de\/papeterie\/magneten\/magnet-lausanne-ville-suspendue\/#breadcrumb","itemListElement":[{"@type":"ListItem","position":1,"name":"Accueil","item":"https:\/\/www.la-jonx.ch\/de\/"},{"@type":"ListItem","position":2,"name":"Shop","item":"https:\/\/www.la-jonx.ch\/shop\/?lang=de"},{"@type":"ListItem","position":3,"name":"Papeterie","item":"https:\/\/www.la-jonx.ch\/de\/produktkategorie\/papeterie\/"},{"@type":"ListItem","position":4,"name":"Magneten","item":"https:\/\/www.la-jonx.ch\/de\/produktkategorie\/papeterie\/magneten\/"},{"@type":"ListItem","position":5,"name":"Magnet &#8211; Lausanne, Ville suspendue"}]},{"@type":"WebSite","@id":"https:\/\/www.la-jonx.ch\/de\/#website","url":"https:\/\/www.la-jonx.ch\/de\/","name":"La Jonx","description":"Schweizer Grafikwerkstatt","publisher":{"@id":"https:\/\/www.la-jonx.ch\/de\/#organization"},"potentialAction":[{"@type":"SearchAction","target":{"@type":"EntryPoint","urlTemplate":"https:\/\/www.la-jonx.ch\/de\/?s={search_term_string}"},"query-input":{"@type":"PropertyValueSpecification","valueRequired":true,"valueName":"search_term_string"}}],"inLanguage":"de"},{"@type":"Organization","@id":"https:\/\/www.la-jonx.ch\/de\/#organization","name":"La Jonx","url":"https:\/\/www.la-jonx.ch\/de\/","logo":{"@type":"ImageObject","inLanguage":"de","@id":"https:\/\/www.la-jonx.ch\/de\/#\/schema\/logo\/image\/","url":"https:\/\/www.la-jonx.ch\/wp-content\/uploads\/2021\/09\/logo-la-jonx-atzelier-graphique.png","contentUrl":"https:\/\/www.la-jonx.ch\/wp-content\/uploads\/2021\/09\/logo-la-jonx-atzelier-graphique.png","width":378,"height":129,"caption":"La Jonx"},"image":{"@id":"https:\/\/www.la-jonx.ch\/de\/#\/schema\/logo\/image\/"},"sameAs":["https:\/\/www.facebook.com\/lajonx.ch","https:\/\/www.instagram.com\/lajonx.ch\/?hl=fr"]}]},"product_price_amount":"10.0","product_price_currency":"CHF","og_availability":"instock","product_availability":"instock","product_retailer_item_id":"3760364467303","product_condition":"new"},"additional_image_1":null,"additional_image_2":null,"uagb_featured_image_src":{"full":["https:\/\/www.la-jonx.ch\/wp-content\/uploads\/2025\/03\/Wood-Magnet-of-Lausanne-for-Fridge-suisse.webp",1466,1728,false],"thumbnail":["https:\/\/www.la-jonx.ch\/wp-content\/uploads\/2025\/03\/Wood-Magnet-of-Lausanne-for-Fridge-suisse-150x150.webp",150,150,true],"medium":["https:\/\/www.la-jonx.ch\/wp-content\/uploads\/2025\/03\/Wood-Magnet-of-Lausanne-for-Fridge-suisse-255x300.webp",255,300,true],"medium_large":["https:\/\/www.la-jonx.ch\/wp-content\/uploads\/2025\/03\/Wood-Magnet-of-Lausanne-for-Fridge-suisse-768x905.webp",768,905,true],"large":["https:\/\/www.la-jonx.ch\/wp-content\/uploads\/2025\/03\/Wood-Magnet-of-Lausanne-for-Fridge-suisse-869x1024.webp",869,1024,true],"1536x1536":["https:\/\/www.la-jonx.ch\/wp-content\/uploads\/2025\/03\/Wood-Magnet-of-Lausanne-for-Fridge-suisse-1303x1536.webp",1303,1536,true],"2048x2048":["https:\/\/www.la-jonx.ch\/wp-content\/uploads\/2025\/03\/Wood-Magnet-of-Lausanne-for-Fridge-suisse.webp",1466,1728,false],"woocommerce_thumbnail":["https:\/\/www.la-jonx.ch\/wp-content\/uploads\/2025\/03\/Wood-Magnet-of-Lausanne-for-Fridge-suisse-350x420.webp",350,420,true],"woocommerce_single":["https:\/\/www.la-jonx.ch\/wp-content\/uploads\/2025\/03\/Wood-Magnet-of-Lausanne-for-Fridge-suisse-510x601.webp",510,601,true],"woocommerce_gallery_thumbnail":["https:\/\/www.la-jonx.ch\/wp-content\/uploads\/2025\/03\/Wood-Magnet-of-Lausanne-for-Fridge-suisse-100x100.webp",100,100,true],"dgwt-wcas-product-suggestion":["https:\/\/www.la-jonx.ch\/wp-content\/uploads\/2025\/03\/Wood-Magnet-of-Lausanne-for-Fridge-suisse.webp",64,75,false]},"uagb_author_info":{"display_name":"L'atelier La Jonx","author_link":"https:\/\/www.la-jonx.ch\/de\/author\/"},"uagb_comment_info":0,"uagb_excerpt":"Ce magnet Lausanne, Ville suspendue est une cr\u00e9ation originale, dessin\u00e9e \u00e0 la main et imprim\u00e9e en Suisse sur du papier de qualit\u00e9. Le cadeau id\u00e9al pour les amoureux de la Suisse.Lausanne suspendue sur votre frigo. La ville en pente, en format miniature.","_links":{"self":[{"href":"https:\/\/www.la-jonx.ch\/de\/wp-json\/wp\/v2\/product\/32557","targetHints":{"allow":["GET"]}}],"collection":[{"href":"https:\/\/www.la-jonx.ch\/de\/wp-json\/wp\/v2\/product"}],"about":[{"href":"https:\/\/www.la-jonx.ch\/de\/wp-json\/wp\/v2\/types\/product"}],"wp:featuredmedia":[{"embeddable":true,"href":"https:\/\/www.la-jonx.ch\/de\/wp-json\/wp\/v2\/media\/32526"}],"wp:attachment":[{"href":"https:\/\/www.la-jonx.ch\/de\/wp-json\/wp\/v2\/media?parent=32557"}],"wp:term":[{"taxonomy":"product_brand","embeddable":true,"href":"https:\/\/www.la-jonx.ch\/de\/wp-json\/wp\/v2\/product_brand?post=32557"},{"taxonomy":"product_cat","embeddable":true,"href":"https:\/\/www.la-jonx.ch\/de\/wp-json\/wp\/v2\/product_cat?post=32557"},{"taxonomy":"product_tag","embeddable":true,"href":"https:\/\/www.la-jonx.ch\/de\/wp-json\/wp\/v2\/product_tag?post=32557"}],"curies":[{"name":"wp","href":"https:\/\/api.w.org\/{rel}","templated":true}]}}