{"id":32568,"date":"2025-03-26T10:11:54","date_gmt":"2025-03-26T09:11:54","guid":{"rendered":"https:\/\/www.la-jonx.ch\/boutique\/unkategorisiert\/magnet-rhyfall\/"},"modified":"2026-03-12T17:37:50","modified_gmt":"2026-03-12T16:37:50","slug":"magnet-rhyfall","status":"publish","type":"product","link":"https:\/\/www.la-jonx.ch\/de\/shop-de\/papeterie\/magneten\/magnet-rhyfall\/","title":{"rendered":"Magnet &#8222;Rhyfall&#8220;"},"content":{"rendered":"<h3>Magnet Rhyfall \u2014 Schweizer Souvenir aus \u00d6ko-Holz<\/h3>\n<p>Dieser Rhyfall-Magnet geh\u00f6rt zu den kleinen Gegenst\u00e4nden, die man gerne schenkt und erh\u00e4lt. Von Hand illustriert und aus \u00d6ko-Holz im Kanton Waadt gefertigt, ist es ein authentisches Schweizer Souvenir.<\/p>\n<blockquote><p><em>\u00ab Der Rheinfall auf Ihrem K\u00fchlschrank. Die ganze Kraft des Rhyfalls im kleinen Format. \u00bb<\/em><\/p><\/blockquote>\n<h3>Eigenschaften<\/h3>\n<ul>\n<li>Originalillustration \u2014 Atelier La Jonx, Genf<\/li>\n<li>\u00d6ko-Holz, gefertigt im Kanton Waadt<\/li>\n<li>Starker Magnet<\/li>\n<\/ul>\n","protected":false},"excerpt":{"rendered":"<p class='product-intro'>Dieser Rhyfall-Magnet ist eine originale Kreation, von Hand gezeichnet und in der Schweiz auf hochwertigem Papier gedruckt. Das Geschenk, das zum Reisen einl\u00e4dt.<\/p>\n<p class='poesie'>Die Rheinfall auf Ihrem K\u00fchlschrank. Die ganze Kraft des Rhyfall im kleinen Format.<\/p>\n","protected":false},"featured_media":32508,"template":"","meta":{"_uag_custom_page_level_css":""},"product_brand":[],"product_cat":[2838],"product_tag":[2498,2499,2500,2501,2497,2042],"class_list":{"0":"post-32568","1":"product","2":"type-product","3":"status-publish","4":"has-post-thumbnail","6":"product_cat-magneten","7":"product_tag-dekoration","8":"product_tag-eco-bois-de","9":"product_tag-kuhlschrank","10":"product_tag-magnet-de-2","11":"product_tag-magnet-de","12":"product_tag-rhyfall-de","13":"product_shipping_class-letter-de","15":"first","16":"instock","17":"shipping-taxable","18":"purchasable","19":"product-type-simple"},"yoast_head":"<!-- This site is optimized with the Yoast SEO Premium plugin v27.4 (Yoast SEO v27.4) - https:\/\/yoast.com\/product\/yoast-seo-premium-wordpress\/ -->\n<title>Magnet Rhyfall | Schweizer Handwerks-Souvenir \ud83c\udde8\ud83c\udded<\/title>\n<meta name=\"description\" content=\"Magnet Rhyfall aus \u00d6ko-Holz, hergestellt in der Schweiz. Handgefertigtes und originelles Schweizer Souvenir f\u00fcr Ihren K\u00fchlschrank. Design La Jonx, Genf.\" \/>\n<meta name=\"robots\" content=\"index, follow, max-snippet:-1, max-image-preview:large, max-video-preview:-1\" \/>\n<link rel=\"canonical\" href=\"https:\/\/www.la-jonx.ch\/de\/shop-de\/papeterie\/magneten\/magnet-rhyfall\/\" \/>\n<meta property=\"og:locale\" content=\"de_DE\" \/>\n<meta property=\"og:type\" content=\"article\" \/>\n<meta property=\"og:title\" content=\"Magnet &quot;Rhyfall&quot;\" \/>\n<meta property=\"og:description\" content=\"Magnet Rhyfall aus \u00d6ko-Holz, hergestellt in der Schweiz. Handgefertigtes und originelles Schweizer Souvenir f\u00fcr Ihren K\u00fchlschrank. Design La Jonx, Genf.\" \/>\n<meta property=\"og:url\" content=\"https:\/\/www.la-jonx.ch\/de\/shop-de\/papeterie\/magneten\/magnet-rhyfall\/\" \/>\n<meta property=\"og:site_name\" content=\"La Jonx\" \/>\n<meta property=\"article:publisher\" content=\"https:\/\/www.facebook.com\/lajonx.ch\" \/>\n<meta property=\"article:modified_time\" content=\"2026-03-12T16:37:50+00:00\" \/>\n<meta property=\"og:image\" content=\"https:\/\/www.la-jonx.ch\/wp-content\/uploads\/2025\/03\/Magnet-Ryfall-Hein-Fall-Chute-du-Rhin-Switzerland.webp\" \/>\n\t<meta property=\"og:image:width\" content=\"1466\" \/>\n\t<meta property=\"og:image:height\" content=\"1728\" \/>\n\t<meta property=\"og:image:type\" content=\"image\/webp\" \/>\n<meta name=\"twitter:card\" content=\"summary_large_image\" \/>\n<meta name=\"twitter:label1\" content=\"Preis\" \/>\n\t<meta name=\"twitter:data1\" content=\"&#067;&#072;&#070;&nbsp;10.0\" \/>\n\t<meta name=\"twitter:label2\" content=\"Verf\u00fcgbarkeit\" \/>\n\t<meta name=\"twitter:data2\" content=\"Auf Lager\" \/>\n<script type=\"application\/ld+json\" class=\"yoast-schema-graph\">{\"@context\":\"https:\\\/\\\/schema.org\",\"@graph\":[{\"@type\":\"WebPage\",\"@id\":\"https:\\\/\\\/www.la-jonx.ch\\\/de\\\/shop-de\\\/papeterie\\\/magneten\\\/magnet-rhyfall\\\/\",\"url\":\"https:\\\/\\\/www.la-jonx.ch\\\/de\\\/shop-de\\\/papeterie\\\/magneten\\\/magnet-rhyfall\\\/\",\"name\":\"Magnet Rhyfall | Schweizer Handwerks-Souvenir \ud83c\udde8\ud83c\udded\",\"isPartOf\":{\"@id\":\"https:\\\/\\\/www.la-jonx.ch\\\/de\\\/#website\"},\"primaryImageOfPage\":{\"@id\":\"https:\\\/\\\/www.la-jonx.ch\\\/de\\\/shop-de\\\/papeterie\\\/magneten\\\/magnet-rhyfall\\\/#primaryimage\"},\"image\":{\"@id\":\"https:\\\/\\\/www.la-jonx.ch\\\/de\\\/shop-de\\\/papeterie\\\/magneten\\\/magnet-rhyfall\\\/#primaryimage\"},\"thumbnailUrl\":\"https:\\\/\\\/www.la-jonx.ch\\\/wp-content\\\/uploads\\\/2025\\\/03\\\/Magnet-Ryfall-Hein-Fall-Chute-du-Rhin-Switzerland.webp\",\"datePublished\":\"2025-03-26T09:11:54+00:00\",\"dateModified\":\"2026-03-12T16:37:50+00:00\",\"description\":\"Magnet Rhyfall aus \u00d6ko-Holz, hergestellt in der Schweiz. Handgefertigtes und originelles Schweizer Souvenir f\u00fcr Ihren K\u00fchlschrank. Design La Jonx, Genf.\",\"breadcrumb\":{\"@id\":\"https:\\\/\\\/www.la-jonx.ch\\\/de\\\/shop-de\\\/papeterie\\\/magneten\\\/magnet-rhyfall\\\/#breadcrumb\"},\"inLanguage\":\"de\",\"potentialAction\":[{\"@type\":\"ReadAction\",\"target\":[\"https:\\\/\\\/www.la-jonx.ch\\\/de\\\/shop-de\\\/papeterie\\\/magneten\\\/magnet-rhyfall\\\/\"]}]},{\"@type\":\"ImageObject\",\"inLanguage\":\"de\",\"@id\":\"https:\\\/\\\/www.la-jonx.ch\\\/de\\\/shop-de\\\/papeterie\\\/magneten\\\/magnet-rhyfall\\\/#primaryimage\",\"url\":\"https:\\\/\\\/www.la-jonx.ch\\\/wp-content\\\/uploads\\\/2025\\\/03\\\/Magnet-Ryfall-Hein-Fall-Chute-du-Rhin-Switzerland.webp\",\"contentUrl\":\"https:\\\/\\\/www.la-jonx.ch\\\/wp-content\\\/uploads\\\/2025\\\/03\\\/Magnet-Ryfall-Hein-Fall-Chute-du-Rhin-Switzerland.webp\",\"width\":1466,\"height\":1728},{\"@type\":\"BreadcrumbList\",\"@id\":\"https:\\\/\\\/www.la-jonx.ch\\\/de\\\/shop-de\\\/papeterie\\\/magneten\\\/magnet-rhyfall\\\/#breadcrumb\",\"itemListElement\":[{\"@type\":\"ListItem\",\"position\":1,\"name\":\"Accueil\",\"item\":\"https:\\\/\\\/www.la-jonx.ch\\\/de\\\/\"},{\"@type\":\"ListItem\",\"position\":2,\"name\":\"Shop\",\"item\":\"https:\\\/\\\/www.la-jonx.ch\\\/shop\\\/?lang=de\"},{\"@type\":\"ListItem\",\"position\":3,\"name\":\"Papeterie\",\"item\":\"https:\\\/\\\/www.la-jonx.ch\\\/de\\\/produktkategorie\\\/papeterie\\\/\"},{\"@type\":\"ListItem\",\"position\":4,\"name\":\"Magneten\",\"item\":\"https:\\\/\\\/www.la-jonx.ch\\\/de\\\/produktkategorie\\\/papeterie\\\/magneten\\\/\"},{\"@type\":\"ListItem\",\"position\":5,\"name\":\"Magnet \u00ab\u00a0Rhyfall\u00a0\u00bb\"}]},{\"@type\":\"WebSite\",\"@id\":\"https:\\\/\\\/www.la-jonx.ch\\\/de\\\/#website\",\"url\":\"https:\\\/\\\/www.la-jonx.ch\\\/de\\\/\",\"name\":\"La Jonx\",\"description\":\"Schweizer Grafikwerkstatt\",\"publisher\":{\"@id\":\"https:\\\/\\\/www.la-jonx.ch\\\/de\\\/#organization\"},\"potentialAction\":[{\"@type\":\"SearchAction\",\"target\":{\"@type\":\"EntryPoint\",\"urlTemplate\":\"https:\\\/\\\/www.la-jonx.ch\\\/de\\\/?s={search_term_string}\"},\"query-input\":{\"@type\":\"PropertyValueSpecification\",\"valueRequired\":true,\"valueName\":\"search_term_string\"}}],\"inLanguage\":\"de\"},{\"@type\":\"Organization\",\"@id\":\"https:\\\/\\\/www.la-jonx.ch\\\/de\\\/#organization\",\"name\":\"La Jonx\",\"url\":\"https:\\\/\\\/www.la-jonx.ch\\\/de\\\/\",\"logo\":{\"@type\":\"ImageObject\",\"inLanguage\":\"de\",\"@id\":\"https:\\\/\\\/www.la-jonx.ch\\\/de\\\/#\\\/schema\\\/logo\\\/image\\\/\",\"url\":\"https:\\\/\\\/www.la-jonx.ch\\\/wp-content\\\/uploads\\\/2021\\\/09\\\/logo-la-jonx-atzelier-graphique.png\",\"contentUrl\":\"https:\\\/\\\/www.la-jonx.ch\\\/wp-content\\\/uploads\\\/2021\\\/09\\\/logo-la-jonx-atzelier-graphique.png\",\"width\":378,\"height\":129,\"caption\":\"La Jonx\"},\"image\":{\"@id\":\"https:\\\/\\\/www.la-jonx.ch\\\/de\\\/#\\\/schema\\\/logo\\\/image\\\/\"},\"sameAs\":[\"https:\\\/\\\/www.facebook.com\\\/lajonx.ch\",\"https:\\\/\\\/www.instagram.com\\\/lajonx.ch\\\/?hl=fr\"]}]}<\/script>\n<meta property=\"product:price:amount\" content=\"10.0\" \/>\n<meta property=\"product:price:currency\" content=\"CHF\" \/>\n<meta property=\"og:availability\" content=\"instock\" \/>\n<meta property=\"product:availability\" content=\"instock\" \/>\n<meta property=\"product:retailer_item_id\" content=\"3760364467365\" \/>\n<meta property=\"product:condition\" content=\"new\" \/>\n<!-- \/ Yoast SEO Premium plugin. -->","yoast_head_json":{"title":"Magnet Rhyfall | Schweizer Handwerks-Souvenir \ud83c\udde8\ud83c\udded","description":"Magnet Rhyfall aus \u00d6ko-Holz, hergestellt in der Schweiz. Handgefertigtes und originelles Schweizer Souvenir f\u00fcr Ihren K\u00fchlschrank. Design La Jonx, Genf.","robots":{"index":"index","follow":"follow","max-snippet":"max-snippet:-1","max-image-preview":"max-image-preview:large","max-video-preview":"max-video-preview:-1"},"canonical":"https:\/\/www.la-jonx.ch\/de\/shop-de\/papeterie\/magneten\/magnet-rhyfall\/","og_locale":"de_DE","og_type":"article","og_title":"Magnet \"Rhyfall\"","og_description":"Magnet Rhyfall aus \u00d6ko-Holz, hergestellt in der Schweiz. Handgefertigtes und originelles Schweizer Souvenir f\u00fcr Ihren K\u00fchlschrank. Design La Jonx, Genf.","og_url":"https:\/\/www.la-jonx.ch\/de\/shop-de\/papeterie\/magneten\/magnet-rhyfall\/","og_site_name":"La Jonx","article_publisher":"https:\/\/www.facebook.com\/lajonx.ch","article_modified_time":"2026-03-12T16:37:50+00:00","og_image":[{"width":1466,"height":1728,"url":"https:\/\/www.la-jonx.ch\/wp-content\/uploads\/2025\/03\/Magnet-Ryfall-Hein-Fall-Chute-du-Rhin-Switzerland.webp","type":"image\/webp"}],"twitter_card":"summary_large_image","twitter_misc":{"Preis":"&#67;&#72;&#70;&nbsp;10.0","Verf\u00fcgbarkeit":"Auf Lager"},"schema":{"@context":"https:\/\/schema.org","@graph":[{"@type":"WebPage","@id":"https:\/\/www.la-jonx.ch\/de\/shop-de\/papeterie\/magneten\/magnet-rhyfall\/","url":"https:\/\/www.la-jonx.ch\/de\/shop-de\/papeterie\/magneten\/magnet-rhyfall\/","name":"Magnet Rhyfall | Schweizer Handwerks-Souvenir \ud83c\udde8\ud83c\udded","isPartOf":{"@id":"https:\/\/www.la-jonx.ch\/de\/#website"},"primaryImageOfPage":{"@id":"https:\/\/www.la-jonx.ch\/de\/shop-de\/papeterie\/magneten\/magnet-rhyfall\/#primaryimage"},"image":{"@id":"https:\/\/www.la-jonx.ch\/de\/shop-de\/papeterie\/magneten\/magnet-rhyfall\/#primaryimage"},"thumbnailUrl":"https:\/\/www.la-jonx.ch\/wp-content\/uploads\/2025\/03\/Magnet-Ryfall-Hein-Fall-Chute-du-Rhin-Switzerland.webp","datePublished":"2025-03-26T09:11:54+00:00","dateModified":"2026-03-12T16:37:50+00:00","description":"Magnet Rhyfall aus \u00d6ko-Holz, hergestellt in der Schweiz. Handgefertigtes und originelles Schweizer Souvenir f\u00fcr Ihren K\u00fchlschrank. Design La Jonx, Genf.","breadcrumb":{"@id":"https:\/\/www.la-jonx.ch\/de\/shop-de\/papeterie\/magneten\/magnet-rhyfall\/#breadcrumb"},"inLanguage":"de","potentialAction":[{"@type":"ReadAction","target":["https:\/\/www.la-jonx.ch\/de\/shop-de\/papeterie\/magneten\/magnet-rhyfall\/"]}]},{"@type":"ImageObject","inLanguage":"de","@id":"https:\/\/www.la-jonx.ch\/de\/shop-de\/papeterie\/magneten\/magnet-rhyfall\/#primaryimage","url":"https:\/\/www.la-jonx.ch\/wp-content\/uploads\/2025\/03\/Magnet-Ryfall-Hein-Fall-Chute-du-Rhin-Switzerland.webp","contentUrl":"https:\/\/www.la-jonx.ch\/wp-content\/uploads\/2025\/03\/Magnet-Ryfall-Hein-Fall-Chute-du-Rhin-Switzerland.webp","width":1466,"height":1728},{"@type":"BreadcrumbList","@id":"https:\/\/www.la-jonx.ch\/de\/shop-de\/papeterie\/magneten\/magnet-rhyfall\/#breadcrumb","itemListElement":[{"@type":"ListItem","position":1,"name":"Accueil","item":"https:\/\/www.la-jonx.ch\/de\/"},{"@type":"ListItem","position":2,"name":"Shop","item":"https:\/\/www.la-jonx.ch\/shop\/?lang=de"},{"@type":"ListItem","position":3,"name":"Papeterie","item":"https:\/\/www.la-jonx.ch\/de\/produktkategorie\/papeterie\/"},{"@type":"ListItem","position":4,"name":"Magneten","item":"https:\/\/www.la-jonx.ch\/de\/produktkategorie\/papeterie\/magneten\/"},{"@type":"ListItem","position":5,"name":"Magnet \u00ab\u00a0Rhyfall\u00a0\u00bb"}]},{"@type":"WebSite","@id":"https:\/\/www.la-jonx.ch\/de\/#website","url":"https:\/\/www.la-jonx.ch\/de\/","name":"La Jonx","description":"Schweizer Grafikwerkstatt","publisher":{"@id":"https:\/\/www.la-jonx.ch\/de\/#organization"},"potentialAction":[{"@type":"SearchAction","target":{"@type":"EntryPoint","urlTemplate":"https:\/\/www.la-jonx.ch\/de\/?s={search_term_string}"},"query-input":{"@type":"PropertyValueSpecification","valueRequired":true,"valueName":"search_term_string"}}],"inLanguage":"de"},{"@type":"Organization","@id":"https:\/\/www.la-jonx.ch\/de\/#organization","name":"La Jonx","url":"https:\/\/www.la-jonx.ch\/de\/","logo":{"@type":"ImageObject","inLanguage":"de","@id":"https:\/\/www.la-jonx.ch\/de\/#\/schema\/logo\/image\/","url":"https:\/\/www.la-jonx.ch\/wp-content\/uploads\/2021\/09\/logo-la-jonx-atzelier-graphique.png","contentUrl":"https:\/\/www.la-jonx.ch\/wp-content\/uploads\/2021\/09\/logo-la-jonx-atzelier-graphique.png","width":378,"height":129,"caption":"La Jonx"},"image":{"@id":"https:\/\/www.la-jonx.ch\/de\/#\/schema\/logo\/image\/"},"sameAs":["https:\/\/www.facebook.com\/lajonx.ch","https:\/\/www.instagram.com\/lajonx.ch\/?hl=fr"]}]},"product_price_amount":"10.0","product_price_currency":"CHF","og_availability":"instock","product_availability":"instock","product_retailer_item_id":"3760364467365","product_condition":"new"},"additional_image_1":null,"additional_image_2":null,"uagb_featured_image_src":{"full":["https:\/\/www.la-jonx.ch\/wp-content\/uploads\/2025\/03\/Magnet-Ryfall-Hein-Fall-Chute-du-Rhin-Switzerland.webp",1466,1728,false],"thumbnail":["https:\/\/www.la-jonx.ch\/wp-content\/uploads\/2025\/03\/Magnet-Ryfall-Hein-Fall-Chute-du-Rhin-Switzerland-150x150.webp",150,150,true],"medium":["https:\/\/www.la-jonx.ch\/wp-content\/uploads\/2025\/03\/Magnet-Ryfall-Hein-Fall-Chute-du-Rhin-Switzerland-255x300.webp",255,300,true],"medium_large":["https:\/\/www.la-jonx.ch\/wp-content\/uploads\/2025\/03\/Magnet-Ryfall-Hein-Fall-Chute-du-Rhin-Switzerland-768x905.webp",768,905,true],"large":["https:\/\/www.la-jonx.ch\/wp-content\/uploads\/2025\/03\/Magnet-Ryfall-Hein-Fall-Chute-du-Rhin-Switzerland-869x1024.webp",869,1024,true],"1536x1536":["https:\/\/www.la-jonx.ch\/wp-content\/uploads\/2025\/03\/Magnet-Ryfall-Hein-Fall-Chute-du-Rhin-Switzerland-1303x1536.webp",1303,1536,true],"2048x2048":["https:\/\/www.la-jonx.ch\/wp-content\/uploads\/2025\/03\/Magnet-Ryfall-Hein-Fall-Chute-du-Rhin-Switzerland.webp",1466,1728,false],"woocommerce_thumbnail":["https:\/\/www.la-jonx.ch\/wp-content\/uploads\/2025\/03\/Magnet-Ryfall-Hein-Fall-Chute-du-Rhin-Switzerland-350x420.webp",350,420,true],"woocommerce_single":["https:\/\/www.la-jonx.ch\/wp-content\/uploads\/2025\/03\/Magnet-Ryfall-Hein-Fall-Chute-du-Rhin-Switzerland-510x601.webp",510,601,true],"woocommerce_gallery_thumbnail":["https:\/\/www.la-jonx.ch\/wp-content\/uploads\/2025\/03\/Magnet-Ryfall-Hein-Fall-Chute-du-Rhin-Switzerland-100x100.webp",100,100,true],"dgwt-wcas-product-suggestion":["https:\/\/www.la-jonx.ch\/wp-content\/uploads\/2025\/03\/Magnet-Ryfall-Hein-Fall-Chute-du-Rhin-Switzerland.webp",64,75,false]},"uagb_author_info":{"display_name":"L'atelier La Jonx","author_link":"https:\/\/www.la-jonx.ch\/de\/author\/"},"uagb_comment_info":0,"uagb_excerpt":"Dieser Rhyfall-Magnet ist eine originale Kreation, von Hand gezeichnet und in der Schweiz auf hochwertigem Papier gedruckt. Das Geschenk, das zum Reisen einl\u00e4dt.Die Rheinfall auf Ihrem K\u00fchlschrank. Die ganze Kraft des Rhyfall im kleinen Format.","_links":{"self":[{"href":"https:\/\/www.la-jonx.ch\/de\/wp-json\/wp\/v2\/product\/32568","targetHints":{"allow":["GET"]}}],"collection":[{"href":"https:\/\/www.la-jonx.ch\/de\/wp-json\/wp\/v2\/product"}],"about":[{"href":"https:\/\/www.la-jonx.ch\/de\/wp-json\/wp\/v2\/types\/product"}],"wp:featuredmedia":[{"embeddable":true,"href":"https:\/\/www.la-jonx.ch\/de\/wp-json\/wp\/v2\/media\/32508"}],"wp:attachment":[{"href":"https:\/\/www.la-jonx.ch\/de\/wp-json\/wp\/v2\/media?parent=32568"}],"wp:term":[{"taxonomy":"product_brand","embeddable":true,"href":"https:\/\/www.la-jonx.ch\/de\/wp-json\/wp\/v2\/product_brand?post=32568"},{"taxonomy":"product_cat","embeddable":true,"href":"https:\/\/www.la-jonx.ch\/de\/wp-json\/wp\/v2\/product_cat?post=32568"},{"taxonomy":"product_tag","embeddable":true,"href":"https:\/\/www.la-jonx.ch\/de\/wp-json\/wp\/v2\/product_tag?post=32568"}],"curies":[{"name":"wp","href":"https:\/\/api.w.org\/{rel}","templated":true}]}}