{"id":32960,"date":"2025-04-14T13:24:42","date_gmt":"2025-04-14T11:24:42","guid":{"rendered":"https:\/\/www.la-jonx.ch\/?post_type=product&#038;p=32960"},"modified":"2026-03-12T17:41:55","modified_gmt":"2026-03-12T16:41:55","slug":"postkarte-davos-copie-copie-3","status":"publish","type":"product","link":"https:\/\/www.la-jonx.ch\/de\/shop-de\/papeterie\/postkarten-a6\/postkarte-davos-copie-copie-3\/","title":{"rendered":"Postkarte &#8211; Men in Geneva"},"content":{"rendered":"<h3>Postkarte Men in Geneva \u2014 illustriertes Schweizer Souvenir<\/h3>\n<p>Schicken Sie ein St\u00fcck Schweiz per Post \u2014 oder behalten Sie es f\u00fcr sich. Diese Postkarte Men in Geneva wird in unserem Atelier in Genf von Hand illustriert und in der Schweiz auf hochwertigem Papier gedruckt.<\/p>\n<blockquote><p><em>\u00ab Die M\u00e4nner von Genf auf einer Postkarte. Ein m\u00e4nnliches Portr\u00e4t der Stadt Calvin. \u00bb<\/em><\/p><\/blockquote>\n<h3>Eigenschaften<\/h3>\n<ul>\n<li>Originalillustration \u2014 Atelier La Jonx, Genf<\/li>\n<li>Gedruckt in der Schweiz auf hochwertigem Papier<\/li>\n<li>Format A6<\/li>\n<\/ul>\n","protected":false},"excerpt":{"rendered":"<p class='product-intro'>Diese Postkarte Men in Geneva ist eine originelle Kreation, von Hand gezeichnet und in der Schweiz auf hochwertigem Papier gedruckt. Ein sinnvolles Schweizer Geschenk.<\/p>\n<p class='poesie'>Die M\u00e4nner von Genf auf einer Postkarte. Ein m\u00e4nnliches Portr\u00e4t der Stadt Calvin.<\/p>\n","protected":false},"featured_media":32972,"template":"","meta":{"_uag_custom_page_level_css":""},"product_brand":[],"product_cat":[2834],"product_tag":[2001,493,2543,2104,1482],"class_list":{"0":"post-32960","1":"product","2":"type-product","3":"status-publish","4":"has-post-thumbnail","6":"product_cat-postkarten-a6","7":"product_tag-geneva-de","8":"product_tag-genf","9":"product_tag-men-de","10":"product_tag-postkarte","11":"product_tag-wasserstrahl","12":"product_shipping_class-letter-de","14":"first","15":"instock","16":"shipping-taxable","17":"purchasable","18":"product-type-simple"},"yoast_head":"<!-- This site is optimized with the Yoast SEO Premium plugin v27.4 (Yoast SEO v27.4) - https:\/\/yoast.com\/product\/yoast-seo-premium-wordpress\/ -->\n<title>Carte Postale Men in Geneva | Originales Schweizer Souvenir<\/title>\n<meta name=\"description\" content=\"Postkarte Men in Geneva, illustriert und gedruckt in der Schweiz. Originales Schweizer Souvenir zum Versenden, Sammeln oder Verschenken. Design La Jonx.\" \/>\n<meta name=\"robots\" content=\"index, follow, max-snippet:-1, max-image-preview:large, max-video-preview:-1\" \/>\n<link rel=\"canonical\" href=\"https:\/\/www.la-jonx.ch\/de\/shop-de\/papeterie\/postkarten-a6\/postkarte-davos-copie-copie-3\/\" \/>\n<meta property=\"og:locale\" content=\"de_DE\" \/>\n<meta property=\"og:type\" content=\"article\" \/>\n<meta property=\"og:title\" content=\"Postkarte - Men in Geneva\" \/>\n<meta property=\"og:description\" content=\"Postkarte Men in Geneva, illustriert und gedruckt in der Schweiz. Originales Schweizer Souvenir zum Versenden, Sammeln oder Verschenken. Design La Jonx.\" \/>\n<meta property=\"og:url\" content=\"https:\/\/www.la-jonx.ch\/de\/shop-de\/papeterie\/postkarten-a6\/postkarte-davos-copie-copie-3\/\" \/>\n<meta property=\"og:site_name\" content=\"La Jonx\" \/>\n<meta property=\"article:publisher\" content=\"https:\/\/www.facebook.com\/lajonx.ch\" \/>\n<meta property=\"article:modified_time\" content=\"2026-03-12T16:41:55+00:00\" \/>\n<meta property=\"og:image\" content=\"https:\/\/www.la-jonx.ch\/wp-content\/uploads\/2025\/04\/Geneva-men-Mockup-Site-Web-scaled.webp\" \/>\n\t<meta property=\"og:image:width\" content=\"2177\" \/>\n\t<meta property=\"og:image:height\" content=\"2560\" \/>\n\t<meta property=\"og:image:type\" content=\"image\/webp\" \/>\n<meta name=\"twitter:card\" content=\"summary_large_image\" \/>\n<meta name=\"twitter:title\" content=\"Postkarte - Men in Geneva\" \/>\n<meta name=\"twitter:label1\" content=\"Preis\" \/>\n\t<meta name=\"twitter:data1\" content=\"&#067;&#072;&#070;&nbsp;5.0\" \/>\n\t<meta name=\"twitter:label2\" content=\"Verf\u00fcgbarkeit\" \/>\n\t<meta name=\"twitter:data2\" content=\"Auf Lager\" \/>\n<script type=\"application\/ld+json\" class=\"yoast-schema-graph\">{\"@context\":\"https:\\\/\\\/schema.org\",\"@graph\":[{\"@type\":\"WebPage\",\"@id\":\"https:\\\/\\\/www.la-jonx.ch\\\/de\\\/shop-de\\\/papeterie\\\/postkarten-a6\\\/postkarte-davos-copie-copie-3\\\/\",\"url\":\"https:\\\/\\\/www.la-jonx.ch\\\/de\\\/shop-de\\\/papeterie\\\/postkarten-a6\\\/postkarte-davos-copie-copie-3\\\/\",\"name\":\"Carte Postale Men in Geneva | Originales Schweizer Souvenir\",\"isPartOf\":{\"@id\":\"https:\\\/\\\/www.la-jonx.ch\\\/de\\\/#website\"},\"primaryImageOfPage\":{\"@id\":\"https:\\\/\\\/www.la-jonx.ch\\\/de\\\/shop-de\\\/papeterie\\\/postkarten-a6\\\/postkarte-davos-copie-copie-3\\\/#primaryimage\"},\"image\":{\"@id\":\"https:\\\/\\\/www.la-jonx.ch\\\/de\\\/shop-de\\\/papeterie\\\/postkarten-a6\\\/postkarte-davos-copie-copie-3\\\/#primaryimage\"},\"thumbnailUrl\":\"https:\\\/\\\/www.la-jonx.ch\\\/wp-content\\\/uploads\\\/2025\\\/04\\\/Geneva-men-Mockup-Site-Web-scaled.webp\",\"datePublished\":\"2025-04-14T11:24:42+00:00\",\"dateModified\":\"2026-03-12T16:41:55+00:00\",\"description\":\"Postkarte Men in Geneva, illustriert und gedruckt in der Schweiz. Originales Schweizer Souvenir zum Versenden, Sammeln oder Verschenken. Design La Jonx.\",\"breadcrumb\":{\"@id\":\"https:\\\/\\\/www.la-jonx.ch\\\/de\\\/shop-de\\\/papeterie\\\/postkarten-a6\\\/postkarte-davos-copie-copie-3\\\/#breadcrumb\"},\"inLanguage\":\"de\",\"potentialAction\":[{\"@type\":\"ReadAction\",\"target\":[\"https:\\\/\\\/www.la-jonx.ch\\\/de\\\/shop-de\\\/papeterie\\\/postkarten-a6\\\/postkarte-davos-copie-copie-3\\\/\"]}]},{\"@type\":\"ImageObject\",\"inLanguage\":\"de\",\"@id\":\"https:\\\/\\\/www.la-jonx.ch\\\/de\\\/shop-de\\\/papeterie\\\/postkarten-a6\\\/postkarte-davos-copie-copie-3\\\/#primaryimage\",\"url\":\"https:\\\/\\\/www.la-jonx.ch\\\/wp-content\\\/uploads\\\/2025\\\/04\\\/Geneva-men-Mockup-Site-Web-scaled.webp\",\"contentUrl\":\"https:\\\/\\\/www.la-jonx.ch\\\/wp-content\\\/uploads\\\/2025\\\/04\\\/Geneva-men-Mockup-Site-Web-scaled.webp\",\"width\":2177,\"height\":2560,\"caption\":\"Postkarte Postkarte - Men in Geneva gedruckt Schweiz, A6\"},{\"@type\":\"BreadcrumbList\",\"@id\":\"https:\\\/\\\/www.la-jonx.ch\\\/de\\\/shop-de\\\/papeterie\\\/postkarten-a6\\\/postkarte-davos-copie-copie-3\\\/#breadcrumb\",\"itemListElement\":[{\"@type\":\"ListItem\",\"position\":1,\"name\":\"Accueil\",\"item\":\"https:\\\/\\\/www.la-jonx.ch\\\/de\\\/\"},{\"@type\":\"ListItem\",\"position\":2,\"name\":\"Shop\",\"item\":\"https:\\\/\\\/www.la-jonx.ch\\\/shop\\\/?lang=de\"},{\"@type\":\"ListItem\",\"position\":3,\"name\":\"Papeterie\",\"item\":\"https:\\\/\\\/www.la-jonx.ch\\\/de\\\/produktkategorie\\\/papeterie\\\/\"},{\"@type\":\"ListItem\",\"position\":4,\"name\":\"Postkarten A6\",\"item\":\"https:\\\/\\\/www.la-jonx.ch\\\/de\\\/produktkategorie\\\/papeterie\\\/postkarten-a6\\\/\"},{\"@type\":\"ListItem\",\"position\":5,\"name\":\"Postkarte &#8211; Men in Geneva\"}]},{\"@type\":\"WebSite\",\"@id\":\"https:\\\/\\\/www.la-jonx.ch\\\/de\\\/#website\",\"url\":\"https:\\\/\\\/www.la-jonx.ch\\\/de\\\/\",\"name\":\"La Jonx\",\"description\":\"Schweizer Grafikwerkstatt\",\"publisher\":{\"@id\":\"https:\\\/\\\/www.la-jonx.ch\\\/de\\\/#organization\"},\"potentialAction\":[{\"@type\":\"SearchAction\",\"target\":{\"@type\":\"EntryPoint\",\"urlTemplate\":\"https:\\\/\\\/www.la-jonx.ch\\\/de\\\/?s={search_term_string}\"},\"query-input\":{\"@type\":\"PropertyValueSpecification\",\"valueRequired\":true,\"valueName\":\"search_term_string\"}}],\"inLanguage\":\"de\"},{\"@type\":\"Organization\",\"@id\":\"https:\\\/\\\/www.la-jonx.ch\\\/de\\\/#organization\",\"name\":\"La Jonx\",\"url\":\"https:\\\/\\\/www.la-jonx.ch\\\/de\\\/\",\"logo\":{\"@type\":\"ImageObject\",\"inLanguage\":\"de\",\"@id\":\"https:\\\/\\\/www.la-jonx.ch\\\/de\\\/#\\\/schema\\\/logo\\\/image\\\/\",\"url\":\"https:\\\/\\\/www.la-jonx.ch\\\/wp-content\\\/uploads\\\/2021\\\/09\\\/logo-la-jonx-atzelier-graphique.png\",\"contentUrl\":\"https:\\\/\\\/www.la-jonx.ch\\\/wp-content\\\/uploads\\\/2021\\\/09\\\/logo-la-jonx-atzelier-graphique.png\",\"width\":378,\"height\":129,\"caption\":\"La Jonx\"},\"image\":{\"@id\":\"https:\\\/\\\/www.la-jonx.ch\\\/de\\\/#\\\/schema\\\/logo\\\/image\\\/\"},\"sameAs\":[\"https:\\\/\\\/www.facebook.com\\\/lajonx.ch\",\"https:\\\/\\\/www.instagram.com\\\/lajonx.ch\\\/?hl=fr\"]}]}<\/script>\n<meta property=\"product:price:amount\" content=\"5.0\" \/>\n<meta property=\"product:price:currency\" content=\"CHF\" \/>\n<meta property=\"og:availability\" content=\"instock\" \/>\n<meta property=\"product:availability\" content=\"instock\" \/>\n<meta property=\"product:condition\" content=\"new\" \/>\n<!-- \/ Yoast SEO Premium plugin. -->","yoast_head_json":{"title":"Carte Postale Men in Geneva | Originales Schweizer Souvenir","description":"Postkarte Men in Geneva, illustriert und gedruckt in der Schweiz. Originales Schweizer Souvenir zum Versenden, Sammeln oder Verschenken. Design La Jonx.","robots":{"index":"index","follow":"follow","max-snippet":"max-snippet:-1","max-image-preview":"max-image-preview:large","max-video-preview":"max-video-preview:-1"},"canonical":"https:\/\/www.la-jonx.ch\/de\/shop-de\/papeterie\/postkarten-a6\/postkarte-davos-copie-copie-3\/","og_locale":"de_DE","og_type":"article","og_title":"Postkarte - Men in Geneva","og_description":"Postkarte Men in Geneva, illustriert und gedruckt in der Schweiz. Originales Schweizer Souvenir zum Versenden, Sammeln oder Verschenken. Design La Jonx.","og_url":"https:\/\/www.la-jonx.ch\/de\/shop-de\/papeterie\/postkarten-a6\/postkarte-davos-copie-copie-3\/","og_site_name":"La Jonx","article_publisher":"https:\/\/www.facebook.com\/lajonx.ch","article_modified_time":"2026-03-12T16:41:55+00:00","og_image":[{"width":2177,"height":2560,"url":"https:\/\/www.la-jonx.ch\/wp-content\/uploads\/2025\/04\/Geneva-men-Mockup-Site-Web-scaled.webp","type":"image\/webp"}],"twitter_card":"summary_large_image","twitter_title":"Postkarte - Men in Geneva","twitter_misc":{"Preis":"&#67;&#72;&#70;&nbsp;5.0","Verf\u00fcgbarkeit":"Auf Lager"},"schema":{"@context":"https:\/\/schema.org","@graph":[{"@type":"WebPage","@id":"https:\/\/www.la-jonx.ch\/de\/shop-de\/papeterie\/postkarten-a6\/postkarte-davos-copie-copie-3\/","url":"https:\/\/www.la-jonx.ch\/de\/shop-de\/papeterie\/postkarten-a6\/postkarte-davos-copie-copie-3\/","name":"Carte Postale Men in Geneva | Originales Schweizer Souvenir","isPartOf":{"@id":"https:\/\/www.la-jonx.ch\/de\/#website"},"primaryImageOfPage":{"@id":"https:\/\/www.la-jonx.ch\/de\/shop-de\/papeterie\/postkarten-a6\/postkarte-davos-copie-copie-3\/#primaryimage"},"image":{"@id":"https:\/\/www.la-jonx.ch\/de\/shop-de\/papeterie\/postkarten-a6\/postkarte-davos-copie-copie-3\/#primaryimage"},"thumbnailUrl":"https:\/\/www.la-jonx.ch\/wp-content\/uploads\/2025\/04\/Geneva-men-Mockup-Site-Web-scaled.webp","datePublished":"2025-04-14T11:24:42+00:00","dateModified":"2026-03-12T16:41:55+00:00","description":"Postkarte Men in Geneva, illustriert und gedruckt in der Schweiz. Originales Schweizer Souvenir zum Versenden, Sammeln oder Verschenken. Design La Jonx.","breadcrumb":{"@id":"https:\/\/www.la-jonx.ch\/de\/shop-de\/papeterie\/postkarten-a6\/postkarte-davos-copie-copie-3\/#breadcrumb"},"inLanguage":"de","potentialAction":[{"@type":"ReadAction","target":["https:\/\/www.la-jonx.ch\/de\/shop-de\/papeterie\/postkarten-a6\/postkarte-davos-copie-copie-3\/"]}]},{"@type":"ImageObject","inLanguage":"de","@id":"https:\/\/www.la-jonx.ch\/de\/shop-de\/papeterie\/postkarten-a6\/postkarte-davos-copie-copie-3\/#primaryimage","url":"https:\/\/www.la-jonx.ch\/wp-content\/uploads\/2025\/04\/Geneva-men-Mockup-Site-Web-scaled.webp","contentUrl":"https:\/\/www.la-jonx.ch\/wp-content\/uploads\/2025\/04\/Geneva-men-Mockup-Site-Web-scaled.webp","width":2177,"height":2560,"caption":"Postkarte Postkarte - Men in Geneva gedruckt Schweiz, A6"},{"@type":"BreadcrumbList","@id":"https:\/\/www.la-jonx.ch\/de\/shop-de\/papeterie\/postkarten-a6\/postkarte-davos-copie-copie-3\/#breadcrumb","itemListElement":[{"@type":"ListItem","position":1,"name":"Accueil","item":"https:\/\/www.la-jonx.ch\/de\/"},{"@type":"ListItem","position":2,"name":"Shop","item":"https:\/\/www.la-jonx.ch\/shop\/?lang=de"},{"@type":"ListItem","position":3,"name":"Papeterie","item":"https:\/\/www.la-jonx.ch\/de\/produktkategorie\/papeterie\/"},{"@type":"ListItem","position":4,"name":"Postkarten A6","item":"https:\/\/www.la-jonx.ch\/de\/produktkategorie\/papeterie\/postkarten-a6\/"},{"@type":"ListItem","position":5,"name":"Postkarte &#8211; Men in Geneva"}]},{"@type":"WebSite","@id":"https:\/\/www.la-jonx.ch\/de\/#website","url":"https:\/\/www.la-jonx.ch\/de\/","name":"La Jonx","description":"Schweizer Grafikwerkstatt","publisher":{"@id":"https:\/\/www.la-jonx.ch\/de\/#organization"},"potentialAction":[{"@type":"SearchAction","target":{"@type":"EntryPoint","urlTemplate":"https:\/\/www.la-jonx.ch\/de\/?s={search_term_string}"},"query-input":{"@type":"PropertyValueSpecification","valueRequired":true,"valueName":"search_term_string"}}],"inLanguage":"de"},{"@type":"Organization","@id":"https:\/\/www.la-jonx.ch\/de\/#organization","name":"La Jonx","url":"https:\/\/www.la-jonx.ch\/de\/","logo":{"@type":"ImageObject","inLanguage":"de","@id":"https:\/\/www.la-jonx.ch\/de\/#\/schema\/logo\/image\/","url":"https:\/\/www.la-jonx.ch\/wp-content\/uploads\/2021\/09\/logo-la-jonx-atzelier-graphique.png","contentUrl":"https:\/\/www.la-jonx.ch\/wp-content\/uploads\/2021\/09\/logo-la-jonx-atzelier-graphique.png","width":378,"height":129,"caption":"La Jonx"},"image":{"@id":"https:\/\/www.la-jonx.ch\/de\/#\/schema\/logo\/image\/"},"sameAs":["https:\/\/www.facebook.com\/lajonx.ch","https:\/\/www.instagram.com\/lajonx.ch\/?hl=fr"]}]},"product_price_amount":"5.0","product_price_currency":"CHF","og_availability":"instock","product_availability":"instock","product_condition":"new"},"additional_image_1":null,"additional_image_2":null,"uagb_featured_image_src":{"full":["https:\/\/www.la-jonx.ch\/wp-content\/uploads\/2025\/04\/Geneva-men-Mockup-Site-Web-scaled.webp",2177,2560,false],"thumbnail":["https:\/\/www.la-jonx.ch\/wp-content\/uploads\/2025\/04\/Geneva-men-Mockup-Site-Web-150x150.webp",150,150,true],"medium":["https:\/\/www.la-jonx.ch\/wp-content\/uploads\/2025\/04\/Geneva-men-Mockup-Site-Web-255x300.webp",255,300,true],"medium_large":["https:\/\/www.la-jonx.ch\/wp-content\/uploads\/2025\/04\/Geneva-men-Mockup-Site-Web-768x903.webp",768,903,true],"large":["https:\/\/www.la-jonx.ch\/wp-content\/uploads\/2025\/04\/Geneva-men-Mockup-Site-Web-871x1024.webp",871,1024,true],"1536x1536":["https:\/\/www.la-jonx.ch\/wp-content\/uploads\/2025\/04\/Geneva-men-Mockup-Site-Web-1306x1536.webp",1306,1536,true],"2048x2048":["https:\/\/www.la-jonx.ch\/wp-content\/uploads\/2025\/04\/Geneva-men-Mockup-Site-Web-1742x2048.webp",1742,2048,true],"woocommerce_thumbnail":["https:\/\/www.la-jonx.ch\/wp-content\/uploads\/2025\/04\/Geneva-men-Mockup-Site-Web-350x420.webp",350,420,true],"woocommerce_single":["https:\/\/www.la-jonx.ch\/wp-content\/uploads\/2025\/04\/Geneva-men-Mockup-Site-Web-510x600.webp",510,600,true],"woocommerce_gallery_thumbnail":["https:\/\/www.la-jonx.ch\/wp-content\/uploads\/2025\/04\/Geneva-men-Mockup-Site-Web-100x100.webp",100,100,true],"dgwt-wcas-product-suggestion":["https:\/\/www.la-jonx.ch\/wp-content\/uploads\/2025\/04\/Geneva-men-Mockup-Site-Web-scaled.webp",64,75,false]},"uagb_author_info":{"display_name":"L'atelier La Jonx","author_link":"https:\/\/www.la-jonx.ch\/de\/author\/"},"uagb_comment_info":0,"uagb_excerpt":"Diese Postkarte Men in Geneva ist eine originelle Kreation, von Hand gezeichnet und in der Schweiz auf hochwertigem Papier gedruckt. Ein sinnvolles Schweizer Geschenk.Die M\u00e4nner von Genf auf einer Postkarte. Ein m\u00e4nnliches Portr\u00e4t der Stadt Calvin.","_links":{"self":[{"href":"https:\/\/www.la-jonx.ch\/de\/wp-json\/wp\/v2\/product\/32960","targetHints":{"allow":["GET"]}}],"collection":[{"href":"https:\/\/www.la-jonx.ch\/de\/wp-json\/wp\/v2\/product"}],"about":[{"href":"https:\/\/www.la-jonx.ch\/de\/wp-json\/wp\/v2\/types\/product"}],"wp:featuredmedia":[{"embeddable":true,"href":"https:\/\/www.la-jonx.ch\/de\/wp-json\/wp\/v2\/media\/32972"}],"wp:attachment":[{"href":"https:\/\/www.la-jonx.ch\/de\/wp-json\/wp\/v2\/media?parent=32960"}],"wp:term":[{"taxonomy":"product_brand","embeddable":true,"href":"https:\/\/www.la-jonx.ch\/de\/wp-json\/wp\/v2\/product_brand?post=32960"},{"taxonomy":"product_cat","embeddable":true,"href":"https:\/\/www.la-jonx.ch\/de\/wp-json\/wp\/v2\/product_cat?post=32960"},{"taxonomy":"product_tag","embeddable":true,"href":"https:\/\/www.la-jonx.ch\/de\/wp-json\/wp\/v2\/product_tag?post=32960"}],"curies":[{"name":"wp","href":"https:\/\/api.w.org\/{rel}","templated":true}]}}