{"id":33986,"date":"2025-06-25T17:31:16","date_gmt":"2025-06-25T15:31:16","guid":{"rendered":"https:\/\/www.la-jonx.ch\/boutique\/unkategorisiert\/strandtuecher-geneva\/"},"modified":"2026-03-12T17:43:10","modified_gmt":"2026-03-12T16:43:10","slug":"strandtuecher-geneva","status":"publish","type":"product","link":"https:\/\/www.la-jonx.ch\/de\/shop-de\/lifestyle\/strandtucher\/strandtuecher-geneva\/","title":{"rendered":"Strandt\u00fccher &#8211; Geneva"},"content":{"rendered":"<h3>Strandtuch \u00ab Geneva \u00bb \u2014 Accessoire im Schweizer Design<\/h3>\n<p>Richtung See mit diesem Strandtuch \u00ab Geneva \u00bb. Gro\u00dfes Format, weiches und saugf\u00e4higes Material und vor allem ein originales Schweizer Design von La Jonx. Die Art von Accessoire, das am Strand auff\u00e4llt.<\/p>\n<blockquote><p><em>\u00ab Genf auf Ihrem Strandtuch. Ein sommerliches Accessoire, illustriert mit dem Geist der Stadt. \u00bb<\/em><\/p><\/blockquote>\n<h3>Eigenschaften<\/h3>\n<ul>\n<li>Originales Design \u2014 La Jonx, Genf<\/li>\n<li>Gro\u00dfes Format f\u00fcr Strand\/Pool<\/li>\n<li>Weiches und saugf\u00e4higes Material<\/li>\n<\/ul>\n","protected":false},"excerpt":{"rendered":"<p class='product-intro'>Dieses Strandtuch Geneva ist eine originelle Kreation, handgezeichnet in unserem Atelier in Genf. Das ideale kleine Schweizer Geschenk.<\/p>\n<p class='poesie'>Genf auf Ihrem Strandtuch. Ein sommerliches Accessoire, illustriert mit dem Geist der Stadt.<\/p>\n","protected":false},"featured_media":34039,"template":"","meta":{"_uag_custom_page_level_css":""},"product_brand":[],"product_cat":[2840],"product_tag":[],"class_list":{"0":"post-33986","1":"product","2":"type-product","3":"status-publish","4":"has-post-thumbnail","6":"product_cat-strandtucher","7":"product_shipping_class-package-de","9":"first","10":"instock","11":"shipping-taxable","12":"purchasable","13":"product-type-simple"},"yoast_head":"<!-- This site is optimized with the Yoast SEO Premium plugin v27.2 (Yoast SEO v27.3) - https:\/\/yoast.com\/product\/yoast-seo-premium-wordpress\/ -->\n<title>Linge de Plage Genf | Schweizer Design \ud83c\udde8\ud83c\udded<\/title>\n<meta name=\"description\" content=\"Strandtuch Geneva, originales Schweizer Design La Jonx. Gro\u00dfformat, weiches und saugf\u00e4higes Material. Ideales Schweizer Geschenk f\u00fcr den Sommer.\" \/>\n<meta name=\"robots\" content=\"index, follow, max-snippet:-1, max-image-preview:large, max-video-preview:-1\" \/>\n<link rel=\"canonical\" href=\"https:\/\/www.la-jonx.ch\/de\/shop-de\/lifestyle\/strandtucher\/strandtuecher-geneva\/\" \/>\n<meta property=\"og:locale\" content=\"de_DE\" \/>\n<meta property=\"og:type\" content=\"article\" \/>\n<meta property=\"og:title\" content=\"Strandt\u00fccher - Geneva\" \/>\n<meta property=\"og:description\" content=\"Strandtuch Geneva, originales Schweizer Design La Jonx. Gro\u00dfformat, weiches und saugf\u00e4higes Material. Ideales Schweizer Geschenk f\u00fcr den Sommer.\" \/>\n<meta property=\"og:url\" content=\"https:\/\/www.la-jonx.ch\/de\/shop-de\/lifestyle\/strandtucher\/strandtuecher-geneva\/\" \/>\n<meta property=\"og:site_name\" content=\"La Jonx\" \/>\n<meta property=\"article:publisher\" content=\"https:\/\/www.facebook.com\/lajonx.ch\" \/>\n<meta property=\"article:modified_time\" content=\"2026-03-12T16:43:10+00:00\" \/>\n<meta property=\"og:image\" content=\"https:\/\/www.la-jonx.ch\/wp-content\/uploads\/2025\/06\/serviette-linge-geneva-.webp\" \/>\n\t<meta property=\"og:image:width\" content=\"1466\" \/>\n\t<meta property=\"og:image:height\" content=\"1728\" \/>\n\t<meta property=\"og:image:type\" content=\"image\/webp\" \/>\n<meta name=\"twitter:card\" content=\"summary_large_image\" \/>\n<meta name=\"twitter:title\" content=\"Strandt\u00fccher - Geneva\" \/>\n<meta name=\"twitter:label1\" content=\"Preis\" \/>\n\t<meta name=\"twitter:data1\" content=\"&#067;&#072;&#070;&nbsp;40.0\" \/>\n\t<meta name=\"twitter:label2\" content=\"Verf\u00fcgbarkeit\" \/>\n\t<meta name=\"twitter:data2\" content=\"Auf Lager\" \/>\n<script type=\"application\/ld+json\" class=\"yoast-schema-graph\">{\"@context\":\"https:\\\/\\\/schema.org\",\"@graph\":[{\"@type\":\"WebPage\",\"@id\":\"https:\\\/\\\/www.la-jonx.ch\\\/de\\\/shop-de\\\/lifestyle\\\/strandtucher\\\/strandtuecher-geneva\\\/\",\"url\":\"https:\\\/\\\/www.la-jonx.ch\\\/de\\\/shop-de\\\/lifestyle\\\/strandtucher\\\/strandtuecher-geneva\\\/\",\"name\":\"Linge de Plage Genf | Schweizer Design \ud83c\udde8\ud83c\udded\",\"isPartOf\":{\"@id\":\"https:\\\/\\\/www.la-jonx.ch\\\/de\\\/#website\"},\"primaryImageOfPage\":{\"@id\":\"https:\\\/\\\/www.la-jonx.ch\\\/de\\\/shop-de\\\/lifestyle\\\/strandtucher\\\/strandtuecher-geneva\\\/#primaryimage\"},\"image\":{\"@id\":\"https:\\\/\\\/www.la-jonx.ch\\\/de\\\/shop-de\\\/lifestyle\\\/strandtucher\\\/strandtuecher-geneva\\\/#primaryimage\"},\"thumbnailUrl\":\"https:\\\/\\\/www.la-jonx.ch\\\/wp-content\\\/uploads\\\/2025\\\/06\\\/serviette-linge-geneva-.webp\",\"datePublished\":\"2025-06-25T15:31:16+00:00\",\"dateModified\":\"2026-03-12T16:43:10+00:00\",\"description\":\"Strandtuch Geneva, originales Schweizer Design La Jonx. Gro\u00dfformat, weiches und saugf\u00e4higes Material. Ideales Schweizer Geschenk f\u00fcr den Sommer.\",\"breadcrumb\":{\"@id\":\"https:\\\/\\\/www.la-jonx.ch\\\/de\\\/shop-de\\\/lifestyle\\\/strandtucher\\\/strandtuecher-geneva\\\/#breadcrumb\"},\"inLanguage\":\"de\",\"potentialAction\":[{\"@type\":\"ReadAction\",\"target\":[\"https:\\\/\\\/www.la-jonx.ch\\\/de\\\/shop-de\\\/lifestyle\\\/strandtucher\\\/strandtuecher-geneva\\\/\"]}]},{\"@type\":\"ImageObject\",\"inLanguage\":\"de\",\"@id\":\"https:\\\/\\\/www.la-jonx.ch\\\/de\\\/shop-de\\\/lifestyle\\\/strandtucher\\\/strandtuecher-geneva\\\/#primaryimage\",\"url\":\"https:\\\/\\\/www.la-jonx.ch\\\/wp-content\\\/uploads\\\/2025\\\/06\\\/serviette-linge-geneva-.webp\",\"contentUrl\":\"https:\\\/\\\/www.la-jonx.ch\\\/wp-content\\\/uploads\\\/2025\\\/06\\\/serviette-linge-geneva-.webp\",\"width\":1466,\"height\":1728},{\"@type\":\"BreadcrumbList\",\"@id\":\"https:\\\/\\\/www.la-jonx.ch\\\/de\\\/shop-de\\\/lifestyle\\\/strandtucher\\\/strandtuecher-geneva\\\/#breadcrumb\",\"itemListElement\":[{\"@type\":\"ListItem\",\"position\":1,\"name\":\"Accueil\",\"item\":\"https:\\\/\\\/www.la-jonx.ch\\\/de\\\/\"},{\"@type\":\"ListItem\",\"position\":2,\"name\":\"Shop\",\"item\":\"https:\\\/\\\/www.la-jonx.ch\\\/shop\\\/?lang=de\"},{\"@type\":\"ListItem\",\"position\":3,\"name\":\"Lifestyle\",\"item\":\"https:\\\/\\\/www.la-jonx.ch\\\/de\\\/produktkategorie\\\/lifestyle\\\/\"},{\"@type\":\"ListItem\",\"position\":4,\"name\":\"Strandt\u00fccher\",\"item\":\"https:\\\/\\\/www.la-jonx.ch\\\/de\\\/produktkategorie\\\/lifestyle\\\/strandtucher\\\/\"},{\"@type\":\"ListItem\",\"position\":5,\"name\":\"Strandt\u00fccher &#8211; Geneva\"}]},{\"@type\":\"WebSite\",\"@id\":\"https:\\\/\\\/www.la-jonx.ch\\\/de\\\/#website\",\"url\":\"https:\\\/\\\/www.la-jonx.ch\\\/de\\\/\",\"name\":\"La Jonx\",\"description\":\"Schweizer Grafikwerkstatt\",\"publisher\":{\"@id\":\"https:\\\/\\\/www.la-jonx.ch\\\/de\\\/#organization\"},\"potentialAction\":[{\"@type\":\"SearchAction\",\"target\":{\"@type\":\"EntryPoint\",\"urlTemplate\":\"https:\\\/\\\/www.la-jonx.ch\\\/de\\\/?s={search_term_string}\"},\"query-input\":{\"@type\":\"PropertyValueSpecification\",\"valueRequired\":true,\"valueName\":\"search_term_string\"}}],\"inLanguage\":\"de\"},{\"@type\":\"Organization\",\"@id\":\"https:\\\/\\\/www.la-jonx.ch\\\/de\\\/#organization\",\"name\":\"La Jonx\",\"url\":\"https:\\\/\\\/www.la-jonx.ch\\\/de\\\/\",\"logo\":{\"@type\":\"ImageObject\",\"inLanguage\":\"de\",\"@id\":\"https:\\\/\\\/www.la-jonx.ch\\\/de\\\/#\\\/schema\\\/logo\\\/image\\\/\",\"url\":\"https:\\\/\\\/www.la-jonx.ch\\\/wp-content\\\/uploads\\\/2021\\\/09\\\/logo-la-jonx-atzelier-graphique.png\",\"contentUrl\":\"https:\\\/\\\/www.la-jonx.ch\\\/wp-content\\\/uploads\\\/2021\\\/09\\\/logo-la-jonx-atzelier-graphique.png\",\"width\":378,\"height\":129,\"caption\":\"La Jonx\"},\"image\":{\"@id\":\"https:\\\/\\\/www.la-jonx.ch\\\/de\\\/#\\\/schema\\\/logo\\\/image\\\/\"},\"sameAs\":[\"https:\\\/\\\/www.facebook.com\\\/lajonx.ch\",\"https:\\\/\\\/www.instagram.com\\\/lajonx.ch\\\/?hl=fr\"]}]}<\/script>\n<meta property=\"product:price:amount\" content=\"40.0\" \/>\n<meta property=\"product:price:currency\" content=\"CHF\" \/>\n<meta property=\"og:availability\" content=\"instock\" \/>\n<meta property=\"product:availability\" content=\"instock\" \/>\n<meta property=\"product:retailer_item_id\" content=\"3760442020222\" \/>\n<meta property=\"product:condition\" content=\"new\" \/>\n<!-- \/ Yoast SEO Premium plugin. -->","yoast_head_json":{"title":"Linge de Plage Genf | Schweizer Design \ud83c\udde8\ud83c\udded","description":"Strandtuch Geneva, originales Schweizer Design La Jonx. Gro\u00dfformat, weiches und saugf\u00e4higes Material. Ideales Schweizer Geschenk f\u00fcr den Sommer.","robots":{"index":"index","follow":"follow","max-snippet":"max-snippet:-1","max-image-preview":"max-image-preview:large","max-video-preview":"max-video-preview:-1"},"canonical":"https:\/\/www.la-jonx.ch\/de\/shop-de\/lifestyle\/strandtucher\/strandtuecher-geneva\/","og_locale":"de_DE","og_type":"article","og_title":"Strandt\u00fccher - Geneva","og_description":"Strandtuch Geneva, originales Schweizer Design La Jonx. Gro\u00dfformat, weiches und saugf\u00e4higes Material. Ideales Schweizer Geschenk f\u00fcr den Sommer.","og_url":"https:\/\/www.la-jonx.ch\/de\/shop-de\/lifestyle\/strandtucher\/strandtuecher-geneva\/","og_site_name":"La Jonx","article_publisher":"https:\/\/www.facebook.com\/lajonx.ch","article_modified_time":"2026-03-12T16:43:10+00:00","og_image":[{"width":1466,"height":1728,"url":"https:\/\/www.la-jonx.ch\/wp-content\/uploads\/2025\/06\/serviette-linge-geneva-.webp","type":"image\/webp"}],"twitter_card":"summary_large_image","twitter_title":"Strandt\u00fccher - Geneva","twitter_misc":{"Preis":"&#67;&#72;&#70;&nbsp;40.0","Verf\u00fcgbarkeit":"Auf Lager"},"schema":{"@context":"https:\/\/schema.org","@graph":[{"@type":"WebPage","@id":"https:\/\/www.la-jonx.ch\/de\/shop-de\/lifestyle\/strandtucher\/strandtuecher-geneva\/","url":"https:\/\/www.la-jonx.ch\/de\/shop-de\/lifestyle\/strandtucher\/strandtuecher-geneva\/","name":"Linge de Plage Genf | Schweizer Design \ud83c\udde8\ud83c\udded","isPartOf":{"@id":"https:\/\/www.la-jonx.ch\/de\/#website"},"primaryImageOfPage":{"@id":"https:\/\/www.la-jonx.ch\/de\/shop-de\/lifestyle\/strandtucher\/strandtuecher-geneva\/#primaryimage"},"image":{"@id":"https:\/\/www.la-jonx.ch\/de\/shop-de\/lifestyle\/strandtucher\/strandtuecher-geneva\/#primaryimage"},"thumbnailUrl":"https:\/\/www.la-jonx.ch\/wp-content\/uploads\/2025\/06\/serviette-linge-geneva-.webp","datePublished":"2025-06-25T15:31:16+00:00","dateModified":"2026-03-12T16:43:10+00:00","description":"Strandtuch Geneva, originales Schweizer Design La Jonx. Gro\u00dfformat, weiches und saugf\u00e4higes Material. Ideales Schweizer Geschenk f\u00fcr den Sommer.","breadcrumb":{"@id":"https:\/\/www.la-jonx.ch\/de\/shop-de\/lifestyle\/strandtucher\/strandtuecher-geneva\/#breadcrumb"},"inLanguage":"de","potentialAction":[{"@type":"ReadAction","target":["https:\/\/www.la-jonx.ch\/de\/shop-de\/lifestyle\/strandtucher\/strandtuecher-geneva\/"]}]},{"@type":"ImageObject","inLanguage":"de","@id":"https:\/\/www.la-jonx.ch\/de\/shop-de\/lifestyle\/strandtucher\/strandtuecher-geneva\/#primaryimage","url":"https:\/\/www.la-jonx.ch\/wp-content\/uploads\/2025\/06\/serviette-linge-geneva-.webp","contentUrl":"https:\/\/www.la-jonx.ch\/wp-content\/uploads\/2025\/06\/serviette-linge-geneva-.webp","width":1466,"height":1728},{"@type":"BreadcrumbList","@id":"https:\/\/www.la-jonx.ch\/de\/shop-de\/lifestyle\/strandtucher\/strandtuecher-geneva\/#breadcrumb","itemListElement":[{"@type":"ListItem","position":1,"name":"Accueil","item":"https:\/\/www.la-jonx.ch\/de\/"},{"@type":"ListItem","position":2,"name":"Shop","item":"https:\/\/www.la-jonx.ch\/shop\/?lang=de"},{"@type":"ListItem","position":3,"name":"Lifestyle","item":"https:\/\/www.la-jonx.ch\/de\/produktkategorie\/lifestyle\/"},{"@type":"ListItem","position":4,"name":"Strandt\u00fccher","item":"https:\/\/www.la-jonx.ch\/de\/produktkategorie\/lifestyle\/strandtucher\/"},{"@type":"ListItem","position":5,"name":"Strandt\u00fccher &#8211; Geneva"}]},{"@type":"WebSite","@id":"https:\/\/www.la-jonx.ch\/de\/#website","url":"https:\/\/www.la-jonx.ch\/de\/","name":"La Jonx","description":"Schweizer Grafikwerkstatt","publisher":{"@id":"https:\/\/www.la-jonx.ch\/de\/#organization"},"potentialAction":[{"@type":"SearchAction","target":{"@type":"EntryPoint","urlTemplate":"https:\/\/www.la-jonx.ch\/de\/?s={search_term_string}"},"query-input":{"@type":"PropertyValueSpecification","valueRequired":true,"valueName":"search_term_string"}}],"inLanguage":"de"},{"@type":"Organization","@id":"https:\/\/www.la-jonx.ch\/de\/#organization","name":"La Jonx","url":"https:\/\/www.la-jonx.ch\/de\/","logo":{"@type":"ImageObject","inLanguage":"de","@id":"https:\/\/www.la-jonx.ch\/de\/#\/schema\/logo\/image\/","url":"https:\/\/www.la-jonx.ch\/wp-content\/uploads\/2021\/09\/logo-la-jonx-atzelier-graphique.png","contentUrl":"https:\/\/www.la-jonx.ch\/wp-content\/uploads\/2021\/09\/logo-la-jonx-atzelier-graphique.png","width":378,"height":129,"caption":"La Jonx"},"image":{"@id":"https:\/\/www.la-jonx.ch\/de\/#\/schema\/logo\/image\/"},"sameAs":["https:\/\/www.facebook.com\/lajonx.ch","https:\/\/www.instagram.com\/lajonx.ch\/?hl=fr"]}]},"product_price_amount":"40.0","product_price_currency":"CHF","og_availability":"instock","product_availability":"instock","product_retailer_item_id":"3760442020222","product_condition":"new"},"additional_image_1":"https:\/\/www.la-jonx.ch\/wp-content\/uploads\/2025\/06\/Linge-Geneva-recto.webp","additional_image_2":"https:\/\/www.la-jonx.ch\/wp-content\/uploads\/2025\/06\/leman-linge-closup-2.webp","uagb_featured_image_src":{"full":["https:\/\/www.la-jonx.ch\/wp-content\/uploads\/2025\/06\/serviette-linge-geneva-.webp",1466,1728,false],"thumbnail":["https:\/\/www.la-jonx.ch\/wp-content\/uploads\/2025\/06\/serviette-linge-geneva--150x150.webp",150,150,true],"medium":["https:\/\/www.la-jonx.ch\/wp-content\/uploads\/2025\/06\/serviette-linge-geneva--255x300.webp",255,300,true],"medium_large":["https:\/\/www.la-jonx.ch\/wp-content\/uploads\/2025\/06\/serviette-linge-geneva--768x905.webp",768,905,true],"large":["https:\/\/www.la-jonx.ch\/wp-content\/uploads\/2025\/06\/serviette-linge-geneva--869x1024.webp",869,1024,true],"1536x1536":["https:\/\/www.la-jonx.ch\/wp-content\/uploads\/2025\/06\/serviette-linge-geneva--1303x1536.webp",1303,1536,true],"2048x2048":["https:\/\/www.la-jonx.ch\/wp-content\/uploads\/2025\/06\/serviette-linge-geneva-.webp",1466,1728,false],"woocommerce_thumbnail":["https:\/\/www.la-jonx.ch\/wp-content\/uploads\/2025\/06\/serviette-linge-geneva--350x420.webp",350,420,true],"woocommerce_single":["https:\/\/www.la-jonx.ch\/wp-content\/uploads\/2025\/06\/serviette-linge-geneva--510x601.webp",510,601,true],"woocommerce_gallery_thumbnail":["https:\/\/www.la-jonx.ch\/wp-content\/uploads\/2025\/06\/serviette-linge-geneva--100x100.webp",100,100,true],"dgwt-wcas-product-suggestion":["https:\/\/www.la-jonx.ch\/wp-content\/uploads\/2025\/06\/serviette-linge-geneva-.webp",64,75,false]},"uagb_author_info":{"display_name":"L'atelier La Jonx","author_link":"https:\/\/www.la-jonx.ch\/de\/author\/"},"uagb_comment_info":0,"uagb_excerpt":"Dieses Strandtuch Geneva ist eine originelle Kreation, handgezeichnet in unserem Atelier in Genf. Das ideale kleine Schweizer Geschenk.Genf auf Ihrem Strandtuch. Ein sommerliches Accessoire, illustriert mit dem Geist der Stadt.","_links":{"self":[{"href":"https:\/\/www.la-jonx.ch\/de\/wp-json\/wp\/v2\/product\/33986","targetHints":{"allow":["GET"]}}],"collection":[{"href":"https:\/\/www.la-jonx.ch\/de\/wp-json\/wp\/v2\/product"}],"about":[{"href":"https:\/\/www.la-jonx.ch\/de\/wp-json\/wp\/v2\/types\/product"}],"wp:featuredmedia":[{"embeddable":true,"href":"https:\/\/www.la-jonx.ch\/de\/wp-json\/wp\/v2\/media\/34039"}],"wp:attachment":[{"href":"https:\/\/www.la-jonx.ch\/de\/wp-json\/wp\/v2\/media?parent=33986"}],"wp:term":[{"taxonomy":"product_brand","embeddable":true,"href":"https:\/\/www.la-jonx.ch\/de\/wp-json\/wp\/v2\/product_brand?post=33986"},{"taxonomy":"product_cat","embeddable":true,"href":"https:\/\/www.la-jonx.ch\/de\/wp-json\/wp\/v2\/product_cat?post=33986"},{"taxonomy":"product_tag","embeddable":true,"href":"https:\/\/www.la-jonx.ch\/de\/wp-json\/wp\/v2\/product_tag?post=33986"}],"curies":[{"name":"wp","href":"https:\/\/api.w.org\/{rel}","templated":true}]}}