{"id":3896,"date":"2021-11-25T22:31:41","date_gmt":"2021-11-25T21:31:41","guid":{"rendered":"https:\/\/www.la-jonx.ch\/boutique\/unkategorisiert\/matterhorn-grusskarte\/"},"modified":"2026-03-12T17:34:00","modified_gmt":"2026-03-12T16:34:00","slug":"matterhorn-karte-3d","status":"publish","type":"product","link":"https:\/\/www.la-jonx.ch\/de\/shop-de\/papeterie\/3d-gruskarten\/matterhorn-karte-3d\/","title":{"rendered":"Matterhorn &#8211; Gru\u00dfkarte"},"content":{"rendered":"<h3>3D-Postkarte \u2013 Matterhorn<\/h3>\n<p>Die 3D-Postkarte \u2013 Matterhorn erz\u00e4hlt von einem Moment, einem Ort, einem Licht. Blaue und t\u00fcrkisfarbene T\u00f6ne, eine winterliche Atmosph\u00e4re \u2013 die Art von Szene, bei der man sich w\u00fcnscht, sich dorthin teleportieren zu k\u00f6nnen.<\/p>\n<p>In der Schweiz auf halbmattem 180g-Papier mit PEFC\/FSC-Zertifizierung gedruckt, ist sie ein originelles Schweizer Geschenk oder ein sch\u00f6nes Dekorationselement f\u00fcr Ihr Wohnzimmer, Schlafzimmer oder B\u00fcro.<\/p>\n<blockquote><p><em>\u00ab Unver\u00e4nderlich verk\u00f6rpert das Matterhorn die Stabilit\u00e4t, die wir brauchen, um unsere Projekte zu verwirklichen \u2013 selbst die verr\u00fccktesten. \u00bb<\/em><\/p><\/blockquote>\n<h3>Eigenschaften<\/h3>\n<ul>\n<li>Original handgezeichnete Illustration \u2013 Atelier La Jonx, Genf<\/li>\n<li>Standardformate f\u00fcr einfaches Einrahmen<\/li>\n<li>Geliefert in stabiler Umschlagverpackung (30\u00d740) oder in einer Schutzh\u00fclse (gro\u00dfe Formate)<\/li>\n<\/ul>\n","protected":false},"excerpt":{"rendered":"<p class='product-intro'>Dieses 3D-Postkartenplakat &#8211; Matterhorn ist eine originelle Kreation, von Hand gezeichnet und in der Schweiz auf hochwertigem Papier gedruckt. Ein originelles und poetisches Geschenk.<\/p>\n<p class='poesie'>Unver\u00e4nderlich verk\u00f6rpert das Matterhorn die notwendige Stabilit\u00e4t, um unsere Projekte, selbst die verr\u00fccktesten, erfolgreich zu verwirklichen.<\/p>\n<br\/>\n","protected":false},"featured_media":3892,"template":"","meta":{"_uag_custom_page_level_css":""},"product_brand":[],"product_cat":[2815],"product_tag":[],"class_list":{"0":"post-3896","1":"product","2":"type-product","3":"status-publish","4":"has-post-thumbnail","6":"product_cat-3d-gruskarten","7":"product_shipping_class-letter-de","9":"first","10":"instock","11":"shipping-taxable","12":"purchasable","13":"product-type-simple"},"yoast_head":"<!-- This site is optimized with the Yoast SEO Premium plugin v27.4 (Yoast SEO v27.4) - https:\/\/yoast.com\/product\/yoast-seo-premium-wordpress\/ -->\n<title>Plakat von Postkarte 3D - Matterhorn | Poster Schweiz<\/title>\n<meta name=\"description\" content=\"3D-Postkartenplakat - Matterhorn \u2014 handgefertigtes Schweizer Poster, in der Schweiz gedruckt. Das originelle Schweizer Geschenk, um Ihr Zuhause stilvoll zu dekorieren.\" \/>\n<meta name=\"robots\" content=\"index, follow, max-snippet:-1, max-image-preview:large, max-video-preview:-1\" \/>\n<link rel=\"canonical\" href=\"https:\/\/www.la-jonx.ch\/de\/shop-de\/papeterie\/3d-gruskarten\/matterhorn-karte-3d\/\" \/>\n<meta property=\"og:locale\" content=\"de_DE\" \/>\n<meta property=\"og:type\" content=\"article\" \/>\n<meta property=\"og:title\" content=\"Matterhorn - Gru\u00dfkarte\" \/>\n<meta property=\"og:description\" content=\"3D-Postkartenplakat - Matterhorn \u2014 handgefertigtes Schweizer Poster, in der Schweiz gedruckt. Das originelle Schweizer Geschenk, um Ihr Zuhause stilvoll zu dekorieren.\" \/>\n<meta property=\"og:url\" content=\"https:\/\/www.la-jonx.ch\/de\/shop-de\/papeterie\/3d-gruskarten\/matterhorn-karte-3d\/\" \/>\n<meta property=\"og:site_name\" content=\"La Jonx\" \/>\n<meta property=\"article:publisher\" content=\"https:\/\/www.facebook.com\/lajonx.ch\" \/>\n<meta property=\"article:modified_time\" content=\"2026-03-12T16:34:00+00:00\" \/>\n<meta property=\"og:image\" content=\"https:\/\/www.la-jonx.ch\/wp-content\/uploads\/2021\/11\/Cervin-carte-ouverte-2.jpg\" \/>\n\t<meta property=\"og:image:width\" content=\"1466\" \/>\n\t<meta property=\"og:image:height\" content=\"1728\" \/>\n\t<meta property=\"og:image:type\" content=\"image\/jpeg\" \/>\n<meta name=\"twitter:card\" content=\"summary_large_image\" \/>\n<meta name=\"twitter:label1\" content=\"Preis\" \/>\n\t<meta name=\"twitter:data1\" content=\"&#067;&#072;&#070;&nbsp;11.0\" \/>\n\t<meta name=\"twitter:label2\" content=\"Verf\u00fcgbarkeit\" \/>\n\t<meta name=\"twitter:data2\" content=\"Auf Lager\" \/>\n<script type=\"application\/ld+json\" class=\"yoast-schema-graph\">{\"@context\":\"https:\\\/\\\/schema.org\",\"@graph\":[{\"@type\":\"WebPage\",\"@id\":\"https:\\\/\\\/www.la-jonx.ch\\\/de\\\/shop-de\\\/papeterie\\\/3d-gruskarten\\\/matterhorn-karte-3d\\\/\",\"url\":\"https:\\\/\\\/www.la-jonx.ch\\\/de\\\/shop-de\\\/papeterie\\\/3d-gruskarten\\\/matterhorn-karte-3d\\\/\",\"name\":\"Plakat von Postkarte 3D - Matterhorn | Poster Schweiz\",\"isPartOf\":{\"@id\":\"https:\\\/\\\/www.la-jonx.ch\\\/de\\\/#website\"},\"primaryImageOfPage\":{\"@id\":\"https:\\\/\\\/www.la-jonx.ch\\\/de\\\/shop-de\\\/papeterie\\\/3d-gruskarten\\\/matterhorn-karte-3d\\\/#primaryimage\"},\"image\":{\"@id\":\"https:\\\/\\\/www.la-jonx.ch\\\/de\\\/shop-de\\\/papeterie\\\/3d-gruskarten\\\/matterhorn-karte-3d\\\/#primaryimage\"},\"thumbnailUrl\":\"https:\\\/\\\/www.la-jonx.ch\\\/wp-content\\\/uploads\\\/2021\\\/11\\\/Cervin-carte-ouverte-2.jpg\",\"datePublished\":\"2021-11-25T21:31:41+00:00\",\"dateModified\":\"2026-03-12T16:34:00+00:00\",\"description\":\"3D-Postkartenplakat - Matterhorn \u2014 handgefertigtes Schweizer Poster, in der Schweiz gedruckt. Das originelle Schweizer Geschenk, um Ihr Zuhause stilvoll zu dekorieren.\",\"breadcrumb\":{\"@id\":\"https:\\\/\\\/www.la-jonx.ch\\\/de\\\/shop-de\\\/papeterie\\\/3d-gruskarten\\\/matterhorn-karte-3d\\\/#breadcrumb\"},\"inLanguage\":\"de\",\"potentialAction\":[{\"@type\":\"ReadAction\",\"target\":[\"https:\\\/\\\/www.la-jonx.ch\\\/de\\\/shop-de\\\/papeterie\\\/3d-gruskarten\\\/matterhorn-karte-3d\\\/\"]}]},{\"@type\":\"ImageObject\",\"inLanguage\":\"de\",\"@id\":\"https:\\\/\\\/www.la-jonx.ch\\\/de\\\/shop-de\\\/papeterie\\\/3d-gruskarten\\\/matterhorn-karte-3d\\\/#primaryimage\",\"url\":\"https:\\\/\\\/www.la-jonx.ch\\\/wp-content\\\/uploads\\\/2021\\\/11\\\/Cervin-carte-ouverte-2.jpg\",\"contentUrl\":\"https:\\\/\\\/www.la-jonx.ch\\\/wp-content\\\/uploads\\\/2021\\\/11\\\/Cervin-carte-ouverte-2.jpg\",\"width\":1466,\"height\":1728,\"caption\":\"Cervin-carte-ouverte-2\"},{\"@type\":\"BreadcrumbList\",\"@id\":\"https:\\\/\\\/www.la-jonx.ch\\\/de\\\/shop-de\\\/papeterie\\\/3d-gruskarten\\\/matterhorn-karte-3d\\\/#breadcrumb\",\"itemListElement\":[{\"@type\":\"ListItem\",\"position\":1,\"name\":\"Accueil\",\"item\":\"https:\\\/\\\/www.la-jonx.ch\\\/de\\\/\"},{\"@type\":\"ListItem\",\"position\":2,\"name\":\"Shop\",\"item\":\"https:\\\/\\\/www.la-jonx.ch\\\/shop\\\/?lang=de\"},{\"@type\":\"ListItem\",\"position\":3,\"name\":\"Papeterie\",\"item\":\"https:\\\/\\\/www.la-jonx.ch\\\/de\\\/produktkategorie\\\/papeterie\\\/\"},{\"@type\":\"ListItem\",\"position\":4,\"name\":\"3D-Gru\u00dfkarten\",\"item\":\"https:\\\/\\\/www.la-jonx.ch\\\/de\\\/produktkategorie\\\/papeterie\\\/3d-gruskarten\\\/\"},{\"@type\":\"ListItem\",\"position\":5,\"name\":\"Matterhorn &#8211; Gru\u00dfkarte\"}]},{\"@type\":\"WebSite\",\"@id\":\"https:\\\/\\\/www.la-jonx.ch\\\/de\\\/#website\",\"url\":\"https:\\\/\\\/www.la-jonx.ch\\\/de\\\/\",\"name\":\"La Jonx\",\"description\":\"Schweizer Grafikwerkstatt\",\"publisher\":{\"@id\":\"https:\\\/\\\/www.la-jonx.ch\\\/de\\\/#organization\"},\"potentialAction\":[{\"@type\":\"SearchAction\",\"target\":{\"@type\":\"EntryPoint\",\"urlTemplate\":\"https:\\\/\\\/www.la-jonx.ch\\\/de\\\/?s={search_term_string}\"},\"query-input\":{\"@type\":\"PropertyValueSpecification\",\"valueRequired\":true,\"valueName\":\"search_term_string\"}}],\"inLanguage\":\"de\"},{\"@type\":\"Organization\",\"@id\":\"https:\\\/\\\/www.la-jonx.ch\\\/de\\\/#organization\",\"name\":\"La Jonx\",\"url\":\"https:\\\/\\\/www.la-jonx.ch\\\/de\\\/\",\"logo\":{\"@type\":\"ImageObject\",\"inLanguage\":\"de\",\"@id\":\"https:\\\/\\\/www.la-jonx.ch\\\/de\\\/#\\\/schema\\\/logo\\\/image\\\/\",\"url\":\"https:\\\/\\\/www.la-jonx.ch\\\/wp-content\\\/uploads\\\/2021\\\/09\\\/logo-la-jonx-atzelier-graphique.png\",\"contentUrl\":\"https:\\\/\\\/www.la-jonx.ch\\\/wp-content\\\/uploads\\\/2021\\\/09\\\/logo-la-jonx-atzelier-graphique.png\",\"width\":378,\"height\":129,\"caption\":\"La Jonx\"},\"image\":{\"@id\":\"https:\\\/\\\/www.la-jonx.ch\\\/de\\\/#\\\/schema\\\/logo\\\/image\\\/\"},\"sameAs\":[\"https:\\\/\\\/www.facebook.com\\\/lajonx.ch\",\"https:\\\/\\\/www.instagram.com\\\/lajonx.ch\\\/?hl=fr\"]}]}<\/script>\n<meta property=\"product:price:amount\" content=\"11.0\" \/>\n<meta property=\"product:price:currency\" content=\"CHF\" \/>\n<meta property=\"og:availability\" content=\"instock\" \/>\n<meta property=\"product:availability\" content=\"instock\" \/>\n<meta property=\"product:condition\" content=\"new\" \/>\n<!-- \/ Yoast SEO Premium plugin. -->","yoast_head_json":{"title":"Plakat von Postkarte 3D - Matterhorn | Poster Schweiz","description":"3D-Postkartenplakat - Matterhorn \u2014 handgefertigtes Schweizer Poster, in der Schweiz gedruckt. Das originelle Schweizer Geschenk, um Ihr Zuhause stilvoll zu dekorieren.","robots":{"index":"index","follow":"follow","max-snippet":"max-snippet:-1","max-image-preview":"max-image-preview:large","max-video-preview":"max-video-preview:-1"},"canonical":"https:\/\/www.la-jonx.ch\/de\/shop-de\/papeterie\/3d-gruskarten\/matterhorn-karte-3d\/","og_locale":"de_DE","og_type":"article","og_title":"Matterhorn - Gru\u00dfkarte","og_description":"3D-Postkartenplakat - Matterhorn \u2014 handgefertigtes Schweizer Poster, in der Schweiz gedruckt. Das originelle Schweizer Geschenk, um Ihr Zuhause stilvoll zu dekorieren.","og_url":"https:\/\/www.la-jonx.ch\/de\/shop-de\/papeterie\/3d-gruskarten\/matterhorn-karte-3d\/","og_site_name":"La Jonx","article_publisher":"https:\/\/www.facebook.com\/lajonx.ch","article_modified_time":"2026-03-12T16:34:00+00:00","og_image":[{"width":1466,"height":1728,"url":"https:\/\/www.la-jonx.ch\/wp-content\/uploads\/2021\/11\/Cervin-carte-ouverte-2.jpg","type":"image\/jpeg"}],"twitter_card":"summary_large_image","twitter_misc":{"Preis":"&#67;&#72;&#70;&nbsp;11.0","Verf\u00fcgbarkeit":"Auf Lager"},"schema":{"@context":"https:\/\/schema.org","@graph":[{"@type":"WebPage","@id":"https:\/\/www.la-jonx.ch\/de\/shop-de\/papeterie\/3d-gruskarten\/matterhorn-karte-3d\/","url":"https:\/\/www.la-jonx.ch\/de\/shop-de\/papeterie\/3d-gruskarten\/matterhorn-karte-3d\/","name":"Plakat von Postkarte 3D - Matterhorn | Poster Schweiz","isPartOf":{"@id":"https:\/\/www.la-jonx.ch\/de\/#website"},"primaryImageOfPage":{"@id":"https:\/\/www.la-jonx.ch\/de\/shop-de\/papeterie\/3d-gruskarten\/matterhorn-karte-3d\/#primaryimage"},"image":{"@id":"https:\/\/www.la-jonx.ch\/de\/shop-de\/papeterie\/3d-gruskarten\/matterhorn-karte-3d\/#primaryimage"},"thumbnailUrl":"https:\/\/www.la-jonx.ch\/wp-content\/uploads\/2021\/11\/Cervin-carte-ouverte-2.jpg","datePublished":"2021-11-25T21:31:41+00:00","dateModified":"2026-03-12T16:34:00+00:00","description":"3D-Postkartenplakat - Matterhorn \u2014 handgefertigtes Schweizer Poster, in der Schweiz gedruckt. Das originelle Schweizer Geschenk, um Ihr Zuhause stilvoll zu dekorieren.","breadcrumb":{"@id":"https:\/\/www.la-jonx.ch\/de\/shop-de\/papeterie\/3d-gruskarten\/matterhorn-karte-3d\/#breadcrumb"},"inLanguage":"de","potentialAction":[{"@type":"ReadAction","target":["https:\/\/www.la-jonx.ch\/de\/shop-de\/papeterie\/3d-gruskarten\/matterhorn-karte-3d\/"]}]},{"@type":"ImageObject","inLanguage":"de","@id":"https:\/\/www.la-jonx.ch\/de\/shop-de\/papeterie\/3d-gruskarten\/matterhorn-karte-3d\/#primaryimage","url":"https:\/\/www.la-jonx.ch\/wp-content\/uploads\/2021\/11\/Cervin-carte-ouverte-2.jpg","contentUrl":"https:\/\/www.la-jonx.ch\/wp-content\/uploads\/2021\/11\/Cervin-carte-ouverte-2.jpg","width":1466,"height":1728,"caption":"Cervin-carte-ouverte-2"},{"@type":"BreadcrumbList","@id":"https:\/\/www.la-jonx.ch\/de\/shop-de\/papeterie\/3d-gruskarten\/matterhorn-karte-3d\/#breadcrumb","itemListElement":[{"@type":"ListItem","position":1,"name":"Accueil","item":"https:\/\/www.la-jonx.ch\/de\/"},{"@type":"ListItem","position":2,"name":"Shop","item":"https:\/\/www.la-jonx.ch\/shop\/?lang=de"},{"@type":"ListItem","position":3,"name":"Papeterie","item":"https:\/\/www.la-jonx.ch\/de\/produktkategorie\/papeterie\/"},{"@type":"ListItem","position":4,"name":"3D-Gru\u00dfkarten","item":"https:\/\/www.la-jonx.ch\/de\/produktkategorie\/papeterie\/3d-gruskarten\/"},{"@type":"ListItem","position":5,"name":"Matterhorn &#8211; Gru\u00dfkarte"}]},{"@type":"WebSite","@id":"https:\/\/www.la-jonx.ch\/de\/#website","url":"https:\/\/www.la-jonx.ch\/de\/","name":"La Jonx","description":"Schweizer Grafikwerkstatt","publisher":{"@id":"https:\/\/www.la-jonx.ch\/de\/#organization"},"potentialAction":[{"@type":"SearchAction","target":{"@type":"EntryPoint","urlTemplate":"https:\/\/www.la-jonx.ch\/de\/?s={search_term_string}"},"query-input":{"@type":"PropertyValueSpecification","valueRequired":true,"valueName":"search_term_string"}}],"inLanguage":"de"},{"@type":"Organization","@id":"https:\/\/www.la-jonx.ch\/de\/#organization","name":"La Jonx","url":"https:\/\/www.la-jonx.ch\/de\/","logo":{"@type":"ImageObject","inLanguage":"de","@id":"https:\/\/www.la-jonx.ch\/de\/#\/schema\/logo\/image\/","url":"https:\/\/www.la-jonx.ch\/wp-content\/uploads\/2021\/09\/logo-la-jonx-atzelier-graphique.png","contentUrl":"https:\/\/www.la-jonx.ch\/wp-content\/uploads\/2021\/09\/logo-la-jonx-atzelier-graphique.png","width":378,"height":129,"caption":"La Jonx"},"image":{"@id":"https:\/\/www.la-jonx.ch\/de\/#\/schema\/logo\/image\/"},"sameAs":["https:\/\/www.facebook.com\/lajonx.ch","https:\/\/www.instagram.com\/lajonx.ch\/?hl=fr"]}]},"product_price_amount":"11.0","product_price_currency":"CHF","og_availability":"instock","product_availability":"instock","product_condition":"new"},"additional_image_1":"https:\/\/www.la-jonx.ch\/wp-content\/uploads\/2021\/11\/Cervin-carte-ouverte.jpg","additional_image_2":null,"uagb_featured_image_src":{"full":["https:\/\/www.la-jonx.ch\/wp-content\/uploads\/2021\/11\/Cervin-carte-ouverte-2.jpg",1466,1728,false],"thumbnail":["https:\/\/www.la-jonx.ch\/wp-content\/uploads\/2021\/11\/Cervin-carte-ouverte-2-150x150.jpg",150,150,true],"medium":["https:\/\/www.la-jonx.ch\/wp-content\/uploads\/2021\/11\/Cervin-carte-ouverte-2-255x300.jpg",255,300,true],"medium_large":["https:\/\/www.la-jonx.ch\/wp-content\/uploads\/2021\/11\/Cervin-carte-ouverte-2-768x905.jpg",768,905,true],"large":["https:\/\/www.la-jonx.ch\/wp-content\/uploads\/2021\/11\/Cervin-carte-ouverte-2-869x1024.jpg",869,1024,true],"1536x1536":["https:\/\/www.la-jonx.ch\/wp-content\/uploads\/2021\/11\/Cervin-carte-ouverte-2-1303x1536.jpg",1303,1536,true],"2048x2048":["https:\/\/www.la-jonx.ch\/wp-content\/uploads\/2021\/11\/Cervin-carte-ouverte-2.jpg",1466,1728,false],"woocommerce_thumbnail":["https:\/\/www.la-jonx.ch\/wp-content\/uploads\/2021\/11\/Cervin-carte-ouverte-2-350x420.jpg",350,420,true],"woocommerce_single":["https:\/\/www.la-jonx.ch\/wp-content\/uploads\/2021\/11\/Cervin-carte-ouverte-2-510x601.jpg",510,601,true],"woocommerce_gallery_thumbnail":["https:\/\/www.la-jonx.ch\/wp-content\/uploads\/2021\/11\/Cervin-carte-ouverte-2-100x100.jpg",100,100,true],"dgwt-wcas-product-suggestion":["https:\/\/www.la-jonx.ch\/wp-content\/uploads\/2021\/11\/Cervin-carte-ouverte-2.jpg",64,75,false]},"uagb_author_info":{"display_name":"L'atelier La Jonx","author_link":"https:\/\/www.la-jonx.ch\/de\/author\/"},"uagb_comment_info":0,"uagb_excerpt":"Dieses 3D-Postkartenplakat - Matterhorn ist eine originelle Kreation, von Hand gezeichnet und in der Schweiz auf hochwertigem Papier gedruckt. Ein originelles und poetisches Geschenk.Unver\u00e4nderlich verk\u00f6rpert das Matterhorn die notwendige Stabilit\u00e4t, um unsere Projekte, selbst die verr\u00fccktesten, erfolgreich zu verwirklichen.[block id='affiches-short-description-addon']","_links":{"self":[{"href":"https:\/\/www.la-jonx.ch\/de\/wp-json\/wp\/v2\/product\/3896","targetHints":{"allow":["GET"]}}],"collection":[{"href":"https:\/\/www.la-jonx.ch\/de\/wp-json\/wp\/v2\/product"}],"about":[{"href":"https:\/\/www.la-jonx.ch\/de\/wp-json\/wp\/v2\/types\/product"}],"wp:featuredmedia":[{"embeddable":true,"href":"https:\/\/www.la-jonx.ch\/de\/wp-json\/wp\/v2\/media\/3892"}],"wp:attachment":[{"href":"https:\/\/www.la-jonx.ch\/de\/wp-json\/wp\/v2\/media?parent=3896"}],"wp:term":[{"taxonomy":"product_brand","embeddable":true,"href":"https:\/\/www.la-jonx.ch\/de\/wp-json\/wp\/v2\/product_brand?post=3896"},{"taxonomy":"product_cat","embeddable":true,"href":"https:\/\/www.la-jonx.ch\/de\/wp-json\/wp\/v2\/product_cat?post=3896"},{"taxonomy":"product_tag","embeddable":true,"href":"https:\/\/www.la-jonx.ch\/de\/wp-json\/wp\/v2\/product_tag?post=3896"}],"curies":[{"name":"wp","href":"https:\/\/api.w.org\/{rel}","templated":true}]}}