{"id":40083,"date":"2025-08-29T15:49:45","date_gmt":"2025-08-29T13:49:45","guid":{"rendered":"https:\/\/www.la-jonx.ch\/?post_type=product&#038;p=40083"},"modified":"2026-03-12T17:44:09","modified_gmt":"2026-03-12T16:44:09","slug":"tote-bag-born-to-ski-the-alps-copie-copie","status":"publish","type":"product","link":"https:\/\/www.la-jonx.ch\/de\/shop-de\/lifestyle\/tote-bags\/tote-bag-born-to-ski-the-alps-copie-copie\/","title":{"rendered":"Tote Bag Poesie"},"content":{"rendered":"<h3>Stoffbeutel &#8222;Poetry&#8220; \u2014 organic cotton, Swiss design<\/h3>\n<p>A Stoffbeutel with character. &#8222;Poetry&#8220; in organic cotton \u2014 light, durable, and beautiful enough to never use a plastic bag again. Original design La Jonx.<\/p>\n<blockquote><p><em>&#8222;The poetry of P\u00e2quis on a tote bag. To carry your belongings \u2014 and a little dream.&#8220;<\/em><\/p><\/blockquote>\n<h3>Eigenschaften<\/h3>\n<ul>\n<li>Original design \u2014 La Jonx, Geneva<\/li>\n<li>GOTS certified organic cotton<\/li>\n<li>Durable and practical for everyday use<\/li>\n<\/ul>\n","protected":false},"excerpt":{"rendered":"<p class='product-intro'>Diese Po\u00e9sie-Tasche ist eine Originalkreation, handgezeichnet in unserem Atelier in Genf. Das Geschenk, das ein L\u00e4cheln zaubert.<\/p>\n<p class='poesie'>Die Poesie der P\u00e2quis auf einer Tragetasche. Um Ihre Sachen zu transportieren \u2014 und ein bisschen Tr\u00e4umen.<\/p>\n","protected":false},"featured_media":40080,"template":"","meta":{"_uag_custom_page_level_css":""},"product_brand":[],"product_cat":[2833],"product_tag":[2001,493,971,1655,1698,1971],"class_list":{"0":"post-40083","1":"product","2":"type-product","3":"status-publish","4":"has-post-thumbnail","6":"product_cat-tote-bags","7":"product_tag-geneva-de","8":"product_tag-genf","9":"product_tag-paquis-de","10":"product_tag-plongeon-de","11":"product_tag-poesie-de","12":"product_tag-totebag-de","14":"first","15":"instock","16":"shipping-taxable","17":"purchasable","18":"product-type-simple"},"yoast_head":"<!-- This site is optimized with the Yoast SEO Premium plugin v27.2 (Yoast SEO v27.3) - https:\/\/yoast.com\/product\/yoast-seo-premium-wordpress\/ -->\n<title>Stoffbeutel Poesie | Bio-Baumwolle, Schweizer Design \ud83c\udde8\ud83c\udded<\/title>\n<meta name=\"description\" content=\"Tote-Bag Poesie aus Bio-Baumwolle GOTS. Original Schweizer Design La Jonx. Widerstandsf\u00e4hig, umweltfreundlich und stylisch. Das praktische und einzigartige Schweizer Geschenk.\" \/>\n<meta name=\"robots\" content=\"index, follow, max-snippet:-1, max-image-preview:large, max-video-preview:-1\" \/>\n<link rel=\"canonical\" href=\"https:\/\/www.la-jonx.ch\/de\/shop-de\/lifestyle\/tote-bags\/tote-bag-born-to-ski-the-alps-copie-copie\/\" \/>\n<meta property=\"og:locale\" content=\"de_DE\" \/>\n<meta property=\"og:type\" content=\"article\" \/>\n<meta property=\"og:title\" content=\"Tote Bag Born to ski the Alps |Atelier La Jonx\" \/>\n<meta property=\"og:description\" content=\"Tote-Bag Poesie aus Bio-Baumwolle GOTS. Original Schweizer Design La Jonx. Widerstandsf\u00e4hig, umweltfreundlich und stylisch. Das praktische und einzigartige Schweizer Geschenk.\" \/>\n<meta property=\"og:url\" content=\"https:\/\/www.la-jonx.ch\/de\/shop-de\/lifestyle\/tote-bags\/tote-bag-born-to-ski-the-alps-copie-copie\/\" \/>\n<meta property=\"og:site_name\" content=\"La Jonx\" \/>\n<meta property=\"article:publisher\" content=\"https:\/\/www.facebook.com\/lajonx.ch\" \/>\n<meta property=\"article:modified_time\" content=\"2026-03-12T16:44:09+00:00\" \/>\n<meta property=\"og:image\" content=\"https:\/\/www.la-jonx.ch\/wp-content\/uploads\/2025\/08\/mockup-site-totebag-Poesie.webp\" \/>\n\t<meta property=\"og:image:width\" content=\"1500\" \/>\n\t<meta property=\"og:image:height\" content=\"1764\" \/>\n\t<meta property=\"og:image:type\" content=\"image\/webp\" \/>\n<meta name=\"twitter:card\" content=\"summary_large_image\" \/>\n<meta name=\"twitter:title\" content=\"Tote Bag Born to ski the Alps |Atelier La Jonx\" \/>\n<meta name=\"twitter:label1\" content=\"Preis\" \/>\n\t<meta name=\"twitter:data1\" content=\"&#067;&#072;&#070;&nbsp;20.0\" \/>\n\t<meta name=\"twitter:label2\" content=\"Verf\u00fcgbarkeit\" \/>\n\t<meta name=\"twitter:data2\" content=\"Auf Lager\" \/>\n<script type=\"application\/ld+json\" class=\"yoast-schema-graph\">{\"@context\":\"https:\\\/\\\/schema.org\",\"@graph\":[{\"@type\":\"WebPage\",\"@id\":\"https:\\\/\\\/www.la-jonx.ch\\\/de\\\/shop-de\\\/lifestyle\\\/tote-bags\\\/tote-bag-born-to-ski-the-alps-copie-copie\\\/\",\"url\":\"https:\\\/\\\/www.la-jonx.ch\\\/de\\\/shop-de\\\/lifestyle\\\/tote-bags\\\/tote-bag-born-to-ski-the-alps-copie-copie\\\/\",\"name\":\"Stoffbeutel Poesie | Bio-Baumwolle, Schweizer Design \ud83c\udde8\ud83c\udded\",\"isPartOf\":{\"@id\":\"https:\\\/\\\/www.la-jonx.ch\\\/de\\\/#website\"},\"primaryImageOfPage\":{\"@id\":\"https:\\\/\\\/www.la-jonx.ch\\\/de\\\/shop-de\\\/lifestyle\\\/tote-bags\\\/tote-bag-born-to-ski-the-alps-copie-copie\\\/#primaryimage\"},\"image\":{\"@id\":\"https:\\\/\\\/www.la-jonx.ch\\\/de\\\/shop-de\\\/lifestyle\\\/tote-bags\\\/tote-bag-born-to-ski-the-alps-copie-copie\\\/#primaryimage\"},\"thumbnailUrl\":\"https:\\\/\\\/www.la-jonx.ch\\\/wp-content\\\/uploads\\\/2025\\\/08\\\/mockup-site-totebag-Poesie.webp\",\"datePublished\":\"2025-08-29T13:49:45+00:00\",\"dateModified\":\"2026-03-12T16:44:09+00:00\",\"description\":\"Tote-Bag Poesie aus Bio-Baumwolle GOTS. Original Schweizer Design La Jonx. Widerstandsf\u00e4hig, umweltfreundlich und stylisch. Das praktische und einzigartige Schweizer Geschenk.\",\"breadcrumb\":{\"@id\":\"https:\\\/\\\/www.la-jonx.ch\\\/de\\\/shop-de\\\/lifestyle\\\/tote-bags\\\/tote-bag-born-to-ski-the-alps-copie-copie\\\/#breadcrumb\"},\"inLanguage\":\"de\",\"potentialAction\":[{\"@type\":\"ReadAction\",\"target\":[\"https:\\\/\\\/www.la-jonx.ch\\\/de\\\/shop-de\\\/lifestyle\\\/tote-bags\\\/tote-bag-born-to-ski-the-alps-copie-copie\\\/\"]}]},{\"@type\":\"ImageObject\",\"inLanguage\":\"de\",\"@id\":\"https:\\\/\\\/www.la-jonx.ch\\\/de\\\/shop-de\\\/lifestyle\\\/tote-bags\\\/tote-bag-born-to-ski-the-alps-copie-copie\\\/#primaryimage\",\"url\":\"https:\\\/\\\/www.la-jonx.ch\\\/wp-content\\\/uploads\\\/2025\\\/08\\\/mockup-site-totebag-Poesie.webp\",\"contentUrl\":\"https:\\\/\\\/www.la-jonx.ch\\\/wp-content\\\/uploads\\\/2025\\\/08\\\/mockup-site-totebag-Poesie.webp\",\"width\":1500,\"height\":1764},{\"@type\":\"BreadcrumbList\",\"@id\":\"https:\\\/\\\/www.la-jonx.ch\\\/de\\\/shop-de\\\/lifestyle\\\/tote-bags\\\/tote-bag-born-to-ski-the-alps-copie-copie\\\/#breadcrumb\",\"itemListElement\":[{\"@type\":\"ListItem\",\"position\":1,\"name\":\"Accueil\",\"item\":\"https:\\\/\\\/www.la-jonx.ch\\\/de\\\/\"},{\"@type\":\"ListItem\",\"position\":2,\"name\":\"Shop\",\"item\":\"https:\\\/\\\/www.la-jonx.ch\\\/shop\\\/?lang=de\"},{\"@type\":\"ListItem\",\"position\":3,\"name\":\"Lifestyle\",\"item\":\"https:\\\/\\\/www.la-jonx.ch\\\/de\\\/produktkategorie\\\/lifestyle\\\/\"},{\"@type\":\"ListItem\",\"position\":4,\"name\":\"Tote Bags\",\"item\":\"https:\\\/\\\/www.la-jonx.ch\\\/de\\\/produktkategorie\\\/lifestyle\\\/tote-bags\\\/\"},{\"@type\":\"ListItem\",\"position\":5,\"name\":\"Tote Bag Poesie\"}]},{\"@type\":\"WebSite\",\"@id\":\"https:\\\/\\\/www.la-jonx.ch\\\/de\\\/#website\",\"url\":\"https:\\\/\\\/www.la-jonx.ch\\\/de\\\/\",\"name\":\"La Jonx\",\"description\":\"Schweizer Grafikwerkstatt\",\"publisher\":{\"@id\":\"https:\\\/\\\/www.la-jonx.ch\\\/de\\\/#organization\"},\"potentialAction\":[{\"@type\":\"SearchAction\",\"target\":{\"@type\":\"EntryPoint\",\"urlTemplate\":\"https:\\\/\\\/www.la-jonx.ch\\\/de\\\/?s={search_term_string}\"},\"query-input\":{\"@type\":\"PropertyValueSpecification\",\"valueRequired\":true,\"valueName\":\"search_term_string\"}}],\"inLanguage\":\"de\"},{\"@type\":\"Organization\",\"@id\":\"https:\\\/\\\/www.la-jonx.ch\\\/de\\\/#organization\",\"name\":\"La Jonx\",\"url\":\"https:\\\/\\\/www.la-jonx.ch\\\/de\\\/\",\"logo\":{\"@type\":\"ImageObject\",\"inLanguage\":\"de\",\"@id\":\"https:\\\/\\\/www.la-jonx.ch\\\/de\\\/#\\\/schema\\\/logo\\\/image\\\/\",\"url\":\"https:\\\/\\\/www.la-jonx.ch\\\/wp-content\\\/uploads\\\/2021\\\/09\\\/logo-la-jonx-atzelier-graphique.png\",\"contentUrl\":\"https:\\\/\\\/www.la-jonx.ch\\\/wp-content\\\/uploads\\\/2021\\\/09\\\/logo-la-jonx-atzelier-graphique.png\",\"width\":378,\"height\":129,\"caption\":\"La Jonx\"},\"image\":{\"@id\":\"https:\\\/\\\/www.la-jonx.ch\\\/de\\\/#\\\/schema\\\/logo\\\/image\\\/\"},\"sameAs\":[\"https:\\\/\\\/www.facebook.com\\\/lajonx.ch\",\"https:\\\/\\\/www.instagram.com\\\/lajonx.ch\\\/?hl=fr\"]}]}<\/script>\n<meta property=\"product:price:amount\" content=\"20.0\" \/>\n<meta property=\"product:price:currency\" content=\"CHF\" \/>\n<meta property=\"og:availability\" content=\"instock\" \/>\n<meta property=\"product:availability\" content=\"instock\" \/>\n<meta property=\"product:retailer_item_id\" content=\"3760442020055\" \/>\n<meta property=\"product:condition\" content=\"new\" \/>\n<!-- \/ Yoast SEO Premium plugin. -->","yoast_head_json":{"title":"Stoffbeutel Poesie | Bio-Baumwolle, Schweizer Design \ud83c\udde8\ud83c\udded","description":"Tote-Bag Poesie aus Bio-Baumwolle GOTS. Original Schweizer Design La Jonx. Widerstandsf\u00e4hig, umweltfreundlich und stylisch. Das praktische und einzigartige Schweizer Geschenk.","robots":{"index":"index","follow":"follow","max-snippet":"max-snippet:-1","max-image-preview":"max-image-preview:large","max-video-preview":"max-video-preview:-1"},"canonical":"https:\/\/www.la-jonx.ch\/de\/shop-de\/lifestyle\/tote-bags\/tote-bag-born-to-ski-the-alps-copie-copie\/","og_locale":"de_DE","og_type":"article","og_title":"Tote Bag Born to ski the Alps |Atelier La Jonx","og_description":"Tote-Bag Poesie aus Bio-Baumwolle GOTS. Original Schweizer Design La Jonx. Widerstandsf\u00e4hig, umweltfreundlich und stylisch. Das praktische und einzigartige Schweizer Geschenk.","og_url":"https:\/\/www.la-jonx.ch\/de\/shop-de\/lifestyle\/tote-bags\/tote-bag-born-to-ski-the-alps-copie-copie\/","og_site_name":"La Jonx","article_publisher":"https:\/\/www.facebook.com\/lajonx.ch","article_modified_time":"2026-03-12T16:44:09+00:00","og_image":[{"width":1500,"height":1764,"url":"https:\/\/www.la-jonx.ch\/wp-content\/uploads\/2025\/08\/mockup-site-totebag-Poesie.webp","type":"image\/webp"}],"twitter_card":"summary_large_image","twitter_title":"Tote Bag Born to ski the Alps |Atelier La Jonx","twitter_misc":{"Preis":"&#67;&#72;&#70;&nbsp;20.0","Verf\u00fcgbarkeit":"Auf Lager"},"schema":{"@context":"https:\/\/schema.org","@graph":[{"@type":"WebPage","@id":"https:\/\/www.la-jonx.ch\/de\/shop-de\/lifestyle\/tote-bags\/tote-bag-born-to-ski-the-alps-copie-copie\/","url":"https:\/\/www.la-jonx.ch\/de\/shop-de\/lifestyle\/tote-bags\/tote-bag-born-to-ski-the-alps-copie-copie\/","name":"Stoffbeutel Poesie | Bio-Baumwolle, Schweizer Design \ud83c\udde8\ud83c\udded","isPartOf":{"@id":"https:\/\/www.la-jonx.ch\/de\/#website"},"primaryImageOfPage":{"@id":"https:\/\/www.la-jonx.ch\/de\/shop-de\/lifestyle\/tote-bags\/tote-bag-born-to-ski-the-alps-copie-copie\/#primaryimage"},"image":{"@id":"https:\/\/www.la-jonx.ch\/de\/shop-de\/lifestyle\/tote-bags\/tote-bag-born-to-ski-the-alps-copie-copie\/#primaryimage"},"thumbnailUrl":"https:\/\/www.la-jonx.ch\/wp-content\/uploads\/2025\/08\/mockup-site-totebag-Poesie.webp","datePublished":"2025-08-29T13:49:45+00:00","dateModified":"2026-03-12T16:44:09+00:00","description":"Tote-Bag Poesie aus Bio-Baumwolle GOTS. Original Schweizer Design La Jonx. Widerstandsf\u00e4hig, umweltfreundlich und stylisch. Das praktische und einzigartige Schweizer Geschenk.","breadcrumb":{"@id":"https:\/\/www.la-jonx.ch\/de\/shop-de\/lifestyle\/tote-bags\/tote-bag-born-to-ski-the-alps-copie-copie\/#breadcrumb"},"inLanguage":"de","potentialAction":[{"@type":"ReadAction","target":["https:\/\/www.la-jonx.ch\/de\/shop-de\/lifestyle\/tote-bags\/tote-bag-born-to-ski-the-alps-copie-copie\/"]}]},{"@type":"ImageObject","inLanguage":"de","@id":"https:\/\/www.la-jonx.ch\/de\/shop-de\/lifestyle\/tote-bags\/tote-bag-born-to-ski-the-alps-copie-copie\/#primaryimage","url":"https:\/\/www.la-jonx.ch\/wp-content\/uploads\/2025\/08\/mockup-site-totebag-Poesie.webp","contentUrl":"https:\/\/www.la-jonx.ch\/wp-content\/uploads\/2025\/08\/mockup-site-totebag-Poesie.webp","width":1500,"height":1764},{"@type":"BreadcrumbList","@id":"https:\/\/www.la-jonx.ch\/de\/shop-de\/lifestyle\/tote-bags\/tote-bag-born-to-ski-the-alps-copie-copie\/#breadcrumb","itemListElement":[{"@type":"ListItem","position":1,"name":"Accueil","item":"https:\/\/www.la-jonx.ch\/de\/"},{"@type":"ListItem","position":2,"name":"Shop","item":"https:\/\/www.la-jonx.ch\/shop\/?lang=de"},{"@type":"ListItem","position":3,"name":"Lifestyle","item":"https:\/\/www.la-jonx.ch\/de\/produktkategorie\/lifestyle\/"},{"@type":"ListItem","position":4,"name":"Tote Bags","item":"https:\/\/www.la-jonx.ch\/de\/produktkategorie\/lifestyle\/tote-bags\/"},{"@type":"ListItem","position":5,"name":"Tote Bag Poesie"}]},{"@type":"WebSite","@id":"https:\/\/www.la-jonx.ch\/de\/#website","url":"https:\/\/www.la-jonx.ch\/de\/","name":"La Jonx","description":"Schweizer Grafikwerkstatt","publisher":{"@id":"https:\/\/www.la-jonx.ch\/de\/#organization"},"potentialAction":[{"@type":"SearchAction","target":{"@type":"EntryPoint","urlTemplate":"https:\/\/www.la-jonx.ch\/de\/?s={search_term_string}"},"query-input":{"@type":"PropertyValueSpecification","valueRequired":true,"valueName":"search_term_string"}}],"inLanguage":"de"},{"@type":"Organization","@id":"https:\/\/www.la-jonx.ch\/de\/#organization","name":"La Jonx","url":"https:\/\/www.la-jonx.ch\/de\/","logo":{"@type":"ImageObject","inLanguage":"de","@id":"https:\/\/www.la-jonx.ch\/de\/#\/schema\/logo\/image\/","url":"https:\/\/www.la-jonx.ch\/wp-content\/uploads\/2021\/09\/logo-la-jonx-atzelier-graphique.png","contentUrl":"https:\/\/www.la-jonx.ch\/wp-content\/uploads\/2021\/09\/logo-la-jonx-atzelier-graphique.png","width":378,"height":129,"caption":"La Jonx"},"image":{"@id":"https:\/\/www.la-jonx.ch\/de\/#\/schema\/logo\/image\/"},"sameAs":["https:\/\/www.facebook.com\/lajonx.ch","https:\/\/www.instagram.com\/lajonx.ch\/?hl=fr"]}]},"product_price_amount":"20.0","product_price_currency":"CHF","og_availability":"instock","product_availability":"instock","product_retailer_item_id":"3760442020055","product_condition":"new"},"additional_image_1":null,"additional_image_2":null,"uagb_featured_image_src":{"full":["https:\/\/www.la-jonx.ch\/wp-content\/uploads\/2025\/08\/mockup-site-totebag-Poesie.webp",1500,1764,false],"thumbnail":["https:\/\/www.la-jonx.ch\/wp-content\/uploads\/2025\/08\/mockup-site-totebag-Poesie-150x150.webp",150,150,true],"medium":["https:\/\/www.la-jonx.ch\/wp-content\/uploads\/2025\/08\/mockup-site-totebag-Poesie-255x300.webp",255,300,true],"medium_large":["https:\/\/www.la-jonx.ch\/wp-content\/uploads\/2025\/08\/mockup-site-totebag-Poesie-768x903.webp",768,903,true],"large":["https:\/\/www.la-jonx.ch\/wp-content\/uploads\/2025\/08\/mockup-site-totebag-Poesie-871x1024.webp",871,1024,true],"1536x1536":["https:\/\/www.la-jonx.ch\/wp-content\/uploads\/2025\/08\/mockup-site-totebag-Poesie-1306x1536.webp",1306,1536,true],"2048x2048":["https:\/\/www.la-jonx.ch\/wp-content\/uploads\/2025\/08\/mockup-site-totebag-Poesie.webp",1500,1764,false],"woocommerce_thumbnail":["https:\/\/www.la-jonx.ch\/wp-content\/uploads\/2025\/08\/mockup-site-totebag-Poesie-350x420.webp",350,420,true],"woocommerce_single":["https:\/\/www.la-jonx.ch\/wp-content\/uploads\/2025\/08\/mockup-site-totebag-Poesie-510x600.webp",510,600,true],"woocommerce_gallery_thumbnail":["https:\/\/www.la-jonx.ch\/wp-content\/uploads\/2025\/08\/mockup-site-totebag-Poesie-100x100.webp",100,100,true],"dgwt-wcas-product-suggestion":["https:\/\/www.la-jonx.ch\/wp-content\/uploads\/2025\/08\/mockup-site-totebag-Poesie.webp",64,75,false]},"uagb_author_info":{"display_name":"L'atelier La Jonx","author_link":"https:\/\/www.la-jonx.ch\/de\/author\/"},"uagb_comment_info":0,"uagb_excerpt":"Diese Po\u00e9sie-Tasche ist eine Originalkreation, handgezeichnet in unserem Atelier in Genf. Das Geschenk, das ein L\u00e4cheln zaubert.Die Poesie der P\u00e2quis auf einer Tragetasche. Um Ihre Sachen zu transportieren \u2014 und ein bisschen Tr\u00e4umen.","_links":{"self":[{"href":"https:\/\/www.la-jonx.ch\/de\/wp-json\/wp\/v2\/product\/40083","targetHints":{"allow":["GET"]}}],"collection":[{"href":"https:\/\/www.la-jonx.ch\/de\/wp-json\/wp\/v2\/product"}],"about":[{"href":"https:\/\/www.la-jonx.ch\/de\/wp-json\/wp\/v2\/types\/product"}],"wp:featuredmedia":[{"embeddable":true,"href":"https:\/\/www.la-jonx.ch\/de\/wp-json\/wp\/v2\/media\/40080"}],"wp:attachment":[{"href":"https:\/\/www.la-jonx.ch\/de\/wp-json\/wp\/v2\/media?parent=40083"}],"wp:term":[{"taxonomy":"product_brand","embeddable":true,"href":"https:\/\/www.la-jonx.ch\/de\/wp-json\/wp\/v2\/product_brand?post=40083"},{"taxonomy":"product_cat","embeddable":true,"href":"https:\/\/www.la-jonx.ch\/de\/wp-json\/wp\/v2\/product_cat?post=40083"},{"taxonomy":"product_tag","embeddable":true,"href":"https:\/\/www.la-jonx.ch\/de\/wp-json\/wp\/v2\/product_tag?post=40083"}],"curies":[{"name":"wp","href":"https:\/\/api.w.org\/{rel}","templated":true}]}}