{"id":40665,"date":"2025-09-04T17:33:50","date_gmt":"2025-09-04T15:33:50","guid":{"rendered":"https:\/\/www.la-jonx.ch\/boutique\/unkategorisiert\/zeitloses-carouge\/"},"modified":"2026-03-12T17:35:16","modified_gmt":"2026-03-12T16:35:16","slug":"zeitloses-carouge","status":"publish","type":"product","link":"https:\/\/www.la-jonx.ch\/de\/shop-de\/poster\/kantone\/genf\/zeitloses-carouge\/","title":{"rendered":"Zeitloses Carouge"},"content":{"rendered":"<h3>Carouge, die Zeitlose \u2014 Schweizer Plakat zur Dekoration Ihres Interieurs<\/h3>\n<p>Hier ist unsere Vision von Carouge, der Zeitlosen. Goldenes Abendlicht, Blau- und T\u00fcrkist\u00f6ne \u2014 ein Schweizer Plakat, das einzigartig ist und jede Wand schm\u00fcckt.<\/p>\n<p>In der Schweiz auf halbmattem 180g-Papier mit PEFC\/FSC-Zertifizierung gedruckt, ist es ein originelles Schweizer Geschenk oder ein sch\u00f6nes Wandelement f\u00fcr Ihr Wohnzimmer, Schlafzimmer oder B\u00fcro.<\/p>\n<h3>Carouge, die Zeitlose in wenigen Worten<\/h3>\n<p>Carouge, das \u201eDorf in der Stadt\u201c s\u00fcdlich von Genf, wurde im 18. Jahrhundert vom K\u00f6nig von Sardinien gegr\u00fcndet. Seine italienischen Gassen, Caf\u00e9terrassen und Handwerksl\u00e4den machen es zum Boh\u00e8me-Viertel von Genf.<\/p>\n<blockquote><p><em>\u201eCarouge, die sardinische Stadt, trotzt der Zeit ohne zu altern. Man verirrt sich manchmal in ihren Gassen und fragt sich, ob man wirklich im 19. Jahrhundert ist!\u201c<\/em><\/p><\/blockquote>\n<h3>Eigenschaften<\/h3>\n<ul>\n<li>Original handgezeichnete Illustration \u2014 Atelier La Jonx, Genf<\/li>\n<li>In der Schweiz auf halbmattem 180g-Papier, PEFC\/FSC-zertifiziert, gedruckt<\/li>\n<li>Erh\u00e4ltlich in 30\u00d740 cm, 50\u00d770 cm und 70\u00d7100 cm<\/li>\n<li>Standardformate f\u00fcr einfaches Einrahmen<\/li>\n<li>Geliefert in stabiler Umschlagverpackung (30\u00d740) oder Schutztube (gro\u00dfe Formate)<\/li>\n<\/ul>\n","protected":false},"excerpt":{"rendered":"<p class='product-intro'>Dieses Plakat von Carouge, der Zeitlosen, ist eine originale Kreation, von Hand gezeichnet und in der Schweiz auf hochwertigem Papier gedruckt. Ein perfektes Schweizer Geschenk.<\/p>\n<p class='poesie'>Carouge, die sardische Stadt, durchquert die Zeit, ohne zu altern. Man verliert sich manchmal in ihren Gassen und fragt sich, ob man wirklich im 19. Jahrhundert ist!<\/p>\n<br\/>\n","protected":false},"featured_media":40594,"template":"","meta":{"_uag_custom_page_level_css":""},"product_brand":[],"product_cat":[2848,2855,2872],"product_tag":[1685,493,1814,377,381,2625,2626],"class_list":{"0":"post-40665","1":"product","2":"type-product","3":"status-publish","4":"has-post-thumbnail","6":"product_cat-poster","7":"product_cat-genf","8":"product_cat-kollektion-2025","9":"product_tag-carouge-de","10":"product_tag-genf","11":"product_tag-mann","12":"product_tag-schweiz","13":"product_tag-stadt","14":"product_tag-strasenbahn","15":"product_tag-tpg","17":"first","18":"instock","19":"shipping-taxable","20":"purchasable","21":"product-type-variable","22":"has-default-attributes"},"yoast_head":"<!-- This site is optimized with the Yoast SEO Premium plugin v27.4 (Yoast SEO v27.4) - https:\/\/yoast.com\/product\/yoast-seo-premium-wordpress\/ -->\n<title>Plakat von Carouge die Zeitlose | Poster Schweiz Handgemacht<\/title>\n<meta name=\"description\" content=\"Poster von Carouge die Zeitlose, handgezeichnetes Schweizer Plakat in Genf. Gedruckt in der Schweiz. Ideal als Schweizer Geschenk oder einzigartige Wanddekoration.\" \/>\n<meta name=\"robots\" content=\"index, follow, max-snippet:-1, max-image-preview:large, max-video-preview:-1\" \/>\n<link rel=\"canonical\" href=\"https:\/\/www.la-jonx.ch\/de\/shop-de\/poster\/kantone\/genf\/zeitloses-carouge\/\" \/>\n<meta property=\"og:locale\" content=\"de_DE\" \/>\n<meta property=\"og:type\" content=\"article\" \/>\n<meta property=\"og:title\" content=\"Poster Carouge l&#039;intemporelle | Poster Schweiz | La Jonx\" \/>\n<meta property=\"og:description\" content=\"Poster von Carouge die Zeitlose, handgezeichnetes Schweizer Plakat in Genf. Gedruckt in der Schweiz. Ideal als Schweizer Geschenk oder einzigartige Wanddekoration.\" \/>\n<meta property=\"og:url\" content=\"https:\/\/www.la-jonx.ch\/de\/shop-de\/poster\/kantone\/genf\/zeitloses-carouge\/\" \/>\n<meta property=\"og:site_name\" content=\"La Jonx\" \/>\n<meta property=\"article:publisher\" content=\"https:\/\/www.facebook.com\/lajonx.ch\" \/>\n<meta property=\"article:modified_time\" content=\"2026-03-12T16:35:16+00:00\" \/>\n<meta property=\"og:image\" content=\"https:\/\/www.la-jonx.ch\/wp-content\/uploads\/2025\/09\/8Swiss-poster-Affiche-La-JonxBPI-30x40-Carouge-intemporelle.jpg\" \/>\n\t<meta property=\"og:image:width\" content=\"1466\" \/>\n\t<meta property=\"og:image:height\" content=\"1728\" \/>\n\t<meta property=\"og:image:type\" content=\"image\/jpeg\" \/>\n<meta name=\"twitter:card\" content=\"summary_large_image\" \/>\n<meta name=\"twitter:title\" content=\"Poster Carouge l&#039;intemporelle | Poster Schweiz | La Jonx\" \/>\n<meta name=\"twitter:label1\" content=\"Verf\u00fcgbarkeit\" \/>\n\t<meta name=\"twitter:data1\" content=\"Auf Lager\" \/>\n<script type=\"application\/ld+json\" class=\"yoast-schema-graph\">{\"@context\":\"https:\\\/\\\/schema.org\",\"@graph\":[{\"@type\":\"WebPage\",\"@id\":\"https:\\\/\\\/www.la-jonx.ch\\\/de\\\/shop-de\\\/poster\\\/kantone\\\/genf\\\/zeitloses-carouge\\\/\",\"url\":\"https:\\\/\\\/www.la-jonx.ch\\\/de\\\/shop-de\\\/poster\\\/kantone\\\/genf\\\/zeitloses-carouge\\\/\",\"name\":\"Plakat von Carouge die Zeitlose | Poster Schweiz Handgemacht\",\"isPartOf\":{\"@id\":\"https:\\\/\\\/www.la-jonx.ch\\\/de\\\/#website\"},\"primaryImageOfPage\":{\"@id\":\"https:\\\/\\\/www.la-jonx.ch\\\/de\\\/shop-de\\\/poster\\\/kantone\\\/genf\\\/zeitloses-carouge\\\/#primaryimage\"},\"image\":{\"@id\":\"https:\\\/\\\/www.la-jonx.ch\\\/de\\\/shop-de\\\/poster\\\/kantone\\\/genf\\\/zeitloses-carouge\\\/#primaryimage\"},\"thumbnailUrl\":\"https:\\\/\\\/www.la-jonx.ch\\\/wp-content\\\/uploads\\\/2025\\\/09\\\/8Swiss-poster-Affiche-La-JonxBPI-30x40-Carouge-intemporelle.jpg\",\"datePublished\":\"2025-09-04T15:33:50+00:00\",\"dateModified\":\"2026-03-12T16:35:16+00:00\",\"description\":\"Poster von Carouge die Zeitlose, handgezeichnetes Schweizer Plakat in Genf. Gedruckt in der Schweiz. Ideal als Schweizer Geschenk oder einzigartige Wanddekoration.\",\"breadcrumb\":{\"@id\":\"https:\\\/\\\/www.la-jonx.ch\\\/de\\\/shop-de\\\/poster\\\/kantone\\\/genf\\\/zeitloses-carouge\\\/#breadcrumb\"},\"inLanguage\":\"de\",\"potentialAction\":[{\"@type\":\"ReadAction\",\"target\":[\"https:\\\/\\\/www.la-jonx.ch\\\/de\\\/shop-de\\\/poster\\\/kantone\\\/genf\\\/zeitloses-carouge\\\/\"]}]},{\"@type\":\"ImageObject\",\"inLanguage\":\"de\",\"@id\":\"https:\\\/\\\/www.la-jonx.ch\\\/de\\\/shop-de\\\/poster\\\/kantone\\\/genf\\\/zeitloses-carouge\\\/#primaryimage\",\"url\":\"https:\\\/\\\/www.la-jonx.ch\\\/wp-content\\\/uploads\\\/2025\\\/09\\\/8Swiss-poster-Affiche-La-JonxBPI-30x40-Carouge-intemporelle.jpg\",\"contentUrl\":\"https:\\\/\\\/www.la-jonx.ch\\\/wp-content\\\/uploads\\\/2025\\\/09\\\/8Swiss-poster-Affiche-La-JonxBPI-30x40-Carouge-intemporelle.jpg\",\"width\":1466,\"height\":1728,\"caption\":\"Poster von Carouge l'intemporelle, in einem Holzrahmen pr\u00e4sentiert\"},{\"@type\":\"BreadcrumbList\",\"@id\":\"https:\\\/\\\/www.la-jonx.ch\\\/de\\\/shop-de\\\/poster\\\/kantone\\\/genf\\\/zeitloses-carouge\\\/#breadcrumb\",\"itemListElement\":[{\"@type\":\"ListItem\",\"position\":1,\"name\":\"Accueil\",\"item\":\"https:\\\/\\\/www.la-jonx.ch\\\/de\\\/\"},{\"@type\":\"ListItem\",\"position\":2,\"name\":\"Shop\",\"item\":\"https:\\\/\\\/www.la-jonx.ch\\\/shop\\\/?lang=de\"},{\"@type\":\"ListItem\",\"position\":3,\"name\":\"Poster\",\"item\":\"https:\\\/\\\/www.la-jonx.ch\\\/de\\\/produktkategorie\\\/poster\\\/\"},{\"@type\":\"ListItem\",\"position\":4,\"name\":\"KANTONE\",\"item\":\"https:\\\/\\\/www.la-jonx.ch\\\/de\\\/produktkategorie\\\/poster\\\/kantone\\\/\"},{\"@type\":\"ListItem\",\"position\":5,\"name\":\"Genf\",\"item\":\"https:\\\/\\\/www.la-jonx.ch\\\/de\\\/produktkategorie\\\/poster\\\/kantone\\\/genf\\\/\"},{\"@type\":\"ListItem\",\"position\":6,\"name\":\"Zeitloses Carouge\"}]},{\"@type\":\"WebSite\",\"@id\":\"https:\\\/\\\/www.la-jonx.ch\\\/de\\\/#website\",\"url\":\"https:\\\/\\\/www.la-jonx.ch\\\/de\\\/\",\"name\":\"La Jonx\",\"description\":\"Schweizer Grafikwerkstatt\",\"publisher\":{\"@id\":\"https:\\\/\\\/www.la-jonx.ch\\\/de\\\/#organization\"},\"potentialAction\":[{\"@type\":\"SearchAction\",\"target\":{\"@type\":\"EntryPoint\",\"urlTemplate\":\"https:\\\/\\\/www.la-jonx.ch\\\/de\\\/?s={search_term_string}\"},\"query-input\":{\"@type\":\"PropertyValueSpecification\",\"valueRequired\":true,\"valueName\":\"search_term_string\"}}],\"inLanguage\":\"de\"},{\"@type\":\"Organization\",\"@id\":\"https:\\\/\\\/www.la-jonx.ch\\\/de\\\/#organization\",\"name\":\"La Jonx\",\"url\":\"https:\\\/\\\/www.la-jonx.ch\\\/de\\\/\",\"logo\":{\"@type\":\"ImageObject\",\"inLanguage\":\"de\",\"@id\":\"https:\\\/\\\/www.la-jonx.ch\\\/de\\\/#\\\/schema\\\/logo\\\/image\\\/\",\"url\":\"https:\\\/\\\/www.la-jonx.ch\\\/wp-content\\\/uploads\\\/2021\\\/09\\\/logo-la-jonx-atzelier-graphique.png\",\"contentUrl\":\"https:\\\/\\\/www.la-jonx.ch\\\/wp-content\\\/uploads\\\/2021\\\/09\\\/logo-la-jonx-atzelier-graphique.png\",\"width\":378,\"height\":129,\"caption\":\"La Jonx\"},\"image\":{\"@id\":\"https:\\\/\\\/www.la-jonx.ch\\\/de\\\/#\\\/schema\\\/logo\\\/image\\\/\"},\"sameAs\":[\"https:\\\/\\\/www.facebook.com\\\/lajonx.ch\",\"https:\\\/\\\/www.instagram.com\\\/lajonx.ch\\\/?hl=fr\"]}]}<\/script>\n<meta property=\"og:availability\" content=\"instock\" \/>\n<meta property=\"product:availability\" content=\"instock\" \/>\n<meta property=\"product:condition\" content=\"new\" \/>\n<!-- \/ Yoast SEO Premium plugin. -->","yoast_head_json":{"title":"Plakat von Carouge die Zeitlose | Poster Schweiz Handgemacht","description":"Poster von Carouge die Zeitlose, handgezeichnetes Schweizer Plakat in Genf. Gedruckt in der Schweiz. Ideal als Schweizer Geschenk oder einzigartige Wanddekoration.","robots":{"index":"index","follow":"follow","max-snippet":"max-snippet:-1","max-image-preview":"max-image-preview:large","max-video-preview":"max-video-preview:-1"},"canonical":"https:\/\/www.la-jonx.ch\/de\/shop-de\/poster\/kantone\/genf\/zeitloses-carouge\/","og_locale":"de_DE","og_type":"article","og_title":"Poster Carouge l'intemporelle | Poster Schweiz | La Jonx","og_description":"Poster von Carouge die Zeitlose, handgezeichnetes Schweizer Plakat in Genf. Gedruckt in der Schweiz. Ideal als Schweizer Geschenk oder einzigartige Wanddekoration.","og_url":"https:\/\/www.la-jonx.ch\/de\/shop-de\/poster\/kantone\/genf\/zeitloses-carouge\/","og_site_name":"La Jonx","article_publisher":"https:\/\/www.facebook.com\/lajonx.ch","article_modified_time":"2026-03-12T16:35:16+00:00","og_image":[{"width":1466,"height":1728,"url":"https:\/\/www.la-jonx.ch\/wp-content\/uploads\/2025\/09\/8Swiss-poster-Affiche-La-JonxBPI-30x40-Carouge-intemporelle.jpg","type":"image\/jpeg"}],"twitter_card":"summary_large_image","twitter_title":"Poster Carouge l'intemporelle | Poster Schweiz | La Jonx","twitter_misc":{"Verf\u00fcgbarkeit":"Auf Lager"},"schema":{"@context":"https:\/\/schema.org","@graph":[{"@type":"WebPage","@id":"https:\/\/www.la-jonx.ch\/de\/shop-de\/poster\/kantone\/genf\/zeitloses-carouge\/","url":"https:\/\/www.la-jonx.ch\/de\/shop-de\/poster\/kantone\/genf\/zeitloses-carouge\/","name":"Plakat von Carouge die Zeitlose | Poster Schweiz Handgemacht","isPartOf":{"@id":"https:\/\/www.la-jonx.ch\/de\/#website"},"primaryImageOfPage":{"@id":"https:\/\/www.la-jonx.ch\/de\/shop-de\/poster\/kantone\/genf\/zeitloses-carouge\/#primaryimage"},"image":{"@id":"https:\/\/www.la-jonx.ch\/de\/shop-de\/poster\/kantone\/genf\/zeitloses-carouge\/#primaryimage"},"thumbnailUrl":"https:\/\/www.la-jonx.ch\/wp-content\/uploads\/2025\/09\/8Swiss-poster-Affiche-La-JonxBPI-30x40-Carouge-intemporelle.jpg","datePublished":"2025-09-04T15:33:50+00:00","dateModified":"2026-03-12T16:35:16+00:00","description":"Poster von Carouge die Zeitlose, handgezeichnetes Schweizer Plakat in Genf. Gedruckt in der Schweiz. Ideal als Schweizer Geschenk oder einzigartige Wanddekoration.","breadcrumb":{"@id":"https:\/\/www.la-jonx.ch\/de\/shop-de\/poster\/kantone\/genf\/zeitloses-carouge\/#breadcrumb"},"inLanguage":"de","potentialAction":[{"@type":"ReadAction","target":["https:\/\/www.la-jonx.ch\/de\/shop-de\/poster\/kantone\/genf\/zeitloses-carouge\/"]}]},{"@type":"ImageObject","inLanguage":"de","@id":"https:\/\/www.la-jonx.ch\/de\/shop-de\/poster\/kantone\/genf\/zeitloses-carouge\/#primaryimage","url":"https:\/\/www.la-jonx.ch\/wp-content\/uploads\/2025\/09\/8Swiss-poster-Affiche-La-JonxBPI-30x40-Carouge-intemporelle.jpg","contentUrl":"https:\/\/www.la-jonx.ch\/wp-content\/uploads\/2025\/09\/8Swiss-poster-Affiche-La-JonxBPI-30x40-Carouge-intemporelle.jpg","width":1466,"height":1728,"caption":"Poster von Carouge l'intemporelle, in einem Holzrahmen pr\u00e4sentiert"},{"@type":"BreadcrumbList","@id":"https:\/\/www.la-jonx.ch\/de\/shop-de\/poster\/kantone\/genf\/zeitloses-carouge\/#breadcrumb","itemListElement":[{"@type":"ListItem","position":1,"name":"Accueil","item":"https:\/\/www.la-jonx.ch\/de\/"},{"@type":"ListItem","position":2,"name":"Shop","item":"https:\/\/www.la-jonx.ch\/shop\/?lang=de"},{"@type":"ListItem","position":3,"name":"Poster","item":"https:\/\/www.la-jonx.ch\/de\/produktkategorie\/poster\/"},{"@type":"ListItem","position":4,"name":"KANTONE","item":"https:\/\/www.la-jonx.ch\/de\/produktkategorie\/poster\/kantone\/"},{"@type":"ListItem","position":5,"name":"Genf","item":"https:\/\/www.la-jonx.ch\/de\/produktkategorie\/poster\/kantone\/genf\/"},{"@type":"ListItem","position":6,"name":"Zeitloses Carouge"}]},{"@type":"WebSite","@id":"https:\/\/www.la-jonx.ch\/de\/#website","url":"https:\/\/www.la-jonx.ch\/de\/","name":"La Jonx","description":"Schweizer Grafikwerkstatt","publisher":{"@id":"https:\/\/www.la-jonx.ch\/de\/#organization"},"potentialAction":[{"@type":"SearchAction","target":{"@type":"EntryPoint","urlTemplate":"https:\/\/www.la-jonx.ch\/de\/?s={search_term_string}"},"query-input":{"@type":"PropertyValueSpecification","valueRequired":true,"valueName":"search_term_string"}}],"inLanguage":"de"},{"@type":"Organization","@id":"https:\/\/www.la-jonx.ch\/de\/#organization","name":"La Jonx","url":"https:\/\/www.la-jonx.ch\/de\/","logo":{"@type":"ImageObject","inLanguage":"de","@id":"https:\/\/www.la-jonx.ch\/de\/#\/schema\/logo\/image\/","url":"https:\/\/www.la-jonx.ch\/wp-content\/uploads\/2021\/09\/logo-la-jonx-atzelier-graphique.png","contentUrl":"https:\/\/www.la-jonx.ch\/wp-content\/uploads\/2021\/09\/logo-la-jonx-atzelier-graphique.png","width":378,"height":129,"caption":"La Jonx"},"image":{"@id":"https:\/\/www.la-jonx.ch\/de\/#\/schema\/logo\/image\/"},"sameAs":["https:\/\/www.facebook.com\/lajonx.ch","https:\/\/www.instagram.com\/lajonx.ch\/?hl=fr"]}]},"og_availability":"instock","product_availability":"instock","product_condition":"new"},"additional_image_1":"https:\/\/www.la-jonx.ch\/wp-content\/uploads\/2025\/09\/4Enveloppe-Affiche-SuisseBPI-30x40-Carouge-intemporelle.jpg","additional_image_2":"https:\/\/www.la-jonx.ch\/wp-content\/uploads\/2025\/09\/12mockup-ombresBPI-30x40-Neuchatel-Place-des-Halles.jpg","uagb_featured_image_src":{"full":["https:\/\/www.la-jonx.ch\/wp-content\/uploads\/2025\/09\/8Swiss-poster-Affiche-La-JonxBPI-30x40-Carouge-intemporelle.jpg",1466,1728,false],"thumbnail":["https:\/\/www.la-jonx.ch\/wp-content\/uploads\/2025\/09\/8Swiss-poster-Affiche-La-JonxBPI-30x40-Carouge-intemporelle-150x150.jpg",150,150,true],"medium":["https:\/\/www.la-jonx.ch\/wp-content\/uploads\/2025\/09\/8Swiss-poster-Affiche-La-JonxBPI-30x40-Carouge-intemporelle-255x300.jpg",255,300,true],"medium_large":["https:\/\/www.la-jonx.ch\/wp-content\/uploads\/2025\/09\/8Swiss-poster-Affiche-La-JonxBPI-30x40-Carouge-intemporelle-768x905.jpg",768,905,true],"large":["https:\/\/www.la-jonx.ch\/wp-content\/uploads\/2025\/09\/8Swiss-poster-Affiche-La-JonxBPI-30x40-Carouge-intemporelle-869x1024.jpg",869,1024,true],"1536x1536":["https:\/\/www.la-jonx.ch\/wp-content\/uploads\/2025\/09\/8Swiss-poster-Affiche-La-JonxBPI-30x40-Carouge-intemporelle-1303x1536.jpg",1303,1536,true],"2048x2048":["https:\/\/www.la-jonx.ch\/wp-content\/uploads\/2025\/09\/8Swiss-poster-Affiche-La-JonxBPI-30x40-Carouge-intemporelle.jpg",1466,1728,false],"woocommerce_thumbnail":["https:\/\/www.la-jonx.ch\/wp-content\/uploads\/2025\/09\/8Swiss-poster-Affiche-La-JonxBPI-30x40-Carouge-intemporelle-350x420.jpg",350,420,true],"woocommerce_single":["https:\/\/www.la-jonx.ch\/wp-content\/uploads\/2025\/09\/8Swiss-poster-Affiche-La-JonxBPI-30x40-Carouge-intemporelle-510x601.jpg",510,601,true],"woocommerce_gallery_thumbnail":["https:\/\/www.la-jonx.ch\/wp-content\/uploads\/2025\/09\/8Swiss-poster-Affiche-La-JonxBPI-30x40-Carouge-intemporelle-100x100.jpg",100,100,true],"dgwt-wcas-product-suggestion":["https:\/\/www.la-jonx.ch\/wp-content\/uploads\/2025\/09\/8Swiss-poster-Affiche-La-JonxBPI-30x40-Carouge-intemporelle.jpg",64,75,false]},"uagb_author_info":{"display_name":"L'atelier La Jonx","author_link":"https:\/\/www.la-jonx.ch\/de\/author\/"},"uagb_comment_info":0,"uagb_excerpt":"Dieses Plakat von Carouge, der Zeitlosen, ist eine originale Kreation, von Hand gezeichnet und in der Schweiz auf hochwertigem Papier gedruckt. Ein perfektes Schweizer Geschenk.Carouge, die sardische Stadt, durchquert die Zeit, ohne zu altern. Man verliert sich manchmal in ihren Gassen und fragt sich, ob man wirklich im 19. Jahrhundert ist![block id='affiches-short-description-addon']","_links":{"self":[{"href":"https:\/\/www.la-jonx.ch\/de\/wp-json\/wp\/v2\/product\/40665","targetHints":{"allow":["GET"]}}],"collection":[{"href":"https:\/\/www.la-jonx.ch\/de\/wp-json\/wp\/v2\/product"}],"about":[{"href":"https:\/\/www.la-jonx.ch\/de\/wp-json\/wp\/v2\/types\/product"}],"wp:featuredmedia":[{"embeddable":true,"href":"https:\/\/www.la-jonx.ch\/de\/wp-json\/wp\/v2\/media\/40594"}],"wp:attachment":[{"href":"https:\/\/www.la-jonx.ch\/de\/wp-json\/wp\/v2\/media?parent=40665"}],"wp:term":[{"taxonomy":"product_brand","embeddable":true,"href":"https:\/\/www.la-jonx.ch\/de\/wp-json\/wp\/v2\/product_brand?post=40665"},{"taxonomy":"product_cat","embeddable":true,"href":"https:\/\/www.la-jonx.ch\/de\/wp-json\/wp\/v2\/product_cat?post=40665"},{"taxonomy":"product_tag","embeddable":true,"href":"https:\/\/www.la-jonx.ch\/de\/wp-json\/wp\/v2\/product_tag?post=40665"}],"curies":[{"name":"wp","href":"https:\/\/api.w.org\/{rel}","templated":true}]}}