{"id":42310,"date":"2025-11-22T09:18:35","date_gmt":"2025-11-22T08:18:35","guid":{"rendered":"https:\/\/www.la-jonx.ch\/boutique\/unkategorisiert\/diablerets-isenau-eier\/"},"modified":"2026-03-12T17:35:45","modified_gmt":"2026-03-12T16:35:45","slug":"diablerets-isenau-eier","status":"publish","type":"product","link":"https:\/\/www.la-jonx.ch\/de\/shop-de\/poster\/diablerets-isenau-eier\/","title":{"rendered":"Diablerets &#8211; Isenau Eier"},"content":{"rendered":"<h3>Diablerets &#8211; oeufs d&#8217;Isenau \u2014 Schweizer Poster illustriert vom Atelier La Jonx<\/h3>\n<p>Dieses Poster von Diablerets &#8211; oeufs d&#8217;Isenau entstand in unserem Atelier in Genf. Goldenes Abendlicht, Blau- und T\u00fcrkist\u00f6ne \u2014 die Art von Schweizer Poster, die man einrahmt und lange beh\u00e4lt.<\/p>\n<p>In der Schweiz auf halbmattem 180g-Papier mit PEFC\/FSC-Zertifizierung gedruckt, ist es ein originelles Schweizer Geschenk oder ein sch\u00f6nes Element zur Wanddekoration f\u00fcr Ihr Wohnzimmer, Schlafzimmer oder B\u00fcro.<\/p>\n<h3>Diablerets &#8211; oeufs d&#8217;Isenau in wenigen Worten<\/h3>\n<p>Die Diablerets in den Waadtl\u00e4nder Alpen bieten ein Skigebiet, das mit dem Gletscher 3000 verbunden ist. Die Station ist bekannt f\u00fcr ihre spektakul\u00e4ren Landschaften und die legend\u00e4ren Oeufs d&#8217;Isenau, einzigartige Felsformationen.<\/p>\n<blockquote><p><em>\u00ab Die legend\u00e4ren Oeufs d&#8217;Isenau und ihre einzigartige Silhouette \u00fcber den Diablerets. Eine Alpenlandschaft, die mit keiner anderen vergleichbar ist. \u00bb<\/em><\/p><\/blockquote>\n<h3>Eigenschaften<\/h3>\n<ul>\n<li>Original handgezeichnete Illustration \u2014 Atelier La Jonx, Genf<\/li>\n<li>In der Schweiz auf halbmattem 180g-Papier, PEFC\/FSC-zertifiziert, gedruckt<\/li>\n<li>Erh\u00e4ltlich in 30\u00d740 cm, 50\u00d770 cm und 70\u00d7100 cm<\/li>\n<li>Standardformate f\u00fcr einfaches Einrahmen<\/li>\n<li>Geliefert in stabiler Umschlagverpackung (30\u00d740) oder Schutztube (gro\u00dfe Formate)<\/li>\n<\/ul>\n","protected":false},"excerpt":{"rendered":"<p class='product-intro'>Dieses Plakat von Diablerets &#8211; Eier von Isenau ist eine originale Kreation, von Hand gezeichnet und in der Schweiz auf hochwertigem Papier gedruckt. Zum Verschenken oder f\u00fcr sich selbst.<\/p>\n<p class='poesie'>Die mythischen Eier von Isenau und ihre einzigartige Silhouette \u00fcber den Diablerets. Eine alpine Landschaft, die mit keiner anderen vergleichbar ist.<\/p>\n<br\/>\n","protected":false},"featured_media":42027,"template":"","meta":{"_uag_custom_page_level_css":""},"product_brand":[],"product_cat":[2848,2869,2872],"product_tag":[387,709,415],"class_list":{"0":"post-42310","1":"product","2":"type-product","3":"status-publish","4":"has-post-thumbnail","6":"product_cat-poster","7":"product_cat-waadt","8":"product_cat-kollektion-2025","9":"product_tag-berg","10":"product_tag-kanton-waadt","11":"product_tag-ski-de","13":"first","14":"instock","15":"shipping-taxable","16":"purchasable","17":"product-type-variable","18":"has-default-attributes"},"yoast_head":"<!-- This site is optimized with the Yoast SEO Premium plugin v27.2 (Yoast SEO v27.3) - https:\/\/yoast.com\/product\/yoast-seo-premium-wordpress\/ -->\n<title>Plakat von Diablerets - Eier von Isenau | Poster Schweiz<\/title>\n<meta name=\"description\" content=\"Plakat von Diablerets - Eier von Isenau \u2014 handgefertigtes Schweizer Poster, in der Schweiz gedruckt. Das originelle Schweizer Geschenk, um Ihr Zuhause stilvoll zu dekorieren.\" \/>\n<meta name=\"robots\" content=\"index, follow, max-snippet:-1, max-image-preview:large, max-video-preview:-1\" \/>\n<link rel=\"canonical\" href=\"https:\/\/www.la-jonx.ch\/de\/shop-de\/poster\/diablerets-isenau-eier\/\" \/>\n<meta property=\"og:locale\" content=\"de_DE\" \/>\n<meta property=\"og:type\" content=\"article\" \/>\n<meta property=\"og:title\" content=\"Poster Product Template | Poster Schweiz La Jonx\" \/>\n<meta property=\"og:description\" content=\"Plakat von Diablerets - Eier von Isenau \u2014 handgefertigtes Schweizer Poster, in der Schweiz gedruckt. Das originelle Schweizer Geschenk, um Ihr Zuhause stilvoll zu dekorieren.\" \/>\n<meta property=\"og:url\" content=\"https:\/\/www.la-jonx.ch\/de\/shop-de\/poster\/diablerets-isenau-eier\/\" \/>\n<meta property=\"og:site_name\" content=\"La Jonx\" \/>\n<meta property=\"article:publisher\" content=\"https:\/\/www.facebook.com\/lajonx.ch\" \/>\n<meta property=\"article:modified_time\" content=\"2026-03-12T16:35:45+00:00\" \/>\n<meta property=\"og:image\" content=\"https:\/\/www.la-jonx.ch\/wp-content\/uploads\/2025\/11\/9Swiss-poster-Affiche-La-Jonx-copieBPI-30x40_Les-Diablerets-Mythiques-Oeufs-dIsineau.jpg\" \/>\n\t<meta property=\"og:image:width\" content=\"1466\" \/>\n\t<meta property=\"og:image:height\" content=\"1728\" \/>\n\t<meta property=\"og:image:type\" content=\"image\/jpeg\" \/>\n<meta name=\"twitter:card\" content=\"summary_large_image\" \/>\n<meta name=\"twitter:title\" content=\"Poster Product Template | Poster Schweiz La Jonx\" \/>\n<meta name=\"twitter:label1\" content=\"Verf\u00fcgbarkeit\" \/>\n\t<meta name=\"twitter:data1\" content=\"Auf Lager\" \/>\n<script type=\"application\/ld+json\" class=\"yoast-schema-graph\">{\"@context\":\"https:\\\/\\\/schema.org\",\"@graph\":[{\"@type\":\"WebPage\",\"@id\":\"https:\\\/\\\/www.la-jonx.ch\\\/de\\\/shop-de\\\/poster\\\/diablerets-isenau-eier\\\/\",\"url\":\"https:\\\/\\\/www.la-jonx.ch\\\/de\\\/shop-de\\\/poster\\\/diablerets-isenau-eier\\\/\",\"name\":\"Plakat von Diablerets - Eier von Isenau | Poster Schweiz\",\"isPartOf\":{\"@id\":\"https:\\\/\\\/www.la-jonx.ch\\\/de\\\/#website\"},\"primaryImageOfPage\":{\"@id\":\"https:\\\/\\\/www.la-jonx.ch\\\/de\\\/shop-de\\\/poster\\\/diablerets-isenau-eier\\\/#primaryimage\"},\"image\":{\"@id\":\"https:\\\/\\\/www.la-jonx.ch\\\/de\\\/shop-de\\\/poster\\\/diablerets-isenau-eier\\\/#primaryimage\"},\"thumbnailUrl\":\"https:\\\/\\\/www.la-jonx.ch\\\/wp-content\\\/uploads\\\/2025\\\/11\\\/9Swiss-poster-Affiche-La-Jonx-copieBPI-30x40_Les-Diablerets-Mythiques-Oeufs-dIsineau.jpg\",\"datePublished\":\"2025-11-22T08:18:35+00:00\",\"dateModified\":\"2026-03-12T16:35:45+00:00\",\"description\":\"Plakat von Diablerets - Eier von Isenau \u2014 handgefertigtes Schweizer Poster, in der Schweiz gedruckt. Das originelle Schweizer Geschenk, um Ihr Zuhause stilvoll zu dekorieren.\",\"breadcrumb\":{\"@id\":\"https:\\\/\\\/www.la-jonx.ch\\\/de\\\/shop-de\\\/poster\\\/diablerets-isenau-eier\\\/#breadcrumb\"},\"inLanguage\":\"de\",\"potentialAction\":[{\"@type\":\"ReadAction\",\"target\":[\"https:\\\/\\\/www.la-jonx.ch\\\/de\\\/shop-de\\\/poster\\\/diablerets-isenau-eier\\\/\"]}]},{\"@type\":\"ImageObject\",\"inLanguage\":\"de\",\"@id\":\"https:\\\/\\\/www.la-jonx.ch\\\/de\\\/shop-de\\\/poster\\\/diablerets-isenau-eier\\\/#primaryimage\",\"url\":\"https:\\\/\\\/www.la-jonx.ch\\\/wp-content\\\/uploads\\\/2025\\\/11\\\/9Swiss-poster-Affiche-La-Jonx-copieBPI-30x40_Les-Diablerets-Mythiques-Oeufs-dIsineau.jpg\",\"contentUrl\":\"https:\\\/\\\/www.la-jonx.ch\\\/wp-content\\\/uploads\\\/2025\\\/11\\\/9Swiss-poster-Affiche-La-Jonx-copieBPI-30x40_Les-Diablerets-Mythiques-Oeufs-dIsineau.jpg\",\"width\":1466,\"height\":1728,\"caption\":\"Poster von Diablerets - oeufs d'Isenau, pr\u00e4sentiert in einem Holzrahmen\"},{\"@type\":\"BreadcrumbList\",\"@id\":\"https:\\\/\\\/www.la-jonx.ch\\\/de\\\/shop-de\\\/poster\\\/diablerets-isenau-eier\\\/#breadcrumb\",\"itemListElement\":[{\"@type\":\"ListItem\",\"position\":1,\"name\":\"Accueil\",\"item\":\"https:\\\/\\\/www.la-jonx.ch\\\/de\\\/\"},{\"@type\":\"ListItem\",\"position\":2,\"name\":\"Shop\",\"item\":\"https:\\\/\\\/www.la-jonx.ch\\\/shop\\\/?lang=de\"},{\"@type\":\"ListItem\",\"position\":3,\"name\":\"Poster\",\"item\":\"https:\\\/\\\/www.la-jonx.ch\\\/de\\\/produktkategorie\\\/poster\\\/\"},{\"@type\":\"ListItem\",\"position\":4,\"name\":\"Diablerets &#8211; Isenau Eier\"}]},{\"@type\":\"WebSite\",\"@id\":\"https:\\\/\\\/www.la-jonx.ch\\\/de\\\/#website\",\"url\":\"https:\\\/\\\/www.la-jonx.ch\\\/de\\\/\",\"name\":\"La Jonx\",\"description\":\"Schweizer Grafikwerkstatt\",\"publisher\":{\"@id\":\"https:\\\/\\\/www.la-jonx.ch\\\/de\\\/#organization\"},\"potentialAction\":[{\"@type\":\"SearchAction\",\"target\":{\"@type\":\"EntryPoint\",\"urlTemplate\":\"https:\\\/\\\/www.la-jonx.ch\\\/de\\\/?s={search_term_string}\"},\"query-input\":{\"@type\":\"PropertyValueSpecification\",\"valueRequired\":true,\"valueName\":\"search_term_string\"}}],\"inLanguage\":\"de\"},{\"@type\":\"Organization\",\"@id\":\"https:\\\/\\\/www.la-jonx.ch\\\/de\\\/#organization\",\"name\":\"La Jonx\",\"url\":\"https:\\\/\\\/www.la-jonx.ch\\\/de\\\/\",\"logo\":{\"@type\":\"ImageObject\",\"inLanguage\":\"de\",\"@id\":\"https:\\\/\\\/www.la-jonx.ch\\\/de\\\/#\\\/schema\\\/logo\\\/image\\\/\",\"url\":\"https:\\\/\\\/www.la-jonx.ch\\\/wp-content\\\/uploads\\\/2021\\\/09\\\/logo-la-jonx-atzelier-graphique.png\",\"contentUrl\":\"https:\\\/\\\/www.la-jonx.ch\\\/wp-content\\\/uploads\\\/2021\\\/09\\\/logo-la-jonx-atzelier-graphique.png\",\"width\":378,\"height\":129,\"caption\":\"La Jonx\"},\"image\":{\"@id\":\"https:\\\/\\\/www.la-jonx.ch\\\/de\\\/#\\\/schema\\\/logo\\\/image\\\/\"},\"sameAs\":[\"https:\\\/\\\/www.facebook.com\\\/lajonx.ch\",\"https:\\\/\\\/www.instagram.com\\\/lajonx.ch\\\/?hl=fr\"]}]}<\/script>\n<meta property=\"og:availability\" content=\"instock\" \/>\n<meta property=\"product:availability\" content=\"instock\" \/>\n<meta property=\"product:condition\" content=\"new\" \/>\n<!-- \/ Yoast SEO Premium plugin. -->","yoast_head_json":{"title":"Plakat von Diablerets - Eier von Isenau | Poster Schweiz","description":"Plakat von Diablerets - Eier von Isenau \u2014 handgefertigtes Schweizer Poster, in der Schweiz gedruckt. Das originelle Schweizer Geschenk, um Ihr Zuhause stilvoll zu dekorieren.","robots":{"index":"index","follow":"follow","max-snippet":"max-snippet:-1","max-image-preview":"max-image-preview:large","max-video-preview":"max-video-preview:-1"},"canonical":"https:\/\/www.la-jonx.ch\/de\/shop-de\/poster\/diablerets-isenau-eier\/","og_locale":"de_DE","og_type":"article","og_title":"Poster Product Template | Poster Schweiz La Jonx","og_description":"Plakat von Diablerets - Eier von Isenau \u2014 handgefertigtes Schweizer Poster, in der Schweiz gedruckt. Das originelle Schweizer Geschenk, um Ihr Zuhause stilvoll zu dekorieren.","og_url":"https:\/\/www.la-jonx.ch\/de\/shop-de\/poster\/diablerets-isenau-eier\/","og_site_name":"La Jonx","article_publisher":"https:\/\/www.facebook.com\/lajonx.ch","article_modified_time":"2026-03-12T16:35:45+00:00","og_image":[{"width":1466,"height":1728,"url":"https:\/\/www.la-jonx.ch\/wp-content\/uploads\/2025\/11\/9Swiss-poster-Affiche-La-Jonx-copieBPI-30x40_Les-Diablerets-Mythiques-Oeufs-dIsineau.jpg","type":"image\/jpeg"}],"twitter_card":"summary_large_image","twitter_title":"Poster Product Template | Poster Schweiz La Jonx","twitter_misc":{"Verf\u00fcgbarkeit":"Auf Lager"},"schema":{"@context":"https:\/\/schema.org","@graph":[{"@type":"WebPage","@id":"https:\/\/www.la-jonx.ch\/de\/shop-de\/poster\/diablerets-isenau-eier\/","url":"https:\/\/www.la-jonx.ch\/de\/shop-de\/poster\/diablerets-isenau-eier\/","name":"Plakat von Diablerets - Eier von Isenau | Poster Schweiz","isPartOf":{"@id":"https:\/\/www.la-jonx.ch\/de\/#website"},"primaryImageOfPage":{"@id":"https:\/\/www.la-jonx.ch\/de\/shop-de\/poster\/diablerets-isenau-eier\/#primaryimage"},"image":{"@id":"https:\/\/www.la-jonx.ch\/de\/shop-de\/poster\/diablerets-isenau-eier\/#primaryimage"},"thumbnailUrl":"https:\/\/www.la-jonx.ch\/wp-content\/uploads\/2025\/11\/9Swiss-poster-Affiche-La-Jonx-copieBPI-30x40_Les-Diablerets-Mythiques-Oeufs-dIsineau.jpg","datePublished":"2025-11-22T08:18:35+00:00","dateModified":"2026-03-12T16:35:45+00:00","description":"Plakat von Diablerets - Eier von Isenau \u2014 handgefertigtes Schweizer Poster, in der Schweiz gedruckt. Das originelle Schweizer Geschenk, um Ihr Zuhause stilvoll zu dekorieren.","breadcrumb":{"@id":"https:\/\/www.la-jonx.ch\/de\/shop-de\/poster\/diablerets-isenau-eier\/#breadcrumb"},"inLanguage":"de","potentialAction":[{"@type":"ReadAction","target":["https:\/\/www.la-jonx.ch\/de\/shop-de\/poster\/diablerets-isenau-eier\/"]}]},{"@type":"ImageObject","inLanguage":"de","@id":"https:\/\/www.la-jonx.ch\/de\/shop-de\/poster\/diablerets-isenau-eier\/#primaryimage","url":"https:\/\/www.la-jonx.ch\/wp-content\/uploads\/2025\/11\/9Swiss-poster-Affiche-La-Jonx-copieBPI-30x40_Les-Diablerets-Mythiques-Oeufs-dIsineau.jpg","contentUrl":"https:\/\/www.la-jonx.ch\/wp-content\/uploads\/2025\/11\/9Swiss-poster-Affiche-La-Jonx-copieBPI-30x40_Les-Diablerets-Mythiques-Oeufs-dIsineau.jpg","width":1466,"height":1728,"caption":"Poster von Diablerets - oeufs d'Isenau, pr\u00e4sentiert in einem Holzrahmen"},{"@type":"BreadcrumbList","@id":"https:\/\/www.la-jonx.ch\/de\/shop-de\/poster\/diablerets-isenau-eier\/#breadcrumb","itemListElement":[{"@type":"ListItem","position":1,"name":"Accueil","item":"https:\/\/www.la-jonx.ch\/de\/"},{"@type":"ListItem","position":2,"name":"Shop","item":"https:\/\/www.la-jonx.ch\/shop\/?lang=de"},{"@type":"ListItem","position":3,"name":"Poster","item":"https:\/\/www.la-jonx.ch\/de\/produktkategorie\/poster\/"},{"@type":"ListItem","position":4,"name":"Diablerets &#8211; Isenau Eier"}]},{"@type":"WebSite","@id":"https:\/\/www.la-jonx.ch\/de\/#website","url":"https:\/\/www.la-jonx.ch\/de\/","name":"La Jonx","description":"Schweizer Grafikwerkstatt","publisher":{"@id":"https:\/\/www.la-jonx.ch\/de\/#organization"},"potentialAction":[{"@type":"SearchAction","target":{"@type":"EntryPoint","urlTemplate":"https:\/\/www.la-jonx.ch\/de\/?s={search_term_string}"},"query-input":{"@type":"PropertyValueSpecification","valueRequired":true,"valueName":"search_term_string"}}],"inLanguage":"de"},{"@type":"Organization","@id":"https:\/\/www.la-jonx.ch\/de\/#organization","name":"La Jonx","url":"https:\/\/www.la-jonx.ch\/de\/","logo":{"@type":"ImageObject","inLanguage":"de","@id":"https:\/\/www.la-jonx.ch\/de\/#\/schema\/logo\/image\/","url":"https:\/\/www.la-jonx.ch\/wp-content\/uploads\/2021\/09\/logo-la-jonx-atzelier-graphique.png","contentUrl":"https:\/\/www.la-jonx.ch\/wp-content\/uploads\/2021\/09\/logo-la-jonx-atzelier-graphique.png","width":378,"height":129,"caption":"La Jonx"},"image":{"@id":"https:\/\/www.la-jonx.ch\/de\/#\/schema\/logo\/image\/"},"sameAs":["https:\/\/www.facebook.com\/lajonx.ch","https:\/\/www.instagram.com\/lajonx.ch\/?hl=fr"]}]},"og_availability":"instock","product_availability":"instock","product_condition":"new"},"additional_image_1":"https:\/\/www.la-jonx.ch\/wp-content\/uploads\/2025\/11\/31Salon-Poster-SuisseBPI-30x40_Les-Diablerets-Mythiques-Oeufs-dIsineau.jpg","additional_image_2":"https:\/\/www.la-jonx.ch\/wp-content\/uploads\/2025\/11\/20Enveloppe-Affiche-SuisseBPI-30x40_Les-Diablerets-Mythiques-Oeufs-dIsineau.jpg","uagb_featured_image_src":{"full":["https:\/\/www.la-jonx.ch\/wp-content\/uploads\/2025\/11\/9Swiss-poster-Affiche-La-Jonx-copieBPI-30x40_Les-Diablerets-Mythiques-Oeufs-dIsineau.jpg",1466,1728,false],"thumbnail":["https:\/\/www.la-jonx.ch\/wp-content\/uploads\/2025\/11\/9Swiss-poster-Affiche-La-Jonx-copieBPI-30x40_Les-Diablerets-Mythiques-Oeufs-dIsineau-150x150.jpg",150,150,true],"medium":["https:\/\/www.la-jonx.ch\/wp-content\/uploads\/2025\/11\/9Swiss-poster-Affiche-La-Jonx-copieBPI-30x40_Les-Diablerets-Mythiques-Oeufs-dIsineau-255x300.jpg",255,300,true],"medium_large":["https:\/\/www.la-jonx.ch\/wp-content\/uploads\/2025\/11\/9Swiss-poster-Affiche-La-Jonx-copieBPI-30x40_Les-Diablerets-Mythiques-Oeufs-dIsineau-768x905.jpg",768,905,true],"large":["https:\/\/www.la-jonx.ch\/wp-content\/uploads\/2025\/11\/9Swiss-poster-Affiche-La-Jonx-copieBPI-30x40_Les-Diablerets-Mythiques-Oeufs-dIsineau-869x1024.jpg",869,1024,true],"1536x1536":["https:\/\/www.la-jonx.ch\/wp-content\/uploads\/2025\/11\/9Swiss-poster-Affiche-La-Jonx-copieBPI-30x40_Les-Diablerets-Mythiques-Oeufs-dIsineau-1303x1536.jpg",1303,1536,true],"2048x2048":["https:\/\/www.la-jonx.ch\/wp-content\/uploads\/2025\/11\/9Swiss-poster-Affiche-La-Jonx-copieBPI-30x40_Les-Diablerets-Mythiques-Oeufs-dIsineau.jpg",1466,1728,false],"woocommerce_thumbnail":["https:\/\/www.la-jonx.ch\/wp-content\/uploads\/2025\/11\/9Swiss-poster-Affiche-La-Jonx-copieBPI-30x40_Les-Diablerets-Mythiques-Oeufs-dIsineau-350x420.jpg",350,420,true],"woocommerce_single":["https:\/\/www.la-jonx.ch\/wp-content\/uploads\/2025\/11\/9Swiss-poster-Affiche-La-Jonx-copieBPI-30x40_Les-Diablerets-Mythiques-Oeufs-dIsineau-510x601.jpg",510,601,true],"woocommerce_gallery_thumbnail":["https:\/\/www.la-jonx.ch\/wp-content\/uploads\/2025\/11\/9Swiss-poster-Affiche-La-Jonx-copieBPI-30x40_Les-Diablerets-Mythiques-Oeufs-dIsineau-100x100.jpg",100,100,true],"dgwt-wcas-product-suggestion":["https:\/\/www.la-jonx.ch\/wp-content\/uploads\/2025\/11\/9Swiss-poster-Affiche-La-Jonx-copieBPI-30x40_Les-Diablerets-Mythiques-Oeufs-dIsineau.jpg",64,75,false]},"uagb_author_info":{"display_name":"L'atelier La Jonx","author_link":"https:\/\/www.la-jonx.ch\/de\/author\/"},"uagb_comment_info":0,"uagb_excerpt":"Dieses Plakat von Diablerets - Eier von Isenau ist eine originale Kreation, von Hand gezeichnet und in der Schweiz auf hochwertigem Papier gedruckt. Zum Verschenken oder f\u00fcr sich selbst.Die mythischen Eier von Isenau und ihre einzigartige Silhouette \u00fcber den Diablerets. Eine alpine Landschaft, die mit keiner anderen vergleichbar ist.[block id='affiches-short-description-addon']","_links":{"self":[{"href":"https:\/\/www.la-jonx.ch\/de\/wp-json\/wp\/v2\/product\/42310","targetHints":{"allow":["GET"]}}],"collection":[{"href":"https:\/\/www.la-jonx.ch\/de\/wp-json\/wp\/v2\/product"}],"about":[{"href":"https:\/\/www.la-jonx.ch\/de\/wp-json\/wp\/v2\/types\/product"}],"wp:featuredmedia":[{"embeddable":true,"href":"https:\/\/www.la-jonx.ch\/de\/wp-json\/wp\/v2\/media\/42027"}],"wp:attachment":[{"href":"https:\/\/www.la-jonx.ch\/de\/wp-json\/wp\/v2\/media?parent=42310"}],"wp:term":[{"taxonomy":"product_brand","embeddable":true,"href":"https:\/\/www.la-jonx.ch\/de\/wp-json\/wp\/v2\/product_brand?post=42310"},{"taxonomy":"product_cat","embeddable":true,"href":"https:\/\/www.la-jonx.ch\/de\/wp-json\/wp\/v2\/product_cat?post=42310"},{"taxonomy":"product_tag","embeddable":true,"href":"https:\/\/www.la-jonx.ch\/de\/wp-json\/wp\/v2\/product_tag?post=42310"}],"curies":[{"name":"wp","href":"https:\/\/api.w.org\/{rel}","templated":true}]}}