{"id":43215,"date":"2025-11-24T20:14:59","date_gmt":"2025-11-24T19:14:59","guid":{"rendered":"https:\/\/www.la-jonx.ch\/boutique\/unkategorisiert\/geschirrtuch-swiss-milk\/"},"modified":"2026-03-12T17:43:42","modified_gmt":"2026-03-12T16:43:42","slug":"geschirrtuch-swiss-milk","status":"publish","type":"product","link":"https:\/\/www.la-jonx.ch\/de\/shop-de\/lifestyle\/geschirrtucher\/geschirrtuch-swiss-milk\/","title":{"rendered":"Geschirrtuch Swiss Milk"},"content":{"rendered":"<h3>Geschirrtuch &#8222;Swiss Milk&#8220; \u2014 kitchen textile, Swiss design<\/h3>\n<p>Hang &#8222;Swiss Milk&#8220; in your kitchen and let Swiss design speak for itself. This Geschirrtuch is absorbent, durable, and above all: it has character.<\/p>\n<blockquote><p><em>&#8222;Drink Swiss Milk or Nothing. The Geschirrtuch for those who don&#8217;t joke about Swiss milk.&#8220;<\/em><\/p><\/blockquote>\n<h3>Eigenschaften<\/h3>\n<ul>\n<li>Original design \u2014 La Jonx, Geneva<\/li>\n<li>Absorbent and durable material<\/li>\n<\/ul>\n","protected":false},"excerpt":{"rendered":"<p class='product-intro'>Dieses Swiss Milk Geschirrtuch ist eine Originalkreation, handgezeichnet in unserem Atelier in Genf. Das ideale Geschenk f\u00fcr Liebhaber der Schweiz.<\/p>\n<p class='poesie'>Trink Swiss Milk oder nichts. Das Geschirrtuch f\u00fcr diejenigen, die keinen Spa\u00df mit Schweizer Milch verstehen.<\/p>\n","protected":false},"featured_media":42793,"template":"","meta":{"_uag_custom_page_level_css":""},"product_brand":[],"product_cat":[2844],"product_tag":[],"class_list":{"0":"post-43215","1":"product","2":"type-product","3":"status-publish","4":"has-post-thumbnail","6":"product_cat-geschirrtucher","8":"first","9":"instock","10":"shipping-taxable","11":"purchasable","12":"product-type-simple"},"yoast_head":"<!-- This site is optimized with the Yoast SEO Premium plugin v27.2 (Yoast SEO v27.3) - https:\/\/yoast.com\/product\/yoast-seo-premium-wordpress\/ -->\n<title>Geschirrtuch Schweizer Milch | Original Schweizer Design \ud83c\udde8\ud83c\udded<\/title>\n<meta name=\"description\" content=\"Geschirrtuch Swiss Milk, originales Schweizer Design La Jonx. Saugf\u00e4hig und widerstandsf\u00e4hig. Das Schweizer Geschenk, das Stil in die K\u00fcche bringt.\" \/>\n<meta name=\"robots\" content=\"index, follow, max-snippet:-1, max-image-preview:large, max-video-preview:-1\" \/>\n<link rel=\"canonical\" href=\"https:\/\/www.la-jonx.ch\/de\/shop-de\/lifestyle\/geschirrtucher\/geschirrtuch-swiss-milk\/\" \/>\n<meta property=\"og:locale\" content=\"de_DE\" \/>\n<meta property=\"og:type\" content=\"article\" \/>\n<meta property=\"og:title\" content=\"Geschirrtuch Swiss Milk\" \/>\n<meta property=\"og:description\" content=\"Geschirrtuch Swiss Milk, originales Schweizer Design La Jonx. Saugf\u00e4hig und widerstandsf\u00e4hig. Das Schweizer Geschenk, das Stil in die K\u00fcche bringt.\" \/>\n<meta property=\"og:url\" content=\"https:\/\/www.la-jonx.ch\/de\/shop-de\/lifestyle\/geschirrtucher\/geschirrtuch-swiss-milk\/\" \/>\n<meta property=\"og:site_name\" content=\"La Jonx\" \/>\n<meta property=\"article:publisher\" content=\"https:\/\/www.facebook.com\/lajonx.ch\" \/>\n<meta property=\"article:modified_time\" content=\"2026-03-12T16:43:42+00:00\" \/>\n<meta property=\"og:image\" content=\"https:\/\/www.la-jonx.ch\/wp-content\/uploads\/2025\/11\/torchon-la-jonx-drink-swiss-milk-or-nothing.webp\" \/>\n\t<meta property=\"og:image:width\" content=\"1300\" \/>\n\t<meta property=\"og:image:height\" content=\"1532\" \/>\n\t<meta property=\"og:image:type\" content=\"image\/webp\" \/>\n<meta name=\"twitter:card\" content=\"summary_large_image\" \/>\n<meta name=\"twitter:label1\" content=\"Preis\" \/>\n\t<meta name=\"twitter:data1\" content=\"&#067;&#072;&#070;&nbsp;15.0\" \/>\n\t<meta name=\"twitter:label2\" content=\"Verf\u00fcgbarkeit\" \/>\n\t<meta name=\"twitter:data2\" content=\"Auf Lager\" \/>\n<script type=\"application\/ld+json\" class=\"yoast-schema-graph\">{\"@context\":\"https:\\\/\\\/schema.org\",\"@graph\":[{\"@type\":\"WebPage\",\"@id\":\"https:\\\/\\\/www.la-jonx.ch\\\/de\\\/shop-de\\\/lifestyle\\\/geschirrtucher\\\/geschirrtuch-swiss-milk\\\/\",\"url\":\"https:\\\/\\\/www.la-jonx.ch\\\/de\\\/shop-de\\\/lifestyle\\\/geschirrtucher\\\/geschirrtuch-swiss-milk\\\/\",\"name\":\"Geschirrtuch Schweizer Milch | Original Schweizer Design \ud83c\udde8\ud83c\udded\",\"isPartOf\":{\"@id\":\"https:\\\/\\\/www.la-jonx.ch\\\/de\\\/#website\"},\"primaryImageOfPage\":{\"@id\":\"https:\\\/\\\/www.la-jonx.ch\\\/de\\\/shop-de\\\/lifestyle\\\/geschirrtucher\\\/geschirrtuch-swiss-milk\\\/#primaryimage\"},\"image\":{\"@id\":\"https:\\\/\\\/www.la-jonx.ch\\\/de\\\/shop-de\\\/lifestyle\\\/geschirrtucher\\\/geschirrtuch-swiss-milk\\\/#primaryimage\"},\"thumbnailUrl\":\"https:\\\/\\\/www.la-jonx.ch\\\/wp-content\\\/uploads\\\/2025\\\/11\\\/torchon-la-jonx-drink-swiss-milk-or-nothing.webp\",\"datePublished\":\"2025-11-24T19:14:59+00:00\",\"dateModified\":\"2026-03-12T16:43:42+00:00\",\"description\":\"Geschirrtuch Swiss Milk, originales Schweizer Design La Jonx. Saugf\u00e4hig und widerstandsf\u00e4hig. Das Schweizer Geschenk, das Stil in die K\u00fcche bringt.\",\"breadcrumb\":{\"@id\":\"https:\\\/\\\/www.la-jonx.ch\\\/de\\\/shop-de\\\/lifestyle\\\/geschirrtucher\\\/geschirrtuch-swiss-milk\\\/#breadcrumb\"},\"inLanguage\":\"de\",\"potentialAction\":[{\"@type\":\"ReadAction\",\"target\":[\"https:\\\/\\\/www.la-jonx.ch\\\/de\\\/shop-de\\\/lifestyle\\\/geschirrtucher\\\/geschirrtuch-swiss-milk\\\/\"]}]},{\"@type\":\"ImageObject\",\"inLanguage\":\"de\",\"@id\":\"https:\\\/\\\/www.la-jonx.ch\\\/de\\\/shop-de\\\/lifestyle\\\/geschirrtucher\\\/geschirrtuch-swiss-milk\\\/#primaryimage\",\"url\":\"https:\\\/\\\/www.la-jonx.ch\\\/wp-content\\\/uploads\\\/2025\\\/11\\\/torchon-la-jonx-drink-swiss-milk-or-nothing.webp\",\"contentUrl\":\"https:\\\/\\\/www.la-jonx.ch\\\/wp-content\\\/uploads\\\/2025\\\/11\\\/torchon-la-jonx-drink-swiss-milk-or-nothing.webp\",\"width\":1300,\"height\":1532},{\"@type\":\"BreadcrumbList\",\"@id\":\"https:\\\/\\\/www.la-jonx.ch\\\/de\\\/shop-de\\\/lifestyle\\\/geschirrtucher\\\/geschirrtuch-swiss-milk\\\/#breadcrumb\",\"itemListElement\":[{\"@type\":\"ListItem\",\"position\":1,\"name\":\"Accueil\",\"item\":\"https:\\\/\\\/www.la-jonx.ch\\\/de\\\/\"},{\"@type\":\"ListItem\",\"position\":2,\"name\":\"Shop\",\"item\":\"https:\\\/\\\/www.la-jonx.ch\\\/shop\\\/?lang=de\"},{\"@type\":\"ListItem\",\"position\":3,\"name\":\"Lifestyle\",\"item\":\"https:\\\/\\\/www.la-jonx.ch\\\/de\\\/produktkategorie\\\/lifestyle\\\/\"},{\"@type\":\"ListItem\",\"position\":4,\"name\":\"Geschirrt\u00fccher\",\"item\":\"https:\\\/\\\/www.la-jonx.ch\\\/de\\\/produktkategorie\\\/lifestyle\\\/geschirrtucher\\\/\"},{\"@type\":\"ListItem\",\"position\":5,\"name\":\"Geschirrtuch Swiss Milk\"}]},{\"@type\":\"WebSite\",\"@id\":\"https:\\\/\\\/www.la-jonx.ch\\\/de\\\/#website\",\"url\":\"https:\\\/\\\/www.la-jonx.ch\\\/de\\\/\",\"name\":\"La Jonx\",\"description\":\"Schweizer Grafikwerkstatt\",\"publisher\":{\"@id\":\"https:\\\/\\\/www.la-jonx.ch\\\/de\\\/#organization\"},\"potentialAction\":[{\"@type\":\"SearchAction\",\"target\":{\"@type\":\"EntryPoint\",\"urlTemplate\":\"https:\\\/\\\/www.la-jonx.ch\\\/de\\\/?s={search_term_string}\"},\"query-input\":{\"@type\":\"PropertyValueSpecification\",\"valueRequired\":true,\"valueName\":\"search_term_string\"}}],\"inLanguage\":\"de\"},{\"@type\":\"Organization\",\"@id\":\"https:\\\/\\\/www.la-jonx.ch\\\/de\\\/#organization\",\"name\":\"La Jonx\",\"url\":\"https:\\\/\\\/www.la-jonx.ch\\\/de\\\/\",\"logo\":{\"@type\":\"ImageObject\",\"inLanguage\":\"de\",\"@id\":\"https:\\\/\\\/www.la-jonx.ch\\\/de\\\/#\\\/schema\\\/logo\\\/image\\\/\",\"url\":\"https:\\\/\\\/www.la-jonx.ch\\\/wp-content\\\/uploads\\\/2021\\\/09\\\/logo-la-jonx-atzelier-graphique.png\",\"contentUrl\":\"https:\\\/\\\/www.la-jonx.ch\\\/wp-content\\\/uploads\\\/2021\\\/09\\\/logo-la-jonx-atzelier-graphique.png\",\"width\":378,\"height\":129,\"caption\":\"La Jonx\"},\"image\":{\"@id\":\"https:\\\/\\\/www.la-jonx.ch\\\/de\\\/#\\\/schema\\\/logo\\\/image\\\/\"},\"sameAs\":[\"https:\\\/\\\/www.facebook.com\\\/lajonx.ch\",\"https:\\\/\\\/www.instagram.com\\\/lajonx.ch\\\/?hl=fr\"]}]}<\/script>\n<meta property=\"product:price:amount\" content=\"15.0\" \/>\n<meta property=\"product:price:currency\" content=\"CHF\" \/>\n<meta property=\"og:availability\" content=\"instock\" \/>\n<meta property=\"product:availability\" content=\"instock\" \/>\n<meta property=\"product:condition\" content=\"new\" \/>\n<!-- \/ Yoast SEO Premium plugin. -->","yoast_head_json":{"title":"Geschirrtuch Schweizer Milch | Original Schweizer Design \ud83c\udde8\ud83c\udded","description":"Geschirrtuch Swiss Milk, originales Schweizer Design La Jonx. Saugf\u00e4hig und widerstandsf\u00e4hig. Das Schweizer Geschenk, das Stil in die K\u00fcche bringt.","robots":{"index":"index","follow":"follow","max-snippet":"max-snippet:-1","max-image-preview":"max-image-preview:large","max-video-preview":"max-video-preview:-1"},"canonical":"https:\/\/www.la-jonx.ch\/de\/shop-de\/lifestyle\/geschirrtucher\/geschirrtuch-swiss-milk\/","og_locale":"de_DE","og_type":"article","og_title":"Geschirrtuch Swiss Milk","og_description":"Geschirrtuch Swiss Milk, originales Schweizer Design La Jonx. Saugf\u00e4hig und widerstandsf\u00e4hig. Das Schweizer Geschenk, das Stil in die K\u00fcche bringt.","og_url":"https:\/\/www.la-jonx.ch\/de\/shop-de\/lifestyle\/geschirrtucher\/geschirrtuch-swiss-milk\/","og_site_name":"La Jonx","article_publisher":"https:\/\/www.facebook.com\/lajonx.ch","article_modified_time":"2026-03-12T16:43:42+00:00","og_image":[{"width":1300,"height":1532,"url":"https:\/\/www.la-jonx.ch\/wp-content\/uploads\/2025\/11\/torchon-la-jonx-drink-swiss-milk-or-nothing.webp","type":"image\/webp"}],"twitter_card":"summary_large_image","twitter_misc":{"Preis":"&#67;&#72;&#70;&nbsp;15.0","Verf\u00fcgbarkeit":"Auf Lager"},"schema":{"@context":"https:\/\/schema.org","@graph":[{"@type":"WebPage","@id":"https:\/\/www.la-jonx.ch\/de\/shop-de\/lifestyle\/geschirrtucher\/geschirrtuch-swiss-milk\/","url":"https:\/\/www.la-jonx.ch\/de\/shop-de\/lifestyle\/geschirrtucher\/geschirrtuch-swiss-milk\/","name":"Geschirrtuch Schweizer Milch | Original Schweizer Design \ud83c\udde8\ud83c\udded","isPartOf":{"@id":"https:\/\/www.la-jonx.ch\/de\/#website"},"primaryImageOfPage":{"@id":"https:\/\/www.la-jonx.ch\/de\/shop-de\/lifestyle\/geschirrtucher\/geschirrtuch-swiss-milk\/#primaryimage"},"image":{"@id":"https:\/\/www.la-jonx.ch\/de\/shop-de\/lifestyle\/geschirrtucher\/geschirrtuch-swiss-milk\/#primaryimage"},"thumbnailUrl":"https:\/\/www.la-jonx.ch\/wp-content\/uploads\/2025\/11\/torchon-la-jonx-drink-swiss-milk-or-nothing.webp","datePublished":"2025-11-24T19:14:59+00:00","dateModified":"2026-03-12T16:43:42+00:00","description":"Geschirrtuch Swiss Milk, originales Schweizer Design La Jonx. Saugf\u00e4hig und widerstandsf\u00e4hig. Das Schweizer Geschenk, das Stil in die K\u00fcche bringt.","breadcrumb":{"@id":"https:\/\/www.la-jonx.ch\/de\/shop-de\/lifestyle\/geschirrtucher\/geschirrtuch-swiss-milk\/#breadcrumb"},"inLanguage":"de","potentialAction":[{"@type":"ReadAction","target":["https:\/\/www.la-jonx.ch\/de\/shop-de\/lifestyle\/geschirrtucher\/geschirrtuch-swiss-milk\/"]}]},{"@type":"ImageObject","inLanguage":"de","@id":"https:\/\/www.la-jonx.ch\/de\/shop-de\/lifestyle\/geschirrtucher\/geschirrtuch-swiss-milk\/#primaryimage","url":"https:\/\/www.la-jonx.ch\/wp-content\/uploads\/2025\/11\/torchon-la-jonx-drink-swiss-milk-or-nothing.webp","contentUrl":"https:\/\/www.la-jonx.ch\/wp-content\/uploads\/2025\/11\/torchon-la-jonx-drink-swiss-milk-or-nothing.webp","width":1300,"height":1532},{"@type":"BreadcrumbList","@id":"https:\/\/www.la-jonx.ch\/de\/shop-de\/lifestyle\/geschirrtucher\/geschirrtuch-swiss-milk\/#breadcrumb","itemListElement":[{"@type":"ListItem","position":1,"name":"Accueil","item":"https:\/\/www.la-jonx.ch\/de\/"},{"@type":"ListItem","position":2,"name":"Shop","item":"https:\/\/www.la-jonx.ch\/shop\/?lang=de"},{"@type":"ListItem","position":3,"name":"Lifestyle","item":"https:\/\/www.la-jonx.ch\/de\/produktkategorie\/lifestyle\/"},{"@type":"ListItem","position":4,"name":"Geschirrt\u00fccher","item":"https:\/\/www.la-jonx.ch\/de\/produktkategorie\/lifestyle\/geschirrtucher\/"},{"@type":"ListItem","position":5,"name":"Geschirrtuch Swiss Milk"}]},{"@type":"WebSite","@id":"https:\/\/www.la-jonx.ch\/de\/#website","url":"https:\/\/www.la-jonx.ch\/de\/","name":"La Jonx","description":"Schweizer Grafikwerkstatt","publisher":{"@id":"https:\/\/www.la-jonx.ch\/de\/#organization"},"potentialAction":[{"@type":"SearchAction","target":{"@type":"EntryPoint","urlTemplate":"https:\/\/www.la-jonx.ch\/de\/?s={search_term_string}"},"query-input":{"@type":"PropertyValueSpecification","valueRequired":true,"valueName":"search_term_string"}}],"inLanguage":"de"},{"@type":"Organization","@id":"https:\/\/www.la-jonx.ch\/de\/#organization","name":"La Jonx","url":"https:\/\/www.la-jonx.ch\/de\/","logo":{"@type":"ImageObject","inLanguage":"de","@id":"https:\/\/www.la-jonx.ch\/de\/#\/schema\/logo\/image\/","url":"https:\/\/www.la-jonx.ch\/wp-content\/uploads\/2021\/09\/logo-la-jonx-atzelier-graphique.png","contentUrl":"https:\/\/www.la-jonx.ch\/wp-content\/uploads\/2021\/09\/logo-la-jonx-atzelier-graphique.png","width":378,"height":129,"caption":"La Jonx"},"image":{"@id":"https:\/\/www.la-jonx.ch\/de\/#\/schema\/logo\/image\/"},"sameAs":["https:\/\/www.facebook.com\/lajonx.ch","https:\/\/www.instagram.com\/lajonx.ch\/?hl=fr"]}]},"product_price_amount":"15.0","product_price_currency":"CHF","og_availability":"instock","product_availability":"instock","product_condition":"new"},"additional_image_1":"https:\/\/www.la-jonx.ch\/wp-content\/uploads\/2026\/04\/torchon-coews-of-the-alps.webp","additional_image_2":"https:\/\/www.la-jonx.ch\/wp-content\/uploads\/2026\/04\/drine-swiss-milk-ro-nothing-torchon.webp","uagb_featured_image_src":{"full":["https:\/\/www.la-jonx.ch\/wp-content\/uploads\/2025\/11\/torchon-la-jonx-drink-swiss-milk-or-nothing.webp",1300,1532,false],"thumbnail":["https:\/\/www.la-jonx.ch\/wp-content\/uploads\/2025\/11\/torchon-la-jonx-drink-swiss-milk-or-nothing-150x150.webp",150,150,true],"medium":["https:\/\/www.la-jonx.ch\/wp-content\/uploads\/2025\/11\/torchon-la-jonx-drink-swiss-milk-or-nothing-255x300.webp",255,300,true],"medium_large":["https:\/\/www.la-jonx.ch\/wp-content\/uploads\/2025\/11\/torchon-la-jonx-drink-swiss-milk-or-nothing-768x905.webp",768,905,true],"large":["https:\/\/www.la-jonx.ch\/wp-content\/uploads\/2025\/11\/torchon-la-jonx-drink-swiss-milk-or-nothing-869x1024.webp",869,1024,true],"1536x1536":["https:\/\/www.la-jonx.ch\/wp-content\/uploads\/2025\/11\/torchon-la-jonx-drink-swiss-milk-or-nothing.webp",1300,1532,false],"2048x2048":["https:\/\/www.la-jonx.ch\/wp-content\/uploads\/2025\/11\/torchon-la-jonx-drink-swiss-milk-or-nothing.webp",1300,1532,false],"woocommerce_thumbnail":["https:\/\/www.la-jonx.ch\/wp-content\/uploads\/2025\/11\/torchon-la-jonx-drink-swiss-milk-or-nothing-350x420.webp",350,420,true],"woocommerce_single":["https:\/\/www.la-jonx.ch\/wp-content\/uploads\/2025\/11\/torchon-la-jonx-drink-swiss-milk-or-nothing-510x601.webp",510,601,true],"woocommerce_gallery_thumbnail":["https:\/\/www.la-jonx.ch\/wp-content\/uploads\/2025\/11\/torchon-la-jonx-drink-swiss-milk-or-nothing-100x100.webp",100,100,true],"dgwt-wcas-product-suggestion":["https:\/\/www.la-jonx.ch\/wp-content\/uploads\/2025\/11\/torchon-la-jonx-drink-swiss-milk-or-nothing.webp",64,75,false]},"uagb_author_info":{"display_name":"L'atelier La Jonx","author_link":"https:\/\/www.la-jonx.ch\/de\/author\/"},"uagb_comment_info":0,"uagb_excerpt":"Dieses Swiss Milk Geschirrtuch ist eine Originalkreation, handgezeichnet in unserem Atelier in Genf. Das ideale Geschenk f\u00fcr Liebhaber der Schweiz.Trink Swiss Milk oder nichts. Das Geschirrtuch f\u00fcr diejenigen, die keinen Spa\u00df mit Schweizer Milch verstehen.","_links":{"self":[{"href":"https:\/\/www.la-jonx.ch\/de\/wp-json\/wp\/v2\/product\/43215","targetHints":{"allow":["GET"]}}],"collection":[{"href":"https:\/\/www.la-jonx.ch\/de\/wp-json\/wp\/v2\/product"}],"about":[{"href":"https:\/\/www.la-jonx.ch\/de\/wp-json\/wp\/v2\/types\/product"}],"wp:featuredmedia":[{"embeddable":true,"href":"https:\/\/www.la-jonx.ch\/de\/wp-json\/wp\/v2\/media\/42793"}],"wp:attachment":[{"href":"https:\/\/www.la-jonx.ch\/de\/wp-json\/wp\/v2\/media?parent=43215"}],"wp:term":[{"taxonomy":"product_brand","embeddable":true,"href":"https:\/\/www.la-jonx.ch\/de\/wp-json\/wp\/v2\/product_brand?post=43215"},{"taxonomy":"product_cat","embeddable":true,"href":"https:\/\/www.la-jonx.ch\/de\/wp-json\/wp\/v2\/product_cat?post=43215"},{"taxonomy":"product_tag","embeddable":true,"href":"https:\/\/www.la-jonx.ch\/de\/wp-json\/wp\/v2\/product_tag?post=43215"}],"curies":[{"name":"wp","href":"https:\/\/api.w.org\/{rel}","templated":true}]}}