{"id":43223,"date":"2025-05-09T16:53:43","date_gmt":"2025-05-09T14:53:43","guid":{"rendered":"https:\/\/www.la-jonx.ch\/boutique\/unkategorisiert\/flaschenoeffner-4er-pack\/"},"modified":"2026-03-12T17:35:53","modified_gmt":"2026-03-12T16:35:53","slug":"flaschenoeffner-4er-pack","status":"publish","type":"product","link":"https:\/\/www.la-jonx.ch\/de\/shop-de\/lifestyle\/flaschenoffner\/flaschenoeffner-4er-pack\/","title":{"rendered":"Flaschen\u00f6ffner &#8211; 4er-Pack"},"content":{"rendered":"<h3>Flaschen\u00f6ffner \u00ab Flaschen\u00f6ffner &#8211; 4er Pack \u00bb \u2014 Schweizer Accessoire mit Humor<\/h3>\n<p>\u00ab Flaschen\u00f6ffner &#8211; 4er Pack \u00bb \u2014 ein Flaschen\u00f6ffner mit Schlagfertigkeit. Originelles Design La Jonx, mit integriertem Magnet, um sich zwischen zwei Aperos an Ihren K\u00fchlschrank zu heften. Das humorvolle Schweizer Geschenk, das immer Eindruck macht.<\/p>\n<blockquote><p><em>\u00ab Vier Flaschen\u00f6ffner, vier Schweizer Ausdr\u00fccke. Das komplette Set f\u00fcr illustrierte Aperos. \u00bb<\/em><\/p><\/blockquote>\n<h3>Eigenschaften<\/h3>\n<ul>\n<li>Originelles Design \u2014 La Jonx, Genf<\/li>\n<li>Integrierter Magnet zur K\u00fchlschrankbefestigung<\/li>\n<\/ul>\n","protected":false},"excerpt":{"rendered":"<p class='product-intro'>Dieser Flaschen\u00f6ffner Flaschen\u00f6ffner &#8211; 4er-Pack ist eine originelle Kreation, handgezeichnet in unserem Atelier in Genf. Das ideale Geschenk f\u00fcr Liebhaber der Schweiz.<\/p>\n<p class='poesie'>Vier Flaschen\u00f6ffner, vier schweizerische Ausdr\u00fccke. Das komplette Set f\u00fcr illustrierte Aperitifs.<\/p>\n","protected":false},"featured_media":33673,"template":"","meta":{"_uag_custom_page_level_css":""},"product_brand":[],"product_cat":[2839],"product_tag":[2973,2972,2501,388,2974],"class_list":{"0":"post-43223","1":"product","2":"type-product","3":"status-publish","4":"has-post-thumbnail","6":"product_cat-flaschenoffner","7":"product_tag-apero","8":"product_tag-flaschenoffner","9":"product_tag-magnet-de-2","10":"product_tag-schwane","11":"product_tag-swiss-made","12":"product_shipping_class-letter-de","14":"first","15":"outofstock","16":"shipping-taxable","17":"purchasable","18":"product-type-simple"},"yoast_head":"<!-- This site is optimized with the Yoast SEO Premium plugin v27.2 (Yoast SEO v27.3) - https:\/\/yoast.com\/product\/yoast-seo-premium-wordpress\/ -->\n<title>Flaschen\u00f6ffner Flaschen\u00f6ffner - 4er Pack | Schweizer Geschenk Humor<\/title>\n<meta name=\"description\" content=\"Dekorative Flaschen\u00f6ffner - 4er-Pack, Schweizer Design La Jonx mit integriertem Magnet. Das perfekte humorvolle Schweizer Geschenk f\u00fcr Aperitifs.\" \/>\n<meta name=\"robots\" content=\"index, follow, max-snippet:-1, max-image-preview:large, max-video-preview:-1\" \/>\n<link rel=\"canonical\" href=\"https:\/\/www.la-jonx.ch\/de\/shop-de\/lifestyle\/flaschenoffner\/flaschenoeffner-4er-pack\/\" \/>\n<meta property=\"og:locale\" content=\"de_DE\" \/>\n<meta property=\"og:type\" content=\"article\" \/>\n<meta property=\"og:title\" content=\"Flaschen\u00f6ffner - 4er-Pack\" \/>\n<meta property=\"og:description\" content=\"Dekorative Flaschen\u00f6ffner - 4er-Pack, Schweizer Design La Jonx mit integriertem Magnet. Das perfekte humorvolle Schweizer Geschenk f\u00fcr Aperitifs.\" \/>\n<meta property=\"og:url\" content=\"https:\/\/www.la-jonx.ch\/de\/shop-de\/lifestyle\/flaschenoffner\/flaschenoeffner-4er-pack\/\" \/>\n<meta property=\"og:site_name\" content=\"La Jonx\" \/>\n<meta property=\"article:publisher\" content=\"https:\/\/www.facebook.com\/lajonx.ch\" \/>\n<meta property=\"article:modified_time\" content=\"2026-03-12T16:35:53+00:00\" \/>\n<meta property=\"og:image\" content=\"https:\/\/www.la-jonx.ch\/wp-content\/uploads\/2025\/05\/pack-4-decapsuleurs.webp\" \/>\n\t<meta property=\"og:image:width\" content=\"1466\" \/>\n\t<meta property=\"og:image:height\" content=\"1728\" \/>\n\t<meta property=\"og:image:type\" content=\"image\/webp\" \/>\n<meta name=\"twitter:card\" content=\"summary_large_image\" \/>\n<meta name=\"twitter:label1\" content=\"Preis\" \/>\n\t<meta name=\"twitter:data1\" content=\"&#067;&#072;&#070;&nbsp;25.0\" \/>\n\t<meta name=\"twitter:label2\" content=\"Verf\u00fcgbarkeit\" \/>\n\t<meta name=\"twitter:data2\" content=\"ausverkauft\" \/>\n<script type=\"application\/ld+json\" class=\"yoast-schema-graph\">{\"@context\":\"https:\\\/\\\/schema.org\",\"@graph\":[{\"@type\":\"WebPage\",\"@id\":\"https:\\\/\\\/www.la-jonx.ch\\\/de\\\/shop-de\\\/lifestyle\\\/flaschenoffner\\\/flaschenoeffner-4er-pack\\\/\",\"url\":\"https:\\\/\\\/www.la-jonx.ch\\\/de\\\/shop-de\\\/lifestyle\\\/flaschenoffner\\\/flaschenoeffner-4er-pack\\\/\",\"name\":\"Flaschen\u00f6ffner Flaschen\u00f6ffner - 4er Pack | Schweizer Geschenk Humor\",\"isPartOf\":{\"@id\":\"https:\\\/\\\/www.la-jonx.ch\\\/de\\\/#website\"},\"primaryImageOfPage\":{\"@id\":\"https:\\\/\\\/www.la-jonx.ch\\\/de\\\/shop-de\\\/lifestyle\\\/flaschenoffner\\\/flaschenoeffner-4er-pack\\\/#primaryimage\"},\"image\":{\"@id\":\"https:\\\/\\\/www.la-jonx.ch\\\/de\\\/shop-de\\\/lifestyle\\\/flaschenoffner\\\/flaschenoeffner-4er-pack\\\/#primaryimage\"},\"thumbnailUrl\":\"https:\\\/\\\/www.la-jonx.ch\\\/wp-content\\\/uploads\\\/2025\\\/05\\\/pack-4-decapsuleurs.webp\",\"datePublished\":\"2025-05-09T14:53:43+00:00\",\"dateModified\":\"2026-03-12T16:35:53+00:00\",\"description\":\"Dekorative Flaschen\u00f6ffner - 4er-Pack, Schweizer Design La Jonx mit integriertem Magnet. Das perfekte humorvolle Schweizer Geschenk f\u00fcr Aperitifs.\",\"breadcrumb\":{\"@id\":\"https:\\\/\\\/www.la-jonx.ch\\\/de\\\/shop-de\\\/lifestyle\\\/flaschenoffner\\\/flaschenoeffner-4er-pack\\\/#breadcrumb\"},\"inLanguage\":\"de\",\"potentialAction\":[{\"@type\":\"ReadAction\",\"target\":[\"https:\\\/\\\/www.la-jonx.ch\\\/de\\\/shop-de\\\/lifestyle\\\/flaschenoffner\\\/flaschenoeffner-4er-pack\\\/\"]}]},{\"@type\":\"ImageObject\",\"inLanguage\":\"de\",\"@id\":\"https:\\\/\\\/www.la-jonx.ch\\\/de\\\/shop-de\\\/lifestyle\\\/flaschenoffner\\\/flaschenoeffner-4er-pack\\\/#primaryimage\",\"url\":\"https:\\\/\\\/www.la-jonx.ch\\\/wp-content\\\/uploads\\\/2025\\\/05\\\/pack-4-decapsuleurs.webp\",\"contentUrl\":\"https:\\\/\\\/www.la-jonx.ch\\\/wp-content\\\/uploads\\\/2025\\\/05\\\/pack-4-decapsuleurs.webp\",\"width\":1466,\"height\":1728},{\"@type\":\"BreadcrumbList\",\"@id\":\"https:\\\/\\\/www.la-jonx.ch\\\/de\\\/shop-de\\\/lifestyle\\\/flaschenoffner\\\/flaschenoeffner-4er-pack\\\/#breadcrumb\",\"itemListElement\":[{\"@type\":\"ListItem\",\"position\":1,\"name\":\"Accueil\",\"item\":\"https:\\\/\\\/www.la-jonx.ch\\\/de\\\/\"},{\"@type\":\"ListItem\",\"position\":2,\"name\":\"Shop\",\"item\":\"https:\\\/\\\/www.la-jonx.ch\\\/shop\\\/?lang=de\"},{\"@type\":\"ListItem\",\"position\":3,\"name\":\"Lifestyle\",\"item\":\"https:\\\/\\\/www.la-jonx.ch\\\/de\\\/produktkategorie\\\/lifestyle\\\/\"},{\"@type\":\"ListItem\",\"position\":4,\"name\":\"Flaschen\u00f6ffner\",\"item\":\"https:\\\/\\\/www.la-jonx.ch\\\/de\\\/produktkategorie\\\/lifestyle\\\/flaschenoffner\\\/\"},{\"@type\":\"ListItem\",\"position\":5,\"name\":\"Flaschen\u00f6ffner &#8211; 4er-Pack\"}]},{\"@type\":\"WebSite\",\"@id\":\"https:\\\/\\\/www.la-jonx.ch\\\/de\\\/#website\",\"url\":\"https:\\\/\\\/www.la-jonx.ch\\\/de\\\/\",\"name\":\"La Jonx\",\"description\":\"Schweizer Grafikwerkstatt\",\"publisher\":{\"@id\":\"https:\\\/\\\/www.la-jonx.ch\\\/de\\\/#organization\"},\"potentialAction\":[{\"@type\":\"SearchAction\",\"target\":{\"@type\":\"EntryPoint\",\"urlTemplate\":\"https:\\\/\\\/www.la-jonx.ch\\\/de\\\/?s={search_term_string}\"},\"query-input\":{\"@type\":\"PropertyValueSpecification\",\"valueRequired\":true,\"valueName\":\"search_term_string\"}}],\"inLanguage\":\"de\"},{\"@type\":\"Organization\",\"@id\":\"https:\\\/\\\/www.la-jonx.ch\\\/de\\\/#organization\",\"name\":\"La Jonx\",\"url\":\"https:\\\/\\\/www.la-jonx.ch\\\/de\\\/\",\"logo\":{\"@type\":\"ImageObject\",\"inLanguage\":\"de\",\"@id\":\"https:\\\/\\\/www.la-jonx.ch\\\/de\\\/#\\\/schema\\\/logo\\\/image\\\/\",\"url\":\"https:\\\/\\\/www.la-jonx.ch\\\/wp-content\\\/uploads\\\/2021\\\/09\\\/logo-la-jonx-atzelier-graphique.png\",\"contentUrl\":\"https:\\\/\\\/www.la-jonx.ch\\\/wp-content\\\/uploads\\\/2021\\\/09\\\/logo-la-jonx-atzelier-graphique.png\",\"width\":378,\"height\":129,\"caption\":\"La Jonx\"},\"image\":{\"@id\":\"https:\\\/\\\/www.la-jonx.ch\\\/de\\\/#\\\/schema\\\/logo\\\/image\\\/\"},\"sameAs\":[\"https:\\\/\\\/www.facebook.com\\\/lajonx.ch\",\"https:\\\/\\\/www.instagram.com\\\/lajonx.ch\\\/?hl=fr\"]}]}<\/script>\n<meta property=\"product:price:amount\" content=\"25.0\" \/>\n<meta property=\"product:price:currency\" content=\"CHF\" \/>\n<meta property=\"og:availability\" content=\"out of stock\" \/>\n<meta property=\"product:availability\" content=\"out of stock\" \/>\n<meta property=\"product:condition\" content=\"new\" \/>\n<!-- \/ Yoast SEO Premium plugin. -->","yoast_head_json":{"title":"Flaschen\u00f6ffner Flaschen\u00f6ffner - 4er Pack | Schweizer Geschenk Humor","description":"Dekorative Flaschen\u00f6ffner - 4er-Pack, Schweizer Design La Jonx mit integriertem Magnet. Das perfekte humorvolle Schweizer Geschenk f\u00fcr Aperitifs.","robots":{"index":"index","follow":"follow","max-snippet":"max-snippet:-1","max-image-preview":"max-image-preview:large","max-video-preview":"max-video-preview:-1"},"canonical":"https:\/\/www.la-jonx.ch\/de\/shop-de\/lifestyle\/flaschenoffner\/flaschenoeffner-4er-pack\/","og_locale":"de_DE","og_type":"article","og_title":"Flaschen\u00f6ffner - 4er-Pack","og_description":"Dekorative Flaschen\u00f6ffner - 4er-Pack, Schweizer Design La Jonx mit integriertem Magnet. Das perfekte humorvolle Schweizer Geschenk f\u00fcr Aperitifs.","og_url":"https:\/\/www.la-jonx.ch\/de\/shop-de\/lifestyle\/flaschenoffner\/flaschenoeffner-4er-pack\/","og_site_name":"La Jonx","article_publisher":"https:\/\/www.facebook.com\/lajonx.ch","article_modified_time":"2026-03-12T16:35:53+00:00","og_image":[{"width":1466,"height":1728,"url":"https:\/\/www.la-jonx.ch\/wp-content\/uploads\/2025\/05\/pack-4-decapsuleurs.webp","type":"image\/webp"}],"twitter_card":"summary_large_image","twitter_misc":{"Preis":"&#67;&#72;&#70;&nbsp;25.0","Verf\u00fcgbarkeit":"ausverkauft"},"schema":{"@context":"https:\/\/schema.org","@graph":[{"@type":"WebPage","@id":"https:\/\/www.la-jonx.ch\/de\/shop-de\/lifestyle\/flaschenoffner\/flaschenoeffner-4er-pack\/","url":"https:\/\/www.la-jonx.ch\/de\/shop-de\/lifestyle\/flaschenoffner\/flaschenoeffner-4er-pack\/","name":"Flaschen\u00f6ffner Flaschen\u00f6ffner - 4er Pack | Schweizer Geschenk Humor","isPartOf":{"@id":"https:\/\/www.la-jonx.ch\/de\/#website"},"primaryImageOfPage":{"@id":"https:\/\/www.la-jonx.ch\/de\/shop-de\/lifestyle\/flaschenoffner\/flaschenoeffner-4er-pack\/#primaryimage"},"image":{"@id":"https:\/\/www.la-jonx.ch\/de\/shop-de\/lifestyle\/flaschenoffner\/flaschenoeffner-4er-pack\/#primaryimage"},"thumbnailUrl":"https:\/\/www.la-jonx.ch\/wp-content\/uploads\/2025\/05\/pack-4-decapsuleurs.webp","datePublished":"2025-05-09T14:53:43+00:00","dateModified":"2026-03-12T16:35:53+00:00","description":"Dekorative Flaschen\u00f6ffner - 4er-Pack, Schweizer Design La Jonx mit integriertem Magnet. Das perfekte humorvolle Schweizer Geschenk f\u00fcr Aperitifs.","breadcrumb":{"@id":"https:\/\/www.la-jonx.ch\/de\/shop-de\/lifestyle\/flaschenoffner\/flaschenoeffner-4er-pack\/#breadcrumb"},"inLanguage":"de","potentialAction":[{"@type":"ReadAction","target":["https:\/\/www.la-jonx.ch\/de\/shop-de\/lifestyle\/flaschenoffner\/flaschenoeffner-4er-pack\/"]}]},{"@type":"ImageObject","inLanguage":"de","@id":"https:\/\/www.la-jonx.ch\/de\/shop-de\/lifestyle\/flaschenoffner\/flaschenoeffner-4er-pack\/#primaryimage","url":"https:\/\/www.la-jonx.ch\/wp-content\/uploads\/2025\/05\/pack-4-decapsuleurs.webp","contentUrl":"https:\/\/www.la-jonx.ch\/wp-content\/uploads\/2025\/05\/pack-4-decapsuleurs.webp","width":1466,"height":1728},{"@type":"BreadcrumbList","@id":"https:\/\/www.la-jonx.ch\/de\/shop-de\/lifestyle\/flaschenoffner\/flaschenoeffner-4er-pack\/#breadcrumb","itemListElement":[{"@type":"ListItem","position":1,"name":"Accueil","item":"https:\/\/www.la-jonx.ch\/de\/"},{"@type":"ListItem","position":2,"name":"Shop","item":"https:\/\/www.la-jonx.ch\/shop\/?lang=de"},{"@type":"ListItem","position":3,"name":"Lifestyle","item":"https:\/\/www.la-jonx.ch\/de\/produktkategorie\/lifestyle\/"},{"@type":"ListItem","position":4,"name":"Flaschen\u00f6ffner","item":"https:\/\/www.la-jonx.ch\/de\/produktkategorie\/lifestyle\/flaschenoffner\/"},{"@type":"ListItem","position":5,"name":"Flaschen\u00f6ffner &#8211; 4er-Pack"}]},{"@type":"WebSite","@id":"https:\/\/www.la-jonx.ch\/de\/#website","url":"https:\/\/www.la-jonx.ch\/de\/","name":"La Jonx","description":"Schweizer Grafikwerkstatt","publisher":{"@id":"https:\/\/www.la-jonx.ch\/de\/#organization"},"potentialAction":[{"@type":"SearchAction","target":{"@type":"EntryPoint","urlTemplate":"https:\/\/www.la-jonx.ch\/de\/?s={search_term_string}"},"query-input":{"@type":"PropertyValueSpecification","valueRequired":true,"valueName":"search_term_string"}}],"inLanguage":"de"},{"@type":"Organization","@id":"https:\/\/www.la-jonx.ch\/de\/#organization","name":"La Jonx","url":"https:\/\/www.la-jonx.ch\/de\/","logo":{"@type":"ImageObject","inLanguage":"de","@id":"https:\/\/www.la-jonx.ch\/de\/#\/schema\/logo\/image\/","url":"https:\/\/www.la-jonx.ch\/wp-content\/uploads\/2021\/09\/logo-la-jonx-atzelier-graphique.png","contentUrl":"https:\/\/www.la-jonx.ch\/wp-content\/uploads\/2021\/09\/logo-la-jonx-atzelier-graphique.png","width":378,"height":129,"caption":"La Jonx"},"image":{"@id":"https:\/\/www.la-jonx.ch\/de\/#\/schema\/logo\/image\/"},"sameAs":["https:\/\/www.facebook.com\/lajonx.ch","https:\/\/www.instagram.com\/lajonx.ch\/?hl=fr"]}]},"product_price_amount":"25.0","product_price_currency":"CHF","og_availability":"out of stock","product_availability":"out of stock","product_condition":"new"},"additional_image_1":"https:\/\/www.la-jonx.ch\/wp-content\/uploads\/2025\/05\/Decapsuleur-cest-jamais-trop-tot-pour-lapero-2.webp","additional_image_2":"https:\/\/www.la-jonx.ch\/wp-content\/uploads\/2025\/05\/Decapsuleur-on-dit-lac-de-Gneve-si-jamais-2.webp","uagb_featured_image_src":{"full":["https:\/\/www.la-jonx.ch\/wp-content\/uploads\/2025\/05\/pack-4-decapsuleurs.webp",1466,1728,false],"thumbnail":["https:\/\/www.la-jonx.ch\/wp-content\/uploads\/2025\/05\/pack-4-decapsuleurs-150x150.webp",150,150,true],"medium":["https:\/\/www.la-jonx.ch\/wp-content\/uploads\/2025\/05\/pack-4-decapsuleurs-255x300.webp",255,300,true],"medium_large":["https:\/\/www.la-jonx.ch\/wp-content\/uploads\/2025\/05\/pack-4-decapsuleurs-768x905.webp",768,905,true],"large":["https:\/\/www.la-jonx.ch\/wp-content\/uploads\/2025\/05\/pack-4-decapsuleurs-869x1024.webp",869,1024,true],"1536x1536":["https:\/\/www.la-jonx.ch\/wp-content\/uploads\/2025\/05\/pack-4-decapsuleurs-1303x1536.webp",1303,1536,true],"2048x2048":["https:\/\/www.la-jonx.ch\/wp-content\/uploads\/2025\/05\/pack-4-decapsuleurs.webp",1466,1728,false],"woocommerce_thumbnail":["https:\/\/www.la-jonx.ch\/wp-content\/uploads\/2025\/05\/pack-4-decapsuleurs-350x420.webp",350,420,true],"woocommerce_single":["https:\/\/www.la-jonx.ch\/wp-content\/uploads\/2025\/05\/pack-4-decapsuleurs-510x601.webp",510,601,true],"woocommerce_gallery_thumbnail":["https:\/\/www.la-jonx.ch\/wp-content\/uploads\/2025\/05\/pack-4-decapsuleurs-100x100.webp",100,100,true],"dgwt-wcas-product-suggestion":["https:\/\/www.la-jonx.ch\/wp-content\/uploads\/2025\/05\/pack-4-decapsuleurs.webp",64,75,false]},"uagb_author_info":{"display_name":"L'atelier La Jonx","author_link":"https:\/\/www.la-jonx.ch\/de\/author\/"},"uagb_comment_info":0,"uagb_excerpt":"Dieser Flaschen\u00f6ffner Flaschen\u00f6ffner - 4er-Pack ist eine originelle Kreation, handgezeichnet in unserem Atelier in Genf. Das ideale Geschenk f\u00fcr Liebhaber der Schweiz.Vier Flaschen\u00f6ffner, vier schweizerische Ausdr\u00fccke. Das komplette Set f\u00fcr illustrierte Aperitifs.","_links":{"self":[{"href":"https:\/\/www.la-jonx.ch\/de\/wp-json\/wp\/v2\/product\/43223","targetHints":{"allow":["GET"]}}],"collection":[{"href":"https:\/\/www.la-jonx.ch\/de\/wp-json\/wp\/v2\/product"}],"about":[{"href":"https:\/\/www.la-jonx.ch\/de\/wp-json\/wp\/v2\/types\/product"}],"wp:featuredmedia":[{"embeddable":true,"href":"https:\/\/www.la-jonx.ch\/de\/wp-json\/wp\/v2\/media\/33673"}],"wp:attachment":[{"href":"https:\/\/www.la-jonx.ch\/de\/wp-json\/wp\/v2\/media?parent=43223"}],"wp:term":[{"taxonomy":"product_brand","embeddable":true,"href":"https:\/\/www.la-jonx.ch\/de\/wp-json\/wp\/v2\/product_brand?post=43223"},{"taxonomy":"product_cat","embeddable":true,"href":"https:\/\/www.la-jonx.ch\/de\/wp-json\/wp\/v2\/product_cat?post=43223"},{"taxonomy":"product_tag","embeddable":true,"href":"https:\/\/www.la-jonx.ch\/de\/wp-json\/wp\/v2\/product_tag?post=43223"}],"curies":[{"name":"wp","href":"https:\/\/api.w.org\/{rel}","templated":true}]}}