{"id":43370,"date":"2025-05-09T16:45:27","date_gmt":"2025-05-09T14:45:27","guid":{"rendered":"https:\/\/www.la-jonx.ch\/boutique\/unkategorisiert\/flaschenoeffner-on-dit-lac-de-gneve-der-see-von-genf\/"},"modified":"2026-03-12T17:35:03","modified_gmt":"2026-03-12T16:35:03","slug":"flaschenoeffner-on-dit-lac-de-gneve-der-see-von-genf","status":"publish","type":"product","link":"https:\/\/www.la-jonx.ch\/de\/shop-de\/lifestyle\/flaschenoffner\/flaschenoeffner-on-dit-lac-de-gneve-der-see-von-genf\/","title":{"rendered":"Flaschen\u00f6ffner On dit lac de G&#8217;n\u00e8ve (Der See von Genf)"},"content":{"rendered":"<h3>Flaschen\u00f6ffner &#8222;It&#8217;s called Lake Geneva&#8220; \u2014 Swiss accessory with humor<\/h3>\n<p>&#8222;It&#8217;s called Lake Geneva&#8220; \u2014 a Flaschen\u00f6ffner with a comeback. Original design by La Jonx, with an integrated magnet to stick on your fridge between two aperitifs. The humorous Schweizer Geschenk that always makes an impression.<\/p>\n<blockquote><p><em>&#8222;It&#8217;s called Lake Geneva. The Flaschen\u00f6ffner that corrects geographical errors at every aperitif.&#8220;<\/em><\/p><\/blockquote>\n<h3>Eigenschaften<\/h3>\n<ul>\n<li>Original design \u2014 La Jonx, Geneva<\/li>\n<li>Integrated magnet for fridge attachment<\/li>\n<\/ul>\n","protected":false},"excerpt":{"rendered":"<p class='product-intro'>Dieser Flaschen\u00f6ffner Man sagt Genfersee ist eine originale Kreation, handgezeichnet in unserem Atelier in Genf. Das Geschenk, das ein L\u00e4cheln zaubert.<\/p>\n<p class='poesie'>Man sagt Genfersee. Der Flaschen\u00f6ffner, der bei jedem Aperitif geografische Fehler korrigiert.<\/p>\n","protected":false},"featured_media":33656,"template":"","meta":{"_uag_custom_page_level_css":""},"product_brand":[],"product_cat":[2839],"product_tag":[2973,2972,2501,388,2974],"class_list":{"0":"post-43370","1":"product","2":"type-product","3":"status-publish","4":"has-post-thumbnail","6":"product_cat-flaschenoffner","7":"product_tag-apero","8":"product_tag-flaschenoffner","9":"product_tag-magnet-de-2","10":"product_tag-schwane","11":"product_tag-swiss-made","12":"product_shipping_class-letter-de","14":"first","15":"outofstock","16":"shipping-taxable","17":"purchasable","18":"product-type-simple"},"yoast_head":"<!-- This site is optimized with the Yoast SEO Premium plugin v27.4 (Yoast SEO v27.4) - https:\/\/yoast.com\/product\/yoast-seo-premium-wordpress\/ -->\n<title>Flaschen\u00f6ffner Man sagt Genfersee | Schweizer Geschenk Humor \ud83c\udde8\ud83c\udded<\/title>\n<meta name=\"description\" content=\"Flaschen\u00f6ffner Man sagt Genfersee, Schweizer Design La Jonx mit integriertem Magnet. Das perfekte humorvolle Schweizer Geschenk f\u00fcr Aperitifs.\" \/>\n<meta name=\"robots\" content=\"index, follow, max-snippet:-1, max-image-preview:large, max-video-preview:-1\" \/>\n<link rel=\"canonical\" href=\"https:\/\/www.la-jonx.ch\/de\/shop-de\/lifestyle\/flaschenoffner\/flaschenoeffner-on-dit-lac-de-gneve-der-see-von-genf\/\" \/>\n<meta property=\"og:locale\" content=\"de_DE\" \/>\n<meta property=\"og:type\" content=\"article\" \/>\n<meta property=\"og:title\" content=\"Flaschen\u00f6ffner On dit lac de G&#039;n\u00e8ve (Der See von Genf)\" \/>\n<meta property=\"og:description\" content=\"Flaschen\u00f6ffner Man sagt Genfersee, Schweizer Design La Jonx mit integriertem Magnet. Das perfekte humorvolle Schweizer Geschenk f\u00fcr Aperitifs.\" \/>\n<meta property=\"og:url\" content=\"https:\/\/www.la-jonx.ch\/de\/shop-de\/lifestyle\/flaschenoffner\/flaschenoeffner-on-dit-lac-de-gneve-der-see-von-genf\/\" \/>\n<meta property=\"og:site_name\" content=\"La Jonx\" \/>\n<meta property=\"article:publisher\" content=\"https:\/\/www.facebook.com\/lajonx.ch\" \/>\n<meta property=\"article:modified_time\" content=\"2026-03-12T16:35:03+00:00\" \/>\n<meta property=\"og:image\" content=\"https:\/\/www.la-jonx.ch\/wp-content\/uploads\/2025\/05\/Decapsuleur-on-dit-lac-de-Gneve-si-jamais.webp\" \/>\n\t<meta property=\"og:image:width\" content=\"1466\" \/>\n\t<meta property=\"og:image:height\" content=\"1728\" \/>\n\t<meta property=\"og:image:type\" content=\"image\/webp\" \/>\n<meta name=\"twitter:card\" content=\"summary_large_image\" \/>\n<meta name=\"twitter:label1\" content=\"Preis\" \/>\n\t<meta name=\"twitter:data1\" content=\"&#067;&#072;&#070;&nbsp;8.0\" \/>\n\t<meta name=\"twitter:label2\" content=\"Verf\u00fcgbarkeit\" \/>\n\t<meta name=\"twitter:data2\" content=\"ausverkauft\" \/>\n<script type=\"application\/ld+json\" class=\"yoast-schema-graph\">{\"@context\":\"https:\\\/\\\/schema.org\",\"@graph\":[{\"@type\":\"WebPage\",\"@id\":\"https:\\\/\\\/www.la-jonx.ch\\\/de\\\/shop-de\\\/lifestyle\\\/flaschenoffner\\\/flaschenoeffner-on-dit-lac-de-gneve-der-see-von-genf\\\/\",\"url\":\"https:\\\/\\\/www.la-jonx.ch\\\/de\\\/shop-de\\\/lifestyle\\\/flaschenoffner\\\/flaschenoeffner-on-dit-lac-de-gneve-der-see-von-genf\\\/\",\"name\":\"Flaschen\u00f6ffner Man sagt Genfersee | Schweizer Geschenk Humor \ud83c\udde8\ud83c\udded\",\"isPartOf\":{\"@id\":\"https:\\\/\\\/www.la-jonx.ch\\\/de\\\/#website\"},\"primaryImageOfPage\":{\"@id\":\"https:\\\/\\\/www.la-jonx.ch\\\/de\\\/shop-de\\\/lifestyle\\\/flaschenoffner\\\/flaschenoeffner-on-dit-lac-de-gneve-der-see-von-genf\\\/#primaryimage\"},\"image\":{\"@id\":\"https:\\\/\\\/www.la-jonx.ch\\\/de\\\/shop-de\\\/lifestyle\\\/flaschenoffner\\\/flaschenoeffner-on-dit-lac-de-gneve-der-see-von-genf\\\/#primaryimage\"},\"thumbnailUrl\":\"https:\\\/\\\/www.la-jonx.ch\\\/wp-content\\\/uploads\\\/2025\\\/05\\\/Decapsuleur-on-dit-lac-de-Gneve-si-jamais.webp\",\"datePublished\":\"2025-05-09T14:45:27+00:00\",\"dateModified\":\"2026-03-12T16:35:03+00:00\",\"description\":\"Flaschen\u00f6ffner Man sagt Genfersee, Schweizer Design La Jonx mit integriertem Magnet. Das perfekte humorvolle Schweizer Geschenk f\u00fcr Aperitifs.\",\"breadcrumb\":{\"@id\":\"https:\\\/\\\/www.la-jonx.ch\\\/de\\\/shop-de\\\/lifestyle\\\/flaschenoffner\\\/flaschenoeffner-on-dit-lac-de-gneve-der-see-von-genf\\\/#breadcrumb\"},\"inLanguage\":\"de\",\"potentialAction\":[{\"@type\":\"ReadAction\",\"target\":[\"https:\\\/\\\/www.la-jonx.ch\\\/de\\\/shop-de\\\/lifestyle\\\/flaschenoffner\\\/flaschenoeffner-on-dit-lac-de-gneve-der-see-von-genf\\\/\"]}]},{\"@type\":\"ImageObject\",\"inLanguage\":\"de\",\"@id\":\"https:\\\/\\\/www.la-jonx.ch\\\/de\\\/shop-de\\\/lifestyle\\\/flaschenoffner\\\/flaschenoeffner-on-dit-lac-de-gneve-der-see-von-genf\\\/#primaryimage\",\"url\":\"https:\\\/\\\/www.la-jonx.ch\\\/wp-content\\\/uploads\\\/2025\\\/05\\\/Decapsuleur-on-dit-lac-de-Gneve-si-jamais.webp\",\"contentUrl\":\"https:\\\/\\\/www.la-jonx.ch\\\/wp-content\\\/uploads\\\/2025\\\/05\\\/Decapsuleur-on-dit-lac-de-Gneve-si-jamais.webp\",\"width\":1466,\"height\":1728},{\"@type\":\"BreadcrumbList\",\"@id\":\"https:\\\/\\\/www.la-jonx.ch\\\/de\\\/shop-de\\\/lifestyle\\\/flaschenoffner\\\/flaschenoeffner-on-dit-lac-de-gneve-der-see-von-genf\\\/#breadcrumb\",\"itemListElement\":[{\"@type\":\"ListItem\",\"position\":1,\"name\":\"Accueil\",\"item\":\"https:\\\/\\\/www.la-jonx.ch\\\/de\\\/\"},{\"@type\":\"ListItem\",\"position\":2,\"name\":\"Shop\",\"item\":\"https:\\\/\\\/www.la-jonx.ch\\\/shop\\\/?lang=de\"},{\"@type\":\"ListItem\",\"position\":3,\"name\":\"Lifestyle\",\"item\":\"https:\\\/\\\/www.la-jonx.ch\\\/de\\\/produktkategorie\\\/lifestyle\\\/\"},{\"@type\":\"ListItem\",\"position\":4,\"name\":\"Flaschen\u00f6ffner\",\"item\":\"https:\\\/\\\/www.la-jonx.ch\\\/de\\\/produktkategorie\\\/lifestyle\\\/flaschenoffner\\\/\"},{\"@type\":\"ListItem\",\"position\":5,\"name\":\"Flaschen\u00f6ffner On dit lac de G&rsquo;n\u00e8ve (Der See von Genf)\"}]},{\"@type\":\"WebSite\",\"@id\":\"https:\\\/\\\/www.la-jonx.ch\\\/de\\\/#website\",\"url\":\"https:\\\/\\\/www.la-jonx.ch\\\/de\\\/\",\"name\":\"La Jonx\",\"description\":\"Schweizer Grafikwerkstatt\",\"publisher\":{\"@id\":\"https:\\\/\\\/www.la-jonx.ch\\\/de\\\/#organization\"},\"potentialAction\":[{\"@type\":\"SearchAction\",\"target\":{\"@type\":\"EntryPoint\",\"urlTemplate\":\"https:\\\/\\\/www.la-jonx.ch\\\/de\\\/?s={search_term_string}\"},\"query-input\":{\"@type\":\"PropertyValueSpecification\",\"valueRequired\":true,\"valueName\":\"search_term_string\"}}],\"inLanguage\":\"de\"},{\"@type\":\"Organization\",\"@id\":\"https:\\\/\\\/www.la-jonx.ch\\\/de\\\/#organization\",\"name\":\"La Jonx\",\"url\":\"https:\\\/\\\/www.la-jonx.ch\\\/de\\\/\",\"logo\":{\"@type\":\"ImageObject\",\"inLanguage\":\"de\",\"@id\":\"https:\\\/\\\/www.la-jonx.ch\\\/de\\\/#\\\/schema\\\/logo\\\/image\\\/\",\"url\":\"https:\\\/\\\/www.la-jonx.ch\\\/wp-content\\\/uploads\\\/2021\\\/09\\\/logo-la-jonx-atzelier-graphique.png\",\"contentUrl\":\"https:\\\/\\\/www.la-jonx.ch\\\/wp-content\\\/uploads\\\/2021\\\/09\\\/logo-la-jonx-atzelier-graphique.png\",\"width\":378,\"height\":129,\"caption\":\"La Jonx\"},\"image\":{\"@id\":\"https:\\\/\\\/www.la-jonx.ch\\\/de\\\/#\\\/schema\\\/logo\\\/image\\\/\"},\"sameAs\":[\"https:\\\/\\\/www.facebook.com\\\/lajonx.ch\",\"https:\\\/\\\/www.instagram.com\\\/lajonx.ch\\\/?hl=fr\"]}]}<\/script>\n<meta property=\"product:price:amount\" content=\"8.0\" \/>\n<meta property=\"product:price:currency\" content=\"CHF\" \/>\n<meta property=\"og:availability\" content=\"out of stock\" \/>\n<meta property=\"product:availability\" content=\"out of stock\" \/>\n<meta property=\"product:condition\" content=\"new\" \/>\n<!-- \/ Yoast SEO Premium plugin. -->","yoast_head_json":{"title":"Flaschen\u00f6ffner Man sagt Genfersee | Schweizer Geschenk Humor \ud83c\udde8\ud83c\udded","description":"Flaschen\u00f6ffner Man sagt Genfersee, Schweizer Design La Jonx mit integriertem Magnet. Das perfekte humorvolle Schweizer Geschenk f\u00fcr Aperitifs.","robots":{"index":"index","follow":"follow","max-snippet":"max-snippet:-1","max-image-preview":"max-image-preview:large","max-video-preview":"max-video-preview:-1"},"canonical":"https:\/\/www.la-jonx.ch\/de\/shop-de\/lifestyle\/flaschenoffner\/flaschenoeffner-on-dit-lac-de-gneve-der-see-von-genf\/","og_locale":"de_DE","og_type":"article","og_title":"Flaschen\u00f6ffner On dit lac de G'n\u00e8ve (Der See von Genf)","og_description":"Flaschen\u00f6ffner Man sagt Genfersee, Schweizer Design La Jonx mit integriertem Magnet. Das perfekte humorvolle Schweizer Geschenk f\u00fcr Aperitifs.","og_url":"https:\/\/www.la-jonx.ch\/de\/shop-de\/lifestyle\/flaschenoffner\/flaschenoeffner-on-dit-lac-de-gneve-der-see-von-genf\/","og_site_name":"La Jonx","article_publisher":"https:\/\/www.facebook.com\/lajonx.ch","article_modified_time":"2026-03-12T16:35:03+00:00","og_image":[{"width":1466,"height":1728,"url":"https:\/\/www.la-jonx.ch\/wp-content\/uploads\/2025\/05\/Decapsuleur-on-dit-lac-de-Gneve-si-jamais.webp","type":"image\/webp"}],"twitter_card":"summary_large_image","twitter_misc":{"Preis":"&#67;&#72;&#70;&nbsp;8.0","Verf\u00fcgbarkeit":"ausverkauft"},"schema":{"@context":"https:\/\/schema.org","@graph":[{"@type":"WebPage","@id":"https:\/\/www.la-jonx.ch\/de\/shop-de\/lifestyle\/flaschenoffner\/flaschenoeffner-on-dit-lac-de-gneve-der-see-von-genf\/","url":"https:\/\/www.la-jonx.ch\/de\/shop-de\/lifestyle\/flaschenoffner\/flaschenoeffner-on-dit-lac-de-gneve-der-see-von-genf\/","name":"Flaschen\u00f6ffner Man sagt Genfersee | Schweizer Geschenk Humor \ud83c\udde8\ud83c\udded","isPartOf":{"@id":"https:\/\/www.la-jonx.ch\/de\/#website"},"primaryImageOfPage":{"@id":"https:\/\/www.la-jonx.ch\/de\/shop-de\/lifestyle\/flaschenoffner\/flaschenoeffner-on-dit-lac-de-gneve-der-see-von-genf\/#primaryimage"},"image":{"@id":"https:\/\/www.la-jonx.ch\/de\/shop-de\/lifestyle\/flaschenoffner\/flaschenoeffner-on-dit-lac-de-gneve-der-see-von-genf\/#primaryimage"},"thumbnailUrl":"https:\/\/www.la-jonx.ch\/wp-content\/uploads\/2025\/05\/Decapsuleur-on-dit-lac-de-Gneve-si-jamais.webp","datePublished":"2025-05-09T14:45:27+00:00","dateModified":"2026-03-12T16:35:03+00:00","description":"Flaschen\u00f6ffner Man sagt Genfersee, Schweizer Design La Jonx mit integriertem Magnet. Das perfekte humorvolle Schweizer Geschenk f\u00fcr Aperitifs.","breadcrumb":{"@id":"https:\/\/www.la-jonx.ch\/de\/shop-de\/lifestyle\/flaschenoffner\/flaschenoeffner-on-dit-lac-de-gneve-der-see-von-genf\/#breadcrumb"},"inLanguage":"de","potentialAction":[{"@type":"ReadAction","target":["https:\/\/www.la-jonx.ch\/de\/shop-de\/lifestyle\/flaschenoffner\/flaschenoeffner-on-dit-lac-de-gneve-der-see-von-genf\/"]}]},{"@type":"ImageObject","inLanguage":"de","@id":"https:\/\/www.la-jonx.ch\/de\/shop-de\/lifestyle\/flaschenoffner\/flaschenoeffner-on-dit-lac-de-gneve-der-see-von-genf\/#primaryimage","url":"https:\/\/www.la-jonx.ch\/wp-content\/uploads\/2025\/05\/Decapsuleur-on-dit-lac-de-Gneve-si-jamais.webp","contentUrl":"https:\/\/www.la-jonx.ch\/wp-content\/uploads\/2025\/05\/Decapsuleur-on-dit-lac-de-Gneve-si-jamais.webp","width":1466,"height":1728},{"@type":"BreadcrumbList","@id":"https:\/\/www.la-jonx.ch\/de\/shop-de\/lifestyle\/flaschenoffner\/flaschenoeffner-on-dit-lac-de-gneve-der-see-von-genf\/#breadcrumb","itemListElement":[{"@type":"ListItem","position":1,"name":"Accueil","item":"https:\/\/www.la-jonx.ch\/de\/"},{"@type":"ListItem","position":2,"name":"Shop","item":"https:\/\/www.la-jonx.ch\/shop\/?lang=de"},{"@type":"ListItem","position":3,"name":"Lifestyle","item":"https:\/\/www.la-jonx.ch\/de\/produktkategorie\/lifestyle\/"},{"@type":"ListItem","position":4,"name":"Flaschen\u00f6ffner","item":"https:\/\/www.la-jonx.ch\/de\/produktkategorie\/lifestyle\/flaschenoffner\/"},{"@type":"ListItem","position":5,"name":"Flaschen\u00f6ffner On dit lac de G&rsquo;n\u00e8ve (Der See von Genf)"}]},{"@type":"WebSite","@id":"https:\/\/www.la-jonx.ch\/de\/#website","url":"https:\/\/www.la-jonx.ch\/de\/","name":"La Jonx","description":"Schweizer Grafikwerkstatt","publisher":{"@id":"https:\/\/www.la-jonx.ch\/de\/#organization"},"potentialAction":[{"@type":"SearchAction","target":{"@type":"EntryPoint","urlTemplate":"https:\/\/www.la-jonx.ch\/de\/?s={search_term_string}"},"query-input":{"@type":"PropertyValueSpecification","valueRequired":true,"valueName":"search_term_string"}}],"inLanguage":"de"},{"@type":"Organization","@id":"https:\/\/www.la-jonx.ch\/de\/#organization","name":"La Jonx","url":"https:\/\/www.la-jonx.ch\/de\/","logo":{"@type":"ImageObject","inLanguage":"de","@id":"https:\/\/www.la-jonx.ch\/de\/#\/schema\/logo\/image\/","url":"https:\/\/www.la-jonx.ch\/wp-content\/uploads\/2021\/09\/logo-la-jonx-atzelier-graphique.png","contentUrl":"https:\/\/www.la-jonx.ch\/wp-content\/uploads\/2021\/09\/logo-la-jonx-atzelier-graphique.png","width":378,"height":129,"caption":"La Jonx"},"image":{"@id":"https:\/\/www.la-jonx.ch\/de\/#\/schema\/logo\/image\/"},"sameAs":["https:\/\/www.facebook.com\/lajonx.ch","https:\/\/www.instagram.com\/lajonx.ch\/?hl=fr"]}]},"product_price_amount":"8.0","product_price_currency":"CHF","og_availability":"out of stock","product_availability":"out of stock","product_condition":"new"},"additional_image_1":"https:\/\/www.la-jonx.ch\/wp-content\/uploads\/2025\/05\/dos-decapsuleur-la-jonx.webp","additional_image_2":null,"uagb_featured_image_src":{"full":["https:\/\/www.la-jonx.ch\/wp-content\/uploads\/2025\/05\/Decapsuleur-on-dit-lac-de-Gneve-si-jamais.webp",1466,1728,false],"thumbnail":["https:\/\/www.la-jonx.ch\/wp-content\/uploads\/2025\/05\/Decapsuleur-on-dit-lac-de-Gneve-si-jamais-150x150.webp",150,150,true],"medium":["https:\/\/www.la-jonx.ch\/wp-content\/uploads\/2025\/05\/Decapsuleur-on-dit-lac-de-Gneve-si-jamais-255x300.webp",255,300,true],"medium_large":["https:\/\/www.la-jonx.ch\/wp-content\/uploads\/2025\/05\/Decapsuleur-on-dit-lac-de-Gneve-si-jamais-768x905.webp",768,905,true],"large":["https:\/\/www.la-jonx.ch\/wp-content\/uploads\/2025\/05\/Decapsuleur-on-dit-lac-de-Gneve-si-jamais-869x1024.webp",869,1024,true],"1536x1536":["https:\/\/www.la-jonx.ch\/wp-content\/uploads\/2025\/05\/Decapsuleur-on-dit-lac-de-Gneve-si-jamais-1303x1536.webp",1303,1536,true],"2048x2048":["https:\/\/www.la-jonx.ch\/wp-content\/uploads\/2025\/05\/Decapsuleur-on-dit-lac-de-Gneve-si-jamais.webp",1466,1728,false],"woocommerce_thumbnail":["https:\/\/www.la-jonx.ch\/wp-content\/uploads\/2025\/05\/Decapsuleur-on-dit-lac-de-Gneve-si-jamais-350x420.webp",350,420,true],"woocommerce_single":["https:\/\/www.la-jonx.ch\/wp-content\/uploads\/2025\/05\/Decapsuleur-on-dit-lac-de-Gneve-si-jamais-510x601.webp",510,601,true],"woocommerce_gallery_thumbnail":["https:\/\/www.la-jonx.ch\/wp-content\/uploads\/2025\/05\/Decapsuleur-on-dit-lac-de-Gneve-si-jamais-100x100.webp",100,100,true],"dgwt-wcas-product-suggestion":["https:\/\/www.la-jonx.ch\/wp-content\/uploads\/2025\/05\/Decapsuleur-on-dit-lac-de-Gneve-si-jamais.webp",64,75,false]},"uagb_author_info":{"display_name":"L'atelier La Jonx","author_link":"https:\/\/www.la-jonx.ch\/de\/author\/"},"uagb_comment_info":0,"uagb_excerpt":"Dieser Flaschen\u00f6ffner Man sagt Genfersee ist eine originale Kreation, handgezeichnet in unserem Atelier in Genf. Das Geschenk, das ein L\u00e4cheln zaubert.Man sagt Genfersee. Der Flaschen\u00f6ffner, der bei jedem Aperitif geografische Fehler korrigiert.","_links":{"self":[{"href":"https:\/\/www.la-jonx.ch\/de\/wp-json\/wp\/v2\/product\/43370","targetHints":{"allow":["GET"]}}],"collection":[{"href":"https:\/\/www.la-jonx.ch\/de\/wp-json\/wp\/v2\/product"}],"about":[{"href":"https:\/\/www.la-jonx.ch\/de\/wp-json\/wp\/v2\/types\/product"}],"wp:featuredmedia":[{"embeddable":true,"href":"https:\/\/www.la-jonx.ch\/de\/wp-json\/wp\/v2\/media\/33656"}],"wp:attachment":[{"href":"https:\/\/www.la-jonx.ch\/de\/wp-json\/wp\/v2\/media?parent=43370"}],"wp:term":[{"taxonomy":"product_brand","embeddable":true,"href":"https:\/\/www.la-jonx.ch\/de\/wp-json\/wp\/v2\/product_brand?post=43370"},{"taxonomy":"product_cat","embeddable":true,"href":"https:\/\/www.la-jonx.ch\/de\/wp-json\/wp\/v2\/product_cat?post=43370"},{"taxonomy":"product_tag","embeddable":true,"href":"https:\/\/www.la-jonx.ch\/de\/wp-json\/wp\/v2\/product_tag?post=43370"}],"curies":[{"name":"wp","href":"https:\/\/api.w.org\/{rel}","templated":true}]}}