{"id":43506,"date":"2025-12-01T13:39:35","date_gmt":"2025-12-01T12:39:35","guid":{"rendered":"https:\/\/www.la-jonx.ch\/boutique\/unkategorisiert\/ein-sticker-zufaellig\/"},"modified":"2026-03-12T17:43:02","modified_gmt":"2026-03-12T16:43:02","slug":"ein-sticker-zufaellig","status":"publish","type":"product","link":"https:\/\/www.la-jonx.ch\/de\/shop-de\/poster\/kantone\/ein-sticker-zufaellig\/","title":{"rendered":"Ein Sticker (Zuf\u00e4llig)"},"content":{"rendered":"<h3>Sticker \u00ab Ein Sticker (Zuf\u00e4llig) \u00bb \u2014 widerstandsf\u00e4higes Vinyl, Schweizer Humor<\/h3>\n<p>Kleben Sie \u00ab Ein Sticker (Zuf\u00e4llig) \u00bb auf Ihren Laptop, Ihre Trinkflasche, Ihren Koffer \u2014 kurz gesagt, auf alles, was einen Hauch von Schweizer Humor verdient. Dieser Vinylsticker ist regen-, UV- und reisebest\u00e4ndig. Originaldesign La Jonx.<\/p>\n<blockquote><p><em>\u00ab Ein zuf\u00e4llig ausgew\u00e4hlter La Jonx Sticker. Die perfekte Schweizer \u00dcberraschung, um Ihre Sachen zu dekorieren. \u00bb<\/em><\/p><\/blockquote>\n<h3>Eigenschaften<\/h3>\n<ul>\n<li>Originaldesign \u2014 La Jonx, Genf<\/li>\n<li>Ultra-widerstandsf\u00e4higes Vinyl (Regen, UV, Reisen)<\/li>\n<\/ul>\n","protected":false},"excerpt":{"rendered":"<p class='product-intro'>Dieser Sticker Ein Sticker (Zuf\u00e4llig) ist eine originale Kreation, handgezeichnet in unserem Atelier in Genf. Zum Verschenken oder f\u00fcr sich selbst.<\/p>\n<p class='poesie'>Ein zuf\u00e4llig ausgew\u00e4hlter La Jonx Sticker. Die perfekte Schweizer \u00dcberraschung, um Ihre Sachen zu dekorieren.<\/p>\n","protected":false},"featured_media":42844,"template":"","meta":{"_uag_custom_page_level_css":""},"product_brand":[],"product_cat":[1183],"product_tag":[],"class_list":{"0":"post-43506","1":"product","2":"type-product","3":"status-publish","4":"has-post-thumbnail","6":"product_cat-kantone","7":"product_shipping_class-letter-de","9":"first","10":"instock","11":"shipping-taxable","12":"purchasable","13":"product-type-simple"},"yoast_head":"<!-- This site is optimized with the Yoast SEO Premium plugin v27.2 (Yoast SEO v27.3) - https:\/\/yoast.com\/product\/yoast-seo-premium-wordpress\/ -->\n<title>Sticker Ein Aufkleber (Zuf\u00e4llig) | Schweizer Humor \ud83c\udde8\ud83c\udded<\/title>\n<meta name=\"description\" content=\"Sticker Ein Aufkleber (Zuf\u00e4llig), ultra-best\u00e4ndiges Vinyl. Schweizer Design La Jonx, Humor garantiert. Perfekt f\u00fcr Laptop, Trinkflasche oder Koffer.\" \/>\n<meta name=\"robots\" content=\"index, follow, max-snippet:-1, max-image-preview:large, max-video-preview:-1\" \/>\n<link rel=\"canonical\" href=\"https:\/\/www.la-jonx.ch\/de\/shop-de\/poster\/kantone\/ein-sticker-zufaellig\/\" \/>\n<meta property=\"og:locale\" content=\"de_DE\" \/>\n<meta property=\"og:type\" content=\"article\" \/>\n<meta property=\"og:title\" content=\"Ein Sticker (Zuf\u00e4llig)\" \/>\n<meta property=\"og:description\" content=\"Sticker Ein Aufkleber (Zuf\u00e4llig), ultra-best\u00e4ndiges Vinyl. Schweizer Design La Jonx, Humor garantiert. Perfekt f\u00fcr Laptop, Trinkflasche oder Koffer.\" \/>\n<meta property=\"og:url\" content=\"https:\/\/www.la-jonx.ch\/de\/shop-de\/poster\/kantone\/ein-sticker-zufaellig\/\" \/>\n<meta property=\"og:site_name\" content=\"La Jonx\" \/>\n<meta property=\"article:publisher\" content=\"https:\/\/www.facebook.com\/lajonx.ch\" \/>\n<meta property=\"article:modified_time\" content=\"2026-03-12T16:43:02+00:00\" \/>\n<meta property=\"og:image\" content=\"https:\/\/www.la-jonx.ch\/wp-content\/uploads\/2025\/11\/sticker-just-relax-in-the-alps.webp\" \/>\n\t<meta property=\"og:image:width\" content=\"1303\" \/>\n\t<meta property=\"og:image:height\" content=\"1536\" \/>\n\t<meta property=\"og:image:type\" content=\"image\/webp\" \/>\n<meta name=\"twitter:card\" content=\"summary_large_image\" \/>\n<meta name=\"twitter:label1\" content=\"Preis\" \/>\n\t<meta name=\"twitter:data1\" content=\"&#067;&#072;&#070;&nbsp;3.0\" \/>\n\t<meta name=\"twitter:label2\" content=\"Verf\u00fcgbarkeit\" \/>\n\t<meta name=\"twitter:data2\" content=\"Auf Lager\" \/>\n<script type=\"application\/ld+json\" class=\"yoast-schema-graph\">{\"@context\":\"https:\\\/\\\/schema.org\",\"@graph\":[{\"@type\":\"WebPage\",\"@id\":\"https:\\\/\\\/www.la-jonx.ch\\\/de\\\/shop-de\\\/poster\\\/kantone\\\/ein-sticker-zufaellig\\\/\",\"url\":\"https:\\\/\\\/www.la-jonx.ch\\\/de\\\/shop-de\\\/poster\\\/kantone\\\/ein-sticker-zufaellig\\\/\",\"name\":\"Sticker Ein Aufkleber (Zuf\u00e4llig) | Schweizer Humor \ud83c\udde8\ud83c\udded\",\"isPartOf\":{\"@id\":\"https:\\\/\\\/www.la-jonx.ch\\\/de\\\/#website\"},\"primaryImageOfPage\":{\"@id\":\"https:\\\/\\\/www.la-jonx.ch\\\/de\\\/shop-de\\\/poster\\\/kantone\\\/ein-sticker-zufaellig\\\/#primaryimage\"},\"image\":{\"@id\":\"https:\\\/\\\/www.la-jonx.ch\\\/de\\\/shop-de\\\/poster\\\/kantone\\\/ein-sticker-zufaellig\\\/#primaryimage\"},\"thumbnailUrl\":\"https:\\\/\\\/www.la-jonx.ch\\\/wp-content\\\/uploads\\\/2025\\\/11\\\/sticker-just-relax-in-the-alps.webp\",\"datePublished\":\"2025-12-01T12:39:35+00:00\",\"dateModified\":\"2026-03-12T16:43:02+00:00\",\"description\":\"Sticker Ein Aufkleber (Zuf\u00e4llig), ultra-best\u00e4ndiges Vinyl. Schweizer Design La Jonx, Humor garantiert. Perfekt f\u00fcr Laptop, Trinkflasche oder Koffer.\",\"breadcrumb\":{\"@id\":\"https:\\\/\\\/www.la-jonx.ch\\\/de\\\/shop-de\\\/poster\\\/kantone\\\/ein-sticker-zufaellig\\\/#breadcrumb\"},\"inLanguage\":\"de\",\"potentialAction\":[{\"@type\":\"ReadAction\",\"target\":[\"https:\\\/\\\/www.la-jonx.ch\\\/de\\\/shop-de\\\/poster\\\/kantone\\\/ein-sticker-zufaellig\\\/\"]}]},{\"@type\":\"ImageObject\",\"inLanguage\":\"de\",\"@id\":\"https:\\\/\\\/www.la-jonx.ch\\\/de\\\/shop-de\\\/poster\\\/kantone\\\/ein-sticker-zufaellig\\\/#primaryimage\",\"url\":\"https:\\\/\\\/www.la-jonx.ch\\\/wp-content\\\/uploads\\\/2025\\\/11\\\/sticker-just-relax-in-the-alps.webp\",\"contentUrl\":\"https:\\\/\\\/www.la-jonx.ch\\\/wp-content\\\/uploads\\\/2025\\\/11\\\/sticker-just-relax-in-the-alps.webp\",\"width\":1303,\"height\":1536},{\"@type\":\"BreadcrumbList\",\"@id\":\"https:\\\/\\\/www.la-jonx.ch\\\/de\\\/shop-de\\\/poster\\\/kantone\\\/ein-sticker-zufaellig\\\/#breadcrumb\",\"itemListElement\":[{\"@type\":\"ListItem\",\"position\":1,\"name\":\"Accueil\",\"item\":\"https:\\\/\\\/www.la-jonx.ch\\\/de\\\/\"},{\"@type\":\"ListItem\",\"position\":2,\"name\":\"Shop\",\"item\":\"https:\\\/\\\/www.la-jonx.ch\\\/shop\\\/?lang=de\"},{\"@type\":\"ListItem\",\"position\":3,\"name\":\"Poster\",\"item\":\"https:\\\/\\\/www.la-jonx.ch\\\/de\\\/produktkategorie\\\/poster\\\/\"},{\"@type\":\"ListItem\",\"position\":4,\"name\":\"KANTONE\",\"item\":\"https:\\\/\\\/www.la-jonx.ch\\\/de\\\/produktkategorie\\\/poster\\\/kantone\\\/\"},{\"@type\":\"ListItem\",\"position\":5,\"name\":\"Ein Sticker (Zuf\u00e4llig)\"}]},{\"@type\":\"WebSite\",\"@id\":\"https:\\\/\\\/www.la-jonx.ch\\\/de\\\/#website\",\"url\":\"https:\\\/\\\/www.la-jonx.ch\\\/de\\\/\",\"name\":\"La Jonx\",\"description\":\"Schweizer Grafikwerkstatt\",\"publisher\":{\"@id\":\"https:\\\/\\\/www.la-jonx.ch\\\/de\\\/#organization\"},\"potentialAction\":[{\"@type\":\"SearchAction\",\"target\":{\"@type\":\"EntryPoint\",\"urlTemplate\":\"https:\\\/\\\/www.la-jonx.ch\\\/de\\\/?s={search_term_string}\"},\"query-input\":{\"@type\":\"PropertyValueSpecification\",\"valueRequired\":true,\"valueName\":\"search_term_string\"}}],\"inLanguage\":\"de\"},{\"@type\":\"Organization\",\"@id\":\"https:\\\/\\\/www.la-jonx.ch\\\/de\\\/#organization\",\"name\":\"La Jonx\",\"url\":\"https:\\\/\\\/www.la-jonx.ch\\\/de\\\/\",\"logo\":{\"@type\":\"ImageObject\",\"inLanguage\":\"de\",\"@id\":\"https:\\\/\\\/www.la-jonx.ch\\\/de\\\/#\\\/schema\\\/logo\\\/image\\\/\",\"url\":\"https:\\\/\\\/www.la-jonx.ch\\\/wp-content\\\/uploads\\\/2021\\\/09\\\/logo-la-jonx-atzelier-graphique.png\",\"contentUrl\":\"https:\\\/\\\/www.la-jonx.ch\\\/wp-content\\\/uploads\\\/2021\\\/09\\\/logo-la-jonx-atzelier-graphique.png\",\"width\":378,\"height\":129,\"caption\":\"La Jonx\"},\"image\":{\"@id\":\"https:\\\/\\\/www.la-jonx.ch\\\/de\\\/#\\\/schema\\\/logo\\\/image\\\/\"},\"sameAs\":[\"https:\\\/\\\/www.facebook.com\\\/lajonx.ch\",\"https:\\\/\\\/www.instagram.com\\\/lajonx.ch\\\/?hl=fr\"]}]}<\/script>\n<meta property=\"product:price:amount\" content=\"3.0\" \/>\n<meta property=\"product:price:currency\" content=\"CHF\" \/>\n<meta property=\"og:availability\" content=\"instock\" \/>\n<meta property=\"product:availability\" content=\"instock\" \/>\n<meta property=\"product:condition\" content=\"new\" \/>\n<!-- \/ Yoast SEO Premium plugin. -->","yoast_head_json":{"title":"Sticker Ein Aufkleber (Zuf\u00e4llig) | Schweizer Humor \ud83c\udde8\ud83c\udded","description":"Sticker Ein Aufkleber (Zuf\u00e4llig), ultra-best\u00e4ndiges Vinyl. Schweizer Design La Jonx, Humor garantiert. Perfekt f\u00fcr Laptop, Trinkflasche oder Koffer.","robots":{"index":"index","follow":"follow","max-snippet":"max-snippet:-1","max-image-preview":"max-image-preview:large","max-video-preview":"max-video-preview:-1"},"canonical":"https:\/\/www.la-jonx.ch\/de\/shop-de\/poster\/kantone\/ein-sticker-zufaellig\/","og_locale":"de_DE","og_type":"article","og_title":"Ein Sticker (Zuf\u00e4llig)","og_description":"Sticker Ein Aufkleber (Zuf\u00e4llig), ultra-best\u00e4ndiges Vinyl. Schweizer Design La Jonx, Humor garantiert. Perfekt f\u00fcr Laptop, Trinkflasche oder Koffer.","og_url":"https:\/\/www.la-jonx.ch\/de\/shop-de\/poster\/kantone\/ein-sticker-zufaellig\/","og_site_name":"La Jonx","article_publisher":"https:\/\/www.facebook.com\/lajonx.ch","article_modified_time":"2026-03-12T16:43:02+00:00","og_image":[{"width":1303,"height":1536,"url":"https:\/\/www.la-jonx.ch\/wp-content\/uploads\/2025\/11\/sticker-just-relax-in-the-alps.webp","type":"image\/webp"}],"twitter_card":"summary_large_image","twitter_misc":{"Preis":"&#67;&#72;&#70;&nbsp;3.0","Verf\u00fcgbarkeit":"Auf Lager"},"schema":{"@context":"https:\/\/schema.org","@graph":[{"@type":"WebPage","@id":"https:\/\/www.la-jonx.ch\/de\/shop-de\/poster\/kantone\/ein-sticker-zufaellig\/","url":"https:\/\/www.la-jonx.ch\/de\/shop-de\/poster\/kantone\/ein-sticker-zufaellig\/","name":"Sticker Ein Aufkleber (Zuf\u00e4llig) | Schweizer Humor \ud83c\udde8\ud83c\udded","isPartOf":{"@id":"https:\/\/www.la-jonx.ch\/de\/#website"},"primaryImageOfPage":{"@id":"https:\/\/www.la-jonx.ch\/de\/shop-de\/poster\/kantone\/ein-sticker-zufaellig\/#primaryimage"},"image":{"@id":"https:\/\/www.la-jonx.ch\/de\/shop-de\/poster\/kantone\/ein-sticker-zufaellig\/#primaryimage"},"thumbnailUrl":"https:\/\/www.la-jonx.ch\/wp-content\/uploads\/2025\/11\/sticker-just-relax-in-the-alps.webp","datePublished":"2025-12-01T12:39:35+00:00","dateModified":"2026-03-12T16:43:02+00:00","description":"Sticker Ein Aufkleber (Zuf\u00e4llig), ultra-best\u00e4ndiges Vinyl. Schweizer Design La Jonx, Humor garantiert. Perfekt f\u00fcr Laptop, Trinkflasche oder Koffer.","breadcrumb":{"@id":"https:\/\/www.la-jonx.ch\/de\/shop-de\/poster\/kantone\/ein-sticker-zufaellig\/#breadcrumb"},"inLanguage":"de","potentialAction":[{"@type":"ReadAction","target":["https:\/\/www.la-jonx.ch\/de\/shop-de\/poster\/kantone\/ein-sticker-zufaellig\/"]}]},{"@type":"ImageObject","inLanguage":"de","@id":"https:\/\/www.la-jonx.ch\/de\/shop-de\/poster\/kantone\/ein-sticker-zufaellig\/#primaryimage","url":"https:\/\/www.la-jonx.ch\/wp-content\/uploads\/2025\/11\/sticker-just-relax-in-the-alps.webp","contentUrl":"https:\/\/www.la-jonx.ch\/wp-content\/uploads\/2025\/11\/sticker-just-relax-in-the-alps.webp","width":1303,"height":1536},{"@type":"BreadcrumbList","@id":"https:\/\/www.la-jonx.ch\/de\/shop-de\/poster\/kantone\/ein-sticker-zufaellig\/#breadcrumb","itemListElement":[{"@type":"ListItem","position":1,"name":"Accueil","item":"https:\/\/www.la-jonx.ch\/de\/"},{"@type":"ListItem","position":2,"name":"Shop","item":"https:\/\/www.la-jonx.ch\/shop\/?lang=de"},{"@type":"ListItem","position":3,"name":"Poster","item":"https:\/\/www.la-jonx.ch\/de\/produktkategorie\/poster\/"},{"@type":"ListItem","position":4,"name":"KANTONE","item":"https:\/\/www.la-jonx.ch\/de\/produktkategorie\/poster\/kantone\/"},{"@type":"ListItem","position":5,"name":"Ein Sticker (Zuf\u00e4llig)"}]},{"@type":"WebSite","@id":"https:\/\/www.la-jonx.ch\/de\/#website","url":"https:\/\/www.la-jonx.ch\/de\/","name":"La Jonx","description":"Schweizer Grafikwerkstatt","publisher":{"@id":"https:\/\/www.la-jonx.ch\/de\/#organization"},"potentialAction":[{"@type":"SearchAction","target":{"@type":"EntryPoint","urlTemplate":"https:\/\/www.la-jonx.ch\/de\/?s={search_term_string}"},"query-input":{"@type":"PropertyValueSpecification","valueRequired":true,"valueName":"search_term_string"}}],"inLanguage":"de"},{"@type":"Organization","@id":"https:\/\/www.la-jonx.ch\/de\/#organization","name":"La Jonx","url":"https:\/\/www.la-jonx.ch\/de\/","logo":{"@type":"ImageObject","inLanguage":"de","@id":"https:\/\/www.la-jonx.ch\/de\/#\/schema\/logo\/image\/","url":"https:\/\/www.la-jonx.ch\/wp-content\/uploads\/2021\/09\/logo-la-jonx-atzelier-graphique.png","contentUrl":"https:\/\/www.la-jonx.ch\/wp-content\/uploads\/2021\/09\/logo-la-jonx-atzelier-graphique.png","width":378,"height":129,"caption":"La Jonx"},"image":{"@id":"https:\/\/www.la-jonx.ch\/de\/#\/schema\/logo\/image\/"},"sameAs":["https:\/\/www.facebook.com\/lajonx.ch","https:\/\/www.instagram.com\/lajonx.ch\/?hl=fr"]}]},"product_price_amount":"3.0","product_price_currency":"CHF","og_availability":"instock","product_availability":"instock","product_condition":"new"},"additional_image_1":null,"additional_image_2":null,"uagb_featured_image_src":{"full":["https:\/\/www.la-jonx.ch\/wp-content\/uploads\/2025\/11\/sticker-just-relax-in-the-alps.webp",1303,1536,false],"thumbnail":["https:\/\/www.la-jonx.ch\/wp-content\/uploads\/2025\/11\/sticker-just-relax-in-the-alps-150x150.webp",150,150,true],"medium":["https:\/\/www.la-jonx.ch\/wp-content\/uploads\/2025\/11\/sticker-just-relax-in-the-alps-254x300.webp",254,300,true],"medium_large":["https:\/\/www.la-jonx.ch\/wp-content\/uploads\/2025\/11\/sticker-just-relax-in-the-alps-768x905.webp",768,905,true],"large":["https:\/\/www.la-jonx.ch\/wp-content\/uploads\/2025\/11\/sticker-just-relax-in-the-alps-869x1024.webp",869,1024,true],"1536x1536":["https:\/\/www.la-jonx.ch\/wp-content\/uploads\/2025\/11\/sticker-just-relax-in-the-alps.webp",1303,1536,false],"2048x2048":["https:\/\/www.la-jonx.ch\/wp-content\/uploads\/2025\/11\/sticker-just-relax-in-the-alps.webp",1303,1536,false],"woocommerce_thumbnail":["https:\/\/www.la-jonx.ch\/wp-content\/uploads\/2025\/11\/sticker-just-relax-in-the-alps-350x420.webp",350,420,true],"woocommerce_single":["https:\/\/www.la-jonx.ch\/wp-content\/uploads\/2025\/11\/sticker-just-relax-in-the-alps-510x601.webp",510,601,true],"woocommerce_gallery_thumbnail":["https:\/\/www.la-jonx.ch\/wp-content\/uploads\/2025\/11\/sticker-just-relax-in-the-alps-100x100.webp",100,100,true],"dgwt-wcas-product-suggestion":["https:\/\/www.la-jonx.ch\/wp-content\/uploads\/2025\/11\/sticker-just-relax-in-the-alps.webp",64,75,false]},"uagb_author_info":{"display_name":"L'atelier La Jonx","author_link":"https:\/\/www.la-jonx.ch\/de\/author\/"},"uagb_comment_info":0,"uagb_excerpt":"Dieser Sticker Ein Sticker (Zuf\u00e4llig) ist eine originale Kreation, handgezeichnet in unserem Atelier in Genf. Zum Verschenken oder f\u00fcr sich selbst.Ein zuf\u00e4llig ausgew\u00e4hlter La Jonx Sticker. Die perfekte Schweizer \u00dcberraschung, um Ihre Sachen zu dekorieren.","_links":{"self":[{"href":"https:\/\/www.la-jonx.ch\/de\/wp-json\/wp\/v2\/product\/43506","targetHints":{"allow":["GET"]}}],"collection":[{"href":"https:\/\/www.la-jonx.ch\/de\/wp-json\/wp\/v2\/product"}],"about":[{"href":"https:\/\/www.la-jonx.ch\/de\/wp-json\/wp\/v2\/types\/product"}],"wp:featuredmedia":[{"embeddable":true,"href":"https:\/\/www.la-jonx.ch\/de\/wp-json\/wp\/v2\/media\/42844"}],"wp:attachment":[{"href":"https:\/\/www.la-jonx.ch\/de\/wp-json\/wp\/v2\/media?parent=43506"}],"wp:term":[{"taxonomy":"product_brand","embeddable":true,"href":"https:\/\/www.la-jonx.ch\/de\/wp-json\/wp\/v2\/product_brand?post=43506"},{"taxonomy":"product_cat","embeddable":true,"href":"https:\/\/www.la-jonx.ch\/de\/wp-json\/wp\/v2\/product_cat?post=43506"},{"taxonomy":"product_tag","embeddable":true,"href":"https:\/\/www.la-jonx.ch\/de\/wp-json\/wp\/v2\/product_tag?post=43506"}],"curies":[{"name":"wp","href":"https:\/\/api.w.org\/{rel}","templated":true}]}}