{"id":43507,"date":"2025-12-01T15:38:18","date_gmt":"2025-12-01T14:38:18","guid":{"rendered":"https:\/\/www.la-jonx.ch\/boutique\/unkategorisiert\/eine-postkarte-zufaellig\/"},"modified":"2026-03-12T17:41:36","modified_gmt":"2026-03-12T16:41:36","slug":"eine-postkarte-zufaellig","status":"publish","type":"product","link":"https:\/\/www.la-jonx.ch\/de\/shop-de\/poster\/kantone\/eine-postkarte-zufaellig\/","title":{"rendered":"Eine Postkarte (zuf\u00e4llig)"},"content":{"rendered":"<h3>Postkarte Eine Postkarte (zuf\u00e4llig) \u2014 illustriertes Schweizer Souvenir<\/h3>\n<p>Schicken Sie ein St\u00fcck Schweiz per Post \u2014 oder behalten Sie es f\u00fcr sich. Diese Postkarte Eine Postkarte (zuf\u00e4llig) wird in unserem Atelier in Genf von Hand illustriert und in der Schweiz auf hochwertigem Papier gedruckt.<\/p>\n<blockquote><p><em>\u00ab Eine Postkarte La Jonx zuf\u00e4llig ausgew\u00e4hlt. Die Schweizer \u00dcberraschung zum Einstecken in einen Umschlag. \u00bb<\/em><\/p><\/blockquote>\n<h3>Eigenschaften<\/h3>\n<ul>\n<li>Originalillustration \u2014 Atelier La Jonx, Genf<\/li>\n<li>In der Schweiz auf hochwertigem Papier gedruckt<\/li>\n<li>Format A6<\/li>\n<\/ul>\n","protected":false},"excerpt":{"rendered":"<p class='product-intro'>Diese Postkarte Eine Postkarte (zuf\u00e4llig) ist eine Originalkreation, handgezeichnet und in der Schweiz auf hochwertigem Papier gedruckt. Ein sinnvolles Schweizer Geschenk.<\/p>\n<p class='poesie'>Eine Postkarte La Jonx zuf\u00e4llig ausgew\u00e4hlt. Die Schweizer \u00dcberraschung zum Einstecken in einen Umschlag.<\/p>\n","protected":false},"featured_media":32940,"template":"","meta":{"_uag_custom_page_level_css":""},"product_brand":[],"product_cat":[1183],"product_tag":[],"class_list":{"0":"post-43507","1":"product","2":"type-product","3":"status-publish","4":"has-post-thumbnail","6":"product_cat-kantone","7":"product_shipping_class-letter-de","9":"first","10":"instock","11":"shipping-taxable","12":"purchasable","13":"product-type-simple"},"yoast_head":"<!-- This site is optimized with the Yoast SEO Premium plugin v27.2 (Yoast SEO v27.3) - https:\/\/yoast.com\/product\/yoast-seo-premium-wordpress\/ -->\n<title>Postkarte Eine Postkarte (zuf\u00e4llig) | Schweizer Geschenk<\/title>\n<meta name=\"description\" content=\"Postkarte Eine Postkarte (zuf\u00e4llig), illustriert und in der Schweiz gedruckt. Originales Schweizer Souvenir zum Versenden, Sammeln oder Verschenken. Design La Jonx.\" \/>\n<meta name=\"robots\" content=\"index, follow, max-snippet:-1, max-image-preview:large, max-video-preview:-1\" \/>\n<link rel=\"canonical\" href=\"https:\/\/www.la-jonx.ch\/de\/shop-de\/poster\/kantone\/eine-postkarte-zufaellig\/\" \/>\n<meta property=\"og:locale\" content=\"de_DE\" \/>\n<meta property=\"og:type\" content=\"article\" \/>\n<meta property=\"og:title\" content=\"Eine Postkarte (zuf\u00e4llig)\" \/>\n<meta property=\"og:description\" content=\"Postkarte Eine Postkarte (zuf\u00e4llig), illustriert und in der Schweiz gedruckt. Originales Schweizer Souvenir zum Versenden, Sammeln oder Verschenken. Design La Jonx.\" \/>\n<meta property=\"og:url\" content=\"https:\/\/www.la-jonx.ch\/de\/shop-de\/poster\/kantone\/eine-postkarte-zufaellig\/\" \/>\n<meta property=\"og:site_name\" content=\"La Jonx\" \/>\n<meta property=\"article:publisher\" content=\"https:\/\/www.facebook.com\/lajonx.ch\" \/>\n<meta property=\"article:modified_time\" content=\"2026-03-12T16:41:36+00:00\" \/>\n<meta property=\"og:image\" content=\"https:\/\/www.la-jonx.ch\/wp-content\/uploads\/2025\/04\/Geneva-women-Mockup-Site-Web-scaled.webp\" \/>\n\t<meta property=\"og:image:width\" content=\"2177\" \/>\n\t<meta property=\"og:image:height\" content=\"2560\" \/>\n\t<meta property=\"og:image:type\" content=\"image\/webp\" \/>\n<meta name=\"twitter:card\" content=\"summary_large_image\" \/>\n<meta name=\"twitter:label1\" content=\"Preis\" \/>\n\t<meta name=\"twitter:data1\" content=\"&#067;&#072;&#070;&nbsp;5.0\" \/>\n\t<meta name=\"twitter:label2\" content=\"Verf\u00fcgbarkeit\" \/>\n\t<meta name=\"twitter:data2\" content=\"Auf Lager\" \/>\n<script type=\"application\/ld+json\" class=\"yoast-schema-graph\">{\"@context\":\"https:\\\/\\\/schema.org\",\"@graph\":[{\"@type\":\"WebPage\",\"@id\":\"https:\\\/\\\/www.la-jonx.ch\\\/de\\\/shop-de\\\/poster\\\/kantone\\\/eine-postkarte-zufaellig\\\/\",\"url\":\"https:\\\/\\\/www.la-jonx.ch\\\/de\\\/shop-de\\\/poster\\\/kantone\\\/eine-postkarte-zufaellig\\\/\",\"name\":\"Postkarte Eine Postkarte (zuf\u00e4llig) | Schweizer Geschenk\",\"isPartOf\":{\"@id\":\"https:\\\/\\\/www.la-jonx.ch\\\/de\\\/#website\"},\"primaryImageOfPage\":{\"@id\":\"https:\\\/\\\/www.la-jonx.ch\\\/de\\\/shop-de\\\/poster\\\/kantone\\\/eine-postkarte-zufaellig\\\/#primaryimage\"},\"image\":{\"@id\":\"https:\\\/\\\/www.la-jonx.ch\\\/de\\\/shop-de\\\/poster\\\/kantone\\\/eine-postkarte-zufaellig\\\/#primaryimage\"},\"thumbnailUrl\":\"https:\\\/\\\/www.la-jonx.ch\\\/wp-content\\\/uploads\\\/2025\\\/04\\\/Geneva-women-Mockup-Site-Web-scaled.webp\",\"datePublished\":\"2025-12-01T14:38:18+00:00\",\"dateModified\":\"2026-03-12T16:41:36+00:00\",\"description\":\"Postkarte Eine Postkarte (zuf\u00e4llig), illustriert und in der Schweiz gedruckt. Originales Schweizer Souvenir zum Versenden, Sammeln oder Verschenken. Design La Jonx.\",\"breadcrumb\":{\"@id\":\"https:\\\/\\\/www.la-jonx.ch\\\/de\\\/shop-de\\\/poster\\\/kantone\\\/eine-postkarte-zufaellig\\\/#breadcrumb\"},\"inLanguage\":\"de\",\"potentialAction\":[{\"@type\":\"ReadAction\",\"target\":[\"https:\\\/\\\/www.la-jonx.ch\\\/de\\\/shop-de\\\/poster\\\/kantone\\\/eine-postkarte-zufaellig\\\/\"]}]},{\"@type\":\"ImageObject\",\"inLanguage\":\"de\",\"@id\":\"https:\\\/\\\/www.la-jonx.ch\\\/de\\\/shop-de\\\/poster\\\/kantone\\\/eine-postkarte-zufaellig\\\/#primaryimage\",\"url\":\"https:\\\/\\\/www.la-jonx.ch\\\/wp-content\\\/uploads\\\/2025\\\/04\\\/Geneva-women-Mockup-Site-Web-scaled.webp\",\"contentUrl\":\"https:\\\/\\\/www.la-jonx.ch\\\/wp-content\\\/uploads\\\/2025\\\/04\\\/Geneva-women-Mockup-Site-Web-scaled.webp\",\"width\":2177,\"height\":2560,\"caption\":\"Postkarte Postkarte - Women in Geneva gedruckt Schweiz, A6\"},{\"@type\":\"BreadcrumbList\",\"@id\":\"https:\\\/\\\/www.la-jonx.ch\\\/de\\\/shop-de\\\/poster\\\/kantone\\\/eine-postkarte-zufaellig\\\/#breadcrumb\",\"itemListElement\":[{\"@type\":\"ListItem\",\"position\":1,\"name\":\"Accueil\",\"item\":\"https:\\\/\\\/www.la-jonx.ch\\\/de\\\/\"},{\"@type\":\"ListItem\",\"position\":2,\"name\":\"Shop\",\"item\":\"https:\\\/\\\/www.la-jonx.ch\\\/shop\\\/?lang=de\"},{\"@type\":\"ListItem\",\"position\":3,\"name\":\"Poster\",\"item\":\"https:\\\/\\\/www.la-jonx.ch\\\/de\\\/produktkategorie\\\/poster\\\/\"},{\"@type\":\"ListItem\",\"position\":4,\"name\":\"KANTONE\",\"item\":\"https:\\\/\\\/www.la-jonx.ch\\\/de\\\/produktkategorie\\\/poster\\\/kantone\\\/\"},{\"@type\":\"ListItem\",\"position\":5,\"name\":\"Eine Postkarte (zuf\u00e4llig)\"}]},{\"@type\":\"WebSite\",\"@id\":\"https:\\\/\\\/www.la-jonx.ch\\\/de\\\/#website\",\"url\":\"https:\\\/\\\/www.la-jonx.ch\\\/de\\\/\",\"name\":\"La Jonx\",\"description\":\"Schweizer Grafikwerkstatt\",\"publisher\":{\"@id\":\"https:\\\/\\\/www.la-jonx.ch\\\/de\\\/#organization\"},\"potentialAction\":[{\"@type\":\"SearchAction\",\"target\":{\"@type\":\"EntryPoint\",\"urlTemplate\":\"https:\\\/\\\/www.la-jonx.ch\\\/de\\\/?s={search_term_string}\"},\"query-input\":{\"@type\":\"PropertyValueSpecification\",\"valueRequired\":true,\"valueName\":\"search_term_string\"}}],\"inLanguage\":\"de\"},{\"@type\":\"Organization\",\"@id\":\"https:\\\/\\\/www.la-jonx.ch\\\/de\\\/#organization\",\"name\":\"La Jonx\",\"url\":\"https:\\\/\\\/www.la-jonx.ch\\\/de\\\/\",\"logo\":{\"@type\":\"ImageObject\",\"inLanguage\":\"de\",\"@id\":\"https:\\\/\\\/www.la-jonx.ch\\\/de\\\/#\\\/schema\\\/logo\\\/image\\\/\",\"url\":\"https:\\\/\\\/www.la-jonx.ch\\\/wp-content\\\/uploads\\\/2021\\\/09\\\/logo-la-jonx-atzelier-graphique.png\",\"contentUrl\":\"https:\\\/\\\/www.la-jonx.ch\\\/wp-content\\\/uploads\\\/2021\\\/09\\\/logo-la-jonx-atzelier-graphique.png\",\"width\":378,\"height\":129,\"caption\":\"La Jonx\"},\"image\":{\"@id\":\"https:\\\/\\\/www.la-jonx.ch\\\/de\\\/#\\\/schema\\\/logo\\\/image\\\/\"},\"sameAs\":[\"https:\\\/\\\/www.facebook.com\\\/lajonx.ch\",\"https:\\\/\\\/www.instagram.com\\\/lajonx.ch\\\/?hl=fr\"]}]}<\/script>\n<meta property=\"product:price:amount\" content=\"5.0\" \/>\n<meta property=\"product:price:currency\" content=\"CHF\" \/>\n<meta property=\"og:availability\" content=\"instock\" \/>\n<meta property=\"product:availability\" content=\"instock\" \/>\n<meta property=\"product:condition\" content=\"new\" \/>\n<!-- \/ Yoast SEO Premium plugin. -->","yoast_head_json":{"title":"Postkarte Eine Postkarte (zuf\u00e4llig) | Schweizer Geschenk","description":"Postkarte Eine Postkarte (zuf\u00e4llig), illustriert und in der Schweiz gedruckt. Originales Schweizer Souvenir zum Versenden, Sammeln oder Verschenken. Design La Jonx.","robots":{"index":"index","follow":"follow","max-snippet":"max-snippet:-1","max-image-preview":"max-image-preview:large","max-video-preview":"max-video-preview:-1"},"canonical":"https:\/\/www.la-jonx.ch\/de\/shop-de\/poster\/kantone\/eine-postkarte-zufaellig\/","og_locale":"de_DE","og_type":"article","og_title":"Eine Postkarte (zuf\u00e4llig)","og_description":"Postkarte Eine Postkarte (zuf\u00e4llig), illustriert und in der Schweiz gedruckt. Originales Schweizer Souvenir zum Versenden, Sammeln oder Verschenken. Design La Jonx.","og_url":"https:\/\/www.la-jonx.ch\/de\/shop-de\/poster\/kantone\/eine-postkarte-zufaellig\/","og_site_name":"La Jonx","article_publisher":"https:\/\/www.facebook.com\/lajonx.ch","article_modified_time":"2026-03-12T16:41:36+00:00","og_image":[{"width":2177,"height":2560,"url":"https:\/\/www.la-jonx.ch\/wp-content\/uploads\/2025\/04\/Geneva-women-Mockup-Site-Web-scaled.webp","type":"image\/webp"}],"twitter_card":"summary_large_image","twitter_misc":{"Preis":"&#67;&#72;&#70;&nbsp;5.0","Verf\u00fcgbarkeit":"Auf Lager"},"schema":{"@context":"https:\/\/schema.org","@graph":[{"@type":"WebPage","@id":"https:\/\/www.la-jonx.ch\/de\/shop-de\/poster\/kantone\/eine-postkarte-zufaellig\/","url":"https:\/\/www.la-jonx.ch\/de\/shop-de\/poster\/kantone\/eine-postkarte-zufaellig\/","name":"Postkarte Eine Postkarte (zuf\u00e4llig) | Schweizer Geschenk","isPartOf":{"@id":"https:\/\/www.la-jonx.ch\/de\/#website"},"primaryImageOfPage":{"@id":"https:\/\/www.la-jonx.ch\/de\/shop-de\/poster\/kantone\/eine-postkarte-zufaellig\/#primaryimage"},"image":{"@id":"https:\/\/www.la-jonx.ch\/de\/shop-de\/poster\/kantone\/eine-postkarte-zufaellig\/#primaryimage"},"thumbnailUrl":"https:\/\/www.la-jonx.ch\/wp-content\/uploads\/2025\/04\/Geneva-women-Mockup-Site-Web-scaled.webp","datePublished":"2025-12-01T14:38:18+00:00","dateModified":"2026-03-12T16:41:36+00:00","description":"Postkarte Eine Postkarte (zuf\u00e4llig), illustriert und in der Schweiz gedruckt. Originales Schweizer Souvenir zum Versenden, Sammeln oder Verschenken. Design La Jonx.","breadcrumb":{"@id":"https:\/\/www.la-jonx.ch\/de\/shop-de\/poster\/kantone\/eine-postkarte-zufaellig\/#breadcrumb"},"inLanguage":"de","potentialAction":[{"@type":"ReadAction","target":["https:\/\/www.la-jonx.ch\/de\/shop-de\/poster\/kantone\/eine-postkarte-zufaellig\/"]}]},{"@type":"ImageObject","inLanguage":"de","@id":"https:\/\/www.la-jonx.ch\/de\/shop-de\/poster\/kantone\/eine-postkarte-zufaellig\/#primaryimage","url":"https:\/\/www.la-jonx.ch\/wp-content\/uploads\/2025\/04\/Geneva-women-Mockup-Site-Web-scaled.webp","contentUrl":"https:\/\/www.la-jonx.ch\/wp-content\/uploads\/2025\/04\/Geneva-women-Mockup-Site-Web-scaled.webp","width":2177,"height":2560,"caption":"Postkarte Postkarte - Women in Geneva gedruckt Schweiz, A6"},{"@type":"BreadcrumbList","@id":"https:\/\/www.la-jonx.ch\/de\/shop-de\/poster\/kantone\/eine-postkarte-zufaellig\/#breadcrumb","itemListElement":[{"@type":"ListItem","position":1,"name":"Accueil","item":"https:\/\/www.la-jonx.ch\/de\/"},{"@type":"ListItem","position":2,"name":"Shop","item":"https:\/\/www.la-jonx.ch\/shop\/?lang=de"},{"@type":"ListItem","position":3,"name":"Poster","item":"https:\/\/www.la-jonx.ch\/de\/produktkategorie\/poster\/"},{"@type":"ListItem","position":4,"name":"KANTONE","item":"https:\/\/www.la-jonx.ch\/de\/produktkategorie\/poster\/kantone\/"},{"@type":"ListItem","position":5,"name":"Eine Postkarte (zuf\u00e4llig)"}]},{"@type":"WebSite","@id":"https:\/\/www.la-jonx.ch\/de\/#website","url":"https:\/\/www.la-jonx.ch\/de\/","name":"La Jonx","description":"Schweizer Grafikwerkstatt","publisher":{"@id":"https:\/\/www.la-jonx.ch\/de\/#organization"},"potentialAction":[{"@type":"SearchAction","target":{"@type":"EntryPoint","urlTemplate":"https:\/\/www.la-jonx.ch\/de\/?s={search_term_string}"},"query-input":{"@type":"PropertyValueSpecification","valueRequired":true,"valueName":"search_term_string"}}],"inLanguage":"de"},{"@type":"Organization","@id":"https:\/\/www.la-jonx.ch\/de\/#organization","name":"La Jonx","url":"https:\/\/www.la-jonx.ch\/de\/","logo":{"@type":"ImageObject","inLanguage":"de","@id":"https:\/\/www.la-jonx.ch\/de\/#\/schema\/logo\/image\/","url":"https:\/\/www.la-jonx.ch\/wp-content\/uploads\/2021\/09\/logo-la-jonx-atzelier-graphique.png","contentUrl":"https:\/\/www.la-jonx.ch\/wp-content\/uploads\/2021\/09\/logo-la-jonx-atzelier-graphique.png","width":378,"height":129,"caption":"La Jonx"},"image":{"@id":"https:\/\/www.la-jonx.ch\/de\/#\/schema\/logo\/image\/"},"sameAs":["https:\/\/www.facebook.com\/lajonx.ch","https:\/\/www.instagram.com\/lajonx.ch\/?hl=fr"]}]},"product_price_amount":"5.0","product_price_currency":"CHF","og_availability":"instock","product_availability":"instock","product_condition":"new"},"additional_image_1":null,"additional_image_2":null,"uagb_featured_image_src":{"full":["https:\/\/www.la-jonx.ch\/wp-content\/uploads\/2025\/04\/Geneva-women-Mockup-Site-Web-scaled.webp",2177,2560,false],"thumbnail":["https:\/\/www.la-jonx.ch\/wp-content\/uploads\/2025\/04\/Geneva-women-Mockup-Site-Web-150x150.webp",150,150,true],"medium":["https:\/\/www.la-jonx.ch\/wp-content\/uploads\/2025\/04\/Geneva-women-Mockup-Site-Web-255x300.webp",255,300,true],"medium_large":["https:\/\/www.la-jonx.ch\/wp-content\/uploads\/2025\/04\/Geneva-women-Mockup-Site-Web-768x903.webp",768,903,true],"large":["https:\/\/www.la-jonx.ch\/wp-content\/uploads\/2025\/04\/Geneva-women-Mockup-Site-Web-871x1024.webp",871,1024,true],"1536x1536":["https:\/\/www.la-jonx.ch\/wp-content\/uploads\/2025\/04\/Geneva-women-Mockup-Site-Web-1306x1536.webp",1306,1536,true],"2048x2048":["https:\/\/www.la-jonx.ch\/wp-content\/uploads\/2025\/04\/Geneva-women-Mockup-Site-Web-1742x2048.webp",1742,2048,true],"woocommerce_thumbnail":["https:\/\/www.la-jonx.ch\/wp-content\/uploads\/2025\/04\/Geneva-women-Mockup-Site-Web-350x420.webp",350,420,true],"woocommerce_single":["https:\/\/www.la-jonx.ch\/wp-content\/uploads\/2025\/04\/Geneva-women-Mockup-Site-Web-510x600.webp",510,600,true],"woocommerce_gallery_thumbnail":["https:\/\/www.la-jonx.ch\/wp-content\/uploads\/2025\/04\/Geneva-women-Mockup-Site-Web-100x100.webp",100,100,true],"dgwt-wcas-product-suggestion":["https:\/\/www.la-jonx.ch\/wp-content\/uploads\/2025\/04\/Geneva-women-Mockup-Site-Web-scaled.webp",64,75,false]},"uagb_author_info":{"display_name":"L'atelier La Jonx","author_link":"https:\/\/www.la-jonx.ch\/de\/author\/"},"uagb_comment_info":0,"uagb_excerpt":"Diese Postkarte Eine Postkarte (zuf\u00e4llig) ist eine Originalkreation, handgezeichnet und in der Schweiz auf hochwertigem Papier gedruckt. Ein sinnvolles Schweizer Geschenk.Eine Postkarte La Jonx zuf\u00e4llig ausgew\u00e4hlt. Die Schweizer \u00dcberraschung zum Einstecken in einen Umschlag.","_links":{"self":[{"href":"https:\/\/www.la-jonx.ch\/de\/wp-json\/wp\/v2\/product\/43507","targetHints":{"allow":["GET"]}}],"collection":[{"href":"https:\/\/www.la-jonx.ch\/de\/wp-json\/wp\/v2\/product"}],"about":[{"href":"https:\/\/www.la-jonx.ch\/de\/wp-json\/wp\/v2\/types\/product"}],"wp:featuredmedia":[{"embeddable":true,"href":"https:\/\/www.la-jonx.ch\/de\/wp-json\/wp\/v2\/media\/32940"}],"wp:attachment":[{"href":"https:\/\/www.la-jonx.ch\/de\/wp-json\/wp\/v2\/media?parent=43507"}],"wp:term":[{"taxonomy":"product_brand","embeddable":true,"href":"https:\/\/www.la-jonx.ch\/de\/wp-json\/wp\/v2\/product_brand?post=43507"},{"taxonomy":"product_cat","embeddable":true,"href":"https:\/\/www.la-jonx.ch\/de\/wp-json\/wp\/v2\/product_cat?post=43507"},{"taxonomy":"product_tag","embeddable":true,"href":"https:\/\/www.la-jonx.ch\/de\/wp-json\/wp\/v2\/product_tag?post=43507"}],"curies":[{"name":"wp","href":"https:\/\/api.w.org\/{rel}","templated":true}]}}