{"id":43571,"date":"2025-12-02T08:08:28","date_gmt":"2025-12-02T07:08:28","guid":{"rendered":"https:\/\/www.la-jonx.ch\/?post_type=product&#038;p=43571"},"modified":"2026-03-12T17:44:16","modified_gmt":"2026-03-12T16:44:16","slug":"ein-zeitplan-fur-2026-copie","status":"publish","type":"product","link":"https:\/\/www.la-jonx.ch\/de\/shop-de\/poster\/kantone\/ein-zeitplan-fur-2026-copie\/","title":{"rendered":"Eine Tote Bag (Zuf\u00e4llig)"},"content":{"rendered":"<h3>Tote-Bag \u00ab Ein Tote-Bag (Zuf\u00e4llig) \u00bb \u2014 Bio-Baumwolle, Schweizer Design<\/h3>\n<p>Praktisch, umweltfreundlich und voller Pers\u00f6nlichkeit \u2014 dieses Tote-Bag \u00ab Ein Tote-Bag (Zuf\u00e4llig) \u00bb aus GOTS-zertifizierter Bio-Baumwolle ist ein Volltreffer. Ein Schweizer Geschenk, das im Alltag Freude bereitet.<\/p>\n<blockquote><p><em>\u00ab Ein zuf\u00e4llig ausgew\u00e4hltes Tote-Bag von La Jonx. Die \u00dcberraschungstasche f\u00fcr Ihre Schweizer Spazierg\u00e4nge. \u00bb<\/em><\/p><\/blockquote>\n<h3>Eigenschaften<\/h3>\n<ul>\n<li>Originaldesign \u2014 La Jonx, Genf<\/li>\n<li>GOTS-zertifizierte Bio-Baumwolle<\/li>\n<li>Robust und praktisch f\u00fcr den t\u00e4glichen Gebrauch<\/li>\n<\/ul>\n","protected":false},"excerpt":{"rendered":"<p class='product-intro'>Diese Tragetasche Eine Tragetasche (Zuf\u00e4llig) ist eine originale Kreation, handgezeichnet in unserem Atelier in Genf. Das Geschenk, das auf Reisen geht.<\/p>\n<p class='poesie'>Eine Tragetasche La Jonx zuf\u00e4llig ausgew\u00e4hlt. Die \u00dcberraschungstasche f\u00fcr Ihre Schweizer Spazierg\u00e4nge.<\/p>\n","protected":false},"featured_media":26030,"template":"","meta":{"_uag_custom_page_level_css":""},"product_brand":[],"product_cat":[1183],"product_tag":[],"class_list":{"0":"post-43571","1":"product","2":"type-product","3":"status-publish","4":"has-post-thumbnail","6":"product_cat-kantone","7":"product_shipping_class-letter-de","9":"first","10":"instock","11":"shipping-taxable","12":"purchasable","13":"product-type-simple"},"yoast_head":"<!-- This site is optimized with the Yoast SEO Premium plugin v27.4 (Yoast SEO v27.4) - https:\/\/yoast.com\/product\/yoast-seo-premium-wordpress\/ -->\n<title>Stoffbeutel Ein Tote-Bag (Zuf\u00e4llig) | Bio-Baumwolle, Schweizer Design<\/title>\n<meta name=\"description\" content=\"Stoffbeutel Eine Tragetasche (Zuf\u00e4llig) aus Bio-Baumwolle GOTS. Original Schweizer Design La Jonx. Widerstandsf\u00e4hig, umweltfreundlich und stylisch. Das praktische und einzigartige Schweizer Geschenk.\" \/>\n<meta name=\"robots\" content=\"index, follow, max-snippet:-1, max-image-preview:large, max-video-preview:-1\" \/>\n<link rel=\"canonical\" href=\"https:\/\/www.la-jonx.ch\/de\/shop-de\/poster\/kantone\/ein-zeitplan-fur-2026-copie\/\" \/>\n<meta property=\"og:locale\" content=\"de_DE\" \/>\n<meta property=\"og:type\" content=\"article\" \/>\n<meta property=\"og:title\" content=\"Eine Tote Bag (Zuf\u00e4llig)\" \/>\n<meta property=\"og:description\" content=\"Stoffbeutel Eine Tragetasche (Zuf\u00e4llig) aus Bio-Baumwolle GOTS. Original Schweizer Design La Jonx. Widerstandsf\u00e4hig, umweltfreundlich und stylisch. Das praktische und einzigartige Schweizer Geschenk.\" \/>\n<meta property=\"og:url\" content=\"https:\/\/www.la-jonx.ch\/de\/shop-de\/poster\/kantone\/ein-zeitplan-fur-2026-copie\/\" \/>\n<meta property=\"og:site_name\" content=\"La Jonx\" \/>\n<meta property=\"article:publisher\" content=\"https:\/\/www.facebook.com\/lajonx.ch\" \/>\n<meta property=\"article:modified_time\" content=\"2026-03-12T16:44:16+00:00\" \/>\n<meta property=\"og:image\" content=\"https:\/\/www.la-jonx.ch\/wp-content\/uploads\/2023\/12\/Totebag-suisse-en-cotton-bio-Baignade-au-lac-ou-bien-1.webp\" \/>\n\t<meta property=\"og:image:width\" content=\"1500\" \/>\n\t<meta property=\"og:image:height\" content=\"1764\" \/>\n\t<meta property=\"og:image:type\" content=\"image\/webp\" \/>\n<meta name=\"twitter:card\" content=\"summary_large_image\" \/>\n<meta name=\"twitter:label1\" content=\"Preis\" \/>\n\t<meta name=\"twitter:data1\" content=\"&#067;&#072;&#070;&nbsp;20.0\" \/>\n\t<meta name=\"twitter:label2\" content=\"Verf\u00fcgbarkeit\" \/>\n\t<meta name=\"twitter:data2\" content=\"Auf Lager\" \/>\n<script type=\"application\/ld+json\" class=\"yoast-schema-graph\">{\"@context\":\"https:\\\/\\\/schema.org\",\"@graph\":[{\"@type\":\"WebPage\",\"@id\":\"https:\\\/\\\/www.la-jonx.ch\\\/de\\\/shop-de\\\/poster\\\/kantone\\\/ein-zeitplan-fur-2026-copie\\\/\",\"url\":\"https:\\\/\\\/www.la-jonx.ch\\\/de\\\/shop-de\\\/poster\\\/kantone\\\/ein-zeitplan-fur-2026-copie\\\/\",\"name\":\"Stoffbeutel Ein Tote-Bag (Zuf\u00e4llig) | Bio-Baumwolle, Schweizer Design\",\"isPartOf\":{\"@id\":\"https:\\\/\\\/www.la-jonx.ch\\\/de\\\/#website\"},\"primaryImageOfPage\":{\"@id\":\"https:\\\/\\\/www.la-jonx.ch\\\/de\\\/shop-de\\\/poster\\\/kantone\\\/ein-zeitplan-fur-2026-copie\\\/#primaryimage\"},\"image\":{\"@id\":\"https:\\\/\\\/www.la-jonx.ch\\\/de\\\/shop-de\\\/poster\\\/kantone\\\/ein-zeitplan-fur-2026-copie\\\/#primaryimage\"},\"thumbnailUrl\":\"https:\\\/\\\/www.la-jonx.ch\\\/wp-content\\\/uploads\\\/2023\\\/12\\\/Totebag-suisse-en-cotton-bio-Baignade-au-lac-ou-bien-1.webp\",\"datePublished\":\"2025-12-02T07:08:28+00:00\",\"dateModified\":\"2026-03-12T16:44:16+00:00\",\"description\":\"Stoffbeutel Eine Tragetasche (Zuf\u00e4llig) aus Bio-Baumwolle GOTS. Original Schweizer Design La Jonx. Widerstandsf\u00e4hig, umweltfreundlich und stylisch. Das praktische und einzigartige Schweizer Geschenk.\",\"breadcrumb\":{\"@id\":\"https:\\\/\\\/www.la-jonx.ch\\\/de\\\/shop-de\\\/poster\\\/kantone\\\/ein-zeitplan-fur-2026-copie\\\/#breadcrumb\"},\"inLanguage\":\"de\",\"potentialAction\":[{\"@type\":\"ReadAction\",\"target\":[\"https:\\\/\\\/www.la-jonx.ch\\\/de\\\/shop-de\\\/poster\\\/kantone\\\/ein-zeitplan-fur-2026-copie\\\/\"]}]},{\"@type\":\"ImageObject\",\"inLanguage\":\"de\",\"@id\":\"https:\\\/\\\/www.la-jonx.ch\\\/de\\\/shop-de\\\/poster\\\/kantone\\\/ein-zeitplan-fur-2026-copie\\\/#primaryimage\",\"url\":\"https:\\\/\\\/www.la-jonx.ch\\\/wp-content\\\/uploads\\\/2023\\\/12\\\/Totebag-suisse-en-cotton-bio-Baignade-au-lac-ou-bien-1.webp\",\"contentUrl\":\"https:\\\/\\\/www.la-jonx.ch\\\/wp-content\\\/uploads\\\/2023\\\/12\\\/Totebag-suisse-en-cotton-bio-Baignade-au-lac-ou-bien-1.webp\",\"width\":1500,\"height\":1764,\"caption\":\"Totebag mit einer im See badenden Frau\"},{\"@type\":\"BreadcrumbList\",\"@id\":\"https:\\\/\\\/www.la-jonx.ch\\\/de\\\/shop-de\\\/poster\\\/kantone\\\/ein-zeitplan-fur-2026-copie\\\/#breadcrumb\",\"itemListElement\":[{\"@type\":\"ListItem\",\"position\":1,\"name\":\"Accueil\",\"item\":\"https:\\\/\\\/www.la-jonx.ch\\\/de\\\/\"},{\"@type\":\"ListItem\",\"position\":2,\"name\":\"Shop\",\"item\":\"https:\\\/\\\/www.la-jonx.ch\\\/shop\\\/?lang=de\"},{\"@type\":\"ListItem\",\"position\":3,\"name\":\"Poster\",\"item\":\"https:\\\/\\\/www.la-jonx.ch\\\/de\\\/produktkategorie\\\/poster\\\/\"},{\"@type\":\"ListItem\",\"position\":4,\"name\":\"KANTONE\",\"item\":\"https:\\\/\\\/www.la-jonx.ch\\\/de\\\/produktkategorie\\\/poster\\\/kantone\\\/\"},{\"@type\":\"ListItem\",\"position\":5,\"name\":\"Eine Tote Bag (Zuf\u00e4llig)\"}]},{\"@type\":\"WebSite\",\"@id\":\"https:\\\/\\\/www.la-jonx.ch\\\/de\\\/#website\",\"url\":\"https:\\\/\\\/www.la-jonx.ch\\\/de\\\/\",\"name\":\"La Jonx\",\"description\":\"Schweizer Grafikwerkstatt\",\"publisher\":{\"@id\":\"https:\\\/\\\/www.la-jonx.ch\\\/de\\\/#organization\"},\"potentialAction\":[{\"@type\":\"SearchAction\",\"target\":{\"@type\":\"EntryPoint\",\"urlTemplate\":\"https:\\\/\\\/www.la-jonx.ch\\\/de\\\/?s={search_term_string}\"},\"query-input\":{\"@type\":\"PropertyValueSpecification\",\"valueRequired\":true,\"valueName\":\"search_term_string\"}}],\"inLanguage\":\"de\"},{\"@type\":\"Organization\",\"@id\":\"https:\\\/\\\/www.la-jonx.ch\\\/de\\\/#organization\",\"name\":\"La Jonx\",\"url\":\"https:\\\/\\\/www.la-jonx.ch\\\/de\\\/\",\"logo\":{\"@type\":\"ImageObject\",\"inLanguage\":\"de\",\"@id\":\"https:\\\/\\\/www.la-jonx.ch\\\/de\\\/#\\\/schema\\\/logo\\\/image\\\/\",\"url\":\"https:\\\/\\\/www.la-jonx.ch\\\/wp-content\\\/uploads\\\/2021\\\/09\\\/logo-la-jonx-atzelier-graphique.png\",\"contentUrl\":\"https:\\\/\\\/www.la-jonx.ch\\\/wp-content\\\/uploads\\\/2021\\\/09\\\/logo-la-jonx-atzelier-graphique.png\",\"width\":378,\"height\":129,\"caption\":\"La Jonx\"},\"image\":{\"@id\":\"https:\\\/\\\/www.la-jonx.ch\\\/de\\\/#\\\/schema\\\/logo\\\/image\\\/\"},\"sameAs\":[\"https:\\\/\\\/www.facebook.com\\\/lajonx.ch\",\"https:\\\/\\\/www.instagram.com\\\/lajonx.ch\\\/?hl=fr\"]}]}<\/script>\n<meta property=\"product:price:amount\" content=\"20.0\" \/>\n<meta property=\"product:price:currency\" content=\"CHF\" \/>\n<meta property=\"og:availability\" content=\"instock\" \/>\n<meta property=\"product:availability\" content=\"instock\" \/>\n<meta property=\"product:condition\" content=\"new\" \/>\n<!-- \/ Yoast SEO Premium plugin. -->","yoast_head_json":{"title":"Stoffbeutel Ein Tote-Bag (Zuf\u00e4llig) | Bio-Baumwolle, Schweizer Design","description":"Stoffbeutel Eine Tragetasche (Zuf\u00e4llig) aus Bio-Baumwolle GOTS. Original Schweizer Design La Jonx. Widerstandsf\u00e4hig, umweltfreundlich und stylisch. Das praktische und einzigartige Schweizer Geschenk.","robots":{"index":"index","follow":"follow","max-snippet":"max-snippet:-1","max-image-preview":"max-image-preview:large","max-video-preview":"max-video-preview:-1"},"canonical":"https:\/\/www.la-jonx.ch\/de\/shop-de\/poster\/kantone\/ein-zeitplan-fur-2026-copie\/","og_locale":"de_DE","og_type":"article","og_title":"Eine Tote Bag (Zuf\u00e4llig)","og_description":"Stoffbeutel Eine Tragetasche (Zuf\u00e4llig) aus Bio-Baumwolle GOTS. Original Schweizer Design La Jonx. Widerstandsf\u00e4hig, umweltfreundlich und stylisch. Das praktische und einzigartige Schweizer Geschenk.","og_url":"https:\/\/www.la-jonx.ch\/de\/shop-de\/poster\/kantone\/ein-zeitplan-fur-2026-copie\/","og_site_name":"La Jonx","article_publisher":"https:\/\/www.facebook.com\/lajonx.ch","article_modified_time":"2026-03-12T16:44:16+00:00","og_image":[{"width":1500,"height":1764,"url":"https:\/\/www.la-jonx.ch\/wp-content\/uploads\/2023\/12\/Totebag-suisse-en-cotton-bio-Baignade-au-lac-ou-bien-1.webp","type":"image\/webp"}],"twitter_card":"summary_large_image","twitter_misc":{"Preis":"&#67;&#72;&#70;&nbsp;20.0","Verf\u00fcgbarkeit":"Auf Lager"},"schema":{"@context":"https:\/\/schema.org","@graph":[{"@type":"WebPage","@id":"https:\/\/www.la-jonx.ch\/de\/shop-de\/poster\/kantone\/ein-zeitplan-fur-2026-copie\/","url":"https:\/\/www.la-jonx.ch\/de\/shop-de\/poster\/kantone\/ein-zeitplan-fur-2026-copie\/","name":"Stoffbeutel Ein Tote-Bag (Zuf\u00e4llig) | Bio-Baumwolle, Schweizer Design","isPartOf":{"@id":"https:\/\/www.la-jonx.ch\/de\/#website"},"primaryImageOfPage":{"@id":"https:\/\/www.la-jonx.ch\/de\/shop-de\/poster\/kantone\/ein-zeitplan-fur-2026-copie\/#primaryimage"},"image":{"@id":"https:\/\/www.la-jonx.ch\/de\/shop-de\/poster\/kantone\/ein-zeitplan-fur-2026-copie\/#primaryimage"},"thumbnailUrl":"https:\/\/www.la-jonx.ch\/wp-content\/uploads\/2023\/12\/Totebag-suisse-en-cotton-bio-Baignade-au-lac-ou-bien-1.webp","datePublished":"2025-12-02T07:08:28+00:00","dateModified":"2026-03-12T16:44:16+00:00","description":"Stoffbeutel Eine Tragetasche (Zuf\u00e4llig) aus Bio-Baumwolle GOTS. Original Schweizer Design La Jonx. Widerstandsf\u00e4hig, umweltfreundlich und stylisch. Das praktische und einzigartige Schweizer Geschenk.","breadcrumb":{"@id":"https:\/\/www.la-jonx.ch\/de\/shop-de\/poster\/kantone\/ein-zeitplan-fur-2026-copie\/#breadcrumb"},"inLanguage":"de","potentialAction":[{"@type":"ReadAction","target":["https:\/\/www.la-jonx.ch\/de\/shop-de\/poster\/kantone\/ein-zeitplan-fur-2026-copie\/"]}]},{"@type":"ImageObject","inLanguage":"de","@id":"https:\/\/www.la-jonx.ch\/de\/shop-de\/poster\/kantone\/ein-zeitplan-fur-2026-copie\/#primaryimage","url":"https:\/\/www.la-jonx.ch\/wp-content\/uploads\/2023\/12\/Totebag-suisse-en-cotton-bio-Baignade-au-lac-ou-bien-1.webp","contentUrl":"https:\/\/www.la-jonx.ch\/wp-content\/uploads\/2023\/12\/Totebag-suisse-en-cotton-bio-Baignade-au-lac-ou-bien-1.webp","width":1500,"height":1764,"caption":"Totebag mit einer im See badenden Frau"},{"@type":"BreadcrumbList","@id":"https:\/\/www.la-jonx.ch\/de\/shop-de\/poster\/kantone\/ein-zeitplan-fur-2026-copie\/#breadcrumb","itemListElement":[{"@type":"ListItem","position":1,"name":"Accueil","item":"https:\/\/www.la-jonx.ch\/de\/"},{"@type":"ListItem","position":2,"name":"Shop","item":"https:\/\/www.la-jonx.ch\/shop\/?lang=de"},{"@type":"ListItem","position":3,"name":"Poster","item":"https:\/\/www.la-jonx.ch\/de\/produktkategorie\/poster\/"},{"@type":"ListItem","position":4,"name":"KANTONE","item":"https:\/\/www.la-jonx.ch\/de\/produktkategorie\/poster\/kantone\/"},{"@type":"ListItem","position":5,"name":"Eine Tote Bag (Zuf\u00e4llig)"}]},{"@type":"WebSite","@id":"https:\/\/www.la-jonx.ch\/de\/#website","url":"https:\/\/www.la-jonx.ch\/de\/","name":"La Jonx","description":"Schweizer Grafikwerkstatt","publisher":{"@id":"https:\/\/www.la-jonx.ch\/de\/#organization"},"potentialAction":[{"@type":"SearchAction","target":{"@type":"EntryPoint","urlTemplate":"https:\/\/www.la-jonx.ch\/de\/?s={search_term_string}"},"query-input":{"@type":"PropertyValueSpecification","valueRequired":true,"valueName":"search_term_string"}}],"inLanguage":"de"},{"@type":"Organization","@id":"https:\/\/www.la-jonx.ch\/de\/#organization","name":"La Jonx","url":"https:\/\/www.la-jonx.ch\/de\/","logo":{"@type":"ImageObject","inLanguage":"de","@id":"https:\/\/www.la-jonx.ch\/de\/#\/schema\/logo\/image\/","url":"https:\/\/www.la-jonx.ch\/wp-content\/uploads\/2021\/09\/logo-la-jonx-atzelier-graphique.png","contentUrl":"https:\/\/www.la-jonx.ch\/wp-content\/uploads\/2021\/09\/logo-la-jonx-atzelier-graphique.png","width":378,"height":129,"caption":"La Jonx"},"image":{"@id":"https:\/\/www.la-jonx.ch\/de\/#\/schema\/logo\/image\/"},"sameAs":["https:\/\/www.facebook.com\/lajonx.ch","https:\/\/www.instagram.com\/lajonx.ch\/?hl=fr"]}]},"product_price_amount":"20.0","product_price_currency":"CHF","og_availability":"instock","product_availability":"instock","product_condition":"new"},"additional_image_1":null,"additional_image_2":null,"uagb_featured_image_src":{"full":["https:\/\/www.la-jonx.ch\/wp-content\/uploads\/2023\/12\/Totebag-suisse-en-cotton-bio-Baignade-au-lac-ou-bien-1.webp",1500,1764,false],"thumbnail":["https:\/\/www.la-jonx.ch\/wp-content\/uploads\/2023\/12\/Totebag-suisse-en-cotton-bio-Baignade-au-lac-ou-bien-1-150x150.webp",150,150,true],"medium":["https:\/\/www.la-jonx.ch\/wp-content\/uploads\/2023\/12\/Totebag-suisse-en-cotton-bio-Baignade-au-lac-ou-bien-1-255x300.webp",255,300,true],"medium_large":["https:\/\/www.la-jonx.ch\/wp-content\/uploads\/2023\/12\/Totebag-suisse-en-cotton-bio-Baignade-au-lac-ou-bien-1-768x903.webp",768,903,true],"large":["https:\/\/www.la-jonx.ch\/wp-content\/uploads\/2023\/12\/Totebag-suisse-en-cotton-bio-Baignade-au-lac-ou-bien-1-871x1024.webp",871,1024,true],"1536x1536":["https:\/\/www.la-jonx.ch\/wp-content\/uploads\/2023\/12\/Totebag-suisse-en-cotton-bio-Baignade-au-lac-ou-bien-1-1306x1536.webp",1306,1536,true],"2048x2048":["https:\/\/www.la-jonx.ch\/wp-content\/uploads\/2023\/12\/Totebag-suisse-en-cotton-bio-Baignade-au-lac-ou-bien-1.webp",1500,1764,false],"woocommerce_thumbnail":["https:\/\/www.la-jonx.ch\/wp-content\/uploads\/2023\/12\/Totebag-suisse-en-cotton-bio-Baignade-au-lac-ou-bien-1-350x420.webp",350,420,true],"woocommerce_single":["https:\/\/www.la-jonx.ch\/wp-content\/uploads\/2023\/12\/Totebag-suisse-en-cotton-bio-Baignade-au-lac-ou-bien-1-510x600.webp",510,600,true],"woocommerce_gallery_thumbnail":["https:\/\/www.la-jonx.ch\/wp-content\/uploads\/2023\/12\/Totebag-suisse-en-cotton-bio-Baignade-au-lac-ou-bien-1-100x100.webp",100,100,true],"dgwt-wcas-product-suggestion":["https:\/\/www.la-jonx.ch\/wp-content\/uploads\/2023\/12\/Totebag-suisse-en-cotton-bio-Baignade-au-lac-ou-bien-1.webp",64,75,false]},"uagb_author_info":{"display_name":"L'atelier La Jonx","author_link":"https:\/\/www.la-jonx.ch\/de\/author\/"},"uagb_comment_info":0,"uagb_excerpt":"Diese Tragetasche Eine Tragetasche (Zuf\u00e4llig) ist eine originale Kreation, handgezeichnet in unserem Atelier in Genf. Das Geschenk, das auf Reisen geht.Eine Tragetasche La Jonx zuf\u00e4llig ausgew\u00e4hlt. Die \u00dcberraschungstasche f\u00fcr Ihre Schweizer Spazierg\u00e4nge.","_links":{"self":[{"href":"https:\/\/www.la-jonx.ch\/de\/wp-json\/wp\/v2\/product\/43571","targetHints":{"allow":["GET"]}}],"collection":[{"href":"https:\/\/www.la-jonx.ch\/de\/wp-json\/wp\/v2\/product"}],"about":[{"href":"https:\/\/www.la-jonx.ch\/de\/wp-json\/wp\/v2\/types\/product"}],"wp:featuredmedia":[{"embeddable":true,"href":"https:\/\/www.la-jonx.ch\/de\/wp-json\/wp\/v2\/media\/26030"}],"wp:attachment":[{"href":"https:\/\/www.la-jonx.ch\/de\/wp-json\/wp\/v2\/media?parent=43571"}],"wp:term":[{"taxonomy":"product_brand","embeddable":true,"href":"https:\/\/www.la-jonx.ch\/de\/wp-json\/wp\/v2\/product_brand?post=43571"},{"taxonomy":"product_cat","embeddable":true,"href":"https:\/\/www.la-jonx.ch\/de\/wp-json\/wp\/v2\/product_cat?post=43571"},{"taxonomy":"product_tag","embeddable":true,"href":"https:\/\/www.la-jonx.ch\/de\/wp-json\/wp\/v2\/product_tag?post=43571"}],"curies":[{"name":"wp","href":"https:\/\/api.w.org\/{rel}","templated":true}]}}