{"id":705,"date":"2021-08-07T01:51:38","date_gmt":"2021-08-06T23:51:38","guid":{"rendered":"http:\/\/2021.la-jonx.ch\/?post_type=product&#038;p=705"},"modified":"2026-03-12T17:37:07","modified_gmt":"2026-03-12T16:37:07","slug":"zeige-den-genfersee","status":"publish","type":"product","link":"https:\/\/www.la-jonx.ch\/de\/shop-de\/poster\/kantone\/waadt\/zeige-den-genfersee\/","title":{"rendered":"Genfer See"},"content":{"rendered":"<h3>Der Genfersee \u2014 Schweizer Poster illustriert vom Atelier La Jonx<\/h3>\n<p>Dieses Poster vom Genfersee entstand in unserem Atelier in Genf. Blaue und t\u00fcrkisfarbene T\u00f6ne \u2014 die Art von Schweizer Poster, die man einrahmt und lange beh\u00e4lt.<\/p>\n<p>In der Schweiz auf halbmattem 180g-Papier mit PEFC\/FSC-Zertifizierung gedruckt, ist es ein originelles Schweizer Geschenk oder ein sch\u00f6nes Element zur Wanddekoration f\u00fcr Ihr Wohnzimmer, Schlafzimmer oder B\u00fcro.<\/p>\n<h3>Der Genfersee in wenigen Worten<\/h3>\n<p>Der Genfersee, der gr\u00f6\u00dfte See Westeuropas, erstreckt sich sichelf\u00f6rmig zwischen der Schweiz und Frankreich. Seine 582 km\u00b2 blau-t\u00fcrkisfarbenes Wasser, umgeben von Weinbergen und \u00fcberragt von den Alpen, machen ihn zu einer der sch\u00f6nsten Landschaften des Kontinents.<\/p>\n<blockquote><p><em>\u201eMeine Mutter nahm mich oft an diesen kleinen Strand unweit von Lavaux mit. Wir gingen im kalten Wasser des Genfersees und betrachteten die Alpen, die uns in der Ferne zu verspotten schienen.\u201c<\/em><\/p><\/blockquote>\n<h3>Eigenschaften<\/h3>\n<ul>\n<li>Original handgezeichnete Illustration \u2014 Atelier La Jonx, Genf<\/li>\n<li>In der Schweiz auf halbmattem 180g-Papier, PEFC\/FSC-zertifiziert, gedruckt<\/li>\n<li>Erh\u00e4ltlich in 30\u00d740 cm, 50\u00d770 cm und 70\u00d7100 cm<\/li>\n<li>Standardformate f\u00fcr einfaches Einrahmen<\/li>\n<li>Geliefert in stabiler Umschlagverpackung (30\u00d740) oder Schutztube (gro\u00dfe Formate)<\/li>\n<\/ul>\n","protected":false},"excerpt":{"rendered":"<p class='product-intro'>Dieses Plakat von Le L\u00e9man ist eine originale Kreation, von Hand gezeichnet und in der Schweiz auf hochwertigem Papier gedruckt. Das Geschenk, das ein L\u00e4cheln zaubert.<\/p>\n<p class='poesie'>Meine Mutter brachte mich oft an diesen kleinen Strand in der N\u00e4he von Lavaux. Wir gingen in das kalte Wasser des L\u00e9man und betrachteten die Alpen, die uns in der Ferne zu verspotten schienen.<\/p>\n<br\/>\n","protected":false},"featured_media":40040,"template":"","meta":{"_uag_custom_page_level_css":""},"product_brand":[],"product_cat":[2848,2869,2855,2819],"product_tag":[391,1022,494,393,203,490,377,491],"class_list":{"0":"post-705","1":"product","2":"type-product","3":"status-publish","4":"has-post-thumbnail","6":"product_cat-poster","7":"product_cat-waadt","8":"product_cat-genf","9":"product_cat-seen-und-flusse","10":"product_tag-alpen","11":"product_tag-baden-de","12":"product_tag-genfersee-de","13":"product_tag-lavaux-de","14":"product_tag-plakate","15":"product_tag-poster-de","16":"product_tag-schweiz","17":"product_tag-vintage-de","19":"first","20":"instock","21":"shipping-taxable","22":"purchasable","23":"product-type-variable","24":"has-default-attributes"},"yoast_head":"<!-- This site is optimized with the Yoast SEO Premium plugin v27.3 (Yoast SEO v27.3) - https:\/\/yoast.com\/product\/yoast-seo-premium-wordpress\/ -->\n<title>Plakat der L\u00e9man | Handillustriertes Schweizer Poster<\/title>\n<meta name=\"description\" content=\"Plakat vom L\u00e9man, handillustriertes Schweizer Plakat. Gedruckt in der Schweiz auf hochwertigem Papier. Perfektes Schweizer Geschenk oder originelle Wanddekoration.\" \/>\n<meta name=\"robots\" content=\"index, follow, max-snippet:-1, max-image-preview:large, max-video-preview:-1\" \/>\n<link rel=\"canonical\" href=\"https:\/\/www.la-jonx.ch\/de\/shop-de\/poster\/kantone\/waadt\/zeige-den-genfersee\/\" \/>\n<meta property=\"og:locale\" content=\"de_DE\" \/>\n<meta property=\"og:type\" content=\"article\" \/>\n<meta property=\"og:title\" content=\"Genfer See\" \/>\n<meta property=\"og:description\" content=\"Plakat vom L\u00e9man, handillustriertes Schweizer Plakat. Gedruckt in der Schweiz auf hochwertigem Papier. Perfektes Schweizer Geschenk oder originelle Wanddekoration.\" \/>\n<meta property=\"og:url\" content=\"https:\/\/www.la-jonx.ch\/de\/shop-de\/poster\/kantone\/waadt\/zeige-den-genfersee\/\" \/>\n<meta property=\"og:site_name\" content=\"La Jonx\" \/>\n<meta property=\"article:publisher\" content=\"https:\/\/www.facebook.com\/lajonx.ch\" \/>\n<meta property=\"article:modified_time\" content=\"2026-03-12T16:37:07+00:00\" \/>\n<meta property=\"og:image\" content=\"https:\/\/www.la-jonx.ch\/wp-content\/uploads\/2021\/08\/Swiss-poster-Affiche-La-Jonx-copie.webp\" \/>\n\t<meta property=\"og:image:width\" content=\"1466\" \/>\n\t<meta property=\"og:image:height\" content=\"1728\" \/>\n\t<meta property=\"og:image:type\" content=\"image\/webp\" \/>\n<meta name=\"twitter:card\" content=\"summary_large_image\" \/>\n<meta name=\"twitter:label1\" content=\"Verf\u00fcgbarkeit\" \/>\n\t<meta name=\"twitter:data1\" content=\"Auf Lager\" \/>\n<script type=\"application\/ld+json\" class=\"yoast-schema-graph\">{\"@context\":\"https:\\\/\\\/schema.org\",\"@graph\":[{\"@type\":\"WebPage\",\"@id\":\"https:\\\/\\\/www.la-jonx.ch\\\/de\\\/shop-de\\\/poster\\\/kantone\\\/waadt\\\/zeige-den-genfersee\\\/\",\"url\":\"https:\\\/\\\/www.la-jonx.ch\\\/de\\\/shop-de\\\/poster\\\/kantone\\\/waadt\\\/zeige-den-genfersee\\\/\",\"name\":\"Plakat der L\u00e9man | Handillustriertes Schweizer Poster\",\"isPartOf\":{\"@id\":\"https:\\\/\\\/www.la-jonx.ch\\\/de\\\/#website\"},\"primaryImageOfPage\":{\"@id\":\"https:\\\/\\\/www.la-jonx.ch\\\/de\\\/shop-de\\\/poster\\\/kantone\\\/waadt\\\/zeige-den-genfersee\\\/#primaryimage\"},\"image\":{\"@id\":\"https:\\\/\\\/www.la-jonx.ch\\\/de\\\/shop-de\\\/poster\\\/kantone\\\/waadt\\\/zeige-den-genfersee\\\/#primaryimage\"},\"thumbnailUrl\":\"https:\\\/\\\/www.la-jonx.ch\\\/wp-content\\\/uploads\\\/2021\\\/08\\\/Swiss-poster-Affiche-La-Jonx-copie.webp\",\"datePublished\":\"2021-08-06T23:51:38+00:00\",\"dateModified\":\"2026-03-12T16:37:07+00:00\",\"description\":\"Plakat vom L\u00e9man, handillustriertes Schweizer Plakat. Gedruckt in der Schweiz auf hochwertigem Papier. Perfektes Schweizer Geschenk oder originelle Wanddekoration.\",\"breadcrumb\":{\"@id\":\"https:\\\/\\\/www.la-jonx.ch\\\/de\\\/shop-de\\\/poster\\\/kantone\\\/waadt\\\/zeige-den-genfersee\\\/#breadcrumb\"},\"inLanguage\":\"de\",\"potentialAction\":[{\"@type\":\"ReadAction\",\"target\":[\"https:\\\/\\\/www.la-jonx.ch\\\/de\\\/shop-de\\\/poster\\\/kantone\\\/waadt\\\/zeige-den-genfersee\\\/\"]}]},{\"@type\":\"ImageObject\",\"inLanguage\":\"de\",\"@id\":\"https:\\\/\\\/www.la-jonx.ch\\\/de\\\/shop-de\\\/poster\\\/kantone\\\/waadt\\\/zeige-den-genfersee\\\/#primaryimage\",\"url\":\"https:\\\/\\\/www.la-jonx.ch\\\/wp-content\\\/uploads\\\/2021\\\/08\\\/Swiss-poster-Affiche-La-Jonx-copie.webp\",\"contentUrl\":\"https:\\\/\\\/www.la-jonx.ch\\\/wp-content\\\/uploads\\\/2021\\\/08\\\/Swiss-poster-Affiche-La-Jonx-copie.webp\",\"width\":1466,\"height\":1728},{\"@type\":\"BreadcrumbList\",\"@id\":\"https:\\\/\\\/www.la-jonx.ch\\\/de\\\/shop-de\\\/poster\\\/kantone\\\/waadt\\\/zeige-den-genfersee\\\/#breadcrumb\",\"itemListElement\":[{\"@type\":\"ListItem\",\"position\":1,\"name\":\"Accueil\",\"item\":\"https:\\\/\\\/www.la-jonx.ch\\\/de\\\/\"},{\"@type\":\"ListItem\",\"position\":2,\"name\":\"Shop\",\"item\":\"https:\\\/\\\/www.la-jonx.ch\\\/shop\\\/?lang=de\"},{\"@type\":\"ListItem\",\"position\":3,\"name\":\"Poster\",\"item\":\"https:\\\/\\\/www.la-jonx.ch\\\/de\\\/produktkategorie\\\/poster\\\/\"},{\"@type\":\"ListItem\",\"position\":4,\"name\":\"Themen\",\"item\":\"https:\\\/\\\/www.la-jonx.ch\\\/de\\\/produktkategorie\\\/poster\\\/themen\\\/\"},{\"@type\":\"ListItem\",\"position\":5,\"name\":\"Seen und Fl\u00fcsse\",\"item\":\"https:\\\/\\\/www.la-jonx.ch\\\/de\\\/produktkategorie\\\/poster\\\/themen\\\/seen-und-flusse\\\/\"},{\"@type\":\"ListItem\",\"position\":6,\"name\":\"Genfer See\"}]},{\"@type\":\"WebSite\",\"@id\":\"https:\\\/\\\/www.la-jonx.ch\\\/de\\\/#website\",\"url\":\"https:\\\/\\\/www.la-jonx.ch\\\/de\\\/\",\"name\":\"La Jonx\",\"description\":\"Schweizer Grafikwerkstatt\",\"publisher\":{\"@id\":\"https:\\\/\\\/www.la-jonx.ch\\\/de\\\/#organization\"},\"potentialAction\":[{\"@type\":\"SearchAction\",\"target\":{\"@type\":\"EntryPoint\",\"urlTemplate\":\"https:\\\/\\\/www.la-jonx.ch\\\/de\\\/?s={search_term_string}\"},\"query-input\":{\"@type\":\"PropertyValueSpecification\",\"valueRequired\":true,\"valueName\":\"search_term_string\"}}],\"inLanguage\":\"de\"},{\"@type\":\"Organization\",\"@id\":\"https:\\\/\\\/www.la-jonx.ch\\\/de\\\/#organization\",\"name\":\"La Jonx\",\"url\":\"https:\\\/\\\/www.la-jonx.ch\\\/de\\\/\",\"logo\":{\"@type\":\"ImageObject\",\"inLanguage\":\"de\",\"@id\":\"https:\\\/\\\/www.la-jonx.ch\\\/de\\\/#\\\/schema\\\/logo\\\/image\\\/\",\"url\":\"https:\\\/\\\/www.la-jonx.ch\\\/wp-content\\\/uploads\\\/2021\\\/09\\\/logo-la-jonx-atzelier-graphique.png\",\"contentUrl\":\"https:\\\/\\\/www.la-jonx.ch\\\/wp-content\\\/uploads\\\/2021\\\/09\\\/logo-la-jonx-atzelier-graphique.png\",\"width\":378,\"height\":129,\"caption\":\"La Jonx\"},\"image\":{\"@id\":\"https:\\\/\\\/www.la-jonx.ch\\\/de\\\/#\\\/schema\\\/logo\\\/image\\\/\"},\"sameAs\":[\"https:\\\/\\\/www.facebook.com\\\/lajonx.ch\",\"https:\\\/\\\/www.instagram.com\\\/lajonx.ch\\\/?hl=fr\"]}]}<\/script>\n<meta property=\"og:availability\" content=\"instock\" \/>\n<meta property=\"product:availability\" content=\"instock\" \/>\n<meta property=\"product:condition\" content=\"new\" \/>\n<!-- \/ Yoast SEO Premium plugin. -->","yoast_head_json":{"title":"Plakat der L\u00e9man | Handillustriertes Schweizer Poster","description":"Plakat vom L\u00e9man, handillustriertes Schweizer Plakat. Gedruckt in der Schweiz auf hochwertigem Papier. Perfektes Schweizer Geschenk oder originelle Wanddekoration.","robots":{"index":"index","follow":"follow","max-snippet":"max-snippet:-1","max-image-preview":"max-image-preview:large","max-video-preview":"max-video-preview:-1"},"canonical":"https:\/\/www.la-jonx.ch\/de\/shop-de\/poster\/kantone\/waadt\/zeige-den-genfersee\/","og_locale":"de_DE","og_type":"article","og_title":"Genfer See","og_description":"Plakat vom L\u00e9man, handillustriertes Schweizer Plakat. Gedruckt in der Schweiz auf hochwertigem Papier. Perfektes Schweizer Geschenk oder originelle Wanddekoration.","og_url":"https:\/\/www.la-jonx.ch\/de\/shop-de\/poster\/kantone\/waadt\/zeige-den-genfersee\/","og_site_name":"La Jonx","article_publisher":"https:\/\/www.facebook.com\/lajonx.ch","article_modified_time":"2026-03-12T16:37:07+00:00","og_image":[{"width":1466,"height":1728,"url":"https:\/\/www.la-jonx.ch\/wp-content\/uploads\/2021\/08\/Swiss-poster-Affiche-La-Jonx-copie.webp","type":"image\/webp"}],"twitter_card":"summary_large_image","twitter_misc":{"Verf\u00fcgbarkeit":"Auf Lager"},"schema":{"@context":"https:\/\/schema.org","@graph":[{"@type":"WebPage","@id":"https:\/\/www.la-jonx.ch\/de\/shop-de\/poster\/kantone\/waadt\/zeige-den-genfersee\/","url":"https:\/\/www.la-jonx.ch\/de\/shop-de\/poster\/kantone\/waadt\/zeige-den-genfersee\/","name":"Plakat der L\u00e9man | Handillustriertes Schweizer Poster","isPartOf":{"@id":"https:\/\/www.la-jonx.ch\/de\/#website"},"primaryImageOfPage":{"@id":"https:\/\/www.la-jonx.ch\/de\/shop-de\/poster\/kantone\/waadt\/zeige-den-genfersee\/#primaryimage"},"image":{"@id":"https:\/\/www.la-jonx.ch\/de\/shop-de\/poster\/kantone\/waadt\/zeige-den-genfersee\/#primaryimage"},"thumbnailUrl":"https:\/\/www.la-jonx.ch\/wp-content\/uploads\/2021\/08\/Swiss-poster-Affiche-La-Jonx-copie.webp","datePublished":"2021-08-06T23:51:38+00:00","dateModified":"2026-03-12T16:37:07+00:00","description":"Plakat vom L\u00e9man, handillustriertes Schweizer Plakat. Gedruckt in der Schweiz auf hochwertigem Papier. Perfektes Schweizer Geschenk oder originelle Wanddekoration.","breadcrumb":{"@id":"https:\/\/www.la-jonx.ch\/de\/shop-de\/poster\/kantone\/waadt\/zeige-den-genfersee\/#breadcrumb"},"inLanguage":"de","potentialAction":[{"@type":"ReadAction","target":["https:\/\/www.la-jonx.ch\/de\/shop-de\/poster\/kantone\/waadt\/zeige-den-genfersee\/"]}]},{"@type":"ImageObject","inLanguage":"de","@id":"https:\/\/www.la-jonx.ch\/de\/shop-de\/poster\/kantone\/waadt\/zeige-den-genfersee\/#primaryimage","url":"https:\/\/www.la-jonx.ch\/wp-content\/uploads\/2021\/08\/Swiss-poster-Affiche-La-Jonx-copie.webp","contentUrl":"https:\/\/www.la-jonx.ch\/wp-content\/uploads\/2021\/08\/Swiss-poster-Affiche-La-Jonx-copie.webp","width":1466,"height":1728},{"@type":"BreadcrumbList","@id":"https:\/\/www.la-jonx.ch\/de\/shop-de\/poster\/kantone\/waadt\/zeige-den-genfersee\/#breadcrumb","itemListElement":[{"@type":"ListItem","position":1,"name":"Accueil","item":"https:\/\/www.la-jonx.ch\/de\/"},{"@type":"ListItem","position":2,"name":"Shop","item":"https:\/\/www.la-jonx.ch\/shop\/?lang=de"},{"@type":"ListItem","position":3,"name":"Poster","item":"https:\/\/www.la-jonx.ch\/de\/produktkategorie\/poster\/"},{"@type":"ListItem","position":4,"name":"Themen","item":"https:\/\/www.la-jonx.ch\/de\/produktkategorie\/poster\/themen\/"},{"@type":"ListItem","position":5,"name":"Seen und Fl\u00fcsse","item":"https:\/\/www.la-jonx.ch\/de\/produktkategorie\/poster\/themen\/seen-und-flusse\/"},{"@type":"ListItem","position":6,"name":"Genfer See"}]},{"@type":"WebSite","@id":"https:\/\/www.la-jonx.ch\/de\/#website","url":"https:\/\/www.la-jonx.ch\/de\/","name":"La Jonx","description":"Schweizer Grafikwerkstatt","publisher":{"@id":"https:\/\/www.la-jonx.ch\/de\/#organization"},"potentialAction":[{"@type":"SearchAction","target":{"@type":"EntryPoint","urlTemplate":"https:\/\/www.la-jonx.ch\/de\/?s={search_term_string}"},"query-input":{"@type":"PropertyValueSpecification","valueRequired":true,"valueName":"search_term_string"}}],"inLanguage":"de"},{"@type":"Organization","@id":"https:\/\/www.la-jonx.ch\/de\/#organization","name":"La Jonx","url":"https:\/\/www.la-jonx.ch\/de\/","logo":{"@type":"ImageObject","inLanguage":"de","@id":"https:\/\/www.la-jonx.ch\/de\/#\/schema\/logo\/image\/","url":"https:\/\/www.la-jonx.ch\/wp-content\/uploads\/2021\/09\/logo-la-jonx-atzelier-graphique.png","contentUrl":"https:\/\/www.la-jonx.ch\/wp-content\/uploads\/2021\/09\/logo-la-jonx-atzelier-graphique.png","width":378,"height":129,"caption":"La Jonx"},"image":{"@id":"https:\/\/www.la-jonx.ch\/de\/#\/schema\/logo\/image\/"},"sameAs":["https:\/\/www.facebook.com\/lajonx.ch","https:\/\/www.instagram.com\/lajonx.ch\/?hl=fr"]}]},"og_availability":"instock","product_availability":"instock","product_condition":"new"},"additional_image_1":"https:\/\/www.la-jonx.ch\/wp-content\/uploads\/2025\/07\/83-Affiche-Suisse-Poster-La-Jonx-Leman.jpg","additional_image_2":"https:\/\/www.la-jonx.ch\/wp-content\/uploads\/2025\/07\/83-Enveloppe-avec-Poster-La-Jonx-Leman.jpg","uagb_featured_image_src":{"full":["https:\/\/www.la-jonx.ch\/wp-content\/uploads\/2021\/08\/Swiss-poster-Affiche-La-Jonx-copie.webp",1466,1728,false],"thumbnail":["https:\/\/www.la-jonx.ch\/wp-content\/uploads\/2021\/08\/Swiss-poster-Affiche-La-Jonx-copie-150x150.webp",150,150,true],"medium":["https:\/\/www.la-jonx.ch\/wp-content\/uploads\/2021\/08\/Swiss-poster-Affiche-La-Jonx-copie-255x300.webp",255,300,true],"medium_large":["https:\/\/www.la-jonx.ch\/wp-content\/uploads\/2021\/08\/Swiss-poster-Affiche-La-Jonx-copie-768x905.webp",768,905,true],"large":["https:\/\/www.la-jonx.ch\/wp-content\/uploads\/2021\/08\/Swiss-poster-Affiche-La-Jonx-copie-869x1024.webp",869,1024,true],"1536x1536":["https:\/\/www.la-jonx.ch\/wp-content\/uploads\/2021\/08\/Swiss-poster-Affiche-La-Jonx-copie-1303x1536.webp",1303,1536,true],"2048x2048":["https:\/\/www.la-jonx.ch\/wp-content\/uploads\/2021\/08\/Swiss-poster-Affiche-La-Jonx-copie.webp",1466,1728,false],"woocommerce_thumbnail":["https:\/\/www.la-jonx.ch\/wp-content\/uploads\/2021\/08\/Swiss-poster-Affiche-La-Jonx-copie-350x420.webp",350,420,true],"woocommerce_single":["https:\/\/www.la-jonx.ch\/wp-content\/uploads\/2021\/08\/Swiss-poster-Affiche-La-Jonx-copie-510x601.webp",510,601,true],"woocommerce_gallery_thumbnail":["https:\/\/www.la-jonx.ch\/wp-content\/uploads\/2021\/08\/Swiss-poster-Affiche-La-Jonx-copie-100x100.webp",100,100,true],"dgwt-wcas-product-suggestion":["https:\/\/www.la-jonx.ch\/wp-content\/uploads\/2021\/08\/Swiss-poster-Affiche-La-Jonx-copie.webp",64,75,false]},"uagb_author_info":{"display_name":"L'atelier La Jonx","author_link":"https:\/\/www.la-jonx.ch\/de\/author\/"},"uagb_comment_info":0,"uagb_excerpt":"Dieses Plakat von Le L\u00e9man ist eine originale Kreation, von Hand gezeichnet und in der Schweiz auf hochwertigem Papier gedruckt. Das Geschenk, das ein L\u00e4cheln zaubert.Meine Mutter brachte mich oft an diesen kleinen Strand in der N\u00e4he von Lavaux. Wir gingen in das kalte Wasser des L\u00e9man und betrachteten die Alpen, die uns in der&hellip;","_links":{"self":[{"href":"https:\/\/www.la-jonx.ch\/de\/wp-json\/wp\/v2\/product\/705","targetHints":{"allow":["GET"]}}],"collection":[{"href":"https:\/\/www.la-jonx.ch\/de\/wp-json\/wp\/v2\/product"}],"about":[{"href":"https:\/\/www.la-jonx.ch\/de\/wp-json\/wp\/v2\/types\/product"}],"wp:featuredmedia":[{"embeddable":true,"href":"https:\/\/www.la-jonx.ch\/de\/wp-json\/wp\/v2\/media\/40040"}],"wp:attachment":[{"href":"https:\/\/www.la-jonx.ch\/de\/wp-json\/wp\/v2\/media?parent=705"}],"wp:term":[{"taxonomy":"product_brand","embeddable":true,"href":"https:\/\/www.la-jonx.ch\/de\/wp-json\/wp\/v2\/product_brand?post=705"},{"taxonomy":"product_cat","embeddable":true,"href":"https:\/\/www.la-jonx.ch\/de\/wp-json\/wp\/v2\/product_cat?post=705"},{"taxonomy":"product_tag","embeddable":true,"href":"https:\/\/www.la-jonx.ch\/de\/wp-json\/wp\/v2\/product_tag?post=705"}],"curies":[{"name":"wp","href":"https:\/\/api.w.org\/{rel}","templated":true}]}}