{"id":9062,"date":"2022-03-10T00:34:36","date_gmt":"2022-03-09T23:34:36","guid":{"rendered":"https:\/\/www.la-jonx.ch\/boutique\/unkategorisiert\/les-diablerets\/"},"modified":"2026-03-12T17:39:00","modified_gmt":"2026-03-12T16:39:00","slug":"les-diablerets","status":"publish","type":"product","link":"https:\/\/www.la-jonx.ch\/de\/shop-de\/poster\/kantone\/waadt\/les-diablerets\/","title":{"rendered":"Les Diablerets"},"content":{"rendered":"<h3>Plakat der Diablerets \u2014 Originales Schweizer Poster<\/h3>\n<p>Unser Plakat der Diablerets erz\u00e4hlt einen Moment, einen Ort, ein Licht. Ein goldenes Licht am Ende des Tages, Blaut\u00f6ne und T\u00fcrkis \u2014 die Art von Szene, die Lust macht, sich dorthin zu teleportieren.<\/p>\n<p>Gedruckt in der Schweiz auf 180g halbmattes Papier, PEFC\/FSC-zertifiziert, ist es ein originelles Schweizer Geschenk oder ein sch\u00f6nes Dekorationselement f\u00fcr Ihr Wohnzimmer, Schlafzimmer oder B\u00fcro.<\/p>\n<h3>Die Diablerets in wenigen Worten<\/h3>\n<p>Die Diablerets in den Waadtl\u00e4nder Alpen bieten ein Skigebiet, das mit dem Gletscher 3000 verbunden ist. Die Station ist bekannt f\u00fcr ihre spektakul\u00e4ren Landschaften und die mythischen Oeufs d&#8217;Isenau, einzigartige Felsformationen.<\/p>\n<blockquote><p><em>\u00ab Jahrtausende alte Gletscher, schwindelerregende Gipfel und dieses Gef\u00fchl, am Ende der Welt zu sein \u2014 die Diablerets, zwischen Himmel und Fels. \u00bb<\/em><\/p><\/blockquote>\n<h3>Eigenschaften<\/h3>\n<ul>\n<li>Originale handgezeichnete Illustration \u2014 Atelier La Jonx, Genf<\/li>\n<li>Gedruckt in der Schweiz auf 180g halbmattes Papier, PEFC\/FSC-zertifiziert<\/li>\n<li>Verf\u00fcgbar in 30\u00d740 cm, 50\u00d770 cm und 70\u00d7100 cm<\/li>\n<li>Standardformate f\u00fcr eine einfache Rahmung<\/li>\n<li>Geliefert in einem festen Umschlag (30\u00d740) oder Schutzrohr (gro\u00dfe Formate)<\/li>\n<\/ul>\n","protected":false},"excerpt":{"rendered":"<p class='product-intro'>Dieses Plakat von Les Diablerets ist eine originale Kreation, von Hand gezeichnet und in der Schweiz auf hochwertigem Papier gedruckt. Das ideale Geschenk f\u00fcr Liebhaber der Schweiz.<\/p>\n<p class='poesie'>Jahrtausende alte Gletscher, schwindelerregende Gipfel und dieses Gef\u00fchl, am Ende der Welt zu sein \u2014 die Diablerets, zwischen Himmel und Fels.<\/p>\n<br\/>\n","protected":false},"featured_media":38230,"template":"","meta":{"_uag_custom_page_level_css":""},"product_brand":[],"product_cat":[2848,2869,2818,2822,2826],"product_tag":[391,387,416,378,377,415,379,390],"class_list":{"0":"post-9062","1":"product","2":"type-product","3":"status-publish","4":"has-post-thumbnail","6":"product_cat-poster","7":"product_cat-waadt","8":"product_cat-berge","9":"product_cat-sport","10":"product_cat-skigebiete","11":"product_tag-alpen","12":"product_tag-berg","13":"product_tag-diablerets-de","14":"product_tag-reise","15":"product_tag-schweiz","16":"product_tag-ski-de","17":"product_tag-swizerland-de","18":"product_tag-winter-de","20":"first","21":"instock","22":"shipping-taxable","23":"purchasable","24":"product-type-variable","25":"has-default-attributes"},"yoast_head":"<!-- This site is optimized with the Yoast SEO Premium plugin v27.4 (Yoast SEO v27.4) - https:\/\/yoast.com\/product\/yoast-seo-premium-wordpress\/ -->\n<title>Plakat der Diablerets | Handillustriertes Schweizer Poster<\/title>\n<meta name=\"description\" content=\"Plakat der Diablerets, handillustriertes Schweizer Plakat. Gedruckt in der Schweiz auf hochwertigem Papier. Perfektes Schweizer Geschenk oder originelle Wanddekoration.\" \/>\n<meta name=\"robots\" content=\"index, follow, max-snippet:-1, max-image-preview:large, max-video-preview:-1\" \/>\n<link rel=\"canonical\" href=\"https:\/\/www.la-jonx.ch\/de\/shop-de\/poster\/kantone\/waadt\/les-diablerets\/\" \/>\n<meta property=\"og:locale\" content=\"de_DE\" \/>\n<meta property=\"og:type\" content=\"article\" \/>\n<meta property=\"og:title\" content=\"Les Diablerets\" \/>\n<meta property=\"og:description\" content=\"Plakat der Diablerets, handillustriertes Schweizer Plakat. Gedruckt in der Schweiz auf hochwertigem Papier. Perfektes Schweizer Geschenk oder originelle Wanddekoration.\" \/>\n<meta property=\"og:url\" content=\"https:\/\/www.la-jonx.ch\/de\/shop-de\/poster\/kantone\/waadt\/les-diablerets\/\" \/>\n<meta property=\"og:site_name\" content=\"La Jonx\" \/>\n<meta property=\"article:publisher\" content=\"https:\/\/www.facebook.com\/lajonx.ch\" \/>\n<meta property=\"article:modified_time\" content=\"2026-03-12T16:39:00+00:00\" \/>\n<meta property=\"og:image\" content=\"https:\/\/www.la-jonx.ch\/wp-content\/uploads\/2025\/07\/23-Affiche-Suisse-Poster-La-Jonx-Diablerets.jpg\" \/>\n\t<meta property=\"og:image:width\" content=\"1400\" \/>\n\t<meta property=\"og:image:height\" content=\"1650\" \/>\n\t<meta property=\"og:image:type\" content=\"image\/jpeg\" \/>\n<meta name=\"twitter:card\" content=\"summary_large_image\" \/>\n<meta name=\"twitter:label1\" content=\"Verf\u00fcgbarkeit\" \/>\n\t<meta name=\"twitter:data1\" content=\"Auf Lager\" \/>\n<script type=\"application\/ld+json\" class=\"yoast-schema-graph\">{\"@context\":\"https:\\\/\\\/schema.org\",\"@graph\":[{\"@type\":\"WebPage\",\"@id\":\"https:\\\/\\\/www.la-jonx.ch\\\/de\\\/shop-de\\\/poster\\\/kantone\\\/waadt\\\/les-diablerets\\\/\",\"url\":\"https:\\\/\\\/www.la-jonx.ch\\\/de\\\/shop-de\\\/poster\\\/kantone\\\/waadt\\\/les-diablerets\\\/\",\"name\":\"Plakat der Diablerets | Handillustriertes Schweizer Poster\",\"isPartOf\":{\"@id\":\"https:\\\/\\\/www.la-jonx.ch\\\/de\\\/#website\"},\"primaryImageOfPage\":{\"@id\":\"https:\\\/\\\/www.la-jonx.ch\\\/de\\\/shop-de\\\/poster\\\/kantone\\\/waadt\\\/les-diablerets\\\/#primaryimage\"},\"image\":{\"@id\":\"https:\\\/\\\/www.la-jonx.ch\\\/de\\\/shop-de\\\/poster\\\/kantone\\\/waadt\\\/les-diablerets\\\/#primaryimage\"},\"thumbnailUrl\":\"https:\\\/\\\/www.la-jonx.ch\\\/wp-content\\\/uploads\\\/2025\\\/07\\\/23-Affiche-Suisse-Poster-La-Jonx-Diablerets.jpg\",\"datePublished\":\"2022-03-09T23:34:36+00:00\",\"dateModified\":\"2026-03-12T16:39:00+00:00\",\"description\":\"Plakat der Diablerets, handillustriertes Schweizer Plakat. Gedruckt in der Schweiz auf hochwertigem Papier. Perfektes Schweizer Geschenk oder originelle Wanddekoration.\",\"breadcrumb\":{\"@id\":\"https:\\\/\\\/www.la-jonx.ch\\\/de\\\/shop-de\\\/poster\\\/kantone\\\/waadt\\\/les-diablerets\\\/#breadcrumb\"},\"inLanguage\":\"de\",\"potentialAction\":[{\"@type\":\"ReadAction\",\"target\":[\"https:\\\/\\\/www.la-jonx.ch\\\/de\\\/shop-de\\\/poster\\\/kantone\\\/waadt\\\/les-diablerets\\\/\"]}]},{\"@type\":\"ImageObject\",\"inLanguage\":\"de\",\"@id\":\"https:\\\/\\\/www.la-jonx.ch\\\/de\\\/shop-de\\\/poster\\\/kantone\\\/waadt\\\/les-diablerets\\\/#primaryimage\",\"url\":\"https:\\\/\\\/www.la-jonx.ch\\\/wp-content\\\/uploads\\\/2025\\\/07\\\/23-Affiche-Suisse-Poster-La-Jonx-Diablerets.jpg\",\"contentUrl\":\"https:\\\/\\\/www.la-jonx.ch\\\/wp-content\\\/uploads\\\/2025\\\/07\\\/23-Affiche-Suisse-Poster-La-Jonx-Diablerets.jpg\",\"width\":1400,\"height\":1650,\"caption\":\"Screenshot\"},{\"@type\":\"BreadcrumbList\",\"@id\":\"https:\\\/\\\/www.la-jonx.ch\\\/de\\\/shop-de\\\/poster\\\/kantone\\\/waadt\\\/les-diablerets\\\/#breadcrumb\",\"itemListElement\":[{\"@type\":\"ListItem\",\"position\":1,\"name\":\"Accueil\",\"item\":\"https:\\\/\\\/www.la-jonx.ch\\\/de\\\/\"},{\"@type\":\"ListItem\",\"position\":2,\"name\":\"Shop\",\"item\":\"https:\\\/\\\/www.la-jonx.ch\\\/shop\\\/?lang=de\"},{\"@type\":\"ListItem\",\"position\":3,\"name\":\"Poster\",\"item\":\"https:\\\/\\\/www.la-jonx.ch\\\/de\\\/produktkategorie\\\/poster\\\/\"},{\"@type\":\"ListItem\",\"position\":4,\"name\":\"KANTONE\",\"item\":\"https:\\\/\\\/www.la-jonx.ch\\\/de\\\/produktkategorie\\\/poster\\\/kantone\\\/\"},{\"@type\":\"ListItem\",\"position\":5,\"name\":\"Waadt\",\"item\":\"https:\\\/\\\/www.la-jonx.ch\\\/de\\\/produktkategorie\\\/poster\\\/kantone\\\/waadt\\\/\"},{\"@type\":\"ListItem\",\"position\":6,\"name\":\"Les Diablerets\"}]},{\"@type\":\"WebSite\",\"@id\":\"https:\\\/\\\/www.la-jonx.ch\\\/de\\\/#website\",\"url\":\"https:\\\/\\\/www.la-jonx.ch\\\/de\\\/\",\"name\":\"La Jonx\",\"description\":\"Schweizer Grafikwerkstatt\",\"publisher\":{\"@id\":\"https:\\\/\\\/www.la-jonx.ch\\\/de\\\/#organization\"},\"potentialAction\":[{\"@type\":\"SearchAction\",\"target\":{\"@type\":\"EntryPoint\",\"urlTemplate\":\"https:\\\/\\\/www.la-jonx.ch\\\/de\\\/?s={search_term_string}\"},\"query-input\":{\"@type\":\"PropertyValueSpecification\",\"valueRequired\":true,\"valueName\":\"search_term_string\"}}],\"inLanguage\":\"de\"},{\"@type\":\"Organization\",\"@id\":\"https:\\\/\\\/www.la-jonx.ch\\\/de\\\/#organization\",\"name\":\"La Jonx\",\"url\":\"https:\\\/\\\/www.la-jonx.ch\\\/de\\\/\",\"logo\":{\"@type\":\"ImageObject\",\"inLanguage\":\"de\",\"@id\":\"https:\\\/\\\/www.la-jonx.ch\\\/de\\\/#\\\/schema\\\/logo\\\/image\\\/\",\"url\":\"https:\\\/\\\/www.la-jonx.ch\\\/wp-content\\\/uploads\\\/2021\\\/09\\\/logo-la-jonx-atzelier-graphique.png\",\"contentUrl\":\"https:\\\/\\\/www.la-jonx.ch\\\/wp-content\\\/uploads\\\/2021\\\/09\\\/logo-la-jonx-atzelier-graphique.png\",\"width\":378,\"height\":129,\"caption\":\"La Jonx\"},\"image\":{\"@id\":\"https:\\\/\\\/www.la-jonx.ch\\\/de\\\/#\\\/schema\\\/logo\\\/image\\\/\"},\"sameAs\":[\"https:\\\/\\\/www.facebook.com\\\/lajonx.ch\",\"https:\\\/\\\/www.instagram.com\\\/lajonx.ch\\\/?hl=fr\"]}]}<\/script>\n<meta property=\"og:availability\" content=\"instock\" \/>\n<meta property=\"product:availability\" content=\"instock\" \/>\n<meta property=\"product:condition\" content=\"new\" \/>\n<!-- \/ Yoast SEO Premium plugin. -->","yoast_head_json":{"title":"Plakat der Diablerets | Handillustriertes Schweizer Poster","description":"Plakat der Diablerets, handillustriertes Schweizer Plakat. Gedruckt in der Schweiz auf hochwertigem Papier. Perfektes Schweizer Geschenk oder originelle Wanddekoration.","robots":{"index":"index","follow":"follow","max-snippet":"max-snippet:-1","max-image-preview":"max-image-preview:large","max-video-preview":"max-video-preview:-1"},"canonical":"https:\/\/www.la-jonx.ch\/de\/shop-de\/poster\/kantone\/waadt\/les-diablerets\/","og_locale":"de_DE","og_type":"article","og_title":"Les Diablerets","og_description":"Plakat der Diablerets, handillustriertes Schweizer Plakat. Gedruckt in der Schweiz auf hochwertigem Papier. Perfektes Schweizer Geschenk oder originelle Wanddekoration.","og_url":"https:\/\/www.la-jonx.ch\/de\/shop-de\/poster\/kantone\/waadt\/les-diablerets\/","og_site_name":"La Jonx","article_publisher":"https:\/\/www.facebook.com\/lajonx.ch","article_modified_time":"2026-03-12T16:39:00+00:00","og_image":[{"width":1400,"height":1650,"url":"https:\/\/www.la-jonx.ch\/wp-content\/uploads\/2025\/07\/23-Affiche-Suisse-Poster-La-Jonx-Diablerets.jpg","type":"image\/jpeg"}],"twitter_card":"summary_large_image","twitter_misc":{"Verf\u00fcgbarkeit":"Auf Lager"},"schema":{"@context":"https:\/\/schema.org","@graph":[{"@type":"WebPage","@id":"https:\/\/www.la-jonx.ch\/de\/shop-de\/poster\/kantone\/waadt\/les-diablerets\/","url":"https:\/\/www.la-jonx.ch\/de\/shop-de\/poster\/kantone\/waadt\/les-diablerets\/","name":"Plakat der Diablerets | Handillustriertes Schweizer Poster","isPartOf":{"@id":"https:\/\/www.la-jonx.ch\/de\/#website"},"primaryImageOfPage":{"@id":"https:\/\/www.la-jonx.ch\/de\/shop-de\/poster\/kantone\/waadt\/les-diablerets\/#primaryimage"},"image":{"@id":"https:\/\/www.la-jonx.ch\/de\/shop-de\/poster\/kantone\/waadt\/les-diablerets\/#primaryimage"},"thumbnailUrl":"https:\/\/www.la-jonx.ch\/wp-content\/uploads\/2025\/07\/23-Affiche-Suisse-Poster-La-Jonx-Diablerets.jpg","datePublished":"2022-03-09T23:34:36+00:00","dateModified":"2026-03-12T16:39:00+00:00","description":"Plakat der Diablerets, handillustriertes Schweizer Plakat. Gedruckt in der Schweiz auf hochwertigem Papier. Perfektes Schweizer Geschenk oder originelle Wanddekoration.","breadcrumb":{"@id":"https:\/\/www.la-jonx.ch\/de\/shop-de\/poster\/kantone\/waadt\/les-diablerets\/#breadcrumb"},"inLanguage":"de","potentialAction":[{"@type":"ReadAction","target":["https:\/\/www.la-jonx.ch\/de\/shop-de\/poster\/kantone\/waadt\/les-diablerets\/"]}]},{"@type":"ImageObject","inLanguage":"de","@id":"https:\/\/www.la-jonx.ch\/de\/shop-de\/poster\/kantone\/waadt\/les-diablerets\/#primaryimage","url":"https:\/\/www.la-jonx.ch\/wp-content\/uploads\/2025\/07\/23-Affiche-Suisse-Poster-La-Jonx-Diablerets.jpg","contentUrl":"https:\/\/www.la-jonx.ch\/wp-content\/uploads\/2025\/07\/23-Affiche-Suisse-Poster-La-Jonx-Diablerets.jpg","width":1400,"height":1650,"caption":"Screenshot"},{"@type":"BreadcrumbList","@id":"https:\/\/www.la-jonx.ch\/de\/shop-de\/poster\/kantone\/waadt\/les-diablerets\/#breadcrumb","itemListElement":[{"@type":"ListItem","position":1,"name":"Accueil","item":"https:\/\/www.la-jonx.ch\/de\/"},{"@type":"ListItem","position":2,"name":"Shop","item":"https:\/\/www.la-jonx.ch\/shop\/?lang=de"},{"@type":"ListItem","position":3,"name":"Poster","item":"https:\/\/www.la-jonx.ch\/de\/produktkategorie\/poster\/"},{"@type":"ListItem","position":4,"name":"KANTONE","item":"https:\/\/www.la-jonx.ch\/de\/produktkategorie\/poster\/kantone\/"},{"@type":"ListItem","position":5,"name":"Waadt","item":"https:\/\/www.la-jonx.ch\/de\/produktkategorie\/poster\/kantone\/waadt\/"},{"@type":"ListItem","position":6,"name":"Les Diablerets"}]},{"@type":"WebSite","@id":"https:\/\/www.la-jonx.ch\/de\/#website","url":"https:\/\/www.la-jonx.ch\/de\/","name":"La Jonx","description":"Schweizer Grafikwerkstatt","publisher":{"@id":"https:\/\/www.la-jonx.ch\/de\/#organization"},"potentialAction":[{"@type":"SearchAction","target":{"@type":"EntryPoint","urlTemplate":"https:\/\/www.la-jonx.ch\/de\/?s={search_term_string}"},"query-input":{"@type":"PropertyValueSpecification","valueRequired":true,"valueName":"search_term_string"}}],"inLanguage":"de"},{"@type":"Organization","@id":"https:\/\/www.la-jonx.ch\/de\/#organization","name":"La Jonx","url":"https:\/\/www.la-jonx.ch\/de\/","logo":{"@type":"ImageObject","inLanguage":"de","@id":"https:\/\/www.la-jonx.ch\/de\/#\/schema\/logo\/image\/","url":"https:\/\/www.la-jonx.ch\/wp-content\/uploads\/2021\/09\/logo-la-jonx-atzelier-graphique.png","contentUrl":"https:\/\/www.la-jonx.ch\/wp-content\/uploads\/2021\/09\/logo-la-jonx-atzelier-graphique.png","width":378,"height":129,"caption":"La Jonx"},"image":{"@id":"https:\/\/www.la-jonx.ch\/de\/#\/schema\/logo\/image\/"},"sameAs":["https:\/\/www.facebook.com\/lajonx.ch","https:\/\/www.instagram.com\/lajonx.ch\/?hl=fr"]}]},"og_availability":"instock","product_availability":"instock","product_condition":"new"},"additional_image_1":"https:\/\/www.la-jonx.ch\/wp-content\/uploads\/2025\/07\/23-Enveloppe-avec-Poster-La-Jonx-Diablerets.jpg","additional_image_2":"https:\/\/www.la-jonx.ch\/wp-content\/uploads\/2025\/07\/58-Poster-on-a-wall-Diablerets.jpg","uagb_featured_image_src":{"full":["https:\/\/www.la-jonx.ch\/wp-content\/uploads\/2025\/07\/23-Affiche-Suisse-Poster-La-Jonx-Diablerets.jpg",1400,1650,false],"thumbnail":["https:\/\/www.la-jonx.ch\/wp-content\/uploads\/2025\/07\/23-Affiche-Suisse-Poster-La-Jonx-Diablerets-150x150.jpg",150,150,true],"medium":["https:\/\/www.la-jonx.ch\/wp-content\/uploads\/2025\/07\/23-Affiche-Suisse-Poster-La-Jonx-Diablerets-255x300.jpg",255,300,true],"medium_large":["https:\/\/www.la-jonx.ch\/wp-content\/uploads\/2025\/07\/23-Affiche-Suisse-Poster-La-Jonx-Diablerets-768x905.jpg",768,905,true],"large":["https:\/\/www.la-jonx.ch\/wp-content\/uploads\/2025\/07\/23-Affiche-Suisse-Poster-La-Jonx-Diablerets-869x1024.jpg",869,1024,true],"1536x1536":["https:\/\/www.la-jonx.ch\/wp-content\/uploads\/2025\/07\/23-Affiche-Suisse-Poster-La-Jonx-Diablerets-1303x1536.jpg",1303,1536,true],"2048x2048":["https:\/\/www.la-jonx.ch\/wp-content\/uploads\/2025\/07\/23-Affiche-Suisse-Poster-La-Jonx-Diablerets.jpg",1400,1650,false],"woocommerce_thumbnail":["https:\/\/www.la-jonx.ch\/wp-content\/uploads\/2025\/07\/23-Affiche-Suisse-Poster-La-Jonx-Diablerets-350x420.jpg",350,420,true],"woocommerce_single":["https:\/\/www.la-jonx.ch\/wp-content\/uploads\/2025\/07\/23-Affiche-Suisse-Poster-La-Jonx-Diablerets-510x601.jpg",510,601,true],"woocommerce_gallery_thumbnail":["https:\/\/www.la-jonx.ch\/wp-content\/uploads\/2025\/07\/23-Affiche-Suisse-Poster-La-Jonx-Diablerets-100x100.jpg",100,100,true],"dgwt-wcas-product-suggestion":["https:\/\/www.la-jonx.ch\/wp-content\/uploads\/2025\/07\/23-Affiche-Suisse-Poster-La-Jonx-Diablerets.jpg",64,75,false]},"uagb_author_info":{"display_name":"L'atelier La Jonx","author_link":"https:\/\/www.la-jonx.ch\/de\/author\/"},"uagb_comment_info":0,"uagb_excerpt":"Dieses Plakat von Les Diablerets ist eine originale Kreation, von Hand gezeichnet und in der Schweiz auf hochwertigem Papier gedruckt. Das ideale Geschenk f\u00fcr Liebhaber der Schweiz.Jahrtausende alte Gletscher, schwindelerregende Gipfel und dieses Gef\u00fchl, am Ende der Welt zu sein \u2014 die Diablerets, zwischen Himmel und Fels.[block id='affiches-short-description-addon']","_links":{"self":[{"href":"https:\/\/www.la-jonx.ch\/de\/wp-json\/wp\/v2\/product\/9062","targetHints":{"allow":["GET"]}}],"collection":[{"href":"https:\/\/www.la-jonx.ch\/de\/wp-json\/wp\/v2\/product"}],"about":[{"href":"https:\/\/www.la-jonx.ch\/de\/wp-json\/wp\/v2\/types\/product"}],"wp:featuredmedia":[{"embeddable":true,"href":"https:\/\/www.la-jonx.ch\/de\/wp-json\/wp\/v2\/media\/38230"}],"wp:attachment":[{"href":"https:\/\/www.la-jonx.ch\/de\/wp-json\/wp\/v2\/media?parent=9062"}],"wp:term":[{"taxonomy":"product_brand","embeddable":true,"href":"https:\/\/www.la-jonx.ch\/de\/wp-json\/wp\/v2\/product_brand?post=9062"},{"taxonomy":"product_cat","embeddable":true,"href":"https:\/\/www.la-jonx.ch\/de\/wp-json\/wp\/v2\/product_cat?post=9062"},{"taxonomy":"product_tag","embeddable":true,"href":"https:\/\/www.la-jonx.ch\/de\/wp-json\/wp\/v2\/product_tag?post=9062"}],"curies":[{"name":"wp","href":"https:\/\/api.w.org\/{rel}","templated":true}]}}