{"id":11308,"date":"2022-08-12T15:48:26","date_gmt":"2022-08-12T13:48:26","guid":{"rendered":"https:\/\/www.la-jonx.ch\/?post_type=product&#038;p=11308"},"modified":"2026-03-12T15:48:27","modified_gmt":"2026-03-12T14:48:27","slug":"zurich-grossmunster","status":"publish","type":"product","link":"https:\/\/www.la-jonx.ch\/en\/shop-en\/posters\/cantons-en\/zurich\/zurich-grossmunster\/","title":{"rendered":"Zurich &#8211; grossm\u00fcnster"},"content":{"rendered":"<h3>Poster of Z\u00fcrich Grossm\u00fcnster \u2014 a piece of Switzerland on your walls<\/h3>\n<p>Hang Z\u00fcrich Grossm\u00fcnster on your walls with this hand-illustrated poster. A golden late afternoon light, pastel and pink tones \u2014 a Swiss poster that brings color and poetry to your interior.<\/p>\n<p>Printed in Switzerland on 180g semi-matte paper certified PEFC\/FSC, it&#8217;s an original Swiss gift or a beautiful wall decoration for your living room, bedroom, or office.<\/p>\n<blockquote><p><em>\u201cIn the heart of Z\u00fcrich, the two towers of Grossm\u00fcnster welcome the city&#8217;s visitors by offering them a fabulous view of the Swiss financial capital.\u201d<\/em><\/p><\/blockquote>\n<h3>Features<\/h3>\n<ul>\n<li>Original hand-drawn illustration \u2014 La Jonx studio, Geneva<\/li>\n<li>Printed in Switzerland on 180g semi-matte paper, certified PEFC\/FSC<\/li>\n<li>Available in 30\u00d740 cm, 50\u00d770 cm, and 70\u00d7100 cm<\/li>\n<li>Standard sizes for easy framing<\/li>\n<li>Delivered in a rigid envelope (30\u00d740) or protective tube (large formats)<\/li>\n<\/ul>\n","protected":false},"excerpt":{"rendered":"<p class='product-intro'>This poster of Z\u00fcrich Grossm\u00fcnster is an original creation, hand-drawn and printed in Switzerland on quality paper. An original gift for all lovers of Switzerland.<\/p>\n<p class='poesie'>In the heart of Z\u00fcrich, the two towers of Grossm\u00fcnster welcome the city&#8217;s visitors by offering them a fabulous view of the Swiss financial capital.<\/p>\n<br\/>\n","protected":false},"featured_media":37765,"template":"","meta":{"_uag_custom_page_level_css":""},"product_brand":[],"product_cat":[2755,2778,2785,2789],"product_tag":[907,370,194,195,905,906,196,197,908,481],"class_list":{"0":"post-11308","1":"product","2":"type-product","3":"status-publish","4":"has-post-thumbnail","6":"product_cat-posters","7":"product_cat-zurich","8":"product_cat-lakes-and-rivers","9":"product_cat-monuments","10":"product_tag-couple-en","11":"product_tag-lake","12":"product_tag-poster-en","13":"product_tag-poster-en-2","14":"product_tag-summer-en","15":"product_tag-summer-en-2","16":"product_tag-switzerland","17":"product_tag-vintage-en","18":"product_tag-zuerich-en","19":"product_tag-zurich-en","21":"first","22":"instock","23":"shipping-taxable","24":"purchasable","25":"product-type-variable","26":"has-default-attributes"},"yoast_head":"<!-- This site is optimized with the Yoast SEO Premium plugin v27.4 (Yoast SEO v27.4) - https:\/\/yoast.com\/product\/yoast-seo-premium-wordpress\/ -->\n<title>Z\u00fcrich Grossm\u00fcnster Poster | Swiss Handmade Poster \ud83c\udde8\ud83c\udded<\/title>\n<meta name=\"description\" content=\"Poster of Z\u00fcrich Grossm\u00fcnster, Swiss hand-drawn poster in Geneva. Printed in Switzerland. Ideal as a Swiss gift or unique wall decoration.\" \/>\n<meta name=\"robots\" content=\"index, follow, max-snippet:-1, max-image-preview:large, max-video-preview:-1\" \/>\n<link rel=\"canonical\" href=\"https:\/\/www.la-jonx.ch\/en\/shop-en\/posters\/cantons-en\/zurich\/zurich-grossmunster\/\" \/>\n<meta property=\"og:locale\" content=\"en_US\" \/>\n<meta property=\"og:type\" content=\"article\" \/>\n<meta property=\"og:title\" content=\"Zurich Grossm\u00fcnster Poster | Switzerland La Jonx Poster\" \/>\n<meta property=\"og:description\" content=\"Poster of Z\u00fcrich Grossm\u00fcnster, Swiss hand-drawn poster in Geneva. Printed in Switzerland. Ideal as a Swiss gift or unique wall decoration.\" \/>\n<meta property=\"og:url\" content=\"https:\/\/www.la-jonx.ch\/en\/shop-en\/posters\/cantons-en\/zurich\/zurich-grossmunster\/\" \/>\n<meta property=\"og:site_name\" content=\"La Jonx\" \/>\n<meta property=\"article:publisher\" content=\"https:\/\/www.facebook.com\/lajonx.ch\" \/>\n<meta property=\"article:modified_time\" content=\"2026-03-12T14:48:27+00:00\" \/>\n<meta property=\"og:image\" content=\"https:\/\/www.la-jonx.ch\/wp-content\/uploads\/2025\/07\/186-Affiche-Suisse-Poster-La-Jonx-Zurich-Grossmunster.jpg\" \/>\n\t<meta property=\"og:image:width\" content=\"1400\" \/>\n\t<meta property=\"og:image:height\" content=\"1650\" \/>\n\t<meta property=\"og:image:type\" content=\"image\/jpeg\" \/>\n<meta name=\"twitter:card\" content=\"summary_large_image\" \/>\n<meta name=\"twitter:title\" content=\"Zurich Grossm\u00fcnster Poster | Switzerland La Jonx Poster\" \/>\n<meta name=\"twitter:label1\" content=\"Availability\" \/>\n\t<meta name=\"twitter:data1\" content=\"In stock\" \/>\n<script type=\"application\/ld+json\" class=\"yoast-schema-graph\">{\"@context\":\"https:\\\/\\\/schema.org\",\"@graph\":[{\"@type\":\"WebPage\",\"@id\":\"https:\\\/\\\/www.la-jonx.ch\\\/en\\\/shop-en\\\/posters\\\/cantons-en\\\/zurich\\\/zurich-grossmunster\\\/\",\"url\":\"https:\\\/\\\/www.la-jonx.ch\\\/en\\\/shop-en\\\/posters\\\/cantons-en\\\/zurich\\\/zurich-grossmunster\\\/\",\"name\":\"Z\u00fcrich Grossm\u00fcnster Poster | Swiss Handmade Poster \ud83c\udde8\ud83c\udded\",\"isPartOf\":{\"@id\":\"https:\\\/\\\/www.la-jonx.ch\\\/en\\\/#website\"},\"primaryImageOfPage\":{\"@id\":\"https:\\\/\\\/www.la-jonx.ch\\\/en\\\/shop-en\\\/posters\\\/cantons-en\\\/zurich\\\/zurich-grossmunster\\\/#primaryimage\"},\"image\":{\"@id\":\"https:\\\/\\\/www.la-jonx.ch\\\/en\\\/shop-en\\\/posters\\\/cantons-en\\\/zurich\\\/zurich-grossmunster\\\/#primaryimage\"},\"thumbnailUrl\":\"https:\\\/\\\/www.la-jonx.ch\\\/wp-content\\\/uploads\\\/2025\\\/07\\\/186-Affiche-Suisse-Poster-La-Jonx-Zurich-Grossmunster.jpg\",\"datePublished\":\"2022-08-12T13:48:26+00:00\",\"dateModified\":\"2026-03-12T14:48:27+00:00\",\"description\":\"Poster of Z\u00fcrich Grossm\u00fcnster, Swiss hand-drawn poster in Geneva. Printed in Switzerland. Ideal as a Swiss gift or unique wall decoration.\",\"breadcrumb\":{\"@id\":\"https:\\\/\\\/www.la-jonx.ch\\\/en\\\/shop-en\\\/posters\\\/cantons-en\\\/zurich\\\/zurich-grossmunster\\\/#breadcrumb\"},\"inLanguage\":\"en-US\",\"potentialAction\":[{\"@type\":\"ReadAction\",\"target\":[\"https:\\\/\\\/www.la-jonx.ch\\\/en\\\/shop-en\\\/posters\\\/cantons-en\\\/zurich\\\/zurich-grossmunster\\\/\"]}]},{\"@type\":\"ImageObject\",\"inLanguage\":\"en-US\",\"@id\":\"https:\\\/\\\/www.la-jonx.ch\\\/en\\\/shop-en\\\/posters\\\/cantons-en\\\/zurich\\\/zurich-grossmunster\\\/#primaryimage\",\"url\":\"https:\\\/\\\/www.la-jonx.ch\\\/wp-content\\\/uploads\\\/2025\\\/07\\\/186-Affiche-Suisse-Poster-La-Jonx-Zurich-Grossmunster.jpg\",\"contentUrl\":\"https:\\\/\\\/www.la-jonx.ch\\\/wp-content\\\/uploads\\\/2025\\\/07\\\/186-Affiche-Suisse-Poster-La-Jonx-Zurich-Grossmunster.jpg\",\"width\":1400,\"height\":1650,\"caption\":\"Screenshot\"},{\"@type\":\"BreadcrumbList\",\"@id\":\"https:\\\/\\\/www.la-jonx.ch\\\/en\\\/shop-en\\\/posters\\\/cantons-en\\\/zurich\\\/zurich-grossmunster\\\/#breadcrumb\",\"itemListElement\":[{\"@type\":\"ListItem\",\"position\":1,\"name\":\"Accueil\",\"item\":\"https:\\\/\\\/www.la-jonx.ch\\\/en\\\/\"},{\"@type\":\"ListItem\",\"position\":2,\"name\":\"Shop\",\"item\":\"https:\\\/\\\/www.la-jonx.ch\\\/shop\\\/?lang=en\"},{\"@type\":\"ListItem\",\"position\":3,\"name\":\"Posters\",\"item\":\"https:\\\/\\\/www.la-jonx.ch\\\/en\\\/product-category\\\/posters\\\/\"},{\"@type\":\"ListItem\",\"position\":4,\"name\":\"CANTONS\",\"item\":\"https:\\\/\\\/www.la-jonx.ch\\\/en\\\/product-category\\\/posters\\\/cantons-en\\\/\"},{\"@type\":\"ListItem\",\"position\":5,\"name\":\"Zurich\",\"item\":\"https:\\\/\\\/www.la-jonx.ch\\\/en\\\/product-category\\\/posters\\\/cantons-en\\\/zurich\\\/\"},{\"@type\":\"ListItem\",\"position\":6,\"name\":\"Zurich &#8211; grossm\u00fcnster\"}]},{\"@type\":\"WebSite\",\"@id\":\"https:\\\/\\\/www.la-jonx.ch\\\/en\\\/#website\",\"url\":\"https:\\\/\\\/www.la-jonx.ch\\\/en\\\/\",\"name\":\"La Jonx\",\"description\":\"Swiss Graphic Workshop\",\"publisher\":{\"@id\":\"https:\\\/\\\/www.la-jonx.ch\\\/en\\\/#organization\"},\"potentialAction\":[{\"@type\":\"SearchAction\",\"target\":{\"@type\":\"EntryPoint\",\"urlTemplate\":\"https:\\\/\\\/www.la-jonx.ch\\\/en\\\/?s={search_term_string}\"},\"query-input\":{\"@type\":\"PropertyValueSpecification\",\"valueRequired\":true,\"valueName\":\"search_term_string\"}}],\"inLanguage\":\"en-US\"},{\"@type\":\"Organization\",\"@id\":\"https:\\\/\\\/www.la-jonx.ch\\\/en\\\/#organization\",\"name\":\"La Jonx\",\"url\":\"https:\\\/\\\/www.la-jonx.ch\\\/en\\\/\",\"logo\":{\"@type\":\"ImageObject\",\"inLanguage\":\"en-US\",\"@id\":\"https:\\\/\\\/www.la-jonx.ch\\\/en\\\/#\\\/schema\\\/logo\\\/image\\\/\",\"url\":\"https:\\\/\\\/www.la-jonx.ch\\\/wp-content\\\/uploads\\\/2021\\\/09\\\/logo-la-jonx-atzelier-graphique.png\",\"contentUrl\":\"https:\\\/\\\/www.la-jonx.ch\\\/wp-content\\\/uploads\\\/2021\\\/09\\\/logo-la-jonx-atzelier-graphique.png\",\"width\":378,\"height\":129,\"caption\":\"La Jonx\"},\"image\":{\"@id\":\"https:\\\/\\\/www.la-jonx.ch\\\/en\\\/#\\\/schema\\\/logo\\\/image\\\/\"},\"sameAs\":[\"https:\\\/\\\/www.facebook.com\\\/lajonx.ch\",\"https:\\\/\\\/www.instagram.com\\\/lajonx.ch\\\/?hl=fr\"]}]}<\/script>\n<meta property=\"og:availability\" content=\"instock\" \/>\n<meta property=\"product:availability\" content=\"instock\" \/>\n<meta property=\"product:condition\" content=\"new\" \/>\n<!-- \/ Yoast SEO Premium plugin. -->","yoast_head_json":{"title":"Z\u00fcrich Grossm\u00fcnster Poster | Swiss Handmade Poster \ud83c\udde8\ud83c\udded","description":"Poster of Z\u00fcrich Grossm\u00fcnster, Swiss hand-drawn poster in Geneva. Printed in Switzerland. Ideal as a Swiss gift or unique wall decoration.","robots":{"index":"index","follow":"follow","max-snippet":"max-snippet:-1","max-image-preview":"max-image-preview:large","max-video-preview":"max-video-preview:-1"},"canonical":"https:\/\/www.la-jonx.ch\/en\/shop-en\/posters\/cantons-en\/zurich\/zurich-grossmunster\/","og_locale":"en_US","og_type":"article","og_title":"Zurich Grossm\u00fcnster Poster | Switzerland La Jonx Poster","og_description":"Poster of Z\u00fcrich Grossm\u00fcnster, Swiss hand-drawn poster in Geneva. Printed in Switzerland. Ideal as a Swiss gift or unique wall decoration.","og_url":"https:\/\/www.la-jonx.ch\/en\/shop-en\/posters\/cantons-en\/zurich\/zurich-grossmunster\/","og_site_name":"La Jonx","article_publisher":"https:\/\/www.facebook.com\/lajonx.ch","article_modified_time":"2026-03-12T14:48:27+00:00","og_image":[{"width":1400,"height":1650,"url":"https:\/\/www.la-jonx.ch\/wp-content\/uploads\/2025\/07\/186-Affiche-Suisse-Poster-La-Jonx-Zurich-Grossmunster.jpg","type":"image\/jpeg"}],"twitter_card":"summary_large_image","twitter_title":"Zurich Grossm\u00fcnster Poster | Switzerland La Jonx Poster","twitter_misc":{"Availability":"In stock"},"schema":{"@context":"https:\/\/schema.org","@graph":[{"@type":"WebPage","@id":"https:\/\/www.la-jonx.ch\/en\/shop-en\/posters\/cantons-en\/zurich\/zurich-grossmunster\/","url":"https:\/\/www.la-jonx.ch\/en\/shop-en\/posters\/cantons-en\/zurich\/zurich-grossmunster\/","name":"Z\u00fcrich Grossm\u00fcnster Poster | Swiss Handmade Poster \ud83c\udde8\ud83c\udded","isPartOf":{"@id":"https:\/\/www.la-jonx.ch\/en\/#website"},"primaryImageOfPage":{"@id":"https:\/\/www.la-jonx.ch\/en\/shop-en\/posters\/cantons-en\/zurich\/zurich-grossmunster\/#primaryimage"},"image":{"@id":"https:\/\/www.la-jonx.ch\/en\/shop-en\/posters\/cantons-en\/zurich\/zurich-grossmunster\/#primaryimage"},"thumbnailUrl":"https:\/\/www.la-jonx.ch\/wp-content\/uploads\/2025\/07\/186-Affiche-Suisse-Poster-La-Jonx-Zurich-Grossmunster.jpg","datePublished":"2022-08-12T13:48:26+00:00","dateModified":"2026-03-12T14:48:27+00:00","description":"Poster of Z\u00fcrich Grossm\u00fcnster, Swiss hand-drawn poster in Geneva. Printed in Switzerland. Ideal as a Swiss gift or unique wall decoration.","breadcrumb":{"@id":"https:\/\/www.la-jonx.ch\/en\/shop-en\/posters\/cantons-en\/zurich\/zurich-grossmunster\/#breadcrumb"},"inLanguage":"en-US","potentialAction":[{"@type":"ReadAction","target":["https:\/\/www.la-jonx.ch\/en\/shop-en\/posters\/cantons-en\/zurich\/zurich-grossmunster\/"]}]},{"@type":"ImageObject","inLanguage":"en-US","@id":"https:\/\/www.la-jonx.ch\/en\/shop-en\/posters\/cantons-en\/zurich\/zurich-grossmunster\/#primaryimage","url":"https:\/\/www.la-jonx.ch\/wp-content\/uploads\/2025\/07\/186-Affiche-Suisse-Poster-La-Jonx-Zurich-Grossmunster.jpg","contentUrl":"https:\/\/www.la-jonx.ch\/wp-content\/uploads\/2025\/07\/186-Affiche-Suisse-Poster-La-Jonx-Zurich-Grossmunster.jpg","width":1400,"height":1650,"caption":"Screenshot"},{"@type":"BreadcrumbList","@id":"https:\/\/www.la-jonx.ch\/en\/shop-en\/posters\/cantons-en\/zurich\/zurich-grossmunster\/#breadcrumb","itemListElement":[{"@type":"ListItem","position":1,"name":"Accueil","item":"https:\/\/www.la-jonx.ch\/en\/"},{"@type":"ListItem","position":2,"name":"Shop","item":"https:\/\/www.la-jonx.ch\/shop\/?lang=en"},{"@type":"ListItem","position":3,"name":"Posters","item":"https:\/\/www.la-jonx.ch\/en\/product-category\/posters\/"},{"@type":"ListItem","position":4,"name":"CANTONS","item":"https:\/\/www.la-jonx.ch\/en\/product-category\/posters\/cantons-en\/"},{"@type":"ListItem","position":5,"name":"Zurich","item":"https:\/\/www.la-jonx.ch\/en\/product-category\/posters\/cantons-en\/zurich\/"},{"@type":"ListItem","position":6,"name":"Zurich &#8211; grossm\u00fcnster"}]},{"@type":"WebSite","@id":"https:\/\/www.la-jonx.ch\/en\/#website","url":"https:\/\/www.la-jonx.ch\/en\/","name":"La Jonx","description":"Swiss Graphic Workshop","publisher":{"@id":"https:\/\/www.la-jonx.ch\/en\/#organization"},"potentialAction":[{"@type":"SearchAction","target":{"@type":"EntryPoint","urlTemplate":"https:\/\/www.la-jonx.ch\/en\/?s={search_term_string}"},"query-input":{"@type":"PropertyValueSpecification","valueRequired":true,"valueName":"search_term_string"}}],"inLanguage":"en-US"},{"@type":"Organization","@id":"https:\/\/www.la-jonx.ch\/en\/#organization","name":"La Jonx","url":"https:\/\/www.la-jonx.ch\/en\/","logo":{"@type":"ImageObject","inLanguage":"en-US","@id":"https:\/\/www.la-jonx.ch\/en\/#\/schema\/logo\/image\/","url":"https:\/\/www.la-jonx.ch\/wp-content\/uploads\/2021\/09\/logo-la-jonx-atzelier-graphique.png","contentUrl":"https:\/\/www.la-jonx.ch\/wp-content\/uploads\/2021\/09\/logo-la-jonx-atzelier-graphique.png","width":378,"height":129,"caption":"La Jonx"},"image":{"@id":"https:\/\/www.la-jonx.ch\/en\/#\/schema\/logo\/image\/"},"sameAs":["https:\/\/www.facebook.com\/lajonx.ch","https:\/\/www.instagram.com\/lajonx.ch\/?hl=fr"]}]},"og_availability":"instock","product_availability":"instock","product_condition":"new"},"additional_image_1":"https:\/\/www.la-jonx.ch\/wp-content\/uploads\/2025\/07\/186-Enveloppe-avec-Poster-La-Jonx-Zurich-Grossmunster.jpg","additional_image_2":"https:\/\/www.la-jonx.ch\/wp-content\/uploads\/2025\/07\/221-Poster-on-a-wall-Zurich-Grossmunster.jpg","uagb_featured_image_src":{"full":["https:\/\/www.la-jonx.ch\/wp-content\/uploads\/2025\/07\/186-Affiche-Suisse-Poster-La-Jonx-Zurich-Grossmunster.jpg",1400,1650,false],"thumbnail":["https:\/\/www.la-jonx.ch\/wp-content\/uploads\/2025\/07\/186-Affiche-Suisse-Poster-La-Jonx-Zurich-Grossmunster-150x150.jpg",150,150,true],"medium":["https:\/\/www.la-jonx.ch\/wp-content\/uploads\/2025\/07\/186-Affiche-Suisse-Poster-La-Jonx-Zurich-Grossmunster-255x300.jpg",255,300,true],"medium_large":["https:\/\/www.la-jonx.ch\/wp-content\/uploads\/2025\/07\/186-Affiche-Suisse-Poster-La-Jonx-Zurich-Grossmunster-768x905.jpg",768,905,true],"large":["https:\/\/www.la-jonx.ch\/wp-content\/uploads\/2025\/07\/186-Affiche-Suisse-Poster-La-Jonx-Zurich-Grossmunster-869x1024.jpg",869,1024,true],"1536x1536":["https:\/\/www.la-jonx.ch\/wp-content\/uploads\/2025\/07\/186-Affiche-Suisse-Poster-La-Jonx-Zurich-Grossmunster-1303x1536.jpg",1303,1536,true],"2048x2048":["https:\/\/www.la-jonx.ch\/wp-content\/uploads\/2025\/07\/186-Affiche-Suisse-Poster-La-Jonx-Zurich-Grossmunster.jpg",1400,1650,false],"woocommerce_thumbnail":["https:\/\/www.la-jonx.ch\/wp-content\/uploads\/2025\/07\/186-Affiche-Suisse-Poster-La-Jonx-Zurich-Grossmunster-350x420.jpg",350,420,true],"woocommerce_single":["https:\/\/www.la-jonx.ch\/wp-content\/uploads\/2025\/07\/186-Affiche-Suisse-Poster-La-Jonx-Zurich-Grossmunster-510x601.jpg",510,601,true],"woocommerce_gallery_thumbnail":["https:\/\/www.la-jonx.ch\/wp-content\/uploads\/2025\/07\/186-Affiche-Suisse-Poster-La-Jonx-Zurich-Grossmunster-100x100.jpg",100,100,true],"dgwt-wcas-product-suggestion":["https:\/\/www.la-jonx.ch\/wp-content\/uploads\/2025\/07\/186-Affiche-Suisse-Poster-La-Jonx-Zurich-Grossmunster.jpg",64,75,false]},"uagb_author_info":{"display_name":"L'atelier La Jonx","author_link":"https:\/\/www.la-jonx.ch\/en\/author\/"},"uagb_comment_info":0,"uagb_excerpt":"This poster of Z\u00fcrich Grossm\u00fcnster is an original creation, hand-drawn and printed in Switzerland on quality paper. An original gift for all lovers of Switzerland.In the heart of Z\u00fcrich, the two towers of Grossm\u00fcnster welcome the city's visitors by offering them a fabulous view of the Swiss financial capital.[block id='affiches-short-description-addon']","_links":{"self":[{"href":"https:\/\/www.la-jonx.ch\/en\/wp-json\/wp\/v2\/product\/11308","targetHints":{"allow":["GET"]}}],"collection":[{"href":"https:\/\/www.la-jonx.ch\/en\/wp-json\/wp\/v2\/product"}],"about":[{"href":"https:\/\/www.la-jonx.ch\/en\/wp-json\/wp\/v2\/types\/product"}],"wp:featuredmedia":[{"embeddable":true,"href":"https:\/\/www.la-jonx.ch\/en\/wp-json\/wp\/v2\/media\/37765"}],"wp:attachment":[{"href":"https:\/\/www.la-jonx.ch\/en\/wp-json\/wp\/v2\/media?parent=11308"}],"wp:term":[{"taxonomy":"product_brand","embeddable":true,"href":"https:\/\/www.la-jonx.ch\/en\/wp-json\/wp\/v2\/product_brand?post=11308"},{"taxonomy":"product_cat","embeddable":true,"href":"https:\/\/www.la-jonx.ch\/en\/wp-json\/wp\/v2\/product_cat?post=11308"},{"taxonomy":"product_tag","embeddable":true,"href":"https:\/\/www.la-jonx.ch\/en\/wp-json\/wp\/v2\/product_tag?post=11308"}],"curies":[{"name":"wp","href":"https:\/\/api.w.org\/{rel}","templated":true}]}}