{"id":23877,"date":"2023-11-10T16:51:46","date_gmt":"2023-11-10T15:51:46","guid":{"rendered":"https:\/\/www.la-jonx.ch\/?post_type=product&#038;p=23877"},"modified":"2026-03-12T15:45:42","modified_gmt":"2026-03-12T14:45:42","slug":"rolle-ile-harpe","status":"publish","type":"product","link":"https:\/\/www.la-jonx.ch\/en\/shop-en\/posters\/cantons-en\/vaud\/rolle-ile-harpe\/","title":{"rendered":"Rolle &#8211; Harpe Island"},"content":{"rendered":"<h3>Poster of Rolle &#8211; \u00cele de la Harpe \u2014 original Swiss poster<\/h3>\n<p>Our poster of Rolle &#8211; \u00cele de la Harpe tells a moment, a place, a light. Shades of blue and turquoise \u2014 the kind of scene that makes you want to teleport there.<\/p>\n<p>Printed in Switzerland on 180g semi-matte paper certified PEFC\/FSC, it is an original Swiss gift or a beautiful wall decoration for your living room, bedroom, or office.<\/p>\n<h3>Rolle &#8211; \u00cele de la Harpe in a few words<\/h3>\n<p>Rolle, a small town in Vaud on the shores of Lake Geneva, is dominated by its medieval castle and the \u00cele de la Harpe. Between vineyards and lake, it offers a peaceful setting facing the Mont-Blanc range.<\/p>\n<blockquote><p><em>\u201cThe \u00cele de la Harpe, named after this heir of Enlightenment ideas, born in the small village of Rolle and defender of the cantons. At the center of the islet, an obelisk in his honor, Branches of children plunge into the waters of Lake Geneva.\u201d<\/em><\/p><\/blockquote>\n<h3>Characteristics<\/h3>\n<ul>\n<li>Original hand-drawn illustration \u2014 La Jonx studio, Geneva<\/li>\n<li>Printed in Switzerland on 180g semi-matte paper, certified PEFC\/FSC<\/li>\n<li>Available in 30\u00d740 cm, 50\u00d770 cm, and 70\u00d7100 cm<\/li>\n<li>Standard sizes for easy framing<\/li>\n<li>Delivered in a rigid envelope (30\u00d740) or protective tube (large formats)<\/li>\n<\/ul>\n","protected":false},"excerpt":{"rendered":"<p class='product-intro'>This poster of Rolle &#8211; \u00cele de la Harpe is an original creation, hand-drawn and printed in Switzerland on quality paper. An original and poetic gift.<\/p>\n<p class='poesie'>The \u00cele de la Harpe, named after this heir of Enlightenment ideas, born in the small village of Rolle and defender of the cantons. At the center of the islet, an obelisk in his honor, From the branches, children dive into the waters of Lake Geneva.<\/p>\n<br\/>\n","protected":false},"featured_media":36649,"template":"","meta":{"_uag_custom_page_level_css":""},"product_brand":[],"product_cat":[2755,2776,2785],"product_tag":[1721,1723,1722,370,1724,1664],"class_list":{"0":"post-23877","1":"product","2":"type-product","3":"status-publish","4":"has-post-thumbnail","6":"product_cat-posters","7":"product_cat-vaud","8":"product_cat-lakes-and-rivers","9":"product_tag-boat-en","10":"product_tag-harp","11":"product_tag-island","12":"product_tag-lake","13":"product_tag-obelisk-en","14":"product_tag-rolle-en","16":"first","17":"instock","18":"shipping-taxable","19":"purchasable","20":"product-type-variable","21":"has-default-attributes"},"yoast_head":"<!-- This site is optimized with the Yoast SEO Premium plugin v27.4 (Yoast SEO v27.4) - https:\/\/yoast.com\/product\/yoast-seo-premium-wordpress\/ -->\n<title>Poster of Rolle - \u00cele de la Harpe | Swiss Handmade Poster<\/title>\n<meta name=\"description\" content=\"Rolle Poster - \u00cele de la Harpe, Swiss hand-drawn poster in Geneva. Printed in Switzerland. Ideal as a Swiss gift or unique wall decoration.\" \/>\n<meta name=\"robots\" content=\"index, follow, max-snippet:-1, max-image-preview:large, max-video-preview:-1\" \/>\n<link rel=\"canonical\" href=\"https:\/\/www.la-jonx.ch\/en\/shop-en\/posters\/cantons-en\/vaud\/rolle-ile-harpe\/\" \/>\n<meta property=\"og:locale\" content=\"en_US\" \/>\n<meta property=\"og:type\" content=\"article\" \/>\n<meta property=\"og:title\" content=\"Rolle - Harpe Island\" \/>\n<meta property=\"og:description\" content=\"Rolle Poster - \u00cele de la Harpe, Swiss hand-drawn poster in Geneva. Printed in Switzerland. Ideal as a Swiss gift or unique wall decoration.\" \/>\n<meta property=\"og:url\" content=\"https:\/\/www.la-jonx.ch\/en\/shop-en\/posters\/cantons-en\/vaud\/rolle-ile-harpe\/\" \/>\n<meta property=\"og:site_name\" content=\"La Jonx\" \/>\n<meta property=\"article:publisher\" content=\"https:\/\/www.facebook.com\/lajonx.ch\" \/>\n<meta property=\"article:modified_time\" content=\"2026-03-12T14:45:42+00:00\" \/>\n<meta property=\"og:image\" content=\"https:\/\/www.la-jonx.ch\/wp-content\/uploads\/2025\/07\/132-Affiche-Suisse-Poster-La-Jonx-Rolle-Ile.jpg\" \/>\n\t<meta property=\"og:image:width\" content=\"1400\" \/>\n\t<meta property=\"og:image:height\" content=\"1650\" \/>\n\t<meta property=\"og:image:type\" content=\"image\/jpeg\" \/>\n<meta name=\"twitter:card\" content=\"summary_large_image\" \/>\n<meta name=\"twitter:label1\" content=\"Availability\" \/>\n\t<meta name=\"twitter:data1\" content=\"In stock\" \/>\n<script type=\"application\/ld+json\" class=\"yoast-schema-graph\">{\"@context\":\"https:\\\/\\\/schema.org\",\"@graph\":[{\"@type\":\"WebPage\",\"@id\":\"https:\\\/\\\/www.la-jonx.ch\\\/en\\\/shop-en\\\/posters\\\/cantons-en\\\/vaud\\\/rolle-ile-harpe\\\/\",\"url\":\"https:\\\/\\\/www.la-jonx.ch\\\/en\\\/shop-en\\\/posters\\\/cantons-en\\\/vaud\\\/rolle-ile-harpe\\\/\",\"name\":\"Poster of Rolle - \u00cele de la Harpe | Swiss Handmade Poster\",\"isPartOf\":{\"@id\":\"https:\\\/\\\/www.la-jonx.ch\\\/en\\\/#website\"},\"primaryImageOfPage\":{\"@id\":\"https:\\\/\\\/www.la-jonx.ch\\\/en\\\/shop-en\\\/posters\\\/cantons-en\\\/vaud\\\/rolle-ile-harpe\\\/#primaryimage\"},\"image\":{\"@id\":\"https:\\\/\\\/www.la-jonx.ch\\\/en\\\/shop-en\\\/posters\\\/cantons-en\\\/vaud\\\/rolle-ile-harpe\\\/#primaryimage\"},\"thumbnailUrl\":\"https:\\\/\\\/www.la-jonx.ch\\\/wp-content\\\/uploads\\\/2025\\\/07\\\/132-Affiche-Suisse-Poster-La-Jonx-Rolle-Ile.jpg\",\"datePublished\":\"2023-11-10T15:51:46+00:00\",\"dateModified\":\"2026-03-12T14:45:42+00:00\",\"description\":\"Rolle Poster - \u00cele de la Harpe, Swiss hand-drawn poster in Geneva. Printed in Switzerland. Ideal as a Swiss gift or unique wall decoration.\",\"breadcrumb\":{\"@id\":\"https:\\\/\\\/www.la-jonx.ch\\\/en\\\/shop-en\\\/posters\\\/cantons-en\\\/vaud\\\/rolle-ile-harpe\\\/#breadcrumb\"},\"inLanguage\":\"en-US\",\"potentialAction\":[{\"@type\":\"ReadAction\",\"target\":[\"https:\\\/\\\/www.la-jonx.ch\\\/en\\\/shop-en\\\/posters\\\/cantons-en\\\/vaud\\\/rolle-ile-harpe\\\/\"]}]},{\"@type\":\"ImageObject\",\"inLanguage\":\"en-US\",\"@id\":\"https:\\\/\\\/www.la-jonx.ch\\\/en\\\/shop-en\\\/posters\\\/cantons-en\\\/vaud\\\/rolle-ile-harpe\\\/#primaryimage\",\"url\":\"https:\\\/\\\/www.la-jonx.ch\\\/wp-content\\\/uploads\\\/2025\\\/07\\\/132-Affiche-Suisse-Poster-La-Jonx-Rolle-Ile.jpg\",\"contentUrl\":\"https:\\\/\\\/www.la-jonx.ch\\\/wp-content\\\/uploads\\\/2025\\\/07\\\/132-Affiche-Suisse-Poster-La-Jonx-Rolle-Ile.jpg\",\"width\":1400,\"height\":1650,\"caption\":\"Screenshot\"},{\"@type\":\"BreadcrumbList\",\"@id\":\"https:\\\/\\\/www.la-jonx.ch\\\/en\\\/shop-en\\\/posters\\\/cantons-en\\\/vaud\\\/rolle-ile-harpe\\\/#breadcrumb\",\"itemListElement\":[{\"@type\":\"ListItem\",\"position\":1,\"name\":\"Accueil\",\"item\":\"https:\\\/\\\/www.la-jonx.ch\\\/en\\\/\"},{\"@type\":\"ListItem\",\"position\":2,\"name\":\"Shop\",\"item\":\"https:\\\/\\\/www.la-jonx.ch\\\/shop\\\/?lang=en\"},{\"@type\":\"ListItem\",\"position\":3,\"name\":\"Posters\",\"item\":\"https:\\\/\\\/www.la-jonx.ch\\\/en\\\/product-category\\\/posters\\\/\"},{\"@type\":\"ListItem\",\"position\":4,\"name\":\"CANTONS\",\"item\":\"https:\\\/\\\/www.la-jonx.ch\\\/en\\\/product-category\\\/posters\\\/cantons-en\\\/\"},{\"@type\":\"ListItem\",\"position\":5,\"name\":\"Vaud\",\"item\":\"https:\\\/\\\/www.la-jonx.ch\\\/en\\\/product-category\\\/posters\\\/cantons-en\\\/vaud\\\/\"},{\"@type\":\"ListItem\",\"position\":6,\"name\":\"Rolle &#8211; Harpe Island\"}]},{\"@type\":\"WebSite\",\"@id\":\"https:\\\/\\\/www.la-jonx.ch\\\/en\\\/#website\",\"url\":\"https:\\\/\\\/www.la-jonx.ch\\\/en\\\/\",\"name\":\"La Jonx\",\"description\":\"Swiss Graphic Workshop\",\"publisher\":{\"@id\":\"https:\\\/\\\/www.la-jonx.ch\\\/en\\\/#organization\"},\"potentialAction\":[{\"@type\":\"SearchAction\",\"target\":{\"@type\":\"EntryPoint\",\"urlTemplate\":\"https:\\\/\\\/www.la-jonx.ch\\\/en\\\/?s={search_term_string}\"},\"query-input\":{\"@type\":\"PropertyValueSpecification\",\"valueRequired\":true,\"valueName\":\"search_term_string\"}}],\"inLanguage\":\"en-US\"},{\"@type\":\"Organization\",\"@id\":\"https:\\\/\\\/www.la-jonx.ch\\\/en\\\/#organization\",\"name\":\"La Jonx\",\"url\":\"https:\\\/\\\/www.la-jonx.ch\\\/en\\\/\",\"logo\":{\"@type\":\"ImageObject\",\"inLanguage\":\"en-US\",\"@id\":\"https:\\\/\\\/www.la-jonx.ch\\\/en\\\/#\\\/schema\\\/logo\\\/image\\\/\",\"url\":\"https:\\\/\\\/www.la-jonx.ch\\\/wp-content\\\/uploads\\\/2021\\\/09\\\/logo-la-jonx-atzelier-graphique.png\",\"contentUrl\":\"https:\\\/\\\/www.la-jonx.ch\\\/wp-content\\\/uploads\\\/2021\\\/09\\\/logo-la-jonx-atzelier-graphique.png\",\"width\":378,\"height\":129,\"caption\":\"La Jonx\"},\"image\":{\"@id\":\"https:\\\/\\\/www.la-jonx.ch\\\/en\\\/#\\\/schema\\\/logo\\\/image\\\/\"},\"sameAs\":[\"https:\\\/\\\/www.facebook.com\\\/lajonx.ch\",\"https:\\\/\\\/www.instagram.com\\\/lajonx.ch\\\/?hl=fr\"]}]}<\/script>\n<meta property=\"og:availability\" content=\"instock\" \/>\n<meta property=\"product:availability\" content=\"instock\" \/>\n<meta property=\"product:condition\" content=\"new\" \/>\n<!-- \/ Yoast SEO Premium plugin. -->","yoast_head_json":{"title":"Poster of Rolle - \u00cele de la Harpe | Swiss Handmade Poster","description":"Rolle Poster - \u00cele de la Harpe, Swiss hand-drawn poster in Geneva. Printed in Switzerland. Ideal as a Swiss gift or unique wall decoration.","robots":{"index":"index","follow":"follow","max-snippet":"max-snippet:-1","max-image-preview":"max-image-preview:large","max-video-preview":"max-video-preview:-1"},"canonical":"https:\/\/www.la-jonx.ch\/en\/shop-en\/posters\/cantons-en\/vaud\/rolle-ile-harpe\/","og_locale":"en_US","og_type":"article","og_title":"Rolle - Harpe Island","og_description":"Rolle Poster - \u00cele de la Harpe, Swiss hand-drawn poster in Geneva. Printed in Switzerland. Ideal as a Swiss gift or unique wall decoration.","og_url":"https:\/\/www.la-jonx.ch\/en\/shop-en\/posters\/cantons-en\/vaud\/rolle-ile-harpe\/","og_site_name":"La Jonx","article_publisher":"https:\/\/www.facebook.com\/lajonx.ch","article_modified_time":"2026-03-12T14:45:42+00:00","og_image":[{"width":1400,"height":1650,"url":"https:\/\/www.la-jonx.ch\/wp-content\/uploads\/2025\/07\/132-Affiche-Suisse-Poster-La-Jonx-Rolle-Ile.jpg","type":"image\/jpeg"}],"twitter_card":"summary_large_image","twitter_misc":{"Availability":"In stock"},"schema":{"@context":"https:\/\/schema.org","@graph":[{"@type":"WebPage","@id":"https:\/\/www.la-jonx.ch\/en\/shop-en\/posters\/cantons-en\/vaud\/rolle-ile-harpe\/","url":"https:\/\/www.la-jonx.ch\/en\/shop-en\/posters\/cantons-en\/vaud\/rolle-ile-harpe\/","name":"Poster of Rolle - \u00cele de la Harpe | Swiss Handmade Poster","isPartOf":{"@id":"https:\/\/www.la-jonx.ch\/en\/#website"},"primaryImageOfPage":{"@id":"https:\/\/www.la-jonx.ch\/en\/shop-en\/posters\/cantons-en\/vaud\/rolle-ile-harpe\/#primaryimage"},"image":{"@id":"https:\/\/www.la-jonx.ch\/en\/shop-en\/posters\/cantons-en\/vaud\/rolle-ile-harpe\/#primaryimage"},"thumbnailUrl":"https:\/\/www.la-jonx.ch\/wp-content\/uploads\/2025\/07\/132-Affiche-Suisse-Poster-La-Jonx-Rolle-Ile.jpg","datePublished":"2023-11-10T15:51:46+00:00","dateModified":"2026-03-12T14:45:42+00:00","description":"Rolle Poster - \u00cele de la Harpe, Swiss hand-drawn poster in Geneva. Printed in Switzerland. Ideal as a Swiss gift or unique wall decoration.","breadcrumb":{"@id":"https:\/\/www.la-jonx.ch\/en\/shop-en\/posters\/cantons-en\/vaud\/rolle-ile-harpe\/#breadcrumb"},"inLanguage":"en-US","potentialAction":[{"@type":"ReadAction","target":["https:\/\/www.la-jonx.ch\/en\/shop-en\/posters\/cantons-en\/vaud\/rolle-ile-harpe\/"]}]},{"@type":"ImageObject","inLanguage":"en-US","@id":"https:\/\/www.la-jonx.ch\/en\/shop-en\/posters\/cantons-en\/vaud\/rolle-ile-harpe\/#primaryimage","url":"https:\/\/www.la-jonx.ch\/wp-content\/uploads\/2025\/07\/132-Affiche-Suisse-Poster-La-Jonx-Rolle-Ile.jpg","contentUrl":"https:\/\/www.la-jonx.ch\/wp-content\/uploads\/2025\/07\/132-Affiche-Suisse-Poster-La-Jonx-Rolle-Ile.jpg","width":1400,"height":1650,"caption":"Screenshot"},{"@type":"BreadcrumbList","@id":"https:\/\/www.la-jonx.ch\/en\/shop-en\/posters\/cantons-en\/vaud\/rolle-ile-harpe\/#breadcrumb","itemListElement":[{"@type":"ListItem","position":1,"name":"Accueil","item":"https:\/\/www.la-jonx.ch\/en\/"},{"@type":"ListItem","position":2,"name":"Shop","item":"https:\/\/www.la-jonx.ch\/shop\/?lang=en"},{"@type":"ListItem","position":3,"name":"Posters","item":"https:\/\/www.la-jonx.ch\/en\/product-category\/posters\/"},{"@type":"ListItem","position":4,"name":"CANTONS","item":"https:\/\/www.la-jonx.ch\/en\/product-category\/posters\/cantons-en\/"},{"@type":"ListItem","position":5,"name":"Vaud","item":"https:\/\/www.la-jonx.ch\/en\/product-category\/posters\/cantons-en\/vaud\/"},{"@type":"ListItem","position":6,"name":"Rolle &#8211; Harpe Island"}]},{"@type":"WebSite","@id":"https:\/\/www.la-jonx.ch\/en\/#website","url":"https:\/\/www.la-jonx.ch\/en\/","name":"La Jonx","description":"Swiss Graphic Workshop","publisher":{"@id":"https:\/\/www.la-jonx.ch\/en\/#organization"},"potentialAction":[{"@type":"SearchAction","target":{"@type":"EntryPoint","urlTemplate":"https:\/\/www.la-jonx.ch\/en\/?s={search_term_string}"},"query-input":{"@type":"PropertyValueSpecification","valueRequired":true,"valueName":"search_term_string"}}],"inLanguage":"en-US"},{"@type":"Organization","@id":"https:\/\/www.la-jonx.ch\/en\/#organization","name":"La Jonx","url":"https:\/\/www.la-jonx.ch\/en\/","logo":{"@type":"ImageObject","inLanguage":"en-US","@id":"https:\/\/www.la-jonx.ch\/en\/#\/schema\/logo\/image\/","url":"https:\/\/www.la-jonx.ch\/wp-content\/uploads\/2021\/09\/logo-la-jonx-atzelier-graphique.png","contentUrl":"https:\/\/www.la-jonx.ch\/wp-content\/uploads\/2021\/09\/logo-la-jonx-atzelier-graphique.png","width":378,"height":129,"caption":"La Jonx"},"image":{"@id":"https:\/\/www.la-jonx.ch\/en\/#\/schema\/logo\/image\/"},"sameAs":["https:\/\/www.facebook.com\/lajonx.ch","https:\/\/www.instagram.com\/lajonx.ch\/?hl=fr"]}]},"og_availability":"instock","product_availability":"instock","product_condition":"new"},"additional_image_1":"https:\/\/www.la-jonx.ch\/wp-content\/uploads\/2025\/07\/132-Enveloppe-avec-Poster-La-Jonx-Rolle-Ile.jpg","additional_image_2":"https:\/\/www.la-jonx.ch\/wp-content\/uploads\/2025\/07\/167-Poster-on-a-wall-Rolle-Ile.jpg","uagb_featured_image_src":{"full":["https:\/\/www.la-jonx.ch\/wp-content\/uploads\/2025\/07\/132-Affiche-Suisse-Poster-La-Jonx-Rolle-Ile.jpg",1400,1650,false],"thumbnail":["https:\/\/www.la-jonx.ch\/wp-content\/uploads\/2025\/07\/132-Affiche-Suisse-Poster-La-Jonx-Rolle-Ile-150x150.jpg",150,150,true],"medium":["https:\/\/www.la-jonx.ch\/wp-content\/uploads\/2025\/07\/132-Affiche-Suisse-Poster-La-Jonx-Rolle-Ile-255x300.jpg",255,300,true],"medium_large":["https:\/\/www.la-jonx.ch\/wp-content\/uploads\/2025\/07\/132-Affiche-Suisse-Poster-La-Jonx-Rolle-Ile-768x905.jpg",768,905,true],"large":["https:\/\/www.la-jonx.ch\/wp-content\/uploads\/2025\/07\/132-Affiche-Suisse-Poster-La-Jonx-Rolle-Ile-869x1024.jpg",869,1024,true],"1536x1536":["https:\/\/www.la-jonx.ch\/wp-content\/uploads\/2025\/07\/132-Affiche-Suisse-Poster-La-Jonx-Rolle-Ile-1303x1536.jpg",1303,1536,true],"2048x2048":["https:\/\/www.la-jonx.ch\/wp-content\/uploads\/2025\/07\/132-Affiche-Suisse-Poster-La-Jonx-Rolle-Ile.jpg",1400,1650,false],"woocommerce_thumbnail":["https:\/\/www.la-jonx.ch\/wp-content\/uploads\/2025\/07\/132-Affiche-Suisse-Poster-La-Jonx-Rolle-Ile-350x420.jpg",350,420,true],"woocommerce_single":["https:\/\/www.la-jonx.ch\/wp-content\/uploads\/2025\/07\/132-Affiche-Suisse-Poster-La-Jonx-Rolle-Ile-510x601.jpg",510,601,true],"woocommerce_gallery_thumbnail":["https:\/\/www.la-jonx.ch\/wp-content\/uploads\/2025\/07\/132-Affiche-Suisse-Poster-La-Jonx-Rolle-Ile-100x100.jpg",100,100,true],"dgwt-wcas-product-suggestion":["https:\/\/www.la-jonx.ch\/wp-content\/uploads\/2025\/07\/132-Affiche-Suisse-Poster-La-Jonx-Rolle-Ile.jpg",64,75,false]},"uagb_author_info":{"display_name":"L'atelier La Jonx","author_link":"https:\/\/www.la-jonx.ch\/en\/author\/"},"uagb_comment_info":0,"uagb_excerpt":"This poster of Rolle - \u00cele de la Harpe is an original creation, hand-drawn and printed in Switzerland on quality paper. An original and poetic gift.The \u00cele de la Harpe, named after this heir of Enlightenment ideas, born in the small village of Rolle and defender of the cantons. At the center of the islet,&hellip;","_links":{"self":[{"href":"https:\/\/www.la-jonx.ch\/en\/wp-json\/wp\/v2\/product\/23877","targetHints":{"allow":["GET"]}}],"collection":[{"href":"https:\/\/www.la-jonx.ch\/en\/wp-json\/wp\/v2\/product"}],"about":[{"href":"https:\/\/www.la-jonx.ch\/en\/wp-json\/wp\/v2\/types\/product"}],"wp:featuredmedia":[{"embeddable":true,"href":"https:\/\/www.la-jonx.ch\/en\/wp-json\/wp\/v2\/media\/36649"}],"wp:attachment":[{"href":"https:\/\/www.la-jonx.ch\/en\/wp-json\/wp\/v2\/media?parent=23877"}],"wp:term":[{"taxonomy":"product_brand","embeddable":true,"href":"https:\/\/www.la-jonx.ch\/en\/wp-json\/wp\/v2\/product_brand?post=23877"},{"taxonomy":"product_cat","embeddable":true,"href":"https:\/\/www.la-jonx.ch\/en\/wp-json\/wp\/v2\/product_cat?post=23877"},{"taxonomy":"product_tag","embeddable":true,"href":"https:\/\/www.la-jonx.ch\/en\/wp-json\/wp\/v2\/product_tag?post=23877"}],"curies":[{"name":"wp","href":"https:\/\/api.w.org\/{rel}","templated":true}]}}