{"id":24403,"date":"2023-11-12T11:46:13","date_gmt":"2023-11-12T10:46:13","guid":{"rendered":"https:\/\/www.la-jonx.ch\/?post_type=product&#038;p=24403"},"modified":"2026-03-12T15:38:48","modified_gmt":"2026-03-12T14:38:48","slug":"cudrefin-lac-neuchatel","status":"publish","type":"product","link":"https:\/\/www.la-jonx.ch\/en\/shop-en\/posters\/cantons-en\/vaud\/cudrefin-lac-neuchatel\/","title":{"rendered":"Cudrefin &#8211; Lake Neuch\u00e2tel"},"content":{"rendered":"<h3>Poster Cudrefin &#8211; Lake Neuch\u00e2tel \u2014 original Swiss decoration<\/h3>\n<p>We wanted to capture the essence of Cudrefin &#8211; Lake Neuch\u00e2tel in a poster. A golden light of late afternoon, shades of blue and turquoise, hand-drawn in our Geneva workshop.<\/p>\n<p>Printed in Switzerland on 180g semi-matte paper certified PEFC\/FSC, it is an original Swiss gift or a beautiful wall decoration for your living room, bedroom, or office.<\/p>\n<h3>Cudrefin &#8211; Lake Neuch\u00e2tel in a few words<\/h3>\n<p>Neuch\u00e2tel, a city of yellow stone on the edge of the largest entirely Swiss lake, charms with its medieval castle, its collegiate church, and its student atmosphere. Lake Neuch\u00e2tel and its natural shores are a paradise for wildlife.<\/p>\n<blockquote><p><em>\u201cDiscover the serene beauty of Cudrefin on the shores of Lake Neuch\u00e2tel through our poster. Harmony between the sparkling water and the tranquility of this charming locality.\u201d<\/em><\/p><\/blockquote>\n<h3>Features<\/h3>\n<ul>\n<li>Original hand-drawn illustration \u2014 La Jonx workshop, Geneva<\/li>\n<li>Printed in Switzerland on 180g semi-matte paper, certified PEFC\/FSC<\/li>\n<li>Available in 30\u00d740 cm, 50\u00d770 cm, and 70\u00d7100 cm<\/li>\n<li>Standard formats for easy framing<\/li>\n<li>Delivered in a rigid envelope (30\u00d740) or protective tube (large formats)<\/li>\n<\/ul>\n","protected":false},"excerpt":{"rendered":"<p class='product-intro'>This poster of Cudrefin &#8211; Lake Neuch\u00e2tel is an original creation, hand-drawn and printed in Switzerland on quality paper. An original and poetic gift.<\/p>\n<p class='poesie'>Discover the serene beauty of Cudrefin by the shores of Lake Neuch\u00e2tel through our poster. Harmony between the sparkling water and the tranquility of this charming locality.<\/p>\n<br\/>\n","protected":false},"featured_media":36389,"template":"","meta":{"_uag_custom_page_level_css":""},"product_brand":[],"product_cat":[2755,2776,2785,2790],"product_tag":[923,1634,1480,370,1633,480],"class_list":{"0":"post-24403","1":"product","2":"type-product","3":"status-publish","4":"has-post-thumbnail","6":"product_cat-posters","7":"product_cat-vaud","8":"product_cat-lakes-and-rivers","9":"product_cat-collaborations","10":"product_tag-bathing","11":"product_tag-cudrefin-en","12":"product_tag-jet-deau-en","13":"product_tag-lake","14":"product_tag-sail","15":"product_tag-vaud-en","17":"first","18":"instock","19":"shipping-taxable","20":"purchasable","21":"product-type-variable","22":"has-default-attributes"},"yoast_head":"<!-- This site is optimized with the Yoast SEO Premium plugin v27.4 (Yoast SEO v27.4) - https:\/\/yoast.com\/product\/yoast-seo-premium-wordpress\/ -->\n<title>Poster of Cudrefin - Lake Neuch\u00e2tel | Swiss Poster<\/title>\n<meta name=\"description\" content=\"Cudrefin Poster - Lake Neuch\u00e2tel \u2014 handmade Swiss poster, printed in Switzerland. The original Swiss gift to decorate your interior with style.\" \/>\n<meta name=\"robots\" content=\"index, follow, max-snippet:-1, max-image-preview:large, max-video-preview:-1\" \/>\n<link rel=\"canonical\" href=\"https:\/\/www.la-jonx.ch\/en\/shop-en\/posters\/cantons-en\/vaud\/cudrefin-lac-neuchatel\/\" \/>\n<meta property=\"og:locale\" content=\"en_US\" \/>\n<meta property=\"og:type\" content=\"article\" \/>\n<meta property=\"og:title\" content=\"Cudrefin - Lake Neuch\u00e2tel\" \/>\n<meta property=\"og:description\" content=\"Cudrefin Poster - Lake Neuch\u00e2tel \u2014 handmade Swiss poster, printed in Switzerland. The original Swiss gift to decorate your interior with style.\" \/>\n<meta property=\"og:url\" content=\"https:\/\/www.la-jonx.ch\/en\/shop-en\/posters\/cantons-en\/vaud\/cudrefin-lac-neuchatel\/\" \/>\n<meta property=\"og:site_name\" content=\"La Jonx\" \/>\n<meta property=\"article:publisher\" content=\"https:\/\/www.facebook.com\/lajonx.ch\" \/>\n<meta property=\"article:modified_time\" content=\"2026-03-12T14:38:48+00:00\" \/>\n<meta property=\"og:image\" content=\"https:\/\/www.la-jonx.ch\/wp-content\/uploads\/2025\/07\/16-Affiche-Suisse-Poster-La-Jonx-Cudrefin-Lac.jpg\" \/>\n\t<meta property=\"og:image:width\" content=\"1400\" \/>\n\t<meta property=\"og:image:height\" content=\"1650\" \/>\n\t<meta property=\"og:image:type\" content=\"image\/jpeg\" \/>\n<meta name=\"twitter:card\" content=\"summary_large_image\" \/>\n<meta name=\"twitter:label1\" content=\"Availability\" \/>\n\t<meta name=\"twitter:data1\" content=\"In stock\" \/>\n<script type=\"application\/ld+json\" class=\"yoast-schema-graph\">{\"@context\":\"https:\\\/\\\/schema.org\",\"@graph\":[{\"@type\":\"WebPage\",\"@id\":\"https:\\\/\\\/www.la-jonx.ch\\\/en\\\/shop-en\\\/posters\\\/cantons-en\\\/vaud\\\/cudrefin-lac-neuchatel\\\/\",\"url\":\"https:\\\/\\\/www.la-jonx.ch\\\/en\\\/shop-en\\\/posters\\\/cantons-en\\\/vaud\\\/cudrefin-lac-neuchatel\\\/\",\"name\":\"Poster of Cudrefin - Lake Neuch\u00e2tel | Swiss Poster\",\"isPartOf\":{\"@id\":\"https:\\\/\\\/www.la-jonx.ch\\\/en\\\/#website\"},\"primaryImageOfPage\":{\"@id\":\"https:\\\/\\\/www.la-jonx.ch\\\/en\\\/shop-en\\\/posters\\\/cantons-en\\\/vaud\\\/cudrefin-lac-neuchatel\\\/#primaryimage\"},\"image\":{\"@id\":\"https:\\\/\\\/www.la-jonx.ch\\\/en\\\/shop-en\\\/posters\\\/cantons-en\\\/vaud\\\/cudrefin-lac-neuchatel\\\/#primaryimage\"},\"thumbnailUrl\":\"https:\\\/\\\/www.la-jonx.ch\\\/wp-content\\\/uploads\\\/2025\\\/07\\\/16-Affiche-Suisse-Poster-La-Jonx-Cudrefin-Lac.jpg\",\"datePublished\":\"2023-11-12T10:46:13+00:00\",\"dateModified\":\"2026-03-12T14:38:48+00:00\",\"description\":\"Cudrefin Poster - Lake Neuch\u00e2tel \u2014 handmade Swiss poster, printed in Switzerland. The original Swiss gift to decorate your interior with style.\",\"breadcrumb\":{\"@id\":\"https:\\\/\\\/www.la-jonx.ch\\\/en\\\/shop-en\\\/posters\\\/cantons-en\\\/vaud\\\/cudrefin-lac-neuchatel\\\/#breadcrumb\"},\"inLanguage\":\"en-US\",\"potentialAction\":[{\"@type\":\"ReadAction\",\"target\":[\"https:\\\/\\\/www.la-jonx.ch\\\/en\\\/shop-en\\\/posters\\\/cantons-en\\\/vaud\\\/cudrefin-lac-neuchatel\\\/\"]}]},{\"@type\":\"ImageObject\",\"inLanguage\":\"en-US\",\"@id\":\"https:\\\/\\\/www.la-jonx.ch\\\/en\\\/shop-en\\\/posters\\\/cantons-en\\\/vaud\\\/cudrefin-lac-neuchatel\\\/#primaryimage\",\"url\":\"https:\\\/\\\/www.la-jonx.ch\\\/wp-content\\\/uploads\\\/2025\\\/07\\\/16-Affiche-Suisse-Poster-La-Jonx-Cudrefin-Lac.jpg\",\"contentUrl\":\"https:\\\/\\\/www.la-jonx.ch\\\/wp-content\\\/uploads\\\/2025\\\/07\\\/16-Affiche-Suisse-Poster-La-Jonx-Cudrefin-Lac.jpg\",\"width\":1400,\"height\":1650,\"caption\":\"Screenshot\"},{\"@type\":\"BreadcrumbList\",\"@id\":\"https:\\\/\\\/www.la-jonx.ch\\\/en\\\/shop-en\\\/posters\\\/cantons-en\\\/vaud\\\/cudrefin-lac-neuchatel\\\/#breadcrumb\",\"itemListElement\":[{\"@type\":\"ListItem\",\"position\":1,\"name\":\"Accueil\",\"item\":\"https:\\\/\\\/www.la-jonx.ch\\\/en\\\/\"},{\"@type\":\"ListItem\",\"position\":2,\"name\":\"Shop\",\"item\":\"https:\\\/\\\/www.la-jonx.ch\\\/shop\\\/?lang=en\"},{\"@type\":\"ListItem\",\"position\":3,\"name\":\"Posters\",\"item\":\"https:\\\/\\\/www.la-jonx.ch\\\/en\\\/product-category\\\/posters\\\/\"},{\"@type\":\"ListItem\",\"position\":4,\"name\":\"CANTONS\",\"item\":\"https:\\\/\\\/www.la-jonx.ch\\\/en\\\/product-category\\\/posters\\\/cantons-en\\\/\"},{\"@type\":\"ListItem\",\"position\":5,\"name\":\"Vaud\",\"item\":\"https:\\\/\\\/www.la-jonx.ch\\\/en\\\/product-category\\\/posters\\\/cantons-en\\\/vaud\\\/\"},{\"@type\":\"ListItem\",\"position\":6,\"name\":\"Cudrefin &#8211; Lake Neuch\u00e2tel\"}]},{\"@type\":\"WebSite\",\"@id\":\"https:\\\/\\\/www.la-jonx.ch\\\/en\\\/#website\",\"url\":\"https:\\\/\\\/www.la-jonx.ch\\\/en\\\/\",\"name\":\"La Jonx\",\"description\":\"Swiss Graphic Workshop\",\"publisher\":{\"@id\":\"https:\\\/\\\/www.la-jonx.ch\\\/en\\\/#organization\"},\"potentialAction\":[{\"@type\":\"SearchAction\",\"target\":{\"@type\":\"EntryPoint\",\"urlTemplate\":\"https:\\\/\\\/www.la-jonx.ch\\\/en\\\/?s={search_term_string}\"},\"query-input\":{\"@type\":\"PropertyValueSpecification\",\"valueRequired\":true,\"valueName\":\"search_term_string\"}}],\"inLanguage\":\"en-US\"},{\"@type\":\"Organization\",\"@id\":\"https:\\\/\\\/www.la-jonx.ch\\\/en\\\/#organization\",\"name\":\"La Jonx\",\"url\":\"https:\\\/\\\/www.la-jonx.ch\\\/en\\\/\",\"logo\":{\"@type\":\"ImageObject\",\"inLanguage\":\"en-US\",\"@id\":\"https:\\\/\\\/www.la-jonx.ch\\\/en\\\/#\\\/schema\\\/logo\\\/image\\\/\",\"url\":\"https:\\\/\\\/www.la-jonx.ch\\\/wp-content\\\/uploads\\\/2021\\\/09\\\/logo-la-jonx-atzelier-graphique.png\",\"contentUrl\":\"https:\\\/\\\/www.la-jonx.ch\\\/wp-content\\\/uploads\\\/2021\\\/09\\\/logo-la-jonx-atzelier-graphique.png\",\"width\":378,\"height\":129,\"caption\":\"La Jonx\"},\"image\":{\"@id\":\"https:\\\/\\\/www.la-jonx.ch\\\/en\\\/#\\\/schema\\\/logo\\\/image\\\/\"},\"sameAs\":[\"https:\\\/\\\/www.facebook.com\\\/lajonx.ch\",\"https:\\\/\\\/www.instagram.com\\\/lajonx.ch\\\/?hl=fr\"]}]}<\/script>\n<meta property=\"og:availability\" content=\"instock\" \/>\n<meta property=\"product:availability\" content=\"instock\" \/>\n<meta property=\"product:condition\" content=\"new\" \/>\n<!-- \/ Yoast SEO Premium plugin. -->","yoast_head_json":{"title":"Poster of Cudrefin - Lake Neuch\u00e2tel | Swiss Poster","description":"Cudrefin Poster - Lake Neuch\u00e2tel \u2014 handmade Swiss poster, printed in Switzerland. The original Swiss gift to decorate your interior with style.","robots":{"index":"index","follow":"follow","max-snippet":"max-snippet:-1","max-image-preview":"max-image-preview:large","max-video-preview":"max-video-preview:-1"},"canonical":"https:\/\/www.la-jonx.ch\/en\/shop-en\/posters\/cantons-en\/vaud\/cudrefin-lac-neuchatel\/","og_locale":"en_US","og_type":"article","og_title":"Cudrefin - Lake Neuch\u00e2tel","og_description":"Cudrefin Poster - Lake Neuch\u00e2tel \u2014 handmade Swiss poster, printed in Switzerland. The original Swiss gift to decorate your interior with style.","og_url":"https:\/\/www.la-jonx.ch\/en\/shop-en\/posters\/cantons-en\/vaud\/cudrefin-lac-neuchatel\/","og_site_name":"La Jonx","article_publisher":"https:\/\/www.facebook.com\/lajonx.ch","article_modified_time":"2026-03-12T14:38:48+00:00","og_image":[{"width":1400,"height":1650,"url":"https:\/\/www.la-jonx.ch\/wp-content\/uploads\/2025\/07\/16-Affiche-Suisse-Poster-La-Jonx-Cudrefin-Lac.jpg","type":"image\/jpeg"}],"twitter_card":"summary_large_image","twitter_misc":{"Availability":"In stock"},"schema":{"@context":"https:\/\/schema.org","@graph":[{"@type":"WebPage","@id":"https:\/\/www.la-jonx.ch\/en\/shop-en\/posters\/cantons-en\/vaud\/cudrefin-lac-neuchatel\/","url":"https:\/\/www.la-jonx.ch\/en\/shop-en\/posters\/cantons-en\/vaud\/cudrefin-lac-neuchatel\/","name":"Poster of Cudrefin - Lake Neuch\u00e2tel | Swiss Poster","isPartOf":{"@id":"https:\/\/www.la-jonx.ch\/en\/#website"},"primaryImageOfPage":{"@id":"https:\/\/www.la-jonx.ch\/en\/shop-en\/posters\/cantons-en\/vaud\/cudrefin-lac-neuchatel\/#primaryimage"},"image":{"@id":"https:\/\/www.la-jonx.ch\/en\/shop-en\/posters\/cantons-en\/vaud\/cudrefin-lac-neuchatel\/#primaryimage"},"thumbnailUrl":"https:\/\/www.la-jonx.ch\/wp-content\/uploads\/2025\/07\/16-Affiche-Suisse-Poster-La-Jonx-Cudrefin-Lac.jpg","datePublished":"2023-11-12T10:46:13+00:00","dateModified":"2026-03-12T14:38:48+00:00","description":"Cudrefin Poster - Lake Neuch\u00e2tel \u2014 handmade Swiss poster, printed in Switzerland. The original Swiss gift to decorate your interior with style.","breadcrumb":{"@id":"https:\/\/www.la-jonx.ch\/en\/shop-en\/posters\/cantons-en\/vaud\/cudrefin-lac-neuchatel\/#breadcrumb"},"inLanguage":"en-US","potentialAction":[{"@type":"ReadAction","target":["https:\/\/www.la-jonx.ch\/en\/shop-en\/posters\/cantons-en\/vaud\/cudrefin-lac-neuchatel\/"]}]},{"@type":"ImageObject","inLanguage":"en-US","@id":"https:\/\/www.la-jonx.ch\/en\/shop-en\/posters\/cantons-en\/vaud\/cudrefin-lac-neuchatel\/#primaryimage","url":"https:\/\/www.la-jonx.ch\/wp-content\/uploads\/2025\/07\/16-Affiche-Suisse-Poster-La-Jonx-Cudrefin-Lac.jpg","contentUrl":"https:\/\/www.la-jonx.ch\/wp-content\/uploads\/2025\/07\/16-Affiche-Suisse-Poster-La-Jonx-Cudrefin-Lac.jpg","width":1400,"height":1650,"caption":"Screenshot"},{"@type":"BreadcrumbList","@id":"https:\/\/www.la-jonx.ch\/en\/shop-en\/posters\/cantons-en\/vaud\/cudrefin-lac-neuchatel\/#breadcrumb","itemListElement":[{"@type":"ListItem","position":1,"name":"Accueil","item":"https:\/\/www.la-jonx.ch\/en\/"},{"@type":"ListItem","position":2,"name":"Shop","item":"https:\/\/www.la-jonx.ch\/shop\/?lang=en"},{"@type":"ListItem","position":3,"name":"Posters","item":"https:\/\/www.la-jonx.ch\/en\/product-category\/posters\/"},{"@type":"ListItem","position":4,"name":"CANTONS","item":"https:\/\/www.la-jonx.ch\/en\/product-category\/posters\/cantons-en\/"},{"@type":"ListItem","position":5,"name":"Vaud","item":"https:\/\/www.la-jonx.ch\/en\/product-category\/posters\/cantons-en\/vaud\/"},{"@type":"ListItem","position":6,"name":"Cudrefin &#8211; Lake Neuch\u00e2tel"}]},{"@type":"WebSite","@id":"https:\/\/www.la-jonx.ch\/en\/#website","url":"https:\/\/www.la-jonx.ch\/en\/","name":"La Jonx","description":"Swiss Graphic Workshop","publisher":{"@id":"https:\/\/www.la-jonx.ch\/en\/#organization"},"potentialAction":[{"@type":"SearchAction","target":{"@type":"EntryPoint","urlTemplate":"https:\/\/www.la-jonx.ch\/en\/?s={search_term_string}"},"query-input":{"@type":"PropertyValueSpecification","valueRequired":true,"valueName":"search_term_string"}}],"inLanguage":"en-US"},{"@type":"Organization","@id":"https:\/\/www.la-jonx.ch\/en\/#organization","name":"La Jonx","url":"https:\/\/www.la-jonx.ch\/en\/","logo":{"@type":"ImageObject","inLanguage":"en-US","@id":"https:\/\/www.la-jonx.ch\/en\/#\/schema\/logo\/image\/","url":"https:\/\/www.la-jonx.ch\/wp-content\/uploads\/2021\/09\/logo-la-jonx-atzelier-graphique.png","contentUrl":"https:\/\/www.la-jonx.ch\/wp-content\/uploads\/2021\/09\/logo-la-jonx-atzelier-graphique.png","width":378,"height":129,"caption":"La Jonx"},"image":{"@id":"https:\/\/www.la-jonx.ch\/en\/#\/schema\/logo\/image\/"},"sameAs":["https:\/\/www.facebook.com\/lajonx.ch","https:\/\/www.instagram.com\/lajonx.ch\/?hl=fr"]}]},"og_availability":"instock","product_availability":"instock","product_condition":"new"},"additional_image_1":"https:\/\/www.la-jonx.ch\/wp-content\/uploads\/2025\/07\/50-Enveloppe-avec-Poster-La-Jonx-Cudrefin-Lac.jpg","additional_image_2":"https:\/\/www.la-jonx.ch\/wp-content\/uploads\/2025\/07\/50-Poster-on-a-wall-Cudrefin-Lac.jpg","uagb_featured_image_src":{"full":["https:\/\/www.la-jonx.ch\/wp-content\/uploads\/2025\/07\/16-Affiche-Suisse-Poster-La-Jonx-Cudrefin-Lac.jpg",1400,1650,false],"thumbnail":["https:\/\/www.la-jonx.ch\/wp-content\/uploads\/2025\/07\/16-Affiche-Suisse-Poster-La-Jonx-Cudrefin-Lac-150x150.jpg",150,150,true],"medium":["https:\/\/www.la-jonx.ch\/wp-content\/uploads\/2025\/07\/16-Affiche-Suisse-Poster-La-Jonx-Cudrefin-Lac-255x300.jpg",255,300,true],"medium_large":["https:\/\/www.la-jonx.ch\/wp-content\/uploads\/2025\/07\/16-Affiche-Suisse-Poster-La-Jonx-Cudrefin-Lac-768x905.jpg",768,905,true],"large":["https:\/\/www.la-jonx.ch\/wp-content\/uploads\/2025\/07\/16-Affiche-Suisse-Poster-La-Jonx-Cudrefin-Lac-869x1024.jpg",869,1024,true],"1536x1536":["https:\/\/www.la-jonx.ch\/wp-content\/uploads\/2025\/07\/16-Affiche-Suisse-Poster-La-Jonx-Cudrefin-Lac-1303x1536.jpg",1303,1536,true],"2048x2048":["https:\/\/www.la-jonx.ch\/wp-content\/uploads\/2025\/07\/16-Affiche-Suisse-Poster-La-Jonx-Cudrefin-Lac.jpg",1400,1650,false],"woocommerce_thumbnail":["https:\/\/www.la-jonx.ch\/wp-content\/uploads\/2025\/07\/16-Affiche-Suisse-Poster-La-Jonx-Cudrefin-Lac-350x420.jpg",350,420,true],"woocommerce_single":["https:\/\/www.la-jonx.ch\/wp-content\/uploads\/2025\/07\/16-Affiche-Suisse-Poster-La-Jonx-Cudrefin-Lac-510x601.jpg",510,601,true],"woocommerce_gallery_thumbnail":["https:\/\/www.la-jonx.ch\/wp-content\/uploads\/2025\/07\/16-Affiche-Suisse-Poster-La-Jonx-Cudrefin-Lac-100x100.jpg",100,100,true],"dgwt-wcas-product-suggestion":["https:\/\/www.la-jonx.ch\/wp-content\/uploads\/2025\/07\/16-Affiche-Suisse-Poster-La-Jonx-Cudrefin-Lac.jpg",64,75,false]},"uagb_author_info":{"display_name":"L'atelier La Jonx","author_link":"https:\/\/www.la-jonx.ch\/en\/author\/"},"uagb_comment_info":0,"uagb_excerpt":"This poster of Cudrefin - Lake Neuch\u00e2tel is an original creation, hand-drawn and printed in Switzerland on quality paper. An original and poetic gift.Discover the serene beauty of Cudrefin by the shores of Lake Neuch\u00e2tel through our poster. Harmony between the sparkling water and the tranquility of this charming locality.[block id='affiches-short-description-addon']","_links":{"self":[{"href":"https:\/\/www.la-jonx.ch\/en\/wp-json\/wp\/v2\/product\/24403","targetHints":{"allow":["GET"]}}],"collection":[{"href":"https:\/\/www.la-jonx.ch\/en\/wp-json\/wp\/v2\/product"}],"about":[{"href":"https:\/\/www.la-jonx.ch\/en\/wp-json\/wp\/v2\/types\/product"}],"wp:featuredmedia":[{"embeddable":true,"href":"https:\/\/www.la-jonx.ch\/en\/wp-json\/wp\/v2\/media\/36389"}],"wp:attachment":[{"href":"https:\/\/www.la-jonx.ch\/en\/wp-json\/wp\/v2\/media?parent=24403"}],"wp:term":[{"taxonomy":"product_brand","embeddable":true,"href":"https:\/\/www.la-jonx.ch\/en\/wp-json\/wp\/v2\/product_brand?post=24403"},{"taxonomy":"product_cat","embeddable":true,"href":"https:\/\/www.la-jonx.ch\/en\/wp-json\/wp\/v2\/product_cat?post=24403"},{"taxonomy":"product_tag","embeddable":true,"href":"https:\/\/www.la-jonx.ch\/en\/wp-json\/wp\/v2\/product_tag?post=24403"}],"curies":[{"name":"wp","href":"https:\/\/api.w.org\/{rel}","templated":true}]}}