{"id":516,"date":"2021-08-07T01:23:34","date_gmt":"2021-08-06T23:23:34","guid":{"rendered":"http:\/\/2021.la-jonx.ch\/?post_type=product&#038;p=516"},"modified":"2026-03-12T15:39:04","modified_gmt":"2026-03-12T14:39:04","slug":"eaux-vives","status":"publish","type":"product","link":"https:\/\/www.la-jonx.ch\/en\/shop-en\/posters\/cantons-en\/geneva\/eaux-vives\/","title":{"rendered":"Eaux-Vives"},"content":{"rendered":"<h3>Eaux-Vives \u2014 Swiss poster illustrated by the La Jonx studio<\/h3>\n<p>This Eaux-Vives poster was created in our studio in Geneva. A golden light at the end of the day, shades of blue and turquoise \u2014 the kind of Swiss poster you frame and keep for a long time.<\/p>\n<p>Printed in Switzerland on 180g semi-matte paper certified PEFC\/FSC, it&#8217;s an original Swiss gift or a beautiful wall decoration for your living room, bedroom, or office.<\/p>\n<h3>Eaux-Vives in a few words<\/h3>\n<p>Les Eaux-Vives, a dynamic district of Geneva, stretches from the lake to the Parc de la Grange. Between its urban beach, its restaurants, and its nightlife, it is the young and cosmopolitan face of the city.<\/p>\n<blockquote><p><em>\u201cThe dinghies wait peacefully along the Quai Gustave-Ador for the good weather to return. A Belle Epoque boat enters the harbor, frightening a group of migratory birds that fly towards the Jura. I run to the water to admire the swans.\u201d<\/em><\/p><\/blockquote>\n<h3>Characteristics<\/h3>\n<ul>\n<li>Original hand-drawn illustration \u2014 La Jonx studio, Geneva<\/li>\n<li>Printed in Switzerland on 180g semi-matte paper, certified PEFC\/FSC<\/li>\n<li>Available in 30\u00d740 cm, 50\u00d770 cm, and 70\u00d7100 cm<\/li>\n<li>Standard sizes for easy framing<\/li>\n<li>Delivered in a rigid envelope (30\u00d740) or protective tube (large formats)<\/li>\n<\/ul>\n","protected":false},"excerpt":{"rendered":"<p class='product-intro'>This Eaux-Vives poster is an original creation, hand-drawn and printed in Switzerland on quality paper. To give or to treat yourself.<\/p>\n<p class='poesie'>The dinghies peacefully wait along the Gustave-Ador quay for the beautiful days to return. A Belle Epoque boat enters the harbor, frightening a group of migratory birds that fly towards the Jura. I run towards the water to admire the swans.<\/p>\n<br\/>\n","protected":false},"featured_media":38805,"template":"","meta":{"_uag_custom_page_level_css":""},"product_brand":[],"product_cat":[2755,2762,2785],"product_tag":[479,1480,615,248,1534,194,195,196,197],"class_list":{"0":"post-516","1":"product","2":"type-product","3":"status-publish","4":"has-post-thumbnail","6":"product_cat-posters","7":"product_cat-geneva","8":"product_cat-lakes-and-rivers","9":"product_tag-geneva","10":"product_tag-jet-deau-en","11":"product_tag-jura-en","12":"product_tag-leman-en","13":"product_tag-leman-boat","14":"product_tag-poster-en","15":"product_tag-poster-en-2","16":"product_tag-switzerland","17":"product_tag-vintage-en","19":"first","20":"instock","21":"shipping-taxable","22":"purchasable","23":"product-type-variable","24":"has-default-attributes"},"yoast_head":"<!-- This site is optimized with the Yoast SEO Premium plugin v27.4 (Yoast SEO v27.4) - https:\/\/yoast.com\/product\/yoast-seo-premium-wordpress\/ -->\n<title>Eaux-Vives Poster | Hand Illustrated Swiss Poster<\/title>\n<meta name=\"description\" content=\"Eaux-Vives poster, hand-illustrated Swiss poster. Printed in Switzerland on quality paper. Perfect Swiss gift or original wall decoration.\" \/>\n<meta name=\"robots\" content=\"index, follow, max-snippet:-1, max-image-preview:large, max-video-preview:-1\" \/>\n<link rel=\"canonical\" href=\"https:\/\/www.la-jonx.ch\/en\/shop-en\/posters\/cantons-en\/geneva\/eaux-vives\/\" \/>\n<meta property=\"og:locale\" content=\"en_US\" \/>\n<meta property=\"og:type\" content=\"article\" \/>\n<meta property=\"og:title\" content=\"Eaux-Vives Poster | Switzerland Poster La Jonx\" \/>\n<meta property=\"og:description\" content=\"Eaux-Vives poster, hand-illustrated Swiss poster. Printed in Switzerland on quality paper. Perfect Swiss gift or original wall decoration.\" \/>\n<meta property=\"og:url\" content=\"https:\/\/www.la-jonx.ch\/en\/shop-en\/posters\/cantons-en\/geneva\/eaux-vives\/\" \/>\n<meta property=\"og:site_name\" content=\"La Jonx\" \/>\n<meta property=\"article:publisher\" content=\"https:\/\/www.facebook.com\/lajonx.ch\" \/>\n<meta property=\"article:modified_time\" content=\"2026-03-12T14:39:04+00:00\" \/>\n<meta property=\"og:image\" content=\"https:\/\/www.la-jonx.ch\/wp-content\/uploads\/2025\/07\/26-Affiche-Suisse-Poster-La-Jonx-Eaux-Vives.jpg\" \/>\n\t<meta property=\"og:image:width\" content=\"1400\" \/>\n\t<meta property=\"og:image:height\" content=\"1650\" \/>\n\t<meta property=\"og:image:type\" content=\"image\/jpeg\" \/>\n<meta name=\"twitter:card\" content=\"summary_large_image\" \/>\n<meta name=\"twitter:title\" content=\"Eaux-Vives Poster | Switzerland Poster La Jonx\" \/>\n<meta name=\"twitter:label1\" content=\"Availability\" \/>\n\t<meta name=\"twitter:data1\" content=\"In stock\" \/>\n<script type=\"application\/ld+json\" class=\"yoast-schema-graph\">{\"@context\":\"https:\\\/\\\/schema.org\",\"@graph\":[{\"@type\":\"WebPage\",\"@id\":\"https:\\\/\\\/www.la-jonx.ch\\\/en\\\/shop-en\\\/posters\\\/cantons-en\\\/geneva\\\/eaux-vives\\\/\",\"url\":\"https:\\\/\\\/www.la-jonx.ch\\\/en\\\/shop-en\\\/posters\\\/cantons-en\\\/geneva\\\/eaux-vives\\\/\",\"name\":\"Eaux-Vives Poster | Hand Illustrated Swiss Poster\",\"isPartOf\":{\"@id\":\"https:\\\/\\\/www.la-jonx.ch\\\/en\\\/#website\"},\"primaryImageOfPage\":{\"@id\":\"https:\\\/\\\/www.la-jonx.ch\\\/en\\\/shop-en\\\/posters\\\/cantons-en\\\/geneva\\\/eaux-vives\\\/#primaryimage\"},\"image\":{\"@id\":\"https:\\\/\\\/www.la-jonx.ch\\\/en\\\/shop-en\\\/posters\\\/cantons-en\\\/geneva\\\/eaux-vives\\\/#primaryimage\"},\"thumbnailUrl\":\"https:\\\/\\\/www.la-jonx.ch\\\/wp-content\\\/uploads\\\/2025\\\/07\\\/26-Affiche-Suisse-Poster-La-Jonx-Eaux-Vives.jpg\",\"datePublished\":\"2021-08-06T23:23:34+00:00\",\"dateModified\":\"2026-03-12T14:39:04+00:00\",\"description\":\"Eaux-Vives poster, hand-illustrated Swiss poster. Printed in Switzerland on quality paper. Perfect Swiss gift or original wall decoration.\",\"breadcrumb\":{\"@id\":\"https:\\\/\\\/www.la-jonx.ch\\\/en\\\/shop-en\\\/posters\\\/cantons-en\\\/geneva\\\/eaux-vives\\\/#breadcrumb\"},\"inLanguage\":\"en-US\",\"potentialAction\":[{\"@type\":\"ReadAction\",\"target\":[\"https:\\\/\\\/www.la-jonx.ch\\\/en\\\/shop-en\\\/posters\\\/cantons-en\\\/geneva\\\/eaux-vives\\\/\"]}]},{\"@type\":\"ImageObject\",\"inLanguage\":\"en-US\",\"@id\":\"https:\\\/\\\/www.la-jonx.ch\\\/en\\\/shop-en\\\/posters\\\/cantons-en\\\/geneva\\\/eaux-vives\\\/#primaryimage\",\"url\":\"https:\\\/\\\/www.la-jonx.ch\\\/wp-content\\\/uploads\\\/2025\\\/07\\\/26-Affiche-Suisse-Poster-La-Jonx-Eaux-Vives.jpg\",\"contentUrl\":\"https:\\\/\\\/www.la-jonx.ch\\\/wp-content\\\/uploads\\\/2025\\\/07\\\/26-Affiche-Suisse-Poster-La-Jonx-Eaux-Vives.jpg\",\"width\":1400,\"height\":1650,\"caption\":\"Poster de Carouge en Suisse, de 'atelier la jonx, original, encadr\u00e9\"},{\"@type\":\"BreadcrumbList\",\"@id\":\"https:\\\/\\\/www.la-jonx.ch\\\/en\\\/shop-en\\\/posters\\\/cantons-en\\\/geneva\\\/eaux-vives\\\/#breadcrumb\",\"itemListElement\":[{\"@type\":\"ListItem\",\"position\":1,\"name\":\"Accueil\",\"item\":\"https:\\\/\\\/www.la-jonx.ch\\\/en\\\/\"},{\"@type\":\"ListItem\",\"position\":2,\"name\":\"Shop\",\"item\":\"https:\\\/\\\/www.la-jonx.ch\\\/shop\\\/?lang=en\"},{\"@type\":\"ListItem\",\"position\":3,\"name\":\"Posters\",\"item\":\"https:\\\/\\\/www.la-jonx.ch\\\/en\\\/product-category\\\/posters\\\/\"},{\"@type\":\"ListItem\",\"position\":4,\"name\":\"CANTONS\",\"item\":\"https:\\\/\\\/www.la-jonx.ch\\\/en\\\/product-category\\\/posters\\\/cantons-en\\\/\"},{\"@type\":\"ListItem\",\"position\":5,\"name\":\"Geneva\",\"item\":\"https:\\\/\\\/www.la-jonx.ch\\\/en\\\/product-category\\\/posters\\\/cantons-en\\\/geneva\\\/\"},{\"@type\":\"ListItem\",\"position\":6,\"name\":\"Eaux-Vives\"}]},{\"@type\":\"WebSite\",\"@id\":\"https:\\\/\\\/www.la-jonx.ch\\\/en\\\/#website\",\"url\":\"https:\\\/\\\/www.la-jonx.ch\\\/en\\\/\",\"name\":\"La Jonx\",\"description\":\"Swiss Graphic Workshop\",\"publisher\":{\"@id\":\"https:\\\/\\\/www.la-jonx.ch\\\/en\\\/#organization\"},\"potentialAction\":[{\"@type\":\"SearchAction\",\"target\":{\"@type\":\"EntryPoint\",\"urlTemplate\":\"https:\\\/\\\/www.la-jonx.ch\\\/en\\\/?s={search_term_string}\"},\"query-input\":{\"@type\":\"PropertyValueSpecification\",\"valueRequired\":true,\"valueName\":\"search_term_string\"}}],\"inLanguage\":\"en-US\"},{\"@type\":\"Organization\",\"@id\":\"https:\\\/\\\/www.la-jonx.ch\\\/en\\\/#organization\",\"name\":\"La Jonx\",\"url\":\"https:\\\/\\\/www.la-jonx.ch\\\/en\\\/\",\"logo\":{\"@type\":\"ImageObject\",\"inLanguage\":\"en-US\",\"@id\":\"https:\\\/\\\/www.la-jonx.ch\\\/en\\\/#\\\/schema\\\/logo\\\/image\\\/\",\"url\":\"https:\\\/\\\/www.la-jonx.ch\\\/wp-content\\\/uploads\\\/2021\\\/09\\\/logo-la-jonx-atzelier-graphique.png\",\"contentUrl\":\"https:\\\/\\\/www.la-jonx.ch\\\/wp-content\\\/uploads\\\/2021\\\/09\\\/logo-la-jonx-atzelier-graphique.png\",\"width\":378,\"height\":129,\"caption\":\"La Jonx\"},\"image\":{\"@id\":\"https:\\\/\\\/www.la-jonx.ch\\\/en\\\/#\\\/schema\\\/logo\\\/image\\\/\"},\"sameAs\":[\"https:\\\/\\\/www.facebook.com\\\/lajonx.ch\",\"https:\\\/\\\/www.instagram.com\\\/lajonx.ch\\\/?hl=fr\"]}]}<\/script>\n<meta property=\"og:availability\" content=\"instock\" \/>\n<meta property=\"product:availability\" content=\"instock\" \/>\n<meta property=\"product:condition\" content=\"new\" \/>\n<!-- \/ Yoast SEO Premium plugin. -->","yoast_head_json":{"title":"Eaux-Vives Poster | Hand Illustrated Swiss Poster","description":"Eaux-Vives poster, hand-illustrated Swiss poster. Printed in Switzerland on quality paper. Perfect Swiss gift or original wall decoration.","robots":{"index":"index","follow":"follow","max-snippet":"max-snippet:-1","max-image-preview":"max-image-preview:large","max-video-preview":"max-video-preview:-1"},"canonical":"https:\/\/www.la-jonx.ch\/en\/shop-en\/posters\/cantons-en\/geneva\/eaux-vives\/","og_locale":"en_US","og_type":"article","og_title":"Eaux-Vives Poster | Switzerland Poster La Jonx","og_description":"Eaux-Vives poster, hand-illustrated Swiss poster. Printed in Switzerland on quality paper. Perfect Swiss gift or original wall decoration.","og_url":"https:\/\/www.la-jonx.ch\/en\/shop-en\/posters\/cantons-en\/geneva\/eaux-vives\/","og_site_name":"La Jonx","article_publisher":"https:\/\/www.facebook.com\/lajonx.ch","article_modified_time":"2026-03-12T14:39:04+00:00","og_image":[{"width":1400,"height":1650,"url":"https:\/\/www.la-jonx.ch\/wp-content\/uploads\/2025\/07\/26-Affiche-Suisse-Poster-La-Jonx-Eaux-Vives.jpg","type":"image\/jpeg"}],"twitter_card":"summary_large_image","twitter_title":"Eaux-Vives Poster | Switzerland Poster La Jonx","twitter_misc":{"Availability":"In stock"},"schema":{"@context":"https:\/\/schema.org","@graph":[{"@type":"WebPage","@id":"https:\/\/www.la-jonx.ch\/en\/shop-en\/posters\/cantons-en\/geneva\/eaux-vives\/","url":"https:\/\/www.la-jonx.ch\/en\/shop-en\/posters\/cantons-en\/geneva\/eaux-vives\/","name":"Eaux-Vives Poster | Hand Illustrated Swiss Poster","isPartOf":{"@id":"https:\/\/www.la-jonx.ch\/en\/#website"},"primaryImageOfPage":{"@id":"https:\/\/www.la-jonx.ch\/en\/shop-en\/posters\/cantons-en\/geneva\/eaux-vives\/#primaryimage"},"image":{"@id":"https:\/\/www.la-jonx.ch\/en\/shop-en\/posters\/cantons-en\/geneva\/eaux-vives\/#primaryimage"},"thumbnailUrl":"https:\/\/www.la-jonx.ch\/wp-content\/uploads\/2025\/07\/26-Affiche-Suisse-Poster-La-Jonx-Eaux-Vives.jpg","datePublished":"2021-08-06T23:23:34+00:00","dateModified":"2026-03-12T14:39:04+00:00","description":"Eaux-Vives poster, hand-illustrated Swiss poster. Printed in Switzerland on quality paper. Perfect Swiss gift or original wall decoration.","breadcrumb":{"@id":"https:\/\/www.la-jonx.ch\/en\/shop-en\/posters\/cantons-en\/geneva\/eaux-vives\/#breadcrumb"},"inLanguage":"en-US","potentialAction":[{"@type":"ReadAction","target":["https:\/\/www.la-jonx.ch\/en\/shop-en\/posters\/cantons-en\/geneva\/eaux-vives\/"]}]},{"@type":"ImageObject","inLanguage":"en-US","@id":"https:\/\/www.la-jonx.ch\/en\/shop-en\/posters\/cantons-en\/geneva\/eaux-vives\/#primaryimage","url":"https:\/\/www.la-jonx.ch\/wp-content\/uploads\/2025\/07\/26-Affiche-Suisse-Poster-La-Jonx-Eaux-Vives.jpg","contentUrl":"https:\/\/www.la-jonx.ch\/wp-content\/uploads\/2025\/07\/26-Affiche-Suisse-Poster-La-Jonx-Eaux-Vives.jpg","width":1400,"height":1650,"caption":"Poster de Carouge en Suisse, de 'atelier la jonx, original, encadr\u00e9"},{"@type":"BreadcrumbList","@id":"https:\/\/www.la-jonx.ch\/en\/shop-en\/posters\/cantons-en\/geneva\/eaux-vives\/#breadcrumb","itemListElement":[{"@type":"ListItem","position":1,"name":"Accueil","item":"https:\/\/www.la-jonx.ch\/en\/"},{"@type":"ListItem","position":2,"name":"Shop","item":"https:\/\/www.la-jonx.ch\/shop\/?lang=en"},{"@type":"ListItem","position":3,"name":"Posters","item":"https:\/\/www.la-jonx.ch\/en\/product-category\/posters\/"},{"@type":"ListItem","position":4,"name":"CANTONS","item":"https:\/\/www.la-jonx.ch\/en\/product-category\/posters\/cantons-en\/"},{"@type":"ListItem","position":5,"name":"Geneva","item":"https:\/\/www.la-jonx.ch\/en\/product-category\/posters\/cantons-en\/geneva\/"},{"@type":"ListItem","position":6,"name":"Eaux-Vives"}]},{"@type":"WebSite","@id":"https:\/\/www.la-jonx.ch\/en\/#website","url":"https:\/\/www.la-jonx.ch\/en\/","name":"La Jonx","description":"Swiss Graphic Workshop","publisher":{"@id":"https:\/\/www.la-jonx.ch\/en\/#organization"},"potentialAction":[{"@type":"SearchAction","target":{"@type":"EntryPoint","urlTemplate":"https:\/\/www.la-jonx.ch\/en\/?s={search_term_string}"},"query-input":{"@type":"PropertyValueSpecification","valueRequired":true,"valueName":"search_term_string"}}],"inLanguage":"en-US"},{"@type":"Organization","@id":"https:\/\/www.la-jonx.ch\/en\/#organization","name":"La Jonx","url":"https:\/\/www.la-jonx.ch\/en\/","logo":{"@type":"ImageObject","inLanguage":"en-US","@id":"https:\/\/www.la-jonx.ch\/en\/#\/schema\/logo\/image\/","url":"https:\/\/www.la-jonx.ch\/wp-content\/uploads\/2021\/09\/logo-la-jonx-atzelier-graphique.png","contentUrl":"https:\/\/www.la-jonx.ch\/wp-content\/uploads\/2021\/09\/logo-la-jonx-atzelier-graphique.png","width":378,"height":129,"caption":"La Jonx"},"image":{"@id":"https:\/\/www.la-jonx.ch\/en\/#\/schema\/logo\/image\/"},"sameAs":["https:\/\/www.facebook.com\/lajonx.ch","https:\/\/www.instagram.com\/lajonx.ch\/?hl=fr"]}]},"og_availability":"instock","product_availability":"instock","product_condition":"new"},"additional_image_1":"https:\/\/www.la-jonx.ch\/wp-content\/uploads\/2025\/07\/26-Enveloppe-avec-Poster-La-Jonx-Eaux-Vives.jpg","additional_image_2":"https:\/\/www.la-jonx.ch\/wp-content\/uploads\/2025\/07\/61-Poster-on-a-wall-Eaux-Vives.jpg","uagb_featured_image_src":{"full":["https:\/\/www.la-jonx.ch\/wp-content\/uploads\/2025\/07\/26-Affiche-Suisse-Poster-La-Jonx-Eaux-Vives.jpg",1400,1650,false],"thumbnail":["https:\/\/www.la-jonx.ch\/wp-content\/uploads\/2025\/07\/26-Affiche-Suisse-Poster-La-Jonx-Eaux-Vives-150x150.jpg",150,150,true],"medium":["https:\/\/www.la-jonx.ch\/wp-content\/uploads\/2025\/07\/26-Affiche-Suisse-Poster-La-Jonx-Eaux-Vives-255x300.jpg",255,300,true],"medium_large":["https:\/\/www.la-jonx.ch\/wp-content\/uploads\/2025\/07\/26-Affiche-Suisse-Poster-La-Jonx-Eaux-Vives-768x905.jpg",768,905,true],"large":["https:\/\/www.la-jonx.ch\/wp-content\/uploads\/2025\/07\/26-Affiche-Suisse-Poster-La-Jonx-Eaux-Vives-869x1024.jpg",869,1024,true],"1536x1536":["https:\/\/www.la-jonx.ch\/wp-content\/uploads\/2025\/07\/26-Affiche-Suisse-Poster-La-Jonx-Eaux-Vives-1303x1536.jpg",1303,1536,true],"2048x2048":["https:\/\/www.la-jonx.ch\/wp-content\/uploads\/2025\/07\/26-Affiche-Suisse-Poster-La-Jonx-Eaux-Vives.jpg",1400,1650,false],"woocommerce_thumbnail":["https:\/\/www.la-jonx.ch\/wp-content\/uploads\/2025\/07\/26-Affiche-Suisse-Poster-La-Jonx-Eaux-Vives-350x420.jpg",350,420,true],"woocommerce_single":["https:\/\/www.la-jonx.ch\/wp-content\/uploads\/2025\/07\/26-Affiche-Suisse-Poster-La-Jonx-Eaux-Vives-510x601.jpg",510,601,true],"woocommerce_gallery_thumbnail":["https:\/\/www.la-jonx.ch\/wp-content\/uploads\/2025\/07\/26-Affiche-Suisse-Poster-La-Jonx-Eaux-Vives-100x100.jpg",100,100,true],"dgwt-wcas-product-suggestion":["https:\/\/www.la-jonx.ch\/wp-content\/uploads\/2025\/07\/26-Affiche-Suisse-Poster-La-Jonx-Eaux-Vives.jpg",64,75,false]},"uagb_author_info":{"display_name":"L'atelier La Jonx","author_link":"https:\/\/www.la-jonx.ch\/en\/author\/"},"uagb_comment_info":0,"uagb_excerpt":"This Eaux-Vives poster is an original creation, hand-drawn and printed in Switzerland on quality paper. To give or to treat yourself.The dinghies peacefully wait along the Gustave-Ador quay for the beautiful days to return. A Belle Epoque boat enters the harbor, frightening a group of migratory birds that fly towards the Jura. I run towards&hellip;","_links":{"self":[{"href":"https:\/\/www.la-jonx.ch\/en\/wp-json\/wp\/v2\/product\/516","targetHints":{"allow":["GET"]}}],"collection":[{"href":"https:\/\/www.la-jonx.ch\/en\/wp-json\/wp\/v2\/product"}],"about":[{"href":"https:\/\/www.la-jonx.ch\/en\/wp-json\/wp\/v2\/types\/product"}],"wp:featuredmedia":[{"embeddable":true,"href":"https:\/\/www.la-jonx.ch\/en\/wp-json\/wp\/v2\/media\/38805"}],"wp:attachment":[{"href":"https:\/\/www.la-jonx.ch\/en\/wp-json\/wp\/v2\/media?parent=516"}],"wp:term":[{"taxonomy":"product_brand","embeddable":true,"href":"https:\/\/www.la-jonx.ch\/en\/wp-json\/wp\/v2\/product_brand?post=516"},{"taxonomy":"product_cat","embeddable":true,"href":"https:\/\/www.la-jonx.ch\/en\/wp-json\/wp\/v2\/product_cat?post=516"},{"taxonomy":"product_tag","embeddable":true,"href":"https:\/\/www.la-jonx.ch\/en\/wp-json\/wp\/v2\/product_tag?post=516"}],"curies":[{"name":"wp","href":"https:\/\/api.w.org\/{rel}","templated":true}]}}