{"id":564,"date":"2021-08-07T01:23:53","date_gmt":"2021-08-06T23:23:53","guid":{"rendered":"http:\/\/2021.la-jonx.ch\/?post_type=product&#038;p=564"},"modified":"2026-03-12T15:44:10","modified_gmt":"2026-03-12T14:44:10","slug":"plainpalais","status":"publish","type":"product","link":"https:\/\/www.la-jonx.ch\/en\/shop-en\/posters\/cantons-en\/geneva\/plainpalais\/","title":{"rendered":"Plainpalais"},"content":{"rendered":"<h3>Plainpalais on display \u2014 Swiss poster designed in Geneva<\/h3>\n<p>Plainpalais deserved a poster worthy of it. We hand-drew it in our workshop in Geneva, with shades of blue and turquoise and a lot of love for this corner of Switzerland.<\/p>\n<p>Printed in Switzerland on 180g semi-matte paper certified PEFC\/FSC, it&#8217;s an original Swiss gift or a beautiful wall decoration for your living room, bedroom, or office.<\/p>\n<h3>Plainpalais in a few words<\/h3>\n<p>Plainpalais, in the heart of Geneva, is a vast plain that hosts flea markets, circuses, and events. This urban lung is bordered by the university and the city&#8217;s creative districts.<\/p>\n<blockquote><p><em>\u201cThe red sand of the plain stretches as far as the eye can see. In the glow of this late afternoon, skateboarders waltz with the void and defy gravity. Frankenstein, meanwhile, continues his eternal path, perhaps fleeing towards the Sal\u00e8ve. We will undoubtedly find his book at the flea market that stretches along the alleys of the plain. In the center, I distinguish majestic tents and return to childhood. Plainpalais, a place of meeting and sharing\u201d<\/em><\/p><\/blockquote>\n<h3>Characteristics<\/h3>\n<ul>\n<li>Original hand-drawn illustration \u2014 La Jonx workshop, Geneva<\/li>\n<li>Printed in Switzerland on 180g semi-matte paper, certified PEFC\/FSC<\/li>\n<li>Available in 30\u00d740 cm, 50\u00d770 cm, and 70\u00d7100 cm<\/li>\n<li>Standard sizes for easy framing<\/li>\n<li>Delivered in a rigid envelope (30\u00d740) or protective tube (large formats)<\/li>\n<\/ul>\n","protected":false},"excerpt":{"rendered":"<p class='product-intro'>This Plainpalais poster is an original creation, hand-drawn and printed in Switzerland on quality paper. The ideal small Swiss gift.<\/p>\n<p class='poesie'>The red sand of the plain stretches as far as the eye can see. In the glow of this late afternoon, skateboarders waltz with the void and defy gravity. Frankenstein, meanwhile, continues his eternal path, perhaps fleeing towards the Sal\u00e8ve. We will undoubtedly find his book at the flea market that stretches along the alleys of the plain. In the center, I distinguish majestic tents and return to childhood. Plainpalais, a place of meeting and sharing<\/p>\n<br\/>\n","protected":false},"featured_media":38730,"template":"","meta":{"_uag_custom_page_level_css":""},"product_brand":[],"product_cat":[2755,2762],"product_tag":[479,194,195,196,197],"class_list":{"0":"post-564","1":"product","2":"type-product","3":"status-publish","4":"has-post-thumbnail","6":"product_cat-posters","7":"product_cat-geneva","8":"product_tag-geneva","9":"product_tag-poster-en","10":"product_tag-poster-en-2","11":"product_tag-switzerland","12":"product_tag-vintage-en","14":"first","15":"instock","16":"shipping-taxable","17":"purchasable","18":"product-type-variable","19":"has-default-attributes"},"yoast_head":"<!-- This site is optimized with the Yoast SEO Premium plugin v27.4 (Yoast SEO v27.4) - https:\/\/yoast.com\/product\/yoast-seo-premium-wordpress\/ -->\n<title>Plainpalais Poster | Hand Illustrated Swiss Poster<\/title>\n<meta name=\"description\" content=\"Plainpalais poster, hand-illustrated Swiss poster. Printed in Switzerland on quality paper. Perfect Swiss gift or original wall decoration.\" \/>\n<meta name=\"robots\" content=\"index, follow, max-snippet:-1, max-image-preview:large, max-video-preview:-1\" \/>\n<link rel=\"canonical\" href=\"https:\/\/www.la-jonx.ch\/en\/shop-en\/posters\/cantons-en\/geneva\/plainpalais\/\" \/>\n<meta property=\"og:locale\" content=\"en_US\" \/>\n<meta property=\"og:type\" content=\"article\" \/>\n<meta property=\"og:title\" content=\"Plainpalais Poster | Switzerland Poster La Jonx\" \/>\n<meta property=\"og:description\" content=\"Plainpalais poster, hand-illustrated Swiss poster. Printed in Switzerland on quality paper. Perfect Swiss gift or original wall decoration.\" \/>\n<meta property=\"og:url\" content=\"https:\/\/www.la-jonx.ch\/en\/shop-en\/posters\/cantons-en\/geneva\/plainpalais\/\" \/>\n<meta property=\"og:site_name\" content=\"La Jonx\" \/>\n<meta property=\"article:publisher\" content=\"https:\/\/www.facebook.com\/lajonx.ch\" \/>\n<meta property=\"article:modified_time\" content=\"2026-03-12T14:44:10+00:00\" \/>\n<meta property=\"og:image\" content=\"https:\/\/www.la-jonx.ch\/wp-content\/uploads\/2025\/07\/119-Affiche-Suisse-Poster-La-Jonx-Plainpalais.jpg\" \/>\n\t<meta property=\"og:image:width\" content=\"1400\" \/>\n\t<meta property=\"og:image:height\" content=\"1650\" \/>\n\t<meta property=\"og:image:type\" content=\"image\/jpeg\" \/>\n<meta name=\"twitter:card\" content=\"summary_large_image\" \/>\n<meta name=\"twitter:title\" content=\"Plainpalais Poster | Switzerland Poster La Jonx\" \/>\n<meta name=\"twitter:label1\" content=\"Availability\" \/>\n\t<meta name=\"twitter:data1\" content=\"In stock\" \/>\n<script type=\"application\/ld+json\" class=\"yoast-schema-graph\">{\"@context\":\"https:\\\/\\\/schema.org\",\"@graph\":[{\"@type\":\"WebPage\",\"@id\":\"https:\\\/\\\/www.la-jonx.ch\\\/en\\\/shop-en\\\/posters\\\/cantons-en\\\/geneva\\\/plainpalais\\\/\",\"url\":\"https:\\\/\\\/www.la-jonx.ch\\\/en\\\/shop-en\\\/posters\\\/cantons-en\\\/geneva\\\/plainpalais\\\/\",\"name\":\"Plainpalais Poster | Hand Illustrated Swiss Poster\",\"isPartOf\":{\"@id\":\"https:\\\/\\\/www.la-jonx.ch\\\/en\\\/#website\"},\"primaryImageOfPage\":{\"@id\":\"https:\\\/\\\/www.la-jonx.ch\\\/en\\\/shop-en\\\/posters\\\/cantons-en\\\/geneva\\\/plainpalais\\\/#primaryimage\"},\"image\":{\"@id\":\"https:\\\/\\\/www.la-jonx.ch\\\/en\\\/shop-en\\\/posters\\\/cantons-en\\\/geneva\\\/plainpalais\\\/#primaryimage\"},\"thumbnailUrl\":\"https:\\\/\\\/www.la-jonx.ch\\\/wp-content\\\/uploads\\\/2025\\\/07\\\/119-Affiche-Suisse-Poster-La-Jonx-Plainpalais.jpg\",\"datePublished\":\"2021-08-06T23:23:53+00:00\",\"dateModified\":\"2026-03-12T14:44:10+00:00\",\"description\":\"Plainpalais poster, hand-illustrated Swiss poster. Printed in Switzerland on quality paper. Perfect Swiss gift or original wall decoration.\",\"breadcrumb\":{\"@id\":\"https:\\\/\\\/www.la-jonx.ch\\\/en\\\/shop-en\\\/posters\\\/cantons-en\\\/geneva\\\/plainpalais\\\/#breadcrumb\"},\"inLanguage\":\"en-US\",\"potentialAction\":[{\"@type\":\"ReadAction\",\"target\":[\"https:\\\/\\\/www.la-jonx.ch\\\/en\\\/shop-en\\\/posters\\\/cantons-en\\\/geneva\\\/plainpalais\\\/\"]}]},{\"@type\":\"ImageObject\",\"inLanguage\":\"en-US\",\"@id\":\"https:\\\/\\\/www.la-jonx.ch\\\/en\\\/shop-en\\\/posters\\\/cantons-en\\\/geneva\\\/plainpalais\\\/#primaryimage\",\"url\":\"https:\\\/\\\/www.la-jonx.ch\\\/wp-content\\\/uploads\\\/2025\\\/07\\\/119-Affiche-Suisse-Poster-La-Jonx-Plainpalais.jpg\",\"contentUrl\":\"https:\\\/\\\/www.la-jonx.ch\\\/wp-content\\\/uploads\\\/2025\\\/07\\\/119-Affiche-Suisse-Poster-La-Jonx-Plainpalais.jpg\",\"width\":1400,\"height\":1650,\"caption\":\"Poster de Plainpalais en Suisse, cadeau suisse parfait ou d\u00e9coration\"},{\"@type\":\"BreadcrumbList\",\"@id\":\"https:\\\/\\\/www.la-jonx.ch\\\/en\\\/shop-en\\\/posters\\\/cantons-en\\\/geneva\\\/plainpalais\\\/#breadcrumb\",\"itemListElement\":[{\"@type\":\"ListItem\",\"position\":1,\"name\":\"Accueil\",\"item\":\"https:\\\/\\\/www.la-jonx.ch\\\/en\\\/\"},{\"@type\":\"ListItem\",\"position\":2,\"name\":\"Shop\",\"item\":\"https:\\\/\\\/www.la-jonx.ch\\\/shop\\\/?lang=en\"},{\"@type\":\"ListItem\",\"position\":3,\"name\":\"Posters\",\"item\":\"https:\\\/\\\/www.la-jonx.ch\\\/en\\\/product-category\\\/posters\\\/\"},{\"@type\":\"ListItem\",\"position\":4,\"name\":\"CANTONS\",\"item\":\"https:\\\/\\\/www.la-jonx.ch\\\/en\\\/product-category\\\/posters\\\/cantons-en\\\/\"},{\"@type\":\"ListItem\",\"position\":5,\"name\":\"Geneva\",\"item\":\"https:\\\/\\\/www.la-jonx.ch\\\/en\\\/product-category\\\/posters\\\/cantons-en\\\/geneva\\\/\"},{\"@type\":\"ListItem\",\"position\":6,\"name\":\"Plainpalais\"}]},{\"@type\":\"WebSite\",\"@id\":\"https:\\\/\\\/www.la-jonx.ch\\\/en\\\/#website\",\"url\":\"https:\\\/\\\/www.la-jonx.ch\\\/en\\\/\",\"name\":\"La Jonx\",\"description\":\"Swiss Graphic Workshop\",\"publisher\":{\"@id\":\"https:\\\/\\\/www.la-jonx.ch\\\/en\\\/#organization\"},\"potentialAction\":[{\"@type\":\"SearchAction\",\"target\":{\"@type\":\"EntryPoint\",\"urlTemplate\":\"https:\\\/\\\/www.la-jonx.ch\\\/en\\\/?s={search_term_string}\"},\"query-input\":{\"@type\":\"PropertyValueSpecification\",\"valueRequired\":true,\"valueName\":\"search_term_string\"}}],\"inLanguage\":\"en-US\"},{\"@type\":\"Organization\",\"@id\":\"https:\\\/\\\/www.la-jonx.ch\\\/en\\\/#organization\",\"name\":\"La Jonx\",\"url\":\"https:\\\/\\\/www.la-jonx.ch\\\/en\\\/\",\"logo\":{\"@type\":\"ImageObject\",\"inLanguage\":\"en-US\",\"@id\":\"https:\\\/\\\/www.la-jonx.ch\\\/en\\\/#\\\/schema\\\/logo\\\/image\\\/\",\"url\":\"https:\\\/\\\/www.la-jonx.ch\\\/wp-content\\\/uploads\\\/2021\\\/09\\\/logo-la-jonx-atzelier-graphique.png\",\"contentUrl\":\"https:\\\/\\\/www.la-jonx.ch\\\/wp-content\\\/uploads\\\/2021\\\/09\\\/logo-la-jonx-atzelier-graphique.png\",\"width\":378,\"height\":129,\"caption\":\"La Jonx\"},\"image\":{\"@id\":\"https:\\\/\\\/www.la-jonx.ch\\\/en\\\/#\\\/schema\\\/logo\\\/image\\\/\"},\"sameAs\":[\"https:\\\/\\\/www.facebook.com\\\/lajonx.ch\",\"https:\\\/\\\/www.instagram.com\\\/lajonx.ch\\\/?hl=fr\"]}]}<\/script>\n<meta property=\"og:availability\" content=\"instock\" \/>\n<meta property=\"product:availability\" content=\"instock\" \/>\n<meta property=\"product:condition\" content=\"new\" \/>\n<!-- \/ Yoast SEO Premium plugin. -->","yoast_head_json":{"title":"Plainpalais Poster | Hand Illustrated Swiss Poster","description":"Plainpalais poster, hand-illustrated Swiss poster. Printed in Switzerland on quality paper. Perfect Swiss gift or original wall decoration.","robots":{"index":"index","follow":"follow","max-snippet":"max-snippet:-1","max-image-preview":"max-image-preview:large","max-video-preview":"max-video-preview:-1"},"canonical":"https:\/\/www.la-jonx.ch\/en\/shop-en\/posters\/cantons-en\/geneva\/plainpalais\/","og_locale":"en_US","og_type":"article","og_title":"Plainpalais Poster | Switzerland Poster La Jonx","og_description":"Plainpalais poster, hand-illustrated Swiss poster. Printed in Switzerland on quality paper. Perfect Swiss gift or original wall decoration.","og_url":"https:\/\/www.la-jonx.ch\/en\/shop-en\/posters\/cantons-en\/geneva\/plainpalais\/","og_site_name":"La Jonx","article_publisher":"https:\/\/www.facebook.com\/lajonx.ch","article_modified_time":"2026-03-12T14:44:10+00:00","og_image":[{"width":1400,"height":1650,"url":"https:\/\/www.la-jonx.ch\/wp-content\/uploads\/2025\/07\/119-Affiche-Suisse-Poster-La-Jonx-Plainpalais.jpg","type":"image\/jpeg"}],"twitter_card":"summary_large_image","twitter_title":"Plainpalais Poster | Switzerland Poster La Jonx","twitter_misc":{"Availability":"In stock"},"schema":{"@context":"https:\/\/schema.org","@graph":[{"@type":"WebPage","@id":"https:\/\/www.la-jonx.ch\/en\/shop-en\/posters\/cantons-en\/geneva\/plainpalais\/","url":"https:\/\/www.la-jonx.ch\/en\/shop-en\/posters\/cantons-en\/geneva\/plainpalais\/","name":"Plainpalais Poster | Hand Illustrated Swiss Poster","isPartOf":{"@id":"https:\/\/www.la-jonx.ch\/en\/#website"},"primaryImageOfPage":{"@id":"https:\/\/www.la-jonx.ch\/en\/shop-en\/posters\/cantons-en\/geneva\/plainpalais\/#primaryimage"},"image":{"@id":"https:\/\/www.la-jonx.ch\/en\/shop-en\/posters\/cantons-en\/geneva\/plainpalais\/#primaryimage"},"thumbnailUrl":"https:\/\/www.la-jonx.ch\/wp-content\/uploads\/2025\/07\/119-Affiche-Suisse-Poster-La-Jonx-Plainpalais.jpg","datePublished":"2021-08-06T23:23:53+00:00","dateModified":"2026-03-12T14:44:10+00:00","description":"Plainpalais poster, hand-illustrated Swiss poster. Printed in Switzerland on quality paper. Perfect Swiss gift or original wall decoration.","breadcrumb":{"@id":"https:\/\/www.la-jonx.ch\/en\/shop-en\/posters\/cantons-en\/geneva\/plainpalais\/#breadcrumb"},"inLanguage":"en-US","potentialAction":[{"@type":"ReadAction","target":["https:\/\/www.la-jonx.ch\/en\/shop-en\/posters\/cantons-en\/geneva\/plainpalais\/"]}]},{"@type":"ImageObject","inLanguage":"en-US","@id":"https:\/\/www.la-jonx.ch\/en\/shop-en\/posters\/cantons-en\/geneva\/plainpalais\/#primaryimage","url":"https:\/\/www.la-jonx.ch\/wp-content\/uploads\/2025\/07\/119-Affiche-Suisse-Poster-La-Jonx-Plainpalais.jpg","contentUrl":"https:\/\/www.la-jonx.ch\/wp-content\/uploads\/2025\/07\/119-Affiche-Suisse-Poster-La-Jonx-Plainpalais.jpg","width":1400,"height":1650,"caption":"Poster de Plainpalais en Suisse, cadeau suisse parfait ou d\u00e9coration"},{"@type":"BreadcrumbList","@id":"https:\/\/www.la-jonx.ch\/en\/shop-en\/posters\/cantons-en\/geneva\/plainpalais\/#breadcrumb","itemListElement":[{"@type":"ListItem","position":1,"name":"Accueil","item":"https:\/\/www.la-jonx.ch\/en\/"},{"@type":"ListItem","position":2,"name":"Shop","item":"https:\/\/www.la-jonx.ch\/shop\/?lang=en"},{"@type":"ListItem","position":3,"name":"Posters","item":"https:\/\/www.la-jonx.ch\/en\/product-category\/posters\/"},{"@type":"ListItem","position":4,"name":"CANTONS","item":"https:\/\/www.la-jonx.ch\/en\/product-category\/posters\/cantons-en\/"},{"@type":"ListItem","position":5,"name":"Geneva","item":"https:\/\/www.la-jonx.ch\/en\/product-category\/posters\/cantons-en\/geneva\/"},{"@type":"ListItem","position":6,"name":"Plainpalais"}]},{"@type":"WebSite","@id":"https:\/\/www.la-jonx.ch\/en\/#website","url":"https:\/\/www.la-jonx.ch\/en\/","name":"La Jonx","description":"Swiss Graphic Workshop","publisher":{"@id":"https:\/\/www.la-jonx.ch\/en\/#organization"},"potentialAction":[{"@type":"SearchAction","target":{"@type":"EntryPoint","urlTemplate":"https:\/\/www.la-jonx.ch\/en\/?s={search_term_string}"},"query-input":{"@type":"PropertyValueSpecification","valueRequired":true,"valueName":"search_term_string"}}],"inLanguage":"en-US"},{"@type":"Organization","@id":"https:\/\/www.la-jonx.ch\/en\/#organization","name":"La Jonx","url":"https:\/\/www.la-jonx.ch\/en\/","logo":{"@type":"ImageObject","inLanguage":"en-US","@id":"https:\/\/www.la-jonx.ch\/en\/#\/schema\/logo\/image\/","url":"https:\/\/www.la-jonx.ch\/wp-content\/uploads\/2021\/09\/logo-la-jonx-atzelier-graphique.png","contentUrl":"https:\/\/www.la-jonx.ch\/wp-content\/uploads\/2021\/09\/logo-la-jonx-atzelier-graphique.png","width":378,"height":129,"caption":"La Jonx"},"image":{"@id":"https:\/\/www.la-jonx.ch\/en\/#\/schema\/logo\/image\/"},"sameAs":["https:\/\/www.facebook.com\/lajonx.ch","https:\/\/www.instagram.com\/lajonx.ch\/?hl=fr"]}]},"og_availability":"instock","product_availability":"instock","product_condition":"new"},"additional_image_1":"https:\/\/www.la-jonx.ch\/wp-content\/uploads\/2025\/07\/119-Enveloppe-avec-Poster-La-Jonx-Plainpalais.jpg","additional_image_2":"https:\/\/www.la-jonx.ch\/wp-content\/uploads\/2025\/07\/154-Poster-on-a-wall-Plainpalais.jpg","uagb_featured_image_src":{"full":["https:\/\/www.la-jonx.ch\/wp-content\/uploads\/2025\/07\/119-Affiche-Suisse-Poster-La-Jonx-Plainpalais.jpg",1400,1650,false],"thumbnail":["https:\/\/www.la-jonx.ch\/wp-content\/uploads\/2025\/07\/119-Affiche-Suisse-Poster-La-Jonx-Plainpalais-150x150.jpg",150,150,true],"medium":["https:\/\/www.la-jonx.ch\/wp-content\/uploads\/2025\/07\/119-Affiche-Suisse-Poster-La-Jonx-Plainpalais-255x300.jpg",255,300,true],"medium_large":["https:\/\/www.la-jonx.ch\/wp-content\/uploads\/2025\/07\/119-Affiche-Suisse-Poster-La-Jonx-Plainpalais-768x905.jpg",768,905,true],"large":["https:\/\/www.la-jonx.ch\/wp-content\/uploads\/2025\/07\/119-Affiche-Suisse-Poster-La-Jonx-Plainpalais-869x1024.jpg",869,1024,true],"1536x1536":["https:\/\/www.la-jonx.ch\/wp-content\/uploads\/2025\/07\/119-Affiche-Suisse-Poster-La-Jonx-Plainpalais-1303x1536.jpg",1303,1536,true],"2048x2048":["https:\/\/www.la-jonx.ch\/wp-content\/uploads\/2025\/07\/119-Affiche-Suisse-Poster-La-Jonx-Plainpalais.jpg",1400,1650,false],"woocommerce_thumbnail":["https:\/\/www.la-jonx.ch\/wp-content\/uploads\/2025\/07\/119-Affiche-Suisse-Poster-La-Jonx-Plainpalais-350x420.jpg",350,420,true],"woocommerce_single":["https:\/\/www.la-jonx.ch\/wp-content\/uploads\/2025\/07\/119-Affiche-Suisse-Poster-La-Jonx-Plainpalais-510x601.jpg",510,601,true],"woocommerce_gallery_thumbnail":["https:\/\/www.la-jonx.ch\/wp-content\/uploads\/2025\/07\/119-Affiche-Suisse-Poster-La-Jonx-Plainpalais-100x100.jpg",100,100,true],"dgwt-wcas-product-suggestion":["https:\/\/www.la-jonx.ch\/wp-content\/uploads\/2025\/07\/119-Affiche-Suisse-Poster-La-Jonx-Plainpalais.jpg",64,75,false]},"uagb_author_info":{"display_name":"L'atelier La Jonx","author_link":"https:\/\/www.la-jonx.ch\/en\/author\/"},"uagb_comment_info":0,"uagb_excerpt":"This Plainpalais poster is an original creation, hand-drawn and printed in Switzerland on quality paper. The ideal small Swiss gift.The red sand of the plain stretches as far as the eye can see. In the glow of this late afternoon, skateboarders waltz with the void and defy gravity. Frankenstein, meanwhile, continues his eternal path, perhaps&hellip;","_links":{"self":[{"href":"https:\/\/www.la-jonx.ch\/en\/wp-json\/wp\/v2\/product\/564","targetHints":{"allow":["GET"]}}],"collection":[{"href":"https:\/\/www.la-jonx.ch\/en\/wp-json\/wp\/v2\/product"}],"about":[{"href":"https:\/\/www.la-jonx.ch\/en\/wp-json\/wp\/v2\/types\/product"}],"wp:featuredmedia":[{"embeddable":true,"href":"https:\/\/www.la-jonx.ch\/en\/wp-json\/wp\/v2\/media\/38730"}],"wp:attachment":[{"href":"https:\/\/www.la-jonx.ch\/en\/wp-json\/wp\/v2\/media?parent=564"}],"wp:term":[{"taxonomy":"product_brand","embeddable":true,"href":"https:\/\/www.la-jonx.ch\/en\/wp-json\/wp\/v2\/product_brand?post=564"},{"taxonomy":"product_cat","embeddable":true,"href":"https:\/\/www.la-jonx.ch\/en\/wp-json\/wp\/v2\/product_cat?post=564"},{"taxonomy":"product_tag","embeddable":true,"href":"https:\/\/www.la-jonx.ch\/en\/wp-json\/wp\/v2\/product_tag?post=564"}],"curies":[{"name":"wp","href":"https:\/\/api.w.org\/{rel}","templated":true}]}}