{"id":156,"date":"2021-08-06T23:54:04","date_gmt":"2021-08-06T21:54:04","guid":{"rendered":"http:\/\/2021.la-jonx.ch\/?page_id=156"},"modified":"2026-03-08T18:06:28","modified_gmt":"2026-03-08T17:06:28","slug":"condizioni-generali-di-acquisto","status":"publish","type":"page","link":"https:\/\/www.la-jonx.ch\/it\/condizioni-generali-di-acquisto\/","title":{"rendered":"Termini e condizioni generali"},"content":{"rendered":"\n\t<section class=\"section\" id=\"section_1900461247\">\n\t\t<div class=\"section-bg fill\" >\n\t\t\t<img decoding=\"async\" width=\"1573\" height=\"656\" src=\"https:\/\/www.la-jonx.ch\/wp-content\/uploads\/2026\/03\/banner-mentions-legales.webp\" class=\"bg attachment- size-\" alt=\"\" \/>\t\t\t\t\t\t\n\t\t\t\n\n\t\t<\/div>\n\n\t\t\n\n\t\t<div class=\"section-content relative\">\n\t\t\t\n\t\t<\/div>\n\n\t\t\n<style>\n#section_1900461247 {\n  padding-top: 30px;\n  padding-bottom: 30px;\n}\n<\/style>\n\t<\/section>\n\t\n\t<div id=\"gap-1853756135\" class=\"gap-element clearfix\" style=\"display:block; height:auto;\">\n\t\t\n<style>\n#gap-1853756135 {\n  padding-top: 49px;\n}\n<\/style>\n\t<\/div>\n\t\n<div class=\"container section-title-container\" ><h3 class=\"section-title section-title-center\"><b aria-hidden=\"true\"><\/b><span class=\"section-title-main\" >Termini e condizioni generali<\/span><b aria-hidden=\"true\"><\/b><\/h3><\/div>\n<div class=\"date\"><em>La Jonx Suisse S\u00e0rl &#8211; In vigore dal 1\u00b0 marzo 2026<\/em><\/div>\n<div> <\/div>\n<h2>Articolo 1 &#8211; Scopo e ambito di applicazione<\/h2>\n<p>Le presenti Condizioni Generali di Vendita (CGV) disciplinano tutti gli acquisti effettuati sul sito <strong>www.la-jonx.ch,<\/strong> pubblicato da La Jonx Suisse S\u00e0rl, Rue des Rois 17, 1204 Ginevra (di seguito &#8220;La Jonx&#8221;). Convalidando un ordine, l&#8217;acquirente (di seguito &#8220;il Cliente&#8221;) accetta senza riserve le presenti CGV. <\/p>\n<h2>Articolo 2 &#8211; Prezzi<\/h2>\n<p>Tutti i prezzi sono espressi in franchi svizzeri (CHF), tasse incluse, salvo diversa indicazione. Le spese di spedizione sono indicate separatamente quando il carrello viene convalidato. <\/p>\n<p>La Jonx si riserva il diritto di modificare i suoi prezzi in qualsiasi momento. Il prezzo applicabile \u00e8 quello in vigore al momento della convalida dell&#8217;ordine da parte del Cliente. <\/p>\n<p>I disegni e le illustrazioni rimangono propriet\u00e0 intellettuale esclusiva di La Jonx. L&#8217;acquisto di un prodotto d\u00e0 al Cliente il diritto di fare un uso personale e non commerciale dell&#8217;illustrazione riprodotta sul prodotto. <\/p>\n<h2>Articolo 3 &#8211; Ordini<\/h2>\n<p>Gli ordini vengono effettuati esclusivamente tramite il sito web <strong>www.la-jonx.ch.<\/strong> Una conferma dell&#8217;ordine viene inviata via e-mail non appena il pagamento \u00e8 stato confermato. Tale conferma costituisce l&#8217;accettazione definitiva dell&#8217;ordine da parte di La Jonx.  <\/p>\n<p>La Jonx si riserva il diritto di rifiutare o annullare qualsiasi ordine per motivi legittimi, in particolare in caso di carenza di scorte, dati errati o sospetto di frode. Il cliente sar\u00e0 informato via e-mail e rimborsato integralmente nel pi\u00f9 breve tempo possibile. <\/p>\n<h2>Articolo 4 &#8211; Pagamento<\/h2>\n<p>Il pagamento \u00e8 dovuto al momento dell&#8217;ordine. Le transazioni sono protette da <strong>Stripe<\/strong>. Sono accettati i seguenti metodi di pagamento: carta di credito (Visa, Mastercard), PayPal e pagamento alla consegna, in base alla disponibilit\u00e0.  <\/p>\n<p>Il pagamento viene addebitato quando l&#8217;ordine viene spedito. In caso di ordini frazionati, saranno addebitati solo gli articoli spediti. <\/p>\n<h2>Articolo 5 &#8211; Tempi di spedizione e consegna<\/h2>\n<p>Gli ordini vengono preparati e spediti tramite la Posta Svizzera entro <strong>2 o 3 giorni lavorativi<\/strong> dalla conferma dell&#8217;ordine.<\/p>\n<div class=\"highlight\">Per ordini urgenti (compleanno, evento), ci contatti a <strong>atelier@la-jonx.ch &#8211;<\/strong> faremo del nostro meglio per accelerare la spedizione <strong>.<\/strong> <\/div>\n<p>Scadenze specifiche :<\/p>\n<ul>\n<li>Poster 70\u00d7100 cm (stampa su richiesta): da 7 a 10 giorni lavorativi aggiuntivi<\/li>\n<li>Prodotti fuori stock: da 7 a 10 giorni lavorativi<\/li>\n<li>Consegne internazionali: da 7 a 10 giorni a seconda della destinazione.<\/li>\n<\/ul>\n<p>I tempi di consegna indicati sono indicativi e si basano sui tempi di consegna abituali. La Jonx non pu\u00f2 essere ritenuta responsabile di ritardi dovuti a circostanze al di fuori del suo controllo (forza maggiore, sciopero postale, maltempo, ecc.). <\/p>\n<h2>Articolo 6 &#8211; Spese di consegna<\/h2>\n<table>\n<thead>\n<tr>\n<th>Destinazione<\/th>\n<th>Costi di spedizione<\/th>\n<th>Consegna gratuita<\/th>\n<\/tr>\n<\/thead>\n<tbody>\n<tr>\n<td>Svizzera<\/td>\n<td>CHF 7<\/td>\n<td>A partire da CHF 80 di acquisto<\/td>\n<\/tr>\n<tr>\n<td>Europa<\/td>\n<td>CHF 15<\/td>\n<td> <\/td>\n<\/tr>\n<tr>\n<td>Resto del mondo<\/td>\n<td>CHF 15<\/td>\n<td> <\/td>\n<\/tr>\n<\/tbody>\n<\/table>\n<p>Se il Cliente \u00e8 assente al momento della consegna o se l&#8217;indirizzo \u00e8 errato, con conseguente restituzione del pacco all&#8217;officina, il costo della rispedizione del pacco (CHF 14) sar\u00e0 a carico del Cliente.<\/p>\n<p>Per gli ordini consegnati al di fuori della Svizzera, gli eventuali dazi doganali sono di esclusiva responsabilit\u00e0 del destinatario e non sono coperti da La Jonx.<\/p>\n<h2>Articolo 7 &#8211; Restituzioni e sostituzioni<\/h2>\n<p>La Jonx offre un servizio di restituzione per i prodotti venduti online, entro <strong>15 giorni<\/strong> dalla consegna.<\/p>\n<p><strong>Procedura:<\/strong><\/p>\n<ol>\n<li>Ci contatti a <strong>atelier@la-jonx.ch<\/strong> con le foto del prodotto e della confezione.<\/li>\n<li>Restituisca il prodotto dopo aver ricevuto la nostra approvazione<\/li>\n<li>Il prodotto sostitutivo o il rimborso saranno effettuati dopo aver verificato la ricezione del prodotto.<\/li>\n<\/ol>\n<h2>Articolo 8 &#8211; Pacchi non consegnati o smarriti<\/h2>\n<p>In caso di mancata consegna, il Cliente deve presentare un reclamo alla Posta e fare una <a href=\"https:\/\/www.post.ch\/fr\/pages\/formulaires-de-contact\/recherche-nationale\" target=\"_blank\" rel=\"noopener\">richiesta di ricerca<\/a>. La ricevuta di tracciamento \u00e8 la prova della spedizione. <\/p>\n<p>Se l&#8217;ordine non viene consegnato entro i tempi previsti, La Jonx offrir\u00e0 un rimborso completo o una nuova spedizione:<\/p>\n<ul>\n<li><strong>30 giorni<\/strong> per le consegne in Svizzera<\/li>\n<li><strong>60 giorni<\/strong> per le consegne internazionali<\/li>\n<\/ul>\n<p>Questi termini decorrono dalla data dell&#8217;ordine. Il reclamo con La Poste deve essere avviato dal Cliente prima di qualsiasi richiesta di rimborso o di rispedizione. <\/p>\n<h2>Articolo 9 &#8211; Disponibilit\u00e0 del prodotto<\/h2>\n<p>I prodotti sono offerti in base alla disponibilit\u00e0. In caso di indisponibilit\u00e0 dopo la convalida dell&#8217;ordine, il Cliente sar\u00e0 informato via e-mail. L&#8217;ordine sar\u00e0 annullato e non sar\u00e0 effettuato alcun addebito, oppure sar\u00e0 emesso un rimborso completo se il pagamento \u00e8 gi\u00e0 stato elaborato.  <\/p>\n<h2>Articolo 10 &#8211; Propriet\u00e0 intellettuale<\/h2>\n<p>Tutte le creazioni visive presenti sul sito web www.la-jonx.ch &#8211; illustrazioni, poster, grafici, fotografie e testi &#8211; sono protette dal diritto d&#8217;autore in conformit\u00e0 alla Legge federale sul diritto d&#8217;autore (LDA). Qualsiasi riproduzione, distribuzione o uso commerciale senza l&#8217;espressa autorizzazione di La Jonx \u00e8 severamente vietata. <\/p>\n<p>Le sanzioni per l&#8217;uso non autorizzato sono le seguenti:<\/p>\n<ul>\n<li><strong>Esposizione pubblica non autorizzata<\/strong> (uffici, spazi commerciali, ecc.): 3.000 franchi svizzeri per opera e per luogo.<\/li>\n<li><strong>Riproduzione e distribuzione non autorizzate<\/strong>: 5.000 franchi svizzeri per opera e per lotto di 100 copie.<\/li>\n<li><strong>Utilizzo online non autorizzato<\/strong>: 2.500 franchi svizzeri per lavoro e per mese di utilizzo.<\/li>\n<\/ul>\n<p>The Jonx si riserva il diritto di intraprendere azioni legali per far valere i propri diritti.<\/p>\n<h2>Articolo 11 &#8211; Dati personali<\/h2>\n<p>La Jonx raccoglie i dati personali necessari per elaborare gli ordini (nome, indirizzo, e-mail). Questi dati vengono utilizzati esclusivamente per la gestione dell&#8217;ordine e per le comunicazioni relative al suo acquisto. Non vengono venduti a terzi.  <\/p>\n<p>In conformit\u00e0 alla Legge federale sulla protezione dei dati (DPA), ha il diritto di accedere, rettificare e cancellare i suoi dati contattandoci all&#8217;indirizzo atelier@la-jonx.ch.<\/p>\n<h2>Articolo 12 &#8211; Legge applicabile e controversie<\/h2>\n<p>Le presenti CGC sono disciplinate dal <strong>diritto svizzero<\/strong>. In caso di controversia, i tribunali del Cantone di <strong>Ginevra<\/strong> avranno giurisdizione esclusiva. <\/p>\n<p>In caso di controversia, la invitiamo a contattarci prima all&#8217;indirizzo atelier@la-jonx.ch per trovare una soluzione amichevole.<\/p>\n<h2>Articolo 13 &#8211; Modifica del GTCS<\/h2>\n<p>La Jonx si riserva il diritto di modificare le presenti CGC in qualsiasi momento. Le CGC applicabili sono quelle in vigore alla data dell&#8217;ordine. Le modifiche sono pubblicate sul sito web con la loro data di entrata in vigore.  <\/p>\n","protected":false},"excerpt":{"rendered":"<p>La Jonx Suisse S\u00e0rl &#8211; In vigore dal 1\u00b0 marzo 2026 Articolo 1 &#8211; Scopo e ambito di applicazione Le presenti Condizioni Generali di Vendita (CGV) disciplinano tutti gli acquisti effettuati sul sito www.la-jonx.ch, pubblicato da La Jonx Suisse S\u00e0rl, Rue des Rois 17, 1204 Ginevra (di seguito &#8220;La Jonx&#8221;). Convalidando un ordine, l&#8217;acquirente (di [&#8230;]\n","protected":false},"author":1,"featured_media":0,"parent":0,"menu_order":0,"comment_status":"closed","ping_status":"closed","template":"","meta":{"_uag_custom_page_level_css":"","footnotes":""},"class_list":["post-156","page","type-page","status-publish","hentry"],"yoast_head":"<!-- This site is optimized with the Yoast SEO Premium plugin v27.2 (Yoast SEO v27.3) - https:\/\/yoast.com\/product\/yoast-seo-premium-wordpress\/ -->\n<title>Termini e condizioni generali - La Jonx<\/title>\n<meta name=\"robots\" content=\"index, follow, max-snippet:-1, max-image-preview:large, max-video-preview:-1\" \/>\n<link rel=\"canonical\" href=\"https:\/\/www.la-jonx.ch\/it\/condizioni-generali-di-acquisto\/\" \/>\n<meta property=\"og:locale\" content=\"it_IT\" \/>\n<meta property=\"og:type\" content=\"article\" \/>\n<meta property=\"og:title\" content=\"Termini e condizioni generali\" \/>\n<meta property=\"og:description\" content=\"La Jonx Suisse S\u00e0rl &#8211; In vigore dal 1\u00b0 marzo 2026 Articolo 1 &#8211; Scopo e ambito di applicazione Le presenti Condizioni Generali di Vendita (CGV) disciplinano tutti gli acquisti effettuati sul sito www.la-jonx.ch, pubblicato da La Jonx Suisse S\u00e0rl, Rue des Rois 17, 1204 Ginevra (di seguito &#8220;La Jonx&#8221;). Convalidando un ordine, l&#8217;acquirente (di [...]\" \/>\n<meta property=\"og:url\" content=\"https:\/\/www.la-jonx.ch\/it\/condizioni-generali-di-acquisto\/\" \/>\n<meta property=\"og:site_name\" content=\"La Jonx\" \/>\n<meta property=\"article:publisher\" content=\"https:\/\/www.facebook.com\/lajonx.ch\" \/>\n<meta property=\"article:modified_time\" content=\"2026-03-08T17:06:28+00:00\" \/>\n<meta property=\"og:image\" content=\"https:\/\/www.la-jonx.ch\/wp-content\/uploads\/2021\/08\/posters-choice.jpg\" \/>\n\t<meta property=\"og:image:width\" content=\"800\" \/>\n\t<meta property=\"og:image:height\" content=\"400\" \/>\n\t<meta property=\"og:image:type\" content=\"image\/jpeg\" \/>\n<meta name=\"twitter:card\" content=\"summary_large_image\" \/>\n<meta name=\"twitter:label1\" content=\"Tempo di lettura stimato\" \/>\n\t<meta name=\"twitter:data1\" content=\"5 minuti\" \/>\n<script type=\"application\/ld+json\" class=\"yoast-schema-graph\">{\"@context\":\"https:\\\/\\\/schema.org\",\"@graph\":[{\"@type\":\"WebPage\",\"@id\":\"https:\\\/\\\/www.la-jonx.ch\\\/it\\\/condizioni-generali-di-acquisto\\\/\",\"url\":\"https:\\\/\\\/www.la-jonx.ch\\\/it\\\/condizioni-generali-di-acquisto\\\/\",\"name\":\"Termini e condizioni generali - La Jonx\",\"isPartOf\":{\"@id\":\"https:\\\/\\\/www.la-jonx.ch\\\/it\\\/#website\"},\"datePublished\":\"2021-08-06T21:54:04+00:00\",\"dateModified\":\"2026-03-08T17:06:28+00:00\",\"breadcrumb\":{\"@id\":\"https:\\\/\\\/www.la-jonx.ch\\\/it\\\/condizioni-generali-di-acquisto\\\/#breadcrumb\"},\"inLanguage\":\"it-IT\",\"potentialAction\":[{\"@type\":\"ReadAction\",\"target\":[\"https:\\\/\\\/www.la-jonx.ch\\\/it\\\/condizioni-generali-di-acquisto\\\/\"]}]},{\"@type\":\"BreadcrumbList\",\"@id\":\"https:\\\/\\\/www.la-jonx.ch\\\/it\\\/condizioni-generali-di-acquisto\\\/#breadcrumb\",\"itemListElement\":[{\"@type\":\"ListItem\",\"position\":1,\"name\":\"Accueil\",\"item\":\"https:\\\/\\\/www.la-jonx.ch\\\/it\\\/\"},{\"@type\":\"ListItem\",\"position\":2,\"name\":\"Termini e condizioni generali\"}]},{\"@type\":\"WebSite\",\"@id\":\"https:\\\/\\\/www.la-jonx.ch\\\/it\\\/#website\",\"url\":\"https:\\\/\\\/www.la-jonx.ch\\\/it\\\/\",\"name\":\"La Jonx\",\"description\":\"Posters svizzeri\",\"publisher\":{\"@id\":\"https:\\\/\\\/www.la-jonx.ch\\\/it\\\/#organization\"},\"potentialAction\":[{\"@type\":\"SearchAction\",\"target\":{\"@type\":\"EntryPoint\",\"urlTemplate\":\"https:\\\/\\\/www.la-jonx.ch\\\/it\\\/?s={search_term_string}\"},\"query-input\":{\"@type\":\"PropertyValueSpecification\",\"valueRequired\":true,\"valueName\":\"search_term_string\"}}],\"inLanguage\":\"it-IT\"},{\"@type\":\"Organization\",\"@id\":\"https:\\\/\\\/www.la-jonx.ch\\\/it\\\/#organization\",\"name\":\"La Jonx\",\"url\":\"https:\\\/\\\/www.la-jonx.ch\\\/it\\\/\",\"logo\":{\"@type\":\"ImageObject\",\"inLanguage\":\"it-IT\",\"@id\":\"https:\\\/\\\/www.la-jonx.ch\\\/it\\\/#\\\/schema\\\/logo\\\/image\\\/\",\"url\":\"https:\\\/\\\/www.la-jonx.ch\\\/wp-content\\\/uploads\\\/2021\\\/09\\\/logo-la-jonx-atzelier-graphique.png\",\"contentUrl\":\"https:\\\/\\\/www.la-jonx.ch\\\/wp-content\\\/uploads\\\/2021\\\/09\\\/logo-la-jonx-atzelier-graphique.png\",\"width\":378,\"height\":129,\"caption\":\"La Jonx\"},\"image\":{\"@id\":\"https:\\\/\\\/www.la-jonx.ch\\\/it\\\/#\\\/schema\\\/logo\\\/image\\\/\"},\"sameAs\":[\"https:\\\/\\\/www.facebook.com\\\/lajonx.ch\",\"https:\\\/\\\/www.instagram.com\\\/lajonx.ch\\\/?hl=fr\"]}]}<\/script>\n<!-- \/ Yoast SEO Premium plugin. -->","yoast_head_json":{"title":"Termini e condizioni generali - La Jonx","robots":{"index":"index","follow":"follow","max-snippet":"max-snippet:-1","max-image-preview":"max-image-preview:large","max-video-preview":"max-video-preview:-1"},"canonical":"https:\/\/www.la-jonx.ch\/it\/condizioni-generali-di-acquisto\/","og_locale":"it_IT","og_type":"article","og_title":"Termini e condizioni generali","og_description":"La Jonx Suisse S\u00e0rl &#8211; In vigore dal 1\u00b0 marzo 2026 Articolo 1 &#8211; Scopo e ambito di applicazione Le presenti Condizioni Generali di Vendita (CGV) disciplinano tutti gli acquisti effettuati sul sito www.la-jonx.ch, pubblicato da La Jonx Suisse S\u00e0rl, Rue des Rois 17, 1204 Ginevra (di seguito &#8220;La Jonx&#8221;). Convalidando un ordine, l&#8217;acquirente (di [...]","og_url":"https:\/\/www.la-jonx.ch\/it\/condizioni-generali-di-acquisto\/","og_site_name":"La Jonx","article_publisher":"https:\/\/www.facebook.com\/lajonx.ch","article_modified_time":"2026-03-08T17:06:28+00:00","og_image":[{"width":800,"height":400,"url":"https:\/\/www.la-jonx.ch\/wp-content\/uploads\/2021\/08\/posters-choice.jpg","type":"image\/jpeg"}],"twitter_card":"summary_large_image","twitter_misc":{"Tempo di lettura stimato":"5 minuti"},"schema":{"@context":"https:\/\/schema.org","@graph":[{"@type":"WebPage","@id":"https:\/\/www.la-jonx.ch\/it\/condizioni-generali-di-acquisto\/","url":"https:\/\/www.la-jonx.ch\/it\/condizioni-generali-di-acquisto\/","name":"Termini e condizioni generali - La Jonx","isPartOf":{"@id":"https:\/\/www.la-jonx.ch\/it\/#website"},"datePublished":"2021-08-06T21:54:04+00:00","dateModified":"2026-03-08T17:06:28+00:00","breadcrumb":{"@id":"https:\/\/www.la-jonx.ch\/it\/condizioni-generali-di-acquisto\/#breadcrumb"},"inLanguage":"it-IT","potentialAction":[{"@type":"ReadAction","target":["https:\/\/www.la-jonx.ch\/it\/condizioni-generali-di-acquisto\/"]}]},{"@type":"BreadcrumbList","@id":"https:\/\/www.la-jonx.ch\/it\/condizioni-generali-di-acquisto\/#breadcrumb","itemListElement":[{"@type":"ListItem","position":1,"name":"Accueil","item":"https:\/\/www.la-jonx.ch\/it\/"},{"@type":"ListItem","position":2,"name":"Termini e condizioni generali"}]},{"@type":"WebSite","@id":"https:\/\/www.la-jonx.ch\/it\/#website","url":"https:\/\/www.la-jonx.ch\/it\/","name":"La Jonx","description":"Posters svizzeri","publisher":{"@id":"https:\/\/www.la-jonx.ch\/it\/#organization"},"potentialAction":[{"@type":"SearchAction","target":{"@type":"EntryPoint","urlTemplate":"https:\/\/www.la-jonx.ch\/it\/?s={search_term_string}"},"query-input":{"@type":"PropertyValueSpecification","valueRequired":true,"valueName":"search_term_string"}}],"inLanguage":"it-IT"},{"@type":"Organization","@id":"https:\/\/www.la-jonx.ch\/it\/#organization","name":"La Jonx","url":"https:\/\/www.la-jonx.ch\/it\/","logo":{"@type":"ImageObject","inLanguage":"it-IT","@id":"https:\/\/www.la-jonx.ch\/it\/#\/schema\/logo\/image\/","url":"https:\/\/www.la-jonx.ch\/wp-content\/uploads\/2021\/09\/logo-la-jonx-atzelier-graphique.png","contentUrl":"https:\/\/www.la-jonx.ch\/wp-content\/uploads\/2021\/09\/logo-la-jonx-atzelier-graphique.png","width":378,"height":129,"caption":"La Jonx"},"image":{"@id":"https:\/\/www.la-jonx.ch\/it\/#\/schema\/logo\/image\/"},"sameAs":["https:\/\/www.facebook.com\/lajonx.ch","https:\/\/www.instagram.com\/lajonx.ch\/?hl=fr"]}]}},"uagb_featured_image_src":{"full":false,"thumbnail":false,"medium":false,"medium_large":false,"large":false,"1536x1536":false,"2048x2048":false,"woocommerce_thumbnail":false,"woocommerce_single":false,"woocommerce_gallery_thumbnail":false,"dgwt-wcas-product-suggestion":false},"uagb_author_info":{"display_name":"L'atelier La Jonx","author_link":"https:\/\/www.la-jonx.ch\/it\/author\/admin\/"},"uagb_comment_info":0,"uagb_excerpt":"La Jonx Suisse S\u00e0rl &#8211; In vigore dal 1\u00b0 marzo 2026 Articolo 1 &#8211; Scopo e ambito di applicazione Le presenti Condizioni Generali di Vendita (CGV) disciplinano tutti gli acquisti effettuati sul sito www.la-jonx.ch, pubblicato da La Jonx Suisse S\u00e0rl, Rue des Rois 17, 1204 Ginevra (di seguito &#8220;La Jonx&#8221;). Convalidando un ordine, l&#8217;acquirente (di&hellip;","_links":{"self":[{"href":"https:\/\/www.la-jonx.ch\/it\/wp-json\/wp\/v2\/pages\/156","targetHints":{"allow":["GET"]}}],"collection":[{"href":"https:\/\/www.la-jonx.ch\/it\/wp-json\/wp\/v2\/pages"}],"about":[{"href":"https:\/\/www.la-jonx.ch\/it\/wp-json\/wp\/v2\/types\/page"}],"author":[{"embeddable":true,"href":"https:\/\/www.la-jonx.ch\/it\/wp-json\/wp\/v2\/users\/1"}],"replies":[{"embeddable":true,"href":"https:\/\/www.la-jonx.ch\/it\/wp-json\/wp\/v2\/comments?post=156"}],"version-history":[{"count":6,"href":"https:\/\/www.la-jonx.ch\/it\/wp-json\/wp\/v2\/pages\/156\/revisions"}],"predecessor-version":[{"id":45493,"href":"https:\/\/www.la-jonx.ch\/it\/wp-json\/wp\/v2\/pages\/156\/revisions\/45493"}],"wp:attachment":[{"href":"https:\/\/www.la-jonx.ch\/it\/wp-json\/wp\/v2\/media?parent=156"}],"curies":[{"name":"wp","href":"https:\/\/api.w.org\/{rel}","templated":true}]}}