{"id":45474,"date":"2026-03-08T18:06:10","date_gmt":"2026-03-08T17:06:10","guid":{"rendered":"https:\/\/www.la-jonx.ch\/informazioni-legali\/"},"modified":"2026-03-08T18:06:17","modified_gmt":"2026-03-08T17:06:17","slug":"informazioni-legali","status":"publish","type":"page","link":"https:\/\/www.la-jonx.ch\/it\/informazioni-legali\/","title":{"rendered":"Informazioni legali"},"content":{"rendered":"\n\t<section class=\"section\" id=\"section_384156316\">\n\t\t<div class=\"section-bg fill\" >\n\t\t\t<img decoding=\"async\" width=\"1573\" height=\"656\" src=\"https:\/\/www.la-jonx.ch\/wp-content\/uploads\/2026\/03\/banner-mentions-legales.webp\" class=\"bg attachment- size-\" alt=\"\" \/>\t\t\t\t\t\t\n\t\t\t\n\n\t\t<\/div>\n\n\t\t\n\n\t\t<div class=\"section-content relative\">\n\t\t\t\n\t\t<\/div>\n\n\t\t\n<style>\n#section_384156316 {\n  padding-top: 30px;\n  padding-bottom: 30px;\n}\n<\/style>\n\t<\/section>\n\t\n\t<div id=\"gap-642708330\" class=\"gap-element clearfix\" style=\"display:block; height:auto;\">\n\t\t\n<style>\n#gap-642708330 {\n  padding-top: 62px;\n}\n<\/style>\n\t<\/div>\n\t\n<div class=\"container section-title-container\" ><h1 class=\"section-title section-title-normal\"><b aria-hidden=\"true\"><\/b><span class=\"section-title-main\" >Informazioni legali<\/span><b aria-hidden=\"true\"><\/b><\/h1><\/div>\n\t<div id=\"gap-1970692333\" class=\"gap-element clearfix\" style=\"display:block; height:auto;\">\n\t\t\n<style>\n#gap-1970692333 {\n  padding-top: 30px;\n}\n<\/style>\n\t<\/div>\n\t\n<div class=\"date\">\n<div class=\"date\">\n<div class=\"date\"><em>La Jonx Suisse S\u00e0rl &#8211; In vigore dall&#8217;8 marzo 2026<\/em><\/div>\n<div> <\/div>\n<h2>1. Editor del sito<\/h2>\n<div class=\"info-block\"><strong>Nome dell&#8217;azienda:<\/strong> La Jonx Suisse S\u00e0rl<br \/><strong>Forma giuridica:<\/strong> Societ\u00e0 a responsabilit\u00e0 limitata (S\u00e0rl)<br \/><strong>Sede legale:<\/strong> Rue des Rois 17, 1204 Ginevra, Svizzera<br \/><strong>Numero IDE :<\/strong> <span class=\"xx\">E-479.787.709<\/span><br \/><strong>Registro commerciale:<\/strong> Registrato presso il RC del Cantone di Ginevra.<br \/><strong>Capitale sociale :<\/strong> <span class=\"xx\">CHF 20.000<\/span><br \/><strong>Telefono:<\/strong> +41 22 575 31 80<br \/><strong>E-mail:<\/strong> atelier@la-jonx.ch<br \/><strong>Responsabile della pubblicazione:<\/strong> <span class=\"xx\">Morgan Loyer<\/span>, Direttore generale<\/div>\n<div> <\/div>\n<h2>2. Hosting del sito<\/h2>\n<div class=\"info-block\"><strong>Ospitato da :<\/strong> <span class=\"xx\">Infomaniak Network SA<\/span><br \/><strong>Indirizzo :<\/strong> <span class=\"xx\">Rue Eug\u00e8ne-Marziano 25, 1227 Ginevra, Svizzera<\/span><br \/><strong>Sito web :<\/strong> <a href=\"https:\/\/www.infomaniak.com\/\" target=\"_blank\" rel=\"noopener\"><span class=\"xx\">www.infomaniak.com<\/span><\/a><\/div>\n<p>Il sito web www.la-jonx.ch \u00e8 gestito da WordPress con WooCommerce. I pagamenti online sono elaborati da <strong>Stripe<\/strong> (Stripe Payments Europe Limited), una societ\u00e0 regolamentata con certificazione PCI-DSS. <\/p>\n<\/p>\n<h2>3. Numero di partita IVA<\/h2>\n<p>Jonx Suisse S\u00e0rl \u00e8 <span class=\"xx\">soggetta all&#8217;<\/span> IVA svizzera.<\/p>\n<p>Numero di partita IVA : <span class=\"xx\">CHE-479.787.<\/span><span class=\"xx\">709TVA<\/span><\/p>\n<p>I prezzi indicati sul sito sono in franchi svizzeri (CHF)<span class=\"xx\">, inclusa l&#8217;IVA al tasso dell&#8217;8,1%<\/span>.<\/p>\n<\/p>\n<h2>4. Diritti di propriet\u00e0 intellettuale<\/h2>\n<p>Tutti i contenuti pubblicati su www.la-jonx.ch &#8211; illustrazioni, poster, grafici, fotografie, testi, loghi ed elementi visivi &#8211; sono di propriet\u00e0 esclusiva di La Jonx Suisse S\u00e0rl e sono protetti dalla <strong>Legge federale sul diritto d&#8217;autore e sui diritti affini (LDA, RS 231.1).<\/strong><\/p>\n<p>Qualsiasi riproduzione, rappresentazione, modifica, pubblicazione o trasmissione, totale o parziale, di questi contenuti, con qualsiasi mezzo o processo, \u00e8 vietata senza il previo consenso scritto di La Jonx. Per richiedere una licenza o una collaborazione, ci contatti all&#8217;indirizzo atelier@la-jonx.ch. <\/p>\n<p>Il marchio e il logo <strong>La Jonx<\/strong> sono marchi <span class=\"xx\">registrati<\/span>presso l&#8217;Istituto Federale della Propriet\u00e0 Intellettuale (IPI), Berna.<\/p>\n<\/p>\n<h2>5. Protezione dei dati personali (LPD)<\/h2>\n<p>Jonx Suisse S\u00e0rl tratta i suoi dati personali in conformit\u00e0 alla <strong>Legge federale sulla protezione dei dati (LPD, RS 235.1)<\/strong>, in vigore dal 1\u00b0 settembre 2023.<\/p>\n<p><strong>Titolare del trattamento:<\/strong><br \/>La Jonx Suisse S\u00e0rl &#8211; Rue des Rois 17, 1205 Ginevra &#8211; atelier@la-jonx.ch<\/p>\n<p><strong>Dati raccolti e finalit\u00e0:<\/strong><br \/>Raccogliamo solo i dati necessari per elaborare i Suoi ordini e per la comunicazione commerciale: cognome, nome, indirizzo postale, indirizzo e-mail, numero di telefono (facoltativo). Questi dati non vengono mai venduti a terzi. <\/p>\n<p><strong>Subappaltatori:<\/strong><br \/>I suoi dati potranno essere trasmessi ai nostri fornitori di servizi tecnici (Stripe per il pagamento, Swiss Post per la consegna, <span class=\"xx\">Infomaniak per l&#8217;hosting<\/span>) esclusivamente ai fini dell&#8217;evasione del suo ordine.<\/p>\n<p><strong>Periodo di conservazione:<\/strong><br \/>I dati relativi agli ordini vengono conservati per <strong>10 anni<\/strong> in conformit\u00e0 alle norme contabili svizzere (CO art. 958f). I dati di marketing vengono conservati fino alla cancellazione dell&#8217;iscrizione. <\/p>\n<p><strong>I suoi diritti:<\/strong><br \/>In conformit\u00e0 alla DPA, lei ha i seguenti diritti: accesso, rettifica, cancellazione, opposizione e portabilit\u00e0. Per esercitare questi diritti, ci contatti all&#8217;indirizzo <strong>atelier@la-jonx.ch.<\/strong> Le risponderemo entro 30 giorni.  <\/p>\n<p><strong>Cookie:<\/strong><br \/>Il sito utilizza cookie funzionali (carrello, sessione) e<span class=\"xx\">cookie<\/span> analitici<span class=\"xx\">(Google Analytics<\/span>). Pu\u00f2 gestire le sue preferenze tramite il banner dei cookie visualizzato alla prima visita. <\/p>\n<p>In caso di violazione dei dati personali, La Jonx si impegna a informare l&#8217;<strong>Incaricato federale della protezione dei dati e delle informazioni (FDPIC)<\/strong> entro i termini previsti dalla legge.<\/p>\n<\/p>\n<h2>6. Sicurezza dei pagamenti<\/h2>\n<p>Tutte le transazioni effettuate su www.la-jonx.ch sono protette dal protocollo <strong>SSL\/TLS (HTTPS).<\/strong> I dati bancari non passano mai attraverso i nostri server: vengono elaborati direttamente da <strong>Stripe<\/strong>, che \u00e8 certificato <strong>PCI-DSS livello 1<\/strong>, il pi\u00f9 alto standard di sicurezza per i pagamenti online. <\/p>\n<p>La Jonx non memorizza mai i dati bancari dei suoi clienti.<\/p>\n<\/p>\n<h2>7. Collegamenti ipertestuali<\/h2>\n<p>Il sito web www.la-jonx.ch pu\u00f2 contenere link a siti web di terzi. La Jonx non ha alcun controllo su questi siti e non si assume alcuna responsabilit\u00e0 per il loro contenuto o la loro politica sulla privacy. <\/p>\n<\/p>\n<h2>8. Legge applicabile e giurisdizione<\/h2>\n<p>Il presente avviso legale \u00e8 regolato dalla <strong>legge svizzera<\/strong>. In caso di controversie derivanti dall&#8217;uso del sito o dalle transazioni effettuate, i <strong>tribunali del Cantone di Ginevra<\/strong> avranno giurisdizione esclusiva. <\/p>\n<p>In caso di controversie relative ad un ordine, la invitiamo a contattarci in prima istanza all&#8217;indirizzo hello@la-jonx.ch per trovare una soluzione amichevole. In caso di insuccesso, pu\u00f2 anche ricorrere a una procedura di mediazione tra consumatori riconosciuta in Svizzera. <\/p>\n<\/p>\n<h2>9. Contatto<\/h2>\n<div class=\"info-block\"><strong>Atelier La Jonx<\/strong><br \/>Rue des Rois 17 &#8211; 1205 Gen\u00e8ve<br \/>Telefono: +41 22 575 31 80<br \/>E-mail: atelier@la-jonx.ch<br \/>Sito web: www.la-jonx.ch<\/div>\n<\/div>\n<\/div>\n","protected":false},"excerpt":{"rendered":"<p>La Jonx Suisse S\u00e0rl &#8211; In vigore dall&#8217;8 marzo 2026 1. Editor del sito Nome dell&#8217;azienda: La Jonx Suisse S\u00e0rlForma giuridica: Societ\u00e0 a responsabilit\u00e0 limitata (S\u00e0rl)Sede legale: Rue des Rois 17, 1204 Ginevra, SvizzeraNumero IDE : E-479.787.709Registro commerciale: Registrato presso il RC del Cantone di Ginevra.Capitale sociale : CHF 20.000Telefono: +41 22 575 31 80E-mail: [&#8230;]\n","protected":false},"author":1,"featured_media":0,"parent":0,"menu_order":0,"comment_status":"closed","ping_status":"closed","template":"","meta":{"_uag_custom_page_level_css":"","footnotes":""},"class_list":["post-45474","page","type-page","status-publish","hentry"],"yoast_head":"<!-- This site is optimized with the Yoast SEO Premium plugin v27.4 (Yoast SEO v27.4) - https:\/\/yoast.com\/product\/yoast-seo-premium-wordpress\/ -->\n<title>Informazioni legali - La Jonx<\/title>\n<meta name=\"robots\" content=\"index, follow, max-snippet:-1, max-image-preview:large, max-video-preview:-1\" \/>\n<link rel=\"canonical\" href=\"https:\/\/www.la-jonx.ch\/it\/informazioni-legali\/\" \/>\n<meta property=\"og:locale\" content=\"it_IT\" \/>\n<meta property=\"og:type\" content=\"article\" \/>\n<meta property=\"og:title\" content=\"Informazioni legali\" \/>\n<meta property=\"og:description\" content=\"La Jonx Suisse S\u00e0rl &#8211; In vigore dall&#8217;8 marzo 2026 1. Editor del sito Nome dell&#8217;azienda: La Jonx Suisse S\u00e0rlForma giuridica: Societ\u00e0 a responsabilit\u00e0 limitata (S\u00e0rl)Sede legale: Rue des Rois 17, 1204 Ginevra, SvizzeraNumero IDE : E-479.787.709Registro commerciale: Registrato presso il RC del Cantone di Ginevra.Capitale sociale : CHF 20.000Telefono: +41 22 575 31 80E-mail: [...]\" \/>\n<meta property=\"og:url\" content=\"https:\/\/www.la-jonx.ch\/it\/informazioni-legali\/\" \/>\n<meta property=\"og:site_name\" content=\"La Jonx\" \/>\n<meta property=\"article:publisher\" content=\"https:\/\/www.facebook.com\/lajonx.ch\" \/>\n<meta property=\"article:modified_time\" content=\"2026-03-08T17:06:17+00:00\" \/>\n<meta property=\"og:image\" content=\"https:\/\/www.la-jonx.ch\/wp-content\/uploads\/2021\/08\/posters-choice.jpg\" \/>\n\t<meta property=\"og:image:width\" content=\"800\" \/>\n\t<meta property=\"og:image:height\" content=\"400\" \/>\n\t<meta property=\"og:image:type\" content=\"image\/jpeg\" \/>\n<meta name=\"twitter:card\" content=\"summary_large_image\" \/>\n<meta name=\"twitter:label1\" content=\"Tempo di lettura stimato\" \/>\n\t<meta name=\"twitter:data1\" content=\"3 minuti\" \/>\n<script type=\"application\/ld+json\" class=\"yoast-schema-graph\">{\"@context\":\"https:\\\/\\\/schema.org\",\"@graph\":[{\"@type\":\"WebPage\",\"@id\":\"https:\\\/\\\/www.la-jonx.ch\\\/it\\\/informazioni-legali\\\/\",\"url\":\"https:\\\/\\\/www.la-jonx.ch\\\/it\\\/informazioni-legali\\\/\",\"name\":\"Informazioni legali - La Jonx\",\"isPartOf\":{\"@id\":\"https:\\\/\\\/www.la-jonx.ch\\\/it\\\/#website\"},\"datePublished\":\"2026-03-08T17:06:10+00:00\",\"dateModified\":\"2026-03-08T17:06:17+00:00\",\"breadcrumb\":{\"@id\":\"https:\\\/\\\/www.la-jonx.ch\\\/it\\\/informazioni-legali\\\/#breadcrumb\"},\"inLanguage\":\"it-IT\",\"potentialAction\":[{\"@type\":\"ReadAction\",\"target\":[\"https:\\\/\\\/www.la-jonx.ch\\\/it\\\/informazioni-legali\\\/\"]}]},{\"@type\":\"BreadcrumbList\",\"@id\":\"https:\\\/\\\/www.la-jonx.ch\\\/it\\\/informazioni-legali\\\/#breadcrumb\",\"itemListElement\":[{\"@type\":\"ListItem\",\"position\":1,\"name\":\"Accueil\",\"item\":\"https:\\\/\\\/www.la-jonx.ch\\\/it\\\/\"},{\"@type\":\"ListItem\",\"position\":2,\"name\":\"Informazioni legali\"}]},{\"@type\":\"WebSite\",\"@id\":\"https:\\\/\\\/www.la-jonx.ch\\\/it\\\/#website\",\"url\":\"https:\\\/\\\/www.la-jonx.ch\\\/it\\\/\",\"name\":\"La Jonx\",\"description\":\"Posters svizzeri\",\"publisher\":{\"@id\":\"https:\\\/\\\/www.la-jonx.ch\\\/it\\\/#organization\"},\"potentialAction\":[{\"@type\":\"SearchAction\",\"target\":{\"@type\":\"EntryPoint\",\"urlTemplate\":\"https:\\\/\\\/www.la-jonx.ch\\\/it\\\/?s={search_term_string}\"},\"query-input\":{\"@type\":\"PropertyValueSpecification\",\"valueRequired\":true,\"valueName\":\"search_term_string\"}}],\"inLanguage\":\"it-IT\"},{\"@type\":\"Organization\",\"@id\":\"https:\\\/\\\/www.la-jonx.ch\\\/it\\\/#organization\",\"name\":\"La Jonx\",\"url\":\"https:\\\/\\\/www.la-jonx.ch\\\/it\\\/\",\"logo\":{\"@type\":\"ImageObject\",\"inLanguage\":\"it-IT\",\"@id\":\"https:\\\/\\\/www.la-jonx.ch\\\/it\\\/#\\\/schema\\\/logo\\\/image\\\/\",\"url\":\"https:\\\/\\\/www.la-jonx.ch\\\/wp-content\\\/uploads\\\/2021\\\/09\\\/logo-la-jonx-atzelier-graphique.png\",\"contentUrl\":\"https:\\\/\\\/www.la-jonx.ch\\\/wp-content\\\/uploads\\\/2021\\\/09\\\/logo-la-jonx-atzelier-graphique.png\",\"width\":378,\"height\":129,\"caption\":\"La Jonx\"},\"image\":{\"@id\":\"https:\\\/\\\/www.la-jonx.ch\\\/it\\\/#\\\/schema\\\/logo\\\/image\\\/\"},\"sameAs\":[\"https:\\\/\\\/www.facebook.com\\\/lajonx.ch\",\"https:\\\/\\\/www.instagram.com\\\/lajonx.ch\\\/?hl=fr\"]}]}<\/script>\n<!-- \/ Yoast SEO Premium plugin. -->","yoast_head_json":{"title":"Informazioni legali - La Jonx","robots":{"index":"index","follow":"follow","max-snippet":"max-snippet:-1","max-image-preview":"max-image-preview:large","max-video-preview":"max-video-preview:-1"},"canonical":"https:\/\/www.la-jonx.ch\/it\/informazioni-legali\/","og_locale":"it_IT","og_type":"article","og_title":"Informazioni legali","og_description":"La Jonx Suisse S\u00e0rl &#8211; In vigore dall&#8217;8 marzo 2026 1. Editor del sito Nome dell&#8217;azienda: La Jonx Suisse S\u00e0rlForma giuridica: Societ\u00e0 a responsabilit\u00e0 limitata (S\u00e0rl)Sede legale: Rue des Rois 17, 1204 Ginevra, SvizzeraNumero IDE : E-479.787.709Registro commerciale: Registrato presso il RC del Cantone di Ginevra.Capitale sociale : CHF 20.000Telefono: +41 22 575 31 80E-mail: [...]","og_url":"https:\/\/www.la-jonx.ch\/it\/informazioni-legali\/","og_site_name":"La Jonx","article_publisher":"https:\/\/www.facebook.com\/lajonx.ch","article_modified_time":"2026-03-08T17:06:17+00:00","og_image":[{"width":800,"height":400,"url":"https:\/\/www.la-jonx.ch\/wp-content\/uploads\/2021\/08\/posters-choice.jpg","type":"image\/jpeg"}],"twitter_card":"summary_large_image","twitter_misc":{"Tempo di lettura stimato":"3 minuti"},"schema":{"@context":"https:\/\/schema.org","@graph":[{"@type":"WebPage","@id":"https:\/\/www.la-jonx.ch\/it\/informazioni-legali\/","url":"https:\/\/www.la-jonx.ch\/it\/informazioni-legali\/","name":"Informazioni legali - La Jonx","isPartOf":{"@id":"https:\/\/www.la-jonx.ch\/it\/#website"},"datePublished":"2026-03-08T17:06:10+00:00","dateModified":"2026-03-08T17:06:17+00:00","breadcrumb":{"@id":"https:\/\/www.la-jonx.ch\/it\/informazioni-legali\/#breadcrumb"},"inLanguage":"it-IT","potentialAction":[{"@type":"ReadAction","target":["https:\/\/www.la-jonx.ch\/it\/informazioni-legali\/"]}]},{"@type":"BreadcrumbList","@id":"https:\/\/www.la-jonx.ch\/it\/informazioni-legali\/#breadcrumb","itemListElement":[{"@type":"ListItem","position":1,"name":"Accueil","item":"https:\/\/www.la-jonx.ch\/it\/"},{"@type":"ListItem","position":2,"name":"Informazioni legali"}]},{"@type":"WebSite","@id":"https:\/\/www.la-jonx.ch\/it\/#website","url":"https:\/\/www.la-jonx.ch\/it\/","name":"La Jonx","description":"Posters svizzeri","publisher":{"@id":"https:\/\/www.la-jonx.ch\/it\/#organization"},"potentialAction":[{"@type":"SearchAction","target":{"@type":"EntryPoint","urlTemplate":"https:\/\/www.la-jonx.ch\/it\/?s={search_term_string}"},"query-input":{"@type":"PropertyValueSpecification","valueRequired":true,"valueName":"search_term_string"}}],"inLanguage":"it-IT"},{"@type":"Organization","@id":"https:\/\/www.la-jonx.ch\/it\/#organization","name":"La Jonx","url":"https:\/\/www.la-jonx.ch\/it\/","logo":{"@type":"ImageObject","inLanguage":"it-IT","@id":"https:\/\/www.la-jonx.ch\/it\/#\/schema\/logo\/image\/","url":"https:\/\/www.la-jonx.ch\/wp-content\/uploads\/2021\/09\/logo-la-jonx-atzelier-graphique.png","contentUrl":"https:\/\/www.la-jonx.ch\/wp-content\/uploads\/2021\/09\/logo-la-jonx-atzelier-graphique.png","width":378,"height":129,"caption":"La Jonx"},"image":{"@id":"https:\/\/www.la-jonx.ch\/it\/#\/schema\/logo\/image\/"},"sameAs":["https:\/\/www.facebook.com\/lajonx.ch","https:\/\/www.instagram.com\/lajonx.ch\/?hl=fr"]}]}},"uagb_featured_image_src":{"full":false,"thumbnail":false,"medium":false,"medium_large":false,"large":false,"1536x1536":false,"2048x2048":false,"woocommerce_thumbnail":false,"woocommerce_single":false,"woocommerce_gallery_thumbnail":false,"dgwt-wcas-product-suggestion":false},"uagb_author_info":{"display_name":"L'atelier La Jonx","author_link":"https:\/\/www.la-jonx.ch\/it\/author\/admin\/"},"uagb_comment_info":0,"uagb_excerpt":"La Jonx Suisse S\u00e0rl &#8211; In vigore dall&#8217;8 marzo 2026 1. Editor del sito Nome dell&#8217;azienda: La Jonx Suisse S\u00e0rlForma giuridica: Societ\u00e0 a responsabilit\u00e0 limitata (S\u00e0rl)Sede legale: Rue des Rois 17, 1204 Ginevra, SvizzeraNumero IDE : E-479.787.709Registro commerciale: Registrato presso il RC del Cantone di Ginevra.Capitale sociale : CHF 20.000Telefono: +41 22 575 31 80E-mail:&hellip;","_links":{"self":[{"href":"https:\/\/www.la-jonx.ch\/it\/wp-json\/wp\/v2\/pages\/45474","targetHints":{"allow":["GET"]}}],"collection":[{"href":"https:\/\/www.la-jonx.ch\/it\/wp-json\/wp\/v2\/pages"}],"about":[{"href":"https:\/\/www.la-jonx.ch\/it\/wp-json\/wp\/v2\/types\/page"}],"author":[{"embeddable":true,"href":"https:\/\/www.la-jonx.ch\/it\/wp-json\/wp\/v2\/users\/1"}],"replies":[{"embeddable":true,"href":"https:\/\/www.la-jonx.ch\/it\/wp-json\/wp\/v2\/comments?post=45474"}],"version-history":[{"count":2,"href":"https:\/\/www.la-jonx.ch\/it\/wp-json\/wp\/v2\/pages\/45474\/revisions"}],"predecessor-version":[{"id":45487,"href":"https:\/\/www.la-jonx.ch\/it\/wp-json\/wp\/v2\/pages\/45474\/revisions\/45487"}],"wp:attachment":[{"href":"https:\/\/www.la-jonx.ch\/it\/wp-json\/wp\/v2\/media?parent=45474"}],"curies":[{"name":"wp","href":"https:\/\/api.w.org\/{rel}","templated":true}]}}