{"id":22510,"date":"2023-08-28T18:31:09","date_gmt":"2023-08-28T16:31:09","guid":{"rendered":"https:\/\/www.la-jonx.ch\/?post_type=product&#038;p=22510"},"modified":"2025-12-03T13:45:37","modified_gmt":"2025-12-03T12:45:37","slug":"servette-hockey-club","status":"publish","type":"product","link":"https:\/\/www.la-jonx.ch\/it\/shop-it\/poster\/servette-hockey-club\/","title":{"rendered":"Hockey Club Ginevra Servette"},"content":{"rendered":"<p>Poster artistico e di design per il Geneva Servette Hockey Club, Ginevra, Svizzera.<\/p>\n<p>Questo poster del Geneva Servette Hockey Club, Ginevra, Svizzera, \u00e8 una creazione grafica pensata per dare un tocco estetico e contemporaneo alla sua casa. Con il suo stile visivo sofisticato e i suoi colori armoniosi, pu\u00f2 essere facilmente integrato in diversi spazi abitativi: soggiorno, camera da letto, ufficio o spazio di lavoro. Pi\u00f9 che un poster, \u00e8 una decorazione da parete che riflette lo spirito e l&#8217;identit\u00e0 del Geneva Servette Hockey Club, Ginevra, Svizzera.  <\/p>\n<p>\u2e3b<\/p>\n<p>Decorazioni murali e regali svizzeri<\/p>\n<p>Stampato su carta di alta qualit\u00e0, questo poster garantisce una finitura nitida e duratura. Il suo design lo rende un&#8217;originale idea regalo svizzera per gli amanti dei viaggi, dell&#8217;arte e dell&#8217;arredamento. Pu\u00f2 essere regalato in qualsiasi occasione: compleanni, auguri per la casa o semplicemente per far piacere a una persona cara. La sua versatilit\u00e0 lo rende una scelta popolare sia per uso personale che come regalo decorativo.   <\/p>\n<p>\u2e3b<\/p>\n<p>Un poster per valorizzare il suo spazio<\/p>\n<p>Adatto sia ad interni moderni che ad ambienti pi\u00f9 classici, questo poster del Geneva Servette Hockey Club, Ginevra, Svizzera, trover\u00e0 il suo posto in qualsiasi tipo di ambiente. Che sia un collezionista di poster, un appassionato di design o semplicemente alla ricerca di un oggetto decorativo di carattere, questo poster soddisfer\u00e0 tutte le sue esigenze. Elegante, funzionale e facile da integrare, \u00e8 un modo semplice ed efficace per migliorare il suo arredamento.  <\/p>\n<p>\u2e3b<\/p>\n","protected":false},"excerpt":{"rendered":"<p>Questo poster del Geneva Servette Hockey Club \u00e8 stampato in Svizzera \ud83c\udde8\ud83c\udded su carta di alta qualit\u00e0 ed ecologica. Si adatta perfettamente alla decorazione della sua parete ed \u00e8 anche un&#8217;idea perfetta per un regalo svizzero. Questo poster artistico mette in risalto l&#8217;Hockey Club Ginevra Servette, simbolo di passione e orgoglio sportivo, situato nel cuore di Ginevra con le montagne del Giura e del Sal\u00e8ve come sfondo.  <\/p>\n<p><em>Nell&#8217;aprile 2023, Les Aigles hanno vinto la finale della Lega Nazionale.<br \/>\nDedichiamo loro un poster!<\/em><\/p>\n","protected":false},"featured_media":36891,"template":"","meta":{"_uag_custom_page_level_css":""},"product_brand":[],"product_cat":[2873,2880,2906,2997],"product_tag":[516,2189,2998,2115],"class_list":{"0":"post-22510","1":"product","2":"type-product","3":"status-publish","4":"has-post-thumbnail","6":"product_cat-poster","7":"product_cat-ginevra","8":"product_cat-sport","9":"product_cat-hockey-su-ghiaccio","10":"product_tag-ginevra","11":"product_tag-hockey-it","12":"product_tag-servette-hc","13":"product_tag-sport-it","15":"first","16":"instock","17":"shipping-taxable","18":"purchasable","19":"product-type-variable","20":"has-default-attributes"},"yoast_head":"<!-- This site is optimized with the Yoast SEO Premium plugin v27.2 (Yoast SEO v27.3) - https:\/\/yoast.com\/product\/yoast-seo-premium-wordpress\/ -->\n<title>Poster Ginevra Servette Hockey Club | Poster Svizzera La Jonx<\/title>\n<meta name=\"description\" content=\"Scopra il nostro poster dell&#039;Hockey Club Ginevra Servette - stampato in Svizzera su carta di qualit\u00e0. Perfetto come regalo svizzero o per decorare la sua casa!\" \/>\n<meta name=\"robots\" content=\"index, follow, max-snippet:-1, max-image-preview:large, max-video-preview:-1\" \/>\n<link rel=\"canonical\" href=\"https:\/\/www.la-jonx.ch\/it\/shop-it\/poster\/servette-hockey-club\/\" \/>\n<meta property=\"og:locale\" content=\"it_IT\" \/>\n<meta property=\"og:type\" content=\"article\" \/>\n<meta property=\"og:title\" content=\"Poster Ginevra Servette Hockey Club | Poster Svizzera La Jonx\" \/>\n<meta property=\"og:description\" content=\"Scopra il nostro poster dell&#039;Hockey Club Ginevra Servette - stampato in Svizzera su carta di qualit\u00e0. Perfetto come regalo svizzero o per decorare la sua casa!\" \/>\n<meta property=\"og:url\" content=\"https:\/\/www.la-jonx.ch\/it\/shop-it\/poster\/servette-hockey-club\/\" \/>\n<meta property=\"og:site_name\" content=\"La Jonx\" \/>\n<meta property=\"article:publisher\" content=\"https:\/\/www.facebook.com\/lajonx.ch\" \/>\n<meta property=\"article:modified_time\" content=\"2025-12-03T12:45:37+00:00\" \/>\n<meta property=\"og:image\" content=\"https:\/\/www.la-jonx.ch\/wp-content\/uploads\/2025\/07\/142-Affiche-Suisse-Poster-La-Jonx-Servette-HC.jpg\" \/>\n\t<meta property=\"og:image:width\" content=\"1400\" \/>\n\t<meta property=\"og:image:height\" content=\"1650\" \/>\n\t<meta property=\"og:image:type\" content=\"image\/jpeg\" \/>\n<meta name=\"twitter:card\" content=\"summary_large_image\" \/>\n<meta name=\"twitter:title\" content=\"Poster Ginevra Servette Hockey Club | Poster Svizzera La Jonx\" \/>\n<meta name=\"twitter:label1\" content=\"Disponibilit\u00e0\" \/>\n\t<meta name=\"twitter:data1\" content=\"In stock\" \/>\n<script type=\"application\/ld+json\" class=\"yoast-schema-graph\">{\"@context\":\"https:\\\/\\\/schema.org\",\"@graph\":[{\"@type\":\"WebPage\",\"@id\":\"https:\\\/\\\/www.la-jonx.ch\\\/it\\\/shop-it\\\/poster\\\/servette-hockey-club\\\/\",\"url\":\"https:\\\/\\\/www.la-jonx.ch\\\/it\\\/shop-it\\\/poster\\\/servette-hockey-club\\\/\",\"name\":\"Poster Ginevra Servette Hockey Club | Poster Svizzera La Jonx\",\"isPartOf\":{\"@id\":\"https:\\\/\\\/www.la-jonx.ch\\\/it\\\/#website\"},\"primaryImageOfPage\":{\"@id\":\"https:\\\/\\\/www.la-jonx.ch\\\/it\\\/shop-it\\\/poster\\\/servette-hockey-club\\\/#primaryimage\"},\"image\":{\"@id\":\"https:\\\/\\\/www.la-jonx.ch\\\/it\\\/shop-it\\\/poster\\\/servette-hockey-club\\\/#primaryimage\"},\"thumbnailUrl\":\"https:\\\/\\\/www.la-jonx.ch\\\/wp-content\\\/uploads\\\/2025\\\/07\\\/142-Affiche-Suisse-Poster-La-Jonx-Servette-HC.jpg\",\"datePublished\":\"2023-08-28T16:31:09+00:00\",\"dateModified\":\"2025-12-03T12:45:37+00:00\",\"description\":\"Scopra il nostro poster dell'Hockey Club Ginevra Servette - stampato in Svizzera su carta di qualit\u00e0. Perfetto come regalo svizzero o per decorare la sua casa!\",\"breadcrumb\":{\"@id\":\"https:\\\/\\\/www.la-jonx.ch\\\/it\\\/shop-it\\\/poster\\\/servette-hockey-club\\\/#breadcrumb\"},\"inLanguage\":\"it-IT\",\"potentialAction\":[{\"@type\":\"ReadAction\",\"target\":[\"https:\\\/\\\/www.la-jonx.ch\\\/it\\\/shop-it\\\/poster\\\/servette-hockey-club\\\/\"]}]},{\"@type\":\"ImageObject\",\"inLanguage\":\"it-IT\",\"@id\":\"https:\\\/\\\/www.la-jonx.ch\\\/it\\\/shop-it\\\/poster\\\/servette-hockey-club\\\/#primaryimage\",\"url\":\"https:\\\/\\\/www.la-jonx.ch\\\/wp-content\\\/uploads\\\/2025\\\/07\\\/142-Affiche-Suisse-Poster-La-Jonx-Servette-HC.jpg\",\"contentUrl\":\"https:\\\/\\\/www.la-jonx.ch\\\/wp-content\\\/uploads\\\/2025\\\/07\\\/142-Affiche-Suisse-Poster-La-Jonx-Servette-HC.jpg\",\"width\":1400,\"height\":1650,\"caption\":\"Poster dell'Hockey Club Ginevra Servette in Svizzera, perfetto regalo o decorazione svizzera\"},{\"@type\":\"BreadcrumbList\",\"@id\":\"https:\\\/\\\/www.la-jonx.ch\\\/it\\\/shop-it\\\/poster\\\/servette-hockey-club\\\/#breadcrumb\",\"itemListElement\":[{\"@type\":\"ListItem\",\"position\":1,\"name\":\"Accueil\",\"item\":\"https:\\\/\\\/www.la-jonx.ch\\\/it\\\/\"},{\"@type\":\"ListItem\",\"position\":2,\"name\":\"e-Shop\",\"item\":\"https:\\\/\\\/www.la-jonx.ch\\\/e-shop\\\/?lang=it\"},{\"@type\":\"ListItem\",\"position\":3,\"name\":\"Poster\",\"item\":\"https:\\\/\\\/www.la-jonx.ch\\\/it\\\/categoria-prodotto\\\/poster\\\/\"},{\"@type\":\"ListItem\",\"position\":4,\"name\":\"Hockey Club Ginevra Servette\"}]},{\"@type\":\"WebSite\",\"@id\":\"https:\\\/\\\/www.la-jonx.ch\\\/it\\\/#website\",\"url\":\"https:\\\/\\\/www.la-jonx.ch\\\/it\\\/\",\"name\":\"La Jonx\",\"description\":\"Posters svizzeri\",\"publisher\":{\"@id\":\"https:\\\/\\\/www.la-jonx.ch\\\/it\\\/#organization\"},\"potentialAction\":[{\"@type\":\"SearchAction\",\"target\":{\"@type\":\"EntryPoint\",\"urlTemplate\":\"https:\\\/\\\/www.la-jonx.ch\\\/it\\\/?s={search_term_string}\"},\"query-input\":{\"@type\":\"PropertyValueSpecification\",\"valueRequired\":true,\"valueName\":\"search_term_string\"}}],\"inLanguage\":\"it-IT\"},{\"@type\":\"Organization\",\"@id\":\"https:\\\/\\\/www.la-jonx.ch\\\/it\\\/#organization\",\"name\":\"La Jonx\",\"url\":\"https:\\\/\\\/www.la-jonx.ch\\\/it\\\/\",\"logo\":{\"@type\":\"ImageObject\",\"inLanguage\":\"it-IT\",\"@id\":\"https:\\\/\\\/www.la-jonx.ch\\\/it\\\/#\\\/schema\\\/logo\\\/image\\\/\",\"url\":\"https:\\\/\\\/www.la-jonx.ch\\\/wp-content\\\/uploads\\\/2021\\\/09\\\/logo-la-jonx-atzelier-graphique.png\",\"contentUrl\":\"https:\\\/\\\/www.la-jonx.ch\\\/wp-content\\\/uploads\\\/2021\\\/09\\\/logo-la-jonx-atzelier-graphique.png\",\"width\":378,\"height\":129,\"caption\":\"La Jonx\"},\"image\":{\"@id\":\"https:\\\/\\\/www.la-jonx.ch\\\/it\\\/#\\\/schema\\\/logo\\\/image\\\/\"},\"sameAs\":[\"https:\\\/\\\/www.facebook.com\\\/lajonx.ch\",\"https:\\\/\\\/www.instagram.com\\\/lajonx.ch\\\/?hl=fr\"]}]}<\/script>\n<meta property=\"og:availability\" content=\"instock\" \/>\n<meta property=\"product:availability\" content=\"instock\" \/>\n<meta property=\"product:condition\" content=\"new\" \/>\n<!-- \/ Yoast SEO Premium plugin. -->","yoast_head_json":{"title":"Poster Ginevra Servette Hockey Club | Poster Svizzera La Jonx","description":"Scopra il nostro poster dell'Hockey Club Ginevra Servette - stampato in Svizzera su carta di qualit\u00e0. Perfetto come regalo svizzero o per decorare la sua casa!","robots":{"index":"index","follow":"follow","max-snippet":"max-snippet:-1","max-image-preview":"max-image-preview:large","max-video-preview":"max-video-preview:-1"},"canonical":"https:\/\/www.la-jonx.ch\/it\/shop-it\/poster\/servette-hockey-club\/","og_locale":"it_IT","og_type":"article","og_title":"Poster Ginevra Servette Hockey Club | Poster Svizzera La Jonx","og_description":"Scopra il nostro poster dell'Hockey Club Ginevra Servette - stampato in Svizzera su carta di qualit\u00e0. Perfetto come regalo svizzero o per decorare la sua casa!","og_url":"https:\/\/www.la-jonx.ch\/it\/shop-it\/poster\/servette-hockey-club\/","og_site_name":"La Jonx","article_publisher":"https:\/\/www.facebook.com\/lajonx.ch","article_modified_time":"2025-12-03T12:45:37+00:00","og_image":[{"width":1400,"height":1650,"url":"https:\/\/www.la-jonx.ch\/wp-content\/uploads\/2025\/07\/142-Affiche-Suisse-Poster-La-Jonx-Servette-HC.jpg","type":"image\/jpeg"}],"twitter_card":"summary_large_image","twitter_title":"Poster Ginevra Servette Hockey Club | Poster Svizzera La Jonx","twitter_misc":{"Disponibilit\u00e0":"In stock"},"schema":{"@context":"https:\/\/schema.org","@graph":[{"@type":"WebPage","@id":"https:\/\/www.la-jonx.ch\/it\/shop-it\/poster\/servette-hockey-club\/","url":"https:\/\/www.la-jonx.ch\/it\/shop-it\/poster\/servette-hockey-club\/","name":"Poster Ginevra Servette Hockey Club | Poster Svizzera La Jonx","isPartOf":{"@id":"https:\/\/www.la-jonx.ch\/it\/#website"},"primaryImageOfPage":{"@id":"https:\/\/www.la-jonx.ch\/it\/shop-it\/poster\/servette-hockey-club\/#primaryimage"},"image":{"@id":"https:\/\/www.la-jonx.ch\/it\/shop-it\/poster\/servette-hockey-club\/#primaryimage"},"thumbnailUrl":"https:\/\/www.la-jonx.ch\/wp-content\/uploads\/2025\/07\/142-Affiche-Suisse-Poster-La-Jonx-Servette-HC.jpg","datePublished":"2023-08-28T16:31:09+00:00","dateModified":"2025-12-03T12:45:37+00:00","description":"Scopra il nostro poster dell'Hockey Club Ginevra Servette - stampato in Svizzera su carta di qualit\u00e0. Perfetto come regalo svizzero o per decorare la sua casa!","breadcrumb":{"@id":"https:\/\/www.la-jonx.ch\/it\/shop-it\/poster\/servette-hockey-club\/#breadcrumb"},"inLanguage":"it-IT","potentialAction":[{"@type":"ReadAction","target":["https:\/\/www.la-jonx.ch\/it\/shop-it\/poster\/servette-hockey-club\/"]}]},{"@type":"ImageObject","inLanguage":"it-IT","@id":"https:\/\/www.la-jonx.ch\/it\/shop-it\/poster\/servette-hockey-club\/#primaryimage","url":"https:\/\/www.la-jonx.ch\/wp-content\/uploads\/2025\/07\/142-Affiche-Suisse-Poster-La-Jonx-Servette-HC.jpg","contentUrl":"https:\/\/www.la-jonx.ch\/wp-content\/uploads\/2025\/07\/142-Affiche-Suisse-Poster-La-Jonx-Servette-HC.jpg","width":1400,"height":1650,"caption":"Poster dell'Hockey Club Ginevra Servette in Svizzera, perfetto regalo o decorazione svizzera"},{"@type":"BreadcrumbList","@id":"https:\/\/www.la-jonx.ch\/it\/shop-it\/poster\/servette-hockey-club\/#breadcrumb","itemListElement":[{"@type":"ListItem","position":1,"name":"Accueil","item":"https:\/\/www.la-jonx.ch\/it\/"},{"@type":"ListItem","position":2,"name":"e-Shop","item":"https:\/\/www.la-jonx.ch\/e-shop\/?lang=it"},{"@type":"ListItem","position":3,"name":"Poster","item":"https:\/\/www.la-jonx.ch\/it\/categoria-prodotto\/poster\/"},{"@type":"ListItem","position":4,"name":"Hockey Club Ginevra Servette"}]},{"@type":"WebSite","@id":"https:\/\/www.la-jonx.ch\/it\/#website","url":"https:\/\/www.la-jonx.ch\/it\/","name":"La Jonx","description":"Posters svizzeri","publisher":{"@id":"https:\/\/www.la-jonx.ch\/it\/#organization"},"potentialAction":[{"@type":"SearchAction","target":{"@type":"EntryPoint","urlTemplate":"https:\/\/www.la-jonx.ch\/it\/?s={search_term_string}"},"query-input":{"@type":"PropertyValueSpecification","valueRequired":true,"valueName":"search_term_string"}}],"inLanguage":"it-IT"},{"@type":"Organization","@id":"https:\/\/www.la-jonx.ch\/it\/#organization","name":"La Jonx","url":"https:\/\/www.la-jonx.ch\/it\/","logo":{"@type":"ImageObject","inLanguage":"it-IT","@id":"https:\/\/www.la-jonx.ch\/it\/#\/schema\/logo\/image\/","url":"https:\/\/www.la-jonx.ch\/wp-content\/uploads\/2021\/09\/logo-la-jonx-atzelier-graphique.png","contentUrl":"https:\/\/www.la-jonx.ch\/wp-content\/uploads\/2021\/09\/logo-la-jonx-atzelier-graphique.png","width":378,"height":129,"caption":"La Jonx"},"image":{"@id":"https:\/\/www.la-jonx.ch\/it\/#\/schema\/logo\/image\/"},"sameAs":["https:\/\/www.facebook.com\/lajonx.ch","https:\/\/www.instagram.com\/lajonx.ch\/?hl=fr"]}]},"og_availability":"instock","product_availability":"instock","product_condition":"new"},"additional_image_1":"https:\/\/www.la-jonx.ch\/wp-content\/uploads\/2025\/07\/142-Enveloppe-avec-Poster-La-Jonx-Servette-HC.jpg","additional_image_2":"https:\/\/www.la-jonx.ch\/wp-content\/uploads\/2025\/07\/177-Poster-on-a-wall-Servette-HC.jpg","uagb_featured_image_src":{"full":["https:\/\/www.la-jonx.ch\/wp-content\/uploads\/2025\/07\/142-Affiche-Suisse-Poster-La-Jonx-Servette-HC.jpg",1400,1650,false],"thumbnail":["https:\/\/www.la-jonx.ch\/wp-content\/uploads\/2025\/07\/142-Affiche-Suisse-Poster-La-Jonx-Servette-HC-150x150.jpg",150,150,true],"medium":["https:\/\/www.la-jonx.ch\/wp-content\/uploads\/2025\/07\/142-Affiche-Suisse-Poster-La-Jonx-Servette-HC-255x300.jpg",255,300,true],"medium_large":["https:\/\/www.la-jonx.ch\/wp-content\/uploads\/2025\/07\/142-Affiche-Suisse-Poster-La-Jonx-Servette-HC-768x905.jpg",768,905,true],"large":["https:\/\/www.la-jonx.ch\/wp-content\/uploads\/2025\/07\/142-Affiche-Suisse-Poster-La-Jonx-Servette-HC-869x1024.jpg",869,1024,true],"1536x1536":["https:\/\/www.la-jonx.ch\/wp-content\/uploads\/2025\/07\/142-Affiche-Suisse-Poster-La-Jonx-Servette-HC-1303x1536.jpg",1303,1536,true],"2048x2048":["https:\/\/www.la-jonx.ch\/wp-content\/uploads\/2025\/07\/142-Affiche-Suisse-Poster-La-Jonx-Servette-HC.jpg",1400,1650,false],"woocommerce_thumbnail":["https:\/\/www.la-jonx.ch\/wp-content\/uploads\/2025\/07\/142-Affiche-Suisse-Poster-La-Jonx-Servette-HC-350x420.jpg",350,420,true],"woocommerce_single":["https:\/\/www.la-jonx.ch\/wp-content\/uploads\/2025\/07\/142-Affiche-Suisse-Poster-La-Jonx-Servette-HC-510x601.jpg",510,601,true],"woocommerce_gallery_thumbnail":["https:\/\/www.la-jonx.ch\/wp-content\/uploads\/2025\/07\/142-Affiche-Suisse-Poster-La-Jonx-Servette-HC-100x100.jpg",100,100,true],"dgwt-wcas-product-suggestion":["https:\/\/www.la-jonx.ch\/wp-content\/uploads\/2025\/07\/142-Affiche-Suisse-Poster-La-Jonx-Servette-HC.jpg",64,75,false]},"uagb_author_info":{"display_name":"L'atelier La Jonx","author_link":"https:\/\/www.la-jonx.ch\/it\/author\/"},"uagb_comment_info":0,"uagb_excerpt":"Questo poster del Geneva Servette Hockey Club \u00e8 stampato in Svizzera \ud83c\udde8\ud83c\udded su carta di alta qualit\u00e0 ed ecologica. Si adatta perfettamente alla decorazione della sua parete ed \u00e8 anche un'idea perfetta per un regalo svizzero. Questo poster artistico mette in risalto l'Hockey Club Ginevra Servette, simbolo di passione e orgoglio sportivo, situato nel cuore&hellip;","_links":{"self":[{"href":"https:\/\/www.la-jonx.ch\/it\/wp-json\/wp\/v2\/product\/22510","targetHints":{"allow":["GET"]}}],"collection":[{"href":"https:\/\/www.la-jonx.ch\/it\/wp-json\/wp\/v2\/product"}],"about":[{"href":"https:\/\/www.la-jonx.ch\/it\/wp-json\/wp\/v2\/types\/product"}],"wp:featuredmedia":[{"embeddable":true,"href":"https:\/\/www.la-jonx.ch\/it\/wp-json\/wp\/v2\/media\/36891"}],"wp:attachment":[{"href":"https:\/\/www.la-jonx.ch\/it\/wp-json\/wp\/v2\/media?parent=22510"}],"wp:term":[{"taxonomy":"product_brand","embeddable":true,"href":"https:\/\/www.la-jonx.ch\/it\/wp-json\/wp\/v2\/product_brand?post=22510"},{"taxonomy":"product_cat","embeddable":true,"href":"https:\/\/www.la-jonx.ch\/it\/wp-json\/wp\/v2\/product_cat?post=22510"},{"taxonomy":"product_tag","embeddable":true,"href":"https:\/\/www.la-jonx.ch\/it\/wp-json\/wp\/v2\/product_tag?post=22510"}],"curies":[{"name":"wp","href":"https:\/\/api.w.org\/{rel}","templated":true}]}}