{"id":23175,"date":"2023-12-03T08:37:06","date_gmt":"2023-12-03T07:37:06","guid":{"rendered":"https:\/\/www.la-jonx.ch\/boutique\/senza-categoria\/quaderno-di-losanna\/"},"modified":"2023-11-08T17:48:35","modified_gmt":"2023-11-08T16:48:35","slug":"quaderno-lausanne","status":"publish","type":"product","link":"https:\/\/www.la-jonx.ch\/it\/shop-it\/articoli-di-cancelleria\/quaderni\/quaderno-lausanne\/","title":{"rendered":"Quaderno di Losanna"},"content":{"rendered":"<p>Nos carnets de notes, fabriqu\u00e9s sur Gen\u00e8ve en \u00e9dition limit\u00e9e, vous emm\u00e8nent \u00e0 travers un voyage graphique de la Suisse\u00a0<\/p>\r\n<ul>\r\n<li>52 pages blanches, id\u00e9ales pour laisser libre cours \u00e0 vos r\u00eaves et id\u00e9es ou dessiner<\/li>\r\n<li>Format A5, pratique \u00e0 transporter<\/li>\r\n<li>Couverture flexible en papier mat 250g pr\u00e9sentant une oeuvre originale de l'atelier La Jonx<\/li>\r\n<li>Papier certifi\u00e9 FSC et PEFC label de protection des for\u00eats \ud83c\udf31<\/li>\r\n<li>Impression et reliure effectu\u00e9es \u00e0 Gen\u00e8ve, Suisse<\/li>\r\n<\/ul>\n","protected":false},"excerpt":{"rendered":"<p>Carnet de notes de qualit\u00e9, <strong>imprim\u00e9<\/strong> et <strong>fabriqu\u00e9<\/strong> \u00e0 Gen\u00e8ve, en Suisse \ud83c\udde8\ud83c\udded<\/p>\r\n<p>Cr\u00e9ations originales vendues \u00e0 l'unit\u00e9, 14 CHF le carnet.<\/p>\r\n<p><img decoding=\"async\" class=\" wp-image-1171\" src=\"https:\/\/www.la-jonx.ch\/wp-content\/uploads\/2021\/08\/unnamed.png\" alt=\"Printed in Swizerland\" width=\"149\" height=\"43\" \/><\/p>\n","protected":false},"featured_media":20853,"template":"","meta":{"_uag_custom_page_level_css":""},"product_brand":[],"product_cat":[2898],"product_tag":[524,523,516,521,522,422,533,532],"class_list":{"0":"post-23175","1":"product","2":"type-product","3":"status-publish","4":"has-post-thumbnail","6":"product_cat-quaderni","7":"product_tag-arte","8":"product_tag-disegno","9":"product_tag-ginevra","10":"product_tag-notebook","11":"product_tag-scrivere","12":"product_tag-svizzera","13":"product_tag-wallis-it","14":"product_tag-zermatt-it","15":"product_shipping_class-letter-it","17":"first","18":"instock","19":"shipping-taxable","20":"purchasable","21":"product-type-simple"},"yoast_head":"<!-- This site is optimized with the Yoast SEO Premium plugin v27.2 (Yoast SEO v27.3) - https:\/\/yoast.com\/product\/yoast-seo-premium-wordpress\/ -->\n<title>Quaderno di Losanna - Officina La Jonx<\/title>\n<meta name=\"description\" content=\"&quot;Quaderno di Losanna&quot; stampato in Svizzera su carta di qualit\u00e0. Realizzato a mano a Ginevra in modo eco-responsabile, porta il Suo SwissNote con Lei dappertutto.\" \/>\n<meta name=\"robots\" content=\"index, follow, max-snippet:-1, max-image-preview:large, max-video-preview:-1\" \/>\n<link rel=\"canonical\" href=\"https:\/\/www.la-jonx.ch\/it\/shop-it\/articoli-di-cancelleria\/quaderni\/quaderno-lausanne\/\" \/>\n<meta property=\"og:locale\" content=\"it_IT\" \/>\n<meta property=\"og:type\" content=\"article\" \/>\n<meta property=\"og:title\" content=\"Quaderno di Losanna\" \/>\n<meta property=\"og:description\" content=\"&quot;Quaderno di Losanna&quot; stampato in Svizzera su carta di qualit\u00e0. Realizzato a mano a Ginevra in modo eco-responsabile, porta il Suo SwissNote con Lei dappertutto.\" \/>\n<meta property=\"og:url\" content=\"https:\/\/www.la-jonx.ch\/it\/shop-it\/articoli-di-cancelleria\/quaderni\/quaderno-lausanne\/\" \/>\n<meta property=\"og:site_name\" content=\"La Jonx\" \/>\n<meta property=\"article:publisher\" content=\"https:\/\/www.facebook.com\/lajonx.ch\" \/>\n<meta property=\"og:image\" content=\"https:\/\/www.la-jonx.ch\/wp-content\/uploads\/2023\/05\/SwissNotes-Lausanne-scaled.webp\" \/>\n\t<meta property=\"og:image:width\" content=\"2560\" \/>\n\t<meta property=\"og:image:height\" content=\"2560\" \/>\n\t<meta property=\"og:image:type\" content=\"image\/webp\" \/>\n<meta name=\"twitter:card\" content=\"summary_large_image\" \/>\n<meta name=\"twitter:label1\" content=\"Prezzo\" \/>\n\t<meta name=\"twitter:data1\" content=\"&#067;&#072;&#070;&nbsp;15.0\" \/>\n\t<meta name=\"twitter:label2\" content=\"Disponibilit\u00e0\" \/>\n\t<meta name=\"twitter:data2\" content=\"In stock\" \/>\n<script type=\"application\/ld+json\" class=\"yoast-schema-graph\">{\"@context\":\"https:\\\/\\\/schema.org\",\"@graph\":[{\"@type\":\"WebPage\",\"@id\":\"https:\\\/\\\/www.la-jonx.ch\\\/it\\\/shop-it\\\/articoli-di-cancelleria\\\/quaderni\\\/quaderno-lausanne\\\/\",\"url\":\"https:\\\/\\\/www.la-jonx.ch\\\/it\\\/shop-it\\\/articoli-di-cancelleria\\\/quaderni\\\/quaderno-lausanne\\\/\",\"name\":\"Quaderno di Losanna - Officina La Jonx\",\"isPartOf\":{\"@id\":\"https:\\\/\\\/www.la-jonx.ch\\\/it\\\/#website\"},\"primaryImageOfPage\":{\"@id\":\"https:\\\/\\\/www.la-jonx.ch\\\/it\\\/shop-it\\\/articoli-di-cancelleria\\\/quaderni\\\/quaderno-lausanne\\\/#primaryimage\"},\"image\":{\"@id\":\"https:\\\/\\\/www.la-jonx.ch\\\/it\\\/shop-it\\\/articoli-di-cancelleria\\\/quaderni\\\/quaderno-lausanne\\\/#primaryimage\"},\"thumbnailUrl\":\"https:\\\/\\\/www.la-jonx.ch\\\/wp-content\\\/uploads\\\/2023\\\/05\\\/SwissNotes-Lausanne-scaled.webp\",\"datePublished\":\"2023-12-03T07:37:06+00:00\",\"description\":\"\\\"Quaderno di Losanna\\\" stampato in Svizzera su carta di qualit\u00e0. Realizzato a mano a Ginevra in modo eco-responsabile, porta il Suo SwissNote con Lei dappertutto.\",\"breadcrumb\":{\"@id\":\"https:\\\/\\\/www.la-jonx.ch\\\/it\\\/shop-it\\\/articoli-di-cancelleria\\\/quaderni\\\/quaderno-lausanne\\\/#breadcrumb\"},\"inLanguage\":\"it-IT\",\"potentialAction\":[{\"@type\":\"ReadAction\",\"target\":[\"https:\\\/\\\/www.la-jonx.ch\\\/it\\\/shop-it\\\/articoli-di-cancelleria\\\/quaderni\\\/quaderno-lausanne\\\/\"]}]},{\"@type\":\"ImageObject\",\"inLanguage\":\"it-IT\",\"@id\":\"https:\\\/\\\/www.la-jonx.ch\\\/it\\\/shop-it\\\/articoli-di-cancelleria\\\/quaderni\\\/quaderno-lausanne\\\/#primaryimage\",\"url\":\"https:\\\/\\\/www.la-jonx.ch\\\/wp-content\\\/uploads\\\/2023\\\/05\\\/SwissNotes-Lausanne-scaled.webp\",\"contentUrl\":\"https:\\\/\\\/www.la-jonx.ch\\\/wp-content\\\/uploads\\\/2023\\\/05\\\/SwissNotes-Lausanne-scaled.webp\",\"width\":2560,\"height\":2560},{\"@type\":\"BreadcrumbList\",\"@id\":\"https:\\\/\\\/www.la-jonx.ch\\\/it\\\/shop-it\\\/articoli-di-cancelleria\\\/quaderni\\\/quaderno-lausanne\\\/#breadcrumb\",\"itemListElement\":[{\"@type\":\"ListItem\",\"position\":1,\"name\":\"Accueil\",\"item\":\"https:\\\/\\\/www.la-jonx.ch\\\/it\\\/\"},{\"@type\":\"ListItem\",\"position\":2,\"name\":\"e-Shop\",\"item\":\"https:\\\/\\\/www.la-jonx.ch\\\/e-shop\\\/?lang=it\"},{\"@type\":\"ListItem\",\"position\":3,\"name\":\"Articoli di cancelleria\",\"item\":\"https:\\\/\\\/www.la-jonx.ch\\\/it\\\/categoria-prodotto\\\/articoli-di-cancelleria\\\/\"},{\"@type\":\"ListItem\",\"position\":4,\"name\":\"Quaderni\",\"item\":\"https:\\\/\\\/www.la-jonx.ch\\\/it\\\/categoria-prodotto\\\/articoli-di-cancelleria\\\/quaderni\\\/\"},{\"@type\":\"ListItem\",\"position\":5,\"name\":\"Quaderno di Losanna\"}]},{\"@type\":\"WebSite\",\"@id\":\"https:\\\/\\\/www.la-jonx.ch\\\/it\\\/#website\",\"url\":\"https:\\\/\\\/www.la-jonx.ch\\\/it\\\/\",\"name\":\"La Jonx\",\"description\":\"Posters svizzeri\",\"publisher\":{\"@id\":\"https:\\\/\\\/www.la-jonx.ch\\\/it\\\/#organization\"},\"potentialAction\":[{\"@type\":\"SearchAction\",\"target\":{\"@type\":\"EntryPoint\",\"urlTemplate\":\"https:\\\/\\\/www.la-jonx.ch\\\/it\\\/?s={search_term_string}\"},\"query-input\":{\"@type\":\"PropertyValueSpecification\",\"valueRequired\":true,\"valueName\":\"search_term_string\"}}],\"inLanguage\":\"it-IT\"},{\"@type\":\"Organization\",\"@id\":\"https:\\\/\\\/www.la-jonx.ch\\\/it\\\/#organization\",\"name\":\"La Jonx\",\"url\":\"https:\\\/\\\/www.la-jonx.ch\\\/it\\\/\",\"logo\":{\"@type\":\"ImageObject\",\"inLanguage\":\"it-IT\",\"@id\":\"https:\\\/\\\/www.la-jonx.ch\\\/it\\\/#\\\/schema\\\/logo\\\/image\\\/\",\"url\":\"https:\\\/\\\/www.la-jonx.ch\\\/wp-content\\\/uploads\\\/2021\\\/09\\\/logo-la-jonx-atzelier-graphique.png\",\"contentUrl\":\"https:\\\/\\\/www.la-jonx.ch\\\/wp-content\\\/uploads\\\/2021\\\/09\\\/logo-la-jonx-atzelier-graphique.png\",\"width\":378,\"height\":129,\"caption\":\"La Jonx\"},\"image\":{\"@id\":\"https:\\\/\\\/www.la-jonx.ch\\\/it\\\/#\\\/schema\\\/logo\\\/image\\\/\"},\"sameAs\":[\"https:\\\/\\\/www.facebook.com\\\/lajonx.ch\",\"https:\\\/\\\/www.instagram.com\\\/lajonx.ch\\\/?hl=fr\"]}]}<\/script>\n<meta property=\"product:price:amount\" content=\"15.0\" \/>\n<meta property=\"product:price:currency\" content=\"CHF\" \/>\n<meta property=\"og:availability\" content=\"instock\" \/>\n<meta property=\"product:availability\" content=\"instock\" \/>\n<meta property=\"product:retailer_item_id\" content=\"ID_20830\" \/>\n<meta property=\"product:condition\" content=\"new\" \/>\n<!-- \/ Yoast SEO Premium plugin. -->","yoast_head_json":{"title":"Quaderno di Losanna - Officina La Jonx","description":"\"Quaderno di Losanna\" stampato in Svizzera su carta di qualit\u00e0. Realizzato a mano a Ginevra in modo eco-responsabile, porta il Suo SwissNote con Lei dappertutto.","robots":{"index":"index","follow":"follow","max-snippet":"max-snippet:-1","max-image-preview":"max-image-preview:large","max-video-preview":"max-video-preview:-1"},"canonical":"https:\/\/www.la-jonx.ch\/it\/shop-it\/articoli-di-cancelleria\/quaderni\/quaderno-lausanne\/","og_locale":"it_IT","og_type":"article","og_title":"Quaderno di Losanna","og_description":"\"Quaderno di Losanna\" stampato in Svizzera su carta di qualit\u00e0. Realizzato a mano a Ginevra in modo eco-responsabile, porta il Suo SwissNote con Lei dappertutto.","og_url":"https:\/\/www.la-jonx.ch\/it\/shop-it\/articoli-di-cancelleria\/quaderni\/quaderno-lausanne\/","og_site_name":"La Jonx","article_publisher":"https:\/\/www.facebook.com\/lajonx.ch","og_image":[{"width":2560,"height":2560,"url":"https:\/\/www.la-jonx.ch\/wp-content\/uploads\/2023\/05\/SwissNotes-Lausanne-scaled.webp","type":"image\/webp"}],"twitter_card":"summary_large_image","twitter_misc":{"Prezzo":"&#67;&#72;&#70;&nbsp;15.0","Disponibilit\u00e0":"In stock"},"schema":{"@context":"https:\/\/schema.org","@graph":[{"@type":"WebPage","@id":"https:\/\/www.la-jonx.ch\/it\/shop-it\/articoli-di-cancelleria\/quaderni\/quaderno-lausanne\/","url":"https:\/\/www.la-jonx.ch\/it\/shop-it\/articoli-di-cancelleria\/quaderni\/quaderno-lausanne\/","name":"Quaderno di Losanna - Officina La Jonx","isPartOf":{"@id":"https:\/\/www.la-jonx.ch\/it\/#website"},"primaryImageOfPage":{"@id":"https:\/\/www.la-jonx.ch\/it\/shop-it\/articoli-di-cancelleria\/quaderni\/quaderno-lausanne\/#primaryimage"},"image":{"@id":"https:\/\/www.la-jonx.ch\/it\/shop-it\/articoli-di-cancelleria\/quaderni\/quaderno-lausanne\/#primaryimage"},"thumbnailUrl":"https:\/\/www.la-jonx.ch\/wp-content\/uploads\/2023\/05\/SwissNotes-Lausanne-scaled.webp","datePublished":"2023-12-03T07:37:06+00:00","description":"\"Quaderno di Losanna\" stampato in Svizzera su carta di qualit\u00e0. Realizzato a mano a Ginevra in modo eco-responsabile, porta il Suo SwissNote con Lei dappertutto.","breadcrumb":{"@id":"https:\/\/www.la-jonx.ch\/it\/shop-it\/articoli-di-cancelleria\/quaderni\/quaderno-lausanne\/#breadcrumb"},"inLanguage":"it-IT","potentialAction":[{"@type":"ReadAction","target":["https:\/\/www.la-jonx.ch\/it\/shop-it\/articoli-di-cancelleria\/quaderni\/quaderno-lausanne\/"]}]},{"@type":"ImageObject","inLanguage":"it-IT","@id":"https:\/\/www.la-jonx.ch\/it\/shop-it\/articoli-di-cancelleria\/quaderni\/quaderno-lausanne\/#primaryimage","url":"https:\/\/www.la-jonx.ch\/wp-content\/uploads\/2023\/05\/SwissNotes-Lausanne-scaled.webp","contentUrl":"https:\/\/www.la-jonx.ch\/wp-content\/uploads\/2023\/05\/SwissNotes-Lausanne-scaled.webp","width":2560,"height":2560},{"@type":"BreadcrumbList","@id":"https:\/\/www.la-jonx.ch\/it\/shop-it\/articoli-di-cancelleria\/quaderni\/quaderno-lausanne\/#breadcrumb","itemListElement":[{"@type":"ListItem","position":1,"name":"Accueil","item":"https:\/\/www.la-jonx.ch\/it\/"},{"@type":"ListItem","position":2,"name":"e-Shop","item":"https:\/\/www.la-jonx.ch\/e-shop\/?lang=it"},{"@type":"ListItem","position":3,"name":"Articoli di cancelleria","item":"https:\/\/www.la-jonx.ch\/it\/categoria-prodotto\/articoli-di-cancelleria\/"},{"@type":"ListItem","position":4,"name":"Quaderni","item":"https:\/\/www.la-jonx.ch\/it\/categoria-prodotto\/articoli-di-cancelleria\/quaderni\/"},{"@type":"ListItem","position":5,"name":"Quaderno di Losanna"}]},{"@type":"WebSite","@id":"https:\/\/www.la-jonx.ch\/it\/#website","url":"https:\/\/www.la-jonx.ch\/it\/","name":"La Jonx","description":"Posters svizzeri","publisher":{"@id":"https:\/\/www.la-jonx.ch\/it\/#organization"},"potentialAction":[{"@type":"SearchAction","target":{"@type":"EntryPoint","urlTemplate":"https:\/\/www.la-jonx.ch\/it\/?s={search_term_string}"},"query-input":{"@type":"PropertyValueSpecification","valueRequired":true,"valueName":"search_term_string"}}],"inLanguage":"it-IT"},{"@type":"Organization","@id":"https:\/\/www.la-jonx.ch\/it\/#organization","name":"La Jonx","url":"https:\/\/www.la-jonx.ch\/it\/","logo":{"@type":"ImageObject","inLanguage":"it-IT","@id":"https:\/\/www.la-jonx.ch\/it\/#\/schema\/logo\/image\/","url":"https:\/\/www.la-jonx.ch\/wp-content\/uploads\/2021\/09\/logo-la-jonx-atzelier-graphique.png","contentUrl":"https:\/\/www.la-jonx.ch\/wp-content\/uploads\/2021\/09\/logo-la-jonx-atzelier-graphique.png","width":378,"height":129,"caption":"La Jonx"},"image":{"@id":"https:\/\/www.la-jonx.ch\/it\/#\/schema\/logo\/image\/"},"sameAs":["https:\/\/www.facebook.com\/lajonx.ch","https:\/\/www.instagram.com\/lajonx.ch\/?hl=fr"]}]},"product_price_amount":"15.0","product_price_currency":"CHF","og_availability":"instock","product_availability":"instock","product_retailer_item_id":"ID_20830","product_condition":"new"},"additional_image_1":"https:\/\/www.la-jonx.ch\/wp-content\/uploads\/2021\/08\/Swissnotes-Lavaux-Front.webp","additional_image_2":"https:\/\/www.la-jonx.ch\/wp-content\/uploads\/2023\/05\/SwissNotes-Lavaux-Back-scaled.webp","uagb_featured_image_src":{"full":["https:\/\/www.la-jonx.ch\/wp-content\/uploads\/2023\/05\/SwissNotes-Lausanne-scaled.webp",2560,2560,false],"thumbnail":["https:\/\/www.la-jonx.ch\/wp-content\/uploads\/2023\/05\/SwissNotes-Lausanne-150x150.webp",150,150,true],"medium":["https:\/\/www.la-jonx.ch\/wp-content\/uploads\/2023\/05\/SwissNotes-Lausanne-300x300.webp",300,300,true],"medium_large":["https:\/\/www.la-jonx.ch\/wp-content\/uploads\/2023\/05\/SwissNotes-Lausanne-768x768.webp",768,768,true],"large":["https:\/\/www.la-jonx.ch\/wp-content\/uploads\/2023\/05\/SwissNotes-Lausanne-1024x1024.webp",1020,1020,true],"1536x1536":["https:\/\/www.la-jonx.ch\/wp-content\/uploads\/2023\/05\/SwissNotes-Lausanne-1536x1536.webp",1536,1536,true],"2048x2048":["https:\/\/www.la-jonx.ch\/wp-content\/uploads\/2023\/05\/SwissNotes-Lausanne-2048x2048.webp",2048,2048,true],"woocommerce_thumbnail":["https:\/\/www.la-jonx.ch\/wp-content\/uploads\/2023\/05\/SwissNotes-Lausanne-scaled-350x420.webp",350,420,true],"woocommerce_single":["https:\/\/www.la-jonx.ch\/wp-content\/uploads\/2023\/05\/SwissNotes-Lausanne-scaled-510x510.webp",510,510,true],"woocommerce_gallery_thumbnail":["https:\/\/www.la-jonx.ch\/wp-content\/uploads\/2023\/05\/SwissNotes-Lausanne-scaled-100x100.webp",100,100,true],"dgwt-wcas-product-suggestion":["https:\/\/www.la-jonx.ch\/wp-content\/uploads\/2023\/05\/SwissNotes-Lausanne-scaled.webp",64,64,false]},"uagb_author_info":{"display_name":"L'atelier La Jonx","author_link":"https:\/\/www.la-jonx.ch\/it\/author\/"},"uagb_comment_info":0,"uagb_excerpt":"[sc name=\"carnetshortdescription_fr\"]","_links":{"self":[{"href":"https:\/\/www.la-jonx.ch\/it\/wp-json\/wp\/v2\/product\/23175","targetHints":{"allow":["GET"]}}],"collection":[{"href":"https:\/\/www.la-jonx.ch\/it\/wp-json\/wp\/v2\/product"}],"about":[{"href":"https:\/\/www.la-jonx.ch\/it\/wp-json\/wp\/v2\/types\/product"}],"wp:featuredmedia":[{"embeddable":true,"href":"https:\/\/www.la-jonx.ch\/it\/wp-json\/wp\/v2\/media\/20853"}],"wp:attachment":[{"href":"https:\/\/www.la-jonx.ch\/it\/wp-json\/wp\/v2\/media?parent=23175"}],"wp:term":[{"taxonomy":"product_brand","embeddable":true,"href":"https:\/\/www.la-jonx.ch\/it\/wp-json\/wp\/v2\/product_brand?post=23175"},{"taxonomy":"product_cat","embeddable":true,"href":"https:\/\/www.la-jonx.ch\/it\/wp-json\/wp\/v2\/product_cat?post=23175"},{"taxonomy":"product_tag","embeddable":true,"href":"https:\/\/www.la-jonx.ch\/it\/wp-json\/wp\/v2\/product_tag?post=23175"}],"curies":[{"name":"wp","href":"https:\/\/api.w.org\/{rel}","templated":true}]}}