{"id":23731,"date":"2026-03-10T19:28:51","date_gmt":"2026-03-10T18:28:51","guid":{"rendered":"https:\/\/www.la-jonx.ch\/?post_type=product&#038;p=23731"},"modified":"2023-11-12T23:07:46","modified_gmt":"2023-11-12T22:07:46","slug":"le-cret-de-la-neige","status":"publish","type":"product","link":"https:\/\/www.la-jonx.ch\/it\/shop-it\/poster\/le-cret-de-la-neige\/","title":{"rendered":"La Cr\u00eat de la neige"},"content":{"rendered":"<p>          [longdescription]\n","protected":false},"excerpt":{"rendered":"<p>Poster sulle cime del Cr\u00eat de la Neige. Stampato in Svizzera su carta di alta qualit\u00e0 ed ecologica. Perfetto come regalo o per decorare la tua casa.<\/p>\n<p><em>Scoprite la maestosit\u00e0 delle Alpi con il nostro poster Cr\u00eat de la Neige.<\/em><\/p>\n<p><em>Il poster evoca la tranquillit\u00e0 delle alte vette, un invito visivo alla fuga e all&#8217;esplorazione. Il Cr\u00eat de la Neige, con la sua imponente silhouette, incarna la bellezza senza tempo del Giura, invitando gli spettatori a contemplare lo splendore naturale di queste altitudini incontaminate.<\/em><\/p>\n","protected":false},"featured_media":36771,"template":"","meta":{"_uag_custom_page_level_css":""},"product_brand":[],"product_cat":[2873,2900,2902],"product_tag":[1473,1749,1748,763,432,1602],"class_list":{"0":"post-23731","1":"product","2":"type-product","3":"status-publish","4":"has-post-thumbnail","6":"product_cat-poster","7":"product_cat-viaggio","8":"product_cat-montagne","9":"product_tag-aquila","10":"product_tag-crinale","11":"product_tag-francia","12":"product_tag-giura","13":"product_tag-montagna","14":"product_tag-vertice","16":"first","17":"instock","18":"shipping-taxable","19":"purchasable","20":"product-type-variable","21":"has-default-attributes"},"yoast_head":"<!-- This site is optimized with the Yoast SEO Premium plugin v27.4 (Yoast SEO v27.4) - https:\/\/yoast.com\/product\/yoast-seo-premium-wordpress\/ -->\n<title>La Cr\u00eat de la neige - Atelier La Jonx<\/title>\n<meta name=\"description\" content=\"&quot;La Cr\u00eat de la neige&quot; stampato in Svizzera su carta di qualit\u00e0. Ideale per decorare la casa o come regalo. %\" \/>\n<meta name=\"robots\" content=\"index, follow, max-snippet:-1, max-image-preview:large, max-video-preview:-1\" \/>\n<link rel=\"canonical\" href=\"https:\/\/www.la-jonx.ch\/it\/shop-it\/poster\/le-cret-de-la-neige\/\" \/>\n<meta property=\"og:locale\" content=\"it_IT\" \/>\n<meta property=\"og:type\" content=\"article\" \/>\n<meta property=\"og:title\" content=\"La Cr\u00eat de la neige\" \/>\n<meta property=\"og:description\" content=\"&quot;La Cr\u00eat de la neige&quot; stampato in Svizzera su carta di qualit\u00e0. Ideale per decorare la casa o come regalo. %\" \/>\n<meta property=\"og:url\" content=\"https:\/\/www.la-jonx.ch\/it\/shop-it\/poster\/le-cret-de-la-neige\/\" \/>\n<meta property=\"og:site_name\" content=\"La Jonx\" \/>\n<meta property=\"article:publisher\" content=\"https:\/\/www.facebook.com\/lajonx.ch\" \/>\n<meta property=\"og:image\" content=\"https:\/\/www.la-jonx.ch\/wp-content\/uploads\/2025\/07\/75-Affiche-Suisse-Poster-La-Jonx-Le-cret-de-la-neige.jpg\" \/>\n\t<meta property=\"og:image:width\" content=\"1400\" \/>\n\t<meta property=\"og:image:height\" content=\"1650\" \/>\n\t<meta property=\"og:image:type\" content=\"image\/jpeg\" \/>\n<meta name=\"twitter:card\" content=\"summary_large_image\" \/>\n<meta name=\"twitter:label1\" content=\"Disponibilit\u00e0\" \/>\n\t<meta name=\"twitter:data1\" content=\"In stock\" \/>\n<script type=\"application\/ld+json\" class=\"yoast-schema-graph\">{\"@context\":\"https:\\\/\\\/schema.org\",\"@graph\":[{\"@type\":\"WebPage\",\"@id\":\"https:\\\/\\\/www.la-jonx.ch\\\/it\\\/shop-it\\\/poster\\\/le-cret-de-la-neige\\\/\",\"url\":\"https:\\\/\\\/www.la-jonx.ch\\\/it\\\/shop-it\\\/poster\\\/le-cret-de-la-neige\\\/\",\"name\":\"La Cr\u00eat de la neige - Atelier La Jonx\",\"isPartOf\":{\"@id\":\"https:\\\/\\\/www.la-jonx.ch\\\/it\\\/#website\"},\"primaryImageOfPage\":{\"@id\":\"https:\\\/\\\/www.la-jonx.ch\\\/it\\\/shop-it\\\/poster\\\/le-cret-de-la-neige\\\/#primaryimage\"},\"image\":{\"@id\":\"https:\\\/\\\/www.la-jonx.ch\\\/it\\\/shop-it\\\/poster\\\/le-cret-de-la-neige\\\/#primaryimage\"},\"thumbnailUrl\":\"https:\\\/\\\/www.la-jonx.ch\\\/wp-content\\\/uploads\\\/2025\\\/07\\\/75-Affiche-Suisse-Poster-La-Jonx-Le-cret-de-la-neige.jpg\",\"datePublished\":\"2026-03-10T18:28:51+00:00\",\"description\":\"\\\"La Cr\u00eat de la neige\\\" stampato in Svizzera su carta di qualit\u00e0. Ideale per decorare la casa o come regalo. %\",\"breadcrumb\":{\"@id\":\"https:\\\/\\\/www.la-jonx.ch\\\/it\\\/shop-it\\\/poster\\\/le-cret-de-la-neige\\\/#breadcrumb\"},\"inLanguage\":\"it-IT\",\"potentialAction\":[{\"@type\":\"ReadAction\",\"target\":[\"https:\\\/\\\/www.la-jonx.ch\\\/it\\\/shop-it\\\/poster\\\/le-cret-de-la-neige\\\/\"]}]},{\"@type\":\"ImageObject\",\"inLanguage\":\"it-IT\",\"@id\":\"https:\\\/\\\/www.la-jonx.ch\\\/it\\\/shop-it\\\/poster\\\/le-cret-de-la-neige\\\/#primaryimage\",\"url\":\"https:\\\/\\\/www.la-jonx.ch\\\/wp-content\\\/uploads\\\/2025\\\/07\\\/75-Affiche-Suisse-Poster-La-Jonx-Le-cret-de-la-neige.jpg\",\"contentUrl\":\"https:\\\/\\\/www.la-jonx.ch\\\/wp-content\\\/uploads\\\/2025\\\/07\\\/75-Affiche-Suisse-Poster-La-Jonx-Le-cret-de-la-neige.jpg\",\"width\":1400,\"height\":1650,\"caption\":\"Screenshot\"},{\"@type\":\"BreadcrumbList\",\"@id\":\"https:\\\/\\\/www.la-jonx.ch\\\/it\\\/shop-it\\\/poster\\\/le-cret-de-la-neige\\\/#breadcrumb\",\"itemListElement\":[{\"@type\":\"ListItem\",\"position\":1,\"name\":\"Accueil\",\"item\":\"https:\\\/\\\/www.la-jonx.ch\\\/it\\\/\"},{\"@type\":\"ListItem\",\"position\":2,\"name\":\"e-Shop\",\"item\":\"https:\\\/\\\/www.la-jonx.ch\\\/e-shop\\\/?lang=it\"},{\"@type\":\"ListItem\",\"position\":3,\"name\":\"Poster\",\"item\":\"https:\\\/\\\/www.la-jonx.ch\\\/it\\\/categoria-prodotto\\\/poster\\\/\"},{\"@type\":\"ListItem\",\"position\":4,\"name\":\"La Cr\u00eat de la neige\"}]},{\"@type\":\"WebSite\",\"@id\":\"https:\\\/\\\/www.la-jonx.ch\\\/it\\\/#website\",\"url\":\"https:\\\/\\\/www.la-jonx.ch\\\/it\\\/\",\"name\":\"La Jonx\",\"description\":\"Posters svizzeri\",\"publisher\":{\"@id\":\"https:\\\/\\\/www.la-jonx.ch\\\/it\\\/#organization\"},\"potentialAction\":[{\"@type\":\"SearchAction\",\"target\":{\"@type\":\"EntryPoint\",\"urlTemplate\":\"https:\\\/\\\/www.la-jonx.ch\\\/it\\\/?s={search_term_string}\"},\"query-input\":{\"@type\":\"PropertyValueSpecification\",\"valueRequired\":true,\"valueName\":\"search_term_string\"}}],\"inLanguage\":\"it-IT\"},{\"@type\":\"Organization\",\"@id\":\"https:\\\/\\\/www.la-jonx.ch\\\/it\\\/#organization\",\"name\":\"La Jonx\",\"url\":\"https:\\\/\\\/www.la-jonx.ch\\\/it\\\/\",\"logo\":{\"@type\":\"ImageObject\",\"inLanguage\":\"it-IT\",\"@id\":\"https:\\\/\\\/www.la-jonx.ch\\\/it\\\/#\\\/schema\\\/logo\\\/image\\\/\",\"url\":\"https:\\\/\\\/www.la-jonx.ch\\\/wp-content\\\/uploads\\\/2021\\\/09\\\/logo-la-jonx-atzelier-graphique.png\",\"contentUrl\":\"https:\\\/\\\/www.la-jonx.ch\\\/wp-content\\\/uploads\\\/2021\\\/09\\\/logo-la-jonx-atzelier-graphique.png\",\"width\":378,\"height\":129,\"caption\":\"La Jonx\"},\"image\":{\"@id\":\"https:\\\/\\\/www.la-jonx.ch\\\/it\\\/#\\\/schema\\\/logo\\\/image\\\/\"},\"sameAs\":[\"https:\\\/\\\/www.facebook.com\\\/lajonx.ch\",\"https:\\\/\\\/www.instagram.com\\\/lajonx.ch\\\/?hl=fr\"]}]}<\/script>\n<meta property=\"og:availability\" content=\"instock\" \/>\n<meta property=\"product:availability\" content=\"instock\" \/>\n<meta property=\"product:condition\" content=\"new\" \/>\n<!-- \/ Yoast SEO Premium plugin. -->","yoast_head_json":{"title":"La Cr\u00eat de la neige - Atelier La Jonx","description":"\"La Cr\u00eat de la neige\" stampato in Svizzera su carta di qualit\u00e0. Ideale per decorare la casa o come regalo. %","robots":{"index":"index","follow":"follow","max-snippet":"max-snippet:-1","max-image-preview":"max-image-preview:large","max-video-preview":"max-video-preview:-1"},"canonical":"https:\/\/www.la-jonx.ch\/it\/shop-it\/poster\/le-cret-de-la-neige\/","og_locale":"it_IT","og_type":"article","og_title":"La Cr\u00eat de la neige","og_description":"\"La Cr\u00eat de la neige\" stampato in Svizzera su carta di qualit\u00e0. Ideale per decorare la casa o come regalo. %","og_url":"https:\/\/www.la-jonx.ch\/it\/shop-it\/poster\/le-cret-de-la-neige\/","og_site_name":"La Jonx","article_publisher":"https:\/\/www.facebook.com\/lajonx.ch","og_image":[{"width":1400,"height":1650,"url":"https:\/\/www.la-jonx.ch\/wp-content\/uploads\/2025\/07\/75-Affiche-Suisse-Poster-La-Jonx-Le-cret-de-la-neige.jpg","type":"image\/jpeg"}],"twitter_card":"summary_large_image","twitter_misc":{"Disponibilit\u00e0":"In stock"},"schema":{"@context":"https:\/\/schema.org","@graph":[{"@type":"WebPage","@id":"https:\/\/www.la-jonx.ch\/it\/shop-it\/poster\/le-cret-de-la-neige\/","url":"https:\/\/www.la-jonx.ch\/it\/shop-it\/poster\/le-cret-de-la-neige\/","name":"La Cr\u00eat de la neige - Atelier La Jonx","isPartOf":{"@id":"https:\/\/www.la-jonx.ch\/it\/#website"},"primaryImageOfPage":{"@id":"https:\/\/www.la-jonx.ch\/it\/shop-it\/poster\/le-cret-de-la-neige\/#primaryimage"},"image":{"@id":"https:\/\/www.la-jonx.ch\/it\/shop-it\/poster\/le-cret-de-la-neige\/#primaryimage"},"thumbnailUrl":"https:\/\/www.la-jonx.ch\/wp-content\/uploads\/2025\/07\/75-Affiche-Suisse-Poster-La-Jonx-Le-cret-de-la-neige.jpg","datePublished":"2026-03-10T18:28:51+00:00","description":"\"La Cr\u00eat de la neige\" stampato in Svizzera su carta di qualit\u00e0. Ideale per decorare la casa o come regalo. %","breadcrumb":{"@id":"https:\/\/www.la-jonx.ch\/it\/shop-it\/poster\/le-cret-de-la-neige\/#breadcrumb"},"inLanguage":"it-IT","potentialAction":[{"@type":"ReadAction","target":["https:\/\/www.la-jonx.ch\/it\/shop-it\/poster\/le-cret-de-la-neige\/"]}]},{"@type":"ImageObject","inLanguage":"it-IT","@id":"https:\/\/www.la-jonx.ch\/it\/shop-it\/poster\/le-cret-de-la-neige\/#primaryimage","url":"https:\/\/www.la-jonx.ch\/wp-content\/uploads\/2025\/07\/75-Affiche-Suisse-Poster-La-Jonx-Le-cret-de-la-neige.jpg","contentUrl":"https:\/\/www.la-jonx.ch\/wp-content\/uploads\/2025\/07\/75-Affiche-Suisse-Poster-La-Jonx-Le-cret-de-la-neige.jpg","width":1400,"height":1650,"caption":"Screenshot"},{"@type":"BreadcrumbList","@id":"https:\/\/www.la-jonx.ch\/it\/shop-it\/poster\/le-cret-de-la-neige\/#breadcrumb","itemListElement":[{"@type":"ListItem","position":1,"name":"Accueil","item":"https:\/\/www.la-jonx.ch\/it\/"},{"@type":"ListItem","position":2,"name":"e-Shop","item":"https:\/\/www.la-jonx.ch\/e-shop\/?lang=it"},{"@type":"ListItem","position":3,"name":"Poster","item":"https:\/\/www.la-jonx.ch\/it\/categoria-prodotto\/poster\/"},{"@type":"ListItem","position":4,"name":"La Cr\u00eat de la neige"}]},{"@type":"WebSite","@id":"https:\/\/www.la-jonx.ch\/it\/#website","url":"https:\/\/www.la-jonx.ch\/it\/","name":"La Jonx","description":"Posters svizzeri","publisher":{"@id":"https:\/\/www.la-jonx.ch\/it\/#organization"},"potentialAction":[{"@type":"SearchAction","target":{"@type":"EntryPoint","urlTemplate":"https:\/\/www.la-jonx.ch\/it\/?s={search_term_string}"},"query-input":{"@type":"PropertyValueSpecification","valueRequired":true,"valueName":"search_term_string"}}],"inLanguage":"it-IT"},{"@type":"Organization","@id":"https:\/\/www.la-jonx.ch\/it\/#organization","name":"La Jonx","url":"https:\/\/www.la-jonx.ch\/it\/","logo":{"@type":"ImageObject","inLanguage":"it-IT","@id":"https:\/\/www.la-jonx.ch\/it\/#\/schema\/logo\/image\/","url":"https:\/\/www.la-jonx.ch\/wp-content\/uploads\/2021\/09\/logo-la-jonx-atzelier-graphique.png","contentUrl":"https:\/\/www.la-jonx.ch\/wp-content\/uploads\/2021\/09\/logo-la-jonx-atzelier-graphique.png","width":378,"height":129,"caption":"La Jonx"},"image":{"@id":"https:\/\/www.la-jonx.ch\/it\/#\/schema\/logo\/image\/"},"sameAs":["https:\/\/www.facebook.com\/lajonx.ch","https:\/\/www.instagram.com\/lajonx.ch\/?hl=fr"]}]},"og_availability":"instock","product_availability":"instock","product_condition":"new"},"additional_image_1":"https:\/\/www.la-jonx.ch\/wp-content\/uploads\/2025\/07\/75-Enveloppe-avec-Poster-La-Jonx-Le-cret-de-la-neige.jpg","additional_image_2":"https:\/\/www.la-jonx.ch\/wp-content\/uploads\/2025\/07\/110-Poster-on-a-wall-Le-cret-de-la-neige.jpg","uagb_featured_image_src":{"full":["https:\/\/www.la-jonx.ch\/wp-content\/uploads\/2025\/07\/75-Affiche-Suisse-Poster-La-Jonx-Le-cret-de-la-neige.jpg",1400,1650,false],"thumbnail":["https:\/\/www.la-jonx.ch\/wp-content\/uploads\/2025\/07\/75-Affiche-Suisse-Poster-La-Jonx-Le-cret-de-la-neige-150x150.jpg",150,150,true],"medium":["https:\/\/www.la-jonx.ch\/wp-content\/uploads\/2025\/07\/75-Affiche-Suisse-Poster-La-Jonx-Le-cret-de-la-neige-255x300.jpg",255,300,true],"medium_large":["https:\/\/www.la-jonx.ch\/wp-content\/uploads\/2025\/07\/75-Affiche-Suisse-Poster-La-Jonx-Le-cret-de-la-neige-768x905.jpg",768,905,true],"large":["https:\/\/www.la-jonx.ch\/wp-content\/uploads\/2025\/07\/75-Affiche-Suisse-Poster-La-Jonx-Le-cret-de-la-neige-869x1024.jpg",869,1024,true],"1536x1536":["https:\/\/www.la-jonx.ch\/wp-content\/uploads\/2025\/07\/75-Affiche-Suisse-Poster-La-Jonx-Le-cret-de-la-neige-1303x1536.jpg",1303,1536,true],"2048x2048":["https:\/\/www.la-jonx.ch\/wp-content\/uploads\/2025\/07\/75-Affiche-Suisse-Poster-La-Jonx-Le-cret-de-la-neige.jpg",1400,1650,false],"woocommerce_thumbnail":["https:\/\/www.la-jonx.ch\/wp-content\/uploads\/2025\/07\/75-Affiche-Suisse-Poster-La-Jonx-Le-cret-de-la-neige-350x420.jpg",350,420,true],"woocommerce_single":["https:\/\/www.la-jonx.ch\/wp-content\/uploads\/2025\/07\/75-Affiche-Suisse-Poster-La-Jonx-Le-cret-de-la-neige-510x601.jpg",510,601,true],"woocommerce_gallery_thumbnail":["https:\/\/www.la-jonx.ch\/wp-content\/uploads\/2025\/07\/75-Affiche-Suisse-Poster-La-Jonx-Le-cret-de-la-neige-100x100.jpg",100,100,true],"dgwt-wcas-product-suggestion":["https:\/\/www.la-jonx.ch\/wp-content\/uploads\/2025\/07\/75-Affiche-Suisse-Poster-La-Jonx-Le-cret-de-la-neige.jpg",64,75,false]},"uagb_author_info":{"display_name":"L'atelier La Jonx","author_link":"https:\/\/www.la-jonx.ch\/it\/author\/"},"uagb_comment_info":0,"uagb_excerpt":"Poster sulle cime del Cr\u00eat de la Neige. Stampato in Svizzera su carta di alta qualit\u00e0 ed ecologica. Perfetto come regalo o per decorare la tua casa. Scoprite la maestosit\u00e0 delle Alpi con il nostro poster Cr\u00eat de la Neige. Il poster evoca la tranquillit\u00e0 delle alte vette, un invito visivo alla fuga e all'esplorazione.&hellip;","_links":{"self":[{"href":"https:\/\/www.la-jonx.ch\/it\/wp-json\/wp\/v2\/product\/23731","targetHints":{"allow":["GET"]}}],"collection":[{"href":"https:\/\/www.la-jonx.ch\/it\/wp-json\/wp\/v2\/product"}],"about":[{"href":"https:\/\/www.la-jonx.ch\/it\/wp-json\/wp\/v2\/types\/product"}],"wp:featuredmedia":[{"embeddable":true,"href":"https:\/\/www.la-jonx.ch\/it\/wp-json\/wp\/v2\/media\/36771"}],"wp:attachment":[{"href":"https:\/\/www.la-jonx.ch\/it\/wp-json\/wp\/v2\/media?parent=23731"}],"wp:term":[{"taxonomy":"product_brand","embeddable":true,"href":"https:\/\/www.la-jonx.ch\/it\/wp-json\/wp\/v2\/product_brand?post=23731"},{"taxonomy":"product_cat","embeddable":true,"href":"https:\/\/www.la-jonx.ch\/it\/wp-json\/wp\/v2\/product_cat?post=23731"},{"taxonomy":"product_tag","embeddable":true,"href":"https:\/\/www.la-jonx.ch\/it\/wp-json\/wp\/v2\/product_tag?post=23731"}],"curies":[{"name":"wp","href":"https:\/\/api.w.org\/{rel}","templated":true}]}}