{"id":26022,"date":"2023-12-13T15:42:41","date_gmt":"2023-12-13T14:42:41","guid":{"rendered":"https:\/\/www.la-jonx.ch\/?post_type=product&#038;p=26022"},"modified":"2025-11-26T16:05:35","modified_gmt":"2025-11-26T15:05:35","slug":"tote-bag-feu-lac","status":"publish","type":"product","link":"https:\/\/www.la-jonx.ch\/it\/shop-it\/stile-di-vita\/borse-a-tracolla\/tote-bag-feu-lac\/","title":{"rendered":"Borsa tossa Y&#8217;a pas l&#8217;feu au lac"},"content":{"rendered":"<p>Borse in cotone biologico \ud83c\udf31<\/p>\n<p>Le nostre tote bag in cotone biologico sono pensate per la vita reale: per andare al mercato del sabato, per portare le tue cose al lago per una nuotata o semplicemente per avere una borsa pratica ed elegante a portata di mano.<\/p>\n<p>Ogni borsa \u00e8 realizzata in cotone biologico certificato GOTS, garantito senza pesticidi e sostanze chimiche, e certificato OEKO-TEX\u00ae STANDARD 100 (quindi privo di sostanze nocive per la salute). Il risultato \u00e8 un accessorio robusto ed ecologico, comodo da indossare, rispettoso del pianeta e della tua vita quotidiana. <\/p>\n<p>Un accessorio locale, sostenibile ed elegante \ud83c\udde8\ud83c\udded<\/p>\n<p>Le nostre tote bag si ispirano alla cultura e all&#8217;umorismo svizzero: lago, montagna, espressioni locali&#8230; per creare un souvenir svizzero originale o un regalo eco-responsabile che ti faccia sorridere.<\/p>\n<p>Perch\u00e9 scegliere una tote bag in cotone biologico?<br \/>\n&#8211; \ud83c\udf3f Cotone biologico certificato, morbido e resistente<br \/>\n&#8211; \ud83d\udecd\ufe0f Praticit\u00e0 quotidiana: shopping, spiaggia, lavoro, passeggiate<br \/>\n&#8211; \ud83c\udf81 Perfetta come regalo utile e sostenibile<br \/>\n&#8211; \ud83c\udde8\ud83c\udded Un cenno alla Svizzera da portare ovunque<br \/>\n&#8211; \u267b\ufe0f Alternativa ecologica alle borse di plastica<\/p>\n","protected":false},"excerpt":{"rendered":"<p>Borsa <em>tote<\/em> in cotone biologico \ud83c\udf31 &#8220;Y a pas le feu au lac&#8221;, detto svizzero.<br \/>\nQuesta pratica <em>borsa tote<\/em> ecologica \u00e8 perfetta per le sue uscite al lago, per lo shopping o per le passeggiate in citt\u00e0. Leggera ma resistente, viene portata ovunque con stile! <\/p>\n<ul>\n<li style=\"list-style-type: none;\">\n<ul>\n<li>Materiale: 100% cotone organico 220g, colore ecr\u00f9<\/li>\n<li>Dimensioni: 38 x 42 cm &#8211; misura ideale per la borsa della spesa<\/li>\n<li>Manici lunghi: 67 cm per un comodo trasporto a spalla<\/li>\n<\/ul>\n<\/li>\n<\/ul>\n<p>&nbsp;<\/p>\n","protected":false},"featured_media":25959,"template":"","meta":{"_uag_custom_page_level_css":""},"product_brand":[],"product_cat":[2917],"product_tag":[1977,1975,516,456,1976],"class_list":{"0":"post-26022","1":"product","2":"type-product","3":"status-publish","4":"has-post-thumbnail","6":"product_cat-borse-a-tracolla","7":"product_tag-borsa","8":"product_tag-borsa-tote","9":"product_tag-ginevra","10":"product_tag-lago","11":"product_tag-totebag-it","13":"first","14":"instock","15":"shipping-taxable","16":"purchasable","17":"product-type-simple"},"yoast_head":"<!-- This site is optimized with the Yoast SEO Premium plugin v27.2 (Yoast SEO v27.3) - https:\/\/yoast.com\/product\/yoast-seo-premium-wordpress\/ -->\n<title>Borsa Y&#039;a pas l&#039;feu au lac |Atelier La Jonx<\/title>\n<meta name=\"description\" content=\"Scopri le borse in cotone biologico del laboratorio La Jonx, illustrato a Ginevra \ud83c\udde8\ud83c\udded Svizzera, il regalo originale e personalizzabile perfetto per le aziende.\" \/>\n<meta name=\"robots\" content=\"index, follow, max-snippet:-1, max-image-preview:large, max-video-preview:-1\" \/>\n<link rel=\"canonical\" href=\"https:\/\/www.la-jonx.ch\/it\/shop-it\/stile-di-vita\/borse-a-tracolla\/tote-bag-feu-lac\/\" \/>\n<meta property=\"og:locale\" content=\"it_IT\" \/>\n<meta property=\"og:type\" content=\"article\" \/>\n<meta property=\"og:title\" content=\"Borsa Y&#039;a pas l&#039;feu au lac |Atelier La Jonx\" \/>\n<meta property=\"og:description\" content=\"Scopri le borse in cotone biologico del laboratorio La Jonx, illustrato a Ginevra \ud83c\udde8\ud83c\udded Svizzera, il regalo originale e personalizzabile perfetto per le aziende.\" \/>\n<meta property=\"og:url\" content=\"https:\/\/www.la-jonx.ch\/it\/shop-it\/stile-di-vita\/borse-a-tracolla\/tote-bag-feu-lac\/\" \/>\n<meta property=\"og:site_name\" content=\"La Jonx\" \/>\n<meta property=\"article:publisher\" content=\"https:\/\/www.facebook.com\/lajonx.ch\" \/>\n<meta property=\"article:modified_time\" content=\"2025-11-26T15:05:35+00:00\" \/>\n<meta property=\"og:image\" content=\"https:\/\/www.la-jonx.ch\/wp-content\/uploads\/2023\/12\/Totebag-suisse-en-cotton-bio-Ya-pas-le-feu-au-lac.webp\" \/>\n\t<meta property=\"og:image:width\" content=\"1500\" \/>\n\t<meta property=\"og:image:height\" content=\"1764\" \/>\n\t<meta property=\"og:image:type\" content=\"image\/webp\" \/>\n<meta name=\"twitter:card\" content=\"summary_large_image\" \/>\n<meta name=\"twitter:title\" content=\"Borsa Y&#039;a pas l&#039;feu au lac |Atelier La Jonx\" \/>\n<meta name=\"twitter:label1\" content=\"Prezzo\" \/>\n\t<meta name=\"twitter:data1\" content=\"&#067;&#072;&#070;&nbsp;20.0\" \/>\n\t<meta name=\"twitter:label2\" content=\"Disponibilit\u00e0\" \/>\n\t<meta name=\"twitter:data2\" content=\"In stock\" \/>\n<script type=\"application\/ld+json\" class=\"yoast-schema-graph\">{\"@context\":\"https:\\\/\\\/schema.org\",\"@graph\":[{\"@type\":\"WebPage\",\"@id\":\"https:\\\/\\\/www.la-jonx.ch\\\/it\\\/shop-it\\\/stile-di-vita\\\/borse-a-tracolla\\\/tote-bag-feu-lac\\\/\",\"url\":\"https:\\\/\\\/www.la-jonx.ch\\\/it\\\/shop-it\\\/stile-di-vita\\\/borse-a-tracolla\\\/tote-bag-feu-lac\\\/\",\"name\":\"Borsa Y'a pas l'feu au lac |Atelier La Jonx\",\"isPartOf\":{\"@id\":\"https:\\\/\\\/www.la-jonx.ch\\\/it\\\/#website\"},\"primaryImageOfPage\":{\"@id\":\"https:\\\/\\\/www.la-jonx.ch\\\/it\\\/shop-it\\\/stile-di-vita\\\/borse-a-tracolla\\\/tote-bag-feu-lac\\\/#primaryimage\"},\"image\":{\"@id\":\"https:\\\/\\\/www.la-jonx.ch\\\/it\\\/shop-it\\\/stile-di-vita\\\/borse-a-tracolla\\\/tote-bag-feu-lac\\\/#primaryimage\"},\"thumbnailUrl\":\"https:\\\/\\\/www.la-jonx.ch\\\/wp-content\\\/uploads\\\/2023\\\/12\\\/Totebag-suisse-en-cotton-bio-Ya-pas-le-feu-au-lac.webp\",\"datePublished\":\"2023-12-13T14:42:41+00:00\",\"dateModified\":\"2025-11-26T15:05:35+00:00\",\"description\":\"Scopri le borse in cotone biologico del laboratorio La Jonx, illustrato a Ginevra \ud83c\udde8\ud83c\udded Svizzera, il regalo originale e personalizzabile perfetto per le aziende.\",\"breadcrumb\":{\"@id\":\"https:\\\/\\\/www.la-jonx.ch\\\/it\\\/shop-it\\\/stile-di-vita\\\/borse-a-tracolla\\\/tote-bag-feu-lac\\\/#breadcrumb\"},\"inLanguage\":\"it-IT\",\"potentialAction\":[{\"@type\":\"ReadAction\",\"target\":[\"https:\\\/\\\/www.la-jonx.ch\\\/it\\\/shop-it\\\/stile-di-vita\\\/borse-a-tracolla\\\/tote-bag-feu-lac\\\/\"]}]},{\"@type\":\"ImageObject\",\"inLanguage\":\"it-IT\",\"@id\":\"https:\\\/\\\/www.la-jonx.ch\\\/it\\\/shop-it\\\/stile-di-vita\\\/borse-a-tracolla\\\/tote-bag-feu-lac\\\/#primaryimage\",\"url\":\"https:\\\/\\\/www.la-jonx.ch\\\/wp-content\\\/uploads\\\/2023\\\/12\\\/Totebag-suisse-en-cotton-bio-Ya-pas-le-feu-au-lac.webp\",\"contentUrl\":\"https:\\\/\\\/www.la-jonx.ch\\\/wp-content\\\/uploads\\\/2023\\\/12\\\/Totebag-suisse-en-cotton-bio-Ya-pas-le-feu-au-lac.webp\",\"width\":1500,\"height\":1764,\"caption\":\"Borsa tote Y'a pas l'feu au lac - borsa tote artistica\"},{\"@type\":\"BreadcrumbList\",\"@id\":\"https:\\\/\\\/www.la-jonx.ch\\\/it\\\/shop-it\\\/stile-di-vita\\\/borse-a-tracolla\\\/tote-bag-feu-lac\\\/#breadcrumb\",\"itemListElement\":[{\"@type\":\"ListItem\",\"position\":1,\"name\":\"Accueil\",\"item\":\"https:\\\/\\\/www.la-jonx.ch\\\/it\\\/\"},{\"@type\":\"ListItem\",\"position\":2,\"name\":\"e-Shop\",\"item\":\"https:\\\/\\\/www.la-jonx.ch\\\/e-shop\\\/?lang=it\"},{\"@type\":\"ListItem\",\"position\":3,\"name\":\"Stile di vita\",\"item\":\"https:\\\/\\\/www.la-jonx.ch\\\/it\\\/categoria-prodotto\\\/stile-di-vita\\\/\"},{\"@type\":\"ListItem\",\"position\":4,\"name\":\"Borse a tracolla\",\"item\":\"https:\\\/\\\/www.la-jonx.ch\\\/it\\\/categoria-prodotto\\\/stile-di-vita\\\/borse-a-tracolla\\\/\"},{\"@type\":\"ListItem\",\"position\":5,\"name\":\"Borsa tossa Y&#8217;a pas l&#8217;feu au lac\"}]},{\"@type\":\"WebSite\",\"@id\":\"https:\\\/\\\/www.la-jonx.ch\\\/it\\\/#website\",\"url\":\"https:\\\/\\\/www.la-jonx.ch\\\/it\\\/\",\"name\":\"La Jonx\",\"description\":\"Posters svizzeri\",\"publisher\":{\"@id\":\"https:\\\/\\\/www.la-jonx.ch\\\/it\\\/#organization\"},\"potentialAction\":[{\"@type\":\"SearchAction\",\"target\":{\"@type\":\"EntryPoint\",\"urlTemplate\":\"https:\\\/\\\/www.la-jonx.ch\\\/it\\\/?s={search_term_string}\"},\"query-input\":{\"@type\":\"PropertyValueSpecification\",\"valueRequired\":true,\"valueName\":\"search_term_string\"}}],\"inLanguage\":\"it-IT\"},{\"@type\":\"Organization\",\"@id\":\"https:\\\/\\\/www.la-jonx.ch\\\/it\\\/#organization\",\"name\":\"La Jonx\",\"url\":\"https:\\\/\\\/www.la-jonx.ch\\\/it\\\/\",\"logo\":{\"@type\":\"ImageObject\",\"inLanguage\":\"it-IT\",\"@id\":\"https:\\\/\\\/www.la-jonx.ch\\\/it\\\/#\\\/schema\\\/logo\\\/image\\\/\",\"url\":\"https:\\\/\\\/www.la-jonx.ch\\\/wp-content\\\/uploads\\\/2021\\\/09\\\/logo-la-jonx-atzelier-graphique.png\",\"contentUrl\":\"https:\\\/\\\/www.la-jonx.ch\\\/wp-content\\\/uploads\\\/2021\\\/09\\\/logo-la-jonx-atzelier-graphique.png\",\"width\":378,\"height\":129,\"caption\":\"La Jonx\"},\"image\":{\"@id\":\"https:\\\/\\\/www.la-jonx.ch\\\/it\\\/#\\\/schema\\\/logo\\\/image\\\/\"},\"sameAs\":[\"https:\\\/\\\/www.facebook.com\\\/lajonx.ch\",\"https:\\\/\\\/www.instagram.com\\\/lajonx.ch\\\/?hl=fr\"]}]}<\/script>\n<meta property=\"product:price:amount\" content=\"20.0\" \/>\n<meta property=\"product:price:currency\" content=\"CHF\" \/>\n<meta property=\"og:availability\" content=\"instock\" \/>\n<meta property=\"product:availability\" content=\"instock\" \/>\n<meta property=\"product:retailer_item_id\" content=\"3760442020086\" \/>\n<meta property=\"product:condition\" content=\"new\" \/>\n<!-- \/ Yoast SEO Premium plugin. -->","yoast_head_json":{"title":"Borsa Y'a pas l'feu au lac |Atelier La Jonx","description":"Scopri le borse in cotone biologico del laboratorio La Jonx, illustrato a Ginevra \ud83c\udde8\ud83c\udded Svizzera, il regalo originale e personalizzabile perfetto per le aziende.","robots":{"index":"index","follow":"follow","max-snippet":"max-snippet:-1","max-image-preview":"max-image-preview:large","max-video-preview":"max-video-preview:-1"},"canonical":"https:\/\/www.la-jonx.ch\/it\/shop-it\/stile-di-vita\/borse-a-tracolla\/tote-bag-feu-lac\/","og_locale":"it_IT","og_type":"article","og_title":"Borsa Y'a pas l'feu au lac |Atelier La Jonx","og_description":"Scopri le borse in cotone biologico del laboratorio La Jonx, illustrato a Ginevra \ud83c\udde8\ud83c\udded Svizzera, il regalo originale e personalizzabile perfetto per le aziende.","og_url":"https:\/\/www.la-jonx.ch\/it\/shop-it\/stile-di-vita\/borse-a-tracolla\/tote-bag-feu-lac\/","og_site_name":"La Jonx","article_publisher":"https:\/\/www.facebook.com\/lajonx.ch","article_modified_time":"2025-11-26T15:05:35+00:00","og_image":[{"width":1500,"height":1764,"url":"https:\/\/www.la-jonx.ch\/wp-content\/uploads\/2023\/12\/Totebag-suisse-en-cotton-bio-Ya-pas-le-feu-au-lac.webp","type":"image\/webp"}],"twitter_card":"summary_large_image","twitter_title":"Borsa Y'a pas l'feu au lac |Atelier La Jonx","twitter_misc":{"Prezzo":"&#67;&#72;&#70;&nbsp;20.0","Disponibilit\u00e0":"In stock"},"schema":{"@context":"https:\/\/schema.org","@graph":[{"@type":"WebPage","@id":"https:\/\/www.la-jonx.ch\/it\/shop-it\/stile-di-vita\/borse-a-tracolla\/tote-bag-feu-lac\/","url":"https:\/\/www.la-jonx.ch\/it\/shop-it\/stile-di-vita\/borse-a-tracolla\/tote-bag-feu-lac\/","name":"Borsa Y'a pas l'feu au lac |Atelier La Jonx","isPartOf":{"@id":"https:\/\/www.la-jonx.ch\/it\/#website"},"primaryImageOfPage":{"@id":"https:\/\/www.la-jonx.ch\/it\/shop-it\/stile-di-vita\/borse-a-tracolla\/tote-bag-feu-lac\/#primaryimage"},"image":{"@id":"https:\/\/www.la-jonx.ch\/it\/shop-it\/stile-di-vita\/borse-a-tracolla\/tote-bag-feu-lac\/#primaryimage"},"thumbnailUrl":"https:\/\/www.la-jonx.ch\/wp-content\/uploads\/2023\/12\/Totebag-suisse-en-cotton-bio-Ya-pas-le-feu-au-lac.webp","datePublished":"2023-12-13T14:42:41+00:00","dateModified":"2025-11-26T15:05:35+00:00","description":"Scopri le borse in cotone biologico del laboratorio La Jonx, illustrato a Ginevra \ud83c\udde8\ud83c\udded Svizzera, il regalo originale e personalizzabile perfetto per le aziende.","breadcrumb":{"@id":"https:\/\/www.la-jonx.ch\/it\/shop-it\/stile-di-vita\/borse-a-tracolla\/tote-bag-feu-lac\/#breadcrumb"},"inLanguage":"it-IT","potentialAction":[{"@type":"ReadAction","target":["https:\/\/www.la-jonx.ch\/it\/shop-it\/stile-di-vita\/borse-a-tracolla\/tote-bag-feu-lac\/"]}]},{"@type":"ImageObject","inLanguage":"it-IT","@id":"https:\/\/www.la-jonx.ch\/it\/shop-it\/stile-di-vita\/borse-a-tracolla\/tote-bag-feu-lac\/#primaryimage","url":"https:\/\/www.la-jonx.ch\/wp-content\/uploads\/2023\/12\/Totebag-suisse-en-cotton-bio-Ya-pas-le-feu-au-lac.webp","contentUrl":"https:\/\/www.la-jonx.ch\/wp-content\/uploads\/2023\/12\/Totebag-suisse-en-cotton-bio-Ya-pas-le-feu-au-lac.webp","width":1500,"height":1764,"caption":"Borsa tote Y'a pas l'feu au lac - borsa tote artistica"},{"@type":"BreadcrumbList","@id":"https:\/\/www.la-jonx.ch\/it\/shop-it\/stile-di-vita\/borse-a-tracolla\/tote-bag-feu-lac\/#breadcrumb","itemListElement":[{"@type":"ListItem","position":1,"name":"Accueil","item":"https:\/\/www.la-jonx.ch\/it\/"},{"@type":"ListItem","position":2,"name":"e-Shop","item":"https:\/\/www.la-jonx.ch\/e-shop\/?lang=it"},{"@type":"ListItem","position":3,"name":"Stile di vita","item":"https:\/\/www.la-jonx.ch\/it\/categoria-prodotto\/stile-di-vita\/"},{"@type":"ListItem","position":4,"name":"Borse a tracolla","item":"https:\/\/www.la-jonx.ch\/it\/categoria-prodotto\/stile-di-vita\/borse-a-tracolla\/"},{"@type":"ListItem","position":5,"name":"Borsa tossa Y&#8217;a pas l&#8217;feu au lac"}]},{"@type":"WebSite","@id":"https:\/\/www.la-jonx.ch\/it\/#website","url":"https:\/\/www.la-jonx.ch\/it\/","name":"La Jonx","description":"Posters svizzeri","publisher":{"@id":"https:\/\/www.la-jonx.ch\/it\/#organization"},"potentialAction":[{"@type":"SearchAction","target":{"@type":"EntryPoint","urlTemplate":"https:\/\/www.la-jonx.ch\/it\/?s={search_term_string}"},"query-input":{"@type":"PropertyValueSpecification","valueRequired":true,"valueName":"search_term_string"}}],"inLanguage":"it-IT"},{"@type":"Organization","@id":"https:\/\/www.la-jonx.ch\/it\/#organization","name":"La Jonx","url":"https:\/\/www.la-jonx.ch\/it\/","logo":{"@type":"ImageObject","inLanguage":"it-IT","@id":"https:\/\/www.la-jonx.ch\/it\/#\/schema\/logo\/image\/","url":"https:\/\/www.la-jonx.ch\/wp-content\/uploads\/2021\/09\/logo-la-jonx-atzelier-graphique.png","contentUrl":"https:\/\/www.la-jonx.ch\/wp-content\/uploads\/2021\/09\/logo-la-jonx-atzelier-graphique.png","width":378,"height":129,"caption":"La Jonx"},"image":{"@id":"https:\/\/www.la-jonx.ch\/it\/#\/schema\/logo\/image\/"},"sameAs":["https:\/\/www.facebook.com\/lajonx.ch","https:\/\/www.instagram.com\/lajonx.ch\/?hl=fr"]}]},"product_price_amount":"20.0","product_price_currency":"CHF","og_availability":"instock","product_availability":"instock","product_retailer_item_id":"3760442020086","product_condition":"new"},"additional_image_1":null,"additional_image_2":null,"uagb_featured_image_src":{"full":["https:\/\/www.la-jonx.ch\/wp-content\/uploads\/2023\/12\/Totebag-suisse-en-cotton-bio-Ya-pas-le-feu-au-lac.webp",1500,1764,false],"thumbnail":["https:\/\/www.la-jonx.ch\/wp-content\/uploads\/2023\/12\/Totebag-suisse-en-cotton-bio-Ya-pas-le-feu-au-lac-150x150.webp",150,150,true],"medium":["https:\/\/www.la-jonx.ch\/wp-content\/uploads\/2023\/12\/Totebag-suisse-en-cotton-bio-Ya-pas-le-feu-au-lac-255x300.webp",255,300,true],"medium_large":["https:\/\/www.la-jonx.ch\/wp-content\/uploads\/2023\/12\/Totebag-suisse-en-cotton-bio-Ya-pas-le-feu-au-lac-768x903.webp",768,903,true],"large":["https:\/\/www.la-jonx.ch\/wp-content\/uploads\/2023\/12\/Totebag-suisse-en-cotton-bio-Ya-pas-le-feu-au-lac-871x1024.webp",871,1024,true],"1536x1536":["https:\/\/www.la-jonx.ch\/wp-content\/uploads\/2023\/12\/Totebag-suisse-en-cotton-bio-Ya-pas-le-feu-au-lac-1306x1536.webp",1306,1536,true],"2048x2048":["https:\/\/www.la-jonx.ch\/wp-content\/uploads\/2023\/12\/Totebag-suisse-en-cotton-bio-Ya-pas-le-feu-au-lac.webp",1500,1764,false],"woocommerce_thumbnail":["https:\/\/www.la-jonx.ch\/wp-content\/uploads\/2023\/12\/Totebag-suisse-en-cotton-bio-Ya-pas-le-feu-au-lac-350x420.webp",350,420,true],"woocommerce_single":["https:\/\/www.la-jonx.ch\/wp-content\/uploads\/2023\/12\/Totebag-suisse-en-cotton-bio-Ya-pas-le-feu-au-lac-510x600.webp",510,600,true],"woocommerce_gallery_thumbnail":["https:\/\/www.la-jonx.ch\/wp-content\/uploads\/2023\/12\/Totebag-suisse-en-cotton-bio-Ya-pas-le-feu-au-lac-100x100.webp",100,100,true],"dgwt-wcas-product-suggestion":["https:\/\/www.la-jonx.ch\/wp-content\/uploads\/2023\/12\/Totebag-suisse-en-cotton-bio-Ya-pas-le-feu-au-lac.webp",64,75,false]},"uagb_author_info":{"display_name":"L'atelier La Jonx","author_link":"https:\/\/www.la-jonx.ch\/it\/author\/"},"uagb_comment_info":0,"uagb_excerpt":"Borsa tote in cotone biologico \ud83c\udf31 \"Y a pas le feu au lac\", detto svizzero. Questa pratica borsa tote ecologica \u00e8 perfetta per le sue uscite al lago, per lo shopping o per le passeggiate in citt\u00e0. Leggera ma resistente, viene portata ovunque con stile! Materiale: 100% cotone organico 220g, colore ecr\u00f9 Dimensioni: 38 x&hellip;","_links":{"self":[{"href":"https:\/\/www.la-jonx.ch\/it\/wp-json\/wp\/v2\/product\/26022","targetHints":{"allow":["GET"]}}],"collection":[{"href":"https:\/\/www.la-jonx.ch\/it\/wp-json\/wp\/v2\/product"}],"about":[{"href":"https:\/\/www.la-jonx.ch\/it\/wp-json\/wp\/v2\/types\/product"}],"wp:featuredmedia":[{"embeddable":true,"href":"https:\/\/www.la-jonx.ch\/it\/wp-json\/wp\/v2\/media\/25959"}],"wp:attachment":[{"href":"https:\/\/www.la-jonx.ch\/it\/wp-json\/wp\/v2\/media?parent=26022"}],"wp:term":[{"taxonomy":"product_brand","embeddable":true,"href":"https:\/\/www.la-jonx.ch\/it\/wp-json\/wp\/v2\/product_brand?post=26022"},{"taxonomy":"product_cat","embeddable":true,"href":"https:\/\/www.la-jonx.ch\/it\/wp-json\/wp\/v2\/product_cat?post=26022"},{"taxonomy":"product_tag","embeddable":true,"href":"https:\/\/www.la-jonx.ch\/it\/wp-json\/wp\/v2\/product_tag?post=26022"}],"curies":[{"name":"wp","href":"https:\/\/api.w.org\/{rel}","templated":true}]}}