{"id":27280,"date":"2024-06-25T13:51:58","date_gmt":"2024-06-25T11:51:58","guid":{"rendered":"https:\/\/www.la-jonx.ch\/?post_type=product&#038;p=27280"},"modified":"2024-07-03T15:54:45","modified_gmt":"2024-07-03T13:54:45","slug":"losanna-piazza-della-palud","status":"publish","type":"product","link":"https:\/\/www.la-jonx.ch\/it\/shop-it\/poster\/cantoni\/vaud\/losanna-piazza-della-palud\/","title":{"rendered":"Losanna &#8211; Piazza della Palud"},"content":{"rendered":"<p>          [longdescription]\n","protected":false},"excerpt":{"rendered":"<p>Poster di Losanna, Svizzera \ud83c\udde8\ud83c\udded, realizzato in collaborazione con la gioielleria Lionel Meylan. Poster stampato in Svizzera su carta ecologica di alta qualit\u00e0. Perfetto come regalo o per decorare la tua casa.<i><\/i><\/p>\n<p><em>All&#8217;incrocio di diverse strade pedonali, questa piazza \u00e8 uno dei punti focali della citt\u00e0, con il suo municipio del XVII secolo, il suo grande tetto tipicamente vodese, i suoi portici e la sua facciata rinascimentale ornata da due gargoyle in rame a forma di drago.<\/em><\/p>\n<p><em>Al centro della piazza si trova una fontana, la pi\u00f9 antica della citt\u00e0, ornata da una statua della Giustizia.<\/em><\/p>\n<!--<div class=\"call-action\">\ud83c\udf84 Commandez d\u00e8s maintenant pour recevoir avant No\u00ebl<br>\ud83c\udf85\ud83c\udffb Offre de No\u00ebl: 20CHF offerts pour 3 affiches achet\u00e9es<\/div>\r\n<div class=\"call-action\"><\/div> -->\n","protected":false},"featured_media":35754,"template":"","meta":{"_uag_custom_page_level_css":""},"product_brand":[],"product_cat":[2873,2894,2907,2908],"product_tag":[2057,734,1949,1941,519,423],"class_list":{"0":"post-27280","1":"product","2":"type-product","3":"status-publish","4":"has-post-thumbnail","6":"product_cat-poster","7":"product_cat-vaud","8":"product_cat-monumenti","9":"product_cat-collaborazioni","10":"product_tag-bog","11":"product_tag-fontana","12":"product_tag-losanna","13":"product_tag-piazza","14":"product_tag-vaud-it","15":"product_tag-viaggio","17":"first","18":"instock","19":"shipping-taxable","20":"purchasable","21":"product-type-variable","22":"has-default-attributes"},"yoast_head":"<!-- This site is optimized with the Yoast SEO Premium plugin v27.4 (Yoast SEO v27.4) - https:\/\/yoast.com\/product\/yoast-seo-premium-wordpress\/ -->\n<title>Losanna - Piazza della Palud - Atelier La Jonx<\/title>\n<meta name=\"description\" content=\"Svizzera \u201cLosanna - Piazza della Palud\u201d stampato su materiali di alta qualit\u00e0 ed eco-responsabili. Ideale per decorare la casa o come regalo. %\" \/>\n<meta name=\"robots\" content=\"index, follow, max-snippet:-1, max-image-preview:large, max-video-preview:-1\" \/>\n<link rel=\"canonical\" href=\"https:\/\/www.la-jonx.ch\/it\/shop-it\/poster\/cantoni\/vaud\/losanna-piazza-della-palud\/\" \/>\n<meta property=\"og:locale\" content=\"it_IT\" \/>\n<meta property=\"og:type\" content=\"article\" \/>\n<meta property=\"og:title\" content=\"Losanna - Piazza della Palud\" \/>\n<meta property=\"og:description\" content=\"Svizzera \u201cLosanna - Piazza della Palud\u201d stampato su materiali di alta qualit\u00e0 ed eco-responsabili. Ideale per decorare la casa o come regalo. %\" \/>\n<meta property=\"og:url\" content=\"https:\/\/www.la-jonx.ch\/it\/shop-it\/poster\/cantoni\/vaud\/losanna-piazza-della-palud\/\" \/>\n<meta property=\"og:site_name\" content=\"La Jonx\" \/>\n<meta property=\"article:publisher\" content=\"https:\/\/www.facebook.com\/lajonx.ch\" \/>\n<meta property=\"article:modified_time\" content=\"2024-07-03T13:54:45+00:00\" \/>\n<meta property=\"og:image\" content=\"https:\/\/www.la-jonx.ch\/wp-content\/uploads\/2025\/07\/64-Affiche-Suisse-Poster-La-Jonx-Lausanne-Palud-.jpg\" \/>\n\t<meta property=\"og:image:width\" content=\"1400\" \/>\n\t<meta property=\"og:image:height\" content=\"1650\" \/>\n\t<meta property=\"og:image:type\" content=\"image\/jpeg\" \/>\n<meta name=\"twitter:card\" content=\"summary_large_image\" \/>\n<meta name=\"twitter:label1\" content=\"Disponibilit\u00e0\" \/>\n\t<meta name=\"twitter:data1\" content=\"In stock\" \/>\n<script type=\"application\/ld+json\" class=\"yoast-schema-graph\">{\"@context\":\"https:\\\/\\\/schema.org\",\"@graph\":[{\"@type\":\"WebPage\",\"@id\":\"https:\\\/\\\/www.la-jonx.ch\\\/it\\\/shop-it\\\/poster\\\/cantoni\\\/vaud\\\/losanna-piazza-della-palud\\\/\",\"url\":\"https:\\\/\\\/www.la-jonx.ch\\\/it\\\/shop-it\\\/poster\\\/cantoni\\\/vaud\\\/losanna-piazza-della-palud\\\/\",\"name\":\"Losanna - Piazza della Palud - Atelier La Jonx\",\"isPartOf\":{\"@id\":\"https:\\\/\\\/www.la-jonx.ch\\\/it\\\/#website\"},\"primaryImageOfPage\":{\"@id\":\"https:\\\/\\\/www.la-jonx.ch\\\/it\\\/shop-it\\\/poster\\\/cantoni\\\/vaud\\\/losanna-piazza-della-palud\\\/#primaryimage\"},\"image\":{\"@id\":\"https:\\\/\\\/www.la-jonx.ch\\\/it\\\/shop-it\\\/poster\\\/cantoni\\\/vaud\\\/losanna-piazza-della-palud\\\/#primaryimage\"},\"thumbnailUrl\":\"https:\\\/\\\/www.la-jonx.ch\\\/wp-content\\\/uploads\\\/2025\\\/07\\\/64-Affiche-Suisse-Poster-La-Jonx-Lausanne-Palud-.jpg\",\"datePublished\":\"2024-06-25T11:51:58+00:00\",\"dateModified\":\"2024-07-03T13:54:45+00:00\",\"description\":\"Svizzera \u201cLosanna - Piazza della Palud\u201d stampato su materiali di alta qualit\u00e0 ed eco-responsabili. Ideale per decorare la casa o come regalo. %\",\"breadcrumb\":{\"@id\":\"https:\\\/\\\/www.la-jonx.ch\\\/it\\\/shop-it\\\/poster\\\/cantoni\\\/vaud\\\/losanna-piazza-della-palud\\\/#breadcrumb\"},\"inLanguage\":\"it-IT\",\"potentialAction\":[{\"@type\":\"ReadAction\",\"target\":[\"https:\\\/\\\/www.la-jonx.ch\\\/it\\\/shop-it\\\/poster\\\/cantoni\\\/vaud\\\/losanna-piazza-della-palud\\\/\"]}]},{\"@type\":\"ImageObject\",\"inLanguage\":\"it-IT\",\"@id\":\"https:\\\/\\\/www.la-jonx.ch\\\/it\\\/shop-it\\\/poster\\\/cantoni\\\/vaud\\\/losanna-piazza-della-palud\\\/#primaryimage\",\"url\":\"https:\\\/\\\/www.la-jonx.ch\\\/wp-content\\\/uploads\\\/2025\\\/07\\\/64-Affiche-Suisse-Poster-La-Jonx-Lausanne-Palud-.jpg\",\"contentUrl\":\"https:\\\/\\\/www.la-jonx.ch\\\/wp-content\\\/uploads\\\/2025\\\/07\\\/64-Affiche-Suisse-Poster-La-Jonx-Lausanne-Palud-.jpg\",\"width\":1400,\"height\":1650,\"caption\":\"Screenshot\"},{\"@type\":\"BreadcrumbList\",\"@id\":\"https:\\\/\\\/www.la-jonx.ch\\\/it\\\/shop-it\\\/poster\\\/cantoni\\\/vaud\\\/losanna-piazza-della-palud\\\/#breadcrumb\",\"itemListElement\":[{\"@type\":\"ListItem\",\"position\":1,\"name\":\"Accueil\",\"item\":\"https:\\\/\\\/www.la-jonx.ch\\\/it\\\/\"},{\"@type\":\"ListItem\",\"position\":2,\"name\":\"e-Shop\",\"item\":\"https:\\\/\\\/www.la-jonx.ch\\\/e-shop\\\/?lang=it\"},{\"@type\":\"ListItem\",\"position\":3,\"name\":\"Losanna &#8211; Piazza della Palud\"}]},{\"@type\":\"WebSite\",\"@id\":\"https:\\\/\\\/www.la-jonx.ch\\\/it\\\/#website\",\"url\":\"https:\\\/\\\/www.la-jonx.ch\\\/it\\\/\",\"name\":\"La Jonx\",\"description\":\"Posters svizzeri\",\"publisher\":{\"@id\":\"https:\\\/\\\/www.la-jonx.ch\\\/it\\\/#organization\"},\"potentialAction\":[{\"@type\":\"SearchAction\",\"target\":{\"@type\":\"EntryPoint\",\"urlTemplate\":\"https:\\\/\\\/www.la-jonx.ch\\\/it\\\/?s={search_term_string}\"},\"query-input\":{\"@type\":\"PropertyValueSpecification\",\"valueRequired\":true,\"valueName\":\"search_term_string\"}}],\"inLanguage\":\"it-IT\"},{\"@type\":\"Organization\",\"@id\":\"https:\\\/\\\/www.la-jonx.ch\\\/it\\\/#organization\",\"name\":\"La Jonx\",\"url\":\"https:\\\/\\\/www.la-jonx.ch\\\/it\\\/\",\"logo\":{\"@type\":\"ImageObject\",\"inLanguage\":\"it-IT\",\"@id\":\"https:\\\/\\\/www.la-jonx.ch\\\/it\\\/#\\\/schema\\\/logo\\\/image\\\/\",\"url\":\"https:\\\/\\\/www.la-jonx.ch\\\/wp-content\\\/uploads\\\/2021\\\/09\\\/logo-la-jonx-atzelier-graphique.png\",\"contentUrl\":\"https:\\\/\\\/www.la-jonx.ch\\\/wp-content\\\/uploads\\\/2021\\\/09\\\/logo-la-jonx-atzelier-graphique.png\",\"width\":378,\"height\":129,\"caption\":\"La Jonx\"},\"image\":{\"@id\":\"https:\\\/\\\/www.la-jonx.ch\\\/it\\\/#\\\/schema\\\/logo\\\/image\\\/\"},\"sameAs\":[\"https:\\\/\\\/www.facebook.com\\\/lajonx.ch\",\"https:\\\/\\\/www.instagram.com\\\/lajonx.ch\\\/?hl=fr\"]}]}<\/script>\n<meta property=\"og:availability\" content=\"instock\" \/>\n<meta property=\"product:availability\" content=\"instock\" \/>\n<meta property=\"product:condition\" content=\"new\" \/>\n<!-- \/ Yoast SEO Premium plugin. -->","yoast_head_json":{"title":"Losanna - Piazza della Palud - Atelier La Jonx","description":"Svizzera \u201cLosanna - Piazza della Palud\u201d stampato su materiali di alta qualit\u00e0 ed eco-responsabili. Ideale per decorare la casa o come regalo. %","robots":{"index":"index","follow":"follow","max-snippet":"max-snippet:-1","max-image-preview":"max-image-preview:large","max-video-preview":"max-video-preview:-1"},"canonical":"https:\/\/www.la-jonx.ch\/it\/shop-it\/poster\/cantoni\/vaud\/losanna-piazza-della-palud\/","og_locale":"it_IT","og_type":"article","og_title":"Losanna - Piazza della Palud","og_description":"Svizzera \u201cLosanna - Piazza della Palud\u201d stampato su materiali di alta qualit\u00e0 ed eco-responsabili. Ideale per decorare la casa o come regalo. %","og_url":"https:\/\/www.la-jonx.ch\/it\/shop-it\/poster\/cantoni\/vaud\/losanna-piazza-della-palud\/","og_site_name":"La Jonx","article_publisher":"https:\/\/www.facebook.com\/lajonx.ch","article_modified_time":"2024-07-03T13:54:45+00:00","og_image":[{"width":1400,"height":1650,"url":"https:\/\/www.la-jonx.ch\/wp-content\/uploads\/2025\/07\/64-Affiche-Suisse-Poster-La-Jonx-Lausanne-Palud-.jpg","type":"image\/jpeg"}],"twitter_card":"summary_large_image","twitter_misc":{"Disponibilit\u00e0":"In stock"},"schema":{"@context":"https:\/\/schema.org","@graph":[{"@type":"WebPage","@id":"https:\/\/www.la-jonx.ch\/it\/shop-it\/poster\/cantoni\/vaud\/losanna-piazza-della-palud\/","url":"https:\/\/www.la-jonx.ch\/it\/shop-it\/poster\/cantoni\/vaud\/losanna-piazza-della-palud\/","name":"Losanna - Piazza della Palud - Atelier La Jonx","isPartOf":{"@id":"https:\/\/www.la-jonx.ch\/it\/#website"},"primaryImageOfPage":{"@id":"https:\/\/www.la-jonx.ch\/it\/shop-it\/poster\/cantoni\/vaud\/losanna-piazza-della-palud\/#primaryimage"},"image":{"@id":"https:\/\/www.la-jonx.ch\/it\/shop-it\/poster\/cantoni\/vaud\/losanna-piazza-della-palud\/#primaryimage"},"thumbnailUrl":"https:\/\/www.la-jonx.ch\/wp-content\/uploads\/2025\/07\/64-Affiche-Suisse-Poster-La-Jonx-Lausanne-Palud-.jpg","datePublished":"2024-06-25T11:51:58+00:00","dateModified":"2024-07-03T13:54:45+00:00","description":"Svizzera \u201cLosanna - Piazza della Palud\u201d stampato su materiali di alta qualit\u00e0 ed eco-responsabili. Ideale per decorare la casa o come regalo. %","breadcrumb":{"@id":"https:\/\/www.la-jonx.ch\/it\/shop-it\/poster\/cantoni\/vaud\/losanna-piazza-della-palud\/#breadcrumb"},"inLanguage":"it-IT","potentialAction":[{"@type":"ReadAction","target":["https:\/\/www.la-jonx.ch\/it\/shop-it\/poster\/cantoni\/vaud\/losanna-piazza-della-palud\/"]}]},{"@type":"ImageObject","inLanguage":"it-IT","@id":"https:\/\/www.la-jonx.ch\/it\/shop-it\/poster\/cantoni\/vaud\/losanna-piazza-della-palud\/#primaryimage","url":"https:\/\/www.la-jonx.ch\/wp-content\/uploads\/2025\/07\/64-Affiche-Suisse-Poster-La-Jonx-Lausanne-Palud-.jpg","contentUrl":"https:\/\/www.la-jonx.ch\/wp-content\/uploads\/2025\/07\/64-Affiche-Suisse-Poster-La-Jonx-Lausanne-Palud-.jpg","width":1400,"height":1650,"caption":"Screenshot"},{"@type":"BreadcrumbList","@id":"https:\/\/www.la-jonx.ch\/it\/shop-it\/poster\/cantoni\/vaud\/losanna-piazza-della-palud\/#breadcrumb","itemListElement":[{"@type":"ListItem","position":1,"name":"Accueil","item":"https:\/\/www.la-jonx.ch\/it\/"},{"@type":"ListItem","position":2,"name":"e-Shop","item":"https:\/\/www.la-jonx.ch\/e-shop\/?lang=it"},{"@type":"ListItem","position":3,"name":"Losanna &#8211; Piazza della Palud"}]},{"@type":"WebSite","@id":"https:\/\/www.la-jonx.ch\/it\/#website","url":"https:\/\/www.la-jonx.ch\/it\/","name":"La Jonx","description":"Posters svizzeri","publisher":{"@id":"https:\/\/www.la-jonx.ch\/it\/#organization"},"potentialAction":[{"@type":"SearchAction","target":{"@type":"EntryPoint","urlTemplate":"https:\/\/www.la-jonx.ch\/it\/?s={search_term_string}"},"query-input":{"@type":"PropertyValueSpecification","valueRequired":true,"valueName":"search_term_string"}}],"inLanguage":"it-IT"},{"@type":"Organization","@id":"https:\/\/www.la-jonx.ch\/it\/#organization","name":"La Jonx","url":"https:\/\/www.la-jonx.ch\/it\/","logo":{"@type":"ImageObject","inLanguage":"it-IT","@id":"https:\/\/www.la-jonx.ch\/it\/#\/schema\/logo\/image\/","url":"https:\/\/www.la-jonx.ch\/wp-content\/uploads\/2021\/09\/logo-la-jonx-atzelier-graphique.png","contentUrl":"https:\/\/www.la-jonx.ch\/wp-content\/uploads\/2021\/09\/logo-la-jonx-atzelier-graphique.png","width":378,"height":129,"caption":"La Jonx"},"image":{"@id":"https:\/\/www.la-jonx.ch\/it\/#\/schema\/logo\/image\/"},"sameAs":["https:\/\/www.facebook.com\/lajonx.ch","https:\/\/www.instagram.com\/lajonx.ch\/?hl=fr"]}]},"og_availability":"instock","product_availability":"instock","product_condition":"new"},"additional_image_1":"https:\/\/www.la-jonx.ch\/wp-content\/uploads\/2025\/07\/64-Enveloppe-avec-Poster-La-Jonx-Lausanne-Palud-.jpg","additional_image_2":"https:\/\/www.la-jonx.ch\/wp-content\/uploads\/2025\/07\/9950x70cm-swiss-posters-in-tubesBPI-30x40-Lausanne-Palud-.jpg","uagb_featured_image_src":{"full":["https:\/\/www.la-jonx.ch\/wp-content\/uploads\/2025\/07\/64-Affiche-Suisse-Poster-La-Jonx-Lausanne-Palud-.jpg",1400,1650,false],"thumbnail":["https:\/\/www.la-jonx.ch\/wp-content\/uploads\/2025\/07\/64-Affiche-Suisse-Poster-La-Jonx-Lausanne-Palud--150x150.jpg",150,150,true],"medium":["https:\/\/www.la-jonx.ch\/wp-content\/uploads\/2025\/07\/64-Affiche-Suisse-Poster-La-Jonx-Lausanne-Palud--255x300.jpg",255,300,true],"medium_large":["https:\/\/www.la-jonx.ch\/wp-content\/uploads\/2025\/07\/64-Affiche-Suisse-Poster-La-Jonx-Lausanne-Palud--768x905.jpg",768,905,true],"large":["https:\/\/www.la-jonx.ch\/wp-content\/uploads\/2025\/07\/64-Affiche-Suisse-Poster-La-Jonx-Lausanne-Palud--869x1024.jpg",869,1024,true],"1536x1536":["https:\/\/www.la-jonx.ch\/wp-content\/uploads\/2025\/07\/64-Affiche-Suisse-Poster-La-Jonx-Lausanne-Palud--1303x1536.jpg",1303,1536,true],"2048x2048":["https:\/\/www.la-jonx.ch\/wp-content\/uploads\/2025\/07\/64-Affiche-Suisse-Poster-La-Jonx-Lausanne-Palud-.jpg",1400,1650,false],"woocommerce_thumbnail":["https:\/\/www.la-jonx.ch\/wp-content\/uploads\/2025\/07\/64-Affiche-Suisse-Poster-La-Jonx-Lausanne-Palud--350x420.jpg",350,420,true],"woocommerce_single":["https:\/\/www.la-jonx.ch\/wp-content\/uploads\/2025\/07\/64-Affiche-Suisse-Poster-La-Jonx-Lausanne-Palud--510x601.jpg",510,601,true],"woocommerce_gallery_thumbnail":["https:\/\/www.la-jonx.ch\/wp-content\/uploads\/2025\/07\/64-Affiche-Suisse-Poster-La-Jonx-Lausanne-Palud--100x100.jpg",100,100,true],"dgwt-wcas-product-suggestion":["https:\/\/www.la-jonx.ch\/wp-content\/uploads\/2025\/07\/64-Affiche-Suisse-Poster-La-Jonx-Lausanne-Palud-.jpg",64,75,false]},"uagb_author_info":{"display_name":"L'atelier La Jonx","author_link":"https:\/\/www.la-jonx.ch\/it\/author\/"},"uagb_comment_info":0,"uagb_excerpt":"Poster di Losanna, Svizzera \ud83c\udde8\ud83c\udded, realizzato in collaborazione con la gioielleria Lionel Meylan. Poster stampato in Svizzera su carta ecologica di alta qualit\u00e0. Perfetto come regalo o per decorare la tua casa. All'incrocio di diverse strade pedonali, questa piazza \u00e8 uno dei punti focali della citt\u00e0, con il suo municipio del XVII secolo, il suo&hellip;","_links":{"self":[{"href":"https:\/\/www.la-jonx.ch\/it\/wp-json\/wp\/v2\/product\/27280","targetHints":{"allow":["GET"]}}],"collection":[{"href":"https:\/\/www.la-jonx.ch\/it\/wp-json\/wp\/v2\/product"}],"about":[{"href":"https:\/\/www.la-jonx.ch\/it\/wp-json\/wp\/v2\/types\/product"}],"wp:featuredmedia":[{"embeddable":true,"href":"https:\/\/www.la-jonx.ch\/it\/wp-json\/wp\/v2\/media\/35754"}],"wp:attachment":[{"href":"https:\/\/www.la-jonx.ch\/it\/wp-json\/wp\/v2\/media?parent=27280"}],"wp:term":[{"taxonomy":"product_brand","embeddable":true,"href":"https:\/\/www.la-jonx.ch\/it\/wp-json\/wp\/v2\/product_brand?post=27280"},{"taxonomy":"product_cat","embeddable":true,"href":"https:\/\/www.la-jonx.ch\/it\/wp-json\/wp\/v2\/product_cat?post=27280"},{"taxonomy":"product_tag","embeddable":true,"href":"https:\/\/www.la-jonx.ch\/it\/wp-json\/wp\/v2\/product_tag?post=27280"}],"curies":[{"name":"wp","href":"https:\/\/api.w.org\/{rel}","templated":true}]}}