{"id":28675,"date":"2024-09-17T10:00:18","date_gmt":"2024-09-17T08:00:18","guid":{"rendered":"https:\/\/www.la-jonx.ch\/?post_type=product&#038;p=28675"},"modified":"2025-12-03T13:45:42","modified_gmt":"2025-12-03T12:45:42","slug":"losanna-hc","status":"publish","type":"product","link":"https:\/\/www.la-jonx.ch\/it\/shop-it\/poster\/losanna-hc\/","title":{"rendered":"Losanna Hockey Club"},"content":{"rendered":"<p>Poster artistico e di design per l&#8217;<strong>Hockey Club di Losanna<\/strong>, Cantone di Vaud, Svizzera.<\/p>\n<p>Questo poster dell&#8217;<strong>Hockey Club di Losanna<\/strong>, cantone di Vaud, Svizzera, \u00e8 una creazione grafica pensata per dare un tocco estetico e contemporaneo alla sua casa. Con il suo stile visivo sofisticato e i suoi colori armoniosi, \u00e8 facile da integrare in qualsiasi spazio abitativo: soggiorno, camera da letto, ufficio o spazio di lavoro. Pi\u00f9 che un poster, \u00e8 una decorazione da parete che riflette lo spirito e l&#8217;identit\u00e0 dell&#8217;<strong>Hockey Club Losanna<\/strong>.  <\/p>\n<p>\u2e3b<\/p>\n<p>Decorazioni murali e regali svizzeri<\/p>\n<p>Stampato su carta di alta qualit\u00e0, questo poster garantisce una finitura nitida e duratura. Il suo design lo rende un&#8217;originale idea <strong>regalo svizzera<\/strong> per gli amanti dei viaggi, dell&#8217;arte e dell&#8217;arredamento. Pu\u00f2 essere regalato in qualsiasi occasione: compleanni, auguri per la casa o semplicemente per far piacere a una persona cara. La sua versatilit\u00e0 lo rende una scelta popolare sia per uso personale che come regalo decorativo.   <\/p>\n<p>\u2e3b<\/p>\n<p>Un poster per valorizzare il suo spazio<\/p>\n<p>Adatto sia ad interni moderni che ad ambienti pi\u00f9 classici, questo poster dell&#8217;<strong>Hockey Club di Losanna<\/strong>, Cantone di Vaud, Svizzera, trover\u00e0 il suo posto in qualsiasi tipo di ambiente. Che sia un collezionista di poster, un appassionato di design o semplicemente alla ricerca di un oggetto decorativo di carattere, questo poster soddisfer\u00e0 tutte le sue esigenze. Elegante, funzionale e facile da integrare, \u00e8 una soluzione semplice ed efficace per migliorare la sua decorazione interna.  <\/p>\n<p>\u2e3b<\/p>\n","protected":false},"excerpt":{"rendered":"<p>Questo poster di Losanna \u00e8 stampato in Svizzera \ud83c\udde8\ud83c\udded su carta di alta qualit\u00e0, eco-responsabile. Si adatter\u00e0 perfettamente alla decorazione della sua parete e sar\u00e0 anche una perfetta idea regalo svizzera. Questo poster artistico mostra l&#8217;Hockey Club Losanna, simbolo di passione e dinamismo, adagiato sulle rive del Lago di Ginevra con le Alpi e il Giura come sfondo.    <\/p>\n","protected":false},"featured_media":35613,"template":"","meta":{"_uag_custom_page_level_css":""},"product_brand":[],"product_cat":[2873,2894,2906,2997,2908],"product_tag":[2186,2190,2188,2189,2187,1949],"class_list":{"0":"post-28675","1":"product","2":"type-product","3":"status-publish","4":"has-post-thumbnail","6":"product_cat-poster","7":"product_cat-vaud","8":"product_cat-sport","9":"product_cat-hockey-su-ghiaccio","10":"product_cat-collaborazioni","11":"product_tag-arena-it","12":"product_tag-campionato-nazionale","13":"product_tag-club-di-hockey","14":"product_tag-hockey-it","15":"product_tag-leone","16":"product_tag-losanna","18":"first","19":"instock","20":"shipping-taxable","21":"purchasable","22":"product-type-variable","23":"has-default-attributes"},"yoast_head":"<!-- This site is optimized with the Yoast SEO Premium plugin v27.4 (Yoast SEO v27.4) - https:\/\/yoast.com\/product\/yoast-seo-premium-wordpress\/ -->\n<title>Poster Hockey Club Losanna | Poster Svizzera La Jonx<\/title>\n<meta name=\"description\" content=\"Scopra il nostro poster dell&#039;Hockey Club Losanna - stampato in Svizzera su carta di qualit\u00e0. Perfetto come regalo svizzero o per decorare la sua casa!\" \/>\n<meta name=\"robots\" content=\"index, follow, max-snippet:-1, max-image-preview:large, max-video-preview:-1\" \/>\n<link rel=\"canonical\" href=\"https:\/\/www.la-jonx.ch\/it\/shop-it\/poster\/losanna-hc\/\" \/>\n<meta property=\"og:locale\" content=\"it_IT\" \/>\n<meta property=\"og:type\" content=\"article\" \/>\n<meta property=\"og:title\" content=\"Poster Hockey Club Losanna | Poster Svizzera La Jonx\" \/>\n<meta property=\"og:description\" content=\"Scopra il nostro poster dell&#039;Hockey Club Losanna - stampato in Svizzera su carta di qualit\u00e0. Perfetto come regalo svizzero o per decorare la sua casa!\" \/>\n<meta property=\"og:url\" content=\"https:\/\/www.la-jonx.ch\/it\/shop-it\/poster\/losanna-hc\/\" \/>\n<meta property=\"og:site_name\" content=\"La Jonx\" \/>\n<meta property=\"article:publisher\" content=\"https:\/\/www.facebook.com\/lajonx.ch\" \/>\n<meta property=\"article:modified_time\" content=\"2025-12-03T12:45:42+00:00\" \/>\n<meta property=\"og:image\" content=\"https:\/\/www.la-jonx.ch\/wp-content\/uploads\/2025\/07\/63-Affiche-Suisse-Poster-La-Jonx-Lausanne-HC.jpg\" \/>\n\t<meta property=\"og:image:width\" content=\"1400\" \/>\n\t<meta property=\"og:image:height\" content=\"1650\" \/>\n\t<meta property=\"og:image:type\" content=\"image\/jpeg\" \/>\n<meta name=\"twitter:card\" content=\"summary_large_image\" \/>\n<meta name=\"twitter:title\" content=\"Poster Hockey Club Losanna | Poster Svizzera La Jonx\" \/>\n<meta name=\"twitter:label1\" content=\"Disponibilit\u00e0\" \/>\n\t<meta name=\"twitter:data1\" content=\"In stock\" \/>\n<script type=\"application\/ld+json\" class=\"yoast-schema-graph\">{\"@context\":\"https:\\\/\\\/schema.org\",\"@graph\":[{\"@type\":\"WebPage\",\"@id\":\"https:\\\/\\\/www.la-jonx.ch\\\/it\\\/shop-it\\\/poster\\\/losanna-hc\\\/\",\"url\":\"https:\\\/\\\/www.la-jonx.ch\\\/it\\\/shop-it\\\/poster\\\/losanna-hc\\\/\",\"name\":\"Poster Hockey Club Losanna | Poster Svizzera La Jonx\",\"isPartOf\":{\"@id\":\"https:\\\/\\\/www.la-jonx.ch\\\/it\\\/#website\"},\"primaryImageOfPage\":{\"@id\":\"https:\\\/\\\/www.la-jonx.ch\\\/it\\\/shop-it\\\/poster\\\/losanna-hc\\\/#primaryimage\"},\"image\":{\"@id\":\"https:\\\/\\\/www.la-jonx.ch\\\/it\\\/shop-it\\\/poster\\\/losanna-hc\\\/#primaryimage\"},\"thumbnailUrl\":\"https:\\\/\\\/www.la-jonx.ch\\\/wp-content\\\/uploads\\\/2025\\\/07\\\/63-Affiche-Suisse-Poster-La-Jonx-Lausanne-HC.jpg\",\"datePublished\":\"2024-09-17T08:00:18+00:00\",\"dateModified\":\"2025-12-03T12:45:42+00:00\",\"description\":\"Scopra il nostro poster dell'Hockey Club Losanna - stampato in Svizzera su carta di qualit\u00e0. Perfetto come regalo svizzero o per decorare la sua casa!\",\"breadcrumb\":{\"@id\":\"https:\\\/\\\/www.la-jonx.ch\\\/it\\\/shop-it\\\/poster\\\/losanna-hc\\\/#breadcrumb\"},\"inLanguage\":\"it-IT\",\"potentialAction\":[{\"@type\":\"ReadAction\",\"target\":[\"https:\\\/\\\/www.la-jonx.ch\\\/it\\\/shop-it\\\/poster\\\/losanna-hc\\\/\"]}]},{\"@type\":\"ImageObject\",\"inLanguage\":\"it-IT\",\"@id\":\"https:\\\/\\\/www.la-jonx.ch\\\/it\\\/shop-it\\\/poster\\\/losanna-hc\\\/#primaryimage\",\"url\":\"https:\\\/\\\/www.la-jonx.ch\\\/wp-content\\\/uploads\\\/2025\\\/07\\\/63-Affiche-Suisse-Poster-La-Jonx-Lausanne-HC.jpg\",\"contentUrl\":\"https:\\\/\\\/www.la-jonx.ch\\\/wp-content\\\/uploads\\\/2025\\\/07\\\/63-Affiche-Suisse-Poster-La-Jonx-Lausanne-HC.jpg\",\"width\":1400,\"height\":1650,\"caption\":\"Poster dell'Hockey Club di Losanna in Svizzera, perfetto regalo o decorazione svizzera\"},{\"@type\":\"BreadcrumbList\",\"@id\":\"https:\\\/\\\/www.la-jonx.ch\\\/it\\\/shop-it\\\/poster\\\/losanna-hc\\\/#breadcrumb\",\"itemListElement\":[{\"@type\":\"ListItem\",\"position\":1,\"name\":\"Accueil\",\"item\":\"https:\\\/\\\/www.la-jonx.ch\\\/it\\\/\"},{\"@type\":\"ListItem\",\"position\":2,\"name\":\"e-Shop\",\"item\":\"https:\\\/\\\/www.la-jonx.ch\\\/e-shop\\\/?lang=it\"},{\"@type\":\"ListItem\",\"position\":3,\"name\":\"Poster\",\"item\":\"https:\\\/\\\/www.la-jonx.ch\\\/it\\\/categoria-prodotto\\\/poster\\\/\"},{\"@type\":\"ListItem\",\"position\":4,\"name\":\"Losanna Hockey Club\"}]},{\"@type\":\"WebSite\",\"@id\":\"https:\\\/\\\/www.la-jonx.ch\\\/it\\\/#website\",\"url\":\"https:\\\/\\\/www.la-jonx.ch\\\/it\\\/\",\"name\":\"La Jonx\",\"description\":\"Posters svizzeri\",\"publisher\":{\"@id\":\"https:\\\/\\\/www.la-jonx.ch\\\/it\\\/#organization\"},\"potentialAction\":[{\"@type\":\"SearchAction\",\"target\":{\"@type\":\"EntryPoint\",\"urlTemplate\":\"https:\\\/\\\/www.la-jonx.ch\\\/it\\\/?s={search_term_string}\"},\"query-input\":{\"@type\":\"PropertyValueSpecification\",\"valueRequired\":true,\"valueName\":\"search_term_string\"}}],\"inLanguage\":\"it-IT\"},{\"@type\":\"Organization\",\"@id\":\"https:\\\/\\\/www.la-jonx.ch\\\/it\\\/#organization\",\"name\":\"La Jonx\",\"url\":\"https:\\\/\\\/www.la-jonx.ch\\\/it\\\/\",\"logo\":{\"@type\":\"ImageObject\",\"inLanguage\":\"it-IT\",\"@id\":\"https:\\\/\\\/www.la-jonx.ch\\\/it\\\/#\\\/schema\\\/logo\\\/image\\\/\",\"url\":\"https:\\\/\\\/www.la-jonx.ch\\\/wp-content\\\/uploads\\\/2021\\\/09\\\/logo-la-jonx-atzelier-graphique.png\",\"contentUrl\":\"https:\\\/\\\/www.la-jonx.ch\\\/wp-content\\\/uploads\\\/2021\\\/09\\\/logo-la-jonx-atzelier-graphique.png\",\"width\":378,\"height\":129,\"caption\":\"La Jonx\"},\"image\":{\"@id\":\"https:\\\/\\\/www.la-jonx.ch\\\/it\\\/#\\\/schema\\\/logo\\\/image\\\/\"},\"sameAs\":[\"https:\\\/\\\/www.facebook.com\\\/lajonx.ch\",\"https:\\\/\\\/www.instagram.com\\\/lajonx.ch\\\/?hl=fr\"]}]}<\/script>\n<meta property=\"og:availability\" content=\"instock\" \/>\n<meta property=\"product:availability\" content=\"instock\" \/>\n<meta property=\"product:condition\" content=\"new\" \/>\n<!-- \/ Yoast SEO Premium plugin. -->","yoast_head_json":{"title":"Poster Hockey Club Losanna | Poster Svizzera La Jonx","description":"Scopra il nostro poster dell'Hockey Club Losanna - stampato in Svizzera su carta di qualit\u00e0. Perfetto come regalo svizzero o per decorare la sua casa!","robots":{"index":"index","follow":"follow","max-snippet":"max-snippet:-1","max-image-preview":"max-image-preview:large","max-video-preview":"max-video-preview:-1"},"canonical":"https:\/\/www.la-jonx.ch\/it\/shop-it\/poster\/losanna-hc\/","og_locale":"it_IT","og_type":"article","og_title":"Poster Hockey Club Losanna | Poster Svizzera La Jonx","og_description":"Scopra il nostro poster dell'Hockey Club Losanna - stampato in Svizzera su carta di qualit\u00e0. Perfetto come regalo svizzero o per decorare la sua casa!","og_url":"https:\/\/www.la-jonx.ch\/it\/shop-it\/poster\/losanna-hc\/","og_site_name":"La Jonx","article_publisher":"https:\/\/www.facebook.com\/lajonx.ch","article_modified_time":"2025-12-03T12:45:42+00:00","og_image":[{"width":1400,"height":1650,"url":"https:\/\/www.la-jonx.ch\/wp-content\/uploads\/2025\/07\/63-Affiche-Suisse-Poster-La-Jonx-Lausanne-HC.jpg","type":"image\/jpeg"}],"twitter_card":"summary_large_image","twitter_title":"Poster Hockey Club Losanna | Poster Svizzera La Jonx","twitter_misc":{"Disponibilit\u00e0":"In stock"},"schema":{"@context":"https:\/\/schema.org","@graph":[{"@type":"WebPage","@id":"https:\/\/www.la-jonx.ch\/it\/shop-it\/poster\/losanna-hc\/","url":"https:\/\/www.la-jonx.ch\/it\/shop-it\/poster\/losanna-hc\/","name":"Poster Hockey Club Losanna | Poster Svizzera La Jonx","isPartOf":{"@id":"https:\/\/www.la-jonx.ch\/it\/#website"},"primaryImageOfPage":{"@id":"https:\/\/www.la-jonx.ch\/it\/shop-it\/poster\/losanna-hc\/#primaryimage"},"image":{"@id":"https:\/\/www.la-jonx.ch\/it\/shop-it\/poster\/losanna-hc\/#primaryimage"},"thumbnailUrl":"https:\/\/www.la-jonx.ch\/wp-content\/uploads\/2025\/07\/63-Affiche-Suisse-Poster-La-Jonx-Lausanne-HC.jpg","datePublished":"2024-09-17T08:00:18+00:00","dateModified":"2025-12-03T12:45:42+00:00","description":"Scopra il nostro poster dell'Hockey Club Losanna - stampato in Svizzera su carta di qualit\u00e0. Perfetto come regalo svizzero o per decorare la sua casa!","breadcrumb":{"@id":"https:\/\/www.la-jonx.ch\/it\/shop-it\/poster\/losanna-hc\/#breadcrumb"},"inLanguage":"it-IT","potentialAction":[{"@type":"ReadAction","target":["https:\/\/www.la-jonx.ch\/it\/shop-it\/poster\/losanna-hc\/"]}]},{"@type":"ImageObject","inLanguage":"it-IT","@id":"https:\/\/www.la-jonx.ch\/it\/shop-it\/poster\/losanna-hc\/#primaryimage","url":"https:\/\/www.la-jonx.ch\/wp-content\/uploads\/2025\/07\/63-Affiche-Suisse-Poster-La-Jonx-Lausanne-HC.jpg","contentUrl":"https:\/\/www.la-jonx.ch\/wp-content\/uploads\/2025\/07\/63-Affiche-Suisse-Poster-La-Jonx-Lausanne-HC.jpg","width":1400,"height":1650,"caption":"Poster dell'Hockey Club di Losanna in Svizzera, perfetto regalo o decorazione svizzera"},{"@type":"BreadcrumbList","@id":"https:\/\/www.la-jonx.ch\/it\/shop-it\/poster\/losanna-hc\/#breadcrumb","itemListElement":[{"@type":"ListItem","position":1,"name":"Accueil","item":"https:\/\/www.la-jonx.ch\/it\/"},{"@type":"ListItem","position":2,"name":"e-Shop","item":"https:\/\/www.la-jonx.ch\/e-shop\/?lang=it"},{"@type":"ListItem","position":3,"name":"Poster","item":"https:\/\/www.la-jonx.ch\/it\/categoria-prodotto\/poster\/"},{"@type":"ListItem","position":4,"name":"Losanna Hockey Club"}]},{"@type":"WebSite","@id":"https:\/\/www.la-jonx.ch\/it\/#website","url":"https:\/\/www.la-jonx.ch\/it\/","name":"La Jonx","description":"Posters svizzeri","publisher":{"@id":"https:\/\/www.la-jonx.ch\/it\/#organization"},"potentialAction":[{"@type":"SearchAction","target":{"@type":"EntryPoint","urlTemplate":"https:\/\/www.la-jonx.ch\/it\/?s={search_term_string}"},"query-input":{"@type":"PropertyValueSpecification","valueRequired":true,"valueName":"search_term_string"}}],"inLanguage":"it-IT"},{"@type":"Organization","@id":"https:\/\/www.la-jonx.ch\/it\/#organization","name":"La Jonx","url":"https:\/\/www.la-jonx.ch\/it\/","logo":{"@type":"ImageObject","inLanguage":"it-IT","@id":"https:\/\/www.la-jonx.ch\/it\/#\/schema\/logo\/image\/","url":"https:\/\/www.la-jonx.ch\/wp-content\/uploads\/2021\/09\/logo-la-jonx-atzelier-graphique.png","contentUrl":"https:\/\/www.la-jonx.ch\/wp-content\/uploads\/2021\/09\/logo-la-jonx-atzelier-graphique.png","width":378,"height":129,"caption":"La Jonx"},"image":{"@id":"https:\/\/www.la-jonx.ch\/it\/#\/schema\/logo\/image\/"},"sameAs":["https:\/\/www.facebook.com\/lajonx.ch","https:\/\/www.instagram.com\/lajonx.ch\/?hl=fr"]}]},"og_availability":"instock","product_availability":"instock","product_condition":"new"},"additional_image_1":"https:\/\/www.la-jonx.ch\/wp-content\/uploads\/2025\/07\/63-Enveloppe-avec-Poster-La-Jonx-Lausanne-HC.jpg","additional_image_2":"https:\/\/www.la-jonx.ch\/wp-content\/uploads\/2025\/07\/98-Poster-on-a-wall-Lausanne-HC.jpg","uagb_featured_image_src":{"full":["https:\/\/www.la-jonx.ch\/wp-content\/uploads\/2025\/07\/63-Affiche-Suisse-Poster-La-Jonx-Lausanne-HC.jpg",1400,1650,false],"thumbnail":["https:\/\/www.la-jonx.ch\/wp-content\/uploads\/2025\/07\/63-Affiche-Suisse-Poster-La-Jonx-Lausanne-HC-150x150.jpg",150,150,true],"medium":["https:\/\/www.la-jonx.ch\/wp-content\/uploads\/2025\/07\/63-Affiche-Suisse-Poster-La-Jonx-Lausanne-HC-255x300.jpg",255,300,true],"medium_large":["https:\/\/www.la-jonx.ch\/wp-content\/uploads\/2025\/07\/63-Affiche-Suisse-Poster-La-Jonx-Lausanne-HC-768x905.jpg",768,905,true],"large":["https:\/\/www.la-jonx.ch\/wp-content\/uploads\/2025\/07\/63-Affiche-Suisse-Poster-La-Jonx-Lausanne-HC-869x1024.jpg",869,1024,true],"1536x1536":["https:\/\/www.la-jonx.ch\/wp-content\/uploads\/2025\/07\/63-Affiche-Suisse-Poster-La-Jonx-Lausanne-HC-1303x1536.jpg",1303,1536,true],"2048x2048":["https:\/\/www.la-jonx.ch\/wp-content\/uploads\/2025\/07\/63-Affiche-Suisse-Poster-La-Jonx-Lausanne-HC.jpg",1400,1650,false],"woocommerce_thumbnail":["https:\/\/www.la-jonx.ch\/wp-content\/uploads\/2025\/07\/63-Affiche-Suisse-Poster-La-Jonx-Lausanne-HC-350x420.jpg",350,420,true],"woocommerce_single":["https:\/\/www.la-jonx.ch\/wp-content\/uploads\/2025\/07\/63-Affiche-Suisse-Poster-La-Jonx-Lausanne-HC-510x601.jpg",510,601,true],"woocommerce_gallery_thumbnail":["https:\/\/www.la-jonx.ch\/wp-content\/uploads\/2025\/07\/63-Affiche-Suisse-Poster-La-Jonx-Lausanne-HC-100x100.jpg",100,100,true],"dgwt-wcas-product-suggestion":["https:\/\/www.la-jonx.ch\/wp-content\/uploads\/2025\/07\/63-Affiche-Suisse-Poster-La-Jonx-Lausanne-HC.jpg",64,75,false]},"uagb_author_info":{"display_name":"L'atelier La Jonx","author_link":"https:\/\/www.la-jonx.ch\/it\/author\/"},"uagb_comment_info":0,"uagb_excerpt":"Questo poster di Losanna \u00e8 stampato in Svizzera \ud83c\udde8\ud83c\udded su carta di alta qualit\u00e0, eco-responsabile. Si adatter\u00e0 perfettamente alla decorazione della sua parete e sar\u00e0 anche una perfetta idea regalo svizzera. Questo poster artistico mostra l'Hockey Club Losanna, simbolo di passione e dinamismo, adagiato sulle rive del Lago di Ginevra con le Alpi e il&hellip;","_links":{"self":[{"href":"https:\/\/www.la-jonx.ch\/it\/wp-json\/wp\/v2\/product\/28675","targetHints":{"allow":["GET"]}}],"collection":[{"href":"https:\/\/www.la-jonx.ch\/it\/wp-json\/wp\/v2\/product"}],"about":[{"href":"https:\/\/www.la-jonx.ch\/it\/wp-json\/wp\/v2\/types\/product"}],"wp:featuredmedia":[{"embeddable":true,"href":"https:\/\/www.la-jonx.ch\/it\/wp-json\/wp\/v2\/media\/35613"}],"wp:attachment":[{"href":"https:\/\/www.la-jonx.ch\/it\/wp-json\/wp\/v2\/media?parent=28675"}],"wp:term":[{"taxonomy":"product_brand","embeddable":true,"href":"https:\/\/www.la-jonx.ch\/it\/wp-json\/wp\/v2\/product_brand?post=28675"},{"taxonomy":"product_cat","embeddable":true,"href":"https:\/\/www.la-jonx.ch\/it\/wp-json\/wp\/v2\/product_cat?post=28675"},{"taxonomy":"product_tag","embeddable":true,"href":"https:\/\/www.la-jonx.ch\/it\/wp-json\/wp\/v2\/product_tag?post=28675"}],"curies":[{"name":"wp","href":"https:\/\/api.w.org\/{rel}","templated":true}]}}