{"id":40664,"date":"2025-09-04T17:59:04","date_gmt":"2025-09-04T15:59:04","guid":{"rendered":"https:\/\/www.la-jonx.ch\/boutique\/senza-categoria\/troinex\/"},"modified":"2025-09-04T19:09:25","modified_gmt":"2025-09-04T17:09:25","slug":"troinex","status":"publish","type":"product","link":"https:\/\/www.la-jonx.ch\/it\/shop-it\/poster\/cantoni\/ginevra\/troinex\/","title":{"rendered":"Troinex"},"content":{"rendered":"<h3>Poster e design di Troinex, Svizzera<\/h3>\n<p>Questo poster di <strong>Troinex<\/strong>, Svizzera, \u00e8 una creazione grafica progettata per dare un tocco estetico e contemporaneo alla sua casa. Con il suo stile visivo sofisticato e i suoi colori armoniosi, pu\u00f2 essere facilmente integrato in diversi spazi abitativi: soggiorno, camera da letto, ufficio o spazio di lavoro. Pi\u00f9 che un poster, \u00e8 una decorazione da parete che riflette lo spirito e l&#8217;identit\u00e0 di <strong>Troinex<\/strong>, Svizzera.  <\/p>\n<p>\u2e3b<\/p>\n<h3>Decorazioni murali e regali svizzeri<\/h3>\n<p>Stampato su carta di alta qualit\u00e0, questo poster garantisce una finitura nitida e duratura. Il suo design lo rende un&#8217;originale idea<strong> regalo svizzera<\/strong> per gli amanti dei viaggi, dell&#8217;arte e dell&#8217;<strong>arredamento<\/strong>. Pu\u00f2 essere regalato in qualsiasi occasione: <strong>compleanni<\/strong>, auguri per la casa o semplicemente per far piacere a una persona cara. La sua versatilit\u00e0 lo rende una scelta popolare sia per uso personale che come regalo decorativo.   <\/p>\n<p>\u2e3b<\/p>\n<h3>Un poster per valorizzare il suo spazio<\/h3>\n<p>Adatto sia agli interni moderni che agli ambienti pi\u00f9 classici, questo poster di <strong>Troinex<\/strong>, Svizzera, si adatta a qualsiasi atmosfera. Che sia un collezionista di poster, un appassionato di design o semplicemente alla ricerca di un oggetto decorativo di carattere, questo poster soddisfer\u00e0 tutte le sue esigenze. Elegante, funzionale e facile da integrare, \u00e8 una soluzione semplice ed efficace per migliorare il suo arredamento.  <\/p>\n","protected":false},"excerpt":{"rendered":"<p>Poster di Troinex, stampato in Svizzera \ud83c\udde8\ud83c\udded su carta di qualit\u00e0 eco-responsabile.<br \/>\nIdeale per la decorazione della sua parete, \u00e8 anche un perfetto regalo svizzero.<br \/>\nQuesto poster artistico celebra Ginevra, con una piccola frase che descrive il soggetto.<\/p>\n<p><em>Troinex, alle porte della Sal\u00e8ve e della vicina Francia, emana tranquillit\u00e0.  <\/em><\/p>\n<ul>\n<li>Un&#8217;idea regalo originale \u2728<\/li>\n<li>Un progetto eco-responsabile \ud83c\udf31<\/li>\n<li>Un&#8217;iniziativa locale \ud83c\udde8\ud83c\udded<\/li>\n<\/ul>\n","protected":false},"featured_media":40651,"template":"","meta":{"_uag_custom_page_level_css":""},"product_brand":[],"product_cat":[2873,2880,2897],"product_tag":[2624,426,2623],"class_list":{"0":"post-40664","1":"product","2":"type-product","3":"status-publish","4":"has-post-thumbnail","6":"product_cat-poster","7":"product_cat-ginevra","8":"product_cat-collezione-2025","9":"product_tag-bandiera","10":"product_tag-citta","11":"product_tag-troinex","13":"first","14":"instock","15":"shipping-taxable","16":"purchasable","17":"product-type-variable","18":"has-default-attributes"},"yoast_head":"<!-- This site is optimized with the Yoast SEO Premium plugin v27.4 (Yoast SEO v27.4) - https:\/\/yoast.com\/product\/yoast-seo-premium-wordpress\/ -->\n<title>Poster Troinex | Poster Svizzera | La Jonx<\/title>\n<meta name=\"description\" content=\"Scopra il nostro poster Troinex - stampato in Svizzera su carta di qualit\u00e0. Perfetto come regalo per la Svizzera o per decorare la sua casa!\" \/>\n<meta name=\"robots\" content=\"index, follow, max-snippet:-1, max-image-preview:large, max-video-preview:-1\" \/>\n<link rel=\"canonical\" href=\"https:\/\/www.la-jonx.ch\/it\/shop-it\/poster\/cantoni\/ginevra\/troinex\/\" \/>\n<meta property=\"og:locale\" content=\"it_IT\" \/>\n<meta property=\"og:type\" content=\"article\" \/>\n<meta property=\"og:title\" content=\"Poster Troinex | Poster Svizzera | La Jonx\" \/>\n<meta property=\"og:description\" content=\"Scopra il nostro poster Troinex - stampato in Svizzera su carta di qualit\u00e0. Perfetto come regalo per la Svizzera o per decorare la sua casa!\" \/>\n<meta property=\"og:url\" content=\"https:\/\/www.la-jonx.ch\/it\/shop-it\/poster\/cantoni\/ginevra\/troinex\/\" \/>\n<meta property=\"og:site_name\" content=\"La Jonx\" \/>\n<meta property=\"article:publisher\" content=\"https:\/\/www.facebook.com\/lajonx.ch\" \/>\n<meta property=\"article:modified_time\" content=\"2025-09-04T17:09:25+00:00\" \/>\n<meta property=\"og:image\" content=\"https:\/\/www.la-jonx.ch\/wp-content\/uploads\/2025\/09\/45Swiss-poster-Affiche-La-JonxBPI-30x40-Troinex.jpg\" \/>\n\t<meta property=\"og:image:width\" content=\"1466\" \/>\n\t<meta property=\"og:image:height\" content=\"1728\" \/>\n\t<meta property=\"og:image:type\" content=\"image\/jpeg\" \/>\n<meta name=\"twitter:card\" content=\"summary_large_image\" \/>\n<meta name=\"twitter:title\" content=\"Poster Troinex | Poster Svizzera | La Jonx\" \/>\n<meta name=\"twitter:label1\" content=\"Disponibilit\u00e0\" \/>\n\t<meta name=\"twitter:data1\" content=\"In stock\" \/>\n<script type=\"application\/ld+json\" class=\"yoast-schema-graph\">{\"@context\":\"https:\\\/\\\/schema.org\",\"@graph\":[{\"@type\":\"WebPage\",\"@id\":\"https:\\\/\\\/www.la-jonx.ch\\\/it\\\/shop-it\\\/poster\\\/cantoni\\\/ginevra\\\/troinex\\\/\",\"url\":\"https:\\\/\\\/www.la-jonx.ch\\\/it\\\/shop-it\\\/poster\\\/cantoni\\\/ginevra\\\/troinex\\\/\",\"name\":\"Poster Troinex | Poster Svizzera | La Jonx\",\"isPartOf\":{\"@id\":\"https:\\\/\\\/www.la-jonx.ch\\\/it\\\/#website\"},\"primaryImageOfPage\":{\"@id\":\"https:\\\/\\\/www.la-jonx.ch\\\/it\\\/shop-it\\\/poster\\\/cantoni\\\/ginevra\\\/troinex\\\/#primaryimage\"},\"image\":{\"@id\":\"https:\\\/\\\/www.la-jonx.ch\\\/it\\\/shop-it\\\/poster\\\/cantoni\\\/ginevra\\\/troinex\\\/#primaryimage\"},\"thumbnailUrl\":\"https:\\\/\\\/www.la-jonx.ch\\\/wp-content\\\/uploads\\\/2025\\\/09\\\/45Swiss-poster-Affiche-La-JonxBPI-30x40-Troinex.jpg\",\"datePublished\":\"2025-09-04T15:59:04+00:00\",\"dateModified\":\"2025-09-04T17:09:25+00:00\",\"description\":\"Scopra il nostro poster Troinex - stampato in Svizzera su carta di qualit\u00e0. Perfetto come regalo per la Svizzera o per decorare la sua casa!\",\"breadcrumb\":{\"@id\":\"https:\\\/\\\/www.la-jonx.ch\\\/it\\\/shop-it\\\/poster\\\/cantoni\\\/ginevra\\\/troinex\\\/#breadcrumb\"},\"inLanguage\":\"it-IT\",\"potentialAction\":[{\"@type\":\"ReadAction\",\"target\":[\"https:\\\/\\\/www.la-jonx.ch\\\/it\\\/shop-it\\\/poster\\\/cantoni\\\/ginevra\\\/troinex\\\/\"]}]},{\"@type\":\"ImageObject\",\"inLanguage\":\"it-IT\",\"@id\":\"https:\\\/\\\/www.la-jonx.ch\\\/it\\\/shop-it\\\/poster\\\/cantoni\\\/ginevra\\\/troinex\\\/#primaryimage\",\"url\":\"https:\\\/\\\/www.la-jonx.ch\\\/wp-content\\\/uploads\\\/2025\\\/09\\\/45Swiss-poster-Affiche-La-JonxBPI-30x40-Troinex.jpg\",\"contentUrl\":\"https:\\\/\\\/www.la-jonx.ch\\\/wp-content\\\/uploads\\\/2025\\\/09\\\/45Swiss-poster-Affiche-La-JonxBPI-30x40-Troinex.jpg\",\"width\":1466,\"height\":1728,\"caption\":\"Un poster di Troinex, presentato in una cornice di legno.\"},{\"@type\":\"BreadcrumbList\",\"@id\":\"https:\\\/\\\/www.la-jonx.ch\\\/it\\\/shop-it\\\/poster\\\/cantoni\\\/ginevra\\\/troinex\\\/#breadcrumb\",\"itemListElement\":[{\"@type\":\"ListItem\",\"position\":1,\"name\":\"Accueil\",\"item\":\"https:\\\/\\\/www.la-jonx.ch\\\/it\\\/\"},{\"@type\":\"ListItem\",\"position\":2,\"name\":\"e-Shop\",\"item\":\"https:\\\/\\\/www.la-jonx.ch\\\/e-shop\\\/?lang=it\"},{\"@type\":\"ListItem\",\"position\":3,\"name\":\"CANTONI\",\"item\":\"https:\\\/\\\/www.la-jonx.ch\\\/it\\\/categoria-prodotto\\\/poster\\\/cantoni\\\/\"},{\"@type\":\"ListItem\",\"position\":4,\"name\":\"Troinex\"}]},{\"@type\":\"WebSite\",\"@id\":\"https:\\\/\\\/www.la-jonx.ch\\\/it\\\/#website\",\"url\":\"https:\\\/\\\/www.la-jonx.ch\\\/it\\\/\",\"name\":\"La Jonx\",\"description\":\"Posters svizzeri\",\"publisher\":{\"@id\":\"https:\\\/\\\/www.la-jonx.ch\\\/it\\\/#organization\"},\"potentialAction\":[{\"@type\":\"SearchAction\",\"target\":{\"@type\":\"EntryPoint\",\"urlTemplate\":\"https:\\\/\\\/www.la-jonx.ch\\\/it\\\/?s={search_term_string}\"},\"query-input\":{\"@type\":\"PropertyValueSpecification\",\"valueRequired\":true,\"valueName\":\"search_term_string\"}}],\"inLanguage\":\"it-IT\"},{\"@type\":\"Organization\",\"@id\":\"https:\\\/\\\/www.la-jonx.ch\\\/it\\\/#organization\",\"name\":\"La Jonx\",\"url\":\"https:\\\/\\\/www.la-jonx.ch\\\/it\\\/\",\"logo\":{\"@type\":\"ImageObject\",\"inLanguage\":\"it-IT\",\"@id\":\"https:\\\/\\\/www.la-jonx.ch\\\/it\\\/#\\\/schema\\\/logo\\\/image\\\/\",\"url\":\"https:\\\/\\\/www.la-jonx.ch\\\/wp-content\\\/uploads\\\/2021\\\/09\\\/logo-la-jonx-atzelier-graphique.png\",\"contentUrl\":\"https:\\\/\\\/www.la-jonx.ch\\\/wp-content\\\/uploads\\\/2021\\\/09\\\/logo-la-jonx-atzelier-graphique.png\",\"width\":378,\"height\":129,\"caption\":\"La Jonx\"},\"image\":{\"@id\":\"https:\\\/\\\/www.la-jonx.ch\\\/it\\\/#\\\/schema\\\/logo\\\/image\\\/\"},\"sameAs\":[\"https:\\\/\\\/www.facebook.com\\\/lajonx.ch\",\"https:\\\/\\\/www.instagram.com\\\/lajonx.ch\\\/?hl=fr\"]}]}<\/script>\n<meta property=\"og:availability\" content=\"instock\" \/>\n<meta property=\"product:availability\" content=\"instock\" \/>\n<meta property=\"product:condition\" content=\"new\" \/>\n<!-- \/ Yoast SEO Premium plugin. -->","yoast_head_json":{"title":"Poster Troinex | Poster Svizzera | La Jonx","description":"Scopra il nostro poster Troinex - stampato in Svizzera su carta di qualit\u00e0. Perfetto come regalo per la Svizzera o per decorare la sua casa!","robots":{"index":"index","follow":"follow","max-snippet":"max-snippet:-1","max-image-preview":"max-image-preview:large","max-video-preview":"max-video-preview:-1"},"canonical":"https:\/\/www.la-jonx.ch\/it\/shop-it\/poster\/cantoni\/ginevra\/troinex\/","og_locale":"it_IT","og_type":"article","og_title":"Poster Troinex | Poster Svizzera | La Jonx","og_description":"Scopra il nostro poster Troinex - stampato in Svizzera su carta di qualit\u00e0. Perfetto come regalo per la Svizzera o per decorare la sua casa!","og_url":"https:\/\/www.la-jonx.ch\/it\/shop-it\/poster\/cantoni\/ginevra\/troinex\/","og_site_name":"La Jonx","article_publisher":"https:\/\/www.facebook.com\/lajonx.ch","article_modified_time":"2025-09-04T17:09:25+00:00","og_image":[{"width":1466,"height":1728,"url":"https:\/\/www.la-jonx.ch\/wp-content\/uploads\/2025\/09\/45Swiss-poster-Affiche-La-JonxBPI-30x40-Troinex.jpg","type":"image\/jpeg"}],"twitter_card":"summary_large_image","twitter_title":"Poster Troinex | Poster Svizzera | La Jonx","twitter_misc":{"Disponibilit\u00e0":"In stock"},"schema":{"@context":"https:\/\/schema.org","@graph":[{"@type":"WebPage","@id":"https:\/\/www.la-jonx.ch\/it\/shop-it\/poster\/cantoni\/ginevra\/troinex\/","url":"https:\/\/www.la-jonx.ch\/it\/shop-it\/poster\/cantoni\/ginevra\/troinex\/","name":"Poster Troinex | Poster Svizzera | La Jonx","isPartOf":{"@id":"https:\/\/www.la-jonx.ch\/it\/#website"},"primaryImageOfPage":{"@id":"https:\/\/www.la-jonx.ch\/it\/shop-it\/poster\/cantoni\/ginevra\/troinex\/#primaryimage"},"image":{"@id":"https:\/\/www.la-jonx.ch\/it\/shop-it\/poster\/cantoni\/ginevra\/troinex\/#primaryimage"},"thumbnailUrl":"https:\/\/www.la-jonx.ch\/wp-content\/uploads\/2025\/09\/45Swiss-poster-Affiche-La-JonxBPI-30x40-Troinex.jpg","datePublished":"2025-09-04T15:59:04+00:00","dateModified":"2025-09-04T17:09:25+00:00","description":"Scopra il nostro poster Troinex - stampato in Svizzera su carta di qualit\u00e0. Perfetto come regalo per la Svizzera o per decorare la sua casa!","breadcrumb":{"@id":"https:\/\/www.la-jonx.ch\/it\/shop-it\/poster\/cantoni\/ginevra\/troinex\/#breadcrumb"},"inLanguage":"it-IT","potentialAction":[{"@type":"ReadAction","target":["https:\/\/www.la-jonx.ch\/it\/shop-it\/poster\/cantoni\/ginevra\/troinex\/"]}]},{"@type":"ImageObject","inLanguage":"it-IT","@id":"https:\/\/www.la-jonx.ch\/it\/shop-it\/poster\/cantoni\/ginevra\/troinex\/#primaryimage","url":"https:\/\/www.la-jonx.ch\/wp-content\/uploads\/2025\/09\/45Swiss-poster-Affiche-La-JonxBPI-30x40-Troinex.jpg","contentUrl":"https:\/\/www.la-jonx.ch\/wp-content\/uploads\/2025\/09\/45Swiss-poster-Affiche-La-JonxBPI-30x40-Troinex.jpg","width":1466,"height":1728,"caption":"Un poster di Troinex, presentato in una cornice di legno."},{"@type":"BreadcrumbList","@id":"https:\/\/www.la-jonx.ch\/it\/shop-it\/poster\/cantoni\/ginevra\/troinex\/#breadcrumb","itemListElement":[{"@type":"ListItem","position":1,"name":"Accueil","item":"https:\/\/www.la-jonx.ch\/it\/"},{"@type":"ListItem","position":2,"name":"e-Shop","item":"https:\/\/www.la-jonx.ch\/e-shop\/?lang=it"},{"@type":"ListItem","position":3,"name":"CANTONI","item":"https:\/\/www.la-jonx.ch\/it\/categoria-prodotto\/poster\/cantoni\/"},{"@type":"ListItem","position":4,"name":"Troinex"}]},{"@type":"WebSite","@id":"https:\/\/www.la-jonx.ch\/it\/#website","url":"https:\/\/www.la-jonx.ch\/it\/","name":"La Jonx","description":"Posters svizzeri","publisher":{"@id":"https:\/\/www.la-jonx.ch\/it\/#organization"},"potentialAction":[{"@type":"SearchAction","target":{"@type":"EntryPoint","urlTemplate":"https:\/\/www.la-jonx.ch\/it\/?s={search_term_string}"},"query-input":{"@type":"PropertyValueSpecification","valueRequired":true,"valueName":"search_term_string"}}],"inLanguage":"it-IT"},{"@type":"Organization","@id":"https:\/\/www.la-jonx.ch\/it\/#organization","name":"La Jonx","url":"https:\/\/www.la-jonx.ch\/it\/","logo":{"@type":"ImageObject","inLanguage":"it-IT","@id":"https:\/\/www.la-jonx.ch\/it\/#\/schema\/logo\/image\/","url":"https:\/\/www.la-jonx.ch\/wp-content\/uploads\/2021\/09\/logo-la-jonx-atzelier-graphique.png","contentUrl":"https:\/\/www.la-jonx.ch\/wp-content\/uploads\/2021\/09\/logo-la-jonx-atzelier-graphique.png","width":378,"height":129,"caption":"La Jonx"},"image":{"@id":"https:\/\/www.la-jonx.ch\/it\/#\/schema\/logo\/image\/"},"sameAs":["https:\/\/www.facebook.com\/lajonx.ch","https:\/\/www.instagram.com\/lajonx.ch\/?hl=fr"]}]},"og_availability":"instock","product_availability":"instock","product_condition":"new"},"additional_image_1":"https:\/\/www.la-jonx.ch\/wp-content\/uploads\/2025\/09\/21Enveloppe-Affiche-SuisseBPI-30x40-Troinex.jpg","additional_image_2":"https:\/\/www.la-jonx.ch\/wp-content\/uploads\/2025\/09\/9mockup-ombresBPI-30x40-Troinex.jpg","uagb_featured_image_src":{"full":["https:\/\/www.la-jonx.ch\/wp-content\/uploads\/2025\/09\/45Swiss-poster-Affiche-La-JonxBPI-30x40-Troinex.jpg",1466,1728,false],"thumbnail":["https:\/\/www.la-jonx.ch\/wp-content\/uploads\/2025\/09\/45Swiss-poster-Affiche-La-JonxBPI-30x40-Troinex-150x150.jpg",150,150,true],"medium":["https:\/\/www.la-jonx.ch\/wp-content\/uploads\/2025\/09\/45Swiss-poster-Affiche-La-JonxBPI-30x40-Troinex-255x300.jpg",255,300,true],"medium_large":["https:\/\/www.la-jonx.ch\/wp-content\/uploads\/2025\/09\/45Swiss-poster-Affiche-La-JonxBPI-30x40-Troinex-768x905.jpg",768,905,true],"large":["https:\/\/www.la-jonx.ch\/wp-content\/uploads\/2025\/09\/45Swiss-poster-Affiche-La-JonxBPI-30x40-Troinex-869x1024.jpg",869,1024,true],"1536x1536":["https:\/\/www.la-jonx.ch\/wp-content\/uploads\/2025\/09\/45Swiss-poster-Affiche-La-JonxBPI-30x40-Troinex-1303x1536.jpg",1303,1536,true],"2048x2048":["https:\/\/www.la-jonx.ch\/wp-content\/uploads\/2025\/09\/45Swiss-poster-Affiche-La-JonxBPI-30x40-Troinex.jpg",1466,1728,false],"woocommerce_thumbnail":["https:\/\/www.la-jonx.ch\/wp-content\/uploads\/2025\/09\/45Swiss-poster-Affiche-La-JonxBPI-30x40-Troinex-350x420.jpg",350,420,true],"woocommerce_single":["https:\/\/www.la-jonx.ch\/wp-content\/uploads\/2025\/09\/45Swiss-poster-Affiche-La-JonxBPI-30x40-Troinex-510x601.jpg",510,601,true],"woocommerce_gallery_thumbnail":["https:\/\/www.la-jonx.ch\/wp-content\/uploads\/2025\/09\/45Swiss-poster-Affiche-La-JonxBPI-30x40-Troinex-100x100.jpg",100,100,true],"dgwt-wcas-product-suggestion":["https:\/\/www.la-jonx.ch\/wp-content\/uploads\/2025\/09\/45Swiss-poster-Affiche-La-JonxBPI-30x40-Troinex.jpg",64,75,false]},"uagb_author_info":{"display_name":"L'atelier La Jonx","author_link":"https:\/\/www.la-jonx.ch\/it\/author\/"},"uagb_comment_info":0,"uagb_excerpt":"Poster di Troinex, stampato in Svizzera \ud83c\udde8\ud83c\udded su carta di qualit\u00e0 eco-responsabile. Ideale per la decorazione della sua parete, \u00e8 anche un perfetto regalo svizzero. Questo poster artistico celebra Ginevra, con una piccola frase che descrive il soggetto. Troinex, alle porte della Sal\u00e8ve e della vicina Francia, emana tranquillit\u00e0. Un'idea regalo originale \u2728 Un progetto&hellip;","_links":{"self":[{"href":"https:\/\/www.la-jonx.ch\/it\/wp-json\/wp\/v2\/product\/40664","targetHints":{"allow":["GET"]}}],"collection":[{"href":"https:\/\/www.la-jonx.ch\/it\/wp-json\/wp\/v2\/product"}],"about":[{"href":"https:\/\/www.la-jonx.ch\/it\/wp-json\/wp\/v2\/types\/product"}],"wp:featuredmedia":[{"embeddable":true,"href":"https:\/\/www.la-jonx.ch\/it\/wp-json\/wp\/v2\/media\/40651"}],"wp:attachment":[{"href":"https:\/\/www.la-jonx.ch\/it\/wp-json\/wp\/v2\/media?parent=40664"}],"wp:term":[{"taxonomy":"product_brand","embeddable":true,"href":"https:\/\/www.la-jonx.ch\/it\/wp-json\/wp\/v2\/product_brand?post=40664"},{"taxonomy":"product_cat","embeddable":true,"href":"https:\/\/www.la-jonx.ch\/it\/wp-json\/wp\/v2\/product_cat?post=40664"},{"taxonomy":"product_tag","embeddable":true,"href":"https:\/\/www.la-jonx.ch\/it\/wp-json\/wp\/v2\/product_tag?post=40664"}],"curies":[{"name":"wp","href":"https:\/\/api.w.org\/{rel}","templated":true}]}}