{"id":40681,"date":"2025-09-04T17:55:47","date_gmt":"2025-09-04T15:55:47","guid":{"rendered":"https:\/\/www.la-jonx.ch\/boutique\/senza-categoria\/la-regione-del-gruyere\/"},"modified":"2025-09-04T19:09:37","modified_gmt":"2025-09-04T17:09:37","slug":"la-regione-del-gruyere","status":"publish","type":"product","link":"https:\/\/www.la-jonx.ch\/it\/shop-it\/poster\/cantoni\/friburgo\/la-regione-del-gruyere\/","title":{"rendered":"La regione del Gruy\u00e8re"},"content":{"rendered":"<h3>Poster artistico e di design di Gruy\u00e8res, il Paese, Svizzera<\/h3>\n<p>Questo poster di <strong>Gruy\u00e8res, il paese<\/strong>, la Svizzera, \u00e8 una creazione grafica pensata per dare un tocco estetico e contemporaneo alla sua casa. Con il suo stile visivo sofisticato e i suoi colori armoniosi, \u00e8 facile da integrare in qualsiasi spazio abitativo: soggiorno, camera da letto, ufficio o spazio di lavoro. Pi\u00f9 che un poster, \u00e8 una decorazione da parete che riflette lo spirito e l&#8217;identit\u00e0 di <strong>Gruy\u00e8res, il Paese<\/strong>, la Svizzera.  <\/p>\n<p>\u2e3b<\/p>\n<h3>Decorazioni murali e regali svizzeri<\/h3>\n<p>Stampato su carta di alta qualit\u00e0, questo poster garantisce una finitura nitida e duratura. Il suo design lo rende un&#8217;originale idea<strong> regalo svizzera<\/strong> per gli amanti dei viaggi, dell&#8217;arte e dell&#8217;<strong>arredamento<\/strong>. Pu\u00f2 essere regalato in qualsiasi occasione: <strong>compleanni<\/strong>, auguri per la casa o semplicemente per far piacere a una persona cara. La sua versatilit\u00e0 lo rende una scelta popolare sia per uso personale che come regalo decorativo.   <\/p>\n<p>\u2e3b<\/p>\n<h3>Un poster per valorizzare il suo spazio<\/h3>\n<p>Adatto sia agli interni moderni che agli ambienti pi\u00f9 classici, questo poster di <strong>Gruy\u00e8res, il paese<\/strong>, la Svizzera, si adatta a qualsiasi atmosfera. Che sia un collezionista di poster, un appassionato di design o semplicemente alla ricerca di un oggetto decorativo di carattere, questo poster soddisfer\u00e0 tutte le sue esigenze. Elegante, funzionale e facile da integrare, \u00e8 una soluzione semplice ed efficace per migliorare il suo arredamento.  <\/p>\n","protected":false},"excerpt":{"rendered":"<p>Poster di Gruy\u00e8res, il Paese, stampato in Svizzera \ud83c\udde8\ud83c\udded su carta di qualit\u00e0 eco-responsabile.<br \/>\nIdeale per la sua decorazione murale, \u00e8 anche un perfetto regalo svizzero.<br \/>\nQuesto poster artistico celebra Ginevra, con una piccola frase che descrive il soggetto.<\/p>\n<p><em>Il castello domina la regione di Gruy\u00e8res, dove tutto sembra idilliaco. Forse \u00e8 per questo che l&#8217;omonimo formaggio \u00e8 cos\u00ec buono. <\/em><\/p>\n<ul>\n<li>Un&#8217;idea regalo originale \u2728<\/li>\n<li>Un progetto eco-responsabile \ud83c\udf31<\/li>\n<li>Un&#8217;iniziativa locale \ud83c\udde8\ud83c\udded<\/li>\n<\/ul>\n","protected":false},"featured_media":40619,"template":"","meta":{"_uag_custom_page_level_css":""},"product_brand":[],"product_cat":[2873,2879,2904,2907,2897],"product_tag":[1894,518,2635,2636,422],"class_list":{"0":"post-40681","1":"product","2":"type-product","3":"status-publish","4":"has-post-thumbnail","6":"product_cat-poster","7":"product_cat-friburgo","8":"product_cat-gastronomia","9":"product_cat-monumenti","10":"product_cat-collezione-2025","11":"product_tag-bambino","12":"product_tag-castello","13":"product_tag-gruviera","14":"product_tag-mucca","15":"product_tag-svizzera","17":"first","18":"instock","19":"shipping-taxable","20":"purchasable","21":"product-type-variable","22":"has-default-attributes"},"yoast_head":"<!-- This site is optimized with the Yoast SEO Premium plugin v27.4 (Yoast SEO v27.4) - https:\/\/yoast.com\/product\/yoast-seo-premium-wordpress\/ -->\n<title>Poster Gruy\u00e8res, il paese | Poster Svizzera | La Jonx<\/title>\n<meta name=\"description\" content=\"Scopra il nostro poster Gruy\u00e8res, le pays - stampato in Svizzera su carta di qualit\u00e0. Perfetto come regalo svizzero o per decorare la sua casa!\" \/>\n<meta name=\"robots\" content=\"index, follow, max-snippet:-1, max-image-preview:large, max-video-preview:-1\" \/>\n<link rel=\"canonical\" href=\"https:\/\/www.la-jonx.ch\/it\/shop-it\/poster\/cantoni\/friburgo\/la-regione-del-gruyere\/\" \/>\n<meta property=\"og:locale\" content=\"it_IT\" \/>\n<meta property=\"og:type\" content=\"article\" \/>\n<meta property=\"og:title\" content=\"Poster Gruy\u00e8res, il paese | Poster Svizzera | La Jonx\" \/>\n<meta property=\"og:description\" content=\"Scopra il nostro poster Gruy\u00e8res, le pays - stampato in Svizzera su carta di qualit\u00e0. Perfetto come regalo svizzero o per decorare la sua casa!\" \/>\n<meta property=\"og:url\" content=\"https:\/\/www.la-jonx.ch\/it\/shop-it\/poster\/cantoni\/friburgo\/la-regione-del-gruyere\/\" \/>\n<meta property=\"og:site_name\" content=\"La Jonx\" \/>\n<meta property=\"article:publisher\" content=\"https:\/\/www.facebook.com\/lajonx.ch\" \/>\n<meta property=\"article:modified_time\" content=\"2025-09-04T17:09:37+00:00\" \/>\n<meta property=\"og:image\" content=\"https:\/\/www.la-jonx.ch\/wp-content\/uploads\/2025\/09\/7Swiss-poster-Affiche-La-JonxBPI-30x40-Chateau-de-Gruyeres.jpg\" \/>\n\t<meta property=\"og:image:width\" content=\"1466\" \/>\n\t<meta property=\"og:image:height\" content=\"1728\" \/>\n\t<meta property=\"og:image:type\" content=\"image\/jpeg\" \/>\n<meta name=\"twitter:card\" content=\"summary_large_image\" \/>\n<meta name=\"twitter:title\" content=\"Poster Gruy\u00e8res, il paese | Poster Svizzera | La Jonx\" \/>\n<meta name=\"twitter:label1\" content=\"Disponibilit\u00e0\" \/>\n\t<meta name=\"twitter:data1\" content=\"In stock\" \/>\n<script type=\"application\/ld+json\" class=\"yoast-schema-graph\">{\"@context\":\"https:\\\/\\\/schema.org\",\"@graph\":[{\"@type\":\"WebPage\",\"@id\":\"https:\\\/\\\/www.la-jonx.ch\\\/it\\\/shop-it\\\/poster\\\/cantoni\\\/friburgo\\\/la-regione-del-gruyere\\\/\",\"url\":\"https:\\\/\\\/www.la-jonx.ch\\\/it\\\/shop-it\\\/poster\\\/cantoni\\\/friburgo\\\/la-regione-del-gruyere\\\/\",\"name\":\"Poster Gruy\u00e8res, il paese | Poster Svizzera | La Jonx\",\"isPartOf\":{\"@id\":\"https:\\\/\\\/www.la-jonx.ch\\\/it\\\/#website\"},\"primaryImageOfPage\":{\"@id\":\"https:\\\/\\\/www.la-jonx.ch\\\/it\\\/shop-it\\\/poster\\\/cantoni\\\/friburgo\\\/la-regione-del-gruyere\\\/#primaryimage\"},\"image\":{\"@id\":\"https:\\\/\\\/www.la-jonx.ch\\\/it\\\/shop-it\\\/poster\\\/cantoni\\\/friburgo\\\/la-regione-del-gruyere\\\/#primaryimage\"},\"thumbnailUrl\":\"https:\\\/\\\/www.la-jonx.ch\\\/wp-content\\\/uploads\\\/2025\\\/09\\\/7Swiss-poster-Affiche-La-JonxBPI-30x40-Chateau-de-Gruyeres.jpg\",\"datePublished\":\"2025-09-04T15:55:47+00:00\",\"dateModified\":\"2025-09-04T17:09:37+00:00\",\"description\":\"Scopra il nostro poster Gruy\u00e8res, le pays - stampato in Svizzera su carta di qualit\u00e0. Perfetto come regalo svizzero o per decorare la sua casa!\",\"breadcrumb\":{\"@id\":\"https:\\\/\\\/www.la-jonx.ch\\\/it\\\/shop-it\\\/poster\\\/cantoni\\\/friburgo\\\/la-regione-del-gruyere\\\/#breadcrumb\"},\"inLanguage\":\"it-IT\",\"potentialAction\":[{\"@type\":\"ReadAction\",\"target\":[\"https:\\\/\\\/www.la-jonx.ch\\\/it\\\/shop-it\\\/poster\\\/cantoni\\\/friburgo\\\/la-regione-del-gruyere\\\/\"]}]},{\"@type\":\"ImageObject\",\"inLanguage\":\"it-IT\",\"@id\":\"https:\\\/\\\/www.la-jonx.ch\\\/it\\\/shop-it\\\/poster\\\/cantoni\\\/friburgo\\\/la-regione-del-gruyere\\\/#primaryimage\",\"url\":\"https:\\\/\\\/www.la-jonx.ch\\\/wp-content\\\/uploads\\\/2025\\\/09\\\/7Swiss-poster-Affiche-La-JonxBPI-30x40-Chateau-de-Gruyeres.jpg\",\"contentUrl\":\"https:\\\/\\\/www.la-jonx.ch\\\/wp-content\\\/uploads\\\/2025\\\/09\\\/7Swiss-poster-Affiche-La-JonxBPI-30x40-Chateau-de-Gruyeres.jpg\",\"width\":1466,\"height\":1728,\"caption\":\"Poster di Gruy\u00e8res, le pays, presentato in una cornice di legno\"},{\"@type\":\"BreadcrumbList\",\"@id\":\"https:\\\/\\\/www.la-jonx.ch\\\/it\\\/shop-it\\\/poster\\\/cantoni\\\/friburgo\\\/la-regione-del-gruyere\\\/#breadcrumb\",\"itemListElement\":[{\"@type\":\"ListItem\",\"position\":1,\"name\":\"Accueil\",\"item\":\"https:\\\/\\\/www.la-jonx.ch\\\/it\\\/\"},{\"@type\":\"ListItem\",\"position\":2,\"name\":\"e-Shop\",\"item\":\"https:\\\/\\\/www.la-jonx.ch\\\/e-shop\\\/?lang=it\"},{\"@type\":\"ListItem\",\"position\":3,\"name\":\"CANTONI\",\"item\":\"https:\\\/\\\/www.la-jonx.ch\\\/it\\\/categoria-prodotto\\\/poster\\\/cantoni\\\/\"},{\"@type\":\"ListItem\",\"position\":4,\"name\":\"La regione del Gruy\u00e8re\"}]},{\"@type\":\"WebSite\",\"@id\":\"https:\\\/\\\/www.la-jonx.ch\\\/it\\\/#website\",\"url\":\"https:\\\/\\\/www.la-jonx.ch\\\/it\\\/\",\"name\":\"La Jonx\",\"description\":\"Posters svizzeri\",\"publisher\":{\"@id\":\"https:\\\/\\\/www.la-jonx.ch\\\/it\\\/#organization\"},\"potentialAction\":[{\"@type\":\"SearchAction\",\"target\":{\"@type\":\"EntryPoint\",\"urlTemplate\":\"https:\\\/\\\/www.la-jonx.ch\\\/it\\\/?s={search_term_string}\"},\"query-input\":{\"@type\":\"PropertyValueSpecification\",\"valueRequired\":true,\"valueName\":\"search_term_string\"}}],\"inLanguage\":\"it-IT\"},{\"@type\":\"Organization\",\"@id\":\"https:\\\/\\\/www.la-jonx.ch\\\/it\\\/#organization\",\"name\":\"La Jonx\",\"url\":\"https:\\\/\\\/www.la-jonx.ch\\\/it\\\/\",\"logo\":{\"@type\":\"ImageObject\",\"inLanguage\":\"it-IT\",\"@id\":\"https:\\\/\\\/www.la-jonx.ch\\\/it\\\/#\\\/schema\\\/logo\\\/image\\\/\",\"url\":\"https:\\\/\\\/www.la-jonx.ch\\\/wp-content\\\/uploads\\\/2021\\\/09\\\/logo-la-jonx-atzelier-graphique.png\",\"contentUrl\":\"https:\\\/\\\/www.la-jonx.ch\\\/wp-content\\\/uploads\\\/2021\\\/09\\\/logo-la-jonx-atzelier-graphique.png\",\"width\":378,\"height\":129,\"caption\":\"La Jonx\"},\"image\":{\"@id\":\"https:\\\/\\\/www.la-jonx.ch\\\/it\\\/#\\\/schema\\\/logo\\\/image\\\/\"},\"sameAs\":[\"https:\\\/\\\/www.facebook.com\\\/lajonx.ch\",\"https:\\\/\\\/www.instagram.com\\\/lajonx.ch\\\/?hl=fr\"]}]}<\/script>\n<meta property=\"og:availability\" content=\"instock\" \/>\n<meta property=\"product:availability\" content=\"instock\" \/>\n<meta property=\"product:condition\" content=\"new\" \/>\n<!-- \/ Yoast SEO Premium plugin. -->","yoast_head_json":{"title":"Poster Gruy\u00e8res, il paese | Poster Svizzera | La Jonx","description":"Scopra il nostro poster Gruy\u00e8res, le pays - stampato in Svizzera su carta di qualit\u00e0. Perfetto come regalo svizzero o per decorare la sua casa!","robots":{"index":"index","follow":"follow","max-snippet":"max-snippet:-1","max-image-preview":"max-image-preview:large","max-video-preview":"max-video-preview:-1"},"canonical":"https:\/\/www.la-jonx.ch\/it\/shop-it\/poster\/cantoni\/friburgo\/la-regione-del-gruyere\/","og_locale":"it_IT","og_type":"article","og_title":"Poster Gruy\u00e8res, il paese | Poster Svizzera | La Jonx","og_description":"Scopra il nostro poster Gruy\u00e8res, le pays - stampato in Svizzera su carta di qualit\u00e0. Perfetto come regalo svizzero o per decorare la sua casa!","og_url":"https:\/\/www.la-jonx.ch\/it\/shop-it\/poster\/cantoni\/friburgo\/la-regione-del-gruyere\/","og_site_name":"La Jonx","article_publisher":"https:\/\/www.facebook.com\/lajonx.ch","article_modified_time":"2025-09-04T17:09:37+00:00","og_image":[{"width":1466,"height":1728,"url":"https:\/\/www.la-jonx.ch\/wp-content\/uploads\/2025\/09\/7Swiss-poster-Affiche-La-JonxBPI-30x40-Chateau-de-Gruyeres.jpg","type":"image\/jpeg"}],"twitter_card":"summary_large_image","twitter_title":"Poster Gruy\u00e8res, il paese | Poster Svizzera | La Jonx","twitter_misc":{"Disponibilit\u00e0":"In stock"},"schema":{"@context":"https:\/\/schema.org","@graph":[{"@type":"WebPage","@id":"https:\/\/www.la-jonx.ch\/it\/shop-it\/poster\/cantoni\/friburgo\/la-regione-del-gruyere\/","url":"https:\/\/www.la-jonx.ch\/it\/shop-it\/poster\/cantoni\/friburgo\/la-regione-del-gruyere\/","name":"Poster Gruy\u00e8res, il paese | Poster Svizzera | La Jonx","isPartOf":{"@id":"https:\/\/www.la-jonx.ch\/it\/#website"},"primaryImageOfPage":{"@id":"https:\/\/www.la-jonx.ch\/it\/shop-it\/poster\/cantoni\/friburgo\/la-regione-del-gruyere\/#primaryimage"},"image":{"@id":"https:\/\/www.la-jonx.ch\/it\/shop-it\/poster\/cantoni\/friburgo\/la-regione-del-gruyere\/#primaryimage"},"thumbnailUrl":"https:\/\/www.la-jonx.ch\/wp-content\/uploads\/2025\/09\/7Swiss-poster-Affiche-La-JonxBPI-30x40-Chateau-de-Gruyeres.jpg","datePublished":"2025-09-04T15:55:47+00:00","dateModified":"2025-09-04T17:09:37+00:00","description":"Scopra il nostro poster Gruy\u00e8res, le pays - stampato in Svizzera su carta di qualit\u00e0. Perfetto come regalo svizzero o per decorare la sua casa!","breadcrumb":{"@id":"https:\/\/www.la-jonx.ch\/it\/shop-it\/poster\/cantoni\/friburgo\/la-regione-del-gruyere\/#breadcrumb"},"inLanguage":"it-IT","potentialAction":[{"@type":"ReadAction","target":["https:\/\/www.la-jonx.ch\/it\/shop-it\/poster\/cantoni\/friburgo\/la-regione-del-gruyere\/"]}]},{"@type":"ImageObject","inLanguage":"it-IT","@id":"https:\/\/www.la-jonx.ch\/it\/shop-it\/poster\/cantoni\/friburgo\/la-regione-del-gruyere\/#primaryimage","url":"https:\/\/www.la-jonx.ch\/wp-content\/uploads\/2025\/09\/7Swiss-poster-Affiche-La-JonxBPI-30x40-Chateau-de-Gruyeres.jpg","contentUrl":"https:\/\/www.la-jonx.ch\/wp-content\/uploads\/2025\/09\/7Swiss-poster-Affiche-La-JonxBPI-30x40-Chateau-de-Gruyeres.jpg","width":1466,"height":1728,"caption":"Poster di Gruy\u00e8res, le pays, presentato in una cornice di legno"},{"@type":"BreadcrumbList","@id":"https:\/\/www.la-jonx.ch\/it\/shop-it\/poster\/cantoni\/friburgo\/la-regione-del-gruyere\/#breadcrumb","itemListElement":[{"@type":"ListItem","position":1,"name":"Accueil","item":"https:\/\/www.la-jonx.ch\/it\/"},{"@type":"ListItem","position":2,"name":"e-Shop","item":"https:\/\/www.la-jonx.ch\/e-shop\/?lang=it"},{"@type":"ListItem","position":3,"name":"CANTONI","item":"https:\/\/www.la-jonx.ch\/it\/categoria-prodotto\/poster\/cantoni\/"},{"@type":"ListItem","position":4,"name":"La regione del Gruy\u00e8re"}]},{"@type":"WebSite","@id":"https:\/\/www.la-jonx.ch\/it\/#website","url":"https:\/\/www.la-jonx.ch\/it\/","name":"La Jonx","description":"Posters svizzeri","publisher":{"@id":"https:\/\/www.la-jonx.ch\/it\/#organization"},"potentialAction":[{"@type":"SearchAction","target":{"@type":"EntryPoint","urlTemplate":"https:\/\/www.la-jonx.ch\/it\/?s={search_term_string}"},"query-input":{"@type":"PropertyValueSpecification","valueRequired":true,"valueName":"search_term_string"}}],"inLanguage":"it-IT"},{"@type":"Organization","@id":"https:\/\/www.la-jonx.ch\/it\/#organization","name":"La Jonx","url":"https:\/\/www.la-jonx.ch\/it\/","logo":{"@type":"ImageObject","inLanguage":"it-IT","@id":"https:\/\/www.la-jonx.ch\/it\/#\/schema\/logo\/image\/","url":"https:\/\/www.la-jonx.ch\/wp-content\/uploads\/2021\/09\/logo-la-jonx-atzelier-graphique.png","contentUrl":"https:\/\/www.la-jonx.ch\/wp-content\/uploads\/2021\/09\/logo-la-jonx-atzelier-graphique.png","width":378,"height":129,"caption":"La Jonx"},"image":{"@id":"https:\/\/www.la-jonx.ch\/it\/#\/schema\/logo\/image\/"},"sameAs":["https:\/\/www.facebook.com\/lajonx.ch","https:\/\/www.instagram.com\/lajonx.ch\/?hl=fr"]}]},"og_availability":"instock","product_availability":"instock","product_condition":"new"},"additional_image_1":"https:\/\/www.la-jonx.ch\/wp-content\/uploads\/2025\/09\/3Enveloppe-Affiche-SuisseBPI-30x40-Chateau-de-Gruyeres.jpg","additional_image_2":"https:\/\/www.la-jonx.ch\/wp-content\/uploads\/2025\/09\/150x70cm-swiss-posters-in-tubesBPI-30x40-Chateau-de-Gruyeres.jpg","uagb_featured_image_src":{"full":["https:\/\/www.la-jonx.ch\/wp-content\/uploads\/2025\/09\/7Swiss-poster-Affiche-La-JonxBPI-30x40-Chateau-de-Gruyeres.jpg",1466,1728,false],"thumbnail":["https:\/\/www.la-jonx.ch\/wp-content\/uploads\/2025\/09\/7Swiss-poster-Affiche-La-JonxBPI-30x40-Chateau-de-Gruyeres-150x150.jpg",150,150,true],"medium":["https:\/\/www.la-jonx.ch\/wp-content\/uploads\/2025\/09\/7Swiss-poster-Affiche-La-JonxBPI-30x40-Chateau-de-Gruyeres-255x300.jpg",255,300,true],"medium_large":["https:\/\/www.la-jonx.ch\/wp-content\/uploads\/2025\/09\/7Swiss-poster-Affiche-La-JonxBPI-30x40-Chateau-de-Gruyeres-768x905.jpg",768,905,true],"large":["https:\/\/www.la-jonx.ch\/wp-content\/uploads\/2025\/09\/7Swiss-poster-Affiche-La-JonxBPI-30x40-Chateau-de-Gruyeres-869x1024.jpg",869,1024,true],"1536x1536":["https:\/\/www.la-jonx.ch\/wp-content\/uploads\/2025\/09\/7Swiss-poster-Affiche-La-JonxBPI-30x40-Chateau-de-Gruyeres-1303x1536.jpg",1303,1536,true],"2048x2048":["https:\/\/www.la-jonx.ch\/wp-content\/uploads\/2025\/09\/7Swiss-poster-Affiche-La-JonxBPI-30x40-Chateau-de-Gruyeres.jpg",1466,1728,false],"woocommerce_thumbnail":["https:\/\/www.la-jonx.ch\/wp-content\/uploads\/2025\/09\/7Swiss-poster-Affiche-La-JonxBPI-30x40-Chateau-de-Gruyeres-350x420.jpg",350,420,true],"woocommerce_single":["https:\/\/www.la-jonx.ch\/wp-content\/uploads\/2025\/09\/7Swiss-poster-Affiche-La-JonxBPI-30x40-Chateau-de-Gruyeres-510x601.jpg",510,601,true],"woocommerce_gallery_thumbnail":["https:\/\/www.la-jonx.ch\/wp-content\/uploads\/2025\/09\/7Swiss-poster-Affiche-La-JonxBPI-30x40-Chateau-de-Gruyeres-100x100.jpg",100,100,true],"dgwt-wcas-product-suggestion":["https:\/\/www.la-jonx.ch\/wp-content\/uploads\/2025\/09\/7Swiss-poster-Affiche-La-JonxBPI-30x40-Chateau-de-Gruyeres.jpg",64,75,false]},"uagb_author_info":{"display_name":"L'atelier La Jonx","author_link":"https:\/\/www.la-jonx.ch\/it\/author\/"},"uagb_comment_info":0,"uagb_excerpt":"Poster di Gruy\u00e8res, il Paese, stampato in Svizzera \ud83c\udde8\ud83c\udded su carta di qualit\u00e0 eco-responsabile. Ideale per la sua decorazione murale, \u00e8 anche un perfetto regalo svizzero. Questo poster artistico celebra Ginevra, con una piccola frase che descrive il soggetto. Il castello domina la regione di Gruy\u00e8res, dove tutto sembra idilliaco. Forse \u00e8 per questo che&hellip;","_links":{"self":[{"href":"https:\/\/www.la-jonx.ch\/it\/wp-json\/wp\/v2\/product\/40681","targetHints":{"allow":["GET"]}}],"collection":[{"href":"https:\/\/www.la-jonx.ch\/it\/wp-json\/wp\/v2\/product"}],"about":[{"href":"https:\/\/www.la-jonx.ch\/it\/wp-json\/wp\/v2\/types\/product"}],"wp:featuredmedia":[{"embeddable":true,"href":"https:\/\/www.la-jonx.ch\/it\/wp-json\/wp\/v2\/media\/40619"}],"wp:attachment":[{"href":"https:\/\/www.la-jonx.ch\/it\/wp-json\/wp\/v2\/media?parent=40681"}],"wp:term":[{"taxonomy":"product_brand","embeddable":true,"href":"https:\/\/www.la-jonx.ch\/it\/wp-json\/wp\/v2\/product_brand?post=40681"},{"taxonomy":"product_cat","embeddable":true,"href":"https:\/\/www.la-jonx.ch\/it\/wp-json\/wp\/v2\/product_cat?post=40681"},{"taxonomy":"product_tag","embeddable":true,"href":"https:\/\/www.la-jonx.ch\/it\/wp-json\/wp\/v2\/product_tag?post=40681"}],"curies":[{"name":"wp","href":"https:\/\/api.w.org\/{rel}","templated":true}]}}