{"id":41027,"date":"2025-09-24T18:27:57","date_gmt":"2025-09-24T16:27:57","guid":{"rendered":"https:\/\/www.la-jonx.ch\/?post_type=product&#038;p=41027"},"modified":"2026-03-25T14:19:47","modified_gmt":"2026-03-25T13:19:47","slug":"mini-puzzle-geneve","status":"publish","type":"product","link":"https:\/\/www.la-jonx.ch\/it\/shop-it\/articoli-di-cancelleria\/giochi\/mini-puzzle-geneve\/","title":{"rendered":"Mini puzzle Gen\u00e8ve"},"content":{"rendered":"<h3>Mini puzzle Gen\u00e8ve \u2014 puzzle suisse originale<\/h3>\n<p>Un design original La Jonx. Mini puzzle Gen\u00e8ve est con\u00e7u avec le m\u00eame soin que toutes nos cr\u00e9ations. Un cadeau suisse original qui sort de l&#8217;ordinaire.<\/p>\n<blockquote><p><em>\u00ab 150 pi\u00e8ces \u00e0 assembler pour red\u00e9couvrir la rade de Gen\u00e8ve. Un d\u00e9fi miniature, un plaisir immense. \u00bb<\/em><\/p><\/blockquote>\n<h3>Caract\u00e9ristiques<\/h3>\n<ul>\n<li>Design original \u2014 La Jonx, Gen\u00e8ve<\/li>\n<\/ul>\n","protected":false},"excerpt":{"rendered":"<p class='product-intro'>Ce puzzle Gen\u00e8ve est une cr\u00e9ation originale, dessin\u00e9e \u00e0 la main dans notre atelier \u00e0 Gen\u00e8ve. Le cadeau qui fait voyager.<\/p>\n<p class='poesie'>150 pi\u00e8ces \u00e0 assembler pour red\u00e9couvrir la rade de Gen\u00e8ve. Un d\u00e9fi miniature, un plaisir immense.<\/p>\n","protected":false},"featured_media":41041,"template":"","meta":{"_uag_custom_page_level_css":""},"product_brand":[],"product_cat":[2600,2601],"product_tag":[],"class_list":{"0":"post-41027","1":"product","2":"type-product","3":"status-publish","4":"has-post-thumbnail","6":"product_cat-concept-store","7":"product_cat-jeux","8":"product_shipping_class-colis","10":"first","11":"instock","12":"shipping-taxable","13":"purchasable","14":"product-type-simple"},"yoast_head":"<!-- This site is optimized with the Yoast SEO Premium plugin v27.2 (Yoast SEO v27.3) - https:\/\/yoast.com\/product\/yoast-seo-premium-wordpress\/ -->\n<title>Puzzle Gen\u00e8ve | Cadeau Suisse Original \ud83c\udde8\ud83c\udded<\/title>\n<meta name=\"description\" content=\"Mini puzzle Gen\u00e8ve \u2014 design suisse original La Jonx. Un cadeau suisse unique et original. Atelier cr\u00e9atif \u00e0 Gen\u00e8ve depuis 2018.\" \/>\n<meta name=\"robots\" content=\"index, follow, max-snippet:-1, max-image-preview:large, max-video-preview:-1\" \/>\n<link rel=\"canonical\" href=\"https:\/\/www.la-jonx.ch\/it\/shop-it\/articoli-di-cancelleria\/giochi\/mini-puzzle-geneve\/\" \/>\n<meta property=\"og:locale\" content=\"it_IT\" \/>\n<meta property=\"og:type\" content=\"article\" \/>\n<meta property=\"og:title\" content=\"Mini puzzle Gen\u00e8ve\" \/>\n<meta property=\"og:description\" content=\"Mini puzzle Gen\u00e8ve \u2014 design suisse original La Jonx. Un cadeau suisse unique et original. Atelier cr\u00e9atif \u00e0 Gen\u00e8ve depuis 2018.\" \/>\n<meta property=\"og:url\" content=\"https:\/\/www.la-jonx.ch\/it\/shop-it\/articoli-di-cancelleria\/giochi\/mini-puzzle-geneve\/\" \/>\n<meta property=\"og:site_name\" content=\"La Jonx\" \/>\n<meta property=\"article:publisher\" content=\"https:\/\/www.facebook.com\/lajonx.ch\" \/>\n<meta property=\"article:modified_time\" content=\"2026-03-25T13:19:47+00:00\" \/>\n<meta property=\"og:image\" content=\"https:\/\/www.la-jonx.ch\/wp-content\/uploads\/2025\/09\/mini-puzzle-geneve-suisse.webp\" \/>\n\t<meta property=\"og:image:width\" content=\"1303\" \/>\n\t<meta property=\"og:image:height\" content=\"1536\" \/>\n\t<meta property=\"og:image:type\" content=\"image\/webp\" \/>\n<meta name=\"twitter:card\" content=\"summary_large_image\" \/>\n<meta name=\"twitter:label1\" content=\"Prezzo\" \/>\n\t<meta name=\"twitter:data1\" content=\"&#067;&#072;&#070;&nbsp;12.0\" \/>\n\t<meta name=\"twitter:label2\" content=\"Disponibilit\u00e0\" \/>\n\t<meta name=\"twitter:data2\" content=\"In stock\" \/>\n<script type=\"application\/ld+json\" class=\"yoast-schema-graph\">{\"@context\":\"https:\\\/\\\/schema.org\",\"@graph\":[{\"@type\":\"WebPage\",\"@id\":\"https:\\\/\\\/www.la-jonx.ch\\\/it\\\/shop-it\\\/articoli-di-cancelleria\\\/giochi\\\/mini-puzzle-geneve\\\/\",\"url\":\"https:\\\/\\\/www.la-jonx.ch\\\/it\\\/shop-it\\\/articoli-di-cancelleria\\\/giochi\\\/mini-puzzle-geneve\\\/\",\"name\":\"Puzzle Gen\u00e8ve | Cadeau Suisse Original \ud83c\udde8\ud83c\udded\",\"isPartOf\":{\"@id\":\"https:\\\/\\\/www.la-jonx.ch\\\/it\\\/#website\"},\"primaryImageOfPage\":{\"@id\":\"https:\\\/\\\/www.la-jonx.ch\\\/it\\\/shop-it\\\/articoli-di-cancelleria\\\/giochi\\\/mini-puzzle-geneve\\\/#primaryimage\"},\"image\":{\"@id\":\"https:\\\/\\\/www.la-jonx.ch\\\/it\\\/shop-it\\\/articoli-di-cancelleria\\\/giochi\\\/mini-puzzle-geneve\\\/#primaryimage\"},\"thumbnailUrl\":\"https:\\\/\\\/www.la-jonx.ch\\\/wp-content\\\/uploads\\\/2025\\\/09\\\/mini-puzzle-geneve-suisse.webp\",\"datePublished\":\"2025-09-24T16:27:57+00:00\",\"dateModified\":\"2026-03-25T13:19:47+00:00\",\"description\":\"Mini puzzle Gen\u00e8ve \u2014 design suisse original La Jonx. Un cadeau suisse unique et original. Atelier cr\u00e9atif \u00e0 Gen\u00e8ve depuis 2018.\",\"breadcrumb\":{\"@id\":\"https:\\\/\\\/www.la-jonx.ch\\\/it\\\/shop-it\\\/articoli-di-cancelleria\\\/giochi\\\/mini-puzzle-geneve\\\/#breadcrumb\"},\"inLanguage\":\"it-IT\",\"potentialAction\":[{\"@type\":\"ReadAction\",\"target\":[\"https:\\\/\\\/www.la-jonx.ch\\\/it\\\/shop-it\\\/articoli-di-cancelleria\\\/giochi\\\/mini-puzzle-geneve\\\/\"]}]},{\"@type\":\"ImageObject\",\"inLanguage\":\"it-IT\",\"@id\":\"https:\\\/\\\/www.la-jonx.ch\\\/it\\\/shop-it\\\/articoli-di-cancelleria\\\/giochi\\\/mini-puzzle-geneve\\\/#primaryimage\",\"url\":\"https:\\\/\\\/www.la-jonx.ch\\\/wp-content\\\/uploads\\\/2025\\\/09\\\/mini-puzzle-geneve-suisse.webp\",\"contentUrl\":\"https:\\\/\\\/www.la-jonx.ch\\\/wp-content\\\/uploads\\\/2025\\\/09\\\/mini-puzzle-geneve-suisse.webp\",\"width\":1303,\"height\":1536},{\"@type\":\"BreadcrumbList\",\"@id\":\"https:\\\/\\\/www.la-jonx.ch\\\/it\\\/shop-it\\\/articoli-di-cancelleria\\\/giochi\\\/mini-puzzle-geneve\\\/#breadcrumb\",\"itemListElement\":[{\"@type\":\"ListItem\",\"position\":1,\"name\":\"Accueil\",\"item\":\"https:\\\/\\\/www.la-jonx.ch\\\/it\\\/\"},{\"@type\":\"ListItem\",\"position\":2,\"name\":\"e-Shop\",\"item\":\"https:\\\/\\\/www.la-jonx.ch\\\/e-shop\\\/?lang=it\"},{\"@type\":\"ListItem\",\"position\":3,\"name\":\"Articoli di cancelleria\",\"item\":\"https:\\\/\\\/www.la-jonx.ch\\\/it\\\/categoria-prodotto\\\/articoli-di-cancelleria\\\/\"},{\"@type\":\"ListItem\",\"position\":4,\"name\":\"Giochi\",\"item\":\"https:\\\/\\\/www.la-jonx.ch\\\/it\\\/categoria-prodotto\\\/articoli-di-cancelleria\\\/giochi\\\/\"},{\"@type\":\"ListItem\",\"position\":5,\"name\":\"Mini puzzle Gen\u00e8ve\"}]},{\"@type\":\"WebSite\",\"@id\":\"https:\\\/\\\/www.la-jonx.ch\\\/it\\\/#website\",\"url\":\"https:\\\/\\\/www.la-jonx.ch\\\/it\\\/\",\"name\":\"La Jonx\",\"description\":\"Posters svizzeri\",\"publisher\":{\"@id\":\"https:\\\/\\\/www.la-jonx.ch\\\/it\\\/#organization\"},\"potentialAction\":[{\"@type\":\"SearchAction\",\"target\":{\"@type\":\"EntryPoint\",\"urlTemplate\":\"https:\\\/\\\/www.la-jonx.ch\\\/it\\\/?s={search_term_string}\"},\"query-input\":{\"@type\":\"PropertyValueSpecification\",\"valueRequired\":true,\"valueName\":\"search_term_string\"}}],\"inLanguage\":\"it-IT\"},{\"@type\":\"Organization\",\"@id\":\"https:\\\/\\\/www.la-jonx.ch\\\/it\\\/#organization\",\"name\":\"La Jonx\",\"url\":\"https:\\\/\\\/www.la-jonx.ch\\\/it\\\/\",\"logo\":{\"@type\":\"ImageObject\",\"inLanguage\":\"it-IT\",\"@id\":\"https:\\\/\\\/www.la-jonx.ch\\\/it\\\/#\\\/schema\\\/logo\\\/image\\\/\",\"url\":\"https:\\\/\\\/www.la-jonx.ch\\\/wp-content\\\/uploads\\\/2021\\\/09\\\/logo-la-jonx-atzelier-graphique.png\",\"contentUrl\":\"https:\\\/\\\/www.la-jonx.ch\\\/wp-content\\\/uploads\\\/2021\\\/09\\\/logo-la-jonx-atzelier-graphique.png\",\"width\":378,\"height\":129,\"caption\":\"La Jonx\"},\"image\":{\"@id\":\"https:\\\/\\\/www.la-jonx.ch\\\/it\\\/#\\\/schema\\\/logo\\\/image\\\/\"},\"sameAs\":[\"https:\\\/\\\/www.facebook.com\\\/lajonx.ch\",\"https:\\\/\\\/www.instagram.com\\\/lajonx.ch\\\/?hl=fr\"]}]}<\/script>\n<meta property=\"product:price:amount\" content=\"12.0\" \/>\n<meta property=\"product:price:currency\" content=\"CHF\" \/>\n<meta property=\"og:availability\" content=\"instock\" \/>\n<meta property=\"product:availability\" content=\"instock\" \/>\n<meta property=\"product:retailer_item_id\" content=\"3760442020321\" \/>\n<meta property=\"product:condition\" content=\"new\" \/>\n<!-- \/ Yoast SEO Premium plugin. -->","yoast_head_json":{"title":"Puzzle Gen\u00e8ve | Cadeau Suisse Original \ud83c\udde8\ud83c\udded","description":"Mini puzzle Gen\u00e8ve \u2014 design suisse original La Jonx. Un cadeau suisse unique et original. Atelier cr\u00e9atif \u00e0 Gen\u00e8ve depuis 2018.","robots":{"index":"index","follow":"follow","max-snippet":"max-snippet:-1","max-image-preview":"max-image-preview:large","max-video-preview":"max-video-preview:-1"},"canonical":"https:\/\/www.la-jonx.ch\/it\/shop-it\/articoli-di-cancelleria\/giochi\/mini-puzzle-geneve\/","og_locale":"it_IT","og_type":"article","og_title":"Mini puzzle Gen\u00e8ve","og_description":"Mini puzzle Gen\u00e8ve \u2014 design suisse original La Jonx. Un cadeau suisse unique et original. Atelier cr\u00e9atif \u00e0 Gen\u00e8ve depuis 2018.","og_url":"https:\/\/www.la-jonx.ch\/it\/shop-it\/articoli-di-cancelleria\/giochi\/mini-puzzle-geneve\/","og_site_name":"La Jonx","article_publisher":"https:\/\/www.facebook.com\/lajonx.ch","article_modified_time":"2026-03-25T13:19:47+00:00","og_image":[{"width":1303,"height":1536,"url":"https:\/\/www.la-jonx.ch\/wp-content\/uploads\/2025\/09\/mini-puzzle-geneve-suisse.webp","type":"image\/webp"}],"twitter_card":"summary_large_image","twitter_misc":{"Prezzo":"&#67;&#72;&#70;&nbsp;12.0","Disponibilit\u00e0":"In stock"},"schema":{"@context":"https:\/\/schema.org","@graph":[{"@type":"WebPage","@id":"https:\/\/www.la-jonx.ch\/it\/shop-it\/articoli-di-cancelleria\/giochi\/mini-puzzle-geneve\/","url":"https:\/\/www.la-jonx.ch\/it\/shop-it\/articoli-di-cancelleria\/giochi\/mini-puzzle-geneve\/","name":"Puzzle Gen\u00e8ve | Cadeau Suisse Original \ud83c\udde8\ud83c\udded","isPartOf":{"@id":"https:\/\/www.la-jonx.ch\/it\/#website"},"primaryImageOfPage":{"@id":"https:\/\/www.la-jonx.ch\/it\/shop-it\/articoli-di-cancelleria\/giochi\/mini-puzzle-geneve\/#primaryimage"},"image":{"@id":"https:\/\/www.la-jonx.ch\/it\/shop-it\/articoli-di-cancelleria\/giochi\/mini-puzzle-geneve\/#primaryimage"},"thumbnailUrl":"https:\/\/www.la-jonx.ch\/wp-content\/uploads\/2025\/09\/mini-puzzle-geneve-suisse.webp","datePublished":"2025-09-24T16:27:57+00:00","dateModified":"2026-03-25T13:19:47+00:00","description":"Mini puzzle Gen\u00e8ve \u2014 design suisse original La Jonx. Un cadeau suisse unique et original. Atelier cr\u00e9atif \u00e0 Gen\u00e8ve depuis 2018.","breadcrumb":{"@id":"https:\/\/www.la-jonx.ch\/it\/shop-it\/articoli-di-cancelleria\/giochi\/mini-puzzle-geneve\/#breadcrumb"},"inLanguage":"it-IT","potentialAction":[{"@type":"ReadAction","target":["https:\/\/www.la-jonx.ch\/it\/shop-it\/articoli-di-cancelleria\/giochi\/mini-puzzle-geneve\/"]}]},{"@type":"ImageObject","inLanguage":"it-IT","@id":"https:\/\/www.la-jonx.ch\/it\/shop-it\/articoli-di-cancelleria\/giochi\/mini-puzzle-geneve\/#primaryimage","url":"https:\/\/www.la-jonx.ch\/wp-content\/uploads\/2025\/09\/mini-puzzle-geneve-suisse.webp","contentUrl":"https:\/\/www.la-jonx.ch\/wp-content\/uploads\/2025\/09\/mini-puzzle-geneve-suisse.webp","width":1303,"height":1536},{"@type":"BreadcrumbList","@id":"https:\/\/www.la-jonx.ch\/it\/shop-it\/articoli-di-cancelleria\/giochi\/mini-puzzle-geneve\/#breadcrumb","itemListElement":[{"@type":"ListItem","position":1,"name":"Accueil","item":"https:\/\/www.la-jonx.ch\/it\/"},{"@type":"ListItem","position":2,"name":"e-Shop","item":"https:\/\/www.la-jonx.ch\/e-shop\/?lang=it"},{"@type":"ListItem","position":3,"name":"Articoli di cancelleria","item":"https:\/\/www.la-jonx.ch\/it\/categoria-prodotto\/articoli-di-cancelleria\/"},{"@type":"ListItem","position":4,"name":"Giochi","item":"https:\/\/www.la-jonx.ch\/it\/categoria-prodotto\/articoli-di-cancelleria\/giochi\/"},{"@type":"ListItem","position":5,"name":"Mini puzzle Gen\u00e8ve"}]},{"@type":"WebSite","@id":"https:\/\/www.la-jonx.ch\/it\/#website","url":"https:\/\/www.la-jonx.ch\/it\/","name":"La Jonx","description":"Posters svizzeri","publisher":{"@id":"https:\/\/www.la-jonx.ch\/it\/#organization"},"potentialAction":[{"@type":"SearchAction","target":{"@type":"EntryPoint","urlTemplate":"https:\/\/www.la-jonx.ch\/it\/?s={search_term_string}"},"query-input":{"@type":"PropertyValueSpecification","valueRequired":true,"valueName":"search_term_string"}}],"inLanguage":"it-IT"},{"@type":"Organization","@id":"https:\/\/www.la-jonx.ch\/it\/#organization","name":"La Jonx","url":"https:\/\/www.la-jonx.ch\/it\/","logo":{"@type":"ImageObject","inLanguage":"it-IT","@id":"https:\/\/www.la-jonx.ch\/it\/#\/schema\/logo\/image\/","url":"https:\/\/www.la-jonx.ch\/wp-content\/uploads\/2021\/09\/logo-la-jonx-atzelier-graphique.png","contentUrl":"https:\/\/www.la-jonx.ch\/wp-content\/uploads\/2021\/09\/logo-la-jonx-atzelier-graphique.png","width":378,"height":129,"caption":"La Jonx"},"image":{"@id":"https:\/\/www.la-jonx.ch\/it\/#\/schema\/logo\/image\/"},"sameAs":["https:\/\/www.facebook.com\/lajonx.ch","https:\/\/www.instagram.com\/lajonx.ch\/?hl=fr"]}]},"product_price_amount":"12.0","product_price_currency":"CHF","og_availability":"instock","product_availability":"instock","product_retailer_item_id":"3760442020321","product_condition":"new"},"additional_image_1":"https:\/\/www.la-jonx.ch\/wp-content\/uploads\/2025\/09\/mini-puzzle-geneva-en-train-detre-fait.webp","additional_image_2":"https:\/\/www.la-jonx.ch\/wp-content\/uploads\/2025\/09\/generated-image-5458fb98-62eb-41f2-bea4-45ea673dd4f1.jpg","uagb_featured_image_src":{"full":["https:\/\/www.la-jonx.ch\/wp-content\/uploads\/2025\/09\/mini-puzzle-geneve-suisse.webp",1303,1536,false],"thumbnail":["https:\/\/www.la-jonx.ch\/wp-content\/uploads\/2025\/09\/mini-puzzle-geneve-suisse-150x150.webp",150,150,true],"medium":["https:\/\/www.la-jonx.ch\/wp-content\/uploads\/2025\/09\/mini-puzzle-geneve-suisse-254x300.webp",254,300,true],"medium_large":["https:\/\/www.la-jonx.ch\/wp-content\/uploads\/2025\/09\/mini-puzzle-geneve-suisse-768x905.webp",768,905,true],"large":["https:\/\/www.la-jonx.ch\/wp-content\/uploads\/2025\/09\/mini-puzzle-geneve-suisse-869x1024.webp",869,1024,true],"1536x1536":["https:\/\/www.la-jonx.ch\/wp-content\/uploads\/2025\/09\/mini-puzzle-geneve-suisse.webp",1303,1536,false],"2048x2048":["https:\/\/www.la-jonx.ch\/wp-content\/uploads\/2025\/09\/mini-puzzle-geneve-suisse.webp",1303,1536,false],"woocommerce_thumbnail":["https:\/\/www.la-jonx.ch\/wp-content\/uploads\/2025\/09\/mini-puzzle-geneve-suisse-350x420.webp",350,420,true],"woocommerce_single":["https:\/\/www.la-jonx.ch\/wp-content\/uploads\/2025\/09\/mini-puzzle-geneve-suisse-510x601.webp",510,601,true],"woocommerce_gallery_thumbnail":["https:\/\/www.la-jonx.ch\/wp-content\/uploads\/2025\/09\/mini-puzzle-geneve-suisse-100x100.webp",100,100,true],"dgwt-wcas-product-suggestion":["https:\/\/www.la-jonx.ch\/wp-content\/uploads\/2025\/09\/mini-puzzle-geneve-suisse.webp",64,75,false]},"uagb_author_info":{"display_name":"L'atelier La Jonx","author_link":"https:\/\/www.la-jonx.ch\/it\/author\/"},"uagb_comment_info":0,"uagb_excerpt":"Ce puzzle Gen\u00e8ve est une cr\u00e9ation originale, dessin\u00e9e \u00e0 la main dans notre atelier \u00e0 Gen\u00e8ve. Le cadeau qui fait voyager.150 pi\u00e8ces \u00e0 assembler pour red\u00e9couvrir la rade de Gen\u00e8ve. Un d\u00e9fi miniature, un plaisir immense.","_links":{"self":[{"href":"https:\/\/www.la-jonx.ch\/it\/wp-json\/wp\/v2\/product\/41027","targetHints":{"allow":["GET"]}}],"collection":[{"href":"https:\/\/www.la-jonx.ch\/it\/wp-json\/wp\/v2\/product"}],"about":[{"href":"https:\/\/www.la-jonx.ch\/it\/wp-json\/wp\/v2\/types\/product"}],"wp:featuredmedia":[{"embeddable":true,"href":"https:\/\/www.la-jonx.ch\/it\/wp-json\/wp\/v2\/media\/41041"}],"wp:attachment":[{"href":"https:\/\/www.la-jonx.ch\/it\/wp-json\/wp\/v2\/media?parent=41027"}],"wp:term":[{"taxonomy":"product_brand","embeddable":true,"href":"https:\/\/www.la-jonx.ch\/it\/wp-json\/wp\/v2\/product_brand?post=41027"},{"taxonomy":"product_cat","embeddable":true,"href":"https:\/\/www.la-jonx.ch\/it\/wp-json\/wp\/v2\/product_cat?post=41027"},{"taxonomy":"product_tag","embeddable":true,"href":"https:\/\/www.la-jonx.ch\/it\/wp-json\/wp\/v2\/product_tag?post=41027"}],"curies":[{"name":"wp","href":"https:\/\/api.w.org\/{rel}","templated":true}]}}