{"id":41028,"date":"2025-09-24T18:33:01","date_gmt":"2025-09-24T16:33:01","guid":{"rendered":"https:\/\/www.la-jonx.ch\/?post_type=product&#038;p=41028"},"modified":"2026-04-01T17:55:59","modified_gmt":"2026-04-01T15:55:59","slug":"dessous-de-verre","status":"publish","type":"product","link":"https:\/\/www.la-jonx.ch\/it\/shop-it\/stile-di-vita\/dessous-de-verre\/","title":{"rendered":"Dessous de verre"},"content":{"rendered":"<h3>Dessous de verre \u2014 dessous de verre suisse originale<\/h3>\n<p>Un design original La Jonx. Dessous de verre est con\u00e7u avec le m\u00eame soin que toutes nos cr\u00e9ations. Un cadeau suisse original qui sort de l&#8217;ordinaire.<\/p>\n<blockquote><p><em>\u00ab Six dessous de verre illustr\u00e9s aux couleurs de Gen\u00e8ve. Pour prot\u00e9ger vos tables avec style suisse. \u00bb<\/em><\/p><\/blockquote>\n<h3>Caract\u00e9ristiques<\/h3>\n<ul>\n<li>Design original \u2014 La Jonx, Gen\u00e8ve<\/li>\n<\/ul>\n","protected":false},"excerpt":{"rendered":"<p class='product-intro'>Ce set de dessous de verre est une cr\u00e9ation originale, dessin\u00e9e \u00e0 la main dans notre atelier \u00e0 Gen\u00e8ve. Un cadeau suisse unique en son genre.<\/p>\n<p class='poesie'>Six dessous de verre illustr\u00e9s aux couleurs de Gen\u00e8ve. Pour prot\u00e9ger vos tables avec style suisse.<\/p>\n","protected":false},"featured_media":41065,"template":"","meta":{"_uag_custom_page_level_css":""},"product_brand":[],"product_cat":[2600,2601],"product_tag":[2581,2683,82,2684,74],"class_list":{"0":"post-41028","1":"product","2":"type-product","3":"status-publish","4":"has-post-thumbnail","6":"product_cat-concept-store","7":"product_cat-jeux","8":"product_tag-cadeau","9":"product_tag-dessous-de-verres","10":"product_tag-geneve","11":"product_tag-rade","12":"product_tag-suisse","13":"product_shipping_class-colis","15":"first","16":"outofstock","17":"shipping-taxable","18":"purchasable","19":"product-type-simple"},"yoast_head":"<!-- This site is optimized with the Yoast SEO Premium plugin v27.2 (Yoast SEO v27.3) - https:\/\/yoast.com\/product\/yoast-seo-premium-wordpress\/ -->\n<title>Dessous de verre | Design Suisse Original \ud83c\udde8\ud83c\udded<\/title>\n<meta name=\"description\" content=\"Dessous de verre \u2014 design suisse original La Jonx. Un cadeau suisse unique et original. Atelier cr\u00e9atif \u00e0 Gen\u00e8ve depuis 2018.\" \/>\n<meta name=\"robots\" content=\"index, follow, max-snippet:-1, max-image-preview:large, max-video-preview:-1\" \/>\n<link rel=\"canonical\" href=\"https:\/\/www.la-jonx.ch\/it\/shop-it\/stile-di-vita\/dessous-de-verre\/\" \/>\n<meta property=\"og:locale\" content=\"it_IT\" \/>\n<meta property=\"og:type\" content=\"article\" \/>\n<meta property=\"og:title\" content=\"Dessous de verre\" \/>\n<meta property=\"og:description\" content=\"Dessous de verre \u2014 design suisse original La Jonx. Un cadeau suisse unique et original. Atelier cr\u00e9atif \u00e0 Gen\u00e8ve depuis 2018.\" \/>\n<meta property=\"og:url\" content=\"https:\/\/www.la-jonx.ch\/it\/shop-it\/stile-di-vita\/dessous-de-verre\/\" \/>\n<meta property=\"og:site_name\" content=\"La Jonx\" \/>\n<meta property=\"article:publisher\" content=\"https:\/\/www.facebook.com\/lajonx.ch\" \/>\n<meta property=\"article:modified_time\" content=\"2026-04-01T15:55:59+00:00\" \/>\n<meta property=\"og:image\" content=\"https:\/\/www.la-jonx.ch\/wp-content\/uploads\/2025\/09\/dessous-de-verre-suisse-geneve-set-de-6-dessous-verre-1.webp\" \/>\n\t<meta property=\"og:image:width\" content=\"1303\" \/>\n\t<meta property=\"og:image:height\" content=\"1536\" \/>\n\t<meta property=\"og:image:type\" content=\"image\/webp\" \/>\n<meta name=\"twitter:card\" content=\"summary_large_image\" \/>\n<meta name=\"twitter:label1\" content=\"Prezzo\" \/>\n\t<meta name=\"twitter:data1\" content=\"&#067;&#072;&#070;&nbsp;15.0\" \/>\n\t<meta name=\"twitter:label2\" content=\"Disponibilit\u00e0\" \/>\n\t<meta name=\"twitter:data2\" content=\"Esaurito\" \/>\n<script type=\"application\/ld+json\" class=\"yoast-schema-graph\">{\"@context\":\"https:\\\/\\\/schema.org\",\"@graph\":[{\"@type\":\"WebPage\",\"@id\":\"https:\\\/\\\/www.la-jonx.ch\\\/it\\\/shop-it\\\/stile-di-vita\\\/dessous-de-verre\\\/\",\"url\":\"https:\\\/\\\/www.la-jonx.ch\\\/it\\\/shop-it\\\/stile-di-vita\\\/dessous-de-verre\\\/\",\"name\":\"Dessous de verre | Design Suisse Original \ud83c\udde8\ud83c\udded\",\"isPartOf\":{\"@id\":\"https:\\\/\\\/www.la-jonx.ch\\\/it\\\/#website\"},\"primaryImageOfPage\":{\"@id\":\"https:\\\/\\\/www.la-jonx.ch\\\/it\\\/shop-it\\\/stile-di-vita\\\/dessous-de-verre\\\/#primaryimage\"},\"image\":{\"@id\":\"https:\\\/\\\/www.la-jonx.ch\\\/it\\\/shop-it\\\/stile-di-vita\\\/dessous-de-verre\\\/#primaryimage\"},\"thumbnailUrl\":\"https:\\\/\\\/www.la-jonx.ch\\\/wp-content\\\/uploads\\\/2025\\\/09\\\/dessous-de-verre-suisse-geneve-set-de-6-dessous-verre-1.webp\",\"datePublished\":\"2025-09-24T16:33:01+00:00\",\"dateModified\":\"2026-04-01T15:55:59+00:00\",\"description\":\"Dessous de verre \u2014 design suisse original La Jonx. Un cadeau suisse unique et original. Atelier cr\u00e9atif \u00e0 Gen\u00e8ve depuis 2018.\",\"breadcrumb\":{\"@id\":\"https:\\\/\\\/www.la-jonx.ch\\\/it\\\/shop-it\\\/stile-di-vita\\\/dessous-de-verre\\\/#breadcrumb\"},\"inLanguage\":\"it-IT\",\"potentialAction\":[{\"@type\":\"ReadAction\",\"target\":[\"https:\\\/\\\/www.la-jonx.ch\\\/it\\\/shop-it\\\/stile-di-vita\\\/dessous-de-verre\\\/\"]}]},{\"@type\":\"ImageObject\",\"inLanguage\":\"it-IT\",\"@id\":\"https:\\\/\\\/www.la-jonx.ch\\\/it\\\/shop-it\\\/stile-di-vita\\\/dessous-de-verre\\\/#primaryimage\",\"url\":\"https:\\\/\\\/www.la-jonx.ch\\\/wp-content\\\/uploads\\\/2025\\\/09\\\/dessous-de-verre-suisse-geneve-set-de-6-dessous-verre-1.webp\",\"contentUrl\":\"https:\\\/\\\/www.la-jonx.ch\\\/wp-content\\\/uploads\\\/2025\\\/09\\\/dessous-de-verre-suisse-geneve-set-de-6-dessous-verre-1.webp\",\"width\":1303,\"height\":1536,\"caption\":\"confezione di 6 sottobicchieri di Ginevra, regalo originale suise\"},{\"@type\":\"BreadcrumbList\",\"@id\":\"https:\\\/\\\/www.la-jonx.ch\\\/it\\\/shop-it\\\/stile-di-vita\\\/dessous-de-verre\\\/#breadcrumb\",\"itemListElement\":[{\"@type\":\"ListItem\",\"position\":1,\"name\":\"Accueil\",\"item\":\"https:\\\/\\\/www.la-jonx.ch\\\/it\\\/\"},{\"@type\":\"ListItem\",\"position\":2,\"name\":\"e-Shop\",\"item\":\"https:\\\/\\\/www.la-jonx.ch\\\/e-shop\\\/?lang=it\"},{\"@type\":\"ListItem\",\"position\":3,\"name\":\"Stile di vita\",\"item\":\"https:\\\/\\\/www.la-jonx.ch\\\/it\\\/categoria-prodotto\\\/stile-di-vita\\\/\"},{\"@type\":\"ListItem\",\"position\":4,\"name\":\"Dessous de verre\"}]},{\"@type\":\"WebSite\",\"@id\":\"https:\\\/\\\/www.la-jonx.ch\\\/it\\\/#website\",\"url\":\"https:\\\/\\\/www.la-jonx.ch\\\/it\\\/\",\"name\":\"La Jonx\",\"description\":\"Posters svizzeri\",\"publisher\":{\"@id\":\"https:\\\/\\\/www.la-jonx.ch\\\/it\\\/#organization\"},\"potentialAction\":[{\"@type\":\"SearchAction\",\"target\":{\"@type\":\"EntryPoint\",\"urlTemplate\":\"https:\\\/\\\/www.la-jonx.ch\\\/it\\\/?s={search_term_string}\"},\"query-input\":{\"@type\":\"PropertyValueSpecification\",\"valueRequired\":true,\"valueName\":\"search_term_string\"}}],\"inLanguage\":\"it-IT\"},{\"@type\":\"Organization\",\"@id\":\"https:\\\/\\\/www.la-jonx.ch\\\/it\\\/#organization\",\"name\":\"La Jonx\",\"url\":\"https:\\\/\\\/www.la-jonx.ch\\\/it\\\/\",\"logo\":{\"@type\":\"ImageObject\",\"inLanguage\":\"it-IT\",\"@id\":\"https:\\\/\\\/www.la-jonx.ch\\\/it\\\/#\\\/schema\\\/logo\\\/image\\\/\",\"url\":\"https:\\\/\\\/www.la-jonx.ch\\\/wp-content\\\/uploads\\\/2021\\\/09\\\/logo-la-jonx-atzelier-graphique.png\",\"contentUrl\":\"https:\\\/\\\/www.la-jonx.ch\\\/wp-content\\\/uploads\\\/2021\\\/09\\\/logo-la-jonx-atzelier-graphique.png\",\"width\":378,\"height\":129,\"caption\":\"La Jonx\"},\"image\":{\"@id\":\"https:\\\/\\\/www.la-jonx.ch\\\/it\\\/#\\\/schema\\\/logo\\\/image\\\/\"},\"sameAs\":[\"https:\\\/\\\/www.facebook.com\\\/lajonx.ch\",\"https:\\\/\\\/www.instagram.com\\\/lajonx.ch\\\/?hl=fr\"]}]}<\/script>\n<meta property=\"product:price:amount\" content=\"15.0\" \/>\n<meta property=\"product:price:currency\" content=\"CHF\" \/>\n<meta property=\"og:availability\" content=\"out of stock\" \/>\n<meta property=\"product:availability\" content=\"out of stock\" \/>\n<meta property=\"product:condition\" content=\"new\" \/>\n<!-- \/ Yoast SEO Premium plugin. -->","yoast_head_json":{"title":"Dessous de verre | Design Suisse Original \ud83c\udde8\ud83c\udded","description":"Dessous de verre \u2014 design suisse original La Jonx. Un cadeau suisse unique et original. Atelier cr\u00e9atif \u00e0 Gen\u00e8ve depuis 2018.","robots":{"index":"index","follow":"follow","max-snippet":"max-snippet:-1","max-image-preview":"max-image-preview:large","max-video-preview":"max-video-preview:-1"},"canonical":"https:\/\/www.la-jonx.ch\/it\/shop-it\/stile-di-vita\/dessous-de-verre\/","og_locale":"it_IT","og_type":"article","og_title":"Dessous de verre","og_description":"Dessous de verre \u2014 design suisse original La Jonx. Un cadeau suisse unique et original. Atelier cr\u00e9atif \u00e0 Gen\u00e8ve depuis 2018.","og_url":"https:\/\/www.la-jonx.ch\/it\/shop-it\/stile-di-vita\/dessous-de-verre\/","og_site_name":"La Jonx","article_publisher":"https:\/\/www.facebook.com\/lajonx.ch","article_modified_time":"2026-04-01T15:55:59+00:00","og_image":[{"width":1303,"height":1536,"url":"https:\/\/www.la-jonx.ch\/wp-content\/uploads\/2025\/09\/dessous-de-verre-suisse-geneve-set-de-6-dessous-verre-1.webp","type":"image\/webp"}],"twitter_card":"summary_large_image","twitter_misc":{"Prezzo":"&#67;&#72;&#70;&nbsp;15.0","Disponibilit\u00e0":"Esaurito"},"schema":{"@context":"https:\/\/schema.org","@graph":[{"@type":"WebPage","@id":"https:\/\/www.la-jonx.ch\/it\/shop-it\/stile-di-vita\/dessous-de-verre\/","url":"https:\/\/www.la-jonx.ch\/it\/shop-it\/stile-di-vita\/dessous-de-verre\/","name":"Dessous de verre | Design Suisse Original \ud83c\udde8\ud83c\udded","isPartOf":{"@id":"https:\/\/www.la-jonx.ch\/it\/#website"},"primaryImageOfPage":{"@id":"https:\/\/www.la-jonx.ch\/it\/shop-it\/stile-di-vita\/dessous-de-verre\/#primaryimage"},"image":{"@id":"https:\/\/www.la-jonx.ch\/it\/shop-it\/stile-di-vita\/dessous-de-verre\/#primaryimage"},"thumbnailUrl":"https:\/\/www.la-jonx.ch\/wp-content\/uploads\/2025\/09\/dessous-de-verre-suisse-geneve-set-de-6-dessous-verre-1.webp","datePublished":"2025-09-24T16:33:01+00:00","dateModified":"2026-04-01T15:55:59+00:00","description":"Dessous de verre \u2014 design suisse original La Jonx. Un cadeau suisse unique et original. Atelier cr\u00e9atif \u00e0 Gen\u00e8ve depuis 2018.","breadcrumb":{"@id":"https:\/\/www.la-jonx.ch\/it\/shop-it\/stile-di-vita\/dessous-de-verre\/#breadcrumb"},"inLanguage":"it-IT","potentialAction":[{"@type":"ReadAction","target":["https:\/\/www.la-jonx.ch\/it\/shop-it\/stile-di-vita\/dessous-de-verre\/"]}]},{"@type":"ImageObject","inLanguage":"it-IT","@id":"https:\/\/www.la-jonx.ch\/it\/shop-it\/stile-di-vita\/dessous-de-verre\/#primaryimage","url":"https:\/\/www.la-jonx.ch\/wp-content\/uploads\/2025\/09\/dessous-de-verre-suisse-geneve-set-de-6-dessous-verre-1.webp","contentUrl":"https:\/\/www.la-jonx.ch\/wp-content\/uploads\/2025\/09\/dessous-de-verre-suisse-geneve-set-de-6-dessous-verre-1.webp","width":1303,"height":1536,"caption":"confezione di 6 sottobicchieri di Ginevra, regalo originale suise"},{"@type":"BreadcrumbList","@id":"https:\/\/www.la-jonx.ch\/it\/shop-it\/stile-di-vita\/dessous-de-verre\/#breadcrumb","itemListElement":[{"@type":"ListItem","position":1,"name":"Accueil","item":"https:\/\/www.la-jonx.ch\/it\/"},{"@type":"ListItem","position":2,"name":"e-Shop","item":"https:\/\/www.la-jonx.ch\/e-shop\/?lang=it"},{"@type":"ListItem","position":3,"name":"Stile di vita","item":"https:\/\/www.la-jonx.ch\/it\/categoria-prodotto\/stile-di-vita\/"},{"@type":"ListItem","position":4,"name":"Dessous de verre"}]},{"@type":"WebSite","@id":"https:\/\/www.la-jonx.ch\/it\/#website","url":"https:\/\/www.la-jonx.ch\/it\/","name":"La Jonx","description":"Posters svizzeri","publisher":{"@id":"https:\/\/www.la-jonx.ch\/it\/#organization"},"potentialAction":[{"@type":"SearchAction","target":{"@type":"EntryPoint","urlTemplate":"https:\/\/www.la-jonx.ch\/it\/?s={search_term_string}"},"query-input":{"@type":"PropertyValueSpecification","valueRequired":true,"valueName":"search_term_string"}}],"inLanguage":"it-IT"},{"@type":"Organization","@id":"https:\/\/www.la-jonx.ch\/it\/#organization","name":"La Jonx","url":"https:\/\/www.la-jonx.ch\/it\/","logo":{"@type":"ImageObject","inLanguage":"it-IT","@id":"https:\/\/www.la-jonx.ch\/it\/#\/schema\/logo\/image\/","url":"https:\/\/www.la-jonx.ch\/wp-content\/uploads\/2021\/09\/logo-la-jonx-atzelier-graphique.png","contentUrl":"https:\/\/www.la-jonx.ch\/wp-content\/uploads\/2021\/09\/logo-la-jonx-atzelier-graphique.png","width":378,"height":129,"caption":"La Jonx"},"image":{"@id":"https:\/\/www.la-jonx.ch\/it\/#\/schema\/logo\/image\/"},"sameAs":["https:\/\/www.facebook.com\/lajonx.ch","https:\/\/www.instagram.com\/lajonx.ch\/?hl=fr"]}]},"product_price_amount":"15.0","product_price_currency":"CHF","og_availability":"out of stock","product_availability":"out of stock","product_condition":"new"},"additional_image_1":"https:\/\/www.la-jonx.ch\/wp-content\/uploads\/2025\/09\/pack-de-6-dessous-de-verre-2.webp","additional_image_2":null,"uagb_featured_image_src":{"full":["https:\/\/www.la-jonx.ch\/wp-content\/uploads\/2025\/09\/dessous-de-verre-suisse-geneve-set-de-6-dessous-verre-1.webp",1303,1536,false],"thumbnail":["https:\/\/www.la-jonx.ch\/wp-content\/uploads\/2025\/09\/dessous-de-verre-suisse-geneve-set-de-6-dessous-verre-1-150x150.webp",150,150,true],"medium":["https:\/\/www.la-jonx.ch\/wp-content\/uploads\/2025\/09\/dessous-de-verre-suisse-geneve-set-de-6-dessous-verre-1-254x300.webp",254,300,true],"medium_large":["https:\/\/www.la-jonx.ch\/wp-content\/uploads\/2025\/09\/dessous-de-verre-suisse-geneve-set-de-6-dessous-verre-1-768x905.webp",768,905,true],"large":["https:\/\/www.la-jonx.ch\/wp-content\/uploads\/2025\/09\/dessous-de-verre-suisse-geneve-set-de-6-dessous-verre-1-869x1024.webp",869,1024,true],"1536x1536":["https:\/\/www.la-jonx.ch\/wp-content\/uploads\/2025\/09\/dessous-de-verre-suisse-geneve-set-de-6-dessous-verre-1.webp",1303,1536,false],"2048x2048":["https:\/\/www.la-jonx.ch\/wp-content\/uploads\/2025\/09\/dessous-de-verre-suisse-geneve-set-de-6-dessous-verre-1.webp",1303,1536,false],"woocommerce_thumbnail":["https:\/\/www.la-jonx.ch\/wp-content\/uploads\/2025\/09\/dessous-de-verre-suisse-geneve-set-de-6-dessous-verre-1-350x420.webp",350,420,true],"woocommerce_single":["https:\/\/www.la-jonx.ch\/wp-content\/uploads\/2025\/09\/dessous-de-verre-suisse-geneve-set-de-6-dessous-verre-1-510x601.webp",510,601,true],"woocommerce_gallery_thumbnail":["https:\/\/www.la-jonx.ch\/wp-content\/uploads\/2025\/09\/dessous-de-verre-suisse-geneve-set-de-6-dessous-verre-1-100x100.webp",100,100,true],"dgwt-wcas-product-suggestion":["https:\/\/www.la-jonx.ch\/wp-content\/uploads\/2025\/09\/dessous-de-verre-suisse-geneve-set-de-6-dessous-verre-1.webp",64,75,false]},"uagb_author_info":{"display_name":"L'atelier La Jonx","author_link":"https:\/\/www.la-jonx.ch\/it\/author\/"},"uagb_comment_info":0,"uagb_excerpt":"Ce set de dessous de verre est une cr\u00e9ation originale, dessin\u00e9e \u00e0 la main dans notre atelier \u00e0 Gen\u00e8ve. Un cadeau suisse unique en son genre.Six dessous de verre illustr\u00e9s aux couleurs de Gen\u00e8ve. Pour prot\u00e9ger vos tables avec style suisse.","_links":{"self":[{"href":"https:\/\/www.la-jonx.ch\/it\/wp-json\/wp\/v2\/product\/41028","targetHints":{"allow":["GET"]}}],"collection":[{"href":"https:\/\/www.la-jonx.ch\/it\/wp-json\/wp\/v2\/product"}],"about":[{"href":"https:\/\/www.la-jonx.ch\/it\/wp-json\/wp\/v2\/types\/product"}],"wp:featuredmedia":[{"embeddable":true,"href":"https:\/\/www.la-jonx.ch\/it\/wp-json\/wp\/v2\/media\/41065"}],"wp:attachment":[{"href":"https:\/\/www.la-jonx.ch\/it\/wp-json\/wp\/v2\/media?parent=41028"}],"wp:term":[{"taxonomy":"product_brand","embeddable":true,"href":"https:\/\/www.la-jonx.ch\/it\/wp-json\/wp\/v2\/product_brand?post=41028"},{"taxonomy":"product_cat","embeddable":true,"href":"https:\/\/www.la-jonx.ch\/it\/wp-json\/wp\/v2\/product_cat?post=41028"},{"taxonomy":"product_tag","embeddable":true,"href":"https:\/\/www.la-jonx.ch\/it\/wp-json\/wp\/v2\/product_tag?post=41028"}],"curies":[{"name":"wp","href":"https:\/\/api.w.org\/{rel}","templated":true}]}}