{"id":41390,"date":"2025-11-21T17:17:54","date_gmt":"2025-11-21T16:17:54","guid":{"rendered":"https:\/\/www.la-jonx.ch\/?post_type=product&#038;p=41390"},"modified":"2026-03-12T12:32:33","modified_gmt":"2026-03-12T11:32:33","slug":"calendrier-2026","status":"publish","type":"product","link":"https:\/\/www.la-jonx.ch\/it\/shop-it\/stile-di-vita\/calendrier-2026\/","title":{"rendered":"Calendrier 2026"},"content":{"rendered":"<h3>Calendrier 2026 \u2014 calendrier suisse originale<\/h3>\n<p>Un design original La Jonx. Calendrier 2026 est con\u00e7u avec le m\u00eame soin que toutes nos cr\u00e9ations. Un cadeau suisse original qui sort de l&#8217;ordinaire.<\/p>\n<blockquote><p><em>\u00ab 12 mois, 12 illustrations de Suisse. Le calendrier La Jonx pour voyager toute l&#8217;ann\u00e9e. \u00bb<\/em><\/p><\/blockquote>\n<h3>Caract\u00e9ristiques<\/h3>\n<ul>\n<li>Design original \u2014 La Jonx, Gen\u00e8ve<\/li>\n<\/ul>\n","protected":false},"excerpt":{"rendered":"<p class='product-intro'>Ce calendrier 2026 est une cr\u00e9ation originale, dessin\u00e9e \u00e0 la main et imprim\u00e9e en Suisse sur du papier de qualit\u00e9. Le cadeau id\u00e9al pour les amoureux de la Suisse.<\/p>\n<p class='poesie'>12 mois, 12 illustrations de Suisse. Le calendrier La Jonx pour voyager toute l&#8217;ann\u00e9e.<\/p>\n","protected":false},"featured_media":41391,"template":"","meta":{"_uag_custom_page_level_css":""},"product_brand":[],"product_cat":[2600,2729],"product_tag":[],"class_list":{"0":"post-41390","1":"product","2":"type-product","3":"status-publish","4":"has-post-thumbnail","6":"product_cat-concept-store","7":"product_cat-calendriers","9":"first","10":"instock","11":"shipping-taxable","12":"purchasable","13":"product-type-simple"},"yoast_head":"<!-- This site is optimized with the Yoast SEO Premium plugin v27.2 (Yoast SEO v27.3) - https:\/\/yoast.com\/product\/yoast-seo-premium-wordpress\/ -->\n<title>Calendrier Suisse Illustr\u00e9 2026 | La Jonx \ud83c\udde8\ud83c\udded<\/title>\n<meta name=\"description\" content=\"Calendrier 2026 \u2014 design suisse original La Jonx. Un cadeau suisse unique et original. Atelier cr\u00e9atif \u00e0 Gen\u00e8ve depuis 2018.\" \/>\n<meta name=\"robots\" content=\"index, follow, max-snippet:-1, max-image-preview:large, max-video-preview:-1\" \/>\n<link rel=\"canonical\" href=\"https:\/\/www.la-jonx.ch\/it\/shop-it\/stile-di-vita\/calendrier-2026\/\" \/>\n<meta property=\"og:locale\" content=\"it_IT\" \/>\n<meta property=\"og:type\" content=\"article\" \/>\n<meta property=\"og:title\" content=\"Calendrier 2026\" \/>\n<meta property=\"og:description\" content=\"Calendrier 2026 \u2014 design suisse original La Jonx. Un cadeau suisse unique et original. Atelier cr\u00e9atif \u00e0 Gen\u00e8ve depuis 2018.\" \/>\n<meta property=\"og:url\" content=\"https:\/\/www.la-jonx.ch\/it\/shop-it\/stile-di-vita\/calendrier-2026\/\" \/>\n<meta property=\"og:site_name\" content=\"La Jonx\" \/>\n<meta property=\"article:publisher\" content=\"https:\/\/www.facebook.com\/lajonx.ch\" \/>\n<meta property=\"article:modified_time\" content=\"2026-03-12T11:32:33+00:00\" \/>\n<meta property=\"og:image\" content=\"https:\/\/www.la-jonx.ch\/wp-content\/uploads\/2025\/09\/2026-calendrier-kalender-suisse.webp\" \/>\n\t<meta property=\"og:image:width\" content=\"2000\" \/>\n\t<meta property=\"og:image:height\" content=\"2357\" \/>\n\t<meta property=\"og:image:type\" content=\"image\/webp\" \/>\n<meta name=\"twitter:card\" content=\"summary_large_image\" \/>\n<meta name=\"twitter:label1\" content=\"Prezzo\" \/>\n\t<meta name=\"twitter:data1\" content=\"&#067;&#072;&#070;&nbsp;20.0\" \/>\n\t<meta name=\"twitter:label2\" content=\"Disponibilit\u00e0\" \/>\n\t<meta name=\"twitter:data2\" content=\"In stock\" \/>\n<script type=\"application\/ld+json\" class=\"yoast-schema-graph\">{\"@context\":\"https:\\\/\\\/schema.org\",\"@graph\":[{\"@type\":\"WebPage\",\"@id\":\"https:\\\/\\\/www.la-jonx.ch\\\/it\\\/shop-it\\\/stile-di-vita\\\/calendrier-2026\\\/\",\"url\":\"https:\\\/\\\/www.la-jonx.ch\\\/it\\\/shop-it\\\/stile-di-vita\\\/calendrier-2026\\\/\",\"name\":\"Calendrier Suisse Illustr\u00e9 2026 | La Jonx \ud83c\udde8\ud83c\udded\",\"isPartOf\":{\"@id\":\"https:\\\/\\\/www.la-jonx.ch\\\/it\\\/#website\"},\"primaryImageOfPage\":{\"@id\":\"https:\\\/\\\/www.la-jonx.ch\\\/it\\\/shop-it\\\/stile-di-vita\\\/calendrier-2026\\\/#primaryimage\"},\"image\":{\"@id\":\"https:\\\/\\\/www.la-jonx.ch\\\/it\\\/shop-it\\\/stile-di-vita\\\/calendrier-2026\\\/#primaryimage\"},\"thumbnailUrl\":\"https:\\\/\\\/www.la-jonx.ch\\\/wp-content\\\/uploads\\\/2025\\\/09\\\/2026-calendrier-kalender-suisse.webp\",\"datePublished\":\"2025-11-21T16:17:54+00:00\",\"dateModified\":\"2026-03-12T11:32:33+00:00\",\"description\":\"Calendrier 2026 \u2014 design suisse original La Jonx. Un cadeau suisse unique et original. Atelier cr\u00e9atif \u00e0 Gen\u00e8ve depuis 2018.\",\"breadcrumb\":{\"@id\":\"https:\\\/\\\/www.la-jonx.ch\\\/it\\\/shop-it\\\/stile-di-vita\\\/calendrier-2026\\\/#breadcrumb\"},\"inLanguage\":\"it-IT\",\"potentialAction\":[{\"@type\":\"ReadAction\",\"target\":[\"https:\\\/\\\/www.la-jonx.ch\\\/it\\\/shop-it\\\/stile-di-vita\\\/calendrier-2026\\\/\"]}]},{\"@type\":\"ImageObject\",\"inLanguage\":\"it-IT\",\"@id\":\"https:\\\/\\\/www.la-jonx.ch\\\/it\\\/shop-it\\\/stile-di-vita\\\/calendrier-2026\\\/#primaryimage\",\"url\":\"https:\\\/\\\/www.la-jonx.ch\\\/wp-content\\\/uploads\\\/2025\\\/09\\\/2026-calendrier-kalender-suisse.webp\",\"contentUrl\":\"https:\\\/\\\/www.la-jonx.ch\\\/wp-content\\\/uploads\\\/2025\\\/09\\\/2026-calendrier-kalender-suisse.webp\",\"width\":2000,\"height\":2357},{\"@type\":\"BreadcrumbList\",\"@id\":\"https:\\\/\\\/www.la-jonx.ch\\\/it\\\/shop-it\\\/stile-di-vita\\\/calendrier-2026\\\/#breadcrumb\",\"itemListElement\":[{\"@type\":\"ListItem\",\"position\":1,\"name\":\"Accueil\",\"item\":\"https:\\\/\\\/www.la-jonx.ch\\\/it\\\/\"},{\"@type\":\"ListItem\",\"position\":2,\"name\":\"e-Shop\",\"item\":\"https:\\\/\\\/www.la-jonx.ch\\\/e-shop\\\/?lang=it\"},{\"@type\":\"ListItem\",\"position\":3,\"name\":\"Stile di vita\",\"item\":\"https:\\\/\\\/www.la-jonx.ch\\\/it\\\/categoria-prodotto\\\/stile-di-vita\\\/\"},{\"@type\":\"ListItem\",\"position\":4,\"name\":\"Calendrier 2026\"}]},{\"@type\":\"WebSite\",\"@id\":\"https:\\\/\\\/www.la-jonx.ch\\\/it\\\/#website\",\"url\":\"https:\\\/\\\/www.la-jonx.ch\\\/it\\\/\",\"name\":\"La Jonx\",\"description\":\"Posters svizzeri\",\"publisher\":{\"@id\":\"https:\\\/\\\/www.la-jonx.ch\\\/it\\\/#organization\"},\"potentialAction\":[{\"@type\":\"SearchAction\",\"target\":{\"@type\":\"EntryPoint\",\"urlTemplate\":\"https:\\\/\\\/www.la-jonx.ch\\\/it\\\/?s={search_term_string}\"},\"query-input\":{\"@type\":\"PropertyValueSpecification\",\"valueRequired\":true,\"valueName\":\"search_term_string\"}}],\"inLanguage\":\"it-IT\"},{\"@type\":\"Organization\",\"@id\":\"https:\\\/\\\/www.la-jonx.ch\\\/it\\\/#organization\",\"name\":\"La Jonx\",\"url\":\"https:\\\/\\\/www.la-jonx.ch\\\/it\\\/\",\"logo\":{\"@type\":\"ImageObject\",\"inLanguage\":\"it-IT\",\"@id\":\"https:\\\/\\\/www.la-jonx.ch\\\/it\\\/#\\\/schema\\\/logo\\\/image\\\/\",\"url\":\"https:\\\/\\\/www.la-jonx.ch\\\/wp-content\\\/uploads\\\/2021\\\/09\\\/logo-la-jonx-atzelier-graphique.png\",\"contentUrl\":\"https:\\\/\\\/www.la-jonx.ch\\\/wp-content\\\/uploads\\\/2021\\\/09\\\/logo-la-jonx-atzelier-graphique.png\",\"width\":378,\"height\":129,\"caption\":\"La Jonx\"},\"image\":{\"@id\":\"https:\\\/\\\/www.la-jonx.ch\\\/it\\\/#\\\/schema\\\/logo\\\/image\\\/\"},\"sameAs\":[\"https:\\\/\\\/www.facebook.com\\\/lajonx.ch\",\"https:\\\/\\\/www.instagram.com\\\/lajonx.ch\\\/?hl=fr\"]}]}<\/script>\n<meta property=\"product:price:amount\" content=\"20.0\" \/>\n<meta property=\"product:price:currency\" content=\"CHF\" \/>\n<meta property=\"og:availability\" content=\"instock\" \/>\n<meta property=\"product:availability\" content=\"instock\" \/>\n<meta property=\"product:condition\" content=\"new\" \/>\n<!-- \/ Yoast SEO Premium plugin. -->","yoast_head_json":{"title":"Calendrier Suisse Illustr\u00e9 2026 | La Jonx \ud83c\udde8\ud83c\udded","description":"Calendrier 2026 \u2014 design suisse original La Jonx. Un cadeau suisse unique et original. Atelier cr\u00e9atif \u00e0 Gen\u00e8ve depuis 2018.","robots":{"index":"index","follow":"follow","max-snippet":"max-snippet:-1","max-image-preview":"max-image-preview:large","max-video-preview":"max-video-preview:-1"},"canonical":"https:\/\/www.la-jonx.ch\/it\/shop-it\/stile-di-vita\/calendrier-2026\/","og_locale":"it_IT","og_type":"article","og_title":"Calendrier 2026","og_description":"Calendrier 2026 \u2014 design suisse original La Jonx. Un cadeau suisse unique et original. Atelier cr\u00e9atif \u00e0 Gen\u00e8ve depuis 2018.","og_url":"https:\/\/www.la-jonx.ch\/it\/shop-it\/stile-di-vita\/calendrier-2026\/","og_site_name":"La Jonx","article_publisher":"https:\/\/www.facebook.com\/lajonx.ch","article_modified_time":"2026-03-12T11:32:33+00:00","og_image":[{"width":2000,"height":2357,"url":"https:\/\/www.la-jonx.ch\/wp-content\/uploads\/2025\/09\/2026-calendrier-kalender-suisse.webp","type":"image\/webp"}],"twitter_card":"summary_large_image","twitter_misc":{"Prezzo":"&#67;&#72;&#70;&nbsp;20.0","Disponibilit\u00e0":"In stock"},"schema":{"@context":"https:\/\/schema.org","@graph":[{"@type":"WebPage","@id":"https:\/\/www.la-jonx.ch\/it\/shop-it\/stile-di-vita\/calendrier-2026\/","url":"https:\/\/www.la-jonx.ch\/it\/shop-it\/stile-di-vita\/calendrier-2026\/","name":"Calendrier Suisse Illustr\u00e9 2026 | La Jonx \ud83c\udde8\ud83c\udded","isPartOf":{"@id":"https:\/\/www.la-jonx.ch\/it\/#website"},"primaryImageOfPage":{"@id":"https:\/\/www.la-jonx.ch\/it\/shop-it\/stile-di-vita\/calendrier-2026\/#primaryimage"},"image":{"@id":"https:\/\/www.la-jonx.ch\/it\/shop-it\/stile-di-vita\/calendrier-2026\/#primaryimage"},"thumbnailUrl":"https:\/\/www.la-jonx.ch\/wp-content\/uploads\/2025\/09\/2026-calendrier-kalender-suisse.webp","datePublished":"2025-11-21T16:17:54+00:00","dateModified":"2026-03-12T11:32:33+00:00","description":"Calendrier 2026 \u2014 design suisse original La Jonx. Un cadeau suisse unique et original. Atelier cr\u00e9atif \u00e0 Gen\u00e8ve depuis 2018.","breadcrumb":{"@id":"https:\/\/www.la-jonx.ch\/it\/shop-it\/stile-di-vita\/calendrier-2026\/#breadcrumb"},"inLanguage":"it-IT","potentialAction":[{"@type":"ReadAction","target":["https:\/\/www.la-jonx.ch\/it\/shop-it\/stile-di-vita\/calendrier-2026\/"]}]},{"@type":"ImageObject","inLanguage":"it-IT","@id":"https:\/\/www.la-jonx.ch\/it\/shop-it\/stile-di-vita\/calendrier-2026\/#primaryimage","url":"https:\/\/www.la-jonx.ch\/wp-content\/uploads\/2025\/09\/2026-calendrier-kalender-suisse.webp","contentUrl":"https:\/\/www.la-jonx.ch\/wp-content\/uploads\/2025\/09\/2026-calendrier-kalender-suisse.webp","width":2000,"height":2357},{"@type":"BreadcrumbList","@id":"https:\/\/www.la-jonx.ch\/it\/shop-it\/stile-di-vita\/calendrier-2026\/#breadcrumb","itemListElement":[{"@type":"ListItem","position":1,"name":"Accueil","item":"https:\/\/www.la-jonx.ch\/it\/"},{"@type":"ListItem","position":2,"name":"e-Shop","item":"https:\/\/www.la-jonx.ch\/e-shop\/?lang=it"},{"@type":"ListItem","position":3,"name":"Stile di vita","item":"https:\/\/www.la-jonx.ch\/it\/categoria-prodotto\/stile-di-vita\/"},{"@type":"ListItem","position":4,"name":"Calendrier 2026"}]},{"@type":"WebSite","@id":"https:\/\/www.la-jonx.ch\/it\/#website","url":"https:\/\/www.la-jonx.ch\/it\/","name":"La Jonx","description":"Posters svizzeri","publisher":{"@id":"https:\/\/www.la-jonx.ch\/it\/#organization"},"potentialAction":[{"@type":"SearchAction","target":{"@type":"EntryPoint","urlTemplate":"https:\/\/www.la-jonx.ch\/it\/?s={search_term_string}"},"query-input":{"@type":"PropertyValueSpecification","valueRequired":true,"valueName":"search_term_string"}}],"inLanguage":"it-IT"},{"@type":"Organization","@id":"https:\/\/www.la-jonx.ch\/it\/#organization","name":"La Jonx","url":"https:\/\/www.la-jonx.ch\/it\/","logo":{"@type":"ImageObject","inLanguage":"it-IT","@id":"https:\/\/www.la-jonx.ch\/it\/#\/schema\/logo\/image\/","url":"https:\/\/www.la-jonx.ch\/wp-content\/uploads\/2021\/09\/logo-la-jonx-atzelier-graphique.png","contentUrl":"https:\/\/www.la-jonx.ch\/wp-content\/uploads\/2021\/09\/logo-la-jonx-atzelier-graphique.png","width":378,"height":129,"caption":"La Jonx"},"image":{"@id":"https:\/\/www.la-jonx.ch\/it\/#\/schema\/logo\/image\/"},"sameAs":["https:\/\/www.facebook.com\/lajonx.ch","https:\/\/www.instagram.com\/lajonx.ch\/?hl=fr"]}]},"product_price_amount":"20.0","product_price_currency":"CHF","og_availability":"instock","product_availability":"instock","product_condition":"new"},"additional_image_1":"https:\/\/www.la-jonx.ch\/wp-content\/uploads\/2025\/11\/calendrier-la-jonx-2026.webp","additional_image_2":"https:\/\/www.la-jonx.ch\/wp-content\/uploads\/2025\/09\/kalender-jungfrau-switzerland-2026-la-jonx.webp","uagb_featured_image_src":{"full":["https:\/\/www.la-jonx.ch\/wp-content\/uploads\/2025\/09\/2026-calendrier-kalender-suisse.webp",2000,2357,false],"thumbnail":["https:\/\/www.la-jonx.ch\/wp-content\/uploads\/2025\/09\/2026-calendrier-kalender-suisse-150x150.webp",150,150,true],"medium":["https:\/\/www.la-jonx.ch\/wp-content\/uploads\/2025\/09\/2026-calendrier-kalender-suisse-255x300.webp",255,300,true],"medium_large":["https:\/\/www.la-jonx.ch\/wp-content\/uploads\/2025\/09\/2026-calendrier-kalender-suisse-768x905.webp",768,905,true],"large":["https:\/\/www.la-jonx.ch\/wp-content\/uploads\/2025\/09\/2026-calendrier-kalender-suisse-869x1024.webp",869,1024,true],"1536x1536":["https:\/\/www.la-jonx.ch\/wp-content\/uploads\/2025\/09\/2026-calendrier-kalender-suisse-1303x1536.webp",1303,1536,true],"2048x2048":["https:\/\/www.la-jonx.ch\/wp-content\/uploads\/2025\/09\/2026-calendrier-kalender-suisse-1738x2048.webp",1738,2048,true],"woocommerce_thumbnail":["https:\/\/www.la-jonx.ch\/wp-content\/uploads\/2025\/09\/2026-calendrier-kalender-suisse-350x420.webp",350,420,true],"woocommerce_single":["https:\/\/www.la-jonx.ch\/wp-content\/uploads\/2025\/09\/2026-calendrier-kalender-suisse-510x601.webp",510,601,true],"woocommerce_gallery_thumbnail":["https:\/\/www.la-jonx.ch\/wp-content\/uploads\/2025\/09\/2026-calendrier-kalender-suisse-100x100.webp",100,100,true],"dgwt-wcas-product-suggestion":["https:\/\/www.la-jonx.ch\/wp-content\/uploads\/2025\/09\/2026-calendrier-kalender-suisse.webp",64,75,false]},"uagb_author_info":{"display_name":"L'atelier La Jonx","author_link":"https:\/\/www.la-jonx.ch\/it\/author\/"},"uagb_comment_info":0,"uagb_excerpt":"Ce calendrier 2026 est une cr\u00e9ation originale, dessin\u00e9e \u00e0 la main et imprim\u00e9e en Suisse sur du papier de qualit\u00e9. Le cadeau id\u00e9al pour les amoureux de la Suisse.12 mois, 12 illustrations de Suisse. Le calendrier La Jonx pour voyager toute l'ann\u00e9e.","_links":{"self":[{"href":"https:\/\/www.la-jonx.ch\/it\/wp-json\/wp\/v2\/product\/41390","targetHints":{"allow":["GET"]}}],"collection":[{"href":"https:\/\/www.la-jonx.ch\/it\/wp-json\/wp\/v2\/product"}],"about":[{"href":"https:\/\/www.la-jonx.ch\/it\/wp-json\/wp\/v2\/types\/product"}],"wp:featuredmedia":[{"embeddable":true,"href":"https:\/\/www.la-jonx.ch\/it\/wp-json\/wp\/v2\/media\/41391"}],"wp:attachment":[{"href":"https:\/\/www.la-jonx.ch\/it\/wp-json\/wp\/v2\/media?parent=41390"}],"wp:term":[{"taxonomy":"product_brand","embeddable":true,"href":"https:\/\/www.la-jonx.ch\/it\/wp-json\/wp\/v2\/product_brand?post=41390"},{"taxonomy":"product_cat","embeddable":true,"href":"https:\/\/www.la-jonx.ch\/it\/wp-json\/wp\/v2\/product_cat?post=41390"},{"taxonomy":"product_tag","embeddable":true,"href":"https:\/\/www.la-jonx.ch\/it\/wp-json\/wp\/v2\/product_tag?post=41390"}],"curies":[{"name":"wp","href":"https:\/\/api.w.org\/{rel}","templated":true}]}}