{"id":41443,"date":"2025-11-21T18:36:56","date_gmt":"2025-11-21T17:36:56","guid":{"rendered":"https:\/\/www.la-jonx.ch\/?post_type=product&#038;p=41443"},"modified":"2026-04-13T16:10:23","modified_gmt":"2026-04-13T14:10:23","slug":"confoederatio-helvetica","status":"publish","type":"product","link":"https:\/\/www.la-jonx.ch\/it\/shop-it\/poster\/confoederatio-helvetica\/","title":{"rendered":"Confoederatio Helvetica"},"content":{"rendered":"<h3>Confoederatio Helvetica en affiche \u2014 poster suisse dessin\u00e9 \u00e0 Gen\u00e8ve<\/h3>\n<p>Confoederatio Helvetica m\u00e9ritait une affiche \u00e0 la hauteur. On l&#8217;a dessin\u00e9e \u00e0 la main dans notre atelier \u00e0 Gen\u00e8ve, avec une lumi\u00e8re dor\u00e9e de fin de journ\u00e9e, des teintes de bleu et de turquoise et beaucoup d&#8217;amour pour ce coin de Suisse.<\/p>\n<p>Imprim\u00e9e en Suisse sur du papier demi-mat 180g certifi\u00e9 PEFC\/FSC, c&#8217;est un cadeau suisse original ou un bel \u00e9l\u00e9ment de d\u00e9coration murale pour votre salon, chambre ou bureau.<\/p>\n<blockquote><p><em>\u00ab La Conf\u00e9d\u00e9ration helv\u00e9tique et son Palais f\u00e9d\u00e9ral. Berne, capitale discr\u00e8te d&#8217;un pays qui cultive l&#8217;art du consensus. \u00bb<\/em><\/p><\/blockquote>\n<h3>Caract\u00e9ristiques<\/h3>\n<ul>\n<li>Illustration originale dessin\u00e9e \u00e0 la main \u2014 atelier La Jonx, Gen\u00e8ve<\/li>\n<li>Imprim\u00e9e en Suisse sur papier demi-mat 180g, certifi\u00e9 PEFC\/FSC<\/li>\n<li>Disponible en 30\u00d740 cm, 50\u00d770 cm et 70\u00d7100 cm<\/li>\n<li>Formats standards pour un encadrement facile<\/li>\n<li>Livr\u00e9e sous enveloppe rigide (30\u00d740) ou tube de protection (grands formats)<\/li>\n<\/ul>\n","protected":false},"excerpt":{"rendered":"<p class='product-intro'>Cette affiche de Confoederatio Helvetica est une cr\u00e9ation originale, dessin\u00e9e \u00e0 la main et imprim\u00e9e en Suisse sur du papier de qualit\u00e9. Le cadeau qui fera sourire.<\/p>\n<p class='poesie'>La Conf\u00e9d\u00e9ration helv\u00e9tique et son Palais f\u00e9d\u00e9ral. Berne, capitale discr\u00e8te d&#8217;un pays qui cultive l&#8217;art du consensus.<\/p>\n<br\/>\n","protected":false},"featured_media":41901,"template":"","meta":{"_uag_custom_page_level_css":""},"product_brand":[],"product_cat":[41,1121,2721],"product_tag":[66,2698,71],"class_list":{"0":"post-41443","1":"product","2":"type-product","3":"status-publish","4":"has-post-thumbnail","6":"product_cat-affiches-fr","7":"product_cat-canton-berne","8":"product_cat-collection-2025","9":"product_tag-berne","10":"product_tag-confoederatio-helvetica","11":"product_tag-palais-federal","13":"first","14":"instock","15":"shipping-taxable","16":"purchasable","17":"product-type-variable","18":"has-default-attributes"},"yoast_head":"<!-- This site is optimized with the Yoast SEO Premium plugin v27.4 (Yoast SEO v27.4) - https:\/\/yoast.com\/product\/yoast-seo-premium-wordpress\/ -->\n<title>Affiche de Confoederatio Helvetica | Poster Suisse Fait Main<\/title>\n<meta name=\"description\" content=\"Poster de Confoederatio Helvetica, affiche suisse dessin\u00e9e \u00e0 la main \u00e0 Gen\u00e8ve. Imprim\u00e9 en Suisse. Id\u00e9al comme cadeau suisse ou d\u00e9coration murale unique.\" \/>\n<meta name=\"robots\" content=\"index, follow, max-snippet:-1, max-image-preview:large, max-video-preview:-1\" \/>\n<link rel=\"canonical\" href=\"https:\/\/www.la-jonx.ch\/it\/shop-it\/poster\/confoederatio-helvetica\/\" \/>\n<meta property=\"og:locale\" content=\"it_IT\" \/>\n<meta property=\"og:type\" content=\"article\" \/>\n<meta property=\"og:title\" content=\"Affiche Product Template | Poster Suisse La Jonx\" \/>\n<meta property=\"og:description\" content=\"Poster de Confoederatio Helvetica, affiche suisse dessin\u00e9e \u00e0 la main \u00e0 Gen\u00e8ve. Imprim\u00e9 en Suisse. Id\u00e9al comme cadeau suisse ou d\u00e9coration murale unique.\" \/>\n<meta property=\"og:url\" content=\"https:\/\/www.la-jonx.ch\/it\/shop-it\/poster\/confoederatio-helvetica\/\" \/>\n<meta property=\"og:site_name\" content=\"La Jonx\" \/>\n<meta property=\"article:publisher\" content=\"https:\/\/www.facebook.com\/lajonx.ch\" \/>\n<meta property=\"article:modified_time\" content=\"2026-04-13T14:10:23+00:00\" \/>\n<meta property=\"og:image\" content=\"https:\/\/www.la-jonx.ch\/wp-content\/uploads\/2025\/11\/3Swiss-poster-Affiche-La-Jonx-copieBPI-30x40_Bern-Confoederatio-Helvetica.jpg\" \/>\n\t<meta property=\"og:image:width\" content=\"1466\" \/>\n\t<meta property=\"og:image:height\" content=\"1728\" \/>\n\t<meta property=\"og:image:type\" content=\"image\/jpeg\" \/>\n<meta name=\"twitter:card\" content=\"summary_large_image\" \/>\n<meta name=\"twitter:title\" content=\"Affiche Product Template | Poster Suisse La Jonx\" \/>\n<meta name=\"twitter:label1\" content=\"Disponibilit\u00e0\" \/>\n\t<meta name=\"twitter:data1\" content=\"In stock\" \/>\n<script type=\"application\/ld+json\" class=\"yoast-schema-graph\">{\"@context\":\"https:\\\/\\\/schema.org\",\"@graph\":[{\"@type\":\"WebPage\",\"@id\":\"https:\\\/\\\/www.la-jonx.ch\\\/it\\\/shop-it\\\/poster\\\/confoederatio-helvetica\\\/\",\"url\":\"https:\\\/\\\/www.la-jonx.ch\\\/it\\\/shop-it\\\/poster\\\/confoederatio-helvetica\\\/\",\"name\":\"Affiche de Confoederatio Helvetica | Poster Suisse Fait Main\",\"isPartOf\":{\"@id\":\"https:\\\/\\\/www.la-jonx.ch\\\/it\\\/#website\"},\"primaryImageOfPage\":{\"@id\":\"https:\\\/\\\/www.la-jonx.ch\\\/it\\\/shop-it\\\/poster\\\/confoederatio-helvetica\\\/#primaryimage\"},\"image\":{\"@id\":\"https:\\\/\\\/www.la-jonx.ch\\\/it\\\/shop-it\\\/poster\\\/confoederatio-helvetica\\\/#primaryimage\"},\"thumbnailUrl\":\"https:\\\/\\\/www.la-jonx.ch\\\/wp-content\\\/uploads\\\/2025\\\/11\\\/3Swiss-poster-Affiche-La-Jonx-copieBPI-30x40_Bern-Confoederatio-Helvetica.jpg\",\"datePublished\":\"2025-11-21T17:36:56+00:00\",\"dateModified\":\"2026-04-13T14:10:23+00:00\",\"description\":\"Poster de Confoederatio Helvetica, affiche suisse dessin\u00e9e \u00e0 la main \u00e0 Gen\u00e8ve. Imprim\u00e9 en Suisse. Id\u00e9al comme cadeau suisse ou d\u00e9coration murale unique.\",\"breadcrumb\":{\"@id\":\"https:\\\/\\\/www.la-jonx.ch\\\/it\\\/shop-it\\\/poster\\\/confoederatio-helvetica\\\/#breadcrumb\"},\"inLanguage\":\"it-IT\",\"potentialAction\":[{\"@type\":\"ReadAction\",\"target\":[\"https:\\\/\\\/www.la-jonx.ch\\\/it\\\/shop-it\\\/poster\\\/confoederatio-helvetica\\\/\"]}]},{\"@type\":\"ImageObject\",\"inLanguage\":\"it-IT\",\"@id\":\"https:\\\/\\\/www.la-jonx.ch\\\/it\\\/shop-it\\\/poster\\\/confoederatio-helvetica\\\/#primaryimage\",\"url\":\"https:\\\/\\\/www.la-jonx.ch\\\/wp-content\\\/uploads\\\/2025\\\/11\\\/3Swiss-poster-Affiche-La-Jonx-copieBPI-30x40_Bern-Confoederatio-Helvetica.jpg\",\"contentUrl\":\"https:\\\/\\\/www.la-jonx.ch\\\/wp-content\\\/uploads\\\/2025\\\/11\\\/3Swiss-poster-Affiche-La-Jonx-copieBPI-30x40_Bern-Confoederatio-Helvetica.jpg\",\"width\":1466,\"height\":1728,\"caption\":\"Screenshot\"},{\"@type\":\"BreadcrumbList\",\"@id\":\"https:\\\/\\\/www.la-jonx.ch\\\/it\\\/shop-it\\\/poster\\\/confoederatio-helvetica\\\/#breadcrumb\",\"itemListElement\":[{\"@type\":\"ListItem\",\"position\":1,\"name\":\"Accueil\",\"item\":\"https:\\\/\\\/www.la-jonx.ch\\\/it\\\/\"},{\"@type\":\"ListItem\",\"position\":2,\"name\":\"e-Shop\",\"item\":\"https:\\\/\\\/www.la-jonx.ch\\\/e-shop\\\/?lang=it\"},{\"@type\":\"ListItem\",\"position\":3,\"name\":\"Poster\",\"item\":\"https:\\\/\\\/www.la-jonx.ch\\\/it\\\/categoria-prodotto\\\/poster\\\/\"},{\"@type\":\"ListItem\",\"position\":4,\"name\":\"Confoederatio Helvetica\"}]},{\"@type\":\"WebSite\",\"@id\":\"https:\\\/\\\/www.la-jonx.ch\\\/it\\\/#website\",\"url\":\"https:\\\/\\\/www.la-jonx.ch\\\/it\\\/\",\"name\":\"La Jonx\",\"description\":\"Posters svizzeri\",\"publisher\":{\"@id\":\"https:\\\/\\\/www.la-jonx.ch\\\/it\\\/#organization\"},\"potentialAction\":[{\"@type\":\"SearchAction\",\"target\":{\"@type\":\"EntryPoint\",\"urlTemplate\":\"https:\\\/\\\/www.la-jonx.ch\\\/it\\\/?s={search_term_string}\"},\"query-input\":{\"@type\":\"PropertyValueSpecification\",\"valueRequired\":true,\"valueName\":\"search_term_string\"}}],\"inLanguage\":\"it-IT\"},{\"@type\":\"Organization\",\"@id\":\"https:\\\/\\\/www.la-jonx.ch\\\/it\\\/#organization\",\"name\":\"La Jonx\",\"url\":\"https:\\\/\\\/www.la-jonx.ch\\\/it\\\/\",\"logo\":{\"@type\":\"ImageObject\",\"inLanguage\":\"it-IT\",\"@id\":\"https:\\\/\\\/www.la-jonx.ch\\\/it\\\/#\\\/schema\\\/logo\\\/image\\\/\",\"url\":\"https:\\\/\\\/www.la-jonx.ch\\\/wp-content\\\/uploads\\\/2021\\\/09\\\/logo-la-jonx-atzelier-graphique.png\",\"contentUrl\":\"https:\\\/\\\/www.la-jonx.ch\\\/wp-content\\\/uploads\\\/2021\\\/09\\\/logo-la-jonx-atzelier-graphique.png\",\"width\":378,\"height\":129,\"caption\":\"La Jonx\"},\"image\":{\"@id\":\"https:\\\/\\\/www.la-jonx.ch\\\/it\\\/#\\\/schema\\\/logo\\\/image\\\/\"},\"sameAs\":[\"https:\\\/\\\/www.facebook.com\\\/lajonx.ch\",\"https:\\\/\\\/www.instagram.com\\\/lajonx.ch\\\/?hl=fr\"]}]}<\/script>\n<meta property=\"og:availability\" content=\"instock\" \/>\n<meta property=\"product:availability\" content=\"instock\" \/>\n<meta property=\"product:condition\" content=\"new\" \/>\n<!-- \/ Yoast SEO Premium plugin. -->","yoast_head_json":{"title":"Affiche de Confoederatio Helvetica | Poster Suisse Fait Main","description":"Poster de Confoederatio Helvetica, affiche suisse dessin\u00e9e \u00e0 la main \u00e0 Gen\u00e8ve. Imprim\u00e9 en Suisse. Id\u00e9al comme cadeau suisse ou d\u00e9coration murale unique.","robots":{"index":"index","follow":"follow","max-snippet":"max-snippet:-1","max-image-preview":"max-image-preview:large","max-video-preview":"max-video-preview:-1"},"canonical":"https:\/\/www.la-jonx.ch\/it\/shop-it\/poster\/confoederatio-helvetica\/","og_locale":"it_IT","og_type":"article","og_title":"Affiche Product Template | Poster Suisse La Jonx","og_description":"Poster de Confoederatio Helvetica, affiche suisse dessin\u00e9e \u00e0 la main \u00e0 Gen\u00e8ve. Imprim\u00e9 en Suisse. Id\u00e9al comme cadeau suisse ou d\u00e9coration murale unique.","og_url":"https:\/\/www.la-jonx.ch\/it\/shop-it\/poster\/confoederatio-helvetica\/","og_site_name":"La Jonx","article_publisher":"https:\/\/www.facebook.com\/lajonx.ch","article_modified_time":"2026-04-13T14:10:23+00:00","og_image":[{"width":1466,"height":1728,"url":"https:\/\/www.la-jonx.ch\/wp-content\/uploads\/2025\/11\/3Swiss-poster-Affiche-La-Jonx-copieBPI-30x40_Bern-Confoederatio-Helvetica.jpg","type":"image\/jpeg"}],"twitter_card":"summary_large_image","twitter_title":"Affiche Product Template | Poster Suisse La Jonx","twitter_misc":{"Disponibilit\u00e0":"In stock"},"schema":{"@context":"https:\/\/schema.org","@graph":[{"@type":"WebPage","@id":"https:\/\/www.la-jonx.ch\/it\/shop-it\/poster\/confoederatio-helvetica\/","url":"https:\/\/www.la-jonx.ch\/it\/shop-it\/poster\/confoederatio-helvetica\/","name":"Affiche de Confoederatio Helvetica | Poster Suisse Fait Main","isPartOf":{"@id":"https:\/\/www.la-jonx.ch\/it\/#website"},"primaryImageOfPage":{"@id":"https:\/\/www.la-jonx.ch\/it\/shop-it\/poster\/confoederatio-helvetica\/#primaryimage"},"image":{"@id":"https:\/\/www.la-jonx.ch\/it\/shop-it\/poster\/confoederatio-helvetica\/#primaryimage"},"thumbnailUrl":"https:\/\/www.la-jonx.ch\/wp-content\/uploads\/2025\/11\/3Swiss-poster-Affiche-La-Jonx-copieBPI-30x40_Bern-Confoederatio-Helvetica.jpg","datePublished":"2025-11-21T17:36:56+00:00","dateModified":"2026-04-13T14:10:23+00:00","description":"Poster de Confoederatio Helvetica, affiche suisse dessin\u00e9e \u00e0 la main \u00e0 Gen\u00e8ve. Imprim\u00e9 en Suisse. Id\u00e9al comme cadeau suisse ou d\u00e9coration murale unique.","breadcrumb":{"@id":"https:\/\/www.la-jonx.ch\/it\/shop-it\/poster\/confoederatio-helvetica\/#breadcrumb"},"inLanguage":"it-IT","potentialAction":[{"@type":"ReadAction","target":["https:\/\/www.la-jonx.ch\/it\/shop-it\/poster\/confoederatio-helvetica\/"]}]},{"@type":"ImageObject","inLanguage":"it-IT","@id":"https:\/\/www.la-jonx.ch\/it\/shop-it\/poster\/confoederatio-helvetica\/#primaryimage","url":"https:\/\/www.la-jonx.ch\/wp-content\/uploads\/2025\/11\/3Swiss-poster-Affiche-La-Jonx-copieBPI-30x40_Bern-Confoederatio-Helvetica.jpg","contentUrl":"https:\/\/www.la-jonx.ch\/wp-content\/uploads\/2025\/11\/3Swiss-poster-Affiche-La-Jonx-copieBPI-30x40_Bern-Confoederatio-Helvetica.jpg","width":1466,"height":1728,"caption":"Screenshot"},{"@type":"BreadcrumbList","@id":"https:\/\/www.la-jonx.ch\/it\/shop-it\/poster\/confoederatio-helvetica\/#breadcrumb","itemListElement":[{"@type":"ListItem","position":1,"name":"Accueil","item":"https:\/\/www.la-jonx.ch\/it\/"},{"@type":"ListItem","position":2,"name":"e-Shop","item":"https:\/\/www.la-jonx.ch\/e-shop\/?lang=it"},{"@type":"ListItem","position":3,"name":"Poster","item":"https:\/\/www.la-jonx.ch\/it\/categoria-prodotto\/poster\/"},{"@type":"ListItem","position":4,"name":"Confoederatio Helvetica"}]},{"@type":"WebSite","@id":"https:\/\/www.la-jonx.ch\/it\/#website","url":"https:\/\/www.la-jonx.ch\/it\/","name":"La Jonx","description":"Posters svizzeri","publisher":{"@id":"https:\/\/www.la-jonx.ch\/it\/#organization"},"potentialAction":[{"@type":"SearchAction","target":{"@type":"EntryPoint","urlTemplate":"https:\/\/www.la-jonx.ch\/it\/?s={search_term_string}"},"query-input":{"@type":"PropertyValueSpecification","valueRequired":true,"valueName":"search_term_string"}}],"inLanguage":"it-IT"},{"@type":"Organization","@id":"https:\/\/www.la-jonx.ch\/it\/#organization","name":"La Jonx","url":"https:\/\/www.la-jonx.ch\/it\/","logo":{"@type":"ImageObject","inLanguage":"it-IT","@id":"https:\/\/www.la-jonx.ch\/it\/#\/schema\/logo\/image\/","url":"https:\/\/www.la-jonx.ch\/wp-content\/uploads\/2021\/09\/logo-la-jonx-atzelier-graphique.png","contentUrl":"https:\/\/www.la-jonx.ch\/wp-content\/uploads\/2021\/09\/logo-la-jonx-atzelier-graphique.png","width":378,"height":129,"caption":"La Jonx"},"image":{"@id":"https:\/\/www.la-jonx.ch\/it\/#\/schema\/logo\/image\/"},"sameAs":["https:\/\/www.facebook.com\/lajonx.ch","https:\/\/www.instagram.com\/lajonx.ch\/?hl=fr"]}]},"og_availability":"instock","product_availability":"instock","product_condition":"new"},"additional_image_1":"https:\/\/www.la-jonx.ch\/wp-content\/uploads\/2025\/11\/25Salon-Poster-SuisseBPI-30x40_Bern-Confoederatio-Helvetica.jpg","additional_image_2":"https:\/\/www.la-jonx.ch\/wp-content\/uploads\/2025\/11\/14Enveloppe-Affiche-SuisseBPI-30x40_Bern-Confoederatio-Helvetica.jpg","uagb_featured_image_src":{"full":["https:\/\/www.la-jonx.ch\/wp-content\/uploads\/2025\/11\/3Swiss-poster-Affiche-La-Jonx-copieBPI-30x40_Bern-Confoederatio-Helvetica.jpg",1466,1728,false],"thumbnail":["https:\/\/www.la-jonx.ch\/wp-content\/uploads\/2025\/11\/3Swiss-poster-Affiche-La-Jonx-copieBPI-30x40_Bern-Confoederatio-Helvetica-150x150.jpg",150,150,true],"medium":["https:\/\/www.la-jonx.ch\/wp-content\/uploads\/2025\/11\/3Swiss-poster-Affiche-La-Jonx-copieBPI-30x40_Bern-Confoederatio-Helvetica-255x300.jpg",255,300,true],"medium_large":["https:\/\/www.la-jonx.ch\/wp-content\/uploads\/2025\/11\/3Swiss-poster-Affiche-La-Jonx-copieBPI-30x40_Bern-Confoederatio-Helvetica-768x905.jpg",768,905,true],"large":["https:\/\/www.la-jonx.ch\/wp-content\/uploads\/2025\/11\/3Swiss-poster-Affiche-La-Jonx-copieBPI-30x40_Bern-Confoederatio-Helvetica-869x1024.jpg",869,1024,true],"1536x1536":["https:\/\/www.la-jonx.ch\/wp-content\/uploads\/2025\/11\/3Swiss-poster-Affiche-La-Jonx-copieBPI-30x40_Bern-Confoederatio-Helvetica-1303x1536.jpg",1303,1536,true],"2048x2048":["https:\/\/www.la-jonx.ch\/wp-content\/uploads\/2025\/11\/3Swiss-poster-Affiche-La-Jonx-copieBPI-30x40_Bern-Confoederatio-Helvetica.jpg",1466,1728,false],"woocommerce_thumbnail":["https:\/\/www.la-jonx.ch\/wp-content\/uploads\/2025\/11\/3Swiss-poster-Affiche-La-Jonx-copieBPI-30x40_Bern-Confoederatio-Helvetica-350x420.jpg",350,420,true],"woocommerce_single":["https:\/\/www.la-jonx.ch\/wp-content\/uploads\/2025\/11\/3Swiss-poster-Affiche-La-Jonx-copieBPI-30x40_Bern-Confoederatio-Helvetica-510x601.jpg",510,601,true],"woocommerce_gallery_thumbnail":["https:\/\/www.la-jonx.ch\/wp-content\/uploads\/2025\/11\/3Swiss-poster-Affiche-La-Jonx-copieBPI-30x40_Bern-Confoederatio-Helvetica-100x100.jpg",100,100,true],"dgwt-wcas-product-suggestion":["https:\/\/www.la-jonx.ch\/wp-content\/uploads\/2025\/11\/3Swiss-poster-Affiche-La-Jonx-copieBPI-30x40_Bern-Confoederatio-Helvetica.jpg",64,75,false]},"uagb_author_info":{"display_name":"L'atelier La Jonx","author_link":"https:\/\/www.la-jonx.ch\/it\/author\/"},"uagb_comment_info":0,"uagb_excerpt":"Cette affiche de Confoederatio Helvetica est une cr\u00e9ation originale, dessin\u00e9e \u00e0 la main et imprim\u00e9e en Suisse sur du papier de qualit\u00e9. Le cadeau qui fera sourire.La Conf\u00e9d\u00e9ration helv\u00e9tique et son Palais f\u00e9d\u00e9ral. Berne, capitale discr\u00e8te d'un pays qui cultive l'art du consensus.[block id='affiches-short-description-addon']","_links":{"self":[{"href":"https:\/\/www.la-jonx.ch\/it\/wp-json\/wp\/v2\/product\/41443","targetHints":{"allow":["GET"]}}],"collection":[{"href":"https:\/\/www.la-jonx.ch\/it\/wp-json\/wp\/v2\/product"}],"about":[{"href":"https:\/\/www.la-jonx.ch\/it\/wp-json\/wp\/v2\/types\/product"}],"wp:featuredmedia":[{"embeddable":true,"href":"https:\/\/www.la-jonx.ch\/it\/wp-json\/wp\/v2\/media\/41901"}],"wp:attachment":[{"href":"https:\/\/www.la-jonx.ch\/it\/wp-json\/wp\/v2\/media?parent=41443"}],"wp:term":[{"taxonomy":"product_brand","embeddable":true,"href":"https:\/\/www.la-jonx.ch\/it\/wp-json\/wp\/v2\/product_brand?post=41443"},{"taxonomy":"product_cat","embeddable":true,"href":"https:\/\/www.la-jonx.ch\/it\/wp-json\/wp\/v2\/product_cat?post=41443"},{"taxonomy":"product_tag","embeddable":true,"href":"https:\/\/www.la-jonx.ch\/it\/wp-json\/wp\/v2\/product_tag?post=41443"}],"curies":[{"name":"wp","href":"https:\/\/api.w.org\/{rel}","templated":true}]}}