{"id":46175,"date":"2026-03-22T14:27:40","date_gmt":"2026-03-22T13:27:40","guid":{"rendered":"https:\/\/www.la-jonx.ch\/?post_type=product&#038;p=46175"},"modified":"2026-04-13T16:47:30","modified_gmt":"2026-04-13T14:47:30","slug":"mini-puzzle-switzerland","status":"publish","type":"product","link":"https:\/\/www.la-jonx.ch\/it\/shop-it\/articoli-di-cancelleria\/giochi\/mini-puzzle-switzerland\/","title":{"rendered":"Mini puzzle Switzerland"},"content":{"rendered":"<h3>Mini puzzle Switzerland \u2014 puzzle suisse originale<\/h3>\n<p>Un design original La Jonx. Ce Mini puzzle Switzerland est con\u00e7u avec le m\u00eame soin que toutes nos cr\u00e9ations. Un cadeau suisse original qui sort de l&#8217;ordinaire.<\/p>\n<blockquote><p><em>\u00ab 150 pi\u00e8ces \u00e0 assembler pour red\u00e9couvrir le Cervin, ic\u00f4ne de Suisse. Un d\u00e9fi miniature, un plaisir immense. \u00bb<\/em><\/p><\/blockquote>\n<h3>Caract\u00e9ristiques<\/h3>\n<ul>\n<li>Design original \u2014 La Jonx, Gen\u00e8ve<\/li>\n<\/ul>\n","protected":false},"excerpt":{"rendered":"<p class=\"product-intro\">Ce puzzle Switzerland est une cr\u00e9ation originale pr\u00e9sentant le Cervin, dessin\u00e9e \u00e0 la main dans notre atelier \u00e0 Gen\u00e8ve. Le cadeau qui fait voyager.<\/p>\n<p class=\"poesie\">150 pi\u00e8ces \u00e0 assembler pour red\u00e9couvrir cette montagne iconique. Un d\u00e9fi miniature, un plaisir immense.<\/p>\n","protected":false},"featured_media":46196,"template":"","meta":{"_uag_custom_page_level_css":""},"product_brand":[],"product_cat":[2600,2601],"product_tag":[],"class_list":{"0":"post-46175","1":"product","2":"type-product","3":"status-publish","4":"has-post-thumbnail","6":"product_cat-concept-store","7":"product_cat-jeux","8":"product_shipping_class-colis","10":"first","11":"instock","12":"shipping-taxable","13":"purchasable","14":"product-type-simple"},"yoast_head":"<!-- This site is optimized with the Yoast SEO Premium plugin v27.5 (Yoast SEO v27.5) - https:\/\/yoast.com\/product\/yoast-seo-premium-wordpress\/ -->\n<title>Puzzle Gen\u00e8ve | Cadeau Suisse Original \ud83c\udde8\ud83c\udded<\/title>\n<meta name=\"description\" content=\"Mini puzzle Gen\u00e8ve \u2014 design suisse original La Jonx. Un cadeau suisse unique et original. Atelier cr\u00e9atif \u00e0 Gen\u00e8ve depuis 2018.\" \/>\n<meta name=\"robots\" content=\"index, follow, max-snippet:-1, max-image-preview:large, max-video-preview:-1\" \/>\n<link rel=\"canonical\" href=\"https:\/\/www.la-jonx.ch\/it\/shop-it\/articoli-di-cancelleria\/giochi\/mini-puzzle-switzerland\/\" \/>\n<meta property=\"og:locale\" content=\"it_IT\" \/>\n<meta property=\"og:type\" content=\"article\" \/>\n<meta property=\"og:title\" content=\"Mini puzzle Switzerland\" \/>\n<meta property=\"og:description\" content=\"Mini puzzle Gen\u00e8ve \u2014 design suisse original La Jonx. Un cadeau suisse unique et original. Atelier cr\u00e9atif \u00e0 Gen\u00e8ve depuis 2018.\" \/>\n<meta property=\"og:url\" content=\"https:\/\/www.la-jonx.ch\/it\/shop-it\/articoli-di-cancelleria\/giochi\/mini-puzzle-switzerland\/\" \/>\n<meta property=\"og:site_name\" content=\"La Jonx\" \/>\n<meta property=\"article:publisher\" content=\"https:\/\/www.facebook.com\/lajonx.ch\" \/>\n<meta property=\"article:modified_time\" content=\"2026-04-13T14:47:30+00:00\" \/>\n<meta property=\"og:image\" content=\"https:\/\/www.la-jonx.ch\/wp-content\/uploads\/2026\/03\/unnamed-1.jpg\" \/>\n\t<meta property=\"og:image:width\" content=\"868\" \/>\n\t<meta property=\"og:image:height\" content=\"1024\" \/>\n\t<meta property=\"og:image:type\" content=\"image\/jpeg\" \/>\n<meta name=\"twitter:card\" content=\"summary_large_image\" \/>\n<meta name=\"twitter:label1\" content=\"Prezzo\" \/>\n\t<meta name=\"twitter:data1\" content=\"&#067;&#072;&#070;&nbsp;12.0\" \/>\n\t<meta name=\"twitter:label2\" content=\"Disponibilit\u00e0\" \/>\n\t<meta name=\"twitter:data2\" content=\"In stock\" \/>\n<script type=\"application\/ld+json\" class=\"yoast-schema-graph\">{\"@context\":\"https:\\\/\\\/schema.org\",\"@graph\":[{\"@type\":\"WebPage\",\"@id\":\"https:\\\/\\\/www.la-jonx.ch\\\/it\\\/shop-it\\\/articoli-di-cancelleria\\\/giochi\\\/mini-puzzle-switzerland\\\/\",\"url\":\"https:\\\/\\\/www.la-jonx.ch\\\/it\\\/shop-it\\\/articoli-di-cancelleria\\\/giochi\\\/mini-puzzle-switzerland\\\/\",\"name\":\"Puzzle Gen\u00e8ve | Cadeau Suisse Original \ud83c\udde8\ud83c\udded\",\"isPartOf\":{\"@id\":\"https:\\\/\\\/www.la-jonx.ch\\\/it\\\/#website\"},\"primaryImageOfPage\":{\"@id\":\"https:\\\/\\\/www.la-jonx.ch\\\/it\\\/shop-it\\\/articoli-di-cancelleria\\\/giochi\\\/mini-puzzle-switzerland\\\/#primaryimage\"},\"image\":{\"@id\":\"https:\\\/\\\/www.la-jonx.ch\\\/it\\\/shop-it\\\/articoli-di-cancelleria\\\/giochi\\\/mini-puzzle-switzerland\\\/#primaryimage\"},\"thumbnailUrl\":\"https:\\\/\\\/www.la-jonx.ch\\\/wp-content\\\/uploads\\\/2026\\\/03\\\/unnamed-1.jpg\",\"datePublished\":\"2026-03-22T13:27:40+00:00\",\"dateModified\":\"2026-04-13T14:47:30+00:00\",\"description\":\"Mini puzzle Gen\u00e8ve \u2014 design suisse original La Jonx. Un cadeau suisse unique et original. Atelier cr\u00e9atif \u00e0 Gen\u00e8ve depuis 2018.\",\"breadcrumb\":{\"@id\":\"https:\\\/\\\/www.la-jonx.ch\\\/it\\\/shop-it\\\/articoli-di-cancelleria\\\/giochi\\\/mini-puzzle-switzerland\\\/#breadcrumb\"},\"inLanguage\":\"it-IT\",\"potentialAction\":[{\"@type\":\"ReadAction\",\"target\":[\"https:\\\/\\\/www.la-jonx.ch\\\/it\\\/shop-it\\\/articoli-di-cancelleria\\\/giochi\\\/mini-puzzle-switzerland\\\/\"]}]},{\"@type\":\"ImageObject\",\"inLanguage\":\"it-IT\",\"@id\":\"https:\\\/\\\/www.la-jonx.ch\\\/it\\\/shop-it\\\/articoli-di-cancelleria\\\/giochi\\\/mini-puzzle-switzerland\\\/#primaryimage\",\"url\":\"https:\\\/\\\/www.la-jonx.ch\\\/wp-content\\\/uploads\\\/2026\\\/03\\\/unnamed-1.jpg\",\"contentUrl\":\"https:\\\/\\\/www.la-jonx.ch\\\/wp-content\\\/uploads\\\/2026\\\/03\\\/unnamed-1.jpg\",\"width\":868,\"height\":1024},{\"@type\":\"BreadcrumbList\",\"@id\":\"https:\\\/\\\/www.la-jonx.ch\\\/it\\\/shop-it\\\/articoli-di-cancelleria\\\/giochi\\\/mini-puzzle-switzerland\\\/#breadcrumb\",\"itemListElement\":[{\"@type\":\"ListItem\",\"position\":1,\"name\":\"Accueil\",\"item\":\"https:\\\/\\\/www.la-jonx.ch\\\/it\\\/\"},{\"@type\":\"ListItem\",\"position\":2,\"name\":\"e-Shop\",\"item\":\"https:\\\/\\\/www.la-jonx.ch\\\/e-shop\\\/?lang=it\"},{\"@type\":\"ListItem\",\"position\":3,\"name\":\"Articoli di cancelleria\",\"item\":\"https:\\\/\\\/www.la-jonx.ch\\\/it\\\/categoria-prodotto\\\/articoli-di-cancelleria\\\/\"},{\"@type\":\"ListItem\",\"position\":4,\"name\":\"Giochi\",\"item\":\"https:\\\/\\\/www.la-jonx.ch\\\/it\\\/categoria-prodotto\\\/articoli-di-cancelleria\\\/giochi\\\/\"},{\"@type\":\"ListItem\",\"position\":5,\"name\":\"Mini puzzle Switzerland\"}]},{\"@type\":\"WebSite\",\"@id\":\"https:\\\/\\\/www.la-jonx.ch\\\/it\\\/#website\",\"url\":\"https:\\\/\\\/www.la-jonx.ch\\\/it\\\/\",\"name\":\"La Jonx\",\"description\":\"Posters svizzeri\",\"publisher\":{\"@id\":\"https:\\\/\\\/www.la-jonx.ch\\\/it\\\/#organization\"},\"potentialAction\":[{\"@type\":\"SearchAction\",\"target\":{\"@type\":\"EntryPoint\",\"urlTemplate\":\"https:\\\/\\\/www.la-jonx.ch\\\/it\\\/?s={search_term_string}\"},\"query-input\":{\"@type\":\"PropertyValueSpecification\",\"valueRequired\":true,\"valueName\":\"search_term_string\"}}],\"inLanguage\":\"it-IT\"},{\"@type\":\"Organization\",\"@id\":\"https:\\\/\\\/www.la-jonx.ch\\\/it\\\/#organization\",\"name\":\"La Jonx\",\"url\":\"https:\\\/\\\/www.la-jonx.ch\\\/it\\\/\",\"logo\":{\"@type\":\"ImageObject\",\"inLanguage\":\"it-IT\",\"@id\":\"https:\\\/\\\/www.la-jonx.ch\\\/it\\\/#\\\/schema\\\/logo\\\/image\\\/\",\"url\":\"https:\\\/\\\/www.la-jonx.ch\\\/wp-content\\\/uploads\\\/2021\\\/09\\\/logo-la-jonx-atzelier-graphique.png\",\"contentUrl\":\"https:\\\/\\\/www.la-jonx.ch\\\/wp-content\\\/uploads\\\/2021\\\/09\\\/logo-la-jonx-atzelier-graphique.png\",\"width\":378,\"height\":129,\"caption\":\"La Jonx\"},\"image\":{\"@id\":\"https:\\\/\\\/www.la-jonx.ch\\\/it\\\/#\\\/schema\\\/logo\\\/image\\\/\"},\"sameAs\":[\"https:\\\/\\\/www.facebook.com\\\/lajonx.ch\",\"https:\\\/\\\/www.instagram.com\\\/lajonx.ch\\\/?hl=fr\"]}]}<\/script>\n<meta property=\"product:price:amount\" content=\"12.0\" \/>\n<meta property=\"product:price:currency\" content=\"CHF\" \/>\n<meta property=\"og:availability\" content=\"instock\" \/>\n<meta property=\"product:availability\" content=\"instock\" \/>\n<meta property=\"product:condition\" content=\"new\" \/>\n<!-- \/ Yoast SEO Premium plugin. -->","yoast_head_json":{"title":"Puzzle Gen\u00e8ve | Cadeau Suisse Original \ud83c\udde8\ud83c\udded","description":"Mini puzzle Gen\u00e8ve \u2014 design suisse original La Jonx. Un cadeau suisse unique et original. Atelier cr\u00e9atif \u00e0 Gen\u00e8ve depuis 2018.","robots":{"index":"index","follow":"follow","max-snippet":"max-snippet:-1","max-image-preview":"max-image-preview:large","max-video-preview":"max-video-preview:-1"},"canonical":"https:\/\/www.la-jonx.ch\/it\/shop-it\/articoli-di-cancelleria\/giochi\/mini-puzzle-switzerland\/","og_locale":"it_IT","og_type":"article","og_title":"Mini puzzle Switzerland","og_description":"Mini puzzle Gen\u00e8ve \u2014 design suisse original La Jonx. Un cadeau suisse unique et original. Atelier cr\u00e9atif \u00e0 Gen\u00e8ve depuis 2018.","og_url":"https:\/\/www.la-jonx.ch\/it\/shop-it\/articoli-di-cancelleria\/giochi\/mini-puzzle-switzerland\/","og_site_name":"La Jonx","article_publisher":"https:\/\/www.facebook.com\/lajonx.ch","article_modified_time":"2026-04-13T14:47:30+00:00","og_image":[{"width":868,"height":1024,"url":"https:\/\/www.la-jonx.ch\/wp-content\/uploads\/2026\/03\/unnamed-1.jpg","type":"image\/jpeg"}],"twitter_card":"summary_large_image","twitter_misc":{"Prezzo":"&#67;&#72;&#70;&nbsp;12.0","Disponibilit\u00e0":"In stock"},"schema":{"@context":"https:\/\/schema.org","@graph":[{"@type":"WebPage","@id":"https:\/\/www.la-jonx.ch\/it\/shop-it\/articoli-di-cancelleria\/giochi\/mini-puzzle-switzerland\/","url":"https:\/\/www.la-jonx.ch\/it\/shop-it\/articoli-di-cancelleria\/giochi\/mini-puzzle-switzerland\/","name":"Puzzle Gen\u00e8ve | Cadeau Suisse Original \ud83c\udde8\ud83c\udded","isPartOf":{"@id":"https:\/\/www.la-jonx.ch\/it\/#website"},"primaryImageOfPage":{"@id":"https:\/\/www.la-jonx.ch\/it\/shop-it\/articoli-di-cancelleria\/giochi\/mini-puzzle-switzerland\/#primaryimage"},"image":{"@id":"https:\/\/www.la-jonx.ch\/it\/shop-it\/articoli-di-cancelleria\/giochi\/mini-puzzle-switzerland\/#primaryimage"},"thumbnailUrl":"https:\/\/www.la-jonx.ch\/wp-content\/uploads\/2026\/03\/unnamed-1.jpg","datePublished":"2026-03-22T13:27:40+00:00","dateModified":"2026-04-13T14:47:30+00:00","description":"Mini puzzle Gen\u00e8ve \u2014 design suisse original La Jonx. Un cadeau suisse unique et original. Atelier cr\u00e9atif \u00e0 Gen\u00e8ve depuis 2018.","breadcrumb":{"@id":"https:\/\/www.la-jonx.ch\/it\/shop-it\/articoli-di-cancelleria\/giochi\/mini-puzzle-switzerland\/#breadcrumb"},"inLanguage":"it-IT","potentialAction":[{"@type":"ReadAction","target":["https:\/\/www.la-jonx.ch\/it\/shop-it\/articoli-di-cancelleria\/giochi\/mini-puzzle-switzerland\/"]}]},{"@type":"ImageObject","inLanguage":"it-IT","@id":"https:\/\/www.la-jonx.ch\/it\/shop-it\/articoli-di-cancelleria\/giochi\/mini-puzzle-switzerland\/#primaryimage","url":"https:\/\/www.la-jonx.ch\/wp-content\/uploads\/2026\/03\/unnamed-1.jpg","contentUrl":"https:\/\/www.la-jonx.ch\/wp-content\/uploads\/2026\/03\/unnamed-1.jpg","width":868,"height":1024},{"@type":"BreadcrumbList","@id":"https:\/\/www.la-jonx.ch\/it\/shop-it\/articoli-di-cancelleria\/giochi\/mini-puzzle-switzerland\/#breadcrumb","itemListElement":[{"@type":"ListItem","position":1,"name":"Accueil","item":"https:\/\/www.la-jonx.ch\/it\/"},{"@type":"ListItem","position":2,"name":"e-Shop","item":"https:\/\/www.la-jonx.ch\/e-shop\/?lang=it"},{"@type":"ListItem","position":3,"name":"Articoli di cancelleria","item":"https:\/\/www.la-jonx.ch\/it\/categoria-prodotto\/articoli-di-cancelleria\/"},{"@type":"ListItem","position":4,"name":"Giochi","item":"https:\/\/www.la-jonx.ch\/it\/categoria-prodotto\/articoli-di-cancelleria\/giochi\/"},{"@type":"ListItem","position":5,"name":"Mini puzzle Switzerland"}]},{"@type":"WebSite","@id":"https:\/\/www.la-jonx.ch\/it\/#website","url":"https:\/\/www.la-jonx.ch\/it\/","name":"La Jonx","description":"Posters svizzeri","publisher":{"@id":"https:\/\/www.la-jonx.ch\/it\/#organization"},"potentialAction":[{"@type":"SearchAction","target":{"@type":"EntryPoint","urlTemplate":"https:\/\/www.la-jonx.ch\/it\/?s={search_term_string}"},"query-input":{"@type":"PropertyValueSpecification","valueRequired":true,"valueName":"search_term_string"}}],"inLanguage":"it-IT"},{"@type":"Organization","@id":"https:\/\/www.la-jonx.ch\/it\/#organization","name":"La Jonx","url":"https:\/\/www.la-jonx.ch\/it\/","logo":{"@type":"ImageObject","inLanguage":"it-IT","@id":"https:\/\/www.la-jonx.ch\/it\/#\/schema\/logo\/image\/","url":"https:\/\/www.la-jonx.ch\/wp-content\/uploads\/2021\/09\/logo-la-jonx-atzelier-graphique.png","contentUrl":"https:\/\/www.la-jonx.ch\/wp-content\/uploads\/2021\/09\/logo-la-jonx-atzelier-graphique.png","width":378,"height":129,"caption":"La Jonx"},"image":{"@id":"https:\/\/www.la-jonx.ch\/it\/#\/schema\/logo\/image\/"},"sameAs":["https:\/\/www.facebook.com\/lajonx.ch","https:\/\/www.instagram.com\/lajonx.ch\/?hl=fr"]}]},"product_price_amount":"12.0","product_price_currency":"CHF","og_availability":"instock","product_availability":"instock","product_condition":"new"},"additional_image_1":null,"additional_image_2":null,"uagb_featured_image_src":{"full":["https:\/\/www.la-jonx.ch\/wp-content\/uploads\/2026\/03\/unnamed-1.jpg",868,1024,false],"thumbnail":["https:\/\/www.la-jonx.ch\/wp-content\/uploads\/2026\/03\/unnamed-1-150x150.jpg",150,150,true],"medium":["https:\/\/www.la-jonx.ch\/wp-content\/uploads\/2026\/03\/unnamed-1-254x300.jpg",254,300,true],"medium_large":["https:\/\/www.la-jonx.ch\/wp-content\/uploads\/2026\/03\/unnamed-1-768x906.jpg",768,906,true],"large":["https:\/\/www.la-jonx.ch\/wp-content\/uploads\/2026\/03\/unnamed-1.jpg",868,1024,false],"1536x1536":["https:\/\/www.la-jonx.ch\/wp-content\/uploads\/2026\/03\/unnamed-1.jpg",868,1024,false],"2048x2048":["https:\/\/www.la-jonx.ch\/wp-content\/uploads\/2026\/03\/unnamed-1.jpg",868,1024,false],"woocommerce_thumbnail":["https:\/\/www.la-jonx.ch\/wp-content\/uploads\/2026\/03\/unnamed-1-350x420.jpg",350,420,true],"woocommerce_single":["https:\/\/www.la-jonx.ch\/wp-content\/uploads\/2026\/03\/unnamed-1-510x602.jpg",510,602,true],"woocommerce_gallery_thumbnail":["https:\/\/www.la-jonx.ch\/wp-content\/uploads\/2026\/03\/unnamed-1-100x100.jpg",100,100,true],"dgwt-wcas-product-suggestion":["https:\/\/www.la-jonx.ch\/wp-content\/uploads\/2026\/03\/unnamed-1-64x76.jpg",64,76,true]},"uagb_author_info":{"display_name":"L'atelier La Jonx","author_link":"https:\/\/www.la-jonx.ch\/it\/author\/"},"uagb_comment_info":0,"uagb_excerpt":"Ce puzzle Switzerland est une cr\u00e9ation originale pr\u00e9sentant le Cervin, dessin\u00e9e \u00e0 la main dans notre atelier \u00e0 Gen\u00e8ve. Le cadeau qui fait voyager. 150 pi\u00e8ces \u00e0 assembler pour red\u00e9couvrir cette montagne iconique. Un d\u00e9fi miniature, un plaisir immense.","_links":{"self":[{"href":"https:\/\/www.la-jonx.ch\/it\/wp-json\/wp\/v2\/product\/46175","targetHints":{"allow":["GET"]}}],"collection":[{"href":"https:\/\/www.la-jonx.ch\/it\/wp-json\/wp\/v2\/product"}],"about":[{"href":"https:\/\/www.la-jonx.ch\/it\/wp-json\/wp\/v2\/types\/product"}],"wp:featuredmedia":[{"embeddable":true,"href":"https:\/\/www.la-jonx.ch\/it\/wp-json\/wp\/v2\/media\/46196"}],"wp:attachment":[{"href":"https:\/\/www.la-jonx.ch\/it\/wp-json\/wp\/v2\/media?parent=46175"}],"wp:term":[{"taxonomy":"product_brand","embeddable":true,"href":"https:\/\/www.la-jonx.ch\/it\/wp-json\/wp\/v2\/product_brand?post=46175"},{"taxonomy":"product_cat","embeddable":true,"href":"https:\/\/www.la-jonx.ch\/it\/wp-json\/wp\/v2\/product_cat?post=46175"},{"taxonomy":"product_tag","embeddable":true,"href":"https:\/\/www.la-jonx.ch\/it\/wp-json\/wp\/v2\/product_tag?post=46175"}],"curies":[{"name":"wp","href":"https:\/\/api.w.org\/{rel}","templated":true}]}}